{"id":15281,"date":"2025-06-10T15:54:58","date_gmt":"2025-06-10T15:54:58","guid":{"rendered":"https:\/\/vitablanca.ma\/product\/acm-sebionex-gel-nettoyant-visage-et-corps-peaux-grasses-a-imperfections\/"},"modified":"2025-06-10T15:54:58","modified_gmt":"2025-06-10T15:54:58","slug":"acm-sebionex-gel-nettoyant-visage-et-corps-peaux-grasses-a-imperfections","status":"publish","type":"product","link":"https:\/\/vitablanca.ma\/ar\/product-2\/acm-sebionex-gel-nettoyant-visage-et-corps-peaux-grasses-a-imperfections\/","title":{"rendered":"\u062c\u0644 \u0627\u0644\u062a\u0646\u0638\u064a\u0641 ACM S\u00e9bionex \u0644\u0644\u0648\u062c\u0647 \u0648\u0627\u0644\u062c\u0633\u0645 \u0644\u0644\u0628\u0634\u0631\u0629 \u0627\u0644\u062f\u0647\u0646\u064a\u0629 \u0630\u0627\u062a \u0627\u0644\u0639\u064a\u0648\u0628"},"content":{"rendered":"<h2 data-mce-fragment=\"1\"><strong data-mce-fragment=\"1\">\u062c\u0644 \u0627\u0644\u062a\u0646\u0638\u064a\u0641 ACM S\u00e9bionex \u0644\u0644\u0648\u062c\u0647 \u0648\u0627\u0644\u062c\u0633\u0645 \u0644\u0644\u0628\u0634\u0631\u0629 \u0627\u0644\u062f\u0647\u0646\u064a\u0629 \u0630\u0627\u062a \u0627\u0644\u0639\u064a\u0648\u0628 <span data-mce-fragment=\"1\">nettoie le visage sans dess\u00e9cher<\/span><\/strong><\/h2>\n<p data-mce-fragment=\"1\"><strong data-mce-fragment=\"1\">LES PEAUX MIXTES \u00c0 GRASSES SE CARACT\u00c9RISENT PAR UN EXC\u00c8S DE PRODUCTION DE S\u00c9BUM QUI BROUILLE LE TEINT, BOUCHE LES PORES ET CR\u00c9\u00c9 DES IMPERFECTIONS TELLES QUE POINTS NOIRS ET PAPULES.<\/strong><\/p>\n<p data-mce-fragment=\"1\">Le gel nettoyant S\u00e9bionex nettoie le visage sans dess\u00e9cher tout en \u00e9liminant cet exc\u00e8s de s\u00e9bum. Il respecte le film hydrolipidique de la peau gr\u00e2ce \u00e0 une association de bases lavantes douces sans savon et exfolie en douceur. Le teint retrouve sa nettet\u00e9.<\/p>\n<h3 data-mce-fragment=\"1\">\u064a\u0633\u062a\u062e\u062f\u0645<\/h3>\n<p>Appliquer le gel nettoyant S\u00e9bionex matin et soir sur une peau humide, faire mousser, rincer abondamment puis s\u00e9cher. En cas de contact avec les yeux, rincer soigneusement \u00e0 l\u2019eau.<\/p>\n<p>Visage et corps<\/p>","protected":false},"excerpt":{"rendered":"<p>Acm S\u00e9bionex Gel Nettoyant Visage Et Corps Peaux Grasses \u00c0 Imperfections nettoie le visage sans dess\u00e9cher LES PEAUX MIXTES \u00c0 GRASSES SE CARACT\u00c9RISENT PAR UN EXC\u00c8S DE PRODUCTION DE S\u00c9BUM QUI BROUILLE LE TEINT, BOUCHE LES PORES ET CR\u00c9\u00c9 DES IMPERFECTIONS TELLES QUE POINTS NOIRS ET PAPULES. Le gel nettoyant S\u00e9bionex nettoie le visage sans [&hellip;]<\/p>\n","protected":false},"featured_media":15278,"template":"","meta":{"om_disable_all_campaigns":false},"product_brand":[],"product_cat":[15],"product_tag":[],"class_list":{"0":"post-15281","1":"product","2":"type-product","3":"status-publish","4":"has-post-thumbnail","6":"product_cat-beaute-sante-complements-alimentaires-soins-et-bien-etre-au-meilleur-prix","8":"first","9":"instock","10":"sale","11":"taxable","12":"shipping-taxable","13":"purchasable","14":"product-type-simple"},"yoast_head":"<!-- This site is optimized with the Yoast SEO plugin v27.4 - https:\/\/yoast.com\/product\/yoast-seo-wordpress\/ -->\n<title>Acm S\u00e9bionex Gel Nettoyant Visage Et Corps Peaux Grasses \u00c0 Imperfections - Maroc Prix<\/title>\n<meta name=\"description\" content=\"Acm S\u00e9bionex Gel Nettoyant Visage Et Corps Peaux Grasses \u00c0 Imperfections\" \/>\n<meta name=\"robots\" content=\"index, follow, max-snippet:-1, max-image-preview:large, max-video-preview:-1\" \/>\n<link rel=\"canonical\" href=\"https:\/\/vitablanca.ma\/ar\/product-2\/acm-sebionex-gel-nettoyant-visage-et-corps-peaux-grasses-a-imperfections\/\" \/>\n<meta property=\"og:locale\" content=\"ar_AR\" \/>\n<meta property=\"og:type\" content=\"article\" \/>\n<meta property=\"og:title\" content=\"Acm S\u00e9bionex Gel Nettoyant Visage Et Corps Peaux Grasses \u00c0 Imperfections - Maroc Prix\" \/>\n<meta property=\"og:description\" content=\"Acm S\u00e9bionex Gel Nettoyant Visage Et Corps Peaux Grasses \u00c0 Imperfections\" \/>\n<meta property=\"og:url\" content=\"https:\/\/vitablanca.ma\/ar\/product-2\/acm-sebionex-gel-nettoyant-visage-et-corps-peaux-grasses-a-imperfections\/\" \/>\n<meta property=\"og:site_name\" content=\"Vitablanca.ma &ndash; Sant&eacute;, vitalit&eacute; et bien-&ecirc;tre pour tous les Marocains\" \/>\n<meta property=\"article:publisher\" content=\"https:\/\/www.facebook.com\/profile.php?id=61576678196717\" \/>\n<meta property=\"og:image\" content=\"https:\/\/vitablanca.ma\/wp-content\/uploads\/2025\/06\/Acm-Sebionex-Gel-Nettoyant-Visage-Et-Corps-Peaux-Grasses-A-Imperfections-200ml-nova-parapharmacie-maroc.jpg\" \/>\n\t<meta property=\"og:image:width\" content=\"1000\" \/>\n\t<meta property=\"og:image:height\" content=\"1000\" \/>\n\t<meta property=\"og:image:type\" content=\"image\/jpeg\" \/>\n<meta name=\"twitter:card\" content=\"summary_large_image\" \/>\n<meta name=\"twitter:label1\" content=\"\u0648\u0642\u062a \u0627\u0644\u0642\u0631\u0627\u0621\u0629 \u0627\u0644\u0645\u064f\u0642\u062f\u0651\u0631\" \/>\n\t<meta name=\"twitter:data1\" content=\"\u062f\u0642\u064a\u0642\u0629 \u0648\u0627\u062d\u062f\u0629\" \/>\n<script type=\"application\/ld+json\" class=\"yoast-schema-graph\">{\"@context\":\"https:\\\/\\\/schema.org\",\"@graph\":[{\"@type\":[\"WebPage\",\"ItemPage\"],\"@id\":\"https:\\\/\\\/vitablanca.ma\\\/produit\\\/acm-sebionex-gel-nettoyant-visage-et-corps-peaux-grasses-a-imperfections\\\/\",\"url\":\"https:\\\/\\\/vitablanca.ma\\\/produit\\\/acm-sebionex-gel-nettoyant-visage-et-corps-peaux-grasses-a-imperfections\\\/\",\"name\":\"Acm S\u00e9bionex Gel Nettoyant Visage Et Corps Peaux Grasses \u00c0 Imperfections - Maroc Prix\",\"isPartOf\":{\"@id\":\"https:\\\/\\\/vitablanca.ma\\\/#website\"},\"primaryImageOfPage\":{\"@id\":\"https:\\\/\\\/vitablanca.ma\\\/produit\\\/acm-sebionex-gel-nettoyant-visage-et-corps-peaux-grasses-a-imperfections\\\/#primaryimage\"},\"image\":{\"@id\":\"https:\\\/\\\/vitablanca.ma\\\/produit\\\/acm-sebionex-gel-nettoyant-visage-et-corps-peaux-grasses-a-imperfections\\\/#primaryimage\"},\"thumbnailUrl\":\"https:\\\/\\\/vitablanca.ma\\\/wp-content\\\/uploads\\\/2025\\\/06\\\/Acm-Sebionex-Gel-Nettoyant-Visage-Et-Corps-Peaux-Grasses-A-Imperfections-200ml-nova-parapharmacie-maroc.jpg\",\"datePublished\":\"2025-06-10T15:54:58+00:00\",\"description\":\"Acm S\u00e9bionex Gel Nettoyant Visage Et Corps Peaux Grasses \u00c0 Imperfections\",\"breadcrumb\":{\"@id\":\"https:\\\/\\\/vitablanca.ma\\\/produit\\\/acm-sebionex-gel-nettoyant-visage-et-corps-peaux-grasses-a-imperfections\\\/#breadcrumb\"},\"inLanguage\":\"ar\",\"potentialAction\":[{\"@type\":\"ReadAction\",\"target\":[\"https:\\\/\\\/vitablanca.ma\\\/produit\\\/acm-sebionex-gel-nettoyant-visage-et-corps-peaux-grasses-a-imperfections\\\/\"]}]},{\"@type\":\"ImageObject\",\"inLanguage\":\"ar\",\"@id\":\"https:\\\/\\\/vitablanca.ma\\\/produit\\\/acm-sebionex-gel-nettoyant-visage-et-corps-peaux-grasses-a-imperfections\\\/#primaryimage\",\"url\":\"https:\\\/\\\/vitablanca.ma\\\/wp-content\\\/uploads\\\/2025\\\/06\\\/Acm-Sebionex-Gel-Nettoyant-Visage-Et-Corps-Peaux-Grasses-A-Imperfections-200ml-nova-parapharmacie-maroc.jpg\",\"contentUrl\":\"https:\\\/\\\/vitablanca.ma\\\/wp-content\\\/uploads\\\/2025\\\/06\\\/Acm-Sebionex-Gel-Nettoyant-Visage-Et-Corps-Peaux-Grasses-A-Imperfections-200ml-nova-parapharmacie-maroc.jpg\",\"width\":1000,\"height\":1000},{\"@type\":\"BreadcrumbList\",\"@id\":\"https:\\\/\\\/vitablanca.ma\\\/produit\\\/acm-sebionex-gel-nettoyant-visage-et-corps-peaux-grasses-a-imperfections\\\/#breadcrumb\",\"itemListElement\":[{\"@type\":\"ListItem\",\"position\":1,\"name\":\"Home\",\"item\":\"https:\\\/\\\/vitablanca.ma\\\/\"},{\"@type\":\"ListItem\",\"position\":2,\"name\":\"Tous Les Produits\",\"item\":\"https:\\\/\\\/vitablanca.ma\\\/tous-les-produits\\\/\"},{\"@type\":\"ListItem\",\"position\":3,\"name\":\"Acm S\u00e9bionex Gel Nettoyant Visage Et Corps Peaux Grasses \u00c0 Imperfections\"}]},{\"@type\":\"WebSite\",\"@id\":\"https:\\\/\\\/vitablanca.ma\\\/#website\",\"url\":\"https:\\\/\\\/vitablanca.ma\\\/\",\"name\":\"VitaBlanca.ma | Compl\u00e9ments alimentaires, sant\u00e9 & beaut\u00e9 au Maroc\",\"description\":\"vendre vitamines et compl\u00e9ments premium des USA &amp; Canada, Nouvelle Z\u00e9lande,Maroc (NOW Foods, Solgar, Manuka). Livraison rapide partout au Maroc.\",\"publisher\":{\"@id\":\"https:\\\/\\\/vitablanca.ma\\\/#organization\"},\"alternateName\":\"VitaBlanca.ma\",\"potentialAction\":[{\"@type\":\"SearchAction\",\"target\":{\"@type\":\"EntryPoint\",\"urlTemplate\":\"https:\\\/\\\/vitablanca.ma\\\/?s={search_term_string}\"},\"query-input\":{\"@type\":\"PropertyValueSpecification\",\"valueRequired\":true,\"valueName\":\"search_term_string\"}}],\"inLanguage\":\"ar\"},{\"@type\":\"Organization\",\"@id\":\"https:\\\/\\\/vitablanca.ma\\\/#organization\",\"name\":\"VitaBlanca\",\"url\":\"https:\\\/\\\/vitablanca.ma\\\/\",\"logo\":{\"@type\":\"ImageObject\",\"inLanguage\":\"ar\",\"@id\":\"https:\\\/\\\/vitablanca.ma\\\/#\\\/schema\\\/logo\\\/image\\\/\",\"url\":\"https:\\\/\\\/vitablanca.ma\\\/wp-content\\\/uploads\\\/2025\\\/05\\\/cropped-vitablanca.png\",\"contentUrl\":\"https:\\\/\\\/vitablanca.ma\\\/wp-content\\\/uploads\\\/2025\\\/05\\\/cropped-vitablanca.png\",\"width\":360,\"height\":67,\"caption\":\"VitaBlanca\"},\"image\":{\"@id\":\"https:\\\/\\\/vitablanca.ma\\\/#\\\/schema\\\/logo\\\/image\\\/\"},\"sameAs\":[\"https:\\\/\\\/www.facebook.com\\\/profile.php?id=61576678196717\",\"https:\\\/\\\/www.tiktok.com\\\/@vitablanca.ma\",\"https:\\\/\\\/www.instagram.com\\\/vitablanca.ma\\\/\"]}]}<\/script>\n<!-- \/ Yoast SEO plugin. -->","yoast_head_json":{"title":"Acm S\u00e9bionex Gel Nettoyant Visage Et Corps Peaux Grasses \u00c0 Imperfections - Maroc Prix","description":"\u062c\u0644 \u0627\u0644\u062a\u0646\u0638\u064a\u0641 ACM S\u00e9bionex \u0644\u0644\u0648\u062c\u0647 \u0648\u0627\u0644\u062c\u0633\u0645 \u0644\u0644\u0628\u0634\u0631\u0629 \u0627\u0644\u062f\u0647\u0646\u064a\u0629 \u0630\u0627\u062a \u0627\u0644\u0639\u064a\u0648\u0628","robots":{"index":"index","follow":"follow","max-snippet":"max-snippet:-1","max-image-preview":"max-image-preview:large","max-video-preview":"max-video-preview:-1"},"canonical":"https:\/\/vitablanca.ma\/ar\/product-2\/acm-sebionex-gel-nettoyant-visage-et-corps-peaux-grasses-a-imperfections\/","og_locale":"ar_AR","og_type":"article","og_title":"Acm S\u00e9bionex Gel Nettoyant Visage Et Corps Peaux Grasses \u00c0 Imperfections - Maroc Prix","og_description":"Acm S\u00e9bionex Gel Nettoyant Visage Et Corps Peaux Grasses \u00c0 Imperfections","og_url":"https:\/\/vitablanca.ma\/ar\/product-2\/acm-sebionex-gel-nettoyant-visage-et-corps-peaux-grasses-a-imperfections\/","og_site_name":"Vitablanca.ma &ndash; Sant&eacute;, vitalit&eacute; et bien-&ecirc;tre pour tous les Marocains","article_publisher":"https:\/\/www.facebook.com\/profile.php?id=61576678196717","og_image":[{"width":1000,"height":1000,"url":"https:\/\/vitablanca.ma\/wp-content\/uploads\/2025\/06\/Acm-Sebionex-Gel-Nettoyant-Visage-Et-Corps-Peaux-Grasses-A-Imperfections-200ml-nova-parapharmacie-maroc.jpg","type":"image\/jpeg"}],"twitter_card":"summary_large_image","twitter_misc":{"\u0648\u0642\u062a \u0627\u0644\u0642\u0631\u0627\u0621\u0629 \u0627\u0644\u0645\u064f\u0642\u062f\u0651\u0631":"\u062f\u0642\u064a\u0642\u0629 \u0648\u0627\u062d\u062f\u0629"},"schema":{"@context":"https:\/\/schema.org","@graph":[{"@type":["WebPage","ItemPage"],"@id":"https:\/\/vitablanca.ma\/produit\/acm-sebionex-gel-nettoyant-visage-et-corps-peaux-grasses-a-imperfections\/","url":"https:\/\/vitablanca.ma\/produit\/acm-sebionex-gel-nettoyant-visage-et-corps-peaux-grasses-a-imperfections\/","name":"Acm S\u00e9bionex Gel Nettoyant Visage Et Corps Peaux Grasses \u00c0 Imperfections - Maroc Prix","isPartOf":{"@id":"https:\/\/vitablanca.ma\/#website"},"primaryImageOfPage":{"@id":"https:\/\/vitablanca.ma\/produit\/acm-sebionex-gel-nettoyant-visage-et-corps-peaux-grasses-a-imperfections\/#primaryimage"},"image":{"@id":"https:\/\/vitablanca.ma\/produit\/acm-sebionex-gel-nettoyant-visage-et-corps-peaux-grasses-a-imperfections\/#primaryimage"},"thumbnailUrl":"https:\/\/vitablanca.ma\/wp-content\/uploads\/2025\/06\/Acm-Sebionex-Gel-Nettoyant-Visage-Et-Corps-Peaux-Grasses-A-Imperfections-200ml-nova-parapharmacie-maroc.jpg","datePublished":"2025-06-10T15:54:58+00:00","description":"\u062c\u0644 \u0627\u0644\u062a\u0646\u0638\u064a\u0641 ACM S\u00e9bionex \u0644\u0644\u0648\u062c\u0647 \u0648\u0627\u0644\u062c\u0633\u0645 \u0644\u0644\u0628\u0634\u0631\u0629 \u0627\u0644\u062f\u0647\u0646\u064a\u0629 \u0630\u0627\u062a \u0627\u0644\u0639\u064a\u0648\u0628","breadcrumb":{"@id":"https:\/\/vitablanca.ma\/produit\/acm-sebionex-gel-nettoyant-visage-et-corps-peaux-grasses-a-imperfections\/#breadcrumb"},"inLanguage":"ar","potentialAction":[{"@type":"ReadAction","target":["https:\/\/vitablanca.ma\/produit\/acm-sebionex-gel-nettoyant-visage-et-corps-peaux-grasses-a-imperfections\/"]}]},{"@type":"ImageObject","inLanguage":"ar","@id":"https:\/\/vitablanca.ma\/produit\/acm-sebionex-gel-nettoyant-visage-et-corps-peaux-grasses-a-imperfections\/#primaryimage","url":"https:\/\/vitablanca.ma\/wp-content\/uploads\/2025\/06\/Acm-Sebionex-Gel-Nettoyant-Visage-Et-Corps-Peaux-Grasses-A-Imperfections-200ml-nova-parapharmacie-maroc.jpg","contentUrl":"https:\/\/vitablanca.ma\/wp-content\/uploads\/2025\/06\/Acm-Sebionex-Gel-Nettoyant-Visage-Et-Corps-Peaux-Grasses-A-Imperfections-200ml-nova-parapharmacie-maroc.jpg","width":1000,"height":1000},{"@type":"BreadcrumbList","@id":"https:\/\/vitablanca.ma\/produit\/acm-sebionex-gel-nettoyant-visage-et-corps-peaux-grasses-a-imperfections\/#breadcrumb","itemListElement":[{"@type":"ListItem","position":1,"name":"Home","item":"https:\/\/vitablanca.ma\/"},{"@type":"ListItem","position":2,"name":"Tous Les Produits","item":"https:\/\/vitablanca.ma\/tous-les-produits\/"},{"@type":"ListItem","position":3,"name":"Acm S\u00e9bionex Gel Nettoyant Visage Et Corps Peaux Grasses \u00c0 Imperfections"}]},{"@type":"WebSite","@id":"https:\/\/vitablanca.ma\/#website","url":"https:\/\/vitablanca.ma\/","name":"VitaBlanca.ma | \u0627\u0644\u0645\u0643\u0645\u0644\u0627\u062a \u0627\u0644\u063a\u0630\u0627\u0626\u064a\u0629\u060c \u0627\u0644\u0635\u062d\u0629 \u0648\u0627\u0644\u062c\u0645\u0627\u0644 \u0641\u064a \u0627\u0644\u0645\u063a\u0631\u0628","description":"\u0646\u0628\u064a\u0639 \u0641\u064a\u062a\u0627\u0645\u064a\u0646\u0627\u062a \u0648\u0645\u0643\u0645\u0644\u0627\u062a \u063a\u0630\u0627\u0626\u064a\u0629 \u0641\u0627\u062e\u0631\u0629 \u0645\u0646 \u0627\u0644\u0648\u0644\u0627\u064a\u0627\u062a \u0627\u0644\u0645\u062a\u062d\u062f\u0629 \u0627\u0644\u0623\u0645\u0631\u064a\u0643\u064a\u0629 \u0648\u0643\u0646\u062f\u0627 \u0648\u0646\u064a\u0648\u0632\u064a\u0644\u0646\u062f\u0627 \u0648\u0627\u0644\u0645\u063a\u0631\u0628 (\u0646\u0627\u0648 \u0641\u0648\u062f\u0632\u060c \u0633\u0648\u0644\u062c\u0627\u0631\u060c \u0645\u0627\u0646\u0648\u0643\u0627). \u062a\u0648\u0635\u064a\u0644 \u0633\u0631\u064a\u0639 \u0625\u0644\u0649 \u062c\u0645\u064a\u0639 \u0623\u0646\u062d\u0627\u0621 \u0627\u0644\u0645\u063a\u0631\u0628.","publisher":{"@id":"https:\/\/vitablanca.ma\/#organization"},"alternateName":"VitaBlanca.ma","potentialAction":[{"@type":"SearchAction","target":{"@type":"EntryPoint","urlTemplate":"https:\/\/vitablanca.ma\/?s={search_term_string}"},"query-input":{"@type":"PropertyValueSpecification","valueRequired":true,"valueName":"search_term_string"}}],"inLanguage":"ar"},{"@type":"Organization","@id":"https:\/\/vitablanca.ma\/#organization","name":"\u0641\u064a\u062a\u0627\u0628\u0644\u0627\u0646\u0643\u0627","url":"https:\/\/vitablanca.ma\/","logo":{"@type":"ImageObject","inLanguage":"ar","@id":"https:\/\/vitablanca.ma\/#\/schema\/logo\/image\/","url":"https:\/\/vitablanca.ma\/wp-content\/uploads\/2025\/05\/cropped-vitablanca.png","contentUrl":"https:\/\/vitablanca.ma\/wp-content\/uploads\/2025\/05\/cropped-vitablanca.png","width":360,"height":67,"caption":"VitaBlanca"},"image":{"@id":"https:\/\/vitablanca.ma\/#\/schema\/logo\/image\/"},"sameAs":["https:\/\/www.facebook.com\/profile.php?id=61576678196717","https:\/\/www.tiktok.com\/@vitablanca.ma","https:\/\/www.instagram.com\/vitablanca.ma\/"]}]}},"jetpack_sharing_enabled":true,"_links":{"self":[{"href":"https:\/\/vitablanca.ma\/ar\/wp-json\/wp\/v2\/product\/15281","targetHints":{"allow":["GET"]}}],"collection":[{"href":"https:\/\/vitablanca.ma\/ar\/wp-json\/wp\/v2\/product"}],"about":[{"href":"https:\/\/vitablanca.ma\/ar\/wp-json\/wp\/v2\/types\/product"}],"wp:featuredmedia":[{"embeddable":true,"href":"https:\/\/vitablanca.ma\/ar\/wp-json\/wp\/v2\/media\/15278"}],"wp:attachment":[{"href":"https:\/\/vitablanca.ma\/ar\/wp-json\/wp\/v2\/media?parent=15281"}],"wp:term":[{"taxonomy":"product_brand","embeddable":true,"href":"https:\/\/vitablanca.ma\/ar\/wp-json\/wp\/v2\/product_brand?post=15281"},{"taxonomy":"product_cat","embeddable":true,"href":"https:\/\/vitablanca.ma\/ar\/wp-json\/wp\/v2\/product_cat?post=15281"},{"taxonomy":"product_tag","embeddable":true,"href":"https:\/\/vitablanca.ma\/ar\/wp-json\/wp\/v2\/product_tag?post=15281"}],"curies":[{"name":"wp","href":"https:\/\/api.w.org\/{rel}","templated":true}]}}