{"id":15160,"date":"2025-06-10T15:53:01","date_gmt":"2025-06-10T15:53:01","guid":{"rendered":"https:\/\/vitablanca.ma\/product\/acm-depiwhite-lait-eclaircissant-corporel\/"},"modified":"2025-06-10T15:53:01","modified_gmt":"2025-06-10T15:53:01","slug":"acm-depiwhite-lait-eclaircissant-corporel","status":"publish","type":"product","link":"https:\/\/vitablanca.ma\/ar\/product-2\/acm-depiwhite-lait-eclaircissant-corporel\/","title":{"rendered":"\u062d\u0644\u064a\u0628 \u062a\u0641\u062a\u064a\u062d \u0627\u0644\u062c\u0633\u0645 \u062f\u064a\u0628\u064a \u0648\u0627\u064a\u062a \u0645\u0646 \u0627\u064a\u0647 \u0633\u064a \u0627\u0645"},"content":{"rendered":"<h2 data-mce-fragment=\"1\"><strong data-mce-fragment=\"1\">\u062d\u0644\u064a\u0628 \u062a\u0641\u062a\u064a\u062d \u0627\u0644\u062c\u0633\u0645 \u062f\u064a\u0628\u064a \u0648\u0627\u064a\u062a \u0645\u0646 \u0627\u064a\u0647 \u0633\u064a \u0627\u0645\u00a0<span data-mce-fragment=\"1\">apaise les sensations de tiraillements et restaure le confort cutan\u00e9.<\/span><\/strong><\/h2>\n<p data-mce-fragment=\"1\"><strong data-mce-fragment=\"1\">CE LAIT A TOUTES LES QUALIT\u00c9S D\u2019UN LAIT CORPOREL PROTECTEUR, HYDRATANT ET NOURRISSANT, MAIS IL APPORTE EN PLUS SON ACTION CONTRE LES TACHES BRUNES.<\/strong><\/p>\n<p data-mce-fragment=\"1\">Il assure une hydratation de tr\u00e8s longue dur\u00e9e*, apaise les sensations de tiraillements et restaure le confort cutan\u00e9. Hydratant intense et durable, ce lait corps b\u00e9n\u00e9ficie d\u2019une texture fluide, non grasse, facile \u00e0 appliquer apr\u00e8s la douche. Pour une peau souple et soyeuse \u00e0 tout \u00e2ge. Son action \u00e9claircissante compl\u00e9mentaire gr\u00e2ce \u00e0 une association d\u2019actifs v\u00e9g\u00e9taux\u00a0permet de freiner la surproduction de m\u00e9lanine d\u2019\u00e9claircir et d\u2019homog\u00e9n\u00e9iser l\u2019aspect de la peau.<\/p>\n<h3 data-mce-fragment=\"1\">\u064a\u0633\u062a\u062e\u062f\u0645<\/h3>\n<p data-mce-fragment=\"1\">Appliquer le lait D\u00e9piwhite 1 \u00e0 2 fois par jour apr\u00e8s la douche ou le bain.<\/p>","protected":false},"excerpt":{"rendered":"<p>Acm Depiwhite Lait Eclaircissant Corporel\u00a0apaise les sensations de tiraillements et restaure le confort cutan\u00e9. CE LAIT A TOUTES LES QUALIT\u00c9S D\u2019UN LAIT CORPOREL PROTECTEUR, HYDRATANT ET NOURRISSANT, MAIS IL APPORTE EN PLUS SON ACTION CONTRE LES TACHES BRUNES. Il assure une hydratation de tr\u00e8s longue dur\u00e9e*, apaise les sensations de tiraillements et restaure le confort [&hellip;]<\/p>\n","protected":false},"featured_media":15154,"template":"","meta":{"om_disable_all_campaigns":false},"product_brand":[],"product_cat":[15],"product_tag":[],"class_list":{"0":"post-15160","1":"product","2":"type-product","3":"status-publish","4":"has-post-thumbnail","6":"product_cat-beaute-sante-complements-alimentaires-soins-et-bien-etre-au-meilleur-prix","8":"first","9":"instock","10":"sale","11":"taxable","12":"shipping-taxable","13":"purchasable","14":"product-type-variable"},"yoast_head":"<!-- This site is optimized with the Yoast SEO plugin v27.4 - https:\/\/yoast.com\/product\/yoast-seo-wordpress\/ -->\n<title>Acm Depiwhite Lait Eclaircissant Corporel - Maroc Prix<\/title>\n<meta name=\"description\" content=\"Acm Depiwhite Lait Eclaircissant Corporel\" \/>\n<meta name=\"robots\" content=\"index, follow, max-snippet:-1, max-image-preview:large, max-video-preview:-1\" \/>\n<link rel=\"canonical\" href=\"https:\/\/vitablanca.ma\/ar\/product-2\/acm-depiwhite-lait-eclaircissant-corporel\/\" \/>\n<meta property=\"og:locale\" content=\"ar_AR\" \/>\n<meta property=\"og:type\" content=\"article\" \/>\n<meta property=\"og:title\" content=\"Acm Depiwhite Lait Eclaircissant Corporel - Maroc Prix\" \/>\n<meta property=\"og:description\" content=\"Acm Depiwhite Lait Eclaircissant Corporel\" \/>\n<meta property=\"og:url\" content=\"https:\/\/vitablanca.ma\/ar\/product-2\/acm-depiwhite-lait-eclaircissant-corporel\/\" \/>\n<meta property=\"og:site_name\" content=\"Vitablanca.ma &ndash; Sant&eacute;, vitalit&eacute; et bien-&ecirc;tre pour tous les Marocains\" \/>\n<meta property=\"article:publisher\" content=\"https:\/\/www.facebook.com\/profile.php?id=61576678196717\" \/>\n<meta property=\"og:image\" content=\"https:\/\/vitablanca.ma\/wp-content\/uploads\/2025\/06\/Acm-Depiwhite-Lait-Eclaircissant-Corporel-nova-prapharmacie-maroc.jpg\" \/>\n\t<meta property=\"og:image:width\" content=\"1000\" \/>\n\t<meta property=\"og:image:height\" content=\"1000\" \/>\n\t<meta property=\"og:image:type\" content=\"image\/jpeg\" \/>\n<meta name=\"twitter:card\" content=\"summary_large_image\" \/>\n<meta name=\"twitter:label1\" content=\"\u0648\u0642\u062a \u0627\u0644\u0642\u0631\u0627\u0621\u0629 \u0627\u0644\u0645\u064f\u0642\u062f\u0651\u0631\" \/>\n\t<meta name=\"twitter:data1\" content=\"\u062f\u0642\u064a\u0642\u0629 \u0648\u0627\u062d\u062f\u0629\" \/>\n<script type=\"application\/ld+json\" class=\"yoast-schema-graph\">{\"@context\":\"https:\\\/\\\/schema.org\",\"@graph\":[{\"@type\":[\"WebPage\",\"ItemPage\"],\"@id\":\"https:\\\/\\\/vitablanca.ma\\\/produit\\\/acm-depiwhite-lait-eclaircissant-corporel\\\/\",\"url\":\"https:\\\/\\\/vitablanca.ma\\\/produit\\\/acm-depiwhite-lait-eclaircissant-corporel\\\/\",\"name\":\"Acm Depiwhite Lait Eclaircissant Corporel - Maroc Prix\",\"isPartOf\":{\"@id\":\"https:\\\/\\\/vitablanca.ma\\\/#website\"},\"primaryImageOfPage\":{\"@id\":\"https:\\\/\\\/vitablanca.ma\\\/produit\\\/acm-depiwhite-lait-eclaircissant-corporel\\\/#primaryimage\"},\"image\":{\"@id\":\"https:\\\/\\\/vitablanca.ma\\\/produit\\\/acm-depiwhite-lait-eclaircissant-corporel\\\/#primaryimage\"},\"thumbnailUrl\":\"https:\\\/\\\/vitablanca.ma\\\/wp-content\\\/uploads\\\/2025\\\/06\\\/Acm-Depiwhite-Lait-Eclaircissant-Corporel-nova-prapharmacie-maroc.jpg\",\"datePublished\":\"2025-06-10T15:53:01+00:00\",\"description\":\"Acm Depiwhite Lait Eclaircissant Corporel\",\"breadcrumb\":{\"@id\":\"https:\\\/\\\/vitablanca.ma\\\/produit\\\/acm-depiwhite-lait-eclaircissant-corporel\\\/#breadcrumb\"},\"inLanguage\":\"ar\",\"potentialAction\":[{\"@type\":\"ReadAction\",\"target\":[\"https:\\\/\\\/vitablanca.ma\\\/produit\\\/acm-depiwhite-lait-eclaircissant-corporel\\\/\"]}]},{\"@type\":\"ImageObject\",\"inLanguage\":\"ar\",\"@id\":\"https:\\\/\\\/vitablanca.ma\\\/produit\\\/acm-depiwhite-lait-eclaircissant-corporel\\\/#primaryimage\",\"url\":\"https:\\\/\\\/vitablanca.ma\\\/wp-content\\\/uploads\\\/2025\\\/06\\\/Acm-Depiwhite-Lait-Eclaircissant-Corporel-nova-prapharmacie-maroc.jpg\",\"contentUrl\":\"https:\\\/\\\/vitablanca.ma\\\/wp-content\\\/uploads\\\/2025\\\/06\\\/Acm-Depiwhite-Lait-Eclaircissant-Corporel-nova-prapharmacie-maroc.jpg\",\"width\":1000,\"height\":1000},{\"@type\":\"BreadcrumbList\",\"@id\":\"https:\\\/\\\/vitablanca.ma\\\/produit\\\/acm-depiwhite-lait-eclaircissant-corporel\\\/#breadcrumb\",\"itemListElement\":[{\"@type\":\"ListItem\",\"position\":1,\"name\":\"Home\",\"item\":\"https:\\\/\\\/vitablanca.ma\\\/\"},{\"@type\":\"ListItem\",\"position\":2,\"name\":\"Tous Les Produits\",\"item\":\"https:\\\/\\\/vitablanca.ma\\\/tous-les-produits\\\/\"},{\"@type\":\"ListItem\",\"position\":3,\"name\":\"Acm Depiwhite Lait Eclaircissant Corporel\"}]},{\"@type\":\"WebSite\",\"@id\":\"https:\\\/\\\/vitablanca.ma\\\/#website\",\"url\":\"https:\\\/\\\/vitablanca.ma\\\/\",\"name\":\"VitaBlanca.ma | Compl\u00e9ments alimentaires, sant\u00e9 & beaut\u00e9 au Maroc\",\"description\":\"vendre vitamines et compl\u00e9ments premium des USA &amp; Canada, Nouvelle Z\u00e9lande,Maroc (NOW Foods, Solgar, Manuka). Livraison rapide partout au Maroc.\",\"publisher\":{\"@id\":\"https:\\\/\\\/vitablanca.ma\\\/#organization\"},\"alternateName\":\"VitaBlanca.ma\",\"potentialAction\":[{\"@type\":\"SearchAction\",\"target\":{\"@type\":\"EntryPoint\",\"urlTemplate\":\"https:\\\/\\\/vitablanca.ma\\\/?s={search_term_string}\"},\"query-input\":{\"@type\":\"PropertyValueSpecification\",\"valueRequired\":true,\"valueName\":\"search_term_string\"}}],\"inLanguage\":\"ar\"},{\"@type\":\"Organization\",\"@id\":\"https:\\\/\\\/vitablanca.ma\\\/#organization\",\"name\":\"VitaBlanca\",\"url\":\"https:\\\/\\\/vitablanca.ma\\\/\",\"logo\":{\"@type\":\"ImageObject\",\"inLanguage\":\"ar\",\"@id\":\"https:\\\/\\\/vitablanca.ma\\\/#\\\/schema\\\/logo\\\/image\\\/\",\"url\":\"https:\\\/\\\/vitablanca.ma\\\/wp-content\\\/uploads\\\/2025\\\/05\\\/cropped-vitablanca.png\",\"contentUrl\":\"https:\\\/\\\/vitablanca.ma\\\/wp-content\\\/uploads\\\/2025\\\/05\\\/cropped-vitablanca.png\",\"width\":360,\"height\":67,\"caption\":\"VitaBlanca\"},\"image\":{\"@id\":\"https:\\\/\\\/vitablanca.ma\\\/#\\\/schema\\\/logo\\\/image\\\/\"},\"sameAs\":[\"https:\\\/\\\/www.facebook.com\\\/profile.php?id=61576678196717\",\"https:\\\/\\\/www.tiktok.com\\\/@vitablanca.ma\",\"https:\\\/\\\/www.instagram.com\\\/vitablanca.ma\\\/\"]}]}<\/script>\n<!-- \/ Yoast SEO plugin. -->","yoast_head_json":{"title":"Acm Depiwhite Lait Eclaircissant Corporel - Maroc Prix","description":"\u062d\u0644\u064a\u0628 \u062a\u0641\u062a\u064a\u062d \u0627\u0644\u062c\u0633\u0645 \u062f\u064a\u0628\u064a \u0648\u0627\u064a\u062a \u0645\u0646 \u0627\u064a\u0647 \u0633\u064a \u0627\u0645","robots":{"index":"index","follow":"follow","max-snippet":"max-snippet:-1","max-image-preview":"max-image-preview:large","max-video-preview":"max-video-preview:-1"},"canonical":"https:\/\/vitablanca.ma\/ar\/product-2\/acm-depiwhite-lait-eclaircissant-corporel\/","og_locale":"ar_AR","og_type":"article","og_title":"Acm Depiwhite Lait Eclaircissant Corporel - Maroc Prix","og_description":"Acm Depiwhite Lait Eclaircissant Corporel","og_url":"https:\/\/vitablanca.ma\/ar\/product-2\/acm-depiwhite-lait-eclaircissant-corporel\/","og_site_name":"Vitablanca.ma &ndash; Sant&eacute;, vitalit&eacute; et bien-&ecirc;tre pour tous les Marocains","article_publisher":"https:\/\/www.facebook.com\/profile.php?id=61576678196717","og_image":[{"width":1000,"height":1000,"url":"https:\/\/vitablanca.ma\/wp-content\/uploads\/2025\/06\/Acm-Depiwhite-Lait-Eclaircissant-Corporel-nova-prapharmacie-maroc.jpg","type":"image\/jpeg"}],"twitter_card":"summary_large_image","twitter_misc":{"\u0648\u0642\u062a \u0627\u0644\u0642\u0631\u0627\u0621\u0629 \u0627\u0644\u0645\u064f\u0642\u062f\u0651\u0631":"\u062f\u0642\u064a\u0642\u0629 \u0648\u0627\u062d\u062f\u0629"},"schema":{"@context":"https:\/\/schema.org","@graph":[{"@type":["WebPage","ItemPage"],"@id":"https:\/\/vitablanca.ma\/produit\/acm-depiwhite-lait-eclaircissant-corporel\/","url":"https:\/\/vitablanca.ma\/produit\/acm-depiwhite-lait-eclaircissant-corporel\/","name":"Acm Depiwhite Lait Eclaircissant Corporel - Maroc Prix","isPartOf":{"@id":"https:\/\/vitablanca.ma\/#website"},"primaryImageOfPage":{"@id":"https:\/\/vitablanca.ma\/produit\/acm-depiwhite-lait-eclaircissant-corporel\/#primaryimage"},"image":{"@id":"https:\/\/vitablanca.ma\/produit\/acm-depiwhite-lait-eclaircissant-corporel\/#primaryimage"},"thumbnailUrl":"https:\/\/vitablanca.ma\/wp-content\/uploads\/2025\/06\/Acm-Depiwhite-Lait-Eclaircissant-Corporel-nova-prapharmacie-maroc.jpg","datePublished":"2025-06-10T15:53:01+00:00","description":"\u062d\u0644\u064a\u0628 \u062a\u0641\u062a\u064a\u062d \u0627\u0644\u062c\u0633\u0645 \u062f\u064a\u0628\u064a \u0648\u0627\u064a\u062a \u0645\u0646 \u0627\u064a\u0647 \u0633\u064a \u0627\u0645","breadcrumb":{"@id":"https:\/\/vitablanca.ma\/produit\/acm-depiwhite-lait-eclaircissant-corporel\/#breadcrumb"},"inLanguage":"ar","potentialAction":[{"@type":"ReadAction","target":["https:\/\/vitablanca.ma\/produit\/acm-depiwhite-lait-eclaircissant-corporel\/"]}]},{"@type":"ImageObject","inLanguage":"ar","@id":"https:\/\/vitablanca.ma\/produit\/acm-depiwhite-lait-eclaircissant-corporel\/#primaryimage","url":"https:\/\/vitablanca.ma\/wp-content\/uploads\/2025\/06\/Acm-Depiwhite-Lait-Eclaircissant-Corporel-nova-prapharmacie-maroc.jpg","contentUrl":"https:\/\/vitablanca.ma\/wp-content\/uploads\/2025\/06\/Acm-Depiwhite-Lait-Eclaircissant-Corporel-nova-prapharmacie-maroc.jpg","width":1000,"height":1000},{"@type":"BreadcrumbList","@id":"https:\/\/vitablanca.ma\/produit\/acm-depiwhite-lait-eclaircissant-corporel\/#breadcrumb","itemListElement":[{"@type":"ListItem","position":1,"name":"Home","item":"https:\/\/vitablanca.ma\/"},{"@type":"ListItem","position":2,"name":"Tous Les Produits","item":"https:\/\/vitablanca.ma\/tous-les-produits\/"},{"@type":"ListItem","position":3,"name":"Acm Depiwhite Lait Eclaircissant Corporel"}]},{"@type":"WebSite","@id":"https:\/\/vitablanca.ma\/#website","url":"https:\/\/vitablanca.ma\/","name":"VitaBlanca.ma | \u0627\u0644\u0645\u0643\u0645\u0644\u0627\u062a \u0627\u0644\u063a\u0630\u0627\u0626\u064a\u0629\u060c \u0627\u0644\u0635\u062d\u0629 \u0648\u0627\u0644\u062c\u0645\u0627\u0644 \u0641\u064a \u0627\u0644\u0645\u063a\u0631\u0628","description":"\u0646\u0628\u064a\u0639 \u0641\u064a\u062a\u0627\u0645\u064a\u0646\u0627\u062a \u0648\u0645\u0643\u0645\u0644\u0627\u062a \u063a\u0630\u0627\u0626\u064a\u0629 \u0641\u0627\u062e\u0631\u0629 \u0645\u0646 \u0627\u0644\u0648\u0644\u0627\u064a\u0627\u062a \u0627\u0644\u0645\u062a\u062d\u062f\u0629 \u0627\u0644\u0623\u0645\u0631\u064a\u0643\u064a\u0629 \u0648\u0643\u0646\u062f\u0627 \u0648\u0646\u064a\u0648\u0632\u064a\u0644\u0646\u062f\u0627 \u0648\u0627\u0644\u0645\u063a\u0631\u0628 (\u0646\u0627\u0648 \u0641\u0648\u062f\u0632\u060c \u0633\u0648\u0644\u062c\u0627\u0631\u060c \u0645\u0627\u0646\u0648\u0643\u0627). \u062a\u0648\u0635\u064a\u0644 \u0633\u0631\u064a\u0639 \u0625\u0644\u0649 \u062c\u0645\u064a\u0639 \u0623\u0646\u062d\u0627\u0621 \u0627\u0644\u0645\u063a\u0631\u0628.","publisher":{"@id":"https:\/\/vitablanca.ma\/#organization"},"alternateName":"VitaBlanca.ma","potentialAction":[{"@type":"SearchAction","target":{"@type":"EntryPoint","urlTemplate":"https:\/\/vitablanca.ma\/?s={search_term_string}"},"query-input":{"@type":"PropertyValueSpecification","valueRequired":true,"valueName":"search_term_string"}}],"inLanguage":"ar"},{"@type":"Organization","@id":"https:\/\/vitablanca.ma\/#organization","name":"\u0641\u064a\u062a\u0627\u0628\u0644\u0627\u0646\u0643\u0627","url":"https:\/\/vitablanca.ma\/","logo":{"@type":"ImageObject","inLanguage":"ar","@id":"https:\/\/vitablanca.ma\/#\/schema\/logo\/image\/","url":"https:\/\/vitablanca.ma\/wp-content\/uploads\/2025\/05\/cropped-vitablanca.png","contentUrl":"https:\/\/vitablanca.ma\/wp-content\/uploads\/2025\/05\/cropped-vitablanca.png","width":360,"height":67,"caption":"VitaBlanca"},"image":{"@id":"https:\/\/vitablanca.ma\/#\/schema\/logo\/image\/"},"sameAs":["https:\/\/www.facebook.com\/profile.php?id=61576678196717","https:\/\/www.tiktok.com\/@vitablanca.ma","https:\/\/www.instagram.com\/vitablanca.ma\/"]}]}},"jetpack_sharing_enabled":true,"_links":{"self":[{"href":"https:\/\/vitablanca.ma\/ar\/wp-json\/wp\/v2\/product\/15160","targetHints":{"allow":["GET"]}}],"collection":[{"href":"https:\/\/vitablanca.ma\/ar\/wp-json\/wp\/v2\/product"}],"about":[{"href":"https:\/\/vitablanca.ma\/ar\/wp-json\/wp\/v2\/types\/product"}],"wp:featuredmedia":[{"embeddable":true,"href":"https:\/\/vitablanca.ma\/ar\/wp-json\/wp\/v2\/media\/15154"}],"wp:attachment":[{"href":"https:\/\/vitablanca.ma\/ar\/wp-json\/wp\/v2\/media?parent=15160"}],"wp:term":[{"taxonomy":"product_brand","embeddable":true,"href":"https:\/\/vitablanca.ma\/ar\/wp-json\/wp\/v2\/product_brand?post=15160"},{"taxonomy":"product_cat","embeddable":true,"href":"https:\/\/vitablanca.ma\/ar\/wp-json\/wp\/v2\/product_cat?post=15160"},{"taxonomy":"product_tag","embeddable":true,"href":"https:\/\/vitablanca.ma\/ar\/wp-json\/wp\/v2\/product_tag?post=15160"}],"curies":[{"name":"wp","href":"https:\/\/api.w.org\/{rel}","templated":true}]}}