{"id":15103,"date":"2025-06-10T15:51:32","date_gmt":"2025-06-10T15:51:32","guid":{"rendered":"https:\/\/vitablanca.ma\/product\/avene-cicalfate-creme-reparatrice-100ml\/"},"modified":"2026-02-24T02:48:59","modified_gmt":"2026-02-24T02:48:59","slug":"avene-cicalfate-creme-reparatrice-100ml","status":"publish","type":"product","link":"https:\/\/vitablanca.ma\/ar\/product-2\/avene-cicalfate-creme-reparatrice-100ml\/","title":{"rendered":"\u0643\u0631\u064a\u0645 \u0625\u0635\u0644\u0627\u062d \u0623\u0641\u064a\u0646 \u0633\u064a\u0643\u0627\u0644\u0641\u064a\u062a 100 \u0645\u0644"},"content":{"rendered":"<h2>Av\u00e8ne Cicalfate Cr\u00e8me R\u00e9paratrice 100ml<\/h2>\n<p><span data-mce-fragment=\"1\">Apaise, prot\u00e8ge et favorise la r\u00e9paration* des peaux irrit\u00e9es de toute la famille. Elle forme un film protecteur au niveau des irritations des couches superficielles de l\u2019\u00e9piderme, et cr\u00e9e un effet \u00ab pansement \u00bb qui prot\u00e8ge la peau. Sa formule contient une combinaison d&rsquo;Eau thermale d&rsquo;Av\u00e8ne, de [C\u207a-Restore]\u2122 r\u00e9parateur et d&rsquo;ingr\u00e9dients purifiants: Sulfate de cuivre et Sulfate de zinc. Cicalfate+ Cr\u00e8me r\u00e9paratrice protectrice convient \u00e9galement aux zones intimes externes.<\/span><\/p>\n<div class=\"block-content-heading\">\n<h3 id=\"\" class=\"\">Avantage<\/h3>\n<\/div>\n<p>Une formule qui apaise imm\u00e9diatement et r\u00e9pare* d\u00e8s 48h**. Permet une r\u00e9paration quatre fois plus efficace***, gr\u00e2ce \u00e0 [C\u207a-Restore]\u2122, premier actif r\u00e9parateur postbiotique issu de l\u2019Eau thermale d\u2019Av\u00e8ne.<\/p>\n<div class=\"block-content-heading\">\n<h3 id=\"\" class=\"\">B\u00e9n\u00e9fices<\/h3>\n<\/div>\n<p>\u2022 R\u00c9PARATION des peaux irrit\u00e9es. [C\u207a-Restore]\u2122, premier actif r\u00e9parateur postbiotique issu de l\u2019Eau thermale d\u2019Av\u00e8ne, favorise la r\u00e9paration \u00e9pidermique.<br \/>\n\u2022 ASSAINISSEMENT des zones irrit\u00e9es. Les Sulfates de cuivre et de zinc limitent le risque de prolif\u00e9ration bact\u00e9rienne.<br \/>\n\u2022 APAISEMENT des sensations d\u2019inconfort. Riche en Eau thermale d\u2019Av\u00e8ne, Cicalfate+ Cr\u00e8me r\u00e9paratrice protectrice est recommand\u00e9e dans le cadre de l\u2019am\u00e9lioration du confort des peaux sensibilis\u00e9es, des rougeurs et irritations.<\/p>\n<p class=\"style-1\"><strong>Avantage de la texture<\/strong><br \/>\nUne texture protectrice \u00ab\u00a0effet pansement\u00a0\u00bb qui favorise la r\u00e9paration des peaux irrit\u00e9es.<\/p>\n","protected":false},"excerpt":{"rendered":"<p>Av\u00e8ne Cicalfate Cr\u00e8me R\u00e9paratrice 100ml Apaise, prot\u00e8ge et favorise la r\u00e9paration* des peaux irrit\u00e9es de toute la famille. Elle forme un film protecteur au niveau des irritations des couches superficielles de l\u2019\u00e9piderme, et cr\u00e9e un effet \u00ab pansement \u00bb qui prot\u00e8ge la peau. Sa formule contient une combinaison d&rsquo;Eau thermale d&rsquo;Av\u00e8ne, de [C\u207a-Restore]\u2122 r\u00e9parateur et [&hellip;]<\/p>\n","protected":false},"featured_media":15102,"template":"","meta":{"om_disable_all_campaigns":false},"product_brand":[2793],"product_cat":[18,15],"product_tag":[3265,3266,3267],"class_list":{"0":"post-15103","1":"product","2":"type-product","3":"status-publish","4":"has-post-thumbnail","6":"product_brand-avene-prix-maroc","7":"product_cat-beaute-sante","8":"product_cat-beaute-sante-complements-alimentaires-soins-et-bien-etre-au-meilleur-prix","9":"product_tag-avene","10":"product_tag-avene-maroc","11":"product_tag-avene-morocco","13":"first","14":"instock","15":"sale","16":"taxable","17":"shipping-taxable","18":"purchasable","19":"product-type-simple"},"yoast_head":"<!-- This site is optimized with the Yoast SEO plugin v27.4 - https:\/\/yoast.com\/product\/yoast-seo-wordpress\/ -->\n<title>Av\u00e8ne Cicalfate Cr\u00e8me R\u00e9paratrice 100ml - Maroc Prix<\/title>\n<meta name=\"description\" content=\"Av\u00e8ne Cicalfate Cr\u00e8me R\u00e9paratrice 100ml\" \/>\n<meta name=\"robots\" content=\"index, follow, max-snippet:-1, max-image-preview:large, max-video-preview:-1\" \/>\n<link rel=\"canonical\" href=\"https:\/\/vitablanca.ma\/ar\/product-2\/avene-cicalfate-creme-reparatrice-100ml\/\" \/>\n<meta property=\"og:locale\" content=\"ar_AR\" \/>\n<meta property=\"og:type\" content=\"article\" \/>\n<meta property=\"og:title\" content=\"Av\u00e8ne Cicalfate Cr\u00e8me R\u00e9paratrice 100ml - Maroc Prix\" \/>\n<meta property=\"og:description\" content=\"Av\u00e8ne Cicalfate Cr\u00e8me R\u00e9paratrice 100ml\" \/>\n<meta property=\"og:url\" content=\"https:\/\/vitablanca.ma\/ar\/product-2\/avene-cicalfate-creme-reparatrice-100ml\/\" \/>\n<meta property=\"og:site_name\" content=\"Vitablanca.ma &ndash; Sant&eacute;, vitalit&eacute; et bien-&ecirc;tre pour tous les Marocains\" \/>\n<meta property=\"article:publisher\" content=\"https:\/\/www.facebook.com\/profile.php?id=61576678196717\" \/>\n<meta property=\"article:modified_time\" content=\"2026-02-24T02:48:59+00:00\" \/>\n<meta property=\"og:image\" content=\"https:\/\/vitablanca.ma\/wp-content\/uploads\/2025\/06\/Avene-Cicalfate-Creme-Reparatrice-100ml-nova-parapharmacie-casablanca.jpg\" \/>\n\t<meta property=\"og:image:width\" content=\"1000\" \/>\n\t<meta property=\"og:image:height\" content=\"1000\" \/>\n\t<meta property=\"og:image:type\" content=\"image\/jpeg\" \/>\n<meta name=\"twitter:card\" content=\"summary_large_image\" \/>\n<meta name=\"twitter:label1\" content=\"\u0648\u0642\u062a \u0627\u0644\u0642\u0631\u0627\u0621\u0629 \u0627\u0644\u0645\u064f\u0642\u062f\u0651\u0631\" \/>\n\t<meta name=\"twitter:data1\" content=\"\u062f\u0642\u064a\u0642\u062a\u0627\u0646\" \/>\n<script type=\"application\/ld+json\" class=\"yoast-schema-graph\">{\"@context\":\"https:\\\/\\\/schema.org\",\"@graph\":[{\"@type\":[\"WebPage\",\"ItemPage\"],\"@id\":\"https:\\\/\\\/vitablanca.ma\\\/produit\\\/avene-cicalfate-creme-reparatrice-100ml\\\/\",\"url\":\"https:\\\/\\\/vitablanca.ma\\\/produit\\\/avene-cicalfate-creme-reparatrice-100ml\\\/\",\"name\":\"Av\u00e8ne Cicalfate Cr\u00e8me R\u00e9paratrice 100ml - Maroc Prix\",\"isPartOf\":{\"@id\":\"https:\\\/\\\/vitablanca.ma\\\/#website\"},\"primaryImageOfPage\":{\"@id\":\"https:\\\/\\\/vitablanca.ma\\\/produit\\\/avene-cicalfate-creme-reparatrice-100ml\\\/#primaryimage\"},\"image\":{\"@id\":\"https:\\\/\\\/vitablanca.ma\\\/produit\\\/avene-cicalfate-creme-reparatrice-100ml\\\/#primaryimage\"},\"thumbnailUrl\":\"https:\\\/\\\/vitablanca.ma\\\/wp-content\\\/uploads\\\/2025\\\/06\\\/Avene-Cicalfate-Creme-Reparatrice-100ml-nova-parapharmacie-casablanca.jpg\",\"datePublished\":\"2025-06-10T15:51:32+00:00\",\"dateModified\":\"2026-02-24T02:48:59+00:00\",\"description\":\"Av\u00e8ne Cicalfate Cr\u00e8me R\u00e9paratrice 100ml\",\"breadcrumb\":{\"@id\":\"https:\\\/\\\/vitablanca.ma\\\/produit\\\/avene-cicalfate-creme-reparatrice-100ml\\\/#breadcrumb\"},\"inLanguage\":\"ar\",\"potentialAction\":[{\"@type\":\"ReadAction\",\"target\":[\"https:\\\/\\\/vitablanca.ma\\\/produit\\\/avene-cicalfate-creme-reparatrice-100ml\\\/\"]}]},{\"@type\":\"ImageObject\",\"inLanguage\":\"ar\",\"@id\":\"https:\\\/\\\/vitablanca.ma\\\/produit\\\/avene-cicalfate-creme-reparatrice-100ml\\\/#primaryimage\",\"url\":\"https:\\\/\\\/vitablanca.ma\\\/wp-content\\\/uploads\\\/2025\\\/06\\\/Avene-Cicalfate-Creme-Reparatrice-100ml-nova-parapharmacie-casablanca.jpg\",\"contentUrl\":\"https:\\\/\\\/vitablanca.ma\\\/wp-content\\\/uploads\\\/2025\\\/06\\\/Avene-Cicalfate-Creme-Reparatrice-100ml-nova-parapharmacie-casablanca.jpg\",\"width\":1000,\"height\":1000},{\"@type\":\"BreadcrumbList\",\"@id\":\"https:\\\/\\\/vitablanca.ma\\\/produit\\\/avene-cicalfate-creme-reparatrice-100ml\\\/#breadcrumb\",\"itemListElement\":[{\"@type\":\"ListItem\",\"position\":1,\"name\":\"Home\",\"item\":\"https:\\\/\\\/vitablanca.ma\\\/\"},{\"@type\":\"ListItem\",\"position\":2,\"name\":\"Tous Les Produits\",\"item\":\"https:\\\/\\\/vitablanca.ma\\\/tous-les-produits\\\/\"},{\"@type\":\"ListItem\",\"position\":3,\"name\":\"Av\u00e8ne Cicalfate Cr\u00e8me R\u00e9paratrice 100ml\"}]},{\"@type\":\"WebSite\",\"@id\":\"https:\\\/\\\/vitablanca.ma\\\/#website\",\"url\":\"https:\\\/\\\/vitablanca.ma\\\/\",\"name\":\"VitaBlanca.ma | Compl\u00e9ments alimentaires, sant\u00e9 & beaut\u00e9 au Maroc\",\"description\":\"vendre vitamines et compl\u00e9ments premium des USA &amp; Canada, Nouvelle Z\u00e9lande,Maroc (NOW Foods, Solgar, Manuka). Livraison rapide partout au Maroc.\",\"publisher\":{\"@id\":\"https:\\\/\\\/vitablanca.ma\\\/#organization\"},\"alternateName\":\"VitaBlanca.ma\",\"potentialAction\":[{\"@type\":\"SearchAction\",\"target\":{\"@type\":\"EntryPoint\",\"urlTemplate\":\"https:\\\/\\\/vitablanca.ma\\\/?s={search_term_string}\"},\"query-input\":{\"@type\":\"PropertyValueSpecification\",\"valueRequired\":true,\"valueName\":\"search_term_string\"}}],\"inLanguage\":\"ar\"},{\"@type\":\"Organization\",\"@id\":\"https:\\\/\\\/vitablanca.ma\\\/#organization\",\"name\":\"VitaBlanca\",\"url\":\"https:\\\/\\\/vitablanca.ma\\\/\",\"logo\":{\"@type\":\"ImageObject\",\"inLanguage\":\"ar\",\"@id\":\"https:\\\/\\\/vitablanca.ma\\\/#\\\/schema\\\/logo\\\/image\\\/\",\"url\":\"https:\\\/\\\/vitablanca.ma\\\/wp-content\\\/uploads\\\/2025\\\/05\\\/cropped-vitablanca.png\",\"contentUrl\":\"https:\\\/\\\/vitablanca.ma\\\/wp-content\\\/uploads\\\/2025\\\/05\\\/cropped-vitablanca.png\",\"width\":360,\"height\":67,\"caption\":\"VitaBlanca\"},\"image\":{\"@id\":\"https:\\\/\\\/vitablanca.ma\\\/#\\\/schema\\\/logo\\\/image\\\/\"},\"sameAs\":[\"https:\\\/\\\/www.facebook.com\\\/profile.php?id=61576678196717\",\"https:\\\/\\\/www.tiktok.com\\\/@vitablanca.ma\",\"https:\\\/\\\/www.instagram.com\\\/vitablanca.ma\\\/\"]}]}<\/script>\n<!-- \/ Yoast SEO plugin. -->","yoast_head_json":{"title":"\u0643\u0631\u064a\u0645 \u0623\u0641\u064a\u0646 \u0633\u064a\u0643\u0627\u0644\u0641\u064a\u062a \u0644\u0625\u0635\u0644\u0627\u062d \u0627\u0644\u0628\u0634\u0631\u0629 100 \u0645\u0644 - \u0633\u0639\u0631 \u0627\u0644\u0645\u063a\u0631\u0628","description":"\u0643\u0631\u064a\u0645 \u0625\u0635\u0644\u0627\u062d \u0623\u0641\u064a\u0646 \u0633\u064a\u0643\u0627\u0644\u0641\u064a\u062a 100 \u0645\u0644","robots":{"index":"index","follow":"follow","max-snippet":"max-snippet:-1","max-image-preview":"max-image-preview:large","max-video-preview":"max-video-preview:-1"},"canonical":"https:\/\/vitablanca.ma\/ar\/product-2\/avene-cicalfate-creme-reparatrice-100ml\/","og_locale":"ar_AR","og_type":"article","og_title":"Av\u00e8ne Cicalfate Cr\u00e8me R\u00e9paratrice 100ml - Maroc Prix","og_description":"Av\u00e8ne Cicalfate Cr\u00e8me R\u00e9paratrice 100ml","og_url":"https:\/\/vitablanca.ma\/ar\/product-2\/avene-cicalfate-creme-reparatrice-100ml\/","og_site_name":"Vitablanca.ma &ndash; Sant&eacute;, vitalit&eacute; et bien-&ecirc;tre pour tous les Marocains","article_publisher":"https:\/\/www.facebook.com\/profile.php?id=61576678196717","article_modified_time":"2026-02-24T02:48:59+00:00","og_image":[{"width":1000,"height":1000,"url":"https:\/\/vitablanca.ma\/wp-content\/uploads\/2025\/06\/Avene-Cicalfate-Creme-Reparatrice-100ml-nova-parapharmacie-casablanca.jpg","type":"image\/jpeg"}],"twitter_card":"summary_large_image","twitter_misc":{"\u0648\u0642\u062a \u0627\u0644\u0642\u0631\u0627\u0621\u0629 \u0627\u0644\u0645\u064f\u0642\u062f\u0651\u0631":"\u062f\u0642\u064a\u0642\u062a\u0627\u0646"},"schema":{"@context":"https:\/\/schema.org","@graph":[{"@type":["WebPage","ItemPage"],"@id":"https:\/\/vitablanca.ma\/produit\/avene-cicalfate-creme-reparatrice-100ml\/","url":"https:\/\/vitablanca.ma\/produit\/avene-cicalfate-creme-reparatrice-100ml\/","name":"\u0643\u0631\u064a\u0645 \u0623\u0641\u064a\u0646 \u0633\u064a\u0643\u0627\u0644\u0641\u064a\u062a \u0644\u0625\u0635\u0644\u0627\u062d \u0627\u0644\u0628\u0634\u0631\u0629 100 \u0645\u0644 - \u0633\u0639\u0631 \u0627\u0644\u0645\u063a\u0631\u0628","isPartOf":{"@id":"https:\/\/vitablanca.ma\/#website"},"primaryImageOfPage":{"@id":"https:\/\/vitablanca.ma\/produit\/avene-cicalfate-creme-reparatrice-100ml\/#primaryimage"},"image":{"@id":"https:\/\/vitablanca.ma\/produit\/avene-cicalfate-creme-reparatrice-100ml\/#primaryimage"},"thumbnailUrl":"https:\/\/vitablanca.ma\/wp-content\/uploads\/2025\/06\/Avene-Cicalfate-Creme-Reparatrice-100ml-nova-parapharmacie-casablanca.jpg","datePublished":"2025-06-10T15:51:32+00:00","dateModified":"2026-02-24T02:48:59+00:00","description":"\u0643\u0631\u064a\u0645 \u0625\u0635\u0644\u0627\u062d \u0623\u0641\u064a\u0646 \u0633\u064a\u0643\u0627\u0644\u0641\u064a\u062a 100 \u0645\u0644","breadcrumb":{"@id":"https:\/\/vitablanca.ma\/produit\/avene-cicalfate-creme-reparatrice-100ml\/#breadcrumb"},"inLanguage":"ar","potentialAction":[{"@type":"ReadAction","target":["https:\/\/vitablanca.ma\/produit\/avene-cicalfate-creme-reparatrice-100ml\/"]}]},{"@type":"ImageObject","inLanguage":"ar","@id":"https:\/\/vitablanca.ma\/produit\/avene-cicalfate-creme-reparatrice-100ml\/#primaryimage","url":"https:\/\/vitablanca.ma\/wp-content\/uploads\/2025\/06\/Avene-Cicalfate-Creme-Reparatrice-100ml-nova-parapharmacie-casablanca.jpg","contentUrl":"https:\/\/vitablanca.ma\/wp-content\/uploads\/2025\/06\/Avene-Cicalfate-Creme-Reparatrice-100ml-nova-parapharmacie-casablanca.jpg","width":1000,"height":1000},{"@type":"BreadcrumbList","@id":"https:\/\/vitablanca.ma\/produit\/avene-cicalfate-creme-reparatrice-100ml\/#breadcrumb","itemListElement":[{"@type":"ListItem","position":1,"name":"Home","item":"https:\/\/vitablanca.ma\/"},{"@type":"ListItem","position":2,"name":"Tous Les Produits","item":"https:\/\/vitablanca.ma\/tous-les-produits\/"},{"@type":"ListItem","position":3,"name":"Av\u00e8ne Cicalfate Cr\u00e8me R\u00e9paratrice 100ml"}]},{"@type":"WebSite","@id":"https:\/\/vitablanca.ma\/#website","url":"https:\/\/vitablanca.ma\/","name":"VitaBlanca.ma | \u0627\u0644\u0645\u0643\u0645\u0644\u0627\u062a \u0627\u0644\u063a\u0630\u0627\u0626\u064a\u0629\u060c \u0627\u0644\u0635\u062d\u0629 \u0648\u0627\u0644\u062c\u0645\u0627\u0644 \u0641\u064a \u0627\u0644\u0645\u063a\u0631\u0628","description":"\u0646\u0628\u064a\u0639 \u0641\u064a\u062a\u0627\u0645\u064a\u0646\u0627\u062a \u0648\u0645\u0643\u0645\u0644\u0627\u062a \u063a\u0630\u0627\u0626\u064a\u0629 \u0641\u0627\u062e\u0631\u0629 \u0645\u0646 \u0627\u0644\u0648\u0644\u0627\u064a\u0627\u062a \u0627\u0644\u0645\u062a\u062d\u062f\u0629 \u0627\u0644\u0623\u0645\u0631\u064a\u0643\u064a\u0629 \u0648\u0643\u0646\u062f\u0627 \u0648\u0646\u064a\u0648\u0632\u064a\u0644\u0646\u062f\u0627 \u0648\u0627\u0644\u0645\u063a\u0631\u0628 (\u0646\u0627\u0648 \u0641\u0648\u062f\u0632\u060c \u0633\u0648\u0644\u062c\u0627\u0631\u060c \u0645\u0627\u0646\u0648\u0643\u0627). \u062a\u0648\u0635\u064a\u0644 \u0633\u0631\u064a\u0639 \u0625\u0644\u0649 \u062c\u0645\u064a\u0639 \u0623\u0646\u062d\u0627\u0621 \u0627\u0644\u0645\u063a\u0631\u0628.","publisher":{"@id":"https:\/\/vitablanca.ma\/#organization"},"alternateName":"VitaBlanca.ma","potentialAction":[{"@type":"SearchAction","target":{"@type":"EntryPoint","urlTemplate":"https:\/\/vitablanca.ma\/?s={search_term_string}"},"query-input":{"@type":"PropertyValueSpecification","valueRequired":true,"valueName":"search_term_string"}}],"inLanguage":"ar"},{"@type":"Organization","@id":"https:\/\/vitablanca.ma\/#organization","name":"\u0641\u064a\u062a\u0627\u0628\u0644\u0627\u0646\u0643\u0627","url":"https:\/\/vitablanca.ma\/","logo":{"@type":"ImageObject","inLanguage":"ar","@id":"https:\/\/vitablanca.ma\/#\/schema\/logo\/image\/","url":"https:\/\/vitablanca.ma\/wp-content\/uploads\/2025\/05\/cropped-vitablanca.png","contentUrl":"https:\/\/vitablanca.ma\/wp-content\/uploads\/2025\/05\/cropped-vitablanca.png","width":360,"height":67,"caption":"VitaBlanca"},"image":{"@id":"https:\/\/vitablanca.ma\/#\/schema\/logo\/image\/"},"sameAs":["https:\/\/www.facebook.com\/profile.php?id=61576678196717","https:\/\/www.tiktok.com\/@vitablanca.ma","https:\/\/www.instagram.com\/vitablanca.ma\/"]}]}},"jetpack_sharing_enabled":true,"_links":{"self":[{"href":"https:\/\/vitablanca.ma\/ar\/wp-json\/wp\/v2\/product\/15103","targetHints":{"allow":["GET"]}}],"collection":[{"href":"https:\/\/vitablanca.ma\/ar\/wp-json\/wp\/v2\/product"}],"about":[{"href":"https:\/\/vitablanca.ma\/ar\/wp-json\/wp\/v2\/types\/product"}],"wp:featuredmedia":[{"embeddable":true,"href":"https:\/\/vitablanca.ma\/ar\/wp-json\/wp\/v2\/media\/15102"}],"wp:attachment":[{"href":"https:\/\/vitablanca.ma\/ar\/wp-json\/wp\/v2\/media?parent=15103"}],"wp:term":[{"taxonomy":"product_brand","embeddable":true,"href":"https:\/\/vitablanca.ma\/ar\/wp-json\/wp\/v2\/product_brand?post=15103"},{"taxonomy":"product_cat","embeddable":true,"href":"https:\/\/vitablanca.ma\/ar\/wp-json\/wp\/v2\/product_cat?post=15103"},{"taxonomy":"product_tag","embeddable":true,"href":"https:\/\/vitablanca.ma\/ar\/wp-json\/wp\/v2\/product_tag?post=15103"}],"curies":[{"name":"wp","href":"https:\/\/api.w.org\/{rel}","templated":true}]}}