{"id":15101,"date":"2025-06-10T15:51:19","date_gmt":"2025-06-10T15:51:19","guid":{"rendered":"https:\/\/vitablanca.ma\/product\/avent-biberon-natural-dapprentissage-150ml-5oz\/"},"modified":"2025-06-10T15:51:19","modified_gmt":"2025-06-10T15:51:19","slug":"avent-biberon-natural-dapprentissage-150ml-5oz","status":"publish","type":"product","link":"https:\/\/vitablanca.ma\/ar\/product-2\/avent-biberon-natural-dapprentissage-150ml-5oz\/","title":{"rendered":"AVENT Biberon Natural D&rsquo;Apprentissage 150ml \/ 5oz"},"content":{"rendered":"<h2>AVENT Biberon Natural D&rsquo;Apprentissage \/ 5oz Aidez votre b\u00e9b\u00e9 \u00e0 passer du biberon \u00e0 la tasse.<\/h2>\n<p class=\"\" data-mce-fragment=\"1\">Notre nouvelle tasse d&rsquo;apprentissage Natural aide votre b\u00e9b\u00e9 \u00e0 passer du biberon \u00e0 sa premi\u00e8re tasse. Gr\u00e2ce aux poign\u00e9es ergonomiques, votre b\u00e9b\u00e9 peut tenir son biberon tout seul, tout en continuant \u00e0 utiliser une t\u00e9tine qui lui est famili\u00e8re.<span data-mce-fragment=\"1\">\u00a0<\/span><\/p>\n<h3 class=\"p-heading-04-large p-heading-bold p-feature-title\">Poign\u00e9es d&rsquo;apprentissage douces pour les petites mains<\/h3>\n<p class=\"p-body-copy-02\">Les poign\u00e9es d&rsquo;apprentissage aident les tout-petits \u00e0 tenir le gobelet et \u00e0 boire de fa\u00e7on ind\u00e9pendante. Elles ont \u00e9t\u00e9 con\u00e7ues pour une prise en main facile par votre enfant, et sont aussi caoutchout\u00e9es pour une meilleure adh\u00e9rence.<\/p>\n<h3 class=\"p-heading-04-large p-heading-bold p-feature-title\">Valve anti-coliques con\u00e7ue pour r\u00e9duire le risque de coliques et d&rsquo;inconfort<\/h3>\n<p class=\"p-body-copy-02\">\u0635\u0645\u0627\u0645 \u0645\u0636\u0627\u062f \u0644\u0644\u0645\u063a\u0635 \u0645\u0635\u0645\u0645 \u0644\u0645\u0646\u0639 \u0627\u0644\u0647\u0648\u0627\u0621 \u0645\u0646 \u062f\u062e\u0648\u0644 \u0645\u0639\u062f\u0629 \u0637\u0641\u0644\u0643\u060c \u0645\u0645\u0627 \u064a\u0633\u0627\u0639\u062f \u0639\u0644\u0649 \u062a\u0642\u0644\u064a\u0644 \u062e\u0637\u0631 \u0627\u0644\u0625\u0635\u0627\u0628\u0629 \u0628\u0627\u0644\u0645\u063a\u0635 \u0648\u0639\u062f\u0645 \u0627\u0644\u0631\u0627\u062d\u0629.<\/p>\n<p class=\"p-heading-04-large p-heading-bold p-feature-title\"><strong>Toutes les pi\u00e8ces peuvent aller au lave-vaisselle.<\/strong><\/p>","protected":false},"excerpt":{"rendered":"<p>AVENT Biberon Natural D&rsquo;Apprentissage \/ 5oz Aidez votre b\u00e9b\u00e9 \u00e0 passer du biberon \u00e0 la tasse. Notre nouvelle tasse d&rsquo;apprentissage Natural aide votre b\u00e9b\u00e9 \u00e0 passer du biberon \u00e0 sa premi\u00e8re tasse. Gr\u00e2ce aux poign\u00e9es ergonomiques, votre b\u00e9b\u00e9 peut tenir son biberon tout seul, tout en continuant \u00e0 utiliser une t\u00e9tine qui lui est famili\u00e8re.\u00a0 [&hellip;]<\/p>\n","protected":false},"featured_media":15097,"template":"","meta":{"om_disable_all_campaigns":false},"product_brand":[],"product_cat":[15],"product_tag":[],"class_list":{"0":"post-15101","1":"product","2":"type-product","3":"status-publish","4":"has-post-thumbnail","6":"product_cat-beaute-sante-complements-alimentaires-soins-et-bien-etre-au-meilleur-prix","8":"first","9":"instock","10":"sale","11":"taxable","12":"shipping-taxable","13":"purchasable","14":"product-type-simple"},"yoast_head":"<!-- This site is optimized with the Yoast SEO plugin v27.4 - https:\/\/yoast.com\/product\/yoast-seo-wordpress\/ -->\n<title>AVENT Biberon Natural D&#039;Apprentissage 150ml \/ 5oz - Maroc Prix<\/title>\n<meta name=\"description\" content=\"AVENT Biberon Natural D&#039;Apprentissage 150ml \/ 5oz\" \/>\n<meta name=\"robots\" content=\"index, follow, max-snippet:-1, max-image-preview:large, max-video-preview:-1\" \/>\n<link rel=\"canonical\" href=\"https:\/\/vitablanca.ma\/ar\/product-2\/avent-biberon-natural-dapprentissage-150ml-5oz\/\" \/>\n<meta property=\"og:locale\" content=\"ar_AR\" \/>\n<meta property=\"og:type\" content=\"article\" \/>\n<meta property=\"og:title\" content=\"AVENT Biberon Natural D&#039;Apprentissage 150ml \/ 5oz - Maroc Prix\" \/>\n<meta property=\"og:description\" content=\"AVENT Biberon Natural D&#039;Apprentissage 150ml \/ 5oz\" \/>\n<meta property=\"og:url\" content=\"https:\/\/vitablanca.ma\/ar\/product-2\/avent-biberon-natural-dapprentissage-150ml-5oz\/\" \/>\n<meta property=\"og:site_name\" content=\"Vitablanca.ma &ndash; Sant&eacute;, vitalit&eacute; et bien-&ecirc;tre pour tous les Marocains\" \/>\n<meta property=\"article:publisher\" content=\"https:\/\/www.facebook.com\/profile.php?id=61576678196717\" \/>\n<meta property=\"og:image\" content=\"https:\/\/vitablanca.ma\/wp-content\/uploads\/2025\/06\/Philips-AVENT-Biberon-Natural-D_Apprentissage-150ml-5oz-nova-parapharmacie-casablanca.jpg\" \/>\n\t<meta property=\"og:image:width\" content=\"1000\" \/>\n\t<meta property=\"og:image:height\" content=\"1000\" \/>\n\t<meta property=\"og:image:type\" content=\"image\/jpeg\" \/>\n<meta name=\"twitter:card\" content=\"summary_large_image\" \/>\n<meta name=\"twitter:label1\" content=\"\u0648\u0642\u062a \u0627\u0644\u0642\u0631\u0627\u0621\u0629 \u0627\u0644\u0645\u064f\u0642\u062f\u0651\u0631\" \/>\n\t<meta name=\"twitter:data1\" content=\"\u062f\u0642\u064a\u0642\u0629 \u0648\u0627\u062d\u062f\u0629\" \/>\n<script type=\"application\/ld+json\" class=\"yoast-schema-graph\">{\"@context\":\"https:\\\/\\\/schema.org\",\"@graph\":[{\"@type\":[\"WebPage\",\"ItemPage\"],\"@id\":\"https:\\\/\\\/vitablanca.ma\\\/produit\\\/avent-biberon-natural-dapprentissage-150ml-5oz\\\/\",\"url\":\"https:\\\/\\\/vitablanca.ma\\\/produit\\\/avent-biberon-natural-dapprentissage-150ml-5oz\\\/\",\"name\":\"AVENT Biberon Natural D'Apprentissage 150ml \\\/ 5oz - Maroc Prix\",\"isPartOf\":{\"@id\":\"https:\\\/\\\/vitablanca.ma\\\/#website\"},\"primaryImageOfPage\":{\"@id\":\"https:\\\/\\\/vitablanca.ma\\\/produit\\\/avent-biberon-natural-dapprentissage-150ml-5oz\\\/#primaryimage\"},\"image\":{\"@id\":\"https:\\\/\\\/vitablanca.ma\\\/produit\\\/avent-biberon-natural-dapprentissage-150ml-5oz\\\/#primaryimage\"},\"thumbnailUrl\":\"https:\\\/\\\/vitablanca.ma\\\/wp-content\\\/uploads\\\/2025\\\/06\\\/Philips-AVENT-Biberon-Natural-D_Apprentissage-150ml-5oz-nova-parapharmacie-casablanca.jpg\",\"datePublished\":\"2025-06-10T15:51:19+00:00\",\"description\":\"AVENT Biberon Natural D'Apprentissage 150ml \\\/ 5oz\",\"breadcrumb\":{\"@id\":\"https:\\\/\\\/vitablanca.ma\\\/produit\\\/avent-biberon-natural-dapprentissage-150ml-5oz\\\/#breadcrumb\"},\"inLanguage\":\"ar\",\"potentialAction\":[{\"@type\":\"ReadAction\",\"target\":[\"https:\\\/\\\/vitablanca.ma\\\/produit\\\/avent-biberon-natural-dapprentissage-150ml-5oz\\\/\"]}]},{\"@type\":\"ImageObject\",\"inLanguage\":\"ar\",\"@id\":\"https:\\\/\\\/vitablanca.ma\\\/produit\\\/avent-biberon-natural-dapprentissage-150ml-5oz\\\/#primaryimage\",\"url\":\"https:\\\/\\\/vitablanca.ma\\\/wp-content\\\/uploads\\\/2025\\\/06\\\/Philips-AVENT-Biberon-Natural-D_Apprentissage-150ml-5oz-nova-parapharmacie-casablanca.jpg\",\"contentUrl\":\"https:\\\/\\\/vitablanca.ma\\\/wp-content\\\/uploads\\\/2025\\\/06\\\/Philips-AVENT-Biberon-Natural-D_Apprentissage-150ml-5oz-nova-parapharmacie-casablanca.jpg\",\"width\":1000,\"height\":1000},{\"@type\":\"BreadcrumbList\",\"@id\":\"https:\\\/\\\/vitablanca.ma\\\/produit\\\/avent-biberon-natural-dapprentissage-150ml-5oz\\\/#breadcrumb\",\"itemListElement\":[{\"@type\":\"ListItem\",\"position\":1,\"name\":\"Home\",\"item\":\"https:\\\/\\\/vitablanca.ma\\\/\"},{\"@type\":\"ListItem\",\"position\":2,\"name\":\"Tous Les Produits\",\"item\":\"https:\\\/\\\/vitablanca.ma\\\/tous-les-produits\\\/\"},{\"@type\":\"ListItem\",\"position\":3,\"name\":\"AVENT Biberon Natural D&rsquo;Apprentissage 150ml \\\/ 5oz\"}]},{\"@type\":\"WebSite\",\"@id\":\"https:\\\/\\\/vitablanca.ma\\\/#website\",\"url\":\"https:\\\/\\\/vitablanca.ma\\\/\",\"name\":\"VitaBlanca.ma | Compl\u00e9ments alimentaires, sant\u00e9 & beaut\u00e9 au Maroc\",\"description\":\"vendre vitamines et compl\u00e9ments premium des USA &amp; Canada, Nouvelle Z\u00e9lande,Maroc (NOW Foods, Solgar, Manuka). Livraison rapide partout au Maroc.\",\"publisher\":{\"@id\":\"https:\\\/\\\/vitablanca.ma\\\/#organization\"},\"alternateName\":\"VitaBlanca.ma\",\"potentialAction\":[{\"@type\":\"SearchAction\",\"target\":{\"@type\":\"EntryPoint\",\"urlTemplate\":\"https:\\\/\\\/vitablanca.ma\\\/?s={search_term_string}\"},\"query-input\":{\"@type\":\"PropertyValueSpecification\",\"valueRequired\":true,\"valueName\":\"search_term_string\"}}],\"inLanguage\":\"ar\"},{\"@type\":\"Organization\",\"@id\":\"https:\\\/\\\/vitablanca.ma\\\/#organization\",\"name\":\"VitaBlanca\",\"url\":\"https:\\\/\\\/vitablanca.ma\\\/\",\"logo\":{\"@type\":\"ImageObject\",\"inLanguage\":\"ar\",\"@id\":\"https:\\\/\\\/vitablanca.ma\\\/#\\\/schema\\\/logo\\\/image\\\/\",\"url\":\"https:\\\/\\\/vitablanca.ma\\\/wp-content\\\/uploads\\\/2025\\\/05\\\/cropped-vitablanca.png\",\"contentUrl\":\"https:\\\/\\\/vitablanca.ma\\\/wp-content\\\/uploads\\\/2025\\\/05\\\/cropped-vitablanca.png\",\"width\":360,\"height\":67,\"caption\":\"VitaBlanca\"},\"image\":{\"@id\":\"https:\\\/\\\/vitablanca.ma\\\/#\\\/schema\\\/logo\\\/image\\\/\"},\"sameAs\":[\"https:\\\/\\\/www.facebook.com\\\/profile.php?id=61576678196717\",\"https:\\\/\\\/www.tiktok.com\\\/@vitablanca.ma\",\"https:\\\/\\\/www.instagram.com\\\/vitablanca.ma\\\/\"]}]}<\/script>\n<!-- \/ Yoast SEO plugin. -->","yoast_head_json":{"title":"AVENT Biberon Natural D'Apprentissage 150ml \/ 5oz - Maroc Prix","description":"\u0632\u062c\u0627\u062c\u0629 \u062a\u062f\u0631\u064a\u0628 \u0637\u0628\u064a\u0639\u064a\u0629 \u0645\u0646 \u0623\u0641\u064a\u0646\u062a 150 \u0645\u0644 \/ 5 \u0623\u0648\u0646\u0635\u0629","robots":{"index":"index","follow":"follow","max-snippet":"max-snippet:-1","max-image-preview":"max-image-preview:large","max-video-preview":"max-video-preview:-1"},"canonical":"https:\/\/vitablanca.ma\/ar\/product-2\/avent-biberon-natural-dapprentissage-150ml-5oz\/","og_locale":"ar_AR","og_type":"article","og_title":"AVENT Biberon Natural D'Apprentissage 150ml \/ 5oz - Maroc Prix","og_description":"AVENT Biberon Natural D'Apprentissage 150ml \/ 5oz","og_url":"https:\/\/vitablanca.ma\/ar\/product-2\/avent-biberon-natural-dapprentissage-150ml-5oz\/","og_site_name":"Vitablanca.ma &ndash; Sant&eacute;, vitalit&eacute; et bien-&ecirc;tre pour tous les Marocains","article_publisher":"https:\/\/www.facebook.com\/profile.php?id=61576678196717","og_image":[{"width":1000,"height":1000,"url":"https:\/\/vitablanca.ma\/wp-content\/uploads\/2025\/06\/Philips-AVENT-Biberon-Natural-D_Apprentissage-150ml-5oz-nova-parapharmacie-casablanca.jpg","type":"image\/jpeg"}],"twitter_card":"summary_large_image","twitter_misc":{"\u0648\u0642\u062a \u0627\u0644\u0642\u0631\u0627\u0621\u0629 \u0627\u0644\u0645\u064f\u0642\u062f\u0651\u0631":"\u062f\u0642\u064a\u0642\u0629 \u0648\u0627\u062d\u062f\u0629"},"schema":{"@context":"https:\/\/schema.org","@graph":[{"@type":["WebPage","ItemPage"],"@id":"https:\/\/vitablanca.ma\/produit\/avent-biberon-natural-dapprentissage-150ml-5oz\/","url":"https:\/\/vitablanca.ma\/produit\/avent-biberon-natural-dapprentissage-150ml-5oz\/","name":"AVENT Biberon Natural D'Apprentissage 150ml \/ 5oz - Maroc Prix","isPartOf":{"@id":"https:\/\/vitablanca.ma\/#website"},"primaryImageOfPage":{"@id":"https:\/\/vitablanca.ma\/produit\/avent-biberon-natural-dapprentissage-150ml-5oz\/#primaryimage"},"image":{"@id":"https:\/\/vitablanca.ma\/produit\/avent-biberon-natural-dapprentissage-150ml-5oz\/#primaryimage"},"thumbnailUrl":"https:\/\/vitablanca.ma\/wp-content\/uploads\/2025\/06\/Philips-AVENT-Biberon-Natural-D_Apprentissage-150ml-5oz-nova-parapharmacie-casablanca.jpg","datePublished":"2025-06-10T15:51:19+00:00","description":"\u0632\u062c\u0627\u062c\u0629 \u062a\u062f\u0631\u064a\u0628 \u0637\u0628\u064a\u0639\u064a\u0629 \u0645\u0646 \u0623\u0641\u064a\u0646\u062a 150 \u0645\u0644 \/ 5 \u0623\u0648\u0646\u0635\u0629","breadcrumb":{"@id":"https:\/\/vitablanca.ma\/produit\/avent-biberon-natural-dapprentissage-150ml-5oz\/#breadcrumb"},"inLanguage":"ar","potentialAction":[{"@type":"ReadAction","target":["https:\/\/vitablanca.ma\/produit\/avent-biberon-natural-dapprentissage-150ml-5oz\/"]}]},{"@type":"ImageObject","inLanguage":"ar","@id":"https:\/\/vitablanca.ma\/produit\/avent-biberon-natural-dapprentissage-150ml-5oz\/#primaryimage","url":"https:\/\/vitablanca.ma\/wp-content\/uploads\/2025\/06\/Philips-AVENT-Biberon-Natural-D_Apprentissage-150ml-5oz-nova-parapharmacie-casablanca.jpg","contentUrl":"https:\/\/vitablanca.ma\/wp-content\/uploads\/2025\/06\/Philips-AVENT-Biberon-Natural-D_Apprentissage-150ml-5oz-nova-parapharmacie-casablanca.jpg","width":1000,"height":1000},{"@type":"BreadcrumbList","@id":"https:\/\/vitablanca.ma\/produit\/avent-biberon-natural-dapprentissage-150ml-5oz\/#breadcrumb","itemListElement":[{"@type":"ListItem","position":1,"name":"Home","item":"https:\/\/vitablanca.ma\/"},{"@type":"ListItem","position":2,"name":"Tous Les Produits","item":"https:\/\/vitablanca.ma\/tous-les-produits\/"},{"@type":"ListItem","position":3,"name":"AVENT Biberon Natural D&rsquo;Apprentissage 150ml \/ 5oz"}]},{"@type":"WebSite","@id":"https:\/\/vitablanca.ma\/#website","url":"https:\/\/vitablanca.ma\/","name":"VitaBlanca.ma | \u0627\u0644\u0645\u0643\u0645\u0644\u0627\u062a \u0627\u0644\u063a\u0630\u0627\u0626\u064a\u0629\u060c \u0627\u0644\u0635\u062d\u0629 \u0648\u0627\u0644\u062c\u0645\u0627\u0644 \u0641\u064a \u0627\u0644\u0645\u063a\u0631\u0628","description":"\u0646\u0628\u064a\u0639 \u0641\u064a\u062a\u0627\u0645\u064a\u0646\u0627\u062a \u0648\u0645\u0643\u0645\u0644\u0627\u062a \u063a\u0630\u0627\u0626\u064a\u0629 \u0641\u0627\u062e\u0631\u0629 \u0645\u0646 \u0627\u0644\u0648\u0644\u0627\u064a\u0627\u062a \u0627\u0644\u0645\u062a\u062d\u062f\u0629 \u0627\u0644\u0623\u0645\u0631\u064a\u0643\u064a\u0629 \u0648\u0643\u0646\u062f\u0627 \u0648\u0646\u064a\u0648\u0632\u064a\u0644\u0646\u062f\u0627 \u0648\u0627\u0644\u0645\u063a\u0631\u0628 (\u0646\u0627\u0648 \u0641\u0648\u062f\u0632\u060c \u0633\u0648\u0644\u062c\u0627\u0631\u060c \u0645\u0627\u0646\u0648\u0643\u0627). \u062a\u0648\u0635\u064a\u0644 \u0633\u0631\u064a\u0639 \u0625\u0644\u0649 \u062c\u0645\u064a\u0639 \u0623\u0646\u062d\u0627\u0621 \u0627\u0644\u0645\u063a\u0631\u0628.","publisher":{"@id":"https:\/\/vitablanca.ma\/#organization"},"alternateName":"VitaBlanca.ma","potentialAction":[{"@type":"SearchAction","target":{"@type":"EntryPoint","urlTemplate":"https:\/\/vitablanca.ma\/?s={search_term_string}"},"query-input":{"@type":"PropertyValueSpecification","valueRequired":true,"valueName":"search_term_string"}}],"inLanguage":"ar"},{"@type":"Organization","@id":"https:\/\/vitablanca.ma\/#organization","name":"\u0641\u064a\u062a\u0627\u0628\u0644\u0627\u0646\u0643\u0627","url":"https:\/\/vitablanca.ma\/","logo":{"@type":"ImageObject","inLanguage":"ar","@id":"https:\/\/vitablanca.ma\/#\/schema\/logo\/image\/","url":"https:\/\/vitablanca.ma\/wp-content\/uploads\/2025\/05\/cropped-vitablanca.png","contentUrl":"https:\/\/vitablanca.ma\/wp-content\/uploads\/2025\/05\/cropped-vitablanca.png","width":360,"height":67,"caption":"VitaBlanca"},"image":{"@id":"https:\/\/vitablanca.ma\/#\/schema\/logo\/image\/"},"sameAs":["https:\/\/www.facebook.com\/profile.php?id=61576678196717","https:\/\/www.tiktok.com\/@vitablanca.ma","https:\/\/www.instagram.com\/vitablanca.ma\/"]}]}},"jetpack_sharing_enabled":true,"_links":{"self":[{"href":"https:\/\/vitablanca.ma\/ar\/wp-json\/wp\/v2\/product\/15101","targetHints":{"allow":["GET"]}}],"collection":[{"href":"https:\/\/vitablanca.ma\/ar\/wp-json\/wp\/v2\/product"}],"about":[{"href":"https:\/\/vitablanca.ma\/ar\/wp-json\/wp\/v2\/types\/product"}],"wp:featuredmedia":[{"embeddable":true,"href":"https:\/\/vitablanca.ma\/ar\/wp-json\/wp\/v2\/media\/15097"}],"wp:attachment":[{"href":"https:\/\/vitablanca.ma\/ar\/wp-json\/wp\/v2\/media?parent=15101"}],"wp:term":[{"taxonomy":"product_brand","embeddable":true,"href":"https:\/\/vitablanca.ma\/ar\/wp-json\/wp\/v2\/product_brand?post=15101"},{"taxonomy":"product_cat","embeddable":true,"href":"https:\/\/vitablanca.ma\/ar\/wp-json\/wp\/v2\/product_cat?post=15101"},{"taxonomy":"product_tag","embeddable":true,"href":"https:\/\/vitablanca.ma\/ar\/wp-json\/wp\/v2\/product_tag?post=15101"}],"curies":[{"name":"wp","href":"https:\/\/api.w.org\/{rel}","templated":true}]}}