{"id":14985,"date":"2025-06-10T15:47:19","date_gmt":"2025-06-10T15:47:19","guid":{"rendered":"https:\/\/vitablanca.ma\/product\/avent-biberon-en-verre-natural-120ml-0m-scf051-17\/"},"modified":"2025-06-10T15:47:19","modified_gmt":"2025-06-10T15:47:19","slug":"avent-biberon-en-verre-natural-120ml-0m-scf051-17","status":"publish","type":"product","link":"https:\/\/vitablanca.ma\/ar\/product-2\/avent-biberon-en-verre-natural-120ml-0m-scf051-17\/","title":{"rendered":"AVENT Biberon En Verre Natural 120ml +0m scf051\/17"},"content":{"rendered":"<h2>AVENT Biberon En Verre Natural +0m <strong data-mce-fragment=\"1\">Id\u00e9al pour l\u2019allaitement mixte<\/strong><br \/>\n<\/h2>\n<p><span data-mce-fragment=\"1\">Notre biberon Natural est dot\u00e9 d\u2019une t\u00e9tine ultra-douce dont les caract\u00e9ristiques se rapprochent plus de celles du sein. Cette large t\u00e9tine imitant la forme du sein pr\u00e9sente un design flexible en spirale et des alv\u00e9oles de confort pour permettre une t\u00e9t\u00e9e naturelle et faciliter l\u2019alternance sein\/biberon.<\/span><\/p>\n<div class=\"p-s12__feature-item p-spacing-bottom-c\">\n<div class=\"p-s12__feature-description p-spacing-bottom-a\">\n<p class=\"p-heading-04-large p-heading-bold p-feature-title\"><strong>\u062d\u0644\u0645\u0629 \u0641\u0627\u0626\u0642\u0629 \u0627\u0644\u0646\u0639\u0648\u0645\u0629 \u0645\u0635\u0645\u0645\u0629 \u0644\u0645\u062d\u0627\u0643\u0627\u0629 \u0645\u0644\u0645\u0633 \u0627\u0644\u062b\u062f\u064a<\/strong><\/p>\n<p class=\"p-body-copy-02\">\u062a\u062a\u0645\u064a\u0632 \u0627\u0644\u062d\u0644\u0645\u0629 \u0628\u0645\u0644\u0645\u0633 \u0646\u0627\u0639\u0645 \u0644\u0644\u063a\u0627\u064a\u0629 \u0645\u0635\u0645\u0645 \u0644\u0645\u062d\u0627\u0643\u0627\u0629 \u0645\u0644\u0645\u0633 \u0627\u0644\u062b\u062f\u064a.<\/p>\n<\/div>\n<\/div>\n<div class=\"p-s12__feature-item p-spacing-bottom-c\">\n<div class=\"p-s12__feature-description p-spacing-bottom-a\">\n<p class=\"p-heading-04-large p-heading-bold p-feature-title\"><strong>\u0627\u0644\u0631\u0636\u0627\u0639\u0629 \u0627\u0644\u0637\u0628\u064a\u0639\u064a\u0629 \u0628\u0641\u0636\u0644 \u0627\u0644\u062d\u0644\u0645\u0629 \u0627\u0644\u0648\u0627\u0633\u0639\u0629 \u0627\u0644\u062a\u064a \u062a\u062d\u0627\u0643\u064a \u0634\u0643\u0644 \u0627\u0644\u062b\u062f\u064a<\/strong><\/p>\n<p class=\"p-body-copy-02\">La large t\u00e9tine imitant la forme du sein permet une t\u00e9t\u00e9e naturelle similaire \u00e0 l\u2019allaitement au sein, ce qui facilite l\u2019alternance sein\/biberon pour votre b\u00e9b\u00e9.<\/p>\n<p class=\"p-body-copy-02\"><strong>\u062a\u0635\u0645\u064a\u0645 \u062d\u0644\u0632\u0648\u0646\u064a \u0645\u0631\u0646 \u0645\u0639 \u062e\u0644\u0627\u064a\u0627 \u0645\u0631\u064a\u062d\u0629<\/strong><\/p>\n<\/div>\n<\/div>\n<div class=\"p-s12__feature-item p-spacing-bottom-c\">\n<div class=\"p-s12__feature-description p-spacing-bottom-a\">\n<p class=\"p-body-copy-02\">Le design flexible en spirale est associ\u00e9 \u00e0 nos alv\u00e9oles de confort uniques afin d\u2019obtenir une t\u00e9tine souple qui ne s\u2019\u00e9crase pas, pour une t\u00e9t\u00e9e plus naturelle.<\/p>\n<\/div>\n<\/div>","protected":false},"excerpt":{"rendered":"<p>AVENT Biberon En Verre Natural +0m Id\u00e9al pour l\u2019allaitement mixte Notre biberon Natural est dot\u00e9 d\u2019une t\u00e9tine ultra-douce dont les caract\u00e9ristiques se rapprochent plus de celles du sein. Cette large t\u00e9tine imitant la forme du sein pr\u00e9sente un design flexible en spirale et des alv\u00e9oles de confort pour permettre une t\u00e9t\u00e9e naturelle et faciliter l\u2019alternance [&hellip;]<\/p>\n","protected":false},"featured_media":14982,"template":"","meta":{"om_disable_all_campaigns":false},"product_brand":[],"product_cat":[15],"product_tag":[],"class_list":{"0":"post-14985","1":"product","2":"type-product","3":"status-publish","4":"has-post-thumbnail","6":"product_cat-beaute-sante-complements-alimentaires-soins-et-bien-etre-au-meilleur-prix","8":"first","9":"instock","10":"sale","11":"taxable","12":"shipping-taxable","13":"purchasable","14":"product-type-simple"},"yoast_head":"<!-- This site is optimized with the Yoast SEO plugin v27.5 - https:\/\/yoast.com\/product\/yoast-seo-wordpress\/ -->\n<title>AVENT Biberon En Verre Natural 120ml +0m scf051\/17 - Maroc Prix<\/title>\n<meta name=\"description\" content=\"AVENT Biberon En Verre Natural 120ml +0m scf051\/17\" \/>\n<meta name=\"robots\" content=\"index, follow, max-snippet:-1, max-image-preview:large, max-video-preview:-1\" \/>\n<link rel=\"canonical\" href=\"https:\/\/vitablanca.ma\/ar\/product-2\/avent-biberon-en-verre-natural-120ml-0m-scf051-17\/\" \/>\n<meta property=\"og:locale\" content=\"ar_AR\" \/>\n<meta property=\"og:type\" content=\"article\" \/>\n<meta property=\"og:title\" content=\"AVENT Biberon En Verre Natural 120ml +0m scf051\/17 - Maroc Prix\" \/>\n<meta property=\"og:description\" content=\"AVENT Biberon En Verre Natural 120ml +0m scf051\/17\" \/>\n<meta property=\"og:url\" content=\"https:\/\/vitablanca.ma\/ar\/product-2\/avent-biberon-en-verre-natural-120ml-0m-scf051-17\/\" \/>\n<meta property=\"og:site_name\" content=\"Vitablanca.ma &ndash; Sant&eacute;, vitalit&eacute; et bien-&ecirc;tre pour tous les Marocains\" \/>\n<meta property=\"article:publisher\" content=\"https:\/\/www.facebook.com\/profile.php?id=61576678196717\" \/>\n<meta property=\"og:image\" content=\"https:\/\/vitablanca.ma\/wp-content\/uploads\/2025\/06\/Philips-AVENT-Biberon-En-Verre-Natural-120ml-_0m-nova-parapharmacie-maroc.jpg\" \/>\n\t<meta property=\"og:image:width\" content=\"1000\" \/>\n\t<meta property=\"og:image:height\" content=\"1000\" \/>\n\t<meta property=\"og:image:type\" content=\"image\/jpeg\" \/>\n<meta name=\"twitter:card\" content=\"summary_large_image\" \/>\n<meta name=\"twitter:label1\" content=\"\u0648\u0642\u062a \u0627\u0644\u0642\u0631\u0627\u0621\u0629 \u0627\u0644\u0645\u064f\u0642\u062f\u0651\u0631\" \/>\n\t<meta name=\"twitter:data1\" content=\"\u062f\u0642\u064a\u0642\u0629 \u0648\u0627\u062d\u062f\u0629\" \/>\n<script type=\"application\/ld+json\" class=\"yoast-schema-graph\">{\"@context\":\"https:\\\/\\\/schema.org\",\"@graph\":[{\"@type\":[\"WebPage\",\"ItemPage\"],\"@id\":\"https:\\\/\\\/vitablanca.ma\\\/produit\\\/avent-biberon-en-verre-natural-120ml-0m-scf051-17\\\/\",\"url\":\"https:\\\/\\\/vitablanca.ma\\\/produit\\\/avent-biberon-en-verre-natural-120ml-0m-scf051-17\\\/\",\"name\":\"AVENT Biberon En Verre Natural 120ml +0m scf051\\\/17 - Maroc Prix\",\"isPartOf\":{\"@id\":\"https:\\\/\\\/vitablanca.ma\\\/#website\"},\"primaryImageOfPage\":{\"@id\":\"https:\\\/\\\/vitablanca.ma\\\/produit\\\/avent-biberon-en-verre-natural-120ml-0m-scf051-17\\\/#primaryimage\"},\"image\":{\"@id\":\"https:\\\/\\\/vitablanca.ma\\\/produit\\\/avent-biberon-en-verre-natural-120ml-0m-scf051-17\\\/#primaryimage\"},\"thumbnailUrl\":\"https:\\\/\\\/vitablanca.ma\\\/wp-content\\\/uploads\\\/2025\\\/06\\\/Philips-AVENT-Biberon-En-Verre-Natural-120ml-_0m-nova-parapharmacie-maroc.jpg\",\"datePublished\":\"2025-06-10T15:47:19+00:00\",\"description\":\"AVENT Biberon En Verre Natural 120ml +0m scf051\\\/17\",\"breadcrumb\":{\"@id\":\"https:\\\/\\\/vitablanca.ma\\\/produit\\\/avent-biberon-en-verre-natural-120ml-0m-scf051-17\\\/#breadcrumb\"},\"inLanguage\":\"ar\",\"potentialAction\":[{\"@type\":\"ReadAction\",\"target\":[\"https:\\\/\\\/vitablanca.ma\\\/produit\\\/avent-biberon-en-verre-natural-120ml-0m-scf051-17\\\/\"]}]},{\"@type\":\"ImageObject\",\"inLanguage\":\"ar\",\"@id\":\"https:\\\/\\\/vitablanca.ma\\\/produit\\\/avent-biberon-en-verre-natural-120ml-0m-scf051-17\\\/#primaryimage\",\"url\":\"https:\\\/\\\/vitablanca.ma\\\/wp-content\\\/uploads\\\/2025\\\/06\\\/Philips-AVENT-Biberon-En-Verre-Natural-120ml-_0m-nova-parapharmacie-maroc.jpg\",\"contentUrl\":\"https:\\\/\\\/vitablanca.ma\\\/wp-content\\\/uploads\\\/2025\\\/06\\\/Philips-AVENT-Biberon-En-Verre-Natural-120ml-_0m-nova-parapharmacie-maroc.jpg\",\"width\":1000,\"height\":1000},{\"@type\":\"BreadcrumbList\",\"@id\":\"https:\\\/\\\/vitablanca.ma\\\/produit\\\/avent-biberon-en-verre-natural-120ml-0m-scf051-17\\\/#breadcrumb\",\"itemListElement\":[{\"@type\":\"ListItem\",\"position\":1,\"name\":\"Home\",\"item\":\"https:\\\/\\\/vitablanca.ma\\\/\"},{\"@type\":\"ListItem\",\"position\":2,\"name\":\"Tous Les Produits\",\"item\":\"https:\\\/\\\/vitablanca.ma\\\/tous-les-produits\\\/\"},{\"@type\":\"ListItem\",\"position\":3,\"name\":\"AVENT Biberon En Verre Natural 120ml +0m scf051\\\/17\"}]},{\"@type\":\"WebSite\",\"@id\":\"https:\\\/\\\/vitablanca.ma\\\/#website\",\"url\":\"https:\\\/\\\/vitablanca.ma\\\/\",\"name\":\"VitaBlanca.ma | Compl\u00e9ments alimentaires, sant\u00e9 & beaut\u00e9 au Maroc\",\"description\":\"vendre vitamines et compl\u00e9ments premium des USA &amp; Canada, Nouvelle Z\u00e9lande,Maroc (NOW Foods, Solgar, Manuka). Livraison rapide partout au Maroc.\",\"publisher\":{\"@id\":\"https:\\\/\\\/vitablanca.ma\\\/#organization\"},\"alternateName\":\"VitaBlanca.ma\",\"potentialAction\":[{\"@type\":\"SearchAction\",\"target\":{\"@type\":\"EntryPoint\",\"urlTemplate\":\"https:\\\/\\\/vitablanca.ma\\\/?s={search_term_string}\"},\"query-input\":{\"@type\":\"PropertyValueSpecification\",\"valueRequired\":true,\"valueName\":\"search_term_string\"}}],\"inLanguage\":\"ar\"},{\"@type\":\"Organization\",\"@id\":\"https:\\\/\\\/vitablanca.ma\\\/#organization\",\"name\":\"VitaBlanca\",\"url\":\"https:\\\/\\\/vitablanca.ma\\\/\",\"logo\":{\"@type\":\"ImageObject\",\"inLanguage\":\"ar\",\"@id\":\"https:\\\/\\\/vitablanca.ma\\\/#\\\/schema\\\/logo\\\/image\\\/\",\"url\":\"https:\\\/\\\/vitablanca.ma\\\/wp-content\\\/uploads\\\/2025\\\/05\\\/cropped-vitablanca.png\",\"contentUrl\":\"https:\\\/\\\/vitablanca.ma\\\/wp-content\\\/uploads\\\/2025\\\/05\\\/cropped-vitablanca.png\",\"width\":360,\"height\":67,\"caption\":\"VitaBlanca\"},\"image\":{\"@id\":\"https:\\\/\\\/vitablanca.ma\\\/#\\\/schema\\\/logo\\\/image\\\/\"},\"sameAs\":[\"https:\\\/\\\/www.facebook.com\\\/profile.php?id=61576678196717\",\"https:\\\/\\\/www.tiktok.com\\\/@vitablanca.ma\",\"https:\\\/\\\/www.instagram.com\\\/vitablanca.ma\\\/\"]}]}<\/script>\n<!-- \/ Yoast SEO plugin. -->","yoast_head_json":{"title":"AVENT Biberon En Verre Natural 120ml +0m scf051\/17 - Maroc Prix","description":"AVENT Biberon En Verre Natural 120ml +0m scf051\/17","robots":{"index":"index","follow":"follow","max-snippet":"max-snippet:-1","max-image-preview":"max-image-preview:large","max-video-preview":"max-video-preview:-1"},"canonical":"https:\/\/vitablanca.ma\/ar\/product-2\/avent-biberon-en-verre-natural-120ml-0m-scf051-17\/","og_locale":"ar_AR","og_type":"article","og_title":"AVENT Biberon En Verre Natural 120ml +0m scf051\/17 - Maroc Prix","og_description":"AVENT Biberon En Verre Natural 120ml +0m scf051\/17","og_url":"https:\/\/vitablanca.ma\/ar\/product-2\/avent-biberon-en-verre-natural-120ml-0m-scf051-17\/","og_site_name":"Vitablanca.ma &ndash; Sant&eacute;, vitalit&eacute; et bien-&ecirc;tre pour tous les Marocains","article_publisher":"https:\/\/www.facebook.com\/profile.php?id=61576678196717","og_image":[{"width":1000,"height":1000,"url":"https:\/\/vitablanca.ma\/wp-content\/uploads\/2025\/06\/Philips-AVENT-Biberon-En-Verre-Natural-120ml-_0m-nova-parapharmacie-maroc.jpg","type":"image\/jpeg"}],"twitter_card":"summary_large_image","twitter_misc":{"\u0648\u0642\u062a \u0627\u0644\u0642\u0631\u0627\u0621\u0629 \u0627\u0644\u0645\u064f\u0642\u062f\u0651\u0631":"\u062f\u0642\u064a\u0642\u0629 \u0648\u0627\u062d\u062f\u0629"},"schema":{"@context":"https:\/\/schema.org","@graph":[{"@type":["WebPage","ItemPage"],"@id":"https:\/\/vitablanca.ma\/produit\/avent-biberon-en-verre-natural-120ml-0m-scf051-17\/","url":"https:\/\/vitablanca.ma\/produit\/avent-biberon-en-verre-natural-120ml-0m-scf051-17\/","name":"AVENT Biberon En Verre Natural 120ml +0m scf051\/17 - Maroc Prix","isPartOf":{"@id":"https:\/\/vitablanca.ma\/#website"},"primaryImageOfPage":{"@id":"https:\/\/vitablanca.ma\/produit\/avent-biberon-en-verre-natural-120ml-0m-scf051-17\/#primaryimage"},"image":{"@id":"https:\/\/vitablanca.ma\/produit\/avent-biberon-en-verre-natural-120ml-0m-scf051-17\/#primaryimage"},"thumbnailUrl":"https:\/\/vitablanca.ma\/wp-content\/uploads\/2025\/06\/Philips-AVENT-Biberon-En-Verre-Natural-120ml-_0m-nova-parapharmacie-maroc.jpg","datePublished":"2025-06-10T15:47:19+00:00","description":"AVENT Biberon En Verre Natural 120ml +0m scf051\/17","breadcrumb":{"@id":"https:\/\/vitablanca.ma\/produit\/avent-biberon-en-verre-natural-120ml-0m-scf051-17\/#breadcrumb"},"inLanguage":"ar","potentialAction":[{"@type":"ReadAction","target":["https:\/\/vitablanca.ma\/produit\/avent-biberon-en-verre-natural-120ml-0m-scf051-17\/"]}]},{"@type":"ImageObject","inLanguage":"ar","@id":"https:\/\/vitablanca.ma\/produit\/avent-biberon-en-verre-natural-120ml-0m-scf051-17\/#primaryimage","url":"https:\/\/vitablanca.ma\/wp-content\/uploads\/2025\/06\/Philips-AVENT-Biberon-En-Verre-Natural-120ml-_0m-nova-parapharmacie-maroc.jpg","contentUrl":"https:\/\/vitablanca.ma\/wp-content\/uploads\/2025\/06\/Philips-AVENT-Biberon-En-Verre-Natural-120ml-_0m-nova-parapharmacie-maroc.jpg","width":1000,"height":1000},{"@type":"BreadcrumbList","@id":"https:\/\/vitablanca.ma\/produit\/avent-biberon-en-verre-natural-120ml-0m-scf051-17\/#breadcrumb","itemListElement":[{"@type":"ListItem","position":1,"name":"Home","item":"https:\/\/vitablanca.ma\/"},{"@type":"ListItem","position":2,"name":"Tous Les Produits","item":"https:\/\/vitablanca.ma\/tous-les-produits\/"},{"@type":"ListItem","position":3,"name":"AVENT Biberon En Verre Natural 120ml +0m scf051\/17"}]},{"@type":"WebSite","@id":"https:\/\/vitablanca.ma\/#website","url":"https:\/\/vitablanca.ma\/","name":"VitaBlanca.ma | \u0627\u0644\u0645\u0643\u0645\u0644\u0627\u062a \u0627\u0644\u063a\u0630\u0627\u0626\u064a\u0629\u060c \u0627\u0644\u0635\u062d\u0629 \u0648\u0627\u0644\u062c\u0645\u0627\u0644 \u0641\u064a \u0627\u0644\u0645\u063a\u0631\u0628","description":"\u0646\u0628\u064a\u0639 \u0641\u064a\u062a\u0627\u0645\u064a\u0646\u0627\u062a \u0648\u0645\u0643\u0645\u0644\u0627\u062a \u063a\u0630\u0627\u0626\u064a\u0629 \u0641\u0627\u062e\u0631\u0629 \u0645\u0646 \u0627\u0644\u0648\u0644\u0627\u064a\u0627\u062a \u0627\u0644\u0645\u062a\u062d\u062f\u0629 \u0627\u0644\u0623\u0645\u0631\u064a\u0643\u064a\u0629 \u0648\u0643\u0646\u062f\u0627 \u0648\u0646\u064a\u0648\u0632\u064a\u0644\u0646\u062f\u0627 \u0648\u0627\u0644\u0645\u063a\u0631\u0628 (\u0646\u0627\u0648 \u0641\u0648\u062f\u0632\u060c \u0633\u0648\u0644\u062c\u0627\u0631\u060c \u0645\u0627\u0646\u0648\u0643\u0627). \u062a\u0648\u0635\u064a\u0644 \u0633\u0631\u064a\u0639 \u0625\u0644\u0649 \u062c\u0645\u064a\u0639 \u0623\u0646\u062d\u0627\u0621 \u0627\u0644\u0645\u063a\u0631\u0628.","publisher":{"@id":"https:\/\/vitablanca.ma\/#organization"},"alternateName":"VitaBlanca.ma","potentialAction":[{"@type":"SearchAction","target":{"@type":"EntryPoint","urlTemplate":"https:\/\/vitablanca.ma\/?s={search_term_string}"},"query-input":{"@type":"PropertyValueSpecification","valueRequired":true,"valueName":"search_term_string"}}],"inLanguage":"ar"},{"@type":"Organization","@id":"https:\/\/vitablanca.ma\/#organization","name":"\u0641\u064a\u062a\u0627\u0628\u0644\u0627\u0646\u0643\u0627","url":"https:\/\/vitablanca.ma\/","logo":{"@type":"ImageObject","inLanguage":"ar","@id":"https:\/\/vitablanca.ma\/#\/schema\/logo\/image\/","url":"https:\/\/vitablanca.ma\/wp-content\/uploads\/2025\/05\/cropped-vitablanca.png","contentUrl":"https:\/\/vitablanca.ma\/wp-content\/uploads\/2025\/05\/cropped-vitablanca.png","width":360,"height":67,"caption":"VitaBlanca"},"image":{"@id":"https:\/\/vitablanca.ma\/#\/schema\/logo\/image\/"},"sameAs":["https:\/\/www.facebook.com\/profile.php?id=61576678196717","https:\/\/www.tiktok.com\/@vitablanca.ma","https:\/\/www.instagram.com\/vitablanca.ma\/"]}]}},"jetpack_sharing_enabled":true,"_links":{"self":[{"href":"https:\/\/vitablanca.ma\/ar\/wp-json\/wp\/v2\/product\/14985","targetHints":{"allow":["GET"]}}],"collection":[{"href":"https:\/\/vitablanca.ma\/ar\/wp-json\/wp\/v2\/product"}],"about":[{"href":"https:\/\/vitablanca.ma\/ar\/wp-json\/wp\/v2\/types\/product"}],"wp:featuredmedia":[{"embeddable":true,"href":"https:\/\/vitablanca.ma\/ar\/wp-json\/wp\/v2\/media\/14982"}],"wp:attachment":[{"href":"https:\/\/vitablanca.ma\/ar\/wp-json\/wp\/v2\/media?parent=14985"}],"wp:term":[{"taxonomy":"product_brand","embeddable":true,"href":"https:\/\/vitablanca.ma\/ar\/wp-json\/wp\/v2\/product_brand?post=14985"},{"taxonomy":"product_cat","embeddable":true,"href":"https:\/\/vitablanca.ma\/ar\/wp-json\/wp\/v2\/product_cat?post=14985"},{"taxonomy":"product_tag","embeddable":true,"href":"https:\/\/vitablanca.ma\/ar\/wp-json\/wp\/v2\/product_tag?post=14985"}],"curies":[{"name":"wp","href":"https:\/\/api.w.org\/{rel}","templated":true}]}}