{"id":14946,"date":"2025-06-10T15:44:22","date_gmt":"2025-06-10T15:44:22","guid":{"rendered":"https:\/\/vitablanca.ma\/product\/addax-hydroxia-creme-main-hydratante-75ml\/"},"modified":"2025-07-13T17:02:46","modified_gmt":"2025-07-13T17:02:46","slug":"addax-hydroxia-creme-main-hydratante-75ml","status":"publish","type":"product","link":"https:\/\/vitablanca.ma\/ar\/product-2\/addax-hydroxia-creme-main-hydratante-75ml\/","title":{"rendered":"Addax Hydroxia Cr\u00e8me main hydratante 75ml"},"content":{"rendered":"<h2 data-mce-fragment=\"1\"><strong data-mce-fragment=\"1\">Addax Hydroxia Cr\u00e8me main hydratante 75ml<\/strong><\/h2>\n<p data-mce-fragment=\"1\"><strong data-mce-fragment=\"1\">\u062a\u0639\u0628\u064a\u0631 :<\/strong><br data-mce-fragment=\"1\">Glyc\u00e9rol. 2,5%<br data-mce-fragment=\"1\">Sorbitol. 2,5%<br data-mce-fragment=\"1\">GP4G. 1,0%<br data-mce-fragment=\"1\">Acide Kojique. 0,8%<br data-mce-fragment=\"1\">Ur\u00e9e. 3%<br data-mce-fragment=\"1\">Acide glycolique. 0.8%<br data-mce-fragment=\"1\">Acide citrique. 0.8%<br data-mce-fragment=\"1\">Busserole. 1.5%<br data-mce-fragment=\"1\">Vitamine C. 0.2%<br data-mce-fragment=\"1\">Ursi uva. 1%<br data-mce-fragment=\"1\">Extrait de camelia. 1%<br data-mce-fragment=\"1\">Excipients. q.s.p\u2026100%<\/p>\n<p data-mce-fragment=\"1\"><span data-mce-fragment=\"1\"><b data-mce-fragment=\"1\">\u0645\u0644\u0643\u064a\u0627\u062a<\/b><\/span><strong data-mce-fragment=\"1\">\u00a0:<\/strong><br data-mce-fragment=\"1\"><span data-mce-fragment=\"1\">HYDROXIA, est un soin unique dans le traitement du vieillissement cutan\u00e9 des mains. Les rides et ridules s\u2019estompent comme sous l\u2019effet d\u2019un lifting gr\u00e2ce \u00e0 l\u2019action conjointe des Alpha Hydroxy Acides et de la vitamine C.<\/span><br data-mce-fragment=\"1\"><span data-mce-fragment=\"1\">Les taches brunes sont \u00e9limin\u00e9es gr\u00e2ce \u00e0 l\u2019acide kojique suractiv\u00e9, l\u2019acide citrique et l\u2019extrait de busserole.<\/span><br data-mce-fragment=\"1\"><span data-mce-fragment=\"1\">Le GP4G restructure la peau, la vitamine E et l\u2019extrait de th\u00e9 vert la prot\u00e8gent des radicaux libres, la peau est prot\u00e9g\u00e9e du soleil avec un filtre solaire indice 8. Rapidement les mains retrouvent leur jeunesse.<\/span><\/p>\n<p data-mce-fragment=\"1\"><strong data-mce-fragment=\"1\">\u062f\u0648\u0627\u0639\u064a \u0627\u0644\u0627\u0633\u062a\u0639\u0645\u0627\u0644:<\/strong><br data-mce-fragment=\"1\">\u2013 Mains ab\u00eem\u00e9es<br data-mce-fragment=\"1\">\u2013 Taches brunes<br data-mce-fragment=\"1\">\u2013 Rides<br data-mce-fragment=\"1\">\u2013 Fendillement<br data-mce-fragment=\"1\">\u2013 Tiraillement<\/p>\n<p data-mce-fragment=\"1\"><strong data-mce-fragment=\"1\">POSOLOGIE :<\/strong><br data-mce-fragment=\"1\">Appliquer deux fois par jour.<br data-mce-fragment=\"1\">Contenance : 75 ml<\/p>","protected":false},"excerpt":{"rendered":"<p>Addax Hydroxia Cr\u00e8me main hydratante 75ml COMPOSITION :Glyc\u00e9rol. 2,5%Sorbitol. 2,5%GP4G. 1,0%Acide Kojique. 0,8%Ur\u00e9e. 3%Acide glycolique. 0.8%Acide citrique. 0.8%Busserole. 1.5%Vitamine C. 0.2%Ursi uva. 1%Extrait de camelia. 1%Excipients. q.s.p\u2026100% PROPRI\u00c9T\u00c9S\u00a0:HYDROXIA, est un soin unique dans le traitement du vieillissement cutan\u00e9 des mains. Les rides et ridules s\u2019estompent comme sous l\u2019effet d\u2019un lifting gr\u00e2ce \u00e0 l\u2019action conjointe des [&hellip;]<\/p>\n","protected":false},"featured_media":14945,"template":"","meta":{"om_disable_all_campaigns":false},"product_brand":[2790],"product_cat":[18,15],"product_tag":[3259,3260,3261],"class_list":{"0":"post-14946","1":"product","2":"type-product","3":"status-publish","4":"has-post-thumbnail","6":"product_brand-addax-prix-maroc","7":"product_cat-beaute-sante","8":"product_cat-beaute-sante-complements-alimentaires-soins-et-bien-etre-au-meilleur-prix","9":"product_tag-addax","10":"product_tag-addax-maroc","11":"product_tag-addax-morocco","13":"first","14":"instock","15":"sale","16":"taxable","17":"shipping-taxable","18":"purchasable","19":"product-type-simple"},"yoast_head":"<!-- This site is optimized with the Yoast SEO plugin v27.5 - https:\/\/yoast.com\/product\/yoast-seo-wordpress\/ -->\n<title>Addax Hydroxia Cr\u00e8me main hydratante 75ml - Maroc Prix<\/title>\n<meta name=\"description\" content=\"Addax Hydroxia Cr\u00e8me main hydratante 75ml\" \/>\n<meta name=\"robots\" content=\"index, follow, max-snippet:-1, max-image-preview:large, max-video-preview:-1\" \/>\n<link rel=\"canonical\" href=\"https:\/\/vitablanca.ma\/ar\/product-2\/addax-hydroxia-creme-main-hydratante-75ml\/\" \/>\n<meta property=\"og:locale\" content=\"ar_AR\" \/>\n<meta property=\"og:type\" content=\"article\" \/>\n<meta property=\"og:title\" content=\"Addax Hydroxia Cr\u00e8me main hydratante 75ml - Maroc Prix\" \/>\n<meta property=\"og:description\" content=\"Addax Hydroxia Cr\u00e8me main hydratante 75ml\" \/>\n<meta property=\"og:url\" content=\"https:\/\/vitablanca.ma\/ar\/product-2\/addax-hydroxia-creme-main-hydratante-75ml\/\" \/>\n<meta property=\"og:site_name\" content=\"Vitablanca.ma &ndash; Sant&eacute;, vitalit&eacute; et bien-&ecirc;tre pour tous les Marocains\" \/>\n<meta property=\"article:publisher\" content=\"https:\/\/www.facebook.com\/profile.php?id=61576678196717\" \/>\n<meta property=\"article:modified_time\" content=\"2025-07-13T17:02:46+00:00\" \/>\n<meta property=\"og:image\" content=\"https:\/\/vitablanca.ma\/wp-content\/uploads\/2025\/06\/addax-hydroxia-creme-mains-hydratante-75-ml.jpg\" \/>\n\t<meta property=\"og:image:width\" content=\"1000\" \/>\n\t<meta property=\"og:image:height\" content=\"1000\" \/>\n\t<meta property=\"og:image:type\" content=\"image\/jpeg\" \/>\n<meta name=\"twitter:card\" content=\"summary_large_image\" \/>\n<meta name=\"twitter:label1\" content=\"\u0648\u0642\u062a \u0627\u0644\u0642\u0631\u0627\u0621\u0629 \u0627\u0644\u0645\u064f\u0642\u062f\u0651\u0631\" \/>\n\t<meta name=\"twitter:data1\" content=\"\u062f\u0642\u064a\u0642\u0629 \u0648\u0627\u062d\u062f\u0629\" \/>\n<script type=\"application\/ld+json\" class=\"yoast-schema-graph\">{\"@context\":\"https:\\\/\\\/schema.org\",\"@graph\":[{\"@type\":[\"WebPage\",\"ItemPage\"],\"@id\":\"https:\\\/\\\/vitablanca.ma\\\/produit\\\/addax-hydroxia-creme-main-hydratante-75ml\\\/\",\"url\":\"https:\\\/\\\/vitablanca.ma\\\/produit\\\/addax-hydroxia-creme-main-hydratante-75ml\\\/\",\"name\":\"Addax Hydroxia Cr\u00e8me main hydratante 75ml - Maroc Prix\",\"isPartOf\":{\"@id\":\"https:\\\/\\\/vitablanca.ma\\\/#website\"},\"primaryImageOfPage\":{\"@id\":\"https:\\\/\\\/vitablanca.ma\\\/produit\\\/addax-hydroxia-creme-main-hydratante-75ml\\\/#primaryimage\"},\"image\":{\"@id\":\"https:\\\/\\\/vitablanca.ma\\\/produit\\\/addax-hydroxia-creme-main-hydratante-75ml\\\/#primaryimage\"},\"thumbnailUrl\":\"https:\\\/\\\/vitablanca.ma\\\/wp-content\\\/uploads\\\/2025\\\/06\\\/addax-hydroxia-creme-mains-hydratante-75-ml.jpg\",\"datePublished\":\"2025-06-10T15:44:22+00:00\",\"dateModified\":\"2025-07-13T17:02:46+00:00\",\"description\":\"Addax Hydroxia Cr\u00e8me main hydratante 75ml\",\"breadcrumb\":{\"@id\":\"https:\\\/\\\/vitablanca.ma\\\/produit\\\/addax-hydroxia-creme-main-hydratante-75ml\\\/#breadcrumb\"},\"inLanguage\":\"ar\",\"potentialAction\":[{\"@type\":\"ReadAction\",\"target\":[\"https:\\\/\\\/vitablanca.ma\\\/produit\\\/addax-hydroxia-creme-main-hydratante-75ml\\\/\"]}]},{\"@type\":\"ImageObject\",\"inLanguage\":\"ar\",\"@id\":\"https:\\\/\\\/vitablanca.ma\\\/produit\\\/addax-hydroxia-creme-main-hydratante-75ml\\\/#primaryimage\",\"url\":\"https:\\\/\\\/vitablanca.ma\\\/wp-content\\\/uploads\\\/2025\\\/06\\\/addax-hydroxia-creme-mains-hydratante-75-ml.jpg\",\"contentUrl\":\"https:\\\/\\\/vitablanca.ma\\\/wp-content\\\/uploads\\\/2025\\\/06\\\/addax-hydroxia-creme-mains-hydratante-75-ml.jpg\",\"width\":1000,\"height\":1000},{\"@type\":\"BreadcrumbList\",\"@id\":\"https:\\\/\\\/vitablanca.ma\\\/produit\\\/addax-hydroxia-creme-main-hydratante-75ml\\\/#breadcrumb\",\"itemListElement\":[{\"@type\":\"ListItem\",\"position\":1,\"name\":\"Home\",\"item\":\"https:\\\/\\\/vitablanca.ma\\\/\"},{\"@type\":\"ListItem\",\"position\":2,\"name\":\"Tous Les Produits\",\"item\":\"https:\\\/\\\/vitablanca.ma\\\/tous-les-produits\\\/\"},{\"@type\":\"ListItem\",\"position\":3,\"name\":\"Addax Hydroxia Cr\u00e8me main hydratante 75ml\"}]},{\"@type\":\"WebSite\",\"@id\":\"https:\\\/\\\/vitablanca.ma\\\/#website\",\"url\":\"https:\\\/\\\/vitablanca.ma\\\/\",\"name\":\"VitaBlanca.ma | Compl\u00e9ments alimentaires, sant\u00e9 & beaut\u00e9 au Maroc\",\"description\":\"vendre vitamines et compl\u00e9ments premium des USA &amp; Canada, Nouvelle Z\u00e9lande,Maroc (NOW Foods, Solgar, Manuka). Livraison rapide partout au Maroc.\",\"publisher\":{\"@id\":\"https:\\\/\\\/vitablanca.ma\\\/#organization\"},\"alternateName\":\"VitaBlanca.ma\",\"potentialAction\":[{\"@type\":\"SearchAction\",\"target\":{\"@type\":\"EntryPoint\",\"urlTemplate\":\"https:\\\/\\\/vitablanca.ma\\\/?s={search_term_string}\"},\"query-input\":{\"@type\":\"PropertyValueSpecification\",\"valueRequired\":true,\"valueName\":\"search_term_string\"}}],\"inLanguage\":\"ar\"},{\"@type\":\"Organization\",\"@id\":\"https:\\\/\\\/vitablanca.ma\\\/#organization\",\"name\":\"VitaBlanca\",\"url\":\"https:\\\/\\\/vitablanca.ma\\\/\",\"logo\":{\"@type\":\"ImageObject\",\"inLanguage\":\"ar\",\"@id\":\"https:\\\/\\\/vitablanca.ma\\\/#\\\/schema\\\/logo\\\/image\\\/\",\"url\":\"https:\\\/\\\/vitablanca.ma\\\/wp-content\\\/uploads\\\/2025\\\/05\\\/cropped-vitablanca.png\",\"contentUrl\":\"https:\\\/\\\/vitablanca.ma\\\/wp-content\\\/uploads\\\/2025\\\/05\\\/cropped-vitablanca.png\",\"width\":360,\"height\":67,\"caption\":\"VitaBlanca\"},\"image\":{\"@id\":\"https:\\\/\\\/vitablanca.ma\\\/#\\\/schema\\\/logo\\\/image\\\/\"},\"sameAs\":[\"https:\\\/\\\/www.facebook.com\\\/profile.php?id=61576678196717\",\"https:\\\/\\\/www.tiktok.com\\\/@vitablanca.ma\",\"https:\\\/\\\/www.instagram.com\\\/vitablanca.ma\\\/\"]}]}<\/script>\n<!-- \/ Yoast SEO plugin. -->","yoast_head_json":{"title":"Addax Hydroxia Cr\u00e8me main hydratante 75ml - Maroc Prix","description":"Addax Hydroxia Cr\u00e8me main hydratante 75ml","robots":{"index":"index","follow":"follow","max-snippet":"max-snippet:-1","max-image-preview":"max-image-preview:large","max-video-preview":"max-video-preview:-1"},"canonical":"https:\/\/vitablanca.ma\/ar\/product-2\/addax-hydroxia-creme-main-hydratante-75ml\/","og_locale":"ar_AR","og_type":"article","og_title":"Addax Hydroxia Cr\u00e8me main hydratante 75ml - Maroc Prix","og_description":"Addax Hydroxia Cr\u00e8me main hydratante 75ml","og_url":"https:\/\/vitablanca.ma\/ar\/product-2\/addax-hydroxia-creme-main-hydratante-75ml\/","og_site_name":"Vitablanca.ma &ndash; Sant&eacute;, vitalit&eacute; et bien-&ecirc;tre pour tous les Marocains","article_publisher":"https:\/\/www.facebook.com\/profile.php?id=61576678196717","article_modified_time":"2025-07-13T17:02:46+00:00","og_image":[{"width":1000,"height":1000,"url":"https:\/\/vitablanca.ma\/wp-content\/uploads\/2025\/06\/addax-hydroxia-creme-mains-hydratante-75-ml.jpg","type":"image\/jpeg"}],"twitter_card":"summary_large_image","twitter_misc":{"\u0648\u0642\u062a \u0627\u0644\u0642\u0631\u0627\u0621\u0629 \u0627\u0644\u0645\u064f\u0642\u062f\u0651\u0631":"\u062f\u0642\u064a\u0642\u0629 \u0648\u0627\u062d\u062f\u0629"},"schema":{"@context":"https:\/\/schema.org","@graph":[{"@type":["WebPage","ItemPage"],"@id":"https:\/\/vitablanca.ma\/produit\/addax-hydroxia-creme-main-hydratante-75ml\/","url":"https:\/\/vitablanca.ma\/produit\/addax-hydroxia-creme-main-hydratante-75ml\/","name":"Addax Hydroxia Cr\u00e8me main hydratante 75ml - Maroc Prix","isPartOf":{"@id":"https:\/\/vitablanca.ma\/#website"},"primaryImageOfPage":{"@id":"https:\/\/vitablanca.ma\/produit\/addax-hydroxia-creme-main-hydratante-75ml\/#primaryimage"},"image":{"@id":"https:\/\/vitablanca.ma\/produit\/addax-hydroxia-creme-main-hydratante-75ml\/#primaryimage"},"thumbnailUrl":"https:\/\/vitablanca.ma\/wp-content\/uploads\/2025\/06\/addax-hydroxia-creme-mains-hydratante-75-ml.jpg","datePublished":"2025-06-10T15:44:22+00:00","dateModified":"2025-07-13T17:02:46+00:00","description":"Addax Hydroxia Cr\u00e8me main hydratante 75ml","breadcrumb":{"@id":"https:\/\/vitablanca.ma\/produit\/addax-hydroxia-creme-main-hydratante-75ml\/#breadcrumb"},"inLanguage":"ar","potentialAction":[{"@type":"ReadAction","target":["https:\/\/vitablanca.ma\/produit\/addax-hydroxia-creme-main-hydratante-75ml\/"]}]},{"@type":"ImageObject","inLanguage":"ar","@id":"https:\/\/vitablanca.ma\/produit\/addax-hydroxia-creme-main-hydratante-75ml\/#primaryimage","url":"https:\/\/vitablanca.ma\/wp-content\/uploads\/2025\/06\/addax-hydroxia-creme-mains-hydratante-75-ml.jpg","contentUrl":"https:\/\/vitablanca.ma\/wp-content\/uploads\/2025\/06\/addax-hydroxia-creme-mains-hydratante-75-ml.jpg","width":1000,"height":1000},{"@type":"BreadcrumbList","@id":"https:\/\/vitablanca.ma\/produit\/addax-hydroxia-creme-main-hydratante-75ml\/#breadcrumb","itemListElement":[{"@type":"ListItem","position":1,"name":"Home","item":"https:\/\/vitablanca.ma\/"},{"@type":"ListItem","position":2,"name":"Tous Les Produits","item":"https:\/\/vitablanca.ma\/tous-les-produits\/"},{"@type":"ListItem","position":3,"name":"Addax Hydroxia Cr\u00e8me main hydratante 75ml"}]},{"@type":"WebSite","@id":"https:\/\/vitablanca.ma\/#website","url":"https:\/\/vitablanca.ma\/","name":"VitaBlanca.ma | \u0627\u0644\u0645\u0643\u0645\u0644\u0627\u062a \u0627\u0644\u063a\u0630\u0627\u0626\u064a\u0629\u060c \u0627\u0644\u0635\u062d\u0629 \u0648\u0627\u0644\u062c\u0645\u0627\u0644 \u0641\u064a \u0627\u0644\u0645\u063a\u0631\u0628","description":"\u0646\u0628\u064a\u0639 \u0641\u064a\u062a\u0627\u0645\u064a\u0646\u0627\u062a \u0648\u0645\u0643\u0645\u0644\u0627\u062a \u063a\u0630\u0627\u0626\u064a\u0629 \u0641\u0627\u062e\u0631\u0629 \u0645\u0646 \u0627\u0644\u0648\u0644\u0627\u064a\u0627\u062a \u0627\u0644\u0645\u062a\u062d\u062f\u0629 \u0627\u0644\u0623\u0645\u0631\u064a\u0643\u064a\u0629 \u0648\u0643\u0646\u062f\u0627 \u0648\u0646\u064a\u0648\u0632\u064a\u0644\u0646\u062f\u0627 \u0648\u0627\u0644\u0645\u063a\u0631\u0628 (\u0646\u0627\u0648 \u0641\u0648\u062f\u0632\u060c \u0633\u0648\u0644\u062c\u0627\u0631\u060c \u0645\u0627\u0646\u0648\u0643\u0627). \u062a\u0648\u0635\u064a\u0644 \u0633\u0631\u064a\u0639 \u0625\u0644\u0649 \u062c\u0645\u064a\u0639 \u0623\u0646\u062d\u0627\u0621 \u0627\u0644\u0645\u063a\u0631\u0628.","publisher":{"@id":"https:\/\/vitablanca.ma\/#organization"},"alternateName":"VitaBlanca.ma","potentialAction":[{"@type":"SearchAction","target":{"@type":"EntryPoint","urlTemplate":"https:\/\/vitablanca.ma\/?s={search_term_string}"},"query-input":{"@type":"PropertyValueSpecification","valueRequired":true,"valueName":"search_term_string"}}],"inLanguage":"ar"},{"@type":"Organization","@id":"https:\/\/vitablanca.ma\/#organization","name":"\u0641\u064a\u062a\u0627\u0628\u0644\u0627\u0646\u0643\u0627","url":"https:\/\/vitablanca.ma\/","logo":{"@type":"ImageObject","inLanguage":"ar","@id":"https:\/\/vitablanca.ma\/#\/schema\/logo\/image\/","url":"https:\/\/vitablanca.ma\/wp-content\/uploads\/2025\/05\/cropped-vitablanca.png","contentUrl":"https:\/\/vitablanca.ma\/wp-content\/uploads\/2025\/05\/cropped-vitablanca.png","width":360,"height":67,"caption":"VitaBlanca"},"image":{"@id":"https:\/\/vitablanca.ma\/#\/schema\/logo\/image\/"},"sameAs":["https:\/\/www.facebook.com\/profile.php?id=61576678196717","https:\/\/www.tiktok.com\/@vitablanca.ma","https:\/\/www.instagram.com\/vitablanca.ma\/"]}]}},"jetpack_sharing_enabled":true,"_links":{"self":[{"href":"https:\/\/vitablanca.ma\/ar\/wp-json\/wp\/v2\/product\/14946","targetHints":{"allow":["GET"]}}],"collection":[{"href":"https:\/\/vitablanca.ma\/ar\/wp-json\/wp\/v2\/product"}],"about":[{"href":"https:\/\/vitablanca.ma\/ar\/wp-json\/wp\/v2\/types\/product"}],"wp:featuredmedia":[{"embeddable":true,"href":"https:\/\/vitablanca.ma\/ar\/wp-json\/wp\/v2\/media\/14945"}],"wp:attachment":[{"href":"https:\/\/vitablanca.ma\/ar\/wp-json\/wp\/v2\/media?parent=14946"}],"wp:term":[{"taxonomy":"product_brand","embeddable":true,"href":"https:\/\/vitablanca.ma\/ar\/wp-json\/wp\/v2\/product_brand?post=14946"},{"taxonomy":"product_cat","embeddable":true,"href":"https:\/\/vitablanca.ma\/ar\/wp-json\/wp\/v2\/product_cat?post=14946"},{"taxonomy":"product_tag","embeddable":true,"href":"https:\/\/vitablanca.ma\/ar\/wp-json\/wp\/v2\/product_tag?post=14946"}],"curies":[{"name":"wp","href":"https:\/\/api.w.org\/{rel}","templated":true}]}}