{"id":14944,"date":"2025-06-10T15:44:17","date_gmt":"2025-06-10T15:44:17","guid":{"rendered":"https:\/\/vitablanca.ma\/product\/addax-septidol-gel-intime-ph8-125ml\/"},"modified":"2025-07-13T17:02:46","modified_gmt":"2025-07-13T17:02:46","slug":"addax-septidol-gel-intime-ph8-125ml","status":"publish","type":"product","link":"https:\/\/vitablanca.ma\/ar\/product-2\/addax-septidol-gel-intime-ph8-125ml\/","title":{"rendered":"Addax SEPTIDOL Gel Intime PH8 125ml"},"content":{"rendered":"<h2 data-mce-fragment=\"1\"><span data-mce-fragment=\"1\">\u062c\u0644 \u0623\u062f\u0627\u0643\u0633 \u0633\u064a\u0628\u062a\u064a\u062f\u0648\u0644 \u0644\u0644\u0645\u0646\u0627\u0637\u0642 \u0627\u0644\u062d\u0633\u0627\u0633\u0629 PH8 \u0645\u0646\u0638\u0641 \u0644\u0637\u064a\u0641 \u062e\u0627\u0644\u064d \u0645\u0646 \u0627\u0644\u0635\u0627\u0628\u0648\u0646\u060c \u064a\u062c\u0645\u0639 \u0628\u064a\u0646 \u0627\u0644\u0643\u0644\u0648\u0631\u0647\u064a\u0643\u0633\u064a\u062f\u064a\u0646 \u0627\u0644\u0645\u0637\u0647\u0631<\/span><\/h2>\n<p data-mce-fragment=\"1\"><span data-mce-fragment=\"1\">\u0627\u0644\u0646\u0638\u0627\u0641\u0629 \u0627\u0644\u0634\u062e\u0635\u064a\u0629 \u0644\u0644\u0645\u0631\u0623\u0629.<br data-mce-fragment=\"1\">\u0627\u0644\u0646\u0638\u0627\u0641\u0629 \u0627\u0644\u064a\u0648\u0645\u064a\u0629 \u0644\u062c\u0645\u064a\u0639 \u0623\u0641\u0631\u0627\u062f \u0627\u0644\u0623\u0633\u0631\u0629.<br data-mce-fragment=\"1\"><\/span><\/p>\n<h3 data-mce-fragment=\"1\"><span data-mce-fragment=\"1\">\u0645\u0644\u0643\u064a\u0627\u062a<\/span><\/h3>\n<p data-mce-fragment=\"1\"><span data-mce-fragment=\"1\">Septidol pH 8\u00a0est un gel nettoyant doux sans savon associant la chlorhexidine antiseptique, un extrait de Calendula aux vertus apaisantes et r\u00e9paratrices et la Propolis anti-inflammatoire.<\/span><\/p>\n<h3 data-mce-fragment=\"1\"><span data-mce-fragment=\"1\">\u0633\u0645\u0627\u062a<\/span><\/h3>\n<p data-mce-fragment=\"1\"><span data-mce-fragment=\"1\">\u064a\u062d\u062a\u0648\u064a \u0647\u0630\u0627 \u0627\u0644\u062c\u0644 \u0639\u0644\u0649 \u0642\u0627\u0639\u062f\u0629 \u062a\u0646\u0638\u064a\u0641 \u0644\u0637\u064a\u0641\u0629 \u0644\u0644\u063a\u0627\u064a\u0629 \u0644\u062a\u0646\u0638\u064a\u0641 \u0627\u0644\u0623\u063a\u0634\u064a\u0629 \u0627\u0644\u0645\u062e\u0627\u0637\u064a\u0629 \u0628\u0644\u0637\u0641.<br data-mce-fragment=\"1\">\u0628\u0641\u0636\u0644 \u062f\u0631\u062c\u0629 \u0627\u0644\u062d\u0645\u0648\u0636\u0629 8\u060c \u064a\u062d\u062a\u0631\u0645 Septidol 8 \u0627\u0644\u0637\u0628\u0642\u0629 \u0627\u0644\u062f\u0647\u0646\u064a\u0629 \u0627\u0644\u0645\u0648\u062c\u0648\u062f\u0629 \u0641\u064a \u0627\u0644\u062c\u0644\u062f \u0648\u064a\u0639\u0632\u0632 \u0627\u0633\u062a\u0639\u0627\u062f\u0629 \u062f\u0631\u062c\u0629 \u0627\u0644\u062d\u0645\u0648\u0636\u0629 \u0627\u0644\u0641\u0633\u064a\u0648\u0644\u0648\u062c\u064a\u0629.<br data-mce-fragment=\"1\"><\/span><\/p>\n<h3 data-mce-fragment=\"1\"><span data-mce-fragment=\"1\">\u0637\u0631\u064a\u0642\u0629 \u0627\u0644\u0627\u0633\u062a\u062e\u062f\u0627\u0645<\/span><\/h3>\n<p data-mce-fragment=\"1\"><span data-mce-fragment=\"1\">\u0627\u0633\u062a\u062e\u062f\u0645\u064a\u0647 \u0645\u062b\u0644 \u0627\u0644\u0635\u0627\u0628\u0648\u0646 \u062b\u0645 \u0627\u0634\u0637\u0641\u064a\u0647 \u062c\u064a\u062f\u064b\u0627.<br data-mce-fragment=\"1\">\u0627\u0644\u0627\u0633\u062a\u062e\u062f\u0627\u0645 \u0627\u0644\u062e\u0627\u0631\u062c\u064a.<\/span><\/p>","protected":false},"excerpt":{"rendered":"<p>Addax SEPTIDOL Gel Intime PH8 nettoyant doux sans savon associant la chlorhexidine antiseptique Toilette intime de la femme.Hygi\u00e8ne quotidienne de toute la famille. Propri\u00e9t\u00e9s Septidol pH 8\u00a0est un gel nettoyant doux sans savon associant la chlorhexidine antiseptique, un extrait de Calendula aux vertus apaisantes et r\u00e9paratrices et la Propolis anti-inflammatoire. Caract\u00e9ristiques Ce gel contient une [&hellip;]<\/p>\n","protected":false},"featured_media":14943,"template":"","meta":{"om_disable_all_campaigns":false},"product_brand":[2790],"product_cat":[18,15],"product_tag":[3259,3260,3261],"class_list":{"0":"post-14944","1":"product","2":"type-product","3":"status-publish","4":"has-post-thumbnail","6":"product_brand-addax-prix-maroc","7":"product_cat-beaute-sante","8":"product_cat-beaute-sante-complements-alimentaires-soins-et-bien-etre-au-meilleur-prix","9":"product_tag-addax","10":"product_tag-addax-maroc","11":"product_tag-addax-morocco","13":"first","14":"instock","15":"sale","16":"taxable","17":"shipping-taxable","18":"purchasable","19":"product-type-simple"},"yoast_head":"<!-- This site is optimized with the Yoast SEO plugin v27.5 - https:\/\/yoast.com\/product\/yoast-seo-wordpress\/ -->\n<title>Addax SEPTIDOL Gel Intime PH8 125ml - Maroc Prix<\/title>\n<meta name=\"description\" content=\"Addax SEPTIDOL Gel Intime PH8 125ml\" \/>\n<meta name=\"robots\" content=\"index, follow, max-snippet:-1, max-image-preview:large, max-video-preview:-1\" \/>\n<link rel=\"canonical\" href=\"https:\/\/vitablanca.ma\/ar\/product-2\/addax-septidol-gel-intime-ph8-125ml\/\" \/>\n<meta property=\"og:locale\" content=\"ar_AR\" \/>\n<meta property=\"og:type\" content=\"article\" \/>\n<meta property=\"og:title\" content=\"Addax SEPTIDOL Gel Intime PH8 125ml - Maroc Prix\" \/>\n<meta property=\"og:description\" content=\"Addax SEPTIDOL Gel Intime PH8 125ml\" \/>\n<meta property=\"og:url\" content=\"https:\/\/vitablanca.ma\/ar\/product-2\/addax-septidol-gel-intime-ph8-125ml\/\" \/>\n<meta property=\"og:site_name\" content=\"Vitablanca.ma &ndash; Sant&eacute;, vitalit&eacute; et bien-&ecirc;tre pour tous les Marocains\" \/>\n<meta property=\"article:publisher\" content=\"https:\/\/www.facebook.com\/profile.php?id=61576678196717\" \/>\n<meta property=\"article:modified_time\" content=\"2025-07-13T17:02:46+00:00\" \/>\n<meta property=\"og:image\" content=\"https:\/\/vitablanca.ma\/wp-content\/uploads\/2025\/06\/Addax-SEPTIDOL-Gel-Intime-PH8-125ml-nova-parapharmacie-maroc.jpg\" \/>\n\t<meta property=\"og:image:width\" content=\"1000\" \/>\n\t<meta property=\"og:image:height\" content=\"1000\" \/>\n\t<meta property=\"og:image:type\" content=\"image\/jpeg\" \/>\n<meta name=\"twitter:card\" content=\"summary_large_image\" \/>\n<meta name=\"twitter:label1\" content=\"\u0648\u0642\u062a \u0627\u0644\u0642\u0631\u0627\u0621\u0629 \u0627\u0644\u0645\u064f\u0642\u062f\u0651\u0631\" \/>\n\t<meta name=\"twitter:data1\" content=\"\u062f\u0642\u064a\u0642\u0629 \u0648\u0627\u062d\u062f\u0629\" \/>\n<script type=\"application\/ld+json\" class=\"yoast-schema-graph\">{\"@context\":\"https:\\\/\\\/schema.org\",\"@graph\":[{\"@type\":[\"WebPage\",\"ItemPage\"],\"@id\":\"https:\\\/\\\/vitablanca.ma\\\/produit\\\/addax-septidol-gel-intime-ph8-125ml\\\/\",\"url\":\"https:\\\/\\\/vitablanca.ma\\\/produit\\\/addax-septidol-gel-intime-ph8-125ml\\\/\",\"name\":\"Addax SEPTIDOL Gel Intime PH8 125ml - Maroc Prix\",\"isPartOf\":{\"@id\":\"https:\\\/\\\/vitablanca.ma\\\/#website\"},\"primaryImageOfPage\":{\"@id\":\"https:\\\/\\\/vitablanca.ma\\\/produit\\\/addax-septidol-gel-intime-ph8-125ml\\\/#primaryimage\"},\"image\":{\"@id\":\"https:\\\/\\\/vitablanca.ma\\\/produit\\\/addax-septidol-gel-intime-ph8-125ml\\\/#primaryimage\"},\"thumbnailUrl\":\"https:\\\/\\\/vitablanca.ma\\\/wp-content\\\/uploads\\\/2025\\\/06\\\/Addax-SEPTIDOL-Gel-Intime-PH8-125ml-nova-parapharmacie-maroc.jpg\",\"datePublished\":\"2025-06-10T15:44:17+00:00\",\"dateModified\":\"2025-07-13T17:02:46+00:00\",\"description\":\"Addax SEPTIDOL Gel Intime PH8 125ml\",\"breadcrumb\":{\"@id\":\"https:\\\/\\\/vitablanca.ma\\\/produit\\\/addax-septidol-gel-intime-ph8-125ml\\\/#breadcrumb\"},\"inLanguage\":\"ar\",\"potentialAction\":[{\"@type\":\"ReadAction\",\"target\":[\"https:\\\/\\\/vitablanca.ma\\\/produit\\\/addax-septidol-gel-intime-ph8-125ml\\\/\"]}]},{\"@type\":\"ImageObject\",\"inLanguage\":\"ar\",\"@id\":\"https:\\\/\\\/vitablanca.ma\\\/produit\\\/addax-septidol-gel-intime-ph8-125ml\\\/#primaryimage\",\"url\":\"https:\\\/\\\/vitablanca.ma\\\/wp-content\\\/uploads\\\/2025\\\/06\\\/Addax-SEPTIDOL-Gel-Intime-PH8-125ml-nova-parapharmacie-maroc.jpg\",\"contentUrl\":\"https:\\\/\\\/vitablanca.ma\\\/wp-content\\\/uploads\\\/2025\\\/06\\\/Addax-SEPTIDOL-Gel-Intime-PH8-125ml-nova-parapharmacie-maroc.jpg\",\"width\":1000,\"height\":1000},{\"@type\":\"BreadcrumbList\",\"@id\":\"https:\\\/\\\/vitablanca.ma\\\/produit\\\/addax-septidol-gel-intime-ph8-125ml\\\/#breadcrumb\",\"itemListElement\":[{\"@type\":\"ListItem\",\"position\":1,\"name\":\"Home\",\"item\":\"https:\\\/\\\/vitablanca.ma\\\/\"},{\"@type\":\"ListItem\",\"position\":2,\"name\":\"Tous Les Produits\",\"item\":\"https:\\\/\\\/vitablanca.ma\\\/tous-les-produits\\\/\"},{\"@type\":\"ListItem\",\"position\":3,\"name\":\"Addax SEPTIDOL Gel Intime PH8 125ml\"}]},{\"@type\":\"WebSite\",\"@id\":\"https:\\\/\\\/vitablanca.ma\\\/#website\",\"url\":\"https:\\\/\\\/vitablanca.ma\\\/\",\"name\":\"VitaBlanca.ma | Compl\u00e9ments alimentaires, sant\u00e9 & beaut\u00e9 au Maroc\",\"description\":\"vendre vitamines et compl\u00e9ments premium des USA &amp; Canada, Nouvelle Z\u00e9lande,Maroc (NOW Foods, Solgar, Manuka). Livraison rapide partout au Maroc.\",\"publisher\":{\"@id\":\"https:\\\/\\\/vitablanca.ma\\\/#organization\"},\"alternateName\":\"VitaBlanca.ma\",\"potentialAction\":[{\"@type\":\"SearchAction\",\"target\":{\"@type\":\"EntryPoint\",\"urlTemplate\":\"https:\\\/\\\/vitablanca.ma\\\/?s={search_term_string}\"},\"query-input\":{\"@type\":\"PropertyValueSpecification\",\"valueRequired\":true,\"valueName\":\"search_term_string\"}}],\"inLanguage\":\"ar\"},{\"@type\":\"Organization\",\"@id\":\"https:\\\/\\\/vitablanca.ma\\\/#organization\",\"name\":\"VitaBlanca\",\"url\":\"https:\\\/\\\/vitablanca.ma\\\/\",\"logo\":{\"@type\":\"ImageObject\",\"inLanguage\":\"ar\",\"@id\":\"https:\\\/\\\/vitablanca.ma\\\/#\\\/schema\\\/logo\\\/image\\\/\",\"url\":\"https:\\\/\\\/vitablanca.ma\\\/wp-content\\\/uploads\\\/2025\\\/05\\\/cropped-vitablanca.png\",\"contentUrl\":\"https:\\\/\\\/vitablanca.ma\\\/wp-content\\\/uploads\\\/2025\\\/05\\\/cropped-vitablanca.png\",\"width\":360,\"height\":67,\"caption\":\"VitaBlanca\"},\"image\":{\"@id\":\"https:\\\/\\\/vitablanca.ma\\\/#\\\/schema\\\/logo\\\/image\\\/\"},\"sameAs\":[\"https:\\\/\\\/www.facebook.com\\\/profile.php?id=61576678196717\",\"https:\\\/\\\/www.tiktok.com\\\/@vitablanca.ma\",\"https:\\\/\\\/www.instagram.com\\\/vitablanca.ma\\\/\"]}]}<\/script>\n<!-- \/ Yoast SEO plugin. -->","yoast_head_json":{"title":"Addax SEPTIDOL Gel Intime PH8 125ml - Maroc Prix","description":"Addax SEPTIDOL Gel Intime PH8 125ml","robots":{"index":"index","follow":"follow","max-snippet":"max-snippet:-1","max-image-preview":"max-image-preview:large","max-video-preview":"max-video-preview:-1"},"canonical":"https:\/\/vitablanca.ma\/ar\/product-2\/addax-septidol-gel-intime-ph8-125ml\/","og_locale":"ar_AR","og_type":"article","og_title":"Addax SEPTIDOL Gel Intime PH8 125ml - Maroc Prix","og_description":"Addax SEPTIDOL Gel Intime PH8 125ml","og_url":"https:\/\/vitablanca.ma\/ar\/product-2\/addax-septidol-gel-intime-ph8-125ml\/","og_site_name":"Vitablanca.ma &ndash; Sant&eacute;, vitalit&eacute; et bien-&ecirc;tre pour tous les Marocains","article_publisher":"https:\/\/www.facebook.com\/profile.php?id=61576678196717","article_modified_time":"2025-07-13T17:02:46+00:00","og_image":[{"width":1000,"height":1000,"url":"https:\/\/vitablanca.ma\/wp-content\/uploads\/2025\/06\/Addax-SEPTIDOL-Gel-Intime-PH8-125ml-nova-parapharmacie-maroc.jpg","type":"image\/jpeg"}],"twitter_card":"summary_large_image","twitter_misc":{"\u0648\u0642\u062a \u0627\u0644\u0642\u0631\u0627\u0621\u0629 \u0627\u0644\u0645\u064f\u0642\u062f\u0651\u0631":"\u062f\u0642\u064a\u0642\u0629 \u0648\u0627\u062d\u062f\u0629"},"schema":{"@context":"https:\/\/schema.org","@graph":[{"@type":["WebPage","ItemPage"],"@id":"https:\/\/vitablanca.ma\/produit\/addax-septidol-gel-intime-ph8-125ml\/","url":"https:\/\/vitablanca.ma\/produit\/addax-septidol-gel-intime-ph8-125ml\/","name":"Addax SEPTIDOL Gel Intime PH8 125ml - Maroc Prix","isPartOf":{"@id":"https:\/\/vitablanca.ma\/#website"},"primaryImageOfPage":{"@id":"https:\/\/vitablanca.ma\/produit\/addax-septidol-gel-intime-ph8-125ml\/#primaryimage"},"image":{"@id":"https:\/\/vitablanca.ma\/produit\/addax-septidol-gel-intime-ph8-125ml\/#primaryimage"},"thumbnailUrl":"https:\/\/vitablanca.ma\/wp-content\/uploads\/2025\/06\/Addax-SEPTIDOL-Gel-Intime-PH8-125ml-nova-parapharmacie-maroc.jpg","datePublished":"2025-06-10T15:44:17+00:00","dateModified":"2025-07-13T17:02:46+00:00","description":"Addax SEPTIDOL Gel Intime PH8 125ml","breadcrumb":{"@id":"https:\/\/vitablanca.ma\/produit\/addax-septidol-gel-intime-ph8-125ml\/#breadcrumb"},"inLanguage":"ar","potentialAction":[{"@type":"ReadAction","target":["https:\/\/vitablanca.ma\/produit\/addax-septidol-gel-intime-ph8-125ml\/"]}]},{"@type":"ImageObject","inLanguage":"ar","@id":"https:\/\/vitablanca.ma\/produit\/addax-septidol-gel-intime-ph8-125ml\/#primaryimage","url":"https:\/\/vitablanca.ma\/wp-content\/uploads\/2025\/06\/Addax-SEPTIDOL-Gel-Intime-PH8-125ml-nova-parapharmacie-maroc.jpg","contentUrl":"https:\/\/vitablanca.ma\/wp-content\/uploads\/2025\/06\/Addax-SEPTIDOL-Gel-Intime-PH8-125ml-nova-parapharmacie-maroc.jpg","width":1000,"height":1000},{"@type":"BreadcrumbList","@id":"https:\/\/vitablanca.ma\/produit\/addax-septidol-gel-intime-ph8-125ml\/#breadcrumb","itemListElement":[{"@type":"ListItem","position":1,"name":"Home","item":"https:\/\/vitablanca.ma\/"},{"@type":"ListItem","position":2,"name":"Tous Les Produits","item":"https:\/\/vitablanca.ma\/tous-les-produits\/"},{"@type":"ListItem","position":3,"name":"Addax SEPTIDOL Gel Intime PH8 125ml"}]},{"@type":"WebSite","@id":"https:\/\/vitablanca.ma\/#website","url":"https:\/\/vitablanca.ma\/","name":"VitaBlanca.ma | \u0627\u0644\u0645\u0643\u0645\u0644\u0627\u062a \u0627\u0644\u063a\u0630\u0627\u0626\u064a\u0629\u060c \u0627\u0644\u0635\u062d\u0629 \u0648\u0627\u0644\u062c\u0645\u0627\u0644 \u0641\u064a \u0627\u0644\u0645\u063a\u0631\u0628","description":"\u0646\u0628\u064a\u0639 \u0641\u064a\u062a\u0627\u0645\u064a\u0646\u0627\u062a \u0648\u0645\u0643\u0645\u0644\u0627\u062a \u063a\u0630\u0627\u0626\u064a\u0629 \u0641\u0627\u062e\u0631\u0629 \u0645\u0646 \u0627\u0644\u0648\u0644\u0627\u064a\u0627\u062a \u0627\u0644\u0645\u062a\u062d\u062f\u0629 \u0627\u0644\u0623\u0645\u0631\u064a\u0643\u064a\u0629 \u0648\u0643\u0646\u062f\u0627 \u0648\u0646\u064a\u0648\u0632\u064a\u0644\u0646\u062f\u0627 \u0648\u0627\u0644\u0645\u063a\u0631\u0628 (\u0646\u0627\u0648 \u0641\u0648\u062f\u0632\u060c \u0633\u0648\u0644\u062c\u0627\u0631\u060c \u0645\u0627\u0646\u0648\u0643\u0627). \u062a\u0648\u0635\u064a\u0644 \u0633\u0631\u064a\u0639 \u0625\u0644\u0649 \u062c\u0645\u064a\u0639 \u0623\u0646\u062d\u0627\u0621 \u0627\u0644\u0645\u063a\u0631\u0628.","publisher":{"@id":"https:\/\/vitablanca.ma\/#organization"},"alternateName":"VitaBlanca.ma","potentialAction":[{"@type":"SearchAction","target":{"@type":"EntryPoint","urlTemplate":"https:\/\/vitablanca.ma\/?s={search_term_string}"},"query-input":{"@type":"PropertyValueSpecification","valueRequired":true,"valueName":"search_term_string"}}],"inLanguage":"ar"},{"@type":"Organization","@id":"https:\/\/vitablanca.ma\/#organization","name":"\u0641\u064a\u062a\u0627\u0628\u0644\u0627\u0646\u0643\u0627","url":"https:\/\/vitablanca.ma\/","logo":{"@type":"ImageObject","inLanguage":"ar","@id":"https:\/\/vitablanca.ma\/#\/schema\/logo\/image\/","url":"https:\/\/vitablanca.ma\/wp-content\/uploads\/2025\/05\/cropped-vitablanca.png","contentUrl":"https:\/\/vitablanca.ma\/wp-content\/uploads\/2025\/05\/cropped-vitablanca.png","width":360,"height":67,"caption":"VitaBlanca"},"image":{"@id":"https:\/\/vitablanca.ma\/#\/schema\/logo\/image\/"},"sameAs":["https:\/\/www.facebook.com\/profile.php?id=61576678196717","https:\/\/www.tiktok.com\/@vitablanca.ma","https:\/\/www.instagram.com\/vitablanca.ma\/"]}]}},"jetpack_sharing_enabled":true,"_links":{"self":[{"href":"https:\/\/vitablanca.ma\/ar\/wp-json\/wp\/v2\/product\/14944","targetHints":{"allow":["GET"]}}],"collection":[{"href":"https:\/\/vitablanca.ma\/ar\/wp-json\/wp\/v2\/product"}],"about":[{"href":"https:\/\/vitablanca.ma\/ar\/wp-json\/wp\/v2\/types\/product"}],"wp:featuredmedia":[{"embeddable":true,"href":"https:\/\/vitablanca.ma\/ar\/wp-json\/wp\/v2\/media\/14943"}],"wp:attachment":[{"href":"https:\/\/vitablanca.ma\/ar\/wp-json\/wp\/v2\/media?parent=14944"}],"wp:term":[{"taxonomy":"product_brand","embeddable":true,"href":"https:\/\/vitablanca.ma\/ar\/wp-json\/wp\/v2\/product_brand?post=14944"},{"taxonomy":"product_cat","embeddable":true,"href":"https:\/\/vitablanca.ma\/ar\/wp-json\/wp\/v2\/product_cat?post=14944"},{"taxonomy":"product_tag","embeddable":true,"href":"https:\/\/vitablanca.ma\/ar\/wp-json\/wp\/v2\/product_tag?post=14944"}],"curies":[{"name":"wp","href":"https:\/\/api.w.org\/{rel}","templated":true}]}}