{"id":14925,"date":"2025-06-10T15:41:53","date_gmt":"2025-06-10T15:41:53","guid":{"rendered":"https:\/\/vitablanca.ma\/product\/addax-cica-b5-emulsion-reparatrice-50ml\/"},"modified":"2025-07-13T17:02:49","modified_gmt":"2025-07-13T17:02:49","slug":"addax-cica-b5-emulsion-reparatrice-50ml","status":"publish","type":"product","link":"https:\/\/vitablanca.ma\/ar\/product-2\/addax-cica-b5-emulsion-reparatrice-50ml\/","title":{"rendered":"\u0645\u0633\u062a\u062d\u0644\u0628 \u0625\u0635\u0644\u0627\u062d Addax Cica B5 50 \u0645\u0644"},"content":{"rendered":"<h2>\u0645\u0633\u062a\u062d\u0644\u0628 \u0625\u0635\u0644\u0627\u062d Addax Cica B5\u00a0<span data-mce-fragment=\"1\">\u0627\u0644\u062a\u0627\u0644\u0641\u0629 \u0648\u064a\u062d\u0633\u0646 \u062a\u0648\u062d\u064a\u062f \u0627\u0644\u0623\u0646\u0633\u062c\u0629 \u0627\u0644\u062a\u0627\u0644\u0641\u0629.<\/span><br \/>\n<\/h2>\n<p style=\"font-weight: 400\">Cette \u00e9mulsion r\u00e9paratrice permet une r\u00e9paration intense, rapide et solide de l\u2019\u00e9piderme ab\u00eem\u00e9 et am\u00e9liore la consolidation des tissus l\u00e9s\u00e9s.<\/p>\n<p style=\"font-weight: 400\">\u0623\u062f\u0627\u0643\u0633\u060c \u062e\u0628\u064a\u0631\u0629 \u0641\u064a \u0645\u0633\u062a\u062d\u0636\u0631\u0627\u062a \u0627\u0644\u062a\u062c\u0645\u064a\u0644 \u0627\u0644\u062c\u0644\u062f\u064a\u0629\u060c \u062a\u064f\u0635\u0645\u0651\u0645 \u0648\u062a\u064f\u0637\u0648\u0651\u0631 \u0645\u0646\u062a\u062c\u0627\u062a \u0639\u0646\u0627\u064a\u0629 \u0645\u064f\u0631\u0643\u0651\u0632\u0629\u060c \u0645\u064f\u0635\u0645\u0651\u0645\u0629 \u0644\u062a\u062d\u0633\u064a\u0646 \u0635\u062d\u0629 \u0628\u0634\u0631\u062a\u0643\u0650 \u064a\u0648\u0645\u064a\u064b\u0627. \u062a\u064f\u0631\u0643\u0651\u0632 \u0645\u0646\u062a\u062c\u0627\u062a\u0647\u0627 \u0639\u0644\u0649 \u0627\u0644\u0645\u0646\u0627\u0637\u0642 \u0627\u0644\u062d\u0633\u0627\u0633\u0629 \u0648\u0627\u0644\u0645\u064f\u0639\u0631\u0651\u0636\u0629 \u0628\u0634\u0643\u0644 \u062e\u0627\u0635: \u0627\u0644\u0642\u062f\u0645\u064a\u0646\u060c \u0627\u0644\u064a\u062f\u064a\u0646\u060c \u0627\u0644\u0634\u0641\u0627\u0647\u060c \u0627\u0644\u062c\u0633\u0645.\u00a0<br \/>Test\u00e9s sous contr\u00f4le dermatologique, les produits dermo-cosm\u00e9tiques Addax vous offrent les soins, le confort, l\u2019hygi\u00e8ne et l\u2019efficacit\u00e9 que vous attendez,\u00a0Ils ne contiennent aucun composant d\u2019origine animale et b\u00e9n\u00e9ficient en permanence des recherches de nouvelles formules,\u00a0Ils sont \u00e9tudi\u00e9s pour apporter les solutions les plus efficaces aux petits probl\u00e8mes cutan\u00e9s de la vie courante.<\/p>\n<h3 style=\"font-weight: 400\"><b><strong>\u0637\u0631\u064a\u0642\u0629 \u0627\u0644\u0627\u0633\u062a\u062e\u062f\u0627\u0645<\/strong><\/b><\/h3>\n<p style=\"font-weight: 400\">Appliquer sur les zones ab\u00eem\u00e9es deux fois par jour pendant une semaine, renouveler si n\u00e9cessaire, Cette \u00e9mulsion r\u00e9paratrice permet une r\u00e9paration intense, rapide et solide de l\u2019\u00e9piderme ab\u00eem\u00e9 et am\u00e9liore la consolidation des tissus l\u00e9s\u00e9s.<\/p>\n<h3 style=\"font-weight: 400\"><b><strong>\u062a\u0639\u0628\u064a\u0631<\/strong><\/b><\/h3>\n<p style=\"font-weight: 400\">\u00a0\u0623\u0644\u0627\u0646\u062a\u0648\u064a\u0646\u060c \u0641\u064a\u062a\u0627\u0645\u064a\u0646 \u06285\u060c \u0633\u0646\u062a\u064a\u0644\u0627 \u0623\u0633\u064a\u0627\u062a\u064a\u0643\u0627\u060c \u0622\u0630\u0631\u064a\u0648\u0646\u060c \u0623\u0644\u0641\u0627 \u0628\u064a\u0633\u0627\u0628\u0648\u0644\u0648\u0644\u060c \u062b\u0646\u0627\u0626\u064a \u0628\u0648\u062a\u0627\u0633\u064a\u0648\u0645 \u062c\u0644\u064a\u0633\u0631\u064a\u0632\u064a\u0646\u0627\u062a\u060c \u0639\u0627\u0645\u0644 \u0646\u0645\u0648 \u0627\u0644\u0643\u0648\u0644\u0627\u062c\u064a\u0646 (CPP)\u060c<\/p>","protected":false},"excerpt":{"rendered":"<p>Addax Cica B5 Emulsion Reparatrice\u00a0ab\u00eem\u00e9 et am\u00e9liore la consolidation des tissus l\u00e9s\u00e9s. Cette \u00e9mulsion r\u00e9paratrice permet une r\u00e9paration intense, rapide et solide de l\u2019\u00e9piderme ab\u00eem\u00e9 et am\u00e9liore la consolidation des tissus l\u00e9s\u00e9s. Expert en dermo-cosm\u00e9tique, Addax con\u00e7oit et \u00e9labore des produits de soins cibl\u00e9s, destin\u00e9s \u00e0 am\u00e9liorer la sant\u00e9 de votre peau au quotidien,\u00a0Leurs actions [&hellip;]<\/p>\n","protected":false},"featured_media":14924,"template":"","meta":{"om_disable_all_campaigns":false},"product_brand":[2790],"product_cat":[18,15],"product_tag":[3259,3260,3261],"class_list":{"0":"post-14925","1":"product","2":"type-product","3":"status-publish","4":"has-post-thumbnail","6":"product_brand-addax-prix-maroc","7":"product_cat-beaute-sante","8":"product_cat-beaute-sante-complements-alimentaires-soins-et-bien-etre-au-meilleur-prix","9":"product_tag-addax","10":"product_tag-addax-maroc","11":"product_tag-addax-morocco","13":"first","14":"instock","15":"sale","16":"taxable","17":"shipping-taxable","18":"purchasable","19":"product-type-simple"},"yoast_head":"<!-- This site is optimized with the Yoast SEO plugin v27.5 - https:\/\/yoast.com\/product\/yoast-seo-wordpress\/ -->\n<title>Addax Cica B5 Emulsion Reparatrice 50ml - Maroc Prix<\/title>\n<meta name=\"description\" content=\"Addax Cica B5 Emulsion Reparatrice 50ml\" \/>\n<meta name=\"robots\" content=\"index, follow, max-snippet:-1, max-image-preview:large, max-video-preview:-1\" \/>\n<link rel=\"canonical\" href=\"https:\/\/vitablanca.ma\/ar\/product-2\/addax-cica-b5-emulsion-reparatrice-50ml\/\" \/>\n<meta property=\"og:locale\" content=\"ar_AR\" \/>\n<meta property=\"og:type\" content=\"article\" \/>\n<meta property=\"og:title\" content=\"Addax Cica B5 Emulsion Reparatrice 50ml - Maroc Prix\" \/>\n<meta property=\"og:description\" content=\"Addax Cica B5 Emulsion Reparatrice 50ml\" \/>\n<meta property=\"og:url\" content=\"https:\/\/vitablanca.ma\/ar\/product-2\/addax-cica-b5-emulsion-reparatrice-50ml\/\" \/>\n<meta property=\"og:site_name\" content=\"Vitablanca.ma &ndash; Sant&eacute;, vitalit&eacute; et bien-&ecirc;tre pour tous les Marocains\" \/>\n<meta property=\"article:publisher\" content=\"https:\/\/www.facebook.com\/profile.php?id=61576678196717\" \/>\n<meta property=\"article:modified_time\" content=\"2025-07-13T17:02:49+00:00\" \/>\n<meta property=\"og:image\" content=\"https:\/\/vitablanca.ma\/wp-content\/uploads\/2025\/06\/Addax-Emulsion-Reparatrice-nova-prapharmacie-maroc.jpg\" \/>\n\t<meta property=\"og:image:width\" content=\"1000\" \/>\n\t<meta property=\"og:image:height\" content=\"1000\" \/>\n\t<meta property=\"og:image:type\" content=\"image\/jpeg\" \/>\n<meta name=\"twitter:card\" content=\"summary_large_image\" \/>\n<meta name=\"twitter:label1\" content=\"\u0648\u0642\u062a \u0627\u0644\u0642\u0631\u0627\u0621\u0629 \u0627\u0644\u0645\u064f\u0642\u062f\u0651\u0631\" \/>\n\t<meta name=\"twitter:data1\" content=\"\u062f\u0642\u064a\u0642\u0629 \u0648\u0627\u062d\u062f\u0629\" \/>\n<script type=\"application\/ld+json\" class=\"yoast-schema-graph\">{\"@context\":\"https:\\\/\\\/schema.org\",\"@graph\":[{\"@type\":[\"WebPage\",\"ItemPage\"],\"@id\":\"https:\\\/\\\/vitablanca.ma\\\/produit\\\/addax-cica-b5-emulsion-reparatrice-50ml\\\/\",\"url\":\"https:\\\/\\\/vitablanca.ma\\\/produit\\\/addax-cica-b5-emulsion-reparatrice-50ml\\\/\",\"name\":\"Addax Cica B5 Emulsion Reparatrice 50ml - Maroc Prix\",\"isPartOf\":{\"@id\":\"https:\\\/\\\/vitablanca.ma\\\/#website\"},\"primaryImageOfPage\":{\"@id\":\"https:\\\/\\\/vitablanca.ma\\\/produit\\\/addax-cica-b5-emulsion-reparatrice-50ml\\\/#primaryimage\"},\"image\":{\"@id\":\"https:\\\/\\\/vitablanca.ma\\\/produit\\\/addax-cica-b5-emulsion-reparatrice-50ml\\\/#primaryimage\"},\"thumbnailUrl\":\"https:\\\/\\\/vitablanca.ma\\\/wp-content\\\/uploads\\\/2025\\\/06\\\/Addax-Emulsion-Reparatrice-nova-prapharmacie-maroc.jpg\",\"datePublished\":\"2025-06-10T15:41:53+00:00\",\"dateModified\":\"2025-07-13T17:02:49+00:00\",\"description\":\"Addax Cica B5 Emulsion Reparatrice 50ml\",\"breadcrumb\":{\"@id\":\"https:\\\/\\\/vitablanca.ma\\\/produit\\\/addax-cica-b5-emulsion-reparatrice-50ml\\\/#breadcrumb\"},\"inLanguage\":\"ar\",\"potentialAction\":[{\"@type\":\"ReadAction\",\"target\":[\"https:\\\/\\\/vitablanca.ma\\\/produit\\\/addax-cica-b5-emulsion-reparatrice-50ml\\\/\"]}]},{\"@type\":\"ImageObject\",\"inLanguage\":\"ar\",\"@id\":\"https:\\\/\\\/vitablanca.ma\\\/produit\\\/addax-cica-b5-emulsion-reparatrice-50ml\\\/#primaryimage\",\"url\":\"https:\\\/\\\/vitablanca.ma\\\/wp-content\\\/uploads\\\/2025\\\/06\\\/Addax-Emulsion-Reparatrice-nova-prapharmacie-maroc.jpg\",\"contentUrl\":\"https:\\\/\\\/vitablanca.ma\\\/wp-content\\\/uploads\\\/2025\\\/06\\\/Addax-Emulsion-Reparatrice-nova-prapharmacie-maroc.jpg\",\"width\":1000,\"height\":1000},{\"@type\":\"BreadcrumbList\",\"@id\":\"https:\\\/\\\/vitablanca.ma\\\/produit\\\/addax-cica-b5-emulsion-reparatrice-50ml\\\/#breadcrumb\",\"itemListElement\":[{\"@type\":\"ListItem\",\"position\":1,\"name\":\"Home\",\"item\":\"https:\\\/\\\/vitablanca.ma\\\/\"},{\"@type\":\"ListItem\",\"position\":2,\"name\":\"Tous Les Produits\",\"item\":\"https:\\\/\\\/vitablanca.ma\\\/tous-les-produits\\\/\"},{\"@type\":\"ListItem\",\"position\":3,\"name\":\"Addax Cica B5 Emulsion Reparatrice 50ml\"}]},{\"@type\":\"WebSite\",\"@id\":\"https:\\\/\\\/vitablanca.ma\\\/#website\",\"url\":\"https:\\\/\\\/vitablanca.ma\\\/\",\"name\":\"VitaBlanca.ma | Compl\u00e9ments alimentaires, sant\u00e9 & beaut\u00e9 au Maroc\",\"description\":\"vendre vitamines et compl\u00e9ments premium des USA &amp; Canada, Nouvelle Z\u00e9lande,Maroc (NOW Foods, Solgar, Manuka). Livraison rapide partout au Maroc.\",\"publisher\":{\"@id\":\"https:\\\/\\\/vitablanca.ma\\\/#organization\"},\"alternateName\":\"VitaBlanca.ma\",\"potentialAction\":[{\"@type\":\"SearchAction\",\"target\":{\"@type\":\"EntryPoint\",\"urlTemplate\":\"https:\\\/\\\/vitablanca.ma\\\/?s={search_term_string}\"},\"query-input\":{\"@type\":\"PropertyValueSpecification\",\"valueRequired\":true,\"valueName\":\"search_term_string\"}}],\"inLanguage\":\"ar\"},{\"@type\":\"Organization\",\"@id\":\"https:\\\/\\\/vitablanca.ma\\\/#organization\",\"name\":\"VitaBlanca\",\"url\":\"https:\\\/\\\/vitablanca.ma\\\/\",\"logo\":{\"@type\":\"ImageObject\",\"inLanguage\":\"ar\",\"@id\":\"https:\\\/\\\/vitablanca.ma\\\/#\\\/schema\\\/logo\\\/image\\\/\",\"url\":\"https:\\\/\\\/vitablanca.ma\\\/wp-content\\\/uploads\\\/2025\\\/05\\\/cropped-vitablanca.png\",\"contentUrl\":\"https:\\\/\\\/vitablanca.ma\\\/wp-content\\\/uploads\\\/2025\\\/05\\\/cropped-vitablanca.png\",\"width\":360,\"height\":67,\"caption\":\"VitaBlanca\"},\"image\":{\"@id\":\"https:\\\/\\\/vitablanca.ma\\\/#\\\/schema\\\/logo\\\/image\\\/\"},\"sameAs\":[\"https:\\\/\\\/www.facebook.com\\\/profile.php?id=61576678196717\",\"https:\\\/\\\/www.tiktok.com\\\/@vitablanca.ma\",\"https:\\\/\\\/www.instagram.com\\\/vitablanca.ma\\\/\"]}]}<\/script>\n<!-- \/ Yoast SEO plugin. -->","yoast_head_json":{"title":"\u0645\u0633\u062a\u062d\u0644\u0628 \u0625\u0635\u0644\u0627\u062d Addax Cica B5 50 \u0645\u0644 - \u0633\u0639\u0631 \u0627\u0644\u0645\u063a\u0631\u0628","description":"\u0645\u0633\u062a\u062d\u0644\u0628 \u0625\u0635\u0644\u0627\u062d Addax Cica B5 50 \u0645\u0644","robots":{"index":"index","follow":"follow","max-snippet":"max-snippet:-1","max-image-preview":"max-image-preview:large","max-video-preview":"max-video-preview:-1"},"canonical":"https:\/\/vitablanca.ma\/ar\/product-2\/addax-cica-b5-emulsion-reparatrice-50ml\/","og_locale":"ar_AR","og_type":"article","og_title":"Addax Cica B5 Emulsion Reparatrice 50ml - Maroc Prix","og_description":"Addax Cica B5 Emulsion Reparatrice 50ml","og_url":"https:\/\/vitablanca.ma\/ar\/product-2\/addax-cica-b5-emulsion-reparatrice-50ml\/","og_site_name":"Vitablanca.ma &ndash; Sant&eacute;, vitalit&eacute; et bien-&ecirc;tre pour tous les Marocains","article_publisher":"https:\/\/www.facebook.com\/profile.php?id=61576678196717","article_modified_time":"2025-07-13T17:02:49+00:00","og_image":[{"width":1000,"height":1000,"url":"https:\/\/vitablanca.ma\/wp-content\/uploads\/2025\/06\/Addax-Emulsion-Reparatrice-nova-prapharmacie-maroc.jpg","type":"image\/jpeg"}],"twitter_card":"summary_large_image","twitter_misc":{"\u0648\u0642\u062a \u0627\u0644\u0642\u0631\u0627\u0621\u0629 \u0627\u0644\u0645\u064f\u0642\u062f\u0651\u0631":"\u062f\u0642\u064a\u0642\u0629 \u0648\u0627\u062d\u062f\u0629"},"schema":{"@context":"https:\/\/schema.org","@graph":[{"@type":["WebPage","ItemPage"],"@id":"https:\/\/vitablanca.ma\/produit\/addax-cica-b5-emulsion-reparatrice-50ml\/","url":"https:\/\/vitablanca.ma\/produit\/addax-cica-b5-emulsion-reparatrice-50ml\/","name":"\u0645\u0633\u062a\u062d\u0644\u0628 \u0625\u0635\u0644\u0627\u062d Addax Cica B5 50 \u0645\u0644 - \u0633\u0639\u0631 \u0627\u0644\u0645\u063a\u0631\u0628","isPartOf":{"@id":"https:\/\/vitablanca.ma\/#website"},"primaryImageOfPage":{"@id":"https:\/\/vitablanca.ma\/produit\/addax-cica-b5-emulsion-reparatrice-50ml\/#primaryimage"},"image":{"@id":"https:\/\/vitablanca.ma\/produit\/addax-cica-b5-emulsion-reparatrice-50ml\/#primaryimage"},"thumbnailUrl":"https:\/\/vitablanca.ma\/wp-content\/uploads\/2025\/06\/Addax-Emulsion-Reparatrice-nova-prapharmacie-maroc.jpg","datePublished":"2025-06-10T15:41:53+00:00","dateModified":"2025-07-13T17:02:49+00:00","description":"\u0645\u0633\u062a\u062d\u0644\u0628 \u0625\u0635\u0644\u0627\u062d Addax Cica B5 50 \u0645\u0644","breadcrumb":{"@id":"https:\/\/vitablanca.ma\/produit\/addax-cica-b5-emulsion-reparatrice-50ml\/#breadcrumb"},"inLanguage":"ar","potentialAction":[{"@type":"ReadAction","target":["https:\/\/vitablanca.ma\/produit\/addax-cica-b5-emulsion-reparatrice-50ml\/"]}]},{"@type":"ImageObject","inLanguage":"ar","@id":"https:\/\/vitablanca.ma\/produit\/addax-cica-b5-emulsion-reparatrice-50ml\/#primaryimage","url":"https:\/\/vitablanca.ma\/wp-content\/uploads\/2025\/06\/Addax-Emulsion-Reparatrice-nova-prapharmacie-maroc.jpg","contentUrl":"https:\/\/vitablanca.ma\/wp-content\/uploads\/2025\/06\/Addax-Emulsion-Reparatrice-nova-prapharmacie-maroc.jpg","width":1000,"height":1000},{"@type":"BreadcrumbList","@id":"https:\/\/vitablanca.ma\/produit\/addax-cica-b5-emulsion-reparatrice-50ml\/#breadcrumb","itemListElement":[{"@type":"ListItem","position":1,"name":"Home","item":"https:\/\/vitablanca.ma\/"},{"@type":"ListItem","position":2,"name":"Tous Les Produits","item":"https:\/\/vitablanca.ma\/tous-les-produits\/"},{"@type":"ListItem","position":3,"name":"Addax Cica B5 Emulsion Reparatrice 50ml"}]},{"@type":"WebSite","@id":"https:\/\/vitablanca.ma\/#website","url":"https:\/\/vitablanca.ma\/","name":"VitaBlanca.ma | \u0627\u0644\u0645\u0643\u0645\u0644\u0627\u062a \u0627\u0644\u063a\u0630\u0627\u0626\u064a\u0629\u060c \u0627\u0644\u0635\u062d\u0629 \u0648\u0627\u0644\u062c\u0645\u0627\u0644 \u0641\u064a \u0627\u0644\u0645\u063a\u0631\u0628","description":"\u0646\u0628\u064a\u0639 \u0641\u064a\u062a\u0627\u0645\u064a\u0646\u0627\u062a \u0648\u0645\u0643\u0645\u0644\u0627\u062a \u063a\u0630\u0627\u0626\u064a\u0629 \u0641\u0627\u062e\u0631\u0629 \u0645\u0646 \u0627\u0644\u0648\u0644\u0627\u064a\u0627\u062a \u0627\u0644\u0645\u062a\u062d\u062f\u0629 \u0627\u0644\u0623\u0645\u0631\u064a\u0643\u064a\u0629 \u0648\u0643\u0646\u062f\u0627 \u0648\u0646\u064a\u0648\u0632\u064a\u0644\u0646\u062f\u0627 \u0648\u0627\u0644\u0645\u063a\u0631\u0628 (\u0646\u0627\u0648 \u0641\u0648\u062f\u0632\u060c \u0633\u0648\u0644\u062c\u0627\u0631\u060c \u0645\u0627\u0646\u0648\u0643\u0627). \u062a\u0648\u0635\u064a\u0644 \u0633\u0631\u064a\u0639 \u0625\u0644\u0649 \u062c\u0645\u064a\u0639 \u0623\u0646\u062d\u0627\u0621 \u0627\u0644\u0645\u063a\u0631\u0628.","publisher":{"@id":"https:\/\/vitablanca.ma\/#organization"},"alternateName":"VitaBlanca.ma","potentialAction":[{"@type":"SearchAction","target":{"@type":"EntryPoint","urlTemplate":"https:\/\/vitablanca.ma\/?s={search_term_string}"},"query-input":{"@type":"PropertyValueSpecification","valueRequired":true,"valueName":"search_term_string"}}],"inLanguage":"ar"},{"@type":"Organization","@id":"https:\/\/vitablanca.ma\/#organization","name":"\u0641\u064a\u062a\u0627\u0628\u0644\u0627\u0646\u0643\u0627","url":"https:\/\/vitablanca.ma\/","logo":{"@type":"ImageObject","inLanguage":"ar","@id":"https:\/\/vitablanca.ma\/#\/schema\/logo\/image\/","url":"https:\/\/vitablanca.ma\/wp-content\/uploads\/2025\/05\/cropped-vitablanca.png","contentUrl":"https:\/\/vitablanca.ma\/wp-content\/uploads\/2025\/05\/cropped-vitablanca.png","width":360,"height":67,"caption":"VitaBlanca"},"image":{"@id":"https:\/\/vitablanca.ma\/#\/schema\/logo\/image\/"},"sameAs":["https:\/\/www.facebook.com\/profile.php?id=61576678196717","https:\/\/www.tiktok.com\/@vitablanca.ma","https:\/\/www.instagram.com\/vitablanca.ma\/"]}]}},"jetpack_sharing_enabled":true,"_links":{"self":[{"href":"https:\/\/vitablanca.ma\/ar\/wp-json\/wp\/v2\/product\/14925","targetHints":{"allow":["GET"]}}],"collection":[{"href":"https:\/\/vitablanca.ma\/ar\/wp-json\/wp\/v2\/product"}],"about":[{"href":"https:\/\/vitablanca.ma\/ar\/wp-json\/wp\/v2\/types\/product"}],"wp:featuredmedia":[{"embeddable":true,"href":"https:\/\/vitablanca.ma\/ar\/wp-json\/wp\/v2\/media\/14924"}],"wp:attachment":[{"href":"https:\/\/vitablanca.ma\/ar\/wp-json\/wp\/v2\/media?parent=14925"}],"wp:term":[{"taxonomy":"product_brand","embeddable":true,"href":"https:\/\/vitablanca.ma\/ar\/wp-json\/wp\/v2\/product_brand?post=14925"},{"taxonomy":"product_cat","embeddable":true,"href":"https:\/\/vitablanca.ma\/ar\/wp-json\/wp\/v2\/product_cat?post=14925"},{"taxonomy":"product_tag","embeddable":true,"href":"https:\/\/vitablanca.ma\/ar\/wp-json\/wp\/v2\/product_tag?post=14925"}],"curies":[{"name":"wp","href":"https:\/\/api.w.org\/{rel}","templated":true}]}}