{"id":14921,"date":"2025-06-10T15:41:44","date_gmt":"2025-06-10T15:41:44","guid":{"rendered":"https:\/\/vitablanca.ma\/product\/addax-sanibacter-gel-nettoyant-pieds-125ml\/"},"modified":"2025-07-13T17:02:50","modified_gmt":"2025-07-13T17:02:50","slug":"addax-sanibacter-gel-nettoyant-pieds-125ml","status":"publish","type":"product","link":"https:\/\/vitablanca.ma\/ar\/product-2\/addax-sanibacter-gel-nettoyant-pieds-125ml\/","title":{"rendered":"\u062c\u0644 \u062a\u0646\u0638\u064a\u0641 \u0627\u0644\u0642\u062f\u0645\u064a\u0646 \u0623\u062f\u0627\u0643\u0633 \u0633\u0627\u0646\u064a\u0628\u0627\u0643\u062a\u0631 125 \u0645\u0644"},"content":{"rendered":"<h2>Addax SANIBACTER Gel Nettoyant Pieds<span data-mce-fragment=\"1\">\u00a0contient de la chorph\u00e9n\u00e9sine, un composant actif qui assure une protection antifongique.<\/span><br \/>\n<\/h2>\n<p>Pr\u00e9servez vos pieds contre les champignons avec le<span>\u00a0<\/span><strong>Gel Pieds Nettoyant Antifongique Sanibacter ADDAX<\/strong>.<\/p>\n<p>Ce gel nettoyant contient de la chorph\u00e9n\u00e9sine, un composant actif qui assure une protection antifongique.<\/p>\n<p>Il permet alors d\u2019assurer une hygi\u00e8ne parfaite tout en prot\u00e9geant les pieds du d\u00e9veloppement des champignons pr\u00e9sents dans les lieux publics (piscines, douches, salles de sport,\u2026).<\/p>\n<p>Avec un pH physiologique, ce Gel Antifongique Sanibacter<span>\u00a0<\/span><strong>ADDAX<span>\u00a0<\/span><\/strong>\u00a0peut \u00eatre utilis\u00e9 tous les jours.<\/p>\n<h3>\u0637\u0631\u064a\u0642\u0629 \u0627\u0644\u0627\u0633\u062a\u062e\u062f\u0627\u0645<\/h3>\n<p><span>Utiliser le Gel Pieds Nettoyant Antifongique Sanibacter ADDAX comme un savon liquide.\u00a0 Verser dans la main, faire mousser puis rincer abondamment et s\u00e9cher.\u00a0 Insister entre les orteils.<\/span><\/p>\n<h3>\u062a\u0639\u0628\u064a\u0631<\/h3>\n<p><span>Aqua, Sodium Laureth Sulfate, Sodium Chloride, Dipropylene Glycol, Propylene Glycol, Chlorphenesin, Citric Acid, Propolis, Usnea Barbata Extract, Melaleuca Alternifolia Oil, Tromethamine, Benzyl Alcohol, Methylchloroisothiazolinone, Methylisothiazolinone.<\/span><\/p>","protected":false},"excerpt":{"rendered":"<p>Addax SANIBACTER Gel Nettoyant Pieds\u00a0contient de la chorph\u00e9n\u00e9sine, un composant actif qui assure une protection antifongique. Pr\u00e9servez vos pieds contre les champignons avec le\u00a0Gel Pieds Nettoyant Antifongique Sanibacter ADDAX. Ce gel nettoyant contient de la chorph\u00e9n\u00e9sine, un composant actif qui assure une protection antifongique. Il permet alors d\u2019assurer une hygi\u00e8ne parfaite tout en prot\u00e9geant les [&hellip;]<\/p>\n","protected":false},"featured_media":14920,"template":"","meta":{"om_disable_all_campaigns":false},"product_brand":[2790],"product_cat":[18,15],"product_tag":[3259,3260,3261],"class_list":{"0":"post-14921","1":"product","2":"type-product","3":"status-publish","4":"has-post-thumbnail","6":"product_brand-addax-prix-maroc","7":"product_cat-beaute-sante","8":"product_cat-beaute-sante-complements-alimentaires-soins-et-bien-etre-au-meilleur-prix","9":"product_tag-addax","10":"product_tag-addax-maroc","11":"product_tag-addax-morocco","13":"first","14":"instock","15":"sale","16":"taxable","17":"shipping-taxable","18":"purchasable","19":"product-type-simple"},"yoast_head":"<!-- This site is optimized with the Yoast SEO plugin v27.5 - https:\/\/yoast.com\/product\/yoast-seo-wordpress\/ -->\n<title>Addax SANIBACTER Gel Nettoyant Pieds 125ml - Maroc Prix<\/title>\n<meta name=\"description\" content=\"Addax SANIBACTER Gel Nettoyant Pieds 125ml\" \/>\n<meta name=\"robots\" content=\"index, follow, max-snippet:-1, max-image-preview:large, max-video-preview:-1\" \/>\n<link rel=\"canonical\" href=\"https:\/\/vitablanca.ma\/ar\/product-2\/addax-sanibacter-gel-nettoyant-pieds-125ml\/\" \/>\n<meta property=\"og:locale\" content=\"ar_AR\" \/>\n<meta property=\"og:type\" content=\"article\" \/>\n<meta property=\"og:title\" content=\"Addax SANIBACTER Gel Nettoyant Pieds 125ml - Maroc Prix\" \/>\n<meta property=\"og:description\" content=\"Addax SANIBACTER Gel Nettoyant Pieds 125ml\" \/>\n<meta property=\"og:url\" content=\"https:\/\/vitablanca.ma\/ar\/product-2\/addax-sanibacter-gel-nettoyant-pieds-125ml\/\" \/>\n<meta property=\"og:site_name\" content=\"Vitablanca.ma &ndash; Sant&eacute;, vitalit&eacute; et bien-&ecirc;tre pour tous les Marocains\" \/>\n<meta property=\"article:publisher\" content=\"https:\/\/www.facebook.com\/profile.php?id=61576678196717\" \/>\n<meta property=\"article:modified_time\" content=\"2025-07-13T17:02:50+00:00\" \/>\n<meta property=\"og:image\" content=\"https:\/\/vitablanca.ma\/wp-content\/uploads\/2025\/06\/Addax-SANIBACTER-Gel-Nettoyant-Pieds-125ml-nova-parapharmacie-maroc.png\" \/>\n\t<meta property=\"og:image:width\" content=\"1000\" \/>\n\t<meta property=\"og:image:height\" content=\"1000\" \/>\n\t<meta property=\"og:image:type\" content=\"image\/png\" \/>\n<meta name=\"twitter:card\" content=\"summary_large_image\" \/>\n<meta name=\"twitter:label1\" content=\"\u0648\u0642\u062a \u0627\u0644\u0642\u0631\u0627\u0621\u0629 \u0627\u0644\u0645\u064f\u0642\u062f\u0651\u0631\" \/>\n\t<meta name=\"twitter:data1\" content=\"\u062f\u0642\u064a\u0642\u0629 \u0648\u0627\u062d\u062f\u0629\" \/>\n<script type=\"application\/ld+json\" class=\"yoast-schema-graph\">{\"@context\":\"https:\\\/\\\/schema.org\",\"@graph\":[{\"@type\":[\"WebPage\",\"ItemPage\"],\"@id\":\"https:\\\/\\\/vitablanca.ma\\\/produit\\\/addax-sanibacter-gel-nettoyant-pieds-125ml\\\/\",\"url\":\"https:\\\/\\\/vitablanca.ma\\\/produit\\\/addax-sanibacter-gel-nettoyant-pieds-125ml\\\/\",\"name\":\"Addax SANIBACTER Gel Nettoyant Pieds 125ml - Maroc Prix\",\"isPartOf\":{\"@id\":\"https:\\\/\\\/vitablanca.ma\\\/#website\"},\"primaryImageOfPage\":{\"@id\":\"https:\\\/\\\/vitablanca.ma\\\/produit\\\/addax-sanibacter-gel-nettoyant-pieds-125ml\\\/#primaryimage\"},\"image\":{\"@id\":\"https:\\\/\\\/vitablanca.ma\\\/produit\\\/addax-sanibacter-gel-nettoyant-pieds-125ml\\\/#primaryimage\"},\"thumbnailUrl\":\"https:\\\/\\\/vitablanca.ma\\\/wp-content\\\/uploads\\\/2025\\\/06\\\/Addax-SANIBACTER-Gel-Nettoyant-Pieds-125ml-nova-parapharmacie-maroc.png\",\"datePublished\":\"2025-06-10T15:41:44+00:00\",\"dateModified\":\"2025-07-13T17:02:50+00:00\",\"description\":\"Addax SANIBACTER Gel Nettoyant Pieds 125ml\",\"breadcrumb\":{\"@id\":\"https:\\\/\\\/vitablanca.ma\\\/produit\\\/addax-sanibacter-gel-nettoyant-pieds-125ml\\\/#breadcrumb\"},\"inLanguage\":\"ar\",\"potentialAction\":[{\"@type\":\"ReadAction\",\"target\":[\"https:\\\/\\\/vitablanca.ma\\\/produit\\\/addax-sanibacter-gel-nettoyant-pieds-125ml\\\/\"]}]},{\"@type\":\"ImageObject\",\"inLanguage\":\"ar\",\"@id\":\"https:\\\/\\\/vitablanca.ma\\\/produit\\\/addax-sanibacter-gel-nettoyant-pieds-125ml\\\/#primaryimage\",\"url\":\"https:\\\/\\\/vitablanca.ma\\\/wp-content\\\/uploads\\\/2025\\\/06\\\/Addax-SANIBACTER-Gel-Nettoyant-Pieds-125ml-nova-parapharmacie-maroc.png\",\"contentUrl\":\"https:\\\/\\\/vitablanca.ma\\\/wp-content\\\/uploads\\\/2025\\\/06\\\/Addax-SANIBACTER-Gel-Nettoyant-Pieds-125ml-nova-parapharmacie-maroc.png\",\"width\":1000,\"height\":1000},{\"@type\":\"BreadcrumbList\",\"@id\":\"https:\\\/\\\/vitablanca.ma\\\/produit\\\/addax-sanibacter-gel-nettoyant-pieds-125ml\\\/#breadcrumb\",\"itemListElement\":[{\"@type\":\"ListItem\",\"position\":1,\"name\":\"Home\",\"item\":\"https:\\\/\\\/vitablanca.ma\\\/\"},{\"@type\":\"ListItem\",\"position\":2,\"name\":\"Tous Les Produits\",\"item\":\"https:\\\/\\\/vitablanca.ma\\\/tous-les-produits\\\/\"},{\"@type\":\"ListItem\",\"position\":3,\"name\":\"Addax SANIBACTER Gel Nettoyant Pieds 125ml\"}]},{\"@type\":\"WebSite\",\"@id\":\"https:\\\/\\\/vitablanca.ma\\\/#website\",\"url\":\"https:\\\/\\\/vitablanca.ma\\\/\",\"name\":\"VitaBlanca.ma | Compl\u00e9ments alimentaires, sant\u00e9 & beaut\u00e9 au Maroc\",\"description\":\"vendre vitamines et compl\u00e9ments premium des USA &amp; Canada, Nouvelle Z\u00e9lande,Maroc (NOW Foods, Solgar, Manuka). Livraison rapide partout au Maroc.\",\"publisher\":{\"@id\":\"https:\\\/\\\/vitablanca.ma\\\/#organization\"},\"alternateName\":\"VitaBlanca.ma\",\"potentialAction\":[{\"@type\":\"SearchAction\",\"target\":{\"@type\":\"EntryPoint\",\"urlTemplate\":\"https:\\\/\\\/vitablanca.ma\\\/?s={search_term_string}\"},\"query-input\":{\"@type\":\"PropertyValueSpecification\",\"valueRequired\":true,\"valueName\":\"search_term_string\"}}],\"inLanguage\":\"ar\"},{\"@type\":\"Organization\",\"@id\":\"https:\\\/\\\/vitablanca.ma\\\/#organization\",\"name\":\"VitaBlanca\",\"url\":\"https:\\\/\\\/vitablanca.ma\\\/\",\"logo\":{\"@type\":\"ImageObject\",\"inLanguage\":\"ar\",\"@id\":\"https:\\\/\\\/vitablanca.ma\\\/#\\\/schema\\\/logo\\\/image\\\/\",\"url\":\"https:\\\/\\\/vitablanca.ma\\\/wp-content\\\/uploads\\\/2025\\\/05\\\/cropped-vitablanca.png\",\"contentUrl\":\"https:\\\/\\\/vitablanca.ma\\\/wp-content\\\/uploads\\\/2025\\\/05\\\/cropped-vitablanca.png\",\"width\":360,\"height\":67,\"caption\":\"VitaBlanca\"},\"image\":{\"@id\":\"https:\\\/\\\/vitablanca.ma\\\/#\\\/schema\\\/logo\\\/image\\\/\"},\"sameAs\":[\"https:\\\/\\\/www.facebook.com\\\/profile.php?id=61576678196717\",\"https:\\\/\\\/www.tiktok.com\\\/@vitablanca.ma\",\"https:\\\/\\\/www.instagram.com\\\/vitablanca.ma\\\/\"]}]}<\/script>\n<!-- \/ Yoast SEO plugin. -->","yoast_head_json":{"title":"Addax SANIBACTER Gel Nettoyant Pieds 125ml - Maroc Prix","description":"\u062c\u0644 \u062a\u0646\u0638\u064a\u0641 \u0627\u0644\u0642\u062f\u0645\u064a\u0646 \u0623\u062f\u0627\u0643\u0633 \u0633\u0627\u0646\u064a\u0628\u0627\u0643\u062a\u0631 125 \u0645\u0644","robots":{"index":"index","follow":"follow","max-snippet":"max-snippet:-1","max-image-preview":"max-image-preview:large","max-video-preview":"max-video-preview:-1"},"canonical":"https:\/\/vitablanca.ma\/ar\/product-2\/addax-sanibacter-gel-nettoyant-pieds-125ml\/","og_locale":"ar_AR","og_type":"article","og_title":"Addax SANIBACTER Gel Nettoyant Pieds 125ml - Maroc Prix","og_description":"Addax SANIBACTER Gel Nettoyant Pieds 125ml","og_url":"https:\/\/vitablanca.ma\/ar\/product-2\/addax-sanibacter-gel-nettoyant-pieds-125ml\/","og_site_name":"Vitablanca.ma &ndash; Sant&eacute;, vitalit&eacute; et bien-&ecirc;tre pour tous les Marocains","article_publisher":"https:\/\/www.facebook.com\/profile.php?id=61576678196717","article_modified_time":"2025-07-13T17:02:50+00:00","og_image":[{"width":1000,"height":1000,"url":"https:\/\/vitablanca.ma\/wp-content\/uploads\/2025\/06\/Addax-SANIBACTER-Gel-Nettoyant-Pieds-125ml-nova-parapharmacie-maroc.png","type":"image\/png"}],"twitter_card":"summary_large_image","twitter_misc":{"\u0648\u0642\u062a \u0627\u0644\u0642\u0631\u0627\u0621\u0629 \u0627\u0644\u0645\u064f\u0642\u062f\u0651\u0631":"\u062f\u0642\u064a\u0642\u0629 \u0648\u0627\u062d\u062f\u0629"},"schema":{"@context":"https:\/\/schema.org","@graph":[{"@type":["WebPage","ItemPage"],"@id":"https:\/\/vitablanca.ma\/produit\/addax-sanibacter-gel-nettoyant-pieds-125ml\/","url":"https:\/\/vitablanca.ma\/produit\/addax-sanibacter-gel-nettoyant-pieds-125ml\/","name":"Addax SANIBACTER Gel Nettoyant Pieds 125ml - Maroc Prix","isPartOf":{"@id":"https:\/\/vitablanca.ma\/#website"},"primaryImageOfPage":{"@id":"https:\/\/vitablanca.ma\/produit\/addax-sanibacter-gel-nettoyant-pieds-125ml\/#primaryimage"},"image":{"@id":"https:\/\/vitablanca.ma\/produit\/addax-sanibacter-gel-nettoyant-pieds-125ml\/#primaryimage"},"thumbnailUrl":"https:\/\/vitablanca.ma\/wp-content\/uploads\/2025\/06\/Addax-SANIBACTER-Gel-Nettoyant-Pieds-125ml-nova-parapharmacie-maroc.png","datePublished":"2025-06-10T15:41:44+00:00","dateModified":"2025-07-13T17:02:50+00:00","description":"\u062c\u0644 \u062a\u0646\u0638\u064a\u0641 \u0627\u0644\u0642\u062f\u0645\u064a\u0646 \u0623\u062f\u0627\u0643\u0633 \u0633\u0627\u0646\u064a\u0628\u0627\u0643\u062a\u0631 125 \u0645\u0644","breadcrumb":{"@id":"https:\/\/vitablanca.ma\/produit\/addax-sanibacter-gel-nettoyant-pieds-125ml\/#breadcrumb"},"inLanguage":"ar","potentialAction":[{"@type":"ReadAction","target":["https:\/\/vitablanca.ma\/produit\/addax-sanibacter-gel-nettoyant-pieds-125ml\/"]}]},{"@type":"ImageObject","inLanguage":"ar","@id":"https:\/\/vitablanca.ma\/produit\/addax-sanibacter-gel-nettoyant-pieds-125ml\/#primaryimage","url":"https:\/\/vitablanca.ma\/wp-content\/uploads\/2025\/06\/Addax-SANIBACTER-Gel-Nettoyant-Pieds-125ml-nova-parapharmacie-maroc.png","contentUrl":"https:\/\/vitablanca.ma\/wp-content\/uploads\/2025\/06\/Addax-SANIBACTER-Gel-Nettoyant-Pieds-125ml-nova-parapharmacie-maroc.png","width":1000,"height":1000},{"@type":"BreadcrumbList","@id":"https:\/\/vitablanca.ma\/produit\/addax-sanibacter-gel-nettoyant-pieds-125ml\/#breadcrumb","itemListElement":[{"@type":"ListItem","position":1,"name":"Home","item":"https:\/\/vitablanca.ma\/"},{"@type":"ListItem","position":2,"name":"Tous Les Produits","item":"https:\/\/vitablanca.ma\/tous-les-produits\/"},{"@type":"ListItem","position":3,"name":"Addax SANIBACTER Gel Nettoyant Pieds 125ml"}]},{"@type":"WebSite","@id":"https:\/\/vitablanca.ma\/#website","url":"https:\/\/vitablanca.ma\/","name":"VitaBlanca.ma | \u0627\u0644\u0645\u0643\u0645\u0644\u0627\u062a \u0627\u0644\u063a\u0630\u0627\u0626\u064a\u0629\u060c \u0627\u0644\u0635\u062d\u0629 \u0648\u0627\u0644\u062c\u0645\u0627\u0644 \u0641\u064a \u0627\u0644\u0645\u063a\u0631\u0628","description":"\u0646\u0628\u064a\u0639 \u0641\u064a\u062a\u0627\u0645\u064a\u0646\u0627\u062a \u0648\u0645\u0643\u0645\u0644\u0627\u062a \u063a\u0630\u0627\u0626\u064a\u0629 \u0641\u0627\u062e\u0631\u0629 \u0645\u0646 \u0627\u0644\u0648\u0644\u0627\u064a\u0627\u062a \u0627\u0644\u0645\u062a\u062d\u062f\u0629 \u0627\u0644\u0623\u0645\u0631\u064a\u0643\u064a\u0629 \u0648\u0643\u0646\u062f\u0627 \u0648\u0646\u064a\u0648\u0632\u064a\u0644\u0646\u062f\u0627 \u0648\u0627\u0644\u0645\u063a\u0631\u0628 (\u0646\u0627\u0648 \u0641\u0648\u062f\u0632\u060c \u0633\u0648\u0644\u062c\u0627\u0631\u060c \u0645\u0627\u0646\u0648\u0643\u0627). \u062a\u0648\u0635\u064a\u0644 \u0633\u0631\u064a\u0639 \u0625\u0644\u0649 \u062c\u0645\u064a\u0639 \u0623\u0646\u062d\u0627\u0621 \u0627\u0644\u0645\u063a\u0631\u0628.","publisher":{"@id":"https:\/\/vitablanca.ma\/#organization"},"alternateName":"VitaBlanca.ma","potentialAction":[{"@type":"SearchAction","target":{"@type":"EntryPoint","urlTemplate":"https:\/\/vitablanca.ma\/?s={search_term_string}"},"query-input":{"@type":"PropertyValueSpecification","valueRequired":true,"valueName":"search_term_string"}}],"inLanguage":"ar"},{"@type":"Organization","@id":"https:\/\/vitablanca.ma\/#organization","name":"\u0641\u064a\u062a\u0627\u0628\u0644\u0627\u0646\u0643\u0627","url":"https:\/\/vitablanca.ma\/","logo":{"@type":"ImageObject","inLanguage":"ar","@id":"https:\/\/vitablanca.ma\/#\/schema\/logo\/image\/","url":"https:\/\/vitablanca.ma\/wp-content\/uploads\/2025\/05\/cropped-vitablanca.png","contentUrl":"https:\/\/vitablanca.ma\/wp-content\/uploads\/2025\/05\/cropped-vitablanca.png","width":360,"height":67,"caption":"VitaBlanca"},"image":{"@id":"https:\/\/vitablanca.ma\/#\/schema\/logo\/image\/"},"sameAs":["https:\/\/www.facebook.com\/profile.php?id=61576678196717","https:\/\/www.tiktok.com\/@vitablanca.ma","https:\/\/www.instagram.com\/vitablanca.ma\/"]}]}},"jetpack_sharing_enabled":true,"_links":{"self":[{"href":"https:\/\/vitablanca.ma\/ar\/wp-json\/wp\/v2\/product\/14921","targetHints":{"allow":["GET"]}}],"collection":[{"href":"https:\/\/vitablanca.ma\/ar\/wp-json\/wp\/v2\/product"}],"about":[{"href":"https:\/\/vitablanca.ma\/ar\/wp-json\/wp\/v2\/types\/product"}],"wp:featuredmedia":[{"embeddable":true,"href":"https:\/\/vitablanca.ma\/ar\/wp-json\/wp\/v2\/media\/14920"}],"wp:attachment":[{"href":"https:\/\/vitablanca.ma\/ar\/wp-json\/wp\/v2\/media?parent=14921"}],"wp:term":[{"taxonomy":"product_brand","embeddable":true,"href":"https:\/\/vitablanca.ma\/ar\/wp-json\/wp\/v2\/product_brand?post=14921"},{"taxonomy":"product_cat","embeddable":true,"href":"https:\/\/vitablanca.ma\/ar\/wp-json\/wp\/v2\/product_cat?post=14921"},{"taxonomy":"product_tag","embeddable":true,"href":"https:\/\/vitablanca.ma\/ar\/wp-json\/wp\/v2\/product_tag?post=14921"}],"curies":[{"name":"wp","href":"https:\/\/api.w.org\/{rel}","templated":true}]}}