{"id":14909,"date":"2025-06-10T15:40:45","date_gmt":"2025-06-10T15:40:45","guid":{"rendered":"https:\/\/vitablanca.ma\/product\/a-derma-gel-douche-surgras-ultra-rich-500ml\/"},"modified":"2025-07-13T16:58:53","modified_gmt":"2025-07-13T16:58:53","slug":"a-derma-gel-douche-surgras-ultra-rich-500ml","status":"publish","type":"product","link":"https:\/\/vitablanca.ma\/ar\/product-2\/a-derma-gel-douche-surgras-ultra-rich-500ml\/","title":{"rendered":"A-Derma Gel Douche Surgras Ultra Rich 500ml"},"content":{"rendered":"<h2 data-mce-fragment=\"1\"><strong data-mce-fragment=\"1\">A-Derma Gel Douche Surgras Ultra Riche<span data-mce-fragment=\"1\">\u00a0nourrit les peaux s\u00e8ches d\u00e8s la douche.<\/span><\/strong><\/h2>\n<p>Nettoie, nourrit et prot\u00e8ge<\/p>\n<p>Sans savon &#8211; Sans paraben<\/p>\n<ul data-mce-fragment=\"1\">\n<li data-mce-fragment=\"1\">pour 24h d&rsquo;hydratation \u00a0<\/li>\n<li data-mce-fragment=\"1\">avec un parfum d\u00e9licat et fleuri<\/li>\n<li data-mce-fragment=\"1\">avec une mousse agr\u00e9able<\/li>\n<\/ul>\n<h3 data-mce-fragment=\"1\"><span class=\"h3_product\" data-mce-fragment=\"1\">\u0637\u0631\u064a\u0642\u0629 \u0627\u0644\u0627\u0633\u062a\u062e\u062f\u0627\u0645\u00a0<\/span><\/h3>\n<p data-mce-fragment=\"1\">D\u00e9poser une petite quantit\u00e9 entre les mains, faites mousser et appliquer sur une peau mouill\u00e9e. Rincer.<\/p>\n<h3 data-mce-fragment=\"1\"><span class=\"h3_product\" data-mce-fragment=\"1\">\u062a\u0639\u0628\u064a\u0631<\/span><\/h3>\n<p data-mce-fragment=\"1\">Extrait d&rsquo;Avoine Rhealba\u00ae \u2192 adoucissant Agents surgras, riches en huiles v\u00e9g\u00e9tales \u2192 relipidant, laissant un film protecteur sur la peau<\/p>\n<p data-mce-fragment=\"1\">Water (Aqua), Glycerin, Disodium Cocoamphodiacetate, Peg-7 Glyceryl Cocoate, Hydrogenated Starch Hydrolysate Coco-Glucoside, Olive Oil, Glyceryl-8 Esters, Peg-120 Methyl Glucose Dioleate, Sodium Chloride, Citric Acid, Glyceryl Laurate, Niacinamide, Avena Sativa (Oat) Kernel Extract*, Ceteareth-60 Myristyl Glycol, Disodium Edta, Fragrance, Parfum, Propylene Glycol, Sorbic Acid, Tocopherol.<\/p>\n<p data-mce-fragment=\"1\">A l&rsquo;Extrait d&rsquo;Avoine Rhealba\u00ae \u2192 adoucissant Agents surgras, riches en huiles v\u00e9g\u00e9tales \u2192 relipidant, laissant un film protecteur sur la peau .<\/p>","protected":false},"excerpt":{"rendered":"<p>A-Derma Gel Douche Surgras Ultra Riche\u00a0nourrit les peaux s\u00e8ches d\u00e8s la douche. Nettoie, nourrit et prot\u00e8ge Sans savon &#8211; Sans paraben pour 24h d&rsquo;hydratation \u00a0 avec un parfum d\u00e9licat et fleuri avec une mousse agr\u00e9able CONSEILS D&rsquo;UTILISATION\u00a0 D\u00e9poser une petite quantit\u00e9 entre les mains, faites mousser et appliquer sur une peau mouill\u00e9e. Rincer. COMPOSITION Extrait [&hellip;]<\/p>\n","protected":false},"featured_media":14903,"template":"","meta":{"om_disable_all_campaigns":false},"product_brand":[2789],"product_cat":[18,15],"product_tag":[3258,3256,3257],"class_list":{"0":"post-14909","1":"product","2":"type-product","3":"status-publish","4":"has-post-thumbnail","6":"product_brand-a-derma-prix-maroc","7":"product_cat-beaute-sante","8":"product_cat-beaute-sante-complements-alimentaires-soins-et-bien-etre-au-meilleur-prix","9":"product_tag-a-derma","10":"product_tag-a-derma-maroc","11":"product_tag-a-derma-morocco","13":"first","14":"instock","15":"sale","16":"taxable","17":"shipping-taxable","18":"purchasable","19":"product-type-simple"},"yoast_head":"<!-- This site is optimized with the Yoast SEO plugin v27.5 - https:\/\/yoast.com\/product\/yoast-seo-wordpress\/ -->\n<title>A-Derma Gel Douche Surgras Ultra Rich 500ml - Maroc Prix<\/title>\n<meta name=\"description\" content=\"A-Derma Gel Douche Surgras Ultra Rich 500ml\" \/>\n<meta name=\"robots\" content=\"index, follow, max-snippet:-1, max-image-preview:large, max-video-preview:-1\" \/>\n<link rel=\"canonical\" href=\"https:\/\/vitablanca.ma\/ar\/product-2\/a-derma-gel-douche-surgras-ultra-rich-500ml\/\" \/>\n<meta property=\"og:locale\" content=\"ar_AR\" \/>\n<meta property=\"og:type\" content=\"article\" \/>\n<meta property=\"og:title\" content=\"A-Derma Gel Douche Surgras Ultra Rich 500ml - Maroc Prix\" \/>\n<meta property=\"og:description\" content=\"A-Derma Gel Douche Surgras Ultra Rich 500ml\" \/>\n<meta property=\"og:url\" content=\"https:\/\/vitablanca.ma\/ar\/product-2\/a-derma-gel-douche-surgras-ultra-rich-500ml\/\" \/>\n<meta property=\"og:site_name\" content=\"Vitablanca.ma &ndash; Sant&eacute;, vitalit&eacute; et bien-&ecirc;tre pour tous les Marocains\" \/>\n<meta property=\"article:publisher\" content=\"https:\/\/www.facebook.com\/profile.php?id=61576678196717\" \/>\n<meta property=\"article:modified_time\" content=\"2025-07-13T16:58:53+00:00\" \/>\n<meta property=\"og:image\" content=\"https:\/\/vitablanca.ma\/wp-content\/uploads\/2025\/06\/aderma-gel-douche-surgras-ultra-rich-200-ml-parapharmacie-prix-maroc1_8efb9f61-4ea2-420d-b62a-f08ef281dfcd.jpg\" \/>\n\t<meta property=\"og:image:width\" content=\"800\" \/>\n\t<meta property=\"og:image:height\" content=\"800\" \/>\n\t<meta property=\"og:image:type\" content=\"image\/jpeg\" \/>\n<meta name=\"twitter:card\" content=\"summary_large_image\" \/>\n<meta name=\"twitter:label1\" content=\"\u0648\u0642\u062a \u0627\u0644\u0642\u0631\u0627\u0621\u0629 \u0627\u0644\u0645\u064f\u0642\u062f\u0651\u0631\" \/>\n\t<meta name=\"twitter:data1\" content=\"\u062f\u0642\u064a\u0642\u0629 \u0648\u0627\u062d\u062f\u0629\" \/>\n<script type=\"application\/ld+json\" class=\"yoast-schema-graph\">{\"@context\":\"https:\\\/\\\/schema.org\",\"@graph\":[{\"@type\":[\"WebPage\",\"ItemPage\"],\"@id\":\"https:\\\/\\\/vitablanca.ma\\\/produit\\\/a-derma-gel-douche-surgras-ultra-rich-500ml\\\/\",\"url\":\"https:\\\/\\\/vitablanca.ma\\\/produit\\\/a-derma-gel-douche-surgras-ultra-rich-500ml\\\/\",\"name\":\"A-Derma Gel Douche Surgras Ultra Rich 500ml - Maroc Prix\",\"isPartOf\":{\"@id\":\"https:\\\/\\\/vitablanca.ma\\\/#website\"},\"primaryImageOfPage\":{\"@id\":\"https:\\\/\\\/vitablanca.ma\\\/produit\\\/a-derma-gel-douche-surgras-ultra-rich-500ml\\\/#primaryimage\"},\"image\":{\"@id\":\"https:\\\/\\\/vitablanca.ma\\\/produit\\\/a-derma-gel-douche-surgras-ultra-rich-500ml\\\/#primaryimage\"},\"thumbnailUrl\":\"https:\\\/\\\/vitablanca.ma\\\/wp-content\\\/uploads\\\/2025\\\/06\\\/aderma-gel-douche-surgras-ultra-rich-200-ml-parapharmacie-prix-maroc1_8efb9f61-4ea2-420d-b62a-f08ef281dfcd.jpg\",\"datePublished\":\"2025-06-10T15:40:45+00:00\",\"dateModified\":\"2025-07-13T16:58:53+00:00\",\"description\":\"A-Derma Gel Douche Surgras Ultra Rich 500ml\",\"breadcrumb\":{\"@id\":\"https:\\\/\\\/vitablanca.ma\\\/produit\\\/a-derma-gel-douche-surgras-ultra-rich-500ml\\\/#breadcrumb\"},\"inLanguage\":\"ar\",\"potentialAction\":[{\"@type\":\"ReadAction\",\"target\":[\"https:\\\/\\\/vitablanca.ma\\\/produit\\\/a-derma-gel-douche-surgras-ultra-rich-500ml\\\/\"]}]},{\"@type\":\"ImageObject\",\"inLanguage\":\"ar\",\"@id\":\"https:\\\/\\\/vitablanca.ma\\\/produit\\\/a-derma-gel-douche-surgras-ultra-rich-500ml\\\/#primaryimage\",\"url\":\"https:\\\/\\\/vitablanca.ma\\\/wp-content\\\/uploads\\\/2025\\\/06\\\/aderma-gel-douche-surgras-ultra-rich-200-ml-parapharmacie-prix-maroc1_8efb9f61-4ea2-420d-b62a-f08ef281dfcd.jpg\",\"contentUrl\":\"https:\\\/\\\/vitablanca.ma\\\/wp-content\\\/uploads\\\/2025\\\/06\\\/aderma-gel-douche-surgras-ultra-rich-200-ml-parapharmacie-prix-maroc1_8efb9f61-4ea2-420d-b62a-f08ef281dfcd.jpg\",\"width\":800,\"height\":800},{\"@type\":\"BreadcrumbList\",\"@id\":\"https:\\\/\\\/vitablanca.ma\\\/produit\\\/a-derma-gel-douche-surgras-ultra-rich-500ml\\\/#breadcrumb\",\"itemListElement\":[{\"@type\":\"ListItem\",\"position\":1,\"name\":\"Home\",\"item\":\"https:\\\/\\\/vitablanca.ma\\\/\"},{\"@type\":\"ListItem\",\"position\":2,\"name\":\"Tous Les Produits\",\"item\":\"https:\\\/\\\/vitablanca.ma\\\/tous-les-produits\\\/\"},{\"@type\":\"ListItem\",\"position\":3,\"name\":\"A-Derma Gel Douche Surgras Ultra Rich 500ml\"}]},{\"@type\":\"WebSite\",\"@id\":\"https:\\\/\\\/vitablanca.ma\\\/#website\",\"url\":\"https:\\\/\\\/vitablanca.ma\\\/\",\"name\":\"VitaBlanca.ma | Compl\u00e9ments alimentaires, sant\u00e9 & beaut\u00e9 au Maroc\",\"description\":\"vendre vitamines et compl\u00e9ments premium des USA &amp; Canada, Nouvelle Z\u00e9lande,Maroc (NOW Foods, Solgar, Manuka). Livraison rapide partout au Maroc.\",\"publisher\":{\"@id\":\"https:\\\/\\\/vitablanca.ma\\\/#organization\"},\"alternateName\":\"VitaBlanca.ma\",\"potentialAction\":[{\"@type\":\"SearchAction\",\"target\":{\"@type\":\"EntryPoint\",\"urlTemplate\":\"https:\\\/\\\/vitablanca.ma\\\/?s={search_term_string}\"},\"query-input\":{\"@type\":\"PropertyValueSpecification\",\"valueRequired\":true,\"valueName\":\"search_term_string\"}}],\"inLanguage\":\"ar\"},{\"@type\":\"Organization\",\"@id\":\"https:\\\/\\\/vitablanca.ma\\\/#organization\",\"name\":\"VitaBlanca\",\"url\":\"https:\\\/\\\/vitablanca.ma\\\/\",\"logo\":{\"@type\":\"ImageObject\",\"inLanguage\":\"ar\",\"@id\":\"https:\\\/\\\/vitablanca.ma\\\/#\\\/schema\\\/logo\\\/image\\\/\",\"url\":\"https:\\\/\\\/vitablanca.ma\\\/wp-content\\\/uploads\\\/2025\\\/05\\\/cropped-vitablanca.png\",\"contentUrl\":\"https:\\\/\\\/vitablanca.ma\\\/wp-content\\\/uploads\\\/2025\\\/05\\\/cropped-vitablanca.png\",\"width\":360,\"height\":67,\"caption\":\"VitaBlanca\"},\"image\":{\"@id\":\"https:\\\/\\\/vitablanca.ma\\\/#\\\/schema\\\/logo\\\/image\\\/\"},\"sameAs\":[\"https:\\\/\\\/www.facebook.com\\\/profile.php?id=61576678196717\",\"https:\\\/\\\/www.tiktok.com\\\/@vitablanca.ma\",\"https:\\\/\\\/www.instagram.com\\\/vitablanca.ma\\\/\"]}]}<\/script>\n<!-- \/ Yoast SEO plugin. -->","yoast_head_json":{"title":"A-Derma Gel Douche Surgras Ultra Rich 500ml - Maroc Prix","description":"A-Derma Gel Douche Surgras Ultra Rich 500ml","robots":{"index":"index","follow":"follow","max-snippet":"max-snippet:-1","max-image-preview":"max-image-preview:large","max-video-preview":"max-video-preview:-1"},"canonical":"https:\/\/vitablanca.ma\/ar\/product-2\/a-derma-gel-douche-surgras-ultra-rich-500ml\/","og_locale":"ar_AR","og_type":"article","og_title":"A-Derma Gel Douche Surgras Ultra Rich 500ml - Maroc Prix","og_description":"A-Derma Gel Douche Surgras Ultra Rich 500ml","og_url":"https:\/\/vitablanca.ma\/ar\/product-2\/a-derma-gel-douche-surgras-ultra-rich-500ml\/","og_site_name":"Vitablanca.ma &ndash; Sant&eacute;, vitalit&eacute; et bien-&ecirc;tre pour tous les Marocains","article_publisher":"https:\/\/www.facebook.com\/profile.php?id=61576678196717","article_modified_time":"2025-07-13T16:58:53+00:00","og_image":[{"width":800,"height":800,"url":"https:\/\/vitablanca.ma\/wp-content\/uploads\/2025\/06\/aderma-gel-douche-surgras-ultra-rich-200-ml-parapharmacie-prix-maroc1_8efb9f61-4ea2-420d-b62a-f08ef281dfcd.jpg","type":"image\/jpeg"}],"twitter_card":"summary_large_image","twitter_misc":{"\u0648\u0642\u062a \u0627\u0644\u0642\u0631\u0627\u0621\u0629 \u0627\u0644\u0645\u064f\u0642\u062f\u0651\u0631":"\u062f\u0642\u064a\u0642\u0629 \u0648\u0627\u062d\u062f\u0629"},"schema":{"@context":"https:\/\/schema.org","@graph":[{"@type":["WebPage","ItemPage"],"@id":"https:\/\/vitablanca.ma\/produit\/a-derma-gel-douche-surgras-ultra-rich-500ml\/","url":"https:\/\/vitablanca.ma\/produit\/a-derma-gel-douche-surgras-ultra-rich-500ml\/","name":"A-Derma Gel Douche Surgras Ultra Rich 500ml - Maroc Prix","isPartOf":{"@id":"https:\/\/vitablanca.ma\/#website"},"primaryImageOfPage":{"@id":"https:\/\/vitablanca.ma\/produit\/a-derma-gel-douche-surgras-ultra-rich-500ml\/#primaryimage"},"image":{"@id":"https:\/\/vitablanca.ma\/produit\/a-derma-gel-douche-surgras-ultra-rich-500ml\/#primaryimage"},"thumbnailUrl":"https:\/\/vitablanca.ma\/wp-content\/uploads\/2025\/06\/aderma-gel-douche-surgras-ultra-rich-200-ml-parapharmacie-prix-maroc1_8efb9f61-4ea2-420d-b62a-f08ef281dfcd.jpg","datePublished":"2025-06-10T15:40:45+00:00","dateModified":"2025-07-13T16:58:53+00:00","description":"A-Derma Gel Douche Surgras Ultra Rich 500ml","breadcrumb":{"@id":"https:\/\/vitablanca.ma\/produit\/a-derma-gel-douche-surgras-ultra-rich-500ml\/#breadcrumb"},"inLanguage":"ar","potentialAction":[{"@type":"ReadAction","target":["https:\/\/vitablanca.ma\/produit\/a-derma-gel-douche-surgras-ultra-rich-500ml\/"]}]},{"@type":"ImageObject","inLanguage":"ar","@id":"https:\/\/vitablanca.ma\/produit\/a-derma-gel-douche-surgras-ultra-rich-500ml\/#primaryimage","url":"https:\/\/vitablanca.ma\/wp-content\/uploads\/2025\/06\/aderma-gel-douche-surgras-ultra-rich-200-ml-parapharmacie-prix-maroc1_8efb9f61-4ea2-420d-b62a-f08ef281dfcd.jpg","contentUrl":"https:\/\/vitablanca.ma\/wp-content\/uploads\/2025\/06\/aderma-gel-douche-surgras-ultra-rich-200-ml-parapharmacie-prix-maroc1_8efb9f61-4ea2-420d-b62a-f08ef281dfcd.jpg","width":800,"height":800},{"@type":"BreadcrumbList","@id":"https:\/\/vitablanca.ma\/produit\/a-derma-gel-douche-surgras-ultra-rich-500ml\/#breadcrumb","itemListElement":[{"@type":"ListItem","position":1,"name":"Home","item":"https:\/\/vitablanca.ma\/"},{"@type":"ListItem","position":2,"name":"Tous Les Produits","item":"https:\/\/vitablanca.ma\/tous-les-produits\/"},{"@type":"ListItem","position":3,"name":"A-Derma Gel Douche Surgras Ultra Rich 500ml"}]},{"@type":"WebSite","@id":"https:\/\/vitablanca.ma\/#website","url":"https:\/\/vitablanca.ma\/","name":"VitaBlanca.ma | \u0627\u0644\u0645\u0643\u0645\u0644\u0627\u062a \u0627\u0644\u063a\u0630\u0627\u0626\u064a\u0629\u060c \u0627\u0644\u0635\u062d\u0629 \u0648\u0627\u0644\u062c\u0645\u0627\u0644 \u0641\u064a \u0627\u0644\u0645\u063a\u0631\u0628","description":"\u0646\u0628\u064a\u0639 \u0641\u064a\u062a\u0627\u0645\u064a\u0646\u0627\u062a \u0648\u0645\u0643\u0645\u0644\u0627\u062a \u063a\u0630\u0627\u0626\u064a\u0629 \u0641\u0627\u062e\u0631\u0629 \u0645\u0646 \u0627\u0644\u0648\u0644\u0627\u064a\u0627\u062a \u0627\u0644\u0645\u062a\u062d\u062f\u0629 \u0627\u0644\u0623\u0645\u0631\u064a\u0643\u064a\u0629 \u0648\u0643\u0646\u062f\u0627 \u0648\u0646\u064a\u0648\u0632\u064a\u0644\u0646\u062f\u0627 \u0648\u0627\u0644\u0645\u063a\u0631\u0628 (\u0646\u0627\u0648 \u0641\u0648\u062f\u0632\u060c \u0633\u0648\u0644\u062c\u0627\u0631\u060c \u0645\u0627\u0646\u0648\u0643\u0627). \u062a\u0648\u0635\u064a\u0644 \u0633\u0631\u064a\u0639 \u0625\u0644\u0649 \u062c\u0645\u064a\u0639 \u0623\u0646\u062d\u0627\u0621 \u0627\u0644\u0645\u063a\u0631\u0628.","publisher":{"@id":"https:\/\/vitablanca.ma\/#organization"},"alternateName":"VitaBlanca.ma","potentialAction":[{"@type":"SearchAction","target":{"@type":"EntryPoint","urlTemplate":"https:\/\/vitablanca.ma\/?s={search_term_string}"},"query-input":{"@type":"PropertyValueSpecification","valueRequired":true,"valueName":"search_term_string"}}],"inLanguage":"ar"},{"@type":"Organization","@id":"https:\/\/vitablanca.ma\/#organization","name":"\u0641\u064a\u062a\u0627\u0628\u0644\u0627\u0646\u0643\u0627","url":"https:\/\/vitablanca.ma\/","logo":{"@type":"ImageObject","inLanguage":"ar","@id":"https:\/\/vitablanca.ma\/#\/schema\/logo\/image\/","url":"https:\/\/vitablanca.ma\/wp-content\/uploads\/2025\/05\/cropped-vitablanca.png","contentUrl":"https:\/\/vitablanca.ma\/wp-content\/uploads\/2025\/05\/cropped-vitablanca.png","width":360,"height":67,"caption":"VitaBlanca"},"image":{"@id":"https:\/\/vitablanca.ma\/#\/schema\/logo\/image\/"},"sameAs":["https:\/\/www.facebook.com\/profile.php?id=61576678196717","https:\/\/www.tiktok.com\/@vitablanca.ma","https:\/\/www.instagram.com\/vitablanca.ma\/"]}]}},"jetpack_sharing_enabled":true,"_links":{"self":[{"href":"https:\/\/vitablanca.ma\/ar\/wp-json\/wp\/v2\/product\/14909","targetHints":{"allow":["GET"]}}],"collection":[{"href":"https:\/\/vitablanca.ma\/ar\/wp-json\/wp\/v2\/product"}],"about":[{"href":"https:\/\/vitablanca.ma\/ar\/wp-json\/wp\/v2\/types\/product"}],"wp:featuredmedia":[{"embeddable":true,"href":"https:\/\/vitablanca.ma\/ar\/wp-json\/wp\/v2\/media\/14903"}],"wp:attachment":[{"href":"https:\/\/vitablanca.ma\/ar\/wp-json\/wp\/v2\/media?parent=14909"}],"wp:term":[{"taxonomy":"product_brand","embeddable":true,"href":"https:\/\/vitablanca.ma\/ar\/wp-json\/wp\/v2\/product_brand?post=14909"},{"taxonomy":"product_cat","embeddable":true,"href":"https:\/\/vitablanca.ma\/ar\/wp-json\/wp\/v2\/product_cat?post=14909"},{"taxonomy":"product_tag","embeddable":true,"href":"https:\/\/vitablanca.ma\/ar\/wp-json\/wp\/v2\/product_tag?post=14909"}],"curies":[{"name":"wp","href":"https:\/\/api.w.org\/{rel}","templated":true}]}}