{"id":14902,"date":"2025-06-10T15:40:36","date_gmt":"2025-06-10T15:40:36","guid":{"rendered":"https:\/\/vitablanca.ma\/product\/a-derma-exomega-control-lait-emollient-anti-grattage-200ml\/"},"modified":"2025-07-13T16:58:53","modified_gmt":"2025-07-13T16:58:53","slug":"a-derma-exomega-control-lait-emollient-anti-grattage-200ml","status":"publish","type":"product","link":"https:\/\/vitablanca.ma\/ar\/product-2\/a-derma-exomega-control-lait-emollient-anti-grattage-200ml\/","title":{"rendered":"A-Derma EXOMEGA CONTROL Lait \u00e9mollient anti-grattage 200ml"},"content":{"rendered":"<div class=\"block-content\" data-mce-fragment=\"1\">\n<h2 data-mce-fragment=\"1\">A-Derma EXOMEGA CONTROL Lait \u00e9mollient anti-grattage 200ml<\/h2>\n<div class=\"block-content\">\n<p>La texture fluide non collante et non grasse du lait \u00e9mollient am\u00e9liore le quotidien des adultes et enfants, d\u00e8s la naissance, en une seule application par jour.<br \/>Il contribue \u00e0 espacer les pics d\u2019irritation, \u00e0 apaiser les sensations de d\u00e9mangeaisons* tout en participant \u00e0 la restauration de la barri\u00e8re cutan\u00e9e.<br \/>Formul\u00e9 avec l&rsquo;Extrait de Plantules d\u2019Avoine Rhealba\u00ae (jeunes pousses d&rsquo;avoine), apaisant et r\u00e9\u00e9quilibrant, sa formule prend soin de la peau s\u00e8che \u00e0 tendance atopique, r\u00e9duit sa souffrance et prot\u00e8ge sa fragilit\u00e9. Un lait haute tol\u00e9rance, sans parfum, pens\u00e9 et d\u00e9velopp\u00e9 pour les peaux fragiles avec 95 % d\u2019ingr\u00e9dients d\u2019origine naturelle.<br \/>Un geste fluide, efficace et rassurant. Comme tous nos soins \u00e9mollients aux Plantules d\u2019Avoine Rhealba\u00ae, ce lait a \u00e9t\u00e9 cit\u00e9 dans les recommandations europ\u00e9ennes en dermatologie dans la prise en charge de l\u2019ecz\u00e9ma atopique : Emollient PLUS**.<br \/>\u0645\u0639\u0644\u0648\u0645\u0627\u062a \u0646\u0628\u0627\u062a\u064a\u0629: \u0644\u0627 \u064a\u062d\u062a\u0648\u064a \u0639\u0644\u0649 \u0623\u064a \u0645\u0643\u0648\u0646\u0627\u062a \u0645\u0646 \u0623\u0635\u0644 \u062d\u064a\u0648\u0627\u0646\u064a.<\/p>\n<\/div>\n<div class=\"block-content has-heading\">\n<div class=\"block-content-heading\">\n<p><strong>\u0645\u064a\u0632\u0629<\/strong><br \/>Apaisant et anti-grattage, ce lait \u00e9mollient prend soin des peaux s\u00e8ches \u00e0 tendance atopique en une application par jour.<\/p>\n<\/div>\n<div class=\"block-content-heading\">\n<p><strong>\u0641\u0648\u0627\u0626\u062f<\/strong><br \/>\u2022 ANTI-GRATTAGE : apaise la peau imm\u00e9diatement apr\u00e8s l\u2019application et espace les pics d\u2019irritation.<br \/>\u2022 R\u00c9DUIT la s\u00e9cheresse cutan\u00e9e des adultes et enfants, d\u00e8s la naissance, gr\u00e2ce \u00e0 sa texture lait fluide et l\u00e9g\u00e8re.<br \/>\u2022 RESPECTE la peau gr\u00e2ce \u00e0 sa formule compose\u0301e de 95 % d\u2019ingre\u0301dients d\u2019origine naturelle et \u00e0 la charte de formulation (Conscious, Clean and green) tr\u00e8s stricte d\u2019A-DERMA, laboratoire dermatologique v\u00e9g\u00e9tal<\/p>\n<\/div>\n<\/div>\n<p class=\"p1\"><strong>\u0635\u0627\u0644\u062d\u0629 \u0644\u0644\u0627\u0633\u062a\u062e\u062f\u0627\u0645 \u0628\u0648\u0627\u0633\u0637\u0629:<\/strong><br \/> \u0627\u0644\u0623\u0637\u0641\u0627\u0644\u060c \u0627\u0644\u0631\u0636\u0639\u060c \u0627\u0644\u0643\u0628\u0627\u0631\u060c \u0645\u0646\u0630 \u0627\u0644\u0648\u0644\u0627\u062f\u0629<\/p>\n<p class=\"p1\"><strong>\u062c\u0632\u0621 \u0627\u0644\u062c\u0633\u0645:<\/strong><br \/> \u0627\u0644\u062c\u0633\u0645 \u0648\u0627\u0644\u0648\u062c\u0647<\/p>\n<p class=\"p1\"><strong>\u0646\u0648\u0639 \u0627\u0644\u0628\u0634\u0631\u0629:<\/strong><br \/> \u0627\u0644\u0628\u0634\u0631\u0629 \u0627\u0644\u062c\u0627\u0641\u0629 \u0627\u0644\u0645\u0639\u0631\u0636\u0629 \u0644\u0644\u0625\u0643\u0632\u064a\u0645\u0627 \u0627\u0644\u0623\u062a\u0648\u0628\u064a\u0629<\/p>\n<p data-mce-fragment=\"1\">\u00a0<\/p>\n<\/div>\n<div class=\"block-content has-heading\" data-mce-fragment=\"1\"><\/div>","protected":false},"excerpt":{"rendered":"<p>A-Derma EXOMEGA CONTROL Lait \u00e9mollient anti-grattage 200ml La texture fluide non collante et non grasse du lait \u00e9mollient am\u00e9liore le quotidien des adultes et enfants, d\u00e8s la naissance, en une seule application par jour.Il contribue \u00e0 espacer les pics d\u2019irritation, \u00e0 apaiser les sensations de d\u00e9mangeaisons* tout en participant \u00e0 la restauration de la barri\u00e8re [&hellip;]<\/p>\n","protected":false},"featured_media":14898,"template":"","meta":{"om_disable_all_campaigns":false},"product_brand":[2789],"product_cat":[18,15],"product_tag":[3258,3256,3257],"class_list":{"0":"post-14902","1":"product","2":"type-product","3":"status-publish","4":"has-post-thumbnail","6":"product_brand-a-derma-prix-maroc","7":"product_cat-beaute-sante","8":"product_cat-beaute-sante-complements-alimentaires-soins-et-bien-etre-au-meilleur-prix","9":"product_tag-a-derma","10":"product_tag-a-derma-maroc","11":"product_tag-a-derma-morocco","13":"first","14":"instock","15":"sale","16":"taxable","17":"shipping-taxable","18":"purchasable","19":"product-type-simple"},"yoast_head":"<!-- This site is optimized with the Yoast SEO plugin v27.5 - https:\/\/yoast.com\/product\/yoast-seo-wordpress\/ -->\n<title>A-Derma EXOMEGA CONTROL Lait \u00e9mollient anti-grattage 200ml - Maroc Prix<\/title>\n<meta name=\"description\" content=\"A-Derma EXOMEGA CONTROL Lait \u00e9mollient anti-grattage 200ml\" \/>\n<meta name=\"robots\" content=\"index, follow, max-snippet:-1, max-image-preview:large, max-video-preview:-1\" \/>\n<link rel=\"canonical\" href=\"https:\/\/vitablanca.ma\/ar\/product-2\/a-derma-exomega-control-lait-emollient-anti-grattage-200ml\/\" \/>\n<meta property=\"og:locale\" content=\"ar_AR\" \/>\n<meta property=\"og:type\" content=\"article\" \/>\n<meta property=\"og:title\" content=\"A-Derma EXOMEGA CONTROL Lait \u00e9mollient anti-grattage 200ml - Maroc Prix\" \/>\n<meta property=\"og:description\" content=\"A-Derma EXOMEGA CONTROL Lait \u00e9mollient anti-grattage 200ml\" \/>\n<meta property=\"og:url\" content=\"https:\/\/vitablanca.ma\/ar\/product-2\/a-derma-exomega-control-lait-emollient-anti-grattage-200ml\/\" \/>\n<meta property=\"og:site_name\" content=\"Vitablanca.ma &ndash; Sant&eacute;, vitalit&eacute; et bien-&ecirc;tre pour tous les Marocains\" \/>\n<meta property=\"article:publisher\" content=\"https:\/\/www.facebook.com\/profile.php?id=61576678196717\" \/>\n<meta property=\"article:modified_time\" content=\"2025-07-13T16:58:53+00:00\" \/>\n<meta property=\"og:image\" content=\"https:\/\/vitablanca.ma\/wp-content\/uploads\/2025\/06\/A-Derma-EXOMEGA-CONTROL-Lait-emollient-anti-grattage-200ml-parapharmacie-Maroc.jpg\" \/>\n\t<meta property=\"og:image:width\" content=\"1000\" \/>\n\t<meta property=\"og:image:height\" content=\"1000\" \/>\n\t<meta property=\"og:image:type\" content=\"image\/jpeg\" \/>\n<meta name=\"twitter:card\" content=\"summary_large_image\" \/>\n<meta name=\"twitter:label1\" content=\"\u0648\u0642\u062a \u0627\u0644\u0642\u0631\u0627\u0621\u0629 \u0627\u0644\u0645\u064f\u0642\u062f\u0651\u0631\" \/>\n\t<meta name=\"twitter:data1\" content=\"\u062f\u0642\u064a\u0642\u0629 \u0648\u0627\u062d\u062f\u0629\" \/>\n<script type=\"application\/ld+json\" class=\"yoast-schema-graph\">{\"@context\":\"https:\\\/\\\/schema.org\",\"@graph\":[{\"@type\":[\"WebPage\",\"ItemPage\"],\"@id\":\"https:\\\/\\\/vitablanca.ma\\\/produit\\\/a-derma-exomega-control-lait-emollient-anti-grattage-200ml\\\/\",\"url\":\"https:\\\/\\\/vitablanca.ma\\\/produit\\\/a-derma-exomega-control-lait-emollient-anti-grattage-200ml\\\/\",\"name\":\"A-Derma EXOMEGA CONTROL Lait \u00e9mollient anti-grattage 200ml - Maroc Prix\",\"isPartOf\":{\"@id\":\"https:\\\/\\\/vitablanca.ma\\\/#website\"},\"primaryImageOfPage\":{\"@id\":\"https:\\\/\\\/vitablanca.ma\\\/produit\\\/a-derma-exomega-control-lait-emollient-anti-grattage-200ml\\\/#primaryimage\"},\"image\":{\"@id\":\"https:\\\/\\\/vitablanca.ma\\\/produit\\\/a-derma-exomega-control-lait-emollient-anti-grattage-200ml\\\/#primaryimage\"},\"thumbnailUrl\":\"https:\\\/\\\/vitablanca.ma\\\/wp-content\\\/uploads\\\/2025\\\/06\\\/A-Derma-EXOMEGA-CONTROL-Lait-emollient-anti-grattage-200ml-parapharmacie-Maroc.jpg\",\"datePublished\":\"2025-06-10T15:40:36+00:00\",\"dateModified\":\"2025-07-13T16:58:53+00:00\",\"description\":\"A-Derma EXOMEGA CONTROL Lait \u00e9mollient anti-grattage 200ml\",\"breadcrumb\":{\"@id\":\"https:\\\/\\\/vitablanca.ma\\\/produit\\\/a-derma-exomega-control-lait-emollient-anti-grattage-200ml\\\/#breadcrumb\"},\"inLanguage\":\"ar\",\"potentialAction\":[{\"@type\":\"ReadAction\",\"target\":[\"https:\\\/\\\/vitablanca.ma\\\/produit\\\/a-derma-exomega-control-lait-emollient-anti-grattage-200ml\\\/\"]}]},{\"@type\":\"ImageObject\",\"inLanguage\":\"ar\",\"@id\":\"https:\\\/\\\/vitablanca.ma\\\/produit\\\/a-derma-exomega-control-lait-emollient-anti-grattage-200ml\\\/#primaryimage\",\"url\":\"https:\\\/\\\/vitablanca.ma\\\/wp-content\\\/uploads\\\/2025\\\/06\\\/A-Derma-EXOMEGA-CONTROL-Lait-emollient-anti-grattage-200ml-parapharmacie-Maroc.jpg\",\"contentUrl\":\"https:\\\/\\\/vitablanca.ma\\\/wp-content\\\/uploads\\\/2025\\\/06\\\/A-Derma-EXOMEGA-CONTROL-Lait-emollient-anti-grattage-200ml-parapharmacie-Maroc.jpg\",\"width\":1000,\"height\":1000},{\"@type\":\"BreadcrumbList\",\"@id\":\"https:\\\/\\\/vitablanca.ma\\\/produit\\\/a-derma-exomega-control-lait-emollient-anti-grattage-200ml\\\/#breadcrumb\",\"itemListElement\":[{\"@type\":\"ListItem\",\"position\":1,\"name\":\"Home\",\"item\":\"https:\\\/\\\/vitablanca.ma\\\/\"},{\"@type\":\"ListItem\",\"position\":2,\"name\":\"Tous Les Produits\",\"item\":\"https:\\\/\\\/vitablanca.ma\\\/tous-les-produits\\\/\"},{\"@type\":\"ListItem\",\"position\":3,\"name\":\"A-Derma EXOMEGA CONTROL Lait \u00e9mollient anti-grattage 200ml\"}]},{\"@type\":\"WebSite\",\"@id\":\"https:\\\/\\\/vitablanca.ma\\\/#website\",\"url\":\"https:\\\/\\\/vitablanca.ma\\\/\",\"name\":\"VitaBlanca.ma | Compl\u00e9ments alimentaires, sant\u00e9 & beaut\u00e9 au Maroc\",\"description\":\"vendre vitamines et compl\u00e9ments premium des USA &amp; Canada, Nouvelle Z\u00e9lande,Maroc (NOW Foods, Solgar, Manuka). Livraison rapide partout au Maroc.\",\"publisher\":{\"@id\":\"https:\\\/\\\/vitablanca.ma\\\/#organization\"},\"alternateName\":\"VitaBlanca.ma\",\"potentialAction\":[{\"@type\":\"SearchAction\",\"target\":{\"@type\":\"EntryPoint\",\"urlTemplate\":\"https:\\\/\\\/vitablanca.ma\\\/?s={search_term_string}\"},\"query-input\":{\"@type\":\"PropertyValueSpecification\",\"valueRequired\":true,\"valueName\":\"search_term_string\"}}],\"inLanguage\":\"ar\"},{\"@type\":\"Organization\",\"@id\":\"https:\\\/\\\/vitablanca.ma\\\/#organization\",\"name\":\"VitaBlanca\",\"url\":\"https:\\\/\\\/vitablanca.ma\\\/\",\"logo\":{\"@type\":\"ImageObject\",\"inLanguage\":\"ar\",\"@id\":\"https:\\\/\\\/vitablanca.ma\\\/#\\\/schema\\\/logo\\\/image\\\/\",\"url\":\"https:\\\/\\\/vitablanca.ma\\\/wp-content\\\/uploads\\\/2025\\\/05\\\/cropped-vitablanca.png\",\"contentUrl\":\"https:\\\/\\\/vitablanca.ma\\\/wp-content\\\/uploads\\\/2025\\\/05\\\/cropped-vitablanca.png\",\"width\":360,\"height\":67,\"caption\":\"VitaBlanca\"},\"image\":{\"@id\":\"https:\\\/\\\/vitablanca.ma\\\/#\\\/schema\\\/logo\\\/image\\\/\"},\"sameAs\":[\"https:\\\/\\\/www.facebook.com\\\/profile.php?id=61576678196717\",\"https:\\\/\\\/www.tiktok.com\\\/@vitablanca.ma\",\"https:\\\/\\\/www.instagram.com\\\/vitablanca.ma\\\/\"]}]}<\/script>\n<!-- \/ Yoast SEO plugin. -->","yoast_head_json":{"title":"A-Derma EXOMEGA CONTROL Lait \u00e9mollient anti-grattage 200ml - Maroc Prix","description":"A-Derma EXOMEGA CONTROL Lait \u00e9mollient anti-grattage 200ml","robots":{"index":"index","follow":"follow","max-snippet":"max-snippet:-1","max-image-preview":"max-image-preview:large","max-video-preview":"max-video-preview:-1"},"canonical":"https:\/\/vitablanca.ma\/ar\/product-2\/a-derma-exomega-control-lait-emollient-anti-grattage-200ml\/","og_locale":"ar_AR","og_type":"article","og_title":"A-Derma EXOMEGA CONTROL Lait \u00e9mollient anti-grattage 200ml - Maroc Prix","og_description":"A-Derma EXOMEGA CONTROL Lait \u00e9mollient anti-grattage 200ml","og_url":"https:\/\/vitablanca.ma\/ar\/product-2\/a-derma-exomega-control-lait-emollient-anti-grattage-200ml\/","og_site_name":"Vitablanca.ma &ndash; Sant&eacute;, vitalit&eacute; et bien-&ecirc;tre pour tous les Marocains","article_publisher":"https:\/\/www.facebook.com\/profile.php?id=61576678196717","article_modified_time":"2025-07-13T16:58:53+00:00","og_image":[{"width":1000,"height":1000,"url":"https:\/\/vitablanca.ma\/wp-content\/uploads\/2025\/06\/A-Derma-EXOMEGA-CONTROL-Lait-emollient-anti-grattage-200ml-parapharmacie-Maroc.jpg","type":"image\/jpeg"}],"twitter_card":"summary_large_image","twitter_misc":{"\u0648\u0642\u062a \u0627\u0644\u0642\u0631\u0627\u0621\u0629 \u0627\u0644\u0645\u064f\u0642\u062f\u0651\u0631":"\u062f\u0642\u064a\u0642\u0629 \u0648\u0627\u062d\u062f\u0629"},"schema":{"@context":"https:\/\/schema.org","@graph":[{"@type":["WebPage","ItemPage"],"@id":"https:\/\/vitablanca.ma\/produit\/a-derma-exomega-control-lait-emollient-anti-grattage-200ml\/","url":"https:\/\/vitablanca.ma\/produit\/a-derma-exomega-control-lait-emollient-anti-grattage-200ml\/","name":"A-Derma EXOMEGA CONTROL Lait \u00e9mollient anti-grattage 200ml - Maroc Prix","isPartOf":{"@id":"https:\/\/vitablanca.ma\/#website"},"primaryImageOfPage":{"@id":"https:\/\/vitablanca.ma\/produit\/a-derma-exomega-control-lait-emollient-anti-grattage-200ml\/#primaryimage"},"image":{"@id":"https:\/\/vitablanca.ma\/produit\/a-derma-exomega-control-lait-emollient-anti-grattage-200ml\/#primaryimage"},"thumbnailUrl":"https:\/\/vitablanca.ma\/wp-content\/uploads\/2025\/06\/A-Derma-EXOMEGA-CONTROL-Lait-emollient-anti-grattage-200ml-parapharmacie-Maroc.jpg","datePublished":"2025-06-10T15:40:36+00:00","dateModified":"2025-07-13T16:58:53+00:00","description":"A-Derma EXOMEGA CONTROL Lait \u00e9mollient anti-grattage 200ml","breadcrumb":{"@id":"https:\/\/vitablanca.ma\/produit\/a-derma-exomega-control-lait-emollient-anti-grattage-200ml\/#breadcrumb"},"inLanguage":"ar","potentialAction":[{"@type":"ReadAction","target":["https:\/\/vitablanca.ma\/produit\/a-derma-exomega-control-lait-emollient-anti-grattage-200ml\/"]}]},{"@type":"ImageObject","inLanguage":"ar","@id":"https:\/\/vitablanca.ma\/produit\/a-derma-exomega-control-lait-emollient-anti-grattage-200ml\/#primaryimage","url":"https:\/\/vitablanca.ma\/wp-content\/uploads\/2025\/06\/A-Derma-EXOMEGA-CONTROL-Lait-emollient-anti-grattage-200ml-parapharmacie-Maroc.jpg","contentUrl":"https:\/\/vitablanca.ma\/wp-content\/uploads\/2025\/06\/A-Derma-EXOMEGA-CONTROL-Lait-emollient-anti-grattage-200ml-parapharmacie-Maroc.jpg","width":1000,"height":1000},{"@type":"BreadcrumbList","@id":"https:\/\/vitablanca.ma\/produit\/a-derma-exomega-control-lait-emollient-anti-grattage-200ml\/#breadcrumb","itemListElement":[{"@type":"ListItem","position":1,"name":"Home","item":"https:\/\/vitablanca.ma\/"},{"@type":"ListItem","position":2,"name":"Tous Les Produits","item":"https:\/\/vitablanca.ma\/tous-les-produits\/"},{"@type":"ListItem","position":3,"name":"A-Derma EXOMEGA CONTROL Lait \u00e9mollient anti-grattage 200ml"}]},{"@type":"WebSite","@id":"https:\/\/vitablanca.ma\/#website","url":"https:\/\/vitablanca.ma\/","name":"VitaBlanca.ma | \u0627\u0644\u0645\u0643\u0645\u0644\u0627\u062a \u0627\u0644\u063a\u0630\u0627\u0626\u064a\u0629\u060c \u0627\u0644\u0635\u062d\u0629 \u0648\u0627\u0644\u062c\u0645\u0627\u0644 \u0641\u064a \u0627\u0644\u0645\u063a\u0631\u0628","description":"\u0646\u0628\u064a\u0639 \u0641\u064a\u062a\u0627\u0645\u064a\u0646\u0627\u062a \u0648\u0645\u0643\u0645\u0644\u0627\u062a \u063a\u0630\u0627\u0626\u064a\u0629 \u0641\u0627\u062e\u0631\u0629 \u0645\u0646 \u0627\u0644\u0648\u0644\u0627\u064a\u0627\u062a \u0627\u0644\u0645\u062a\u062d\u062f\u0629 \u0627\u0644\u0623\u0645\u0631\u064a\u0643\u064a\u0629 \u0648\u0643\u0646\u062f\u0627 \u0648\u0646\u064a\u0648\u0632\u064a\u0644\u0646\u062f\u0627 \u0648\u0627\u0644\u0645\u063a\u0631\u0628 (\u0646\u0627\u0648 \u0641\u0648\u062f\u0632\u060c \u0633\u0648\u0644\u062c\u0627\u0631\u060c \u0645\u0627\u0646\u0648\u0643\u0627). \u062a\u0648\u0635\u064a\u0644 \u0633\u0631\u064a\u0639 \u0625\u0644\u0649 \u062c\u0645\u064a\u0639 \u0623\u0646\u062d\u0627\u0621 \u0627\u0644\u0645\u063a\u0631\u0628.","publisher":{"@id":"https:\/\/vitablanca.ma\/#organization"},"alternateName":"VitaBlanca.ma","potentialAction":[{"@type":"SearchAction","target":{"@type":"EntryPoint","urlTemplate":"https:\/\/vitablanca.ma\/?s={search_term_string}"},"query-input":{"@type":"PropertyValueSpecification","valueRequired":true,"valueName":"search_term_string"}}],"inLanguage":"ar"},{"@type":"Organization","@id":"https:\/\/vitablanca.ma\/#organization","name":"\u0641\u064a\u062a\u0627\u0628\u0644\u0627\u0646\u0643\u0627","url":"https:\/\/vitablanca.ma\/","logo":{"@type":"ImageObject","inLanguage":"ar","@id":"https:\/\/vitablanca.ma\/#\/schema\/logo\/image\/","url":"https:\/\/vitablanca.ma\/wp-content\/uploads\/2025\/05\/cropped-vitablanca.png","contentUrl":"https:\/\/vitablanca.ma\/wp-content\/uploads\/2025\/05\/cropped-vitablanca.png","width":360,"height":67,"caption":"VitaBlanca"},"image":{"@id":"https:\/\/vitablanca.ma\/#\/schema\/logo\/image\/"},"sameAs":["https:\/\/www.facebook.com\/profile.php?id=61576678196717","https:\/\/www.tiktok.com\/@vitablanca.ma","https:\/\/www.instagram.com\/vitablanca.ma\/"]}]}},"jetpack_sharing_enabled":true,"_links":{"self":[{"href":"https:\/\/vitablanca.ma\/ar\/wp-json\/wp\/v2\/product\/14902","targetHints":{"allow":["GET"]}}],"collection":[{"href":"https:\/\/vitablanca.ma\/ar\/wp-json\/wp\/v2\/product"}],"about":[{"href":"https:\/\/vitablanca.ma\/ar\/wp-json\/wp\/v2\/types\/product"}],"wp:featuredmedia":[{"embeddable":true,"href":"https:\/\/vitablanca.ma\/ar\/wp-json\/wp\/v2\/media\/14898"}],"wp:attachment":[{"href":"https:\/\/vitablanca.ma\/ar\/wp-json\/wp\/v2\/media?parent=14902"}],"wp:term":[{"taxonomy":"product_brand","embeddable":true,"href":"https:\/\/vitablanca.ma\/ar\/wp-json\/wp\/v2\/product_brand?post=14902"},{"taxonomy":"product_cat","embeddable":true,"href":"https:\/\/vitablanca.ma\/ar\/wp-json\/wp\/v2\/product_cat?post=14902"},{"taxonomy":"product_tag","embeddable":true,"href":"https:\/\/vitablanca.ma\/ar\/wp-json\/wp\/v2\/product_tag?post=14902"}],"curies":[{"name":"wp","href":"https:\/\/api.w.org\/{rel}","templated":true}]}}