{"id":14882,"date":"2025-06-10T15:40:02","date_gmt":"2025-06-10T15:40:02","guid":{"rendered":"https:\/\/vitablanca.ma\/product\/aderma-biology-ac-gel-moussant-nettoyant-purifiant-200ml\/"},"modified":"2025-06-10T15:40:02","modified_gmt":"2025-06-10T15:40:02","slug":"aderma-biology-ac-gel-moussant-nettoyant-purifiant-200ml","status":"publish","type":"product","link":"https:\/\/vitablanca.ma\/ar\/product-2\/aderma-biology-ac-gel-moussant-nettoyant-purifiant-200ml\/","title":{"rendered":"\u062c\u0644 \u0631\u063a\u0648\u064a \u0645\u0646\u0638\u0641 \u0648\u0645\u0646\u0642\u064a \u0645\u0646 \u0623\u062f\u064a\u0631\u0645\u0627 \u0628\u064a\u0648\u0644\u0648\u062c\u064a AC\u060c 200 \u0645\u0644"},"content":{"rendered":"<h2>\u062c\u0644 \u0631\u063a\u0648\u064a \u0645\u0646\u0638\u0641 \u0648\u0645\u0646\u0642\u064a \u0645\u0646 \u0623\u062f\u064a\u0631\u0645\u0627 \u0628\u064a\u0648\u0644\u0648\u062c\u064a AC\u060c 200 \u0645\u0644<\/h2>\n<p><span data-mce-fragment=\"1\">L&rsquo;hygi\u00e8ne des peaux \u00e0 tendance acn\u00e9ique est essentielle pour accompagner les traitements et renforcer leur efficacit\u00e9.<\/span><br data-mce-fragment=\"1\"><span data-mce-fragment=\"1\">Phys-AC Gel moussant purifiant nettoie et r\u00e9\u00e9quilibre gr\u00e2ce \u00e0 sa base lavante hydratante sans savon et sa formule BIODEGRADABLE* compos\u00e9e de 86% d&rsquo;ingr\u00e9dients d&rsquo;origine naturelle.<\/span><br data-mce-fragment=\"1\"><span data-mce-fragment=\"1\">Utilis\u00e9 une \u00e0 deux fois par jour, le gel moussant se rince \u00e0 l&rsquo;eau et laisse la peau douce et confortable, sans effet dess\u00e9chant. Sa formule au pH physiologique limite l\u2019adh\u00e9sion de C.acnes (aussi appel\u00e9e P.acnes) et est riche en extrait apaisant de Plantules d\u2019Avoine Rhealba\u00ae. Nette, fra\u00eeche, matifi\u00e9e et apais\u00e9e, la peau \u00e0 tendance acn\u00e9ique est purifi\u00e9e tout en douceur.<\/span><br data-mce-fragment=\"1\"><span data-mce-fragment=\"1\">\u063a\u064a\u0631 \u0643\u0648\u0645\u064a\u062f\u0648\u063a\u064a\u0646\u064a\u0643.<\/span><br data-mce-fragment=\"1\"><span data-mce-fragment=\"1\">Avoine Rhealba\u00ae issue de l&rsquo;agriculture biologique.<\/span><br data-mce-fragment=\"1\"><span data-mce-fragment=\"1\">\u0645\u0639\u0644\u0648\u0645\u0627\u062a \u0646\u0628\u0627\u062a\u064a\u0629: \u0644\u0627 \u064a\u062d\u062a\u0648\u064a \u0639\u0644\u0649 \u0623\u064a \u0645\u0643\u0648\u0646\u0627\u062a \u0645\u0646 \u0623\u0635\u0644 \u062d\u064a\u0648\u0627\u0646\u064a.<\/span><\/p>\n<div class=\"block-content-heading\">\n<p><strong>\u0645\u064a\u0632\u0629<br \/><\/strong>La formule BIODEGRADABLE* compos\u00e9e de 86% d&rsquo;ingr\u00e9dients d&rsquo;origine naturelle de Phys-AC Gel Moussant Purifiant nettoie et purifie tout en douceur les peaux grasses \u00e0 tendance acn\u00e9ique.<\/p>\n<\/div>\n<div class=\"block-content-heading\">\n<p><strong>\u0641\u0648\u0627\u0626\u062f<br \/><\/strong>\u2022 NETTOIE et apaise tout en douceur les peaux \u00e0 tendance acn\u00e9ique &#8211; Gel moussant<br \/>\u2022 PURIFIE et laisse la peau nette.<br \/>\u2022 NE DESS\u00c8CHE PAS la peau gr\u00e2ce \u00e0 ses agent hydro-compensateurs.<\/p>\n<p class=\"style-1\"><strong>\u0635\u0627\u0644\u062d\u0629 \u0644\u0644\u0627\u0633\u062a\u062e\u062f\u0627\u0645 \u0628\u0648\u0627\u0633\u0637\u0629<br \/><\/strong><span>Adolescents, adultes<\/span><\/p>\n<p class=\"style-1\"><strong>\u062c\u0632\u0621 \u0627\u0644\u062c\u0633\u0645<br \/><\/strong>Buste, visage, dos<\/p>\n<p class=\"style-1\"><strong>\u0646\u0648\u0639 \u0627\u0644\u0628\u0634\u0631\u0629<br \/><\/strong>Peau grasse, peau \u00e0 tendance acn\u00e9ique, peau \u00e0 imperfections<\/p>\n<\/div>\n<p><span data-mce-fragment=\"1\"><br \/><\/span><\/p>","protected":false},"excerpt":{"rendered":"<p>ADERMA BIOLOGY AC Gel Moussant Nettoyant Purifiant 200ml L&rsquo;hygi\u00e8ne des peaux \u00e0 tendance acn\u00e9ique est essentielle pour accompagner les traitements et renforcer leur efficacit\u00e9.Phys-AC Gel moussant purifiant nettoie et r\u00e9\u00e9quilibre gr\u00e2ce \u00e0 sa base lavante hydratante sans savon et sa formule BIODEGRADABLE* compos\u00e9e de 86% d&rsquo;ingr\u00e9dients d&rsquo;origine naturelle.Utilis\u00e9 une \u00e0 deux fois par jour, le [&hellip;]<\/p>\n","protected":false},"featured_media":14879,"template":"","meta":{"om_disable_all_campaigns":false},"product_brand":[],"product_cat":[15],"product_tag":[],"class_list":{"0":"post-14882","1":"product","2":"type-product","3":"status-publish","4":"has-post-thumbnail","6":"product_cat-beaute-sante-complements-alimentaires-soins-et-bien-etre-au-meilleur-prix","8":"first","9":"instock","10":"sale","11":"taxable","12":"shipping-taxable","13":"purchasable","14":"product-type-simple"},"yoast_head":"<!-- This site is optimized with the Yoast SEO plugin v27.5 - https:\/\/yoast.com\/product\/yoast-seo-wordpress\/ -->\n<title>ADERMA BIOLOGY AC Gel Moussant Nettoyant Purifiant 200ml - Maroc Prix<\/title>\n<meta name=\"description\" content=\"ADERMA BIOLOGY AC Gel Moussant Nettoyant Purifiant 200ml\" \/>\n<meta name=\"robots\" content=\"index, follow, max-snippet:-1, max-image-preview:large, max-video-preview:-1\" \/>\n<link rel=\"canonical\" href=\"https:\/\/vitablanca.ma\/ar\/product-2\/aderma-biology-ac-gel-moussant-nettoyant-purifiant-200ml\/\" \/>\n<meta property=\"og:locale\" content=\"ar_AR\" \/>\n<meta property=\"og:type\" content=\"article\" \/>\n<meta property=\"og:title\" content=\"ADERMA BIOLOGY AC Gel Moussant Nettoyant Purifiant 200ml - Maroc Prix\" \/>\n<meta property=\"og:description\" content=\"ADERMA BIOLOGY AC Gel Moussant Nettoyant Purifiant 200ml\" \/>\n<meta property=\"og:url\" content=\"https:\/\/vitablanca.ma\/ar\/product-2\/aderma-biology-ac-gel-moussant-nettoyant-purifiant-200ml\/\" \/>\n<meta property=\"og:site_name\" content=\"Vitablanca.ma &ndash; Sant&eacute;, vitalit&eacute; et bien-&ecirc;tre pour tous les Marocains\" \/>\n<meta property=\"article:publisher\" content=\"https:\/\/www.facebook.com\/profile.php?id=61576678196717\" \/>\n<meta property=\"og:image\" content=\"https:\/\/vitablanca.ma\/wp-content\/uploads\/2025\/06\/aderma-biology-ac-gel-moussant-nettoyant-purifiant-200-ml-parapharmacie-prix-maroc.jpg\" \/>\n\t<meta property=\"og:image:width\" content=\"800\" \/>\n\t<meta property=\"og:image:height\" content=\"800\" \/>\n\t<meta property=\"og:image:type\" content=\"image\/jpeg\" \/>\n<meta name=\"twitter:card\" content=\"summary_large_image\" \/>\n<meta name=\"twitter:label1\" content=\"\u0648\u0642\u062a \u0627\u0644\u0642\u0631\u0627\u0621\u0629 \u0627\u0644\u0645\u064f\u0642\u062f\u0651\u0631\" \/>\n\t<meta name=\"twitter:data1\" content=\"\u062f\u0642\u064a\u0642\u0629 \u0648\u0627\u062d\u062f\u0629\" \/>\n<script type=\"application\/ld+json\" class=\"yoast-schema-graph\">{\"@context\":\"https:\\\/\\\/schema.org\",\"@graph\":[{\"@type\":[\"WebPage\",\"ItemPage\"],\"@id\":\"https:\\\/\\\/vitablanca.ma\\\/produit\\\/aderma-biology-ac-gel-moussant-nettoyant-purifiant-200ml\\\/\",\"url\":\"https:\\\/\\\/vitablanca.ma\\\/produit\\\/aderma-biology-ac-gel-moussant-nettoyant-purifiant-200ml\\\/\",\"name\":\"ADERMA BIOLOGY AC Gel Moussant Nettoyant Purifiant 200ml - Maroc Prix\",\"isPartOf\":{\"@id\":\"https:\\\/\\\/vitablanca.ma\\\/#website\"},\"primaryImageOfPage\":{\"@id\":\"https:\\\/\\\/vitablanca.ma\\\/produit\\\/aderma-biology-ac-gel-moussant-nettoyant-purifiant-200ml\\\/#primaryimage\"},\"image\":{\"@id\":\"https:\\\/\\\/vitablanca.ma\\\/produit\\\/aderma-biology-ac-gel-moussant-nettoyant-purifiant-200ml\\\/#primaryimage\"},\"thumbnailUrl\":\"https:\\\/\\\/vitablanca.ma\\\/wp-content\\\/uploads\\\/2025\\\/06\\\/aderma-biology-ac-gel-moussant-nettoyant-purifiant-200-ml-parapharmacie-prix-maroc.jpg\",\"datePublished\":\"2025-06-10T15:40:02+00:00\",\"description\":\"ADERMA BIOLOGY AC Gel Moussant Nettoyant Purifiant 200ml\",\"breadcrumb\":{\"@id\":\"https:\\\/\\\/vitablanca.ma\\\/produit\\\/aderma-biology-ac-gel-moussant-nettoyant-purifiant-200ml\\\/#breadcrumb\"},\"inLanguage\":\"ar\",\"potentialAction\":[{\"@type\":\"ReadAction\",\"target\":[\"https:\\\/\\\/vitablanca.ma\\\/produit\\\/aderma-biology-ac-gel-moussant-nettoyant-purifiant-200ml\\\/\"]}]},{\"@type\":\"ImageObject\",\"inLanguage\":\"ar\",\"@id\":\"https:\\\/\\\/vitablanca.ma\\\/produit\\\/aderma-biology-ac-gel-moussant-nettoyant-purifiant-200ml\\\/#primaryimage\",\"url\":\"https:\\\/\\\/vitablanca.ma\\\/wp-content\\\/uploads\\\/2025\\\/06\\\/aderma-biology-ac-gel-moussant-nettoyant-purifiant-200-ml-parapharmacie-prix-maroc.jpg\",\"contentUrl\":\"https:\\\/\\\/vitablanca.ma\\\/wp-content\\\/uploads\\\/2025\\\/06\\\/aderma-biology-ac-gel-moussant-nettoyant-purifiant-200-ml-parapharmacie-prix-maroc.jpg\",\"width\":800,\"height\":800},{\"@type\":\"BreadcrumbList\",\"@id\":\"https:\\\/\\\/vitablanca.ma\\\/produit\\\/aderma-biology-ac-gel-moussant-nettoyant-purifiant-200ml\\\/#breadcrumb\",\"itemListElement\":[{\"@type\":\"ListItem\",\"position\":1,\"name\":\"Home\",\"item\":\"https:\\\/\\\/vitablanca.ma\\\/\"},{\"@type\":\"ListItem\",\"position\":2,\"name\":\"Tous Les Produits\",\"item\":\"https:\\\/\\\/vitablanca.ma\\\/tous-les-produits\\\/\"},{\"@type\":\"ListItem\",\"position\":3,\"name\":\"ADERMA BIOLOGY AC Gel Moussant Nettoyant Purifiant 200ml\"}]},{\"@type\":\"WebSite\",\"@id\":\"https:\\\/\\\/vitablanca.ma\\\/#website\",\"url\":\"https:\\\/\\\/vitablanca.ma\\\/\",\"name\":\"VitaBlanca.ma | Compl\u00e9ments alimentaires, sant\u00e9 & beaut\u00e9 au Maroc\",\"description\":\"vendre vitamines et compl\u00e9ments premium des USA &amp; Canada, Nouvelle Z\u00e9lande,Maroc (NOW Foods, Solgar, Manuka). Livraison rapide partout au Maroc.\",\"publisher\":{\"@id\":\"https:\\\/\\\/vitablanca.ma\\\/#organization\"},\"alternateName\":\"VitaBlanca.ma\",\"potentialAction\":[{\"@type\":\"SearchAction\",\"target\":{\"@type\":\"EntryPoint\",\"urlTemplate\":\"https:\\\/\\\/vitablanca.ma\\\/?s={search_term_string}\"},\"query-input\":{\"@type\":\"PropertyValueSpecification\",\"valueRequired\":true,\"valueName\":\"search_term_string\"}}],\"inLanguage\":\"ar\"},{\"@type\":\"Organization\",\"@id\":\"https:\\\/\\\/vitablanca.ma\\\/#organization\",\"name\":\"VitaBlanca\",\"url\":\"https:\\\/\\\/vitablanca.ma\\\/\",\"logo\":{\"@type\":\"ImageObject\",\"inLanguage\":\"ar\",\"@id\":\"https:\\\/\\\/vitablanca.ma\\\/#\\\/schema\\\/logo\\\/image\\\/\",\"url\":\"https:\\\/\\\/vitablanca.ma\\\/wp-content\\\/uploads\\\/2025\\\/05\\\/cropped-vitablanca.png\",\"contentUrl\":\"https:\\\/\\\/vitablanca.ma\\\/wp-content\\\/uploads\\\/2025\\\/05\\\/cropped-vitablanca.png\",\"width\":360,\"height\":67,\"caption\":\"VitaBlanca\"},\"image\":{\"@id\":\"https:\\\/\\\/vitablanca.ma\\\/#\\\/schema\\\/logo\\\/image\\\/\"},\"sameAs\":[\"https:\\\/\\\/www.facebook.com\\\/profile.php?id=61576678196717\",\"https:\\\/\\\/www.tiktok.com\\\/@vitablanca.ma\",\"https:\\\/\\\/www.instagram.com\\\/vitablanca.ma\\\/\"]}]}<\/script>\n<!-- \/ Yoast SEO plugin. -->","yoast_head_json":{"title":"ADERMA BIOLOGY AC Gel Moussant Nettoyant Purifiant 200ml - Maroc Prix","description":"\u062c\u0644 \u0631\u063a\u0648\u064a \u0645\u0646\u0638\u0641 \u0648\u0645\u0646\u0642\u064a \u0645\u0646 \u0623\u062f\u064a\u0631\u0645\u0627 \u0628\u064a\u0648\u0644\u0648\u062c\u064a AC\u060c 200 \u0645\u0644","robots":{"index":"index","follow":"follow","max-snippet":"max-snippet:-1","max-image-preview":"max-image-preview:large","max-video-preview":"max-video-preview:-1"},"canonical":"https:\/\/vitablanca.ma\/ar\/product-2\/aderma-biology-ac-gel-moussant-nettoyant-purifiant-200ml\/","og_locale":"ar_AR","og_type":"article","og_title":"ADERMA BIOLOGY AC Gel Moussant Nettoyant Purifiant 200ml - Maroc Prix","og_description":"ADERMA BIOLOGY AC Gel Moussant Nettoyant Purifiant 200ml","og_url":"https:\/\/vitablanca.ma\/ar\/product-2\/aderma-biology-ac-gel-moussant-nettoyant-purifiant-200ml\/","og_site_name":"Vitablanca.ma &ndash; Sant&eacute;, vitalit&eacute; et bien-&ecirc;tre pour tous les Marocains","article_publisher":"https:\/\/www.facebook.com\/profile.php?id=61576678196717","og_image":[{"width":800,"height":800,"url":"https:\/\/vitablanca.ma\/wp-content\/uploads\/2025\/06\/aderma-biology-ac-gel-moussant-nettoyant-purifiant-200-ml-parapharmacie-prix-maroc.jpg","type":"image\/jpeg"}],"twitter_card":"summary_large_image","twitter_misc":{"\u0648\u0642\u062a \u0627\u0644\u0642\u0631\u0627\u0621\u0629 \u0627\u0644\u0645\u064f\u0642\u062f\u0651\u0631":"\u062f\u0642\u064a\u0642\u0629 \u0648\u0627\u062d\u062f\u0629"},"schema":{"@context":"https:\/\/schema.org","@graph":[{"@type":["WebPage","ItemPage"],"@id":"https:\/\/vitablanca.ma\/produit\/aderma-biology-ac-gel-moussant-nettoyant-purifiant-200ml\/","url":"https:\/\/vitablanca.ma\/produit\/aderma-biology-ac-gel-moussant-nettoyant-purifiant-200ml\/","name":"ADERMA BIOLOGY AC Gel Moussant Nettoyant Purifiant 200ml - Maroc Prix","isPartOf":{"@id":"https:\/\/vitablanca.ma\/#website"},"primaryImageOfPage":{"@id":"https:\/\/vitablanca.ma\/produit\/aderma-biology-ac-gel-moussant-nettoyant-purifiant-200ml\/#primaryimage"},"image":{"@id":"https:\/\/vitablanca.ma\/produit\/aderma-biology-ac-gel-moussant-nettoyant-purifiant-200ml\/#primaryimage"},"thumbnailUrl":"https:\/\/vitablanca.ma\/wp-content\/uploads\/2025\/06\/aderma-biology-ac-gel-moussant-nettoyant-purifiant-200-ml-parapharmacie-prix-maroc.jpg","datePublished":"2025-06-10T15:40:02+00:00","description":"\u062c\u0644 \u0631\u063a\u0648\u064a \u0645\u0646\u0638\u0641 \u0648\u0645\u0646\u0642\u064a \u0645\u0646 \u0623\u062f\u064a\u0631\u0645\u0627 \u0628\u064a\u0648\u0644\u0648\u062c\u064a AC\u060c 200 \u0645\u0644","breadcrumb":{"@id":"https:\/\/vitablanca.ma\/produit\/aderma-biology-ac-gel-moussant-nettoyant-purifiant-200ml\/#breadcrumb"},"inLanguage":"ar","potentialAction":[{"@type":"ReadAction","target":["https:\/\/vitablanca.ma\/produit\/aderma-biology-ac-gel-moussant-nettoyant-purifiant-200ml\/"]}]},{"@type":"ImageObject","inLanguage":"ar","@id":"https:\/\/vitablanca.ma\/produit\/aderma-biology-ac-gel-moussant-nettoyant-purifiant-200ml\/#primaryimage","url":"https:\/\/vitablanca.ma\/wp-content\/uploads\/2025\/06\/aderma-biology-ac-gel-moussant-nettoyant-purifiant-200-ml-parapharmacie-prix-maroc.jpg","contentUrl":"https:\/\/vitablanca.ma\/wp-content\/uploads\/2025\/06\/aderma-biology-ac-gel-moussant-nettoyant-purifiant-200-ml-parapharmacie-prix-maroc.jpg","width":800,"height":800},{"@type":"BreadcrumbList","@id":"https:\/\/vitablanca.ma\/produit\/aderma-biology-ac-gel-moussant-nettoyant-purifiant-200ml\/#breadcrumb","itemListElement":[{"@type":"ListItem","position":1,"name":"Home","item":"https:\/\/vitablanca.ma\/"},{"@type":"ListItem","position":2,"name":"Tous Les Produits","item":"https:\/\/vitablanca.ma\/tous-les-produits\/"},{"@type":"ListItem","position":3,"name":"ADERMA BIOLOGY AC Gel Moussant Nettoyant Purifiant 200ml"}]},{"@type":"WebSite","@id":"https:\/\/vitablanca.ma\/#website","url":"https:\/\/vitablanca.ma\/","name":"VitaBlanca.ma | \u0627\u0644\u0645\u0643\u0645\u0644\u0627\u062a \u0627\u0644\u063a\u0630\u0627\u0626\u064a\u0629\u060c \u0627\u0644\u0635\u062d\u0629 \u0648\u0627\u0644\u062c\u0645\u0627\u0644 \u0641\u064a \u0627\u0644\u0645\u063a\u0631\u0628","description":"\u0646\u0628\u064a\u0639 \u0641\u064a\u062a\u0627\u0645\u064a\u0646\u0627\u062a \u0648\u0645\u0643\u0645\u0644\u0627\u062a \u063a\u0630\u0627\u0626\u064a\u0629 \u0641\u0627\u062e\u0631\u0629 \u0645\u0646 \u0627\u0644\u0648\u0644\u0627\u064a\u0627\u062a \u0627\u0644\u0645\u062a\u062d\u062f\u0629 \u0627\u0644\u0623\u0645\u0631\u064a\u0643\u064a\u0629 \u0648\u0643\u0646\u062f\u0627 \u0648\u0646\u064a\u0648\u0632\u064a\u0644\u0646\u062f\u0627 \u0648\u0627\u0644\u0645\u063a\u0631\u0628 (\u0646\u0627\u0648 \u0641\u0648\u062f\u0632\u060c \u0633\u0648\u0644\u062c\u0627\u0631\u060c \u0645\u0627\u0646\u0648\u0643\u0627). \u062a\u0648\u0635\u064a\u0644 \u0633\u0631\u064a\u0639 \u0625\u0644\u0649 \u062c\u0645\u064a\u0639 \u0623\u0646\u062d\u0627\u0621 \u0627\u0644\u0645\u063a\u0631\u0628.","publisher":{"@id":"https:\/\/vitablanca.ma\/#organization"},"alternateName":"VitaBlanca.ma","potentialAction":[{"@type":"SearchAction","target":{"@type":"EntryPoint","urlTemplate":"https:\/\/vitablanca.ma\/?s={search_term_string}"},"query-input":{"@type":"PropertyValueSpecification","valueRequired":true,"valueName":"search_term_string"}}],"inLanguage":"ar"},{"@type":"Organization","@id":"https:\/\/vitablanca.ma\/#organization","name":"\u0641\u064a\u062a\u0627\u0628\u0644\u0627\u0646\u0643\u0627","url":"https:\/\/vitablanca.ma\/","logo":{"@type":"ImageObject","inLanguage":"ar","@id":"https:\/\/vitablanca.ma\/#\/schema\/logo\/image\/","url":"https:\/\/vitablanca.ma\/wp-content\/uploads\/2025\/05\/cropped-vitablanca.png","contentUrl":"https:\/\/vitablanca.ma\/wp-content\/uploads\/2025\/05\/cropped-vitablanca.png","width":360,"height":67,"caption":"VitaBlanca"},"image":{"@id":"https:\/\/vitablanca.ma\/#\/schema\/logo\/image\/"},"sameAs":["https:\/\/www.facebook.com\/profile.php?id=61576678196717","https:\/\/www.tiktok.com\/@vitablanca.ma","https:\/\/www.instagram.com\/vitablanca.ma\/"]}]}},"jetpack_sharing_enabled":true,"_links":{"self":[{"href":"https:\/\/vitablanca.ma\/ar\/wp-json\/wp\/v2\/product\/14882","targetHints":{"allow":["GET"]}}],"collection":[{"href":"https:\/\/vitablanca.ma\/ar\/wp-json\/wp\/v2\/product"}],"about":[{"href":"https:\/\/vitablanca.ma\/ar\/wp-json\/wp\/v2\/types\/product"}],"wp:featuredmedia":[{"embeddable":true,"href":"https:\/\/vitablanca.ma\/ar\/wp-json\/wp\/v2\/media\/14879"}],"wp:attachment":[{"href":"https:\/\/vitablanca.ma\/ar\/wp-json\/wp\/v2\/media?parent=14882"}],"wp:term":[{"taxonomy":"product_brand","embeddable":true,"href":"https:\/\/vitablanca.ma\/ar\/wp-json\/wp\/v2\/product_brand?post=14882"},{"taxonomy":"product_cat","embeddable":true,"href":"https:\/\/vitablanca.ma\/ar\/wp-json\/wp\/v2\/product_cat?post=14882"},{"taxonomy":"product_tag","embeddable":true,"href":"https:\/\/vitablanca.ma\/ar\/wp-json\/wp\/v2\/product_tag?post=14882"}],"curies":[{"name":"wp","href":"https:\/\/api.w.org\/{rel}","templated":true}]}}