{"id":14843,"date":"2025-06-10T15:39:04","date_gmt":"2025-06-10T15:39:04","guid":{"rendered":"https:\/\/vitablanca.ma\/product\/a-derma-epitheliale-a-h-creme-ultra-reparatrice-40ml\/"},"modified":"2025-07-13T16:58:55","modified_gmt":"2025-07-13T16:58:55","slug":"a-derma-epitheliale-a-h-creme-ultra-reparatrice-40ml","status":"publish","type":"product","link":"https:\/\/vitablanca.ma\/ar\/product-2\/a-derma-epitheliale-a-h-creme-ultra-reparatrice-40ml\/","title":{"rendered":"\u0643\u0631\u064a\u0645 \u0625\u0635\u0644\u0627\u062d \u0627\u0644\u0628\u0634\u0631\u0629 \u0627\u0644\u0641\u0627\u0626\u0642 A-Derma Epitheliale AH 40 \u0645\u0644"},"content":{"rendered":"<h2>\u0643\u0631\u064a\u0645 \u0625\u0635\u0644\u0627\u062d \u0627\u0644\u0628\u0634\u0631\u0629 \u0627\u0644\u0641\u0627\u0626\u0642 A-Derma Epitheliale AH 40 \u0645\u0644<\/h2>\n<p class=\"p-info__description\">Cette cr\u00e8me r\u00e9paratrice* apaisante hydrate, acc\u00e9l\u00e8re de 6 jours la r\u00e9paration de la peau\u00b9, aide \u00e0 la r\u00e9duction de l&rsquo;apparence des marques et apaise les sensations cutan\u00e9es d\u00e9sagr\u00e9ables.<\/p>\n<div class=\"block-content\">\n<p>Les actes esth\u00e9tiques ou dermatologiques superficiels, les atteintes cutan\u00e9es superficielles ou les tatouages fragilisent la peau, peuvent laisser des marques disgracieuses et provoquer des sensations cutan\u00e9es d\u00e9sagr\u00e9ables. EPITHELIALE A.H ULTRA Cr\u00e8me r\u00e9paratrice apaisante contient un complexe d\u2019actifs brevet\u00e9***, le CICAHYALUMIDE\u00ae, compos\u00e9 d\u2019extrait de Plantules d\u2019Avoine Rhealba\u00ae, de Dipeptide (Alanyl Glutamine) et d\u2019Acide Hyaluronique. Elle offre une triple action qui :<br \/>1. hydrate et favorise la r\u00e9paration des peaux fragilis\u00e9es.<br \/>2. Aide \u00e0 la r\u00e9duction de l&rsquo;apparence des marques cutan\u00e9es.<br \/>3. Apaise imm\u00e9diatement et durablement les sensations cutan\u00e9es d\u00e9sagr\u00e9ables. Une formule \u00e0 94 % d\u2019ingr\u00e9dients d\u2019origine naturelle qui s\u2019applique sur le visage, le corps et les zones intimes externes des adultes, des enfants et \u00e9galement des nourrissons.<br \/>Info vegan : sans ingr\u00e9dient d&rsquo;origine animale.<\/p>\n<\/div>\n<div class=\"block-content has-heading\">\n<div class=\"block-content-heading\">\n<h3 class=\"\" id=\"\">\u0645\u064a\u0632\u0629<\/h3>\n<\/div>\n<p>La formule \u00e0 94% d&rsquo;origine naturelle EPITHELIALE A.H ULTRA Cr\u00e8me r\u00e9paratrice* apaisante test\u00e9e post-peeling, post-laser** et sur peaux tatou\u00e9es r\u00e9\u00e9pidermis\u00e9es poss\u00e8de une triple action : r\u00e9paratrice*, anti-marques et apaisante.<\/p>\n<div class=\"block-content-heading\">\n<h3 class=\"\" id=\"\">\u0641\u0648\u0627\u0626\u062f<\/h3>\n<\/div>\n<p>\u2022 ACC\u00c9L\u00c8RE la re\u0301paration e\u0301pidermique des peaux fragilis\u00e9es.<br \/>\u2022 CONTRIBUE \u00e0 r\u00e9duire l\u2019apparence des marques \u00e0 la surface de la peau.<br \/>\u2022 CALME les sensations cutane\u0301es de\u0301sagre\u0301ables suite \u00e0 des actes esth\u00e9tiques superficiels et\/ou atteintes superficielles de la peau.<\/p>\n<\/div>\n<div class=\"block-content-heading\"><\/div>","protected":false},"excerpt":{"rendered":"<p>A-Derma Epitheliale A.H Cr\u00e8me Ultra R\u00e9paratrice 40ml Cette cr\u00e8me r\u00e9paratrice* apaisante hydrate, acc\u00e9l\u00e8re de 6 jours la r\u00e9paration de la peau\u00b9, aide \u00e0 la r\u00e9duction de l&rsquo;apparence des marques et apaise les sensations cutan\u00e9es d\u00e9sagr\u00e9ables. Les actes esth\u00e9tiques ou dermatologiques superficiels, les atteintes cutan\u00e9es superficielles ou les tatouages fragilisent la peau, peuvent laisser des marques [&hellip;]<\/p>\n","protected":false},"featured_media":14835,"template":"","meta":{"om_disable_all_campaigns":false},"product_brand":[2789],"product_cat":[18,15],"product_tag":[3258,3256,3257],"class_list":{"0":"post-14843","1":"product","2":"type-product","3":"status-publish","4":"has-post-thumbnail","6":"product_brand-a-derma-prix-maroc","7":"product_cat-beaute-sante","8":"product_cat-beaute-sante-complements-alimentaires-soins-et-bien-etre-au-meilleur-prix","9":"product_tag-a-derma","10":"product_tag-a-derma-maroc","11":"product_tag-a-derma-morocco","13":"first","14":"instock","15":"sale","16":"taxable","17":"shipping-taxable","18":"purchasable","19":"product-type-simple"},"yoast_head":"<!-- This site is optimized with the Yoast SEO plugin v27.5 - https:\/\/yoast.com\/product\/yoast-seo-wordpress\/ -->\n<title>A-Derma Epitheliale A.H Cr\u00e8me Ultra R\u00e9paratrice 40ml - Maroc Prix<\/title>\n<meta name=\"description\" content=\"A-Derma Epitheliale A.H Cr\u00e8me Ultra R\u00e9paratrice 40ml\" \/>\n<meta name=\"robots\" content=\"index, follow, max-snippet:-1, max-image-preview:large, max-video-preview:-1\" \/>\n<link rel=\"canonical\" href=\"https:\/\/vitablanca.ma\/ar\/product-2\/a-derma-epitheliale-a-h-creme-ultra-reparatrice-40ml\/\" \/>\n<meta property=\"og:locale\" content=\"ar_AR\" \/>\n<meta property=\"og:type\" content=\"article\" \/>\n<meta property=\"og:title\" content=\"A-Derma Epitheliale A.H Cr\u00e8me Ultra R\u00e9paratrice 40ml - Maroc Prix\" \/>\n<meta property=\"og:description\" content=\"A-Derma Epitheliale A.H Cr\u00e8me Ultra R\u00e9paratrice 40ml\" \/>\n<meta property=\"og:url\" content=\"https:\/\/vitablanca.ma\/ar\/product-2\/a-derma-epitheliale-a-h-creme-ultra-reparatrice-40ml\/\" \/>\n<meta property=\"og:site_name\" content=\"Vitablanca.ma &ndash; Sant&eacute;, vitalit&eacute; et bien-&ecirc;tre pour tous les Marocains\" \/>\n<meta property=\"article:publisher\" content=\"https:\/\/www.facebook.com\/profile.php?id=61576678196717\" \/>\n<meta property=\"article:modified_time\" content=\"2025-07-13T16:58:55+00:00\" \/>\n<meta property=\"og:image\" content=\"https:\/\/vitablanca.ma\/wp-content\/uploads\/2025\/06\/A-Derma-Epitheliale-A.H-Creme-Reparatrice-40ml-nova-prapharmacie-maroc.jpg\" \/>\n\t<meta property=\"og:image:width\" content=\"1000\" \/>\n\t<meta property=\"og:image:height\" content=\"1000\" \/>\n\t<meta property=\"og:image:type\" content=\"image\/jpeg\" \/>\n<meta name=\"twitter:card\" content=\"summary_large_image\" \/>\n<meta name=\"twitter:label1\" content=\"\u0648\u0642\u062a \u0627\u0644\u0642\u0631\u0627\u0621\u0629 \u0627\u0644\u0645\u064f\u0642\u062f\u0651\u0631\" \/>\n\t<meta name=\"twitter:data1\" content=\"\u062f\u0642\u064a\u0642\u0629 \u0648\u0627\u062d\u062f\u0629\" \/>\n<script type=\"application\/ld+json\" class=\"yoast-schema-graph\">{\"@context\":\"https:\\\/\\\/schema.org\",\"@graph\":[{\"@type\":[\"WebPage\",\"ItemPage\"],\"@id\":\"https:\\\/\\\/vitablanca.ma\\\/produit\\\/a-derma-epitheliale-a-h-creme-ultra-reparatrice-40ml\\\/\",\"url\":\"https:\\\/\\\/vitablanca.ma\\\/produit\\\/a-derma-epitheliale-a-h-creme-ultra-reparatrice-40ml\\\/\",\"name\":\"A-Derma Epitheliale A.H Cr\u00e8me Ultra R\u00e9paratrice 40ml - Maroc Prix\",\"isPartOf\":{\"@id\":\"https:\\\/\\\/vitablanca.ma\\\/#website\"},\"primaryImageOfPage\":{\"@id\":\"https:\\\/\\\/vitablanca.ma\\\/produit\\\/a-derma-epitheliale-a-h-creme-ultra-reparatrice-40ml\\\/#primaryimage\"},\"image\":{\"@id\":\"https:\\\/\\\/vitablanca.ma\\\/produit\\\/a-derma-epitheliale-a-h-creme-ultra-reparatrice-40ml\\\/#primaryimage\"},\"thumbnailUrl\":\"https:\\\/\\\/vitablanca.ma\\\/wp-content\\\/uploads\\\/2025\\\/06\\\/A-Derma-Epitheliale-A.H-Creme-Reparatrice-40ml-nova-prapharmacie-maroc.jpg\",\"datePublished\":\"2025-06-10T15:39:04+00:00\",\"dateModified\":\"2025-07-13T16:58:55+00:00\",\"description\":\"A-Derma Epitheliale A.H Cr\u00e8me Ultra R\u00e9paratrice 40ml\",\"breadcrumb\":{\"@id\":\"https:\\\/\\\/vitablanca.ma\\\/produit\\\/a-derma-epitheliale-a-h-creme-ultra-reparatrice-40ml\\\/#breadcrumb\"},\"inLanguage\":\"ar\",\"potentialAction\":[{\"@type\":\"ReadAction\",\"target\":[\"https:\\\/\\\/vitablanca.ma\\\/produit\\\/a-derma-epitheliale-a-h-creme-ultra-reparatrice-40ml\\\/\"]}]},{\"@type\":\"ImageObject\",\"inLanguage\":\"ar\",\"@id\":\"https:\\\/\\\/vitablanca.ma\\\/produit\\\/a-derma-epitheliale-a-h-creme-ultra-reparatrice-40ml\\\/#primaryimage\",\"url\":\"https:\\\/\\\/vitablanca.ma\\\/wp-content\\\/uploads\\\/2025\\\/06\\\/A-Derma-Epitheliale-A.H-Creme-Reparatrice-40ml-nova-prapharmacie-maroc.jpg\",\"contentUrl\":\"https:\\\/\\\/vitablanca.ma\\\/wp-content\\\/uploads\\\/2025\\\/06\\\/A-Derma-Epitheliale-A.H-Creme-Reparatrice-40ml-nova-prapharmacie-maroc.jpg\",\"width\":1000,\"height\":1000},{\"@type\":\"BreadcrumbList\",\"@id\":\"https:\\\/\\\/vitablanca.ma\\\/produit\\\/a-derma-epitheliale-a-h-creme-ultra-reparatrice-40ml\\\/#breadcrumb\",\"itemListElement\":[{\"@type\":\"ListItem\",\"position\":1,\"name\":\"Home\",\"item\":\"https:\\\/\\\/vitablanca.ma\\\/\"},{\"@type\":\"ListItem\",\"position\":2,\"name\":\"Tous Les Produits\",\"item\":\"https:\\\/\\\/vitablanca.ma\\\/tous-les-produits\\\/\"},{\"@type\":\"ListItem\",\"position\":3,\"name\":\"A-Derma Epitheliale A.H Cr\u00e8me Ultra R\u00e9paratrice 40ml\"}]},{\"@type\":\"WebSite\",\"@id\":\"https:\\\/\\\/vitablanca.ma\\\/#website\",\"url\":\"https:\\\/\\\/vitablanca.ma\\\/\",\"name\":\"VitaBlanca.ma | Compl\u00e9ments alimentaires, sant\u00e9 & beaut\u00e9 au Maroc\",\"description\":\"vendre vitamines et compl\u00e9ments premium des USA &amp; Canada, Nouvelle Z\u00e9lande,Maroc (NOW Foods, Solgar, Manuka). Livraison rapide partout au Maroc.\",\"publisher\":{\"@id\":\"https:\\\/\\\/vitablanca.ma\\\/#organization\"},\"alternateName\":\"VitaBlanca.ma\",\"potentialAction\":[{\"@type\":\"SearchAction\",\"target\":{\"@type\":\"EntryPoint\",\"urlTemplate\":\"https:\\\/\\\/vitablanca.ma\\\/?s={search_term_string}\"},\"query-input\":{\"@type\":\"PropertyValueSpecification\",\"valueRequired\":true,\"valueName\":\"search_term_string\"}}],\"inLanguage\":\"ar\"},{\"@type\":\"Organization\",\"@id\":\"https:\\\/\\\/vitablanca.ma\\\/#organization\",\"name\":\"VitaBlanca\",\"url\":\"https:\\\/\\\/vitablanca.ma\\\/\",\"logo\":{\"@type\":\"ImageObject\",\"inLanguage\":\"ar\",\"@id\":\"https:\\\/\\\/vitablanca.ma\\\/#\\\/schema\\\/logo\\\/image\\\/\",\"url\":\"https:\\\/\\\/vitablanca.ma\\\/wp-content\\\/uploads\\\/2025\\\/05\\\/cropped-vitablanca.png\",\"contentUrl\":\"https:\\\/\\\/vitablanca.ma\\\/wp-content\\\/uploads\\\/2025\\\/05\\\/cropped-vitablanca.png\",\"width\":360,\"height\":67,\"caption\":\"VitaBlanca\"},\"image\":{\"@id\":\"https:\\\/\\\/vitablanca.ma\\\/#\\\/schema\\\/logo\\\/image\\\/\"},\"sameAs\":[\"https:\\\/\\\/www.facebook.com\\\/profile.php?id=61576678196717\",\"https:\\\/\\\/www.tiktok.com\\\/@vitablanca.ma\",\"https:\\\/\\\/www.instagram.com\\\/vitablanca.ma\\\/\"]}]}<\/script>\n<!-- \/ Yoast SEO plugin. -->","yoast_head_json":{"title":"A-Derma Epitheliale A.H Cr\u00e8me Ultra R\u00e9paratrice 40ml - Maroc Prix","description":"\u0643\u0631\u064a\u0645 \u0625\u0635\u0644\u0627\u062d \u0627\u0644\u0628\u0634\u0631\u0629 \u0627\u0644\u0641\u0627\u0626\u0642 A-Derma Epitheliale AH 40 \u0645\u0644","robots":{"index":"index","follow":"follow","max-snippet":"max-snippet:-1","max-image-preview":"max-image-preview:large","max-video-preview":"max-video-preview:-1"},"canonical":"https:\/\/vitablanca.ma\/ar\/product-2\/a-derma-epitheliale-a-h-creme-ultra-reparatrice-40ml\/","og_locale":"ar_AR","og_type":"article","og_title":"A-Derma Epitheliale A.H Cr\u00e8me Ultra R\u00e9paratrice 40ml - Maroc Prix","og_description":"A-Derma Epitheliale A.H Cr\u00e8me Ultra R\u00e9paratrice 40ml","og_url":"https:\/\/vitablanca.ma\/ar\/product-2\/a-derma-epitheliale-a-h-creme-ultra-reparatrice-40ml\/","og_site_name":"Vitablanca.ma &ndash; Sant&eacute;, vitalit&eacute; et bien-&ecirc;tre pour tous les Marocains","article_publisher":"https:\/\/www.facebook.com\/profile.php?id=61576678196717","article_modified_time":"2025-07-13T16:58:55+00:00","og_image":[{"width":1000,"height":1000,"url":"https:\/\/vitablanca.ma\/wp-content\/uploads\/2025\/06\/A-Derma-Epitheliale-A.H-Creme-Reparatrice-40ml-nova-prapharmacie-maroc.jpg","type":"image\/jpeg"}],"twitter_card":"summary_large_image","twitter_misc":{"\u0648\u0642\u062a \u0627\u0644\u0642\u0631\u0627\u0621\u0629 \u0627\u0644\u0645\u064f\u0642\u062f\u0651\u0631":"\u062f\u0642\u064a\u0642\u0629 \u0648\u0627\u062d\u062f\u0629"},"schema":{"@context":"https:\/\/schema.org","@graph":[{"@type":["WebPage","ItemPage"],"@id":"https:\/\/vitablanca.ma\/produit\/a-derma-epitheliale-a-h-creme-ultra-reparatrice-40ml\/","url":"https:\/\/vitablanca.ma\/produit\/a-derma-epitheliale-a-h-creme-ultra-reparatrice-40ml\/","name":"A-Derma Epitheliale A.H Cr\u00e8me Ultra R\u00e9paratrice 40ml - Maroc Prix","isPartOf":{"@id":"https:\/\/vitablanca.ma\/#website"},"primaryImageOfPage":{"@id":"https:\/\/vitablanca.ma\/produit\/a-derma-epitheliale-a-h-creme-ultra-reparatrice-40ml\/#primaryimage"},"image":{"@id":"https:\/\/vitablanca.ma\/produit\/a-derma-epitheliale-a-h-creme-ultra-reparatrice-40ml\/#primaryimage"},"thumbnailUrl":"https:\/\/vitablanca.ma\/wp-content\/uploads\/2025\/06\/A-Derma-Epitheliale-A.H-Creme-Reparatrice-40ml-nova-prapharmacie-maroc.jpg","datePublished":"2025-06-10T15:39:04+00:00","dateModified":"2025-07-13T16:58:55+00:00","description":"\u0643\u0631\u064a\u0645 \u0625\u0635\u0644\u0627\u062d \u0627\u0644\u0628\u0634\u0631\u0629 \u0627\u0644\u0641\u0627\u0626\u0642 A-Derma Epitheliale AH 40 \u0645\u0644","breadcrumb":{"@id":"https:\/\/vitablanca.ma\/produit\/a-derma-epitheliale-a-h-creme-ultra-reparatrice-40ml\/#breadcrumb"},"inLanguage":"ar","potentialAction":[{"@type":"ReadAction","target":["https:\/\/vitablanca.ma\/produit\/a-derma-epitheliale-a-h-creme-ultra-reparatrice-40ml\/"]}]},{"@type":"ImageObject","inLanguage":"ar","@id":"https:\/\/vitablanca.ma\/produit\/a-derma-epitheliale-a-h-creme-ultra-reparatrice-40ml\/#primaryimage","url":"https:\/\/vitablanca.ma\/wp-content\/uploads\/2025\/06\/A-Derma-Epitheliale-A.H-Creme-Reparatrice-40ml-nova-prapharmacie-maroc.jpg","contentUrl":"https:\/\/vitablanca.ma\/wp-content\/uploads\/2025\/06\/A-Derma-Epitheliale-A.H-Creme-Reparatrice-40ml-nova-prapharmacie-maroc.jpg","width":1000,"height":1000},{"@type":"BreadcrumbList","@id":"https:\/\/vitablanca.ma\/produit\/a-derma-epitheliale-a-h-creme-ultra-reparatrice-40ml\/#breadcrumb","itemListElement":[{"@type":"ListItem","position":1,"name":"Home","item":"https:\/\/vitablanca.ma\/"},{"@type":"ListItem","position":2,"name":"Tous Les Produits","item":"https:\/\/vitablanca.ma\/tous-les-produits\/"},{"@type":"ListItem","position":3,"name":"A-Derma Epitheliale A.H Cr\u00e8me Ultra R\u00e9paratrice 40ml"}]},{"@type":"WebSite","@id":"https:\/\/vitablanca.ma\/#website","url":"https:\/\/vitablanca.ma\/","name":"VitaBlanca.ma | \u0627\u0644\u0645\u0643\u0645\u0644\u0627\u062a \u0627\u0644\u063a\u0630\u0627\u0626\u064a\u0629\u060c \u0627\u0644\u0635\u062d\u0629 \u0648\u0627\u0644\u062c\u0645\u0627\u0644 \u0641\u064a \u0627\u0644\u0645\u063a\u0631\u0628","description":"\u0646\u0628\u064a\u0639 \u0641\u064a\u062a\u0627\u0645\u064a\u0646\u0627\u062a \u0648\u0645\u0643\u0645\u0644\u0627\u062a \u063a\u0630\u0627\u0626\u064a\u0629 \u0641\u0627\u062e\u0631\u0629 \u0645\u0646 \u0627\u0644\u0648\u0644\u0627\u064a\u0627\u062a \u0627\u0644\u0645\u062a\u062d\u062f\u0629 \u0627\u0644\u0623\u0645\u0631\u064a\u0643\u064a\u0629 \u0648\u0643\u0646\u062f\u0627 \u0648\u0646\u064a\u0648\u0632\u064a\u0644\u0646\u062f\u0627 \u0648\u0627\u0644\u0645\u063a\u0631\u0628 (\u0646\u0627\u0648 \u0641\u0648\u062f\u0632\u060c \u0633\u0648\u0644\u062c\u0627\u0631\u060c \u0645\u0627\u0646\u0648\u0643\u0627). \u062a\u0648\u0635\u064a\u0644 \u0633\u0631\u064a\u0639 \u0625\u0644\u0649 \u062c\u0645\u064a\u0639 \u0623\u0646\u062d\u0627\u0621 \u0627\u0644\u0645\u063a\u0631\u0628.","publisher":{"@id":"https:\/\/vitablanca.ma\/#organization"},"alternateName":"VitaBlanca.ma","potentialAction":[{"@type":"SearchAction","target":{"@type":"EntryPoint","urlTemplate":"https:\/\/vitablanca.ma\/?s={search_term_string}"},"query-input":{"@type":"PropertyValueSpecification","valueRequired":true,"valueName":"search_term_string"}}],"inLanguage":"ar"},{"@type":"Organization","@id":"https:\/\/vitablanca.ma\/#organization","name":"\u0641\u064a\u062a\u0627\u0628\u0644\u0627\u0646\u0643\u0627","url":"https:\/\/vitablanca.ma\/","logo":{"@type":"ImageObject","inLanguage":"ar","@id":"https:\/\/vitablanca.ma\/#\/schema\/logo\/image\/","url":"https:\/\/vitablanca.ma\/wp-content\/uploads\/2025\/05\/cropped-vitablanca.png","contentUrl":"https:\/\/vitablanca.ma\/wp-content\/uploads\/2025\/05\/cropped-vitablanca.png","width":360,"height":67,"caption":"VitaBlanca"},"image":{"@id":"https:\/\/vitablanca.ma\/#\/schema\/logo\/image\/"},"sameAs":["https:\/\/www.facebook.com\/profile.php?id=61576678196717","https:\/\/www.tiktok.com\/@vitablanca.ma","https:\/\/www.instagram.com\/vitablanca.ma\/"]}]}},"jetpack_sharing_enabled":true,"_links":{"self":[{"href":"https:\/\/vitablanca.ma\/ar\/wp-json\/wp\/v2\/product\/14843","targetHints":{"allow":["GET"]}}],"collection":[{"href":"https:\/\/vitablanca.ma\/ar\/wp-json\/wp\/v2\/product"}],"about":[{"href":"https:\/\/vitablanca.ma\/ar\/wp-json\/wp\/v2\/types\/product"}],"wp:featuredmedia":[{"embeddable":true,"href":"https:\/\/vitablanca.ma\/ar\/wp-json\/wp\/v2\/media\/14835"}],"wp:attachment":[{"href":"https:\/\/vitablanca.ma\/ar\/wp-json\/wp\/v2\/media?parent=14843"}],"wp:term":[{"taxonomy":"product_brand","embeddable":true,"href":"https:\/\/vitablanca.ma\/ar\/wp-json\/wp\/v2\/product_brand?post=14843"},{"taxonomy":"product_cat","embeddable":true,"href":"https:\/\/vitablanca.ma\/ar\/wp-json\/wp\/v2\/product_cat?post=14843"},{"taxonomy":"product_tag","embeddable":true,"href":"https:\/\/vitablanca.ma\/ar\/wp-json\/wp\/v2\/product_tag?post=14843"}],"curies":[{"name":"wp","href":"https:\/\/api.w.org\/{rel}","templated":true}]}}