{"id":14819,"date":"2025-06-10T15:37:59","date_gmt":"2025-06-10T15:37:59","guid":{"rendered":"https:\/\/vitablanca.ma\/product\/8882-creme-fond-de-teint-tres-haute-protection-spf50-40ml\/"},"modified":"2025-07-13T16:48:21","modified_gmt":"2025-07-13T16:48:21","slug":"8882-creme-fond-de-teint-tres-haute-protection-spf50-40ml","status":"publish","type":"product","link":"https:\/\/vitablanca.ma\/ar\/product-2\/8882-creme-fond-de-teint-tres-haute-protection-spf50-40ml\/","title":{"rendered":"8882 \u0643\u0631\u064a\u0645 \u0623\u0633\u0627\u0633 \u0628\u062d\u0645\u0627\u064a\u0629 \u0639\u0627\u0644\u064a\u0629 \u062c\u062f\u064b\u0627 SPF50+ 40 \u0645\u0644"},"content":{"rendered":"<h2>8882 Cr\u00e8me Fond de teint Anti-bronzage Tr\u00e8s Haute Protection SPF50+\u00a0<\/h2>\n<p class=\"font_6\">\u0628\u062f\u0648\u0646 \u062c\u0633\u064a\u0645\u0627\u062a \u0646\u0627\u0646\u0648\u064a\u0629<br \/>Large Protection UVB\/UVA<br \/>Texture riche et souple<br \/>R\u00e9siste \u00e0 l&rsquo;eau<br \/>40\u0645\u0644.<\/p>\n<p class=\"font_7\">Ce fond de teint SPF 50+ est recommand\u00e9 comme maquillage \u00e0 la ville pour les peaux interdites de soleil (intol\u00e9rance au soleil, cicatrices r\u00e9centes, dermabrasion, peeling etc&#8230;).<\/p>\n<p class=\"font_7\">Il masque les rides et imperfections de l&rsquo;\u00e9piderme, donne un teint unifi\u00e9 et lumineux. R\u00e9duit le vieillissement actinique.<\/p>\n<p class=\"font_7\">\u064a\u0639\u062f \u0643\u0631\u064a\u0645 \u0627\u0644\u0645\u0643\u064a\u0627\u062c \u0647\u0630\u0627 \u0623\u064a\u0636\u064b\u0627 \u0634\u0627\u0626\u0639\u064b\u0627 \u062c\u062f\u064b\u0627 \u0644\u062f\u0649 \u0627\u0644\u0639\u0645\u0644\u0627\u0621 \u0627\u0644\u0630\u064a\u0646 \u064a\u0631\u064a\u062f\u0648\u0646 \u0627\u0644\u062d\u0641\u0627\u0638 \u0639\u0644\u0649 \u0628\u0634\u0631\u062a\u0647\u0645 \u0635\u0627\u0641\u064a\u0629.<\/p>\n<p class=\"font_7\">\u0645\u062a\u0648\u0641\u0631 \u0628\u062b\u0644\u0627\u062b\u0629 \u0623\u0644\u0648\u0627\u0646:<\/p>\n<ul class=\"font_7\">\n<li>\n<p class=\"font_7\">Lotus: blanche-ros\u00e9e pour les peaux de type asiatique<\/p>\n<\/li>\n<li>\n<p class=\"font_7\">Opale: beige-ros\u00e9e pour les peaux de blondes<\/p>\n<\/li>\n<li>\n<p class=\"font_7\">Princesse: dor\u00e9e pour les peaux de brunes<\/p>\n<\/li>\n<\/ul>\n<p class=\"font_7\">\u0645\u0639 \u0625\u0645\u0643\u0627\u0646\u064a\u0629 \u0627\u0644\u062c\u0645\u0639 \u0628\u064a\u0646 \u0627\u062b\u0646\u064a\u0646 \u0645\u0646\u0647\u0645 \u0644\u0644\u062d\u0635\u0648\u0644 \u0639\u0644\u0649 \u0638\u0644 \u0645\u062e\u0635\u0635.<\/p>\n<h3 class=\"font_6\"><span>\u0637\u0631\u064a\u0642\u0629 \u0627\u0644\u0627\u0633\u062a\u062e\u062f\u0627\u0645:<\/span><\/h3>\n<p class=\"font_6\"><span>\u00a0\u0636\u0639\u064a \u0643\u0631\u064a\u0645 \u0627\u0644\u0623\u0633\u0627\u0633 8882 Very High Protection SPF 50+ \u0639\u0644\u0649 \u0627\u0644\u0648\u062c\u0647 \u0648\u0627\u0644\u0631\u0642\u0628\u0629 \u0648\u0645\u0646\u0637\u0642\u0629 \u0623\u0633\u0641\u0644 \u0627\u0644\u0635\u062f\u0631 \u0644\u0645\u062f\u0629 15 \u0625\u0644\u0649 30 \u062f\u0642\u064a\u0642\u0629 \u0642\u0628\u0644 \u0627\u0644\u062a\u0639\u0631\u0636 \u0644\u0623\u0634\u0639\u0629 \u0627\u0644\u0634\u0645\u0633.<\/span><\/p>\n<p class=\"font_8\">\u0642\u0645 \u0628\u062a\u062c\u062f\u064a\u062f \u0627\u0644\u0637\u0644\u0628 \u0628\u0627\u0646\u062a\u0638\u0627\u0645.<\/p>\n<h3 class=\"font_8\"><span>Recommandations:<\/span><\/h3>\n<ul class=\"font_8\">\n<li>\n<p class=\"font_8\">N\u2019exposez pas au soleil les b\u00e9b\u00e9s et les jeunes enfants.<\/p>\n<\/li>\n<li>\n<p class=\"font_8\">\u00c9vitez de vous exposer au soleil de mani\u00e8re prolong\u00e9e notamment aux heures les plus chaudes.<\/p>\n<\/li>\n<li>\n<p class=\"font_8\">En compl\u00e9ment de la cr\u00e8me solaire, prot\u00e9gez-vous du soleil en portant tee-shirt, chapeau, lunettes de soleil.<\/p>\n<\/li>\n<\/ul>","protected":false},"excerpt":{"rendered":"<p>8882 Cr\u00e8me Fond de teint Anti-bronzage Tr\u00e8s Haute Protection SPF50+\u00a0 Sans nanoparticulesLarge Protection UVB\/UVATexture riche et soupleR\u00e9siste \u00e0 l&rsquo;eau40ml. Ce fond de teint SPF 50+ est recommand\u00e9 comme maquillage \u00e0 la ville pour les peaux interdites de soleil (intol\u00e9rance au soleil, cicatrices r\u00e9centes, dermabrasion, peeling etc&#8230;). Il masque les rides et imperfections de l&rsquo;\u00e9piderme, donne [&hellip;]<\/p>\n","protected":false},"featured_media":14818,"template":"","meta":{"om_disable_all_campaigns":false},"product_brand":[2788],"product_cat":[18,15],"product_tag":[3255,3253,3254],"class_list":{"0":"post-14819","1":"product","2":"type-product","3":"status-publish","4":"has-post-thumbnail","6":"product_brand-8882-prix-maroc","7":"product_cat-beaute-sante","8":"product_cat-beaute-sante-complements-alimentaires-soins-et-bien-etre-au-meilleur-prix","9":"product_tag-3255","10":"product_tag-8882-maroc","11":"product_tag-8882-morocco","13":"first","14":"instock","15":"sale","16":"taxable","17":"shipping-taxable","18":"purchasable","19":"product-type-simple"},"yoast_head":"<!-- This site is optimized with the Yoast SEO plugin v27.5 - https:\/\/yoast.com\/product\/yoast-seo-wordpress\/ -->\n<title>8882 Cr\u00e8me Fond de teint Tr\u00e8s Haute Protection SPF50+ 40ml - Maroc Prix<\/title>\n<meta name=\"description\" content=\"8882 Cr\u00e8me Fond de teint Tr\u00e8s Haute Protection SPF50+ 40ml\" \/>\n<meta name=\"robots\" content=\"index, follow, max-snippet:-1, max-image-preview:large, max-video-preview:-1\" \/>\n<link rel=\"canonical\" href=\"https:\/\/vitablanca.ma\/ar\/product-2\/8882-creme-fond-de-teint-tres-haute-protection-spf50-40ml\/\" \/>\n<meta property=\"og:locale\" content=\"ar_AR\" \/>\n<meta property=\"og:type\" content=\"article\" \/>\n<meta property=\"og:title\" content=\"8882 Cr\u00e8me Fond de teint Tr\u00e8s Haute Protection SPF50+ 40ml - Maroc Prix\" \/>\n<meta property=\"og:description\" content=\"8882 Cr\u00e8me Fond de teint Tr\u00e8s Haute Protection SPF50+ 40ml\" \/>\n<meta property=\"og:url\" content=\"https:\/\/vitablanca.ma\/ar\/product-2\/8882-creme-fond-de-teint-tres-haute-protection-spf50-40ml\/\" \/>\n<meta property=\"og:site_name\" content=\"Vitablanca.ma &ndash; Sant&eacute;, vitalit&eacute; et bien-&ecirc;tre pour tous les Marocains\" \/>\n<meta property=\"article:publisher\" content=\"https:\/\/www.facebook.com\/profile.php?id=61576678196717\" \/>\n<meta property=\"article:modified_time\" content=\"2025-07-13T16:48:21+00:00\" \/>\n<meta property=\"og:image\" content=\"https:\/\/vitablanca.ma\/wp-content\/uploads\/2025\/06\/8882-Creme-Fond-de-teint-Tres-Haute-Protection-SPF50_-40ml-nova-parapharmacie-casablanca.jpg\" \/>\n\t<meta property=\"og:image:width\" content=\"1000\" \/>\n\t<meta property=\"og:image:height\" content=\"1000\" \/>\n\t<meta property=\"og:image:type\" content=\"image\/jpeg\" \/>\n<meta name=\"twitter:card\" content=\"summary_large_image\" \/>\n<meta name=\"twitter:label1\" content=\"\u0648\u0642\u062a \u0627\u0644\u0642\u0631\u0627\u0621\u0629 \u0627\u0644\u0645\u064f\u0642\u062f\u0651\u0631\" \/>\n\t<meta name=\"twitter:data1\" content=\"\u062f\u0642\u064a\u0642\u0629 \u0648\u0627\u062d\u062f\u0629\" \/>\n<script type=\"application\/ld+json\" class=\"yoast-schema-graph\">{\"@context\":\"https:\\\/\\\/schema.org\",\"@graph\":[{\"@type\":[\"WebPage\",\"ItemPage\"],\"@id\":\"https:\\\/\\\/vitablanca.ma\\\/produit\\\/8882-creme-fond-de-teint-tres-haute-protection-spf50-40ml\\\/\",\"url\":\"https:\\\/\\\/vitablanca.ma\\\/produit\\\/8882-creme-fond-de-teint-tres-haute-protection-spf50-40ml\\\/\",\"name\":\"8882 Cr\u00e8me Fond de teint Tr\u00e8s Haute Protection SPF50+ 40ml - Maroc Prix\",\"isPartOf\":{\"@id\":\"https:\\\/\\\/vitablanca.ma\\\/#website\"},\"primaryImageOfPage\":{\"@id\":\"https:\\\/\\\/vitablanca.ma\\\/produit\\\/8882-creme-fond-de-teint-tres-haute-protection-spf50-40ml\\\/#primaryimage\"},\"image\":{\"@id\":\"https:\\\/\\\/vitablanca.ma\\\/produit\\\/8882-creme-fond-de-teint-tres-haute-protection-spf50-40ml\\\/#primaryimage\"},\"thumbnailUrl\":\"https:\\\/\\\/vitablanca.ma\\\/wp-content\\\/uploads\\\/2025\\\/06\\\/8882-Creme-Fond-de-teint-Tres-Haute-Protection-SPF50_-40ml-nova-parapharmacie-casablanca.jpg\",\"datePublished\":\"2025-06-10T15:37:59+00:00\",\"dateModified\":\"2025-07-13T16:48:21+00:00\",\"description\":\"8882 Cr\u00e8me Fond de teint Tr\u00e8s Haute Protection SPF50+ 40ml\",\"breadcrumb\":{\"@id\":\"https:\\\/\\\/vitablanca.ma\\\/produit\\\/8882-creme-fond-de-teint-tres-haute-protection-spf50-40ml\\\/#breadcrumb\"},\"inLanguage\":\"ar\",\"potentialAction\":[{\"@type\":\"ReadAction\",\"target\":[\"https:\\\/\\\/vitablanca.ma\\\/produit\\\/8882-creme-fond-de-teint-tres-haute-protection-spf50-40ml\\\/\"]}]},{\"@type\":\"ImageObject\",\"inLanguage\":\"ar\",\"@id\":\"https:\\\/\\\/vitablanca.ma\\\/produit\\\/8882-creme-fond-de-teint-tres-haute-protection-spf50-40ml\\\/#primaryimage\",\"url\":\"https:\\\/\\\/vitablanca.ma\\\/wp-content\\\/uploads\\\/2025\\\/06\\\/8882-Creme-Fond-de-teint-Tres-Haute-Protection-SPF50_-40ml-nova-parapharmacie-casablanca.jpg\",\"contentUrl\":\"https:\\\/\\\/vitablanca.ma\\\/wp-content\\\/uploads\\\/2025\\\/06\\\/8882-Creme-Fond-de-teint-Tres-Haute-Protection-SPF50_-40ml-nova-parapharmacie-casablanca.jpg\",\"width\":1000,\"height\":1000},{\"@type\":\"BreadcrumbList\",\"@id\":\"https:\\\/\\\/vitablanca.ma\\\/produit\\\/8882-creme-fond-de-teint-tres-haute-protection-spf50-40ml\\\/#breadcrumb\",\"itemListElement\":[{\"@type\":\"ListItem\",\"position\":1,\"name\":\"Home\",\"item\":\"https:\\\/\\\/vitablanca.ma\\\/\"},{\"@type\":\"ListItem\",\"position\":2,\"name\":\"Tous Les Produits\",\"item\":\"https:\\\/\\\/vitablanca.ma\\\/tous-les-produits\\\/\"},{\"@type\":\"ListItem\",\"position\":3,\"name\":\"8882 Cr\u00e8me Fond de teint Tr\u00e8s Haute Protection SPF50+ 40ml\"}]},{\"@type\":\"WebSite\",\"@id\":\"https:\\\/\\\/vitablanca.ma\\\/#website\",\"url\":\"https:\\\/\\\/vitablanca.ma\\\/\",\"name\":\"VitaBlanca.ma | Compl\u00e9ments alimentaires, sant\u00e9 & beaut\u00e9 au Maroc\",\"description\":\"vendre vitamines et compl\u00e9ments premium des USA &amp; Canada, Nouvelle Z\u00e9lande,Maroc (NOW Foods, Solgar, Manuka). Livraison rapide partout au Maroc.\",\"publisher\":{\"@id\":\"https:\\\/\\\/vitablanca.ma\\\/#organization\"},\"alternateName\":\"VitaBlanca.ma\",\"potentialAction\":[{\"@type\":\"SearchAction\",\"target\":{\"@type\":\"EntryPoint\",\"urlTemplate\":\"https:\\\/\\\/vitablanca.ma\\\/?s={search_term_string}\"},\"query-input\":{\"@type\":\"PropertyValueSpecification\",\"valueRequired\":true,\"valueName\":\"search_term_string\"}}],\"inLanguage\":\"ar\"},{\"@type\":\"Organization\",\"@id\":\"https:\\\/\\\/vitablanca.ma\\\/#organization\",\"name\":\"VitaBlanca\",\"url\":\"https:\\\/\\\/vitablanca.ma\\\/\",\"logo\":{\"@type\":\"ImageObject\",\"inLanguage\":\"ar\",\"@id\":\"https:\\\/\\\/vitablanca.ma\\\/#\\\/schema\\\/logo\\\/image\\\/\",\"url\":\"https:\\\/\\\/vitablanca.ma\\\/wp-content\\\/uploads\\\/2025\\\/05\\\/cropped-vitablanca.png\",\"contentUrl\":\"https:\\\/\\\/vitablanca.ma\\\/wp-content\\\/uploads\\\/2025\\\/05\\\/cropped-vitablanca.png\",\"width\":360,\"height\":67,\"caption\":\"VitaBlanca\"},\"image\":{\"@id\":\"https:\\\/\\\/vitablanca.ma\\\/#\\\/schema\\\/logo\\\/image\\\/\"},\"sameAs\":[\"https:\\\/\\\/www.facebook.com\\\/profile.php?id=61576678196717\",\"https:\\\/\\\/www.tiktok.com\\\/@vitablanca.ma\",\"https:\\\/\\\/www.instagram.com\\\/vitablanca.ma\\\/\"]}]}<\/script>\n<!-- \/ Yoast SEO plugin. -->","yoast_head_json":{"title":"8882 Cr\u00e8me Fond de teint Tr\u00e8s Haute Protection SPF50+ 40ml - Maroc Prix","description":"8882 \u0643\u0631\u064a\u0645 \u0623\u0633\u0627\u0633 \u0628\u062d\u0645\u0627\u064a\u0629 \u0639\u0627\u0644\u064a\u0629 \u062c\u062f\u064b\u0627 SPF50+ 40 \u0645\u0644","robots":{"index":"index","follow":"follow","max-snippet":"max-snippet:-1","max-image-preview":"max-image-preview:large","max-video-preview":"max-video-preview:-1"},"canonical":"https:\/\/vitablanca.ma\/ar\/product-2\/8882-creme-fond-de-teint-tres-haute-protection-spf50-40ml\/","og_locale":"ar_AR","og_type":"article","og_title":"8882 Cr\u00e8me Fond de teint Tr\u00e8s Haute Protection SPF50+ 40ml - Maroc Prix","og_description":"8882 Cr\u00e8me Fond de teint Tr\u00e8s Haute Protection SPF50+ 40ml","og_url":"https:\/\/vitablanca.ma\/ar\/product-2\/8882-creme-fond-de-teint-tres-haute-protection-spf50-40ml\/","og_site_name":"Vitablanca.ma &ndash; Sant&eacute;, vitalit&eacute; et bien-&ecirc;tre pour tous les Marocains","article_publisher":"https:\/\/www.facebook.com\/profile.php?id=61576678196717","article_modified_time":"2025-07-13T16:48:21+00:00","og_image":[{"width":1000,"height":1000,"url":"https:\/\/vitablanca.ma\/wp-content\/uploads\/2025\/06\/8882-Creme-Fond-de-teint-Tres-Haute-Protection-SPF50_-40ml-nova-parapharmacie-casablanca.jpg","type":"image\/jpeg"}],"twitter_card":"summary_large_image","twitter_misc":{"\u0648\u0642\u062a \u0627\u0644\u0642\u0631\u0627\u0621\u0629 \u0627\u0644\u0645\u064f\u0642\u062f\u0651\u0631":"\u062f\u0642\u064a\u0642\u0629 \u0648\u0627\u062d\u062f\u0629"},"schema":{"@context":"https:\/\/schema.org","@graph":[{"@type":["WebPage","ItemPage"],"@id":"https:\/\/vitablanca.ma\/produit\/8882-creme-fond-de-teint-tres-haute-protection-spf50-40ml\/","url":"https:\/\/vitablanca.ma\/produit\/8882-creme-fond-de-teint-tres-haute-protection-spf50-40ml\/","name":"8882 Cr\u00e8me Fond de teint Tr\u00e8s Haute Protection SPF50+ 40ml - Maroc Prix","isPartOf":{"@id":"https:\/\/vitablanca.ma\/#website"},"primaryImageOfPage":{"@id":"https:\/\/vitablanca.ma\/produit\/8882-creme-fond-de-teint-tres-haute-protection-spf50-40ml\/#primaryimage"},"image":{"@id":"https:\/\/vitablanca.ma\/produit\/8882-creme-fond-de-teint-tres-haute-protection-spf50-40ml\/#primaryimage"},"thumbnailUrl":"https:\/\/vitablanca.ma\/wp-content\/uploads\/2025\/06\/8882-Creme-Fond-de-teint-Tres-Haute-Protection-SPF50_-40ml-nova-parapharmacie-casablanca.jpg","datePublished":"2025-06-10T15:37:59+00:00","dateModified":"2025-07-13T16:48:21+00:00","description":"8882 \u0643\u0631\u064a\u0645 \u0623\u0633\u0627\u0633 \u0628\u062d\u0645\u0627\u064a\u0629 \u0639\u0627\u0644\u064a\u0629 \u062c\u062f\u064b\u0627 SPF50+ 40 \u0645\u0644","breadcrumb":{"@id":"https:\/\/vitablanca.ma\/produit\/8882-creme-fond-de-teint-tres-haute-protection-spf50-40ml\/#breadcrumb"},"inLanguage":"ar","potentialAction":[{"@type":"ReadAction","target":["https:\/\/vitablanca.ma\/produit\/8882-creme-fond-de-teint-tres-haute-protection-spf50-40ml\/"]}]},{"@type":"ImageObject","inLanguage":"ar","@id":"https:\/\/vitablanca.ma\/produit\/8882-creme-fond-de-teint-tres-haute-protection-spf50-40ml\/#primaryimage","url":"https:\/\/vitablanca.ma\/wp-content\/uploads\/2025\/06\/8882-Creme-Fond-de-teint-Tres-Haute-Protection-SPF50_-40ml-nova-parapharmacie-casablanca.jpg","contentUrl":"https:\/\/vitablanca.ma\/wp-content\/uploads\/2025\/06\/8882-Creme-Fond-de-teint-Tres-Haute-Protection-SPF50_-40ml-nova-parapharmacie-casablanca.jpg","width":1000,"height":1000},{"@type":"BreadcrumbList","@id":"https:\/\/vitablanca.ma\/produit\/8882-creme-fond-de-teint-tres-haute-protection-spf50-40ml\/#breadcrumb","itemListElement":[{"@type":"ListItem","position":1,"name":"Home","item":"https:\/\/vitablanca.ma\/"},{"@type":"ListItem","position":2,"name":"Tous Les Produits","item":"https:\/\/vitablanca.ma\/tous-les-produits\/"},{"@type":"ListItem","position":3,"name":"8882 Cr\u00e8me Fond de teint Tr\u00e8s Haute Protection SPF50+ 40ml"}]},{"@type":"WebSite","@id":"https:\/\/vitablanca.ma\/#website","url":"https:\/\/vitablanca.ma\/","name":"VitaBlanca.ma | \u0627\u0644\u0645\u0643\u0645\u0644\u0627\u062a \u0627\u0644\u063a\u0630\u0627\u0626\u064a\u0629\u060c \u0627\u0644\u0635\u062d\u0629 \u0648\u0627\u0644\u062c\u0645\u0627\u0644 \u0641\u064a \u0627\u0644\u0645\u063a\u0631\u0628","description":"\u0646\u0628\u064a\u0639 \u0641\u064a\u062a\u0627\u0645\u064a\u0646\u0627\u062a \u0648\u0645\u0643\u0645\u0644\u0627\u062a \u063a\u0630\u0627\u0626\u064a\u0629 \u0641\u0627\u062e\u0631\u0629 \u0645\u0646 \u0627\u0644\u0648\u0644\u0627\u064a\u0627\u062a \u0627\u0644\u0645\u062a\u062d\u062f\u0629 \u0627\u0644\u0623\u0645\u0631\u064a\u0643\u064a\u0629 \u0648\u0643\u0646\u062f\u0627 \u0648\u0646\u064a\u0648\u0632\u064a\u0644\u0646\u062f\u0627 \u0648\u0627\u0644\u0645\u063a\u0631\u0628 (\u0646\u0627\u0648 \u0641\u0648\u062f\u0632\u060c \u0633\u0648\u0644\u062c\u0627\u0631\u060c \u0645\u0627\u0646\u0648\u0643\u0627). \u062a\u0648\u0635\u064a\u0644 \u0633\u0631\u064a\u0639 \u0625\u0644\u0649 \u062c\u0645\u064a\u0639 \u0623\u0646\u062d\u0627\u0621 \u0627\u0644\u0645\u063a\u0631\u0628.","publisher":{"@id":"https:\/\/vitablanca.ma\/#organization"},"alternateName":"VitaBlanca.ma","potentialAction":[{"@type":"SearchAction","target":{"@type":"EntryPoint","urlTemplate":"https:\/\/vitablanca.ma\/?s={search_term_string}"},"query-input":{"@type":"PropertyValueSpecification","valueRequired":true,"valueName":"search_term_string"}}],"inLanguage":"ar"},{"@type":"Organization","@id":"https:\/\/vitablanca.ma\/#organization","name":"\u0641\u064a\u062a\u0627\u0628\u0644\u0627\u0646\u0643\u0627","url":"https:\/\/vitablanca.ma\/","logo":{"@type":"ImageObject","inLanguage":"ar","@id":"https:\/\/vitablanca.ma\/#\/schema\/logo\/image\/","url":"https:\/\/vitablanca.ma\/wp-content\/uploads\/2025\/05\/cropped-vitablanca.png","contentUrl":"https:\/\/vitablanca.ma\/wp-content\/uploads\/2025\/05\/cropped-vitablanca.png","width":360,"height":67,"caption":"VitaBlanca"},"image":{"@id":"https:\/\/vitablanca.ma\/#\/schema\/logo\/image\/"},"sameAs":["https:\/\/www.facebook.com\/profile.php?id=61576678196717","https:\/\/www.tiktok.com\/@vitablanca.ma","https:\/\/www.instagram.com\/vitablanca.ma\/"]}]}},"jetpack_sharing_enabled":true,"_links":{"self":[{"href":"https:\/\/vitablanca.ma\/ar\/wp-json\/wp\/v2\/product\/14819","targetHints":{"allow":["GET"]}}],"collection":[{"href":"https:\/\/vitablanca.ma\/ar\/wp-json\/wp\/v2\/product"}],"about":[{"href":"https:\/\/vitablanca.ma\/ar\/wp-json\/wp\/v2\/types\/product"}],"wp:featuredmedia":[{"embeddable":true,"href":"https:\/\/vitablanca.ma\/ar\/wp-json\/wp\/v2\/media\/14818"}],"wp:attachment":[{"href":"https:\/\/vitablanca.ma\/ar\/wp-json\/wp\/v2\/media?parent=14819"}],"wp:term":[{"taxonomy":"product_brand","embeddable":true,"href":"https:\/\/vitablanca.ma\/ar\/wp-json\/wp\/v2\/product_brand?post=14819"},{"taxonomy":"product_cat","embeddable":true,"href":"https:\/\/vitablanca.ma\/ar\/wp-json\/wp\/v2\/product_cat?post=14819"},{"taxonomy":"product_tag","embeddable":true,"href":"https:\/\/vitablanca.ma\/ar\/wp-json\/wp\/v2\/product_tag?post=14819"}],"curies":[{"name":"wp","href":"https:\/\/api.w.org\/{rel}","templated":true}]}}