{"id":14811,"date":"2025-06-10T15:37:43","date_gmt":"2025-06-10T15:37:43","guid":{"rendered":"https:\/\/vitablanca.ma\/product\/8882-stick-levres-haute-protection-spf30-4g\/"},"modified":"2025-07-13T16:48:22","modified_gmt":"2025-07-13T16:48:22","slug":"8882-stick-levres-haute-protection-spf30-4g","status":"publish","type":"product","link":"https:\/\/vitablanca.ma\/ar\/product-2\/8882-stick-levres-haute-protection-spf30-4g\/","title":{"rendered":"8882 \u0623\u062d\u0645\u0631 \u0634\u0641\u0627\u0647 \u0639\u0627\u0644\u064a \u0627\u0644\u062d\u0645\u0627\u064a\u0629 \u0628\u0639\u0627\u0645\u0644 \u062d\u0645\u0627\u064a\u0629 \u0645\u0646 \u0627\u0644\u0634\u0645\u0633 30\u060c 4 \u062c\u0631\u0627\u0645"},"content":{"rendered":"<h2>8882 Stick L\u00e8vres Haute Protection SPF30.<\/h2>\n<p class=\"font_6\">\u0628\u062f\u0648\u0646 \u062c\u0633\u064a\u0645\u0627\u062a \u0646\u0627\u0646\u0648\u064a\u0629<\/p>\n<p class=\"font_7\">Onctueux, ce stick haute protection SPF 30 prot\u00e8ge les l\u00e8vres sensibles des radiations solaires. Fait barrage \u00e0 la d\u00e9shydratation caus\u00e9e par le froid, le vent, le sel.<\/p>\n<h3 class=\"font_8\"><span>\u0637\u0631\u064a\u0642\u0629 \u0627\u0644\u0627\u0633\u062a\u062e\u062f\u0627\u0645:<\/span><\/h3>\n<p class=\"font_8\"><span>Appliquer ce stick sur les l\u00e8vres avant toute exposition au soleil.<br \/>Renouveler l\u2019application toutes les 2 heures.<\/span><\/p>\n<h3 class=\"font_8\"><span>\u0627\u0644\u062a\u063a\u0644\u064a\u0641:<\/span><\/h3>\n<p class=\"font_8\"><span>\u00c9tuis tournants 4g.<\/span><\/p>\n<h3 class=\"font_8\"><span>Recommandations:<\/span><\/h3>\n<ul class=\"font_8\">\n<li>\n<p class=\"font_8\"><span>N\u2019exposez pas au soleil les b\u00e9b\u00e9s et les jeunes enfants.<\/span><\/p>\n<\/li>\n<li>\n<p class=\"font_8\"><span>\u00c9vitez de vous exposer au soleil de mani\u00e8re prolong\u00e9e notamment aux heures les plus chaudes.<\/span><\/p>\n<\/li>\n<li>\n<p class=\"font_8\"><span>En compl\u00e9ment de la cr\u00e8me solaire, prot\u00e9gez vous du soleil en portant tee-shirt, chapeau, lunettes de soleil.<\/span><\/p>\n<\/li>\n<\/ul>","protected":false},"excerpt":{"rendered":"<p>8882 Stick L\u00e8vres Haute Protection SPF30. Sans nanoparticules Onctueux, ce stick haute protection SPF 30 prot\u00e8ge les l\u00e8vres sensibles des radiations solaires. Fait barrage \u00e0 la d\u00e9shydratation caus\u00e9e par le froid, le vent, le sel. Conseils d\u2019utilisation : Appliquer ce stick sur les l\u00e8vres avant toute exposition au soleil.Renouveler l\u2019application toutes les 2 heures. Conditionnement [&hellip;]<\/p>\n","protected":false},"featured_media":14810,"template":"","meta":{"om_disable_all_campaigns":false},"product_brand":[2788],"product_cat":[18,15],"product_tag":[3255,3253,3254],"class_list":{"0":"post-14811","1":"product","2":"type-product","3":"status-publish","4":"has-post-thumbnail","6":"product_brand-8882-prix-maroc","7":"product_cat-beaute-sante","8":"product_cat-beaute-sante-complements-alimentaires-soins-et-bien-etre-au-meilleur-prix","9":"product_tag-3255","10":"product_tag-8882-maroc","11":"product_tag-8882-morocco","13":"first","14":"instock","15":"sale","16":"taxable","17":"shipping-taxable","18":"purchasable","19":"product-type-simple"},"yoast_head":"<!-- This site is optimized with the Yoast SEO plugin v27.5 - https:\/\/yoast.com\/product\/yoast-seo-wordpress\/ -->\n<title>8882 Stick L\u00e8vres Haute Protection SPF30 4g - Maroc Prix<\/title>\n<meta name=\"description\" content=\"8882 Stick L\u00e8vres Haute Protection SPF30 4g\" \/>\n<meta name=\"robots\" content=\"index, follow, max-snippet:-1, max-image-preview:large, max-video-preview:-1\" \/>\n<link rel=\"canonical\" href=\"https:\/\/vitablanca.ma\/ar\/product-2\/8882-stick-levres-haute-protection-spf30-4g\/\" \/>\n<meta property=\"og:locale\" content=\"ar_AR\" \/>\n<meta property=\"og:type\" content=\"article\" \/>\n<meta property=\"og:title\" content=\"8882 Stick L\u00e8vres Haute Protection SPF30 4g - Maroc Prix\" \/>\n<meta property=\"og:description\" content=\"8882 Stick L\u00e8vres Haute Protection SPF30 4g\" \/>\n<meta property=\"og:url\" content=\"https:\/\/vitablanca.ma\/ar\/product-2\/8882-stick-levres-haute-protection-spf30-4g\/\" \/>\n<meta property=\"og:site_name\" content=\"Vitablanca.ma &ndash; Sant&eacute;, vitalit&eacute; et bien-&ecirc;tre pour tous les Marocains\" \/>\n<meta property=\"article:publisher\" content=\"https:\/\/www.facebook.com\/profile.php?id=61576678196717\" \/>\n<meta property=\"article:modified_time\" content=\"2025-07-13T16:48:22+00:00\" \/>\n<meta property=\"og:image\" content=\"https:\/\/vitablanca.ma\/wp-content\/uploads\/2025\/06\/8882-Stick-Levres-Haute-Protection-SPF30-4g-nova-parapharmacie-casablanca.jpg\" \/>\n\t<meta property=\"og:image:width\" content=\"1000\" \/>\n\t<meta property=\"og:image:height\" content=\"1000\" \/>\n\t<meta property=\"og:image:type\" content=\"image\/jpeg\" \/>\n<meta name=\"twitter:card\" content=\"summary_large_image\" \/>\n<meta name=\"twitter:label1\" content=\"\u0648\u0642\u062a \u0627\u0644\u0642\u0631\u0627\u0621\u0629 \u0627\u0644\u0645\u064f\u0642\u062f\u0651\u0631\" \/>\n\t<meta name=\"twitter:data1\" content=\"\u062f\u0642\u064a\u0642\u0629 \u0648\u0627\u062d\u062f\u0629\" \/>\n<script type=\"application\/ld+json\" class=\"yoast-schema-graph\">{\"@context\":\"https:\\\/\\\/schema.org\",\"@graph\":[{\"@type\":[\"WebPage\",\"ItemPage\"],\"@id\":\"https:\\\/\\\/vitablanca.ma\\\/produit\\\/8882-stick-levres-haute-protection-spf30-4g\\\/\",\"url\":\"https:\\\/\\\/vitablanca.ma\\\/produit\\\/8882-stick-levres-haute-protection-spf30-4g\\\/\",\"name\":\"8882 Stick L\u00e8vres Haute Protection SPF30 4g - Maroc Prix\",\"isPartOf\":{\"@id\":\"https:\\\/\\\/vitablanca.ma\\\/#website\"},\"primaryImageOfPage\":{\"@id\":\"https:\\\/\\\/vitablanca.ma\\\/produit\\\/8882-stick-levres-haute-protection-spf30-4g\\\/#primaryimage\"},\"image\":{\"@id\":\"https:\\\/\\\/vitablanca.ma\\\/produit\\\/8882-stick-levres-haute-protection-spf30-4g\\\/#primaryimage\"},\"thumbnailUrl\":\"https:\\\/\\\/vitablanca.ma\\\/wp-content\\\/uploads\\\/2025\\\/06\\\/8882-Stick-Levres-Haute-Protection-SPF30-4g-nova-parapharmacie-casablanca.jpg\",\"datePublished\":\"2025-06-10T15:37:43+00:00\",\"dateModified\":\"2025-07-13T16:48:22+00:00\",\"description\":\"8882 Stick L\u00e8vres Haute Protection SPF30 4g\",\"breadcrumb\":{\"@id\":\"https:\\\/\\\/vitablanca.ma\\\/produit\\\/8882-stick-levres-haute-protection-spf30-4g\\\/#breadcrumb\"},\"inLanguage\":\"ar\",\"potentialAction\":[{\"@type\":\"ReadAction\",\"target\":[\"https:\\\/\\\/vitablanca.ma\\\/produit\\\/8882-stick-levres-haute-protection-spf30-4g\\\/\"]}]},{\"@type\":\"ImageObject\",\"inLanguage\":\"ar\",\"@id\":\"https:\\\/\\\/vitablanca.ma\\\/produit\\\/8882-stick-levres-haute-protection-spf30-4g\\\/#primaryimage\",\"url\":\"https:\\\/\\\/vitablanca.ma\\\/wp-content\\\/uploads\\\/2025\\\/06\\\/8882-Stick-Levres-Haute-Protection-SPF30-4g-nova-parapharmacie-casablanca.jpg\",\"contentUrl\":\"https:\\\/\\\/vitablanca.ma\\\/wp-content\\\/uploads\\\/2025\\\/06\\\/8882-Stick-Levres-Haute-Protection-SPF30-4g-nova-parapharmacie-casablanca.jpg\",\"width\":1000,\"height\":1000},{\"@type\":\"BreadcrumbList\",\"@id\":\"https:\\\/\\\/vitablanca.ma\\\/produit\\\/8882-stick-levres-haute-protection-spf30-4g\\\/#breadcrumb\",\"itemListElement\":[{\"@type\":\"ListItem\",\"position\":1,\"name\":\"Home\",\"item\":\"https:\\\/\\\/vitablanca.ma\\\/\"},{\"@type\":\"ListItem\",\"position\":2,\"name\":\"Tous Les Produits\",\"item\":\"https:\\\/\\\/vitablanca.ma\\\/tous-les-produits\\\/\"},{\"@type\":\"ListItem\",\"position\":3,\"name\":\"8882 Stick L\u00e8vres Haute Protection SPF30 4g\"}]},{\"@type\":\"WebSite\",\"@id\":\"https:\\\/\\\/vitablanca.ma\\\/#website\",\"url\":\"https:\\\/\\\/vitablanca.ma\\\/\",\"name\":\"VitaBlanca.ma | Compl\u00e9ments alimentaires, sant\u00e9 & beaut\u00e9 au Maroc\",\"description\":\"vendre vitamines et compl\u00e9ments premium des USA &amp; Canada, Nouvelle Z\u00e9lande,Maroc (NOW Foods, Solgar, Manuka). Livraison rapide partout au Maroc.\",\"publisher\":{\"@id\":\"https:\\\/\\\/vitablanca.ma\\\/#organization\"},\"alternateName\":\"VitaBlanca.ma\",\"potentialAction\":[{\"@type\":\"SearchAction\",\"target\":{\"@type\":\"EntryPoint\",\"urlTemplate\":\"https:\\\/\\\/vitablanca.ma\\\/?s={search_term_string}\"},\"query-input\":{\"@type\":\"PropertyValueSpecification\",\"valueRequired\":true,\"valueName\":\"search_term_string\"}}],\"inLanguage\":\"ar\"},{\"@type\":\"Organization\",\"@id\":\"https:\\\/\\\/vitablanca.ma\\\/#organization\",\"name\":\"VitaBlanca\",\"url\":\"https:\\\/\\\/vitablanca.ma\\\/\",\"logo\":{\"@type\":\"ImageObject\",\"inLanguage\":\"ar\",\"@id\":\"https:\\\/\\\/vitablanca.ma\\\/#\\\/schema\\\/logo\\\/image\\\/\",\"url\":\"https:\\\/\\\/vitablanca.ma\\\/wp-content\\\/uploads\\\/2025\\\/05\\\/cropped-vitablanca.png\",\"contentUrl\":\"https:\\\/\\\/vitablanca.ma\\\/wp-content\\\/uploads\\\/2025\\\/05\\\/cropped-vitablanca.png\",\"width\":360,\"height\":67,\"caption\":\"VitaBlanca\"},\"image\":{\"@id\":\"https:\\\/\\\/vitablanca.ma\\\/#\\\/schema\\\/logo\\\/image\\\/\"},\"sameAs\":[\"https:\\\/\\\/www.facebook.com\\\/profile.php?id=61576678196717\",\"https:\\\/\\\/www.tiktok.com\\\/@vitablanca.ma\",\"https:\\\/\\\/www.instagram.com\\\/vitablanca.ma\\\/\"]}]}<\/script>\n<!-- \/ Yoast SEO plugin. -->","yoast_head_json":{"title":"8882 Stick L\u00e8vres Haute Protection SPF30 4g - Maroc Prix","description":"8882 \u0623\u062d\u0645\u0631 \u0634\u0641\u0627\u0647 \u0639\u0627\u0644\u064a \u0627\u0644\u062d\u0645\u0627\u064a\u0629 \u0628\u0639\u0627\u0645\u0644 \u062d\u0645\u0627\u064a\u0629 \u0645\u0646 \u0627\u0644\u0634\u0645\u0633 30\u060c 4 \u062c\u0631\u0627\u0645","robots":{"index":"index","follow":"follow","max-snippet":"max-snippet:-1","max-image-preview":"max-image-preview:large","max-video-preview":"max-video-preview:-1"},"canonical":"https:\/\/vitablanca.ma\/ar\/product-2\/8882-stick-levres-haute-protection-spf30-4g\/","og_locale":"ar_AR","og_type":"article","og_title":"8882 Stick L\u00e8vres Haute Protection SPF30 4g - Maroc Prix","og_description":"8882 Stick L\u00e8vres Haute Protection SPF30 4g","og_url":"https:\/\/vitablanca.ma\/ar\/product-2\/8882-stick-levres-haute-protection-spf30-4g\/","og_site_name":"Vitablanca.ma &ndash; Sant&eacute;, vitalit&eacute; et bien-&ecirc;tre pour tous les Marocains","article_publisher":"https:\/\/www.facebook.com\/profile.php?id=61576678196717","article_modified_time":"2025-07-13T16:48:22+00:00","og_image":[{"width":1000,"height":1000,"url":"https:\/\/vitablanca.ma\/wp-content\/uploads\/2025\/06\/8882-Stick-Levres-Haute-Protection-SPF30-4g-nova-parapharmacie-casablanca.jpg","type":"image\/jpeg"}],"twitter_card":"summary_large_image","twitter_misc":{"\u0648\u0642\u062a \u0627\u0644\u0642\u0631\u0627\u0621\u0629 \u0627\u0644\u0645\u064f\u0642\u062f\u0651\u0631":"\u062f\u0642\u064a\u0642\u0629 \u0648\u0627\u062d\u062f\u0629"},"schema":{"@context":"https:\/\/schema.org","@graph":[{"@type":["WebPage","ItemPage"],"@id":"https:\/\/vitablanca.ma\/produit\/8882-stick-levres-haute-protection-spf30-4g\/","url":"https:\/\/vitablanca.ma\/produit\/8882-stick-levres-haute-protection-spf30-4g\/","name":"8882 Stick L\u00e8vres Haute Protection SPF30 4g - Maroc Prix","isPartOf":{"@id":"https:\/\/vitablanca.ma\/#website"},"primaryImageOfPage":{"@id":"https:\/\/vitablanca.ma\/produit\/8882-stick-levres-haute-protection-spf30-4g\/#primaryimage"},"image":{"@id":"https:\/\/vitablanca.ma\/produit\/8882-stick-levres-haute-protection-spf30-4g\/#primaryimage"},"thumbnailUrl":"https:\/\/vitablanca.ma\/wp-content\/uploads\/2025\/06\/8882-Stick-Levres-Haute-Protection-SPF30-4g-nova-parapharmacie-casablanca.jpg","datePublished":"2025-06-10T15:37:43+00:00","dateModified":"2025-07-13T16:48:22+00:00","description":"8882 \u0623\u062d\u0645\u0631 \u0634\u0641\u0627\u0647 \u0639\u0627\u0644\u064a \u0627\u0644\u062d\u0645\u0627\u064a\u0629 \u0628\u0639\u0627\u0645\u0644 \u062d\u0645\u0627\u064a\u0629 \u0645\u0646 \u0627\u0644\u0634\u0645\u0633 30\u060c 4 \u062c\u0631\u0627\u0645","breadcrumb":{"@id":"https:\/\/vitablanca.ma\/produit\/8882-stick-levres-haute-protection-spf30-4g\/#breadcrumb"},"inLanguage":"ar","potentialAction":[{"@type":"ReadAction","target":["https:\/\/vitablanca.ma\/produit\/8882-stick-levres-haute-protection-spf30-4g\/"]}]},{"@type":"ImageObject","inLanguage":"ar","@id":"https:\/\/vitablanca.ma\/produit\/8882-stick-levres-haute-protection-spf30-4g\/#primaryimage","url":"https:\/\/vitablanca.ma\/wp-content\/uploads\/2025\/06\/8882-Stick-Levres-Haute-Protection-SPF30-4g-nova-parapharmacie-casablanca.jpg","contentUrl":"https:\/\/vitablanca.ma\/wp-content\/uploads\/2025\/06\/8882-Stick-Levres-Haute-Protection-SPF30-4g-nova-parapharmacie-casablanca.jpg","width":1000,"height":1000},{"@type":"BreadcrumbList","@id":"https:\/\/vitablanca.ma\/produit\/8882-stick-levres-haute-protection-spf30-4g\/#breadcrumb","itemListElement":[{"@type":"ListItem","position":1,"name":"Home","item":"https:\/\/vitablanca.ma\/"},{"@type":"ListItem","position":2,"name":"Tous Les Produits","item":"https:\/\/vitablanca.ma\/tous-les-produits\/"},{"@type":"ListItem","position":3,"name":"8882 Stick L\u00e8vres Haute Protection SPF30 4g"}]},{"@type":"WebSite","@id":"https:\/\/vitablanca.ma\/#website","url":"https:\/\/vitablanca.ma\/","name":"VitaBlanca.ma | \u0627\u0644\u0645\u0643\u0645\u0644\u0627\u062a \u0627\u0644\u063a\u0630\u0627\u0626\u064a\u0629\u060c \u0627\u0644\u0635\u062d\u0629 \u0648\u0627\u0644\u062c\u0645\u0627\u0644 \u0641\u064a \u0627\u0644\u0645\u063a\u0631\u0628","description":"\u0646\u0628\u064a\u0639 \u0641\u064a\u062a\u0627\u0645\u064a\u0646\u0627\u062a \u0648\u0645\u0643\u0645\u0644\u0627\u062a \u063a\u0630\u0627\u0626\u064a\u0629 \u0641\u0627\u062e\u0631\u0629 \u0645\u0646 \u0627\u0644\u0648\u0644\u0627\u064a\u0627\u062a \u0627\u0644\u0645\u062a\u062d\u062f\u0629 \u0627\u0644\u0623\u0645\u0631\u064a\u0643\u064a\u0629 \u0648\u0643\u0646\u062f\u0627 \u0648\u0646\u064a\u0648\u0632\u064a\u0644\u0646\u062f\u0627 \u0648\u0627\u0644\u0645\u063a\u0631\u0628 (\u0646\u0627\u0648 \u0641\u0648\u062f\u0632\u060c \u0633\u0648\u0644\u062c\u0627\u0631\u060c \u0645\u0627\u0646\u0648\u0643\u0627). \u062a\u0648\u0635\u064a\u0644 \u0633\u0631\u064a\u0639 \u0625\u0644\u0649 \u062c\u0645\u064a\u0639 \u0623\u0646\u062d\u0627\u0621 \u0627\u0644\u0645\u063a\u0631\u0628.","publisher":{"@id":"https:\/\/vitablanca.ma\/#organization"},"alternateName":"VitaBlanca.ma","potentialAction":[{"@type":"SearchAction","target":{"@type":"EntryPoint","urlTemplate":"https:\/\/vitablanca.ma\/?s={search_term_string}"},"query-input":{"@type":"PropertyValueSpecification","valueRequired":true,"valueName":"search_term_string"}}],"inLanguage":"ar"},{"@type":"Organization","@id":"https:\/\/vitablanca.ma\/#organization","name":"\u0641\u064a\u062a\u0627\u0628\u0644\u0627\u0646\u0643\u0627","url":"https:\/\/vitablanca.ma\/","logo":{"@type":"ImageObject","inLanguage":"ar","@id":"https:\/\/vitablanca.ma\/#\/schema\/logo\/image\/","url":"https:\/\/vitablanca.ma\/wp-content\/uploads\/2025\/05\/cropped-vitablanca.png","contentUrl":"https:\/\/vitablanca.ma\/wp-content\/uploads\/2025\/05\/cropped-vitablanca.png","width":360,"height":67,"caption":"VitaBlanca"},"image":{"@id":"https:\/\/vitablanca.ma\/#\/schema\/logo\/image\/"},"sameAs":["https:\/\/www.facebook.com\/profile.php?id=61576678196717","https:\/\/www.tiktok.com\/@vitablanca.ma","https:\/\/www.instagram.com\/vitablanca.ma\/"]}]}},"jetpack_sharing_enabled":true,"_links":{"self":[{"href":"https:\/\/vitablanca.ma\/ar\/wp-json\/wp\/v2\/product\/14811","targetHints":{"allow":["GET"]}}],"collection":[{"href":"https:\/\/vitablanca.ma\/ar\/wp-json\/wp\/v2\/product"}],"about":[{"href":"https:\/\/vitablanca.ma\/ar\/wp-json\/wp\/v2\/types\/product"}],"wp:featuredmedia":[{"embeddable":true,"href":"https:\/\/vitablanca.ma\/ar\/wp-json\/wp\/v2\/media\/14810"}],"wp:attachment":[{"href":"https:\/\/vitablanca.ma\/ar\/wp-json\/wp\/v2\/media?parent=14811"}],"wp:term":[{"taxonomy":"product_brand","embeddable":true,"href":"https:\/\/vitablanca.ma\/ar\/wp-json\/wp\/v2\/product_brand?post=14811"},{"taxonomy":"product_cat","embeddable":true,"href":"https:\/\/vitablanca.ma\/ar\/wp-json\/wp\/v2\/product_cat?post=14811"},{"taxonomy":"product_tag","embeddable":true,"href":"https:\/\/vitablanca.ma\/ar\/wp-json\/wp\/v2\/product_tag?post=14811"}],"curies":[{"name":"wp","href":"https:\/\/api.w.org\/{rel}","templated":true}]}}