{"id":14746,"date":"2025-06-06T01:58:50","date_gmt":"2025-06-06T01:58:50","guid":{"rendered":"https:\/\/vitablanca.ma\/?post_type=product&#038;p=14746"},"modified":"2025-12-03T19:31:14","modified_gmt":"2025-12-03T19:31:14","slug":"21st-century-stress-b-et-zinc-66-comprimes-maroc","status":"publish","type":"product","link":"https:\/\/vitablanca.ma\/ar\/product-2\/21st-century-stress-b-et-zinc-66-comprimes-maroc\/","title":{"rendered":"\u0627\u0644\u0642\u0631\u0646 \u0627\u0644\u062d\u0627\u062f\u064a \u0648\u0627\u0644\u0639\u0634\u0631\u064a\u0646 - \u0641\u064a\u062a\u0627\u0645\u064a\u0646 \u0628 \u0648\u0627\u0644\u0632\u0646\u0643 - 66 \u0642\u0631\u0635\u064b\u0627"},"content":{"rendered":"<p>\u0642\u062f \u062a\u064f\u0631\u0647\u0642 \u0623\u0648\u0642\u0627\u062a \u0627\u0644\u062a\u0648\u062a\u0631 \u0627\u0644\u062c\u0633\u0645. \u0645\u0639 \u0627\u062a\u0628\u0627\u0639 \u0646\u0638\u0627\u0645 \u063a\u0630\u0627\u0626\u064a \u0635\u062d\u064a \u0648\u0631\u0627\u062d\u0629 \u0643\u0627\u0641\u064a\u0629\u060c \u064a\u064f\u0633\u0627\u0639\u062f 21st Century Stress B \u0639\u0644\u0649 \u062a\u0648\u0641\u064a\u0631 \u0627\u0644\u062f\u0639\u0645 \u0627\u0644\u063a\u0630\u0627\u0626\u064a \u0627\u0644\u0625\u0636\u0627\u0641\u064a \u0627\u0644\u0630\u064a \u0642\u062f \u064a\u062d\u062a\u0627\u062c\u0647 \u062c\u0633\u0645\u0643.&nbsp;<\/p>\n\n\n\n<p>\u0627\u0644\u0627\u0633\u062a\u062e\u062f\u0627\u0645 \u0627\u0644\u0645\u0642\u062a\u0631\u062d&nbsp;<\/p>\n\n\n\n<p>\u0643\u0645\u0643\u0645\u0644 \u0641\u064a\u062a\u0627\u0645\u064a\u0646\u064a \u0644\u0644\u0628\u0627\u0644\u063a\u064a\u0646\u060c \u062a\u0646\u0627\u0648\u0644 \u0642\u0631\u0635\u064b\u0627 \u0648\u0627\u062d\u062f\u064b\u0627 (1) \u064a\u0648\u0645\u064a\u064b\u0627 \u0645\u0639 \u0648\u062c\u0628\u0629 \u0627\u0644\u0637\u0639\u0627\u0645.&nbsp;<\/p>","protected":false},"excerpt":{"rendered":"<ul>\n<li>\u062f\u0639\u0645 \u0627\u0644\u0637\u0627\u0642\u0629 \u0648\u0627\u0644\u0645\u0646\u0627\u0639\u0629<\/li>\n<li>\u0645\u0643\u0645\u0644\u0627\u062a \u0627\u0644\u0641\u064a\u062a\u0627\u0645\u064a\u0646\u0627\u062a \u0648\u0627\u0644\u0645\u0639\u0627\u062f\u0646<\/li>\n<li>\u062e\u0627\u0644\u064a \u0645\u0646 \u0627\u0644\u063a\u0644\u0648\u062a\u064a\u0646<\/li>\n<li>\u0644\u0627 \u064a\u062d\u062a\u0648\u064a \u0639\u0644\u0649 \u062e\u0645\u064a\u0631\u0629 \u0645\u0636\u0627\u0641\u0629 \u0623\u0648 \u0645\u0648\u0627\u062f \u062d\u0627\u0641\u0638\u0629<\/li>\n<li>\u0627\u0644\u062c\u0648\u062f\u0629 \u0645\u0636\u0645\u0648\u0646\u0629 \u0645\u0646 \u062e\u0644\u0627\u0644 \u0627\u0644\u0627\u062e\u062a\u0628\u0627\u0631\u0627\u062a \u0627\u0644\u0645\u0639\u0645\u0644\u064a\u0629<\/li>\n<li>\u064a\u0645\u0643\u0646 \u0623\u0646 \u062a\u0643\u0648\u0646 \u0641\u062a\u0631\u0627\u062a \u0627\u0644\u062a\u0648\u062a\u0631 \u0635\u0639\u0628\u0629 \u0639\u0644\u0649 \u0627\u0644\u062c\u0633\u0645.<\/li>\n<li>\u0645\u0639 \u0627\u062a\u0628\u0627\u0639 \u0646\u0638\u0627\u0645 \u063a\u0630\u0627\u0626\u064a \u0635\u062d\u064a \u0648\u0627\u0644\u062d\u0635\u0648\u0644 \u0639\u0644\u0649 \u0642\u0633\u0637 \u0648\u0627\u0641\u0631 \u0645\u0646 \u0627\u0644\u0631\u0627\u062d\u0629<\/li>\n<li>\u062a\u0648\u0641\u064a\u0631 \u0627\u0644\u062f\u0639\u0645 \u0627\u0644\u063a\u0630\u0627\u0626\u064a \u0627\u0644\u0625\u0636\u0627\u0641\u064a \u0627\u0644\u0630\u064a \u0642\u062f \u064a\u062d\u062a\u0627\u062c\u0647 \u062c\u0633\u0645\u0643.<\/li>\n<\/ul>","protected":false},"featured_media":14747,"template":"","meta":{"om_disable_all_campaigns":false},"product_brand":[2417],"product_cat":[18,3366,19,1992],"product_tag":[2468,771,857,2466],"class_list":{"0":"post-14746","1":"product","2":"type-product","3":"status-publish","4":"has-post-thumbnail","6":"product_brand-21st-century-maroc-prix","7":"product_cat-beaute-sante","8":"product_cat-complements-alimentaires-au-maroc-vitablanca","9":"product_cat-vitamines-supplements-dietetiques","10":"product_cat-zinc-mineraux","11":"product_tag-21st-century-stress-b-zinc-prix-maroc","12":"product_tag-anti-stress-naturel","13":"product_tag-complement-zinc-maroc","14":"product_tag-vitamines-b-stress-maroc","16":"first","17":"instock","18":"sale","19":"taxable","20":"shipping-taxable","21":"purchasable","22":"product-type-simple"},"yoast_head":"<!-- This site is optimized with the Yoast SEO plugin v27.4 - https:\/\/yoast.com\/product\/yoast-seo-wordpress\/ -->\n<title>21st century stress b et zinc 66 comprimes - Maroc Prix<\/title>\n<meta name=\"description\" content=\"Achetez 21st Century Stress B + Zinc au Maroc. sont formul\u00e9s pour soutenir votre \u00e9nergie, votre syst\u00e8me immunitaire et aider \u00e0 g\u00e9rer les effets du stress.\" \/>\n<meta name=\"robots\" content=\"index, follow, max-snippet:-1, max-image-preview:large, max-video-preview:-1\" \/>\n<link rel=\"canonical\" href=\"https:\/\/vitablanca.ma\/ar\/product-2\/21st-century-stress-b-et-zinc-66-comprimes-maroc\/\" \/>\n<meta property=\"og:locale\" content=\"ar_AR\" \/>\n<meta property=\"og:type\" content=\"article\" \/>\n<meta property=\"og:title\" content=\"21st century stress b et zinc 66 comprimes - Maroc Prix\" \/>\n<meta property=\"og:description\" content=\"Achetez 21st Century Stress B + Zinc au Maroc. sont formul\u00e9s pour soutenir votre \u00e9nergie, votre syst\u00e8me immunitaire et aider \u00e0 g\u00e9rer les effets du stress.\" \/>\n<meta property=\"og:url\" content=\"https:\/\/vitablanca.ma\/ar\/product-2\/21st-century-stress-b-et-zinc-66-comprimes-maroc\/\" \/>\n<meta property=\"og:site_name\" content=\"Vitablanca.ma &ndash; Sant&eacute;, vitalit&eacute; et bien-&ecirc;tre pour tous les Marocains\" \/>\n<meta property=\"article:publisher\" content=\"https:\/\/www.facebook.com\/profile.php?id=61576678196717\" \/>\n<meta property=\"article:modified_time\" content=\"2025-12-03T19:31:14+00:00\" \/>\n<meta property=\"og:image\" content=\"https:\/\/vitablanca.ma\/wp-content\/uploads\/2025\/06\/21st-century-stress-b-et-zinc-66-comprimes-.jpg\" \/>\n\t<meta property=\"og:image:width\" content=\"680\" \/>\n\t<meta property=\"og:image:height\" content=\"680\" \/>\n\t<meta property=\"og:image:type\" content=\"image\/jpeg\" \/>\n<meta name=\"twitter:card\" content=\"summary_large_image\" \/>\n<meta name=\"twitter:label1\" content=\"\u0648\u0642\u062a \u0627\u0644\u0642\u0631\u0627\u0621\u0629 \u0627\u0644\u0645\u064f\u0642\u062f\u0651\u0631\" \/>\n\t<meta name=\"twitter:data1\" content=\"\u062f\u0642\u064a\u0642\u0629 \u0648\u0627\u062d\u062f\u0629\" \/>\n<script type=\"application\/ld+json\" class=\"yoast-schema-graph\">{\"@context\":\"https:\\\/\\\/schema.org\",\"@graph\":[{\"@type\":[\"WebPage\",\"ItemPage\"],\"@id\":\"https:\\\/\\\/vitablanca.ma\\\/produit\\\/21st-century-stress-b-et-zinc-66-comprimes-maroc\\\/\",\"url\":\"https:\\\/\\\/vitablanca.ma\\\/produit\\\/21st-century-stress-b-et-zinc-66-comprimes-maroc\\\/\",\"name\":\"21st century stress b et zinc 66 comprimes - Maroc Prix\",\"isPartOf\":{\"@id\":\"https:\\\/\\\/vitablanca.ma\\\/#website\"},\"primaryImageOfPage\":{\"@id\":\"https:\\\/\\\/vitablanca.ma\\\/produit\\\/21st-century-stress-b-et-zinc-66-comprimes-maroc\\\/#primaryimage\"},\"image\":{\"@id\":\"https:\\\/\\\/vitablanca.ma\\\/produit\\\/21st-century-stress-b-et-zinc-66-comprimes-maroc\\\/#primaryimage\"},\"thumbnailUrl\":\"https:\\\/\\\/vitablanca.ma\\\/wp-content\\\/uploads\\\/2025\\\/06\\\/21st-century-stress-b-et-zinc-66-comprimes-.jpg\",\"datePublished\":\"2025-06-06T01:58:50+00:00\",\"dateModified\":\"2025-12-03T19:31:14+00:00\",\"description\":\"Achetez 21st Century Stress B + Zinc au Maroc. sont formul\u00e9s pour soutenir votre \u00e9nergie, votre syst\u00e8me immunitaire et aider \u00e0 g\u00e9rer les effets du stress.\",\"breadcrumb\":{\"@id\":\"https:\\\/\\\/vitablanca.ma\\\/produit\\\/21st-century-stress-b-et-zinc-66-comprimes-maroc\\\/#breadcrumb\"},\"inLanguage\":\"ar\",\"potentialAction\":[{\"@type\":\"ReadAction\",\"target\":[\"https:\\\/\\\/vitablanca.ma\\\/produit\\\/21st-century-stress-b-et-zinc-66-comprimes-maroc\\\/\"]}]},{\"@type\":\"ImageObject\",\"inLanguage\":\"ar\",\"@id\":\"https:\\\/\\\/vitablanca.ma\\\/produit\\\/21st-century-stress-b-et-zinc-66-comprimes-maroc\\\/#primaryimage\",\"url\":\"https:\\\/\\\/vitablanca.ma\\\/wp-content\\\/uploads\\\/2025\\\/06\\\/21st-century-stress-b-et-zinc-66-comprimes-.jpg\",\"contentUrl\":\"https:\\\/\\\/vitablanca.ma\\\/wp-content\\\/uploads\\\/2025\\\/06\\\/21st-century-stress-b-et-zinc-66-comprimes-.jpg\",\"width\":680,\"height\":680},{\"@type\":\"BreadcrumbList\",\"@id\":\"https:\\\/\\\/vitablanca.ma\\\/produit\\\/21st-century-stress-b-et-zinc-66-comprimes-maroc\\\/#breadcrumb\",\"itemListElement\":[{\"@type\":\"ListItem\",\"position\":1,\"name\":\"Home\",\"item\":\"https:\\\/\\\/vitablanca.ma\\\/\"},{\"@type\":\"ListItem\",\"position\":2,\"name\":\"Tous Les Produits\",\"item\":\"https:\\\/\\\/vitablanca.ma\\\/tous-les-produits\\\/\"},{\"@type\":\"ListItem\",\"position\":3,\"name\":\"21st century stress b et zinc 66 comprimes\"}]},{\"@type\":\"WebSite\",\"@id\":\"https:\\\/\\\/vitablanca.ma\\\/#website\",\"url\":\"https:\\\/\\\/vitablanca.ma\\\/\",\"name\":\"VitaBlanca.ma | Compl\u00e9ments alimentaires, sant\u00e9 & beaut\u00e9 au Maroc\",\"description\":\"vendre vitamines et compl\u00e9ments premium des USA &amp; Canada, Nouvelle Z\u00e9lande,Maroc (NOW Foods, Solgar, Manuka). Livraison rapide partout au Maroc.\",\"publisher\":{\"@id\":\"https:\\\/\\\/vitablanca.ma\\\/#organization\"},\"alternateName\":\"VitaBlanca.ma\",\"potentialAction\":[{\"@type\":\"SearchAction\",\"target\":{\"@type\":\"EntryPoint\",\"urlTemplate\":\"https:\\\/\\\/vitablanca.ma\\\/?s={search_term_string}\"},\"query-input\":{\"@type\":\"PropertyValueSpecification\",\"valueRequired\":true,\"valueName\":\"search_term_string\"}}],\"inLanguage\":\"ar\"},{\"@type\":\"Organization\",\"@id\":\"https:\\\/\\\/vitablanca.ma\\\/#organization\",\"name\":\"VitaBlanca\",\"url\":\"https:\\\/\\\/vitablanca.ma\\\/\",\"logo\":{\"@type\":\"ImageObject\",\"inLanguage\":\"ar\",\"@id\":\"https:\\\/\\\/vitablanca.ma\\\/#\\\/schema\\\/logo\\\/image\\\/\",\"url\":\"https:\\\/\\\/vitablanca.ma\\\/wp-content\\\/uploads\\\/2025\\\/05\\\/cropped-vitablanca.png\",\"contentUrl\":\"https:\\\/\\\/vitablanca.ma\\\/wp-content\\\/uploads\\\/2025\\\/05\\\/cropped-vitablanca.png\",\"width\":360,\"height\":67,\"caption\":\"VitaBlanca\"},\"image\":{\"@id\":\"https:\\\/\\\/vitablanca.ma\\\/#\\\/schema\\\/logo\\\/image\\\/\"},\"sameAs\":[\"https:\\\/\\\/www.facebook.com\\\/profile.php?id=61576678196717\",\"https:\\\/\\\/www.tiktok.com\\\/@vitablanca.ma\",\"https:\\\/\\\/www.instagram.com\\\/vitablanca.ma\\\/\"]}]}<\/script>\n<!-- \/ Yoast SEO plugin. -->","yoast_head_json":{"title":"21st Century Stress B and Zinc 66 Tablets - \u0633\u0639\u0631 \u0627\u0644\u0645\u063a\u0631\u0628","description":"Achetez 21st Century Stress B + Zinc au Maroc. sont formul\u00e9s pour soutenir votre \u00e9nergie, votre syst\u00e8me immunitaire et aider \u00e0 g\u00e9rer les effets du stress.","robots":{"index":"index","follow":"follow","max-snippet":"max-snippet:-1","max-image-preview":"max-image-preview:large","max-video-preview":"max-video-preview:-1"},"canonical":"https:\/\/vitablanca.ma\/ar\/product-2\/21st-century-stress-b-et-zinc-66-comprimes-maroc\/","og_locale":"ar_AR","og_type":"article","og_title":"21st century stress b et zinc 66 comprimes - Maroc Prix","og_description":"Achetez 21st Century Stress B + Zinc au Maroc. sont formul\u00e9s pour soutenir votre \u00e9nergie, votre syst\u00e8me immunitaire et aider \u00e0 g\u00e9rer les effets du stress.","og_url":"https:\/\/vitablanca.ma\/ar\/product-2\/21st-century-stress-b-et-zinc-66-comprimes-maroc\/","og_site_name":"Vitablanca.ma &ndash; Sant&eacute;, vitalit&eacute; et bien-&ecirc;tre pour tous les Marocains","article_publisher":"https:\/\/www.facebook.com\/profile.php?id=61576678196717","article_modified_time":"2025-12-03T19:31:14+00:00","og_image":[{"width":680,"height":680,"url":"https:\/\/vitablanca.ma\/wp-content\/uploads\/2025\/06\/21st-century-stress-b-et-zinc-66-comprimes-.jpg","type":"image\/jpeg"}],"twitter_card":"summary_large_image","twitter_misc":{"\u0648\u0642\u062a \u0627\u0644\u0642\u0631\u0627\u0621\u0629 \u0627\u0644\u0645\u064f\u0642\u062f\u0651\u0631":"\u062f\u0642\u064a\u0642\u0629 \u0648\u0627\u062d\u062f\u0629"},"schema":{"@context":"https:\/\/schema.org","@graph":[{"@type":["WebPage","ItemPage"],"@id":"https:\/\/vitablanca.ma\/produit\/21st-century-stress-b-et-zinc-66-comprimes-maroc\/","url":"https:\/\/vitablanca.ma\/produit\/21st-century-stress-b-et-zinc-66-comprimes-maroc\/","name":"21st Century Stress B and Zinc 66 Tablets - \u0633\u0639\u0631 \u0627\u0644\u0645\u063a\u0631\u0628","isPartOf":{"@id":"https:\/\/vitablanca.ma\/#website"},"primaryImageOfPage":{"@id":"https:\/\/vitablanca.ma\/produit\/21st-century-stress-b-et-zinc-66-comprimes-maroc\/#primaryimage"},"image":{"@id":"https:\/\/vitablanca.ma\/produit\/21st-century-stress-b-et-zinc-66-comprimes-maroc\/#primaryimage"},"thumbnailUrl":"https:\/\/vitablanca.ma\/wp-content\/uploads\/2025\/06\/21st-century-stress-b-et-zinc-66-comprimes-.jpg","datePublished":"2025-06-06T01:58:50+00:00","dateModified":"2025-12-03T19:31:14+00:00","description":"Achetez 21st Century Stress B + Zinc au Maroc. sont formul\u00e9s pour soutenir votre \u00e9nergie, votre syst\u00e8me immunitaire et aider \u00e0 g\u00e9rer les effets du stress.","breadcrumb":{"@id":"https:\/\/vitablanca.ma\/produit\/21st-century-stress-b-et-zinc-66-comprimes-maroc\/#breadcrumb"},"inLanguage":"ar","potentialAction":[{"@type":"ReadAction","target":["https:\/\/vitablanca.ma\/produit\/21st-century-stress-b-et-zinc-66-comprimes-maroc\/"]}]},{"@type":"ImageObject","inLanguage":"ar","@id":"https:\/\/vitablanca.ma\/produit\/21st-century-stress-b-et-zinc-66-comprimes-maroc\/#primaryimage","url":"https:\/\/vitablanca.ma\/wp-content\/uploads\/2025\/06\/21st-century-stress-b-et-zinc-66-comprimes-.jpg","contentUrl":"https:\/\/vitablanca.ma\/wp-content\/uploads\/2025\/06\/21st-century-stress-b-et-zinc-66-comprimes-.jpg","width":680,"height":680},{"@type":"BreadcrumbList","@id":"https:\/\/vitablanca.ma\/produit\/21st-century-stress-b-et-zinc-66-comprimes-maroc\/#breadcrumb","itemListElement":[{"@type":"ListItem","position":1,"name":"Home","item":"https:\/\/vitablanca.ma\/"},{"@type":"ListItem","position":2,"name":"Tous Les Produits","item":"https:\/\/vitablanca.ma\/tous-les-produits\/"},{"@type":"ListItem","position":3,"name":"21st century stress b et zinc 66 comprimes"}]},{"@type":"WebSite","@id":"https:\/\/vitablanca.ma\/#website","url":"https:\/\/vitablanca.ma\/","name":"VitaBlanca.ma | \u0627\u0644\u0645\u0643\u0645\u0644\u0627\u062a \u0627\u0644\u063a\u0630\u0627\u0626\u064a\u0629\u060c \u0627\u0644\u0635\u062d\u0629 \u0648\u0627\u0644\u062c\u0645\u0627\u0644 \u0641\u064a \u0627\u0644\u0645\u063a\u0631\u0628","description":"\u0646\u0628\u064a\u0639 \u0641\u064a\u062a\u0627\u0645\u064a\u0646\u0627\u062a \u0648\u0645\u0643\u0645\u0644\u0627\u062a \u063a\u0630\u0627\u0626\u064a\u0629 \u0641\u0627\u062e\u0631\u0629 \u0645\u0646 \u0627\u0644\u0648\u0644\u0627\u064a\u0627\u062a \u0627\u0644\u0645\u062a\u062d\u062f\u0629 \u0627\u0644\u0623\u0645\u0631\u064a\u0643\u064a\u0629 \u0648\u0643\u0646\u062f\u0627 \u0648\u0646\u064a\u0648\u0632\u064a\u0644\u0646\u062f\u0627 \u0648\u0627\u0644\u0645\u063a\u0631\u0628 (\u0646\u0627\u0648 \u0641\u0648\u062f\u0632\u060c \u0633\u0648\u0644\u062c\u0627\u0631\u060c \u0645\u0627\u0646\u0648\u0643\u0627). \u062a\u0648\u0635\u064a\u0644 \u0633\u0631\u064a\u0639 \u0625\u0644\u0649 \u062c\u0645\u064a\u0639 \u0623\u0646\u062d\u0627\u0621 \u0627\u0644\u0645\u063a\u0631\u0628.","publisher":{"@id":"https:\/\/vitablanca.ma\/#organization"},"alternateName":"VitaBlanca.ma","potentialAction":[{"@type":"SearchAction","target":{"@type":"EntryPoint","urlTemplate":"https:\/\/vitablanca.ma\/?s={search_term_string}"},"query-input":{"@type":"PropertyValueSpecification","valueRequired":true,"valueName":"search_term_string"}}],"inLanguage":"ar"},{"@type":"Organization","@id":"https:\/\/vitablanca.ma\/#organization","name":"\u0641\u064a\u062a\u0627\u0628\u0644\u0627\u0646\u0643\u0627","url":"https:\/\/vitablanca.ma\/","logo":{"@type":"ImageObject","inLanguage":"ar","@id":"https:\/\/vitablanca.ma\/#\/schema\/logo\/image\/","url":"https:\/\/vitablanca.ma\/wp-content\/uploads\/2025\/05\/cropped-vitablanca.png","contentUrl":"https:\/\/vitablanca.ma\/wp-content\/uploads\/2025\/05\/cropped-vitablanca.png","width":360,"height":67,"caption":"VitaBlanca"},"image":{"@id":"https:\/\/vitablanca.ma\/#\/schema\/logo\/image\/"},"sameAs":["https:\/\/www.facebook.com\/profile.php?id=61576678196717","https:\/\/www.tiktok.com\/@vitablanca.ma","https:\/\/www.instagram.com\/vitablanca.ma\/"]}]}},"jetpack_sharing_enabled":true,"_links":{"self":[{"href":"https:\/\/vitablanca.ma\/ar\/wp-json\/wp\/v2\/product\/14746","targetHints":{"allow":["GET"]}}],"collection":[{"href":"https:\/\/vitablanca.ma\/ar\/wp-json\/wp\/v2\/product"}],"about":[{"href":"https:\/\/vitablanca.ma\/ar\/wp-json\/wp\/v2\/types\/product"}],"wp:featuredmedia":[{"embeddable":true,"href":"https:\/\/vitablanca.ma\/ar\/wp-json\/wp\/v2\/media\/14747"}],"wp:attachment":[{"href":"https:\/\/vitablanca.ma\/ar\/wp-json\/wp\/v2\/media?parent=14746"}],"wp:term":[{"taxonomy":"product_brand","embeddable":true,"href":"https:\/\/vitablanca.ma\/ar\/wp-json\/wp\/v2\/product_brand?post=14746"},{"taxonomy":"product_cat","embeddable":true,"href":"https:\/\/vitablanca.ma\/ar\/wp-json\/wp\/v2\/product_cat?post=14746"},{"taxonomy":"product_tag","embeddable":true,"href":"https:\/\/vitablanca.ma\/ar\/wp-json\/wp\/v2\/product_tag?post=14746"}],"curies":[{"name":"wp","href":"https:\/\/api.w.org\/{rel}","templated":true}]}}