{"id":14489,"date":"2025-06-04T20:06:27","date_gmt":"2025-06-04T20:06:27","guid":{"rendered":"https:\/\/vitablanca.ma\/?post_type=product&#038;p=14489"},"modified":"2026-02-24T23:26:15","modified_gmt":"2026-02-24T23:26:15","slug":"solaray-melange-dhormones-feminines-sp-7c-180-capsules-vegetariennes-maroc","status":"publish","type":"product","link":"https:\/\/vitablanca.ma\/ar\/product-2\/solaray-melange-dhormones-feminines-sp-7c-180-capsules-vegetariennes-maroc\/","title":{"rendered":"\u0645\u0632\u064a\u062c \u0647\u0631\u0645\u0648\u0646\u0627\u062a \u0627\u0644\u0623\u0646\u062b\u0649 \u0633\u0648\u0644\u0627\u0631\u0627\u064a SP-7C\u060c 180 \u0643\u0628\u0633\u0648\u0644\u0629 \u0646\u0628\u0627\u062a\u064a\u0629"},"content":{"rendered":"<p>M\u00e9lange d\u2019herbes traditionnellement utilis\u00e9es pour favoriser un \u00e9quilibre f\u00e9minin sain, le m\u00e9lange d\u2019hormones f\u00e9minines Solaray SP-7C peut aider \u00e0 fournir un soutien puissant \u00e0 la quarantaine. L\u2019act\u00e9e \u00e0 grappes noires, originaire d\u2019Am\u00e9rique du Nord, \u00e9tait historiquement utilis\u00e9e par les Am\u00e9rindiens pour aider \u00e0 fournir un soutien pendant les menstruations et la m\u00e9nopause, tandis que le dong quai a \u00e9t\u00e9 utilis\u00e9 dans les rem\u00e8des traditionnels chinois pour un soutien apaisant et r\u00e9confortant.<\/p>\r\n\r\n\r\n\r\n<p>Notre m\u00e9lange sp\u00e9cial comprend \u00e9galement de la fleur de la passion, de la framboise rouge, du fenugrec, de la r\u00e9glisse, de l\u2019\u00e9corce de crampe, de la camomille, du palmier nain, de l\u2019igname sauvag, du noyer cendr\u00e9 et du varech ainsi que des sels min\u00e9raux ajout\u00e9s pour un soutien accru.<\/p>\r\n\r\n\r\n\r\n<p>Faites confiance \u00e0 Female Hormone Blend pour faire briller votre f\u00e9minit\u00e9 !<\/p>","protected":false},"excerpt":{"rendered":"<ul>\n<li>\u062e\u0627\u0644\u064a\u0629 \u0645\u0646 \u0627\u0644\u0643\u0627\u0626\u0646\u0627\u062a \u0627\u0644\u0645\u0639\u062f\u0644\u0629 \u0648\u0631\u0627\u062b\u064a\u064b\u0627<\/li>\n<li>100 % \u0646\u0628\u0627\u062a\u064a<\/li>\n<li>\u0645\u0643\u0645\u0644 \u063a\u0630\u0627\u0626\u064a<\/li>\n<li>Act\u00e9e \u00e0 grappe noire<\/li>\n<li>Avec des nutriments hom\u00e9opathiques<\/li>\n<li>Contr\u00f4l\u00e9 en laboratoire<\/li>\n<li>Herbes cultiv\u00e9es au soleil pour un \u00e9clat f\u00e9minin.<\/li>\n<\/ul>","protected":false},"featured_media":23008,"template":"","meta":{"om_disable_all_campaigns":false},"product_brand":[673],"product_cat":[18,3366,104,19],"product_tag":[2344,2347,2350,2340,2349,2345,2341,2342,2343,242,220,2831,2346,2348],"class_list":{"0":"post-14489","1":"product","2":"type-product","3":"status-publish","4":"has-post-thumbnail","6":"product_brand-solaray-maroc-prix","7":"product_cat-beaute-sante","8":"product_cat-complements-alimentaires-au-maroc-vitablanca","9":"product_cat-supplements-a-base-de-plantes","10":"product_cat-vitamines-supplements-dietetiques","11":"product_tag-180-capsules-vegetariennes","12":"product_tag-contient-dong-quai","13":"product_tag-convient-aux-femmes-de-tous-ages","14":"product_tag-et-autres-plantes-adaptogenes","15":"product_tag-fabrique-aux-etats-unis","16":"product_tag-formule-complete-pour-lequilibre-hormonal-feminin","17":"product_tag-igname-sauvage","18":"product_tag-pissenlit","19":"product_tag-reglisse","20":"product_tag-sans-gluten","21":"product_tag-sans-ogm","22":"product_tag-solaray","23":"product_tag-soulage-les-symptomes-de-la-menopause-et-du-spm","24":"product_tag-soutient-les-cycles-menstruels-irreguliers","26":"first","27":"instock","28":"sale","29":"taxable","30":"shipping-taxable","31":"purchasable","32":"product-type-simple"},"yoast_head":"<!-- This site is optimized with the Yoast SEO plugin v27.5 - https:\/\/yoast.com\/product\/yoast-seo-wordpress\/ -->\n<title>Solaray M\u00e9lange d&#039;hormones f\u00e9minines SP-7C 180 capsules - Maroc<\/title>\n<meta name=\"description\" content=\"Achetez Solaray M\u00e9lange d&#039;Hormones F\u00e9minines SP-7C au Maroc. Ces 180 capsules soutiennent l&#039;\u00e9quilibre hormonal f\u00e9minin,\u00c9quilibre Hormonal au Maroc\" \/>\n<meta name=\"robots\" content=\"index, follow, max-snippet:-1, max-image-preview:large, max-video-preview:-1\" \/>\n<link rel=\"canonical\" href=\"https:\/\/vitablanca.ma\/ar\/product-2\/solaray-melange-dhormones-feminines-sp-7c-180-capsules-vegetariennes-maroc\/\" \/>\n<meta property=\"og:locale\" content=\"ar_AR\" \/>\n<meta property=\"og:type\" content=\"article\" \/>\n<meta property=\"og:title\" content=\"Solaray M\u00e9lange d&#039;hormones f\u00e9minines SP-7C 180 capsules - Maroc\" \/>\n<meta property=\"og:description\" content=\"Achetez Solaray M\u00e9lange d&#039;Hormones F\u00e9minines SP-7C au Maroc. Ces 180 capsules soutiennent l&#039;\u00e9quilibre hormonal f\u00e9minin,\u00c9quilibre Hormonal au Maroc\" \/>\n<meta property=\"og:url\" content=\"https:\/\/vitablanca.ma\/ar\/product-2\/solaray-melange-dhormones-feminines-sp-7c-180-capsules-vegetariennes-maroc\/\" \/>\n<meta property=\"og:site_name\" content=\"Vitablanca.ma &ndash; Sant&eacute;, vitalit&eacute; et bien-&ecirc;tre pour tous les Marocains\" \/>\n<meta property=\"article:publisher\" content=\"https:\/\/www.facebook.com\/profile.php?id=61576678196717\" \/>\n<meta property=\"article:modified_time\" content=\"2026-02-24T23:26:15+00:00\" \/>\n<meta property=\"og:image\" content=\"https:\/\/vitablanca.ma\/wp-content\/uploads\/2025\/06\/Magnesium_2024_1400_x787_002.jpg\" \/>\n\t<meta property=\"og:image:width\" content=\"950\" \/>\n\t<meta property=\"og:image:height\" content=\"534\" \/>\n\t<meta property=\"og:image:type\" content=\"image\/jpeg\" \/>\n<meta name=\"twitter:card\" content=\"summary_large_image\" \/>\n<meta name=\"twitter:label1\" content=\"\u0648\u0642\u062a \u0627\u0644\u0642\u0631\u0627\u0621\u0629 \u0627\u0644\u0645\u064f\u0642\u062f\u0651\u0631\" \/>\n\t<meta name=\"twitter:data1\" content=\"\u062f\u0642\u064a\u0642\u0629 \u0648\u0627\u062d\u062f\u0629\" \/>\n<script type=\"application\/ld+json\" class=\"yoast-schema-graph\">{\"@context\":\"https:\\\/\\\/schema.org\",\"@graph\":[{\"@type\":[\"WebPage\",\"ItemPage\"],\"@id\":\"https:\\\/\\\/vitablanca.ma\\\/produit\\\/solaray-melange-dhormones-feminines-sp-7c-180-capsules-vegetariennes-maroc\\\/\",\"url\":\"https:\\\/\\\/vitablanca.ma\\\/produit\\\/solaray-melange-dhormones-feminines-sp-7c-180-capsules-vegetariennes-maroc\\\/\",\"name\":\"Solaray M\u00e9lange d'hormones f\u00e9minines SP-7C 180 capsules - Maroc\",\"isPartOf\":{\"@id\":\"https:\\\/\\\/vitablanca.ma\\\/#website\"},\"primaryImageOfPage\":{\"@id\":\"https:\\\/\\\/vitablanca.ma\\\/produit\\\/solaray-melange-dhormones-feminines-sp-7c-180-capsules-vegetariennes-maroc\\\/#primaryimage\"},\"image\":{\"@id\":\"https:\\\/\\\/vitablanca.ma\\\/produit\\\/solaray-melange-dhormones-feminines-sp-7c-180-capsules-vegetariennes-maroc\\\/#primaryimage\"},\"thumbnailUrl\":\"https:\\\/\\\/vitablanca.ma\\\/wp-content\\\/uploads\\\/2025\\\/06\\\/73.avif\",\"datePublished\":\"2025-06-04T20:06:27+00:00\",\"dateModified\":\"2026-02-24T23:26:15+00:00\",\"description\":\"Achetez Solaray M\u00e9lange d'Hormones F\u00e9minines SP-7C au Maroc. Ces 180 capsules soutiennent l'\u00e9quilibre hormonal f\u00e9minin,\u00c9quilibre Hormonal au Maroc\",\"breadcrumb\":{\"@id\":\"https:\\\/\\\/vitablanca.ma\\\/produit\\\/solaray-melange-dhormones-feminines-sp-7c-180-capsules-vegetariennes-maroc\\\/#breadcrumb\"},\"inLanguage\":\"ar\",\"potentialAction\":[{\"@type\":\"ReadAction\",\"target\":[\"https:\\\/\\\/vitablanca.ma\\\/produit\\\/solaray-melange-dhormones-feminines-sp-7c-180-capsules-vegetariennes-maroc\\\/\"]}]},{\"@type\":\"ImageObject\",\"inLanguage\":\"ar\",\"@id\":\"https:\\\/\\\/vitablanca.ma\\\/produit\\\/solaray-melange-dhormones-feminines-sp-7c-180-capsules-vegetariennes-maroc\\\/#primaryimage\",\"url\":\"https:\\\/\\\/vitablanca.ma\\\/wp-content\\\/uploads\\\/2025\\\/06\\\/73.avif\",\"contentUrl\":\"https:\\\/\\\/vitablanca.ma\\\/wp-content\\\/uploads\\\/2025\\\/06\\\/73.avif\",\"width\":1600,\"height\":1600,\"caption\":\"Solaray M\u00e9lange d'hormones f\u00e9minines SP-7C, 180 capsules v\u00e9g\u00e9tariennes\"},{\"@type\":\"BreadcrumbList\",\"@id\":\"https:\\\/\\\/vitablanca.ma\\\/produit\\\/solaray-melange-dhormones-feminines-sp-7c-180-capsules-vegetariennes-maroc\\\/#breadcrumb\",\"itemListElement\":[{\"@type\":\"ListItem\",\"position\":1,\"name\":\"Home\",\"item\":\"https:\\\/\\\/vitablanca.ma\\\/\"},{\"@type\":\"ListItem\",\"position\":2,\"name\":\"Tous Les Produits\",\"item\":\"https:\\\/\\\/vitablanca.ma\\\/tous-les-produits\\\/\"},{\"@type\":\"ListItem\",\"position\":3,\"name\":\"Solaray M\u00e9lange d&#8217;hormones f\u00e9minines SP-7C, 180 capsules v\u00e9g\u00e9tariennes\"}]},{\"@type\":\"WebSite\",\"@id\":\"https:\\\/\\\/vitablanca.ma\\\/#website\",\"url\":\"https:\\\/\\\/vitablanca.ma\\\/\",\"name\":\"VitaBlanca.ma | Compl\u00e9ments alimentaires, sant\u00e9 & beaut\u00e9 au Maroc\",\"description\":\"vendre vitamines et compl\u00e9ments premium des USA &amp; Canada, Nouvelle Z\u00e9lande,Maroc (NOW Foods, Solgar, Manuka). Livraison rapide partout au Maroc.\",\"publisher\":{\"@id\":\"https:\\\/\\\/vitablanca.ma\\\/#organization\"},\"alternateName\":\"VitaBlanca.ma\",\"potentialAction\":[{\"@type\":\"SearchAction\",\"target\":{\"@type\":\"EntryPoint\",\"urlTemplate\":\"https:\\\/\\\/vitablanca.ma\\\/?s={search_term_string}\"},\"query-input\":{\"@type\":\"PropertyValueSpecification\",\"valueRequired\":true,\"valueName\":\"search_term_string\"}}],\"inLanguage\":\"ar\"},{\"@type\":\"Organization\",\"@id\":\"https:\\\/\\\/vitablanca.ma\\\/#organization\",\"name\":\"VitaBlanca\",\"url\":\"https:\\\/\\\/vitablanca.ma\\\/\",\"logo\":{\"@type\":\"ImageObject\",\"inLanguage\":\"ar\",\"@id\":\"https:\\\/\\\/vitablanca.ma\\\/#\\\/schema\\\/logo\\\/image\\\/\",\"url\":\"https:\\\/\\\/vitablanca.ma\\\/wp-content\\\/uploads\\\/2025\\\/05\\\/cropped-vitablanca.png\",\"contentUrl\":\"https:\\\/\\\/vitablanca.ma\\\/wp-content\\\/uploads\\\/2025\\\/05\\\/cropped-vitablanca.png\",\"width\":360,\"height\":67,\"caption\":\"VitaBlanca\"},\"image\":{\"@id\":\"https:\\\/\\\/vitablanca.ma\\\/#\\\/schema\\\/logo\\\/image\\\/\"},\"sameAs\":[\"https:\\\/\\\/www.facebook.com\\\/profile.php?id=61576678196717\",\"https:\\\/\\\/www.tiktok.com\\\/@vitablanca.ma\",\"https:\\\/\\\/www.instagram.com\\\/vitablanca.ma\\\/\"]}]}<\/script>\n<!-- \/ Yoast SEO plugin. -->","yoast_head_json":{"title":"Solaray M\u00e9lange d'hormones f\u00e9minines SP-7C 180 capsules - Maroc","description":"Achetez Solaray M\u00e9lange d'Hormones F\u00e9minines SP-7C au Maroc. Ces 180 capsules soutiennent l'\u00e9quilibre hormonal f\u00e9minin,\u00c9quilibre Hormonal au Maroc","robots":{"index":"index","follow":"follow","max-snippet":"max-snippet:-1","max-image-preview":"max-image-preview:large","max-video-preview":"max-video-preview:-1"},"canonical":"https:\/\/vitablanca.ma\/ar\/product-2\/solaray-melange-dhormones-feminines-sp-7c-180-capsules-vegetariennes-maroc\/","og_locale":"ar_AR","og_type":"article","og_title":"Solaray M\u00e9lange d'hormones f\u00e9minines SP-7C 180 capsules - Maroc","og_description":"Achetez Solaray M\u00e9lange d'Hormones F\u00e9minines SP-7C au Maroc. Ces 180 capsules soutiennent l'\u00e9quilibre hormonal f\u00e9minin,\u00c9quilibre Hormonal au Maroc","og_url":"https:\/\/vitablanca.ma\/ar\/product-2\/solaray-melange-dhormones-feminines-sp-7c-180-capsules-vegetariennes-maroc\/","og_site_name":"Vitablanca.ma &ndash; Sant&eacute;, vitalit&eacute; et bien-&ecirc;tre pour tous les Marocains","article_publisher":"https:\/\/www.facebook.com\/profile.php?id=61576678196717","article_modified_time":"2026-02-24T23:26:15+00:00","og_image":[{"width":950,"height":534,"url":"https:\/\/vitablanca.ma\/wp-content\/uploads\/2025\/06\/Magnesium_2024_1400_x787_002.jpg","type":"image\/jpeg"}],"twitter_card":"summary_large_image","twitter_misc":{"\u0648\u0642\u062a \u0627\u0644\u0642\u0631\u0627\u0621\u0629 \u0627\u0644\u0645\u064f\u0642\u062f\u0651\u0631":"\u062f\u0642\u064a\u0642\u0629 \u0648\u0627\u062d\u062f\u0629"},"schema":{"@context":"https:\/\/schema.org","@graph":[{"@type":["WebPage","ItemPage"],"@id":"https:\/\/vitablanca.ma\/produit\/solaray-melange-dhormones-feminines-sp-7c-180-capsules-vegetariennes-maroc\/","url":"https:\/\/vitablanca.ma\/produit\/solaray-melange-dhormones-feminines-sp-7c-180-capsules-vegetariennes-maroc\/","name":"Solaray M\u00e9lange d'hormones f\u00e9minines SP-7C 180 capsules - Maroc","isPartOf":{"@id":"https:\/\/vitablanca.ma\/#website"},"primaryImageOfPage":{"@id":"https:\/\/vitablanca.ma\/produit\/solaray-melange-dhormones-feminines-sp-7c-180-capsules-vegetariennes-maroc\/#primaryimage"},"image":{"@id":"https:\/\/vitablanca.ma\/produit\/solaray-melange-dhormones-feminines-sp-7c-180-capsules-vegetariennes-maroc\/#primaryimage"},"thumbnailUrl":"https:\/\/vitablanca.ma\/wp-content\/uploads\/2025\/06\/73.avif","datePublished":"2025-06-04T20:06:27+00:00","dateModified":"2026-02-24T23:26:15+00:00","description":"Achetez Solaray M\u00e9lange d'Hormones F\u00e9minines SP-7C au Maroc. Ces 180 capsules soutiennent l'\u00e9quilibre hormonal f\u00e9minin,\u00c9quilibre Hormonal au Maroc","breadcrumb":{"@id":"https:\/\/vitablanca.ma\/produit\/solaray-melange-dhormones-feminines-sp-7c-180-capsules-vegetariennes-maroc\/#breadcrumb"},"inLanguage":"ar","potentialAction":[{"@type":"ReadAction","target":["https:\/\/vitablanca.ma\/produit\/solaray-melange-dhormones-feminines-sp-7c-180-capsules-vegetariennes-maroc\/"]}]},{"@type":"ImageObject","inLanguage":"ar","@id":"https:\/\/vitablanca.ma\/produit\/solaray-melange-dhormones-feminines-sp-7c-180-capsules-vegetariennes-maroc\/#primaryimage","url":"https:\/\/vitablanca.ma\/wp-content\/uploads\/2025\/06\/73.avif","contentUrl":"https:\/\/vitablanca.ma\/wp-content\/uploads\/2025\/06\/73.avif","width":1600,"height":1600,"caption":"Solaray M\u00e9lange d'hormones f\u00e9minines SP-7C, 180 capsules v\u00e9g\u00e9tariennes"},{"@type":"BreadcrumbList","@id":"https:\/\/vitablanca.ma\/produit\/solaray-melange-dhormones-feminines-sp-7c-180-capsules-vegetariennes-maroc\/#breadcrumb","itemListElement":[{"@type":"ListItem","position":1,"name":"Home","item":"https:\/\/vitablanca.ma\/"},{"@type":"ListItem","position":2,"name":"Tous Les Produits","item":"https:\/\/vitablanca.ma\/tous-les-produits\/"},{"@type":"ListItem","position":3,"name":"Solaray M\u00e9lange d&#8217;hormones f\u00e9minines SP-7C, 180 capsules v\u00e9g\u00e9tariennes"}]},{"@type":"WebSite","@id":"https:\/\/vitablanca.ma\/#website","url":"https:\/\/vitablanca.ma\/","name":"VitaBlanca.ma | \u0627\u0644\u0645\u0643\u0645\u0644\u0627\u062a \u0627\u0644\u063a\u0630\u0627\u0626\u064a\u0629\u060c \u0627\u0644\u0635\u062d\u0629 \u0648\u0627\u0644\u062c\u0645\u0627\u0644 \u0641\u064a \u0627\u0644\u0645\u063a\u0631\u0628","description":"\u0646\u0628\u064a\u0639 \u0641\u064a\u062a\u0627\u0645\u064a\u0646\u0627\u062a \u0648\u0645\u0643\u0645\u0644\u0627\u062a \u063a\u0630\u0627\u0626\u064a\u0629 \u0641\u0627\u062e\u0631\u0629 \u0645\u0646 \u0627\u0644\u0648\u0644\u0627\u064a\u0627\u062a \u0627\u0644\u0645\u062a\u062d\u062f\u0629 \u0627\u0644\u0623\u0645\u0631\u064a\u0643\u064a\u0629 \u0648\u0643\u0646\u062f\u0627 \u0648\u0646\u064a\u0648\u0632\u064a\u0644\u0646\u062f\u0627 \u0648\u0627\u0644\u0645\u063a\u0631\u0628 (\u0646\u0627\u0648 \u0641\u0648\u062f\u0632\u060c \u0633\u0648\u0644\u062c\u0627\u0631\u060c \u0645\u0627\u0646\u0648\u0643\u0627). \u062a\u0648\u0635\u064a\u0644 \u0633\u0631\u064a\u0639 \u0625\u0644\u0649 \u062c\u0645\u064a\u0639 \u0623\u0646\u062d\u0627\u0621 \u0627\u0644\u0645\u063a\u0631\u0628.","publisher":{"@id":"https:\/\/vitablanca.ma\/#organization"},"alternateName":"VitaBlanca.ma","potentialAction":[{"@type":"SearchAction","target":{"@type":"EntryPoint","urlTemplate":"https:\/\/vitablanca.ma\/?s={search_term_string}"},"query-input":{"@type":"PropertyValueSpecification","valueRequired":true,"valueName":"search_term_string"}}],"inLanguage":"ar"},{"@type":"Organization","@id":"https:\/\/vitablanca.ma\/#organization","name":"\u0641\u064a\u062a\u0627\u0628\u0644\u0627\u0646\u0643\u0627","url":"https:\/\/vitablanca.ma\/","logo":{"@type":"ImageObject","inLanguage":"ar","@id":"https:\/\/vitablanca.ma\/#\/schema\/logo\/image\/","url":"https:\/\/vitablanca.ma\/wp-content\/uploads\/2025\/05\/cropped-vitablanca.png","contentUrl":"https:\/\/vitablanca.ma\/wp-content\/uploads\/2025\/05\/cropped-vitablanca.png","width":360,"height":67,"caption":"VitaBlanca"},"image":{"@id":"https:\/\/vitablanca.ma\/#\/schema\/logo\/image\/"},"sameAs":["https:\/\/www.facebook.com\/profile.php?id=61576678196717","https:\/\/www.tiktok.com\/@vitablanca.ma","https:\/\/www.instagram.com\/vitablanca.ma\/"]}]}},"jetpack_sharing_enabled":true,"_links":{"self":[{"href":"https:\/\/vitablanca.ma\/ar\/wp-json\/wp\/v2\/product\/14489","targetHints":{"allow":["GET"]}}],"collection":[{"href":"https:\/\/vitablanca.ma\/ar\/wp-json\/wp\/v2\/product"}],"about":[{"href":"https:\/\/vitablanca.ma\/ar\/wp-json\/wp\/v2\/types\/product"}],"wp:featuredmedia":[{"embeddable":true,"href":"https:\/\/vitablanca.ma\/ar\/wp-json\/wp\/v2\/media\/23008"}],"wp:attachment":[{"href":"https:\/\/vitablanca.ma\/ar\/wp-json\/wp\/v2\/media?parent=14489"}],"wp:term":[{"taxonomy":"product_brand","embeddable":true,"href":"https:\/\/vitablanca.ma\/ar\/wp-json\/wp\/v2\/product_brand?post=14489"},{"taxonomy":"product_cat","embeddable":true,"href":"https:\/\/vitablanca.ma\/ar\/wp-json\/wp\/v2\/product_cat?post=14489"},{"taxonomy":"product_tag","embeddable":true,"href":"https:\/\/vitablanca.ma\/ar\/wp-json\/wp\/v2\/product_tag?post=14489"}],"curies":[{"name":"wp","href":"https:\/\/api.w.org\/{rel}","templated":true}]}}