{"id":14468,"date":"2025-06-04T18:55:24","date_gmt":"2025-06-04T18:55:24","guid":{"rendered":"https:\/\/vitablanca.ma\/?post_type=product&#038;p=14468"},"modified":"2025-08-30T21:21:07","modified_gmt":"2025-08-30T21:21:07","slug":"planetary-herbals-full-spectrum-extrait-de-rhodiole-327-mg-60-comprimes-maroc","status":"publish","type":"product","link":"https:\/\/vitablanca.ma\/ar\/product-2\/planetary-herbals-full-spectrum-extrait-de-rhodiole-327-mg-60-comprimes-maroc\/","title":{"rendered":"\u0628\u0644\u0627\u0646\u064a\u062a\u0627\u0631\u064a \u0647\u064a\u0631\u0628\u0627\u0644\u0632\u060c \u0637\u064a\u0641 \u0643\u0627\u0645\u0644\u060c \u0645\u0633\u062a\u062e\u0644\u0635 \u0627\u0644\u0631\u0648\u062f\u064a\u0648\u0644\u0627\u060c 327 \u0645\u0644\u063a\u060c 60 \u0642\u0631\u0635\u064b\u0627"},"content":{"rendered":"<p>La rhodiole Full Spectrum\u2122 est un extrait standardis\u00e9 \u00e0 0,8 % de salidrosides et 0,8 % de rosavines, deux principes actifs connus.<\/p>\n\n\n\n<p>La rhodiole est un fortifiant adaptog\u00e8ne l\u00e9gendaire qui provient des r\u00e9gions polaires arctiques de Sib\u00e9rie orientale. Chez les peuples traditionnels, il est tr\u00e8s appr\u00e9ci\u00e9 comme tonique fortifiant pour augmenter l&rsquo;endurance physique et mentale.<\/p>\n\n\n\n<p>\u0627\u0644\u0627\u0633\u062a\u062e\u062f\u0627\u0645 \u0627\u0644\u0645\u0642\u062a\u0631\u062d<\/p>\n\n\n\n<p>2 comprim\u00e9s deux fois par jour entre les repas.<a href=\"https:\/\/www.jumia.ma\/customer\/account\/login\/?tkWl=PL661DV07X162NAFAMZ-45880309&amp;return=%2Ffull-spectrum-extrait-de-rhodiole-327-mg-60-comprimes-planetary-herbals-mpg1261708.html\"><\/a><\/p>","protected":false},"excerpt":{"rendered":"<ul>\n<li>Adaptog\u00e8ne pour l&rsquo;endurance physique &amp; mentale<\/li>\n<li>\u0627\u0644\u0645\u0643\u0645\u0644\u0627\u062a \u0627\u0644\u0639\u0634\u0628\u064a\u0629<\/li>\n<li>Approuv\u00e9 par Michael Tierra L.Ac, OMD<\/li>\n<li>La rhodiole Full Spectrum\u2122 est un extrait standardis\u00e9 \u00e0 0,8 % de salidrosides et 0,8 % de rosavines, deux principes actifs connus.<\/li>\n<li>La rhodiole est un fortifiant adaptog\u00e8ne l\u00e9gendaire qui provient des r\u00e9gions polaires arctiques de Sib\u00e9rie orientale.<\/li>\n<li>Chez les peuples traditionnels, il est tr\u00e8s appr\u00e9ci\u00e9 comme tonique fortifiant pour augmenter l&rsquo;endurance physique et mentale.<\/li>\n<\/ul>","protected":false},"featured_media":14469,"template":"","meta":{"om_disable_all_campaigns":false},"product_brand":[2303],"product_cat":[18,3366,20,19],"product_tag":[2305,2310,2306,2308,2307,2311,2304,2309],"class_list":{"0":"post-14468","1":"product","2":"type-product","3":"status-publish","4":"has-post-thumbnail","6":"product_brand-planetary-herbals","7":"product_cat-beaute-sante","8":"product_cat-complements-alimentaires-au-maroc-vitablanca","9":"product_cat-supplements","10":"product_cat-vitamines-supplements-dietetiques","11":"product_tag-327-mg-par-comprime","12":"product_tag-60-comprimes","13":"product_tag-aide-a-gerer-le-stress-physique-et-mental","14":"product_tag-ameliore-lenergie-et-la-concentration","15":"product_tag-extrait-de-rhodiole-a-spectre-complet","16":"product_tag-formule-traditionnelle-et-moderne","17":"product_tag-plante-adaptogene-puissante","18":"product_tag-soutient-lendurance-et-la-vitalite","20":"first","21":"instock","22":"taxable","23":"shipping-taxable","24":"purchasable","25":"product-type-simple"},"yoast_head":"<!-- This site is optimized with the Yoast SEO plugin v27.4 - https:\/\/yoast.com\/product\/yoast-seo-wordpress\/ -->\n<title>Planetary Herbals Extrait de Rhodiola Spectre Complet - Maroc Prix<\/title>\n<meta name=\"description\" content=\"Achetez Planetary Herbals Extrait de Rhodiola 327 mg au Maroc. Ces 60 comprim\u00e9s de rhodiola \u00e0 spectre complet sont un puissant adaptog\u00e8ne pour aider \u00e0 g\u00e9rer le stress, augmenter l&#039;\u00e9nergie et am\u00e9liorer la concentration. Soutenez votre vitalit\u00e9 naturellement. Livraison rapide!\" \/>\n<meta name=\"robots\" content=\"index, follow, max-snippet:-1, max-image-preview:large, max-video-preview:-1\" \/>\n<link rel=\"canonical\" href=\"https:\/\/vitablanca.ma\/ar\/product-2\/planetary-herbals-full-spectrum-extrait-de-rhodiole-327-mg-60-comprimes-maroc\/\" \/>\n<meta property=\"og:locale\" content=\"ar_AR\" \/>\n<meta property=\"og:type\" content=\"article\" \/>\n<meta property=\"og:title\" content=\"Planetary Herbals Extrait de Rhodiola Spectre Complet - Maroc Prix\" \/>\n<meta property=\"og:description\" content=\"Achetez Planetary Herbals Extrait de Rhodiola 327 mg au Maroc. Ces 60 comprim\u00e9s de rhodiola \u00e0 spectre complet sont un puissant adaptog\u00e8ne pour aider \u00e0 g\u00e9rer le stress, augmenter l&#039;\u00e9nergie et am\u00e9liorer la concentration. Soutenez votre vitalit\u00e9 naturellement. Livraison rapide!\" \/>\n<meta property=\"og:url\" content=\"https:\/\/vitablanca.ma\/ar\/product-2\/planetary-herbals-full-spectrum-extrait-de-rhodiole-327-mg-60-comprimes-maroc\/\" \/>\n<meta property=\"og:site_name\" content=\"Vitablanca.ma &ndash; Sant&eacute;, vitalit&eacute; et bien-&ecirc;tre pour tous les Marocains\" \/>\n<meta property=\"article:publisher\" content=\"https:\/\/www.facebook.com\/profile.php?id=61576678196717\" \/>\n<meta property=\"article:modified_time\" content=\"2025-08-30T21:21:07+00:00\" \/>\n<meta property=\"og:image\" content=\"https:\/\/vitablanca.ma\/wp-content\/uploads\/2025\/06\/full-spectrum-extrait-de-rhodiole-327-mg-60-comprimes-planetary-herbals-.jpg\" \/>\n\t<meta property=\"og:image:width\" content=\"680\" \/>\n\t<meta property=\"og:image:height\" content=\"680\" \/>\n\t<meta property=\"og:image:type\" content=\"image\/jpeg\" \/>\n<meta name=\"twitter:card\" content=\"summary_large_image\" \/>\n<meta name=\"twitter:label1\" content=\"\u0648\u0642\u062a \u0627\u0644\u0642\u0631\u0627\u0621\u0629 \u0627\u0644\u0645\u064f\u0642\u062f\u0651\u0631\" \/>\n\t<meta name=\"twitter:data1\" content=\"\u062f\u0642\u064a\u0642\u0629 \u0648\u0627\u062d\u062f\u0629\" \/>\n<script type=\"application\/ld+json\" class=\"yoast-schema-graph\">{\"@context\":\"https:\\\/\\\/schema.org\",\"@graph\":[{\"@type\":[\"WebPage\",\"ItemPage\"],\"@id\":\"https:\\\/\\\/vitablanca.ma\\\/produit\\\/planetary-herbals-full-spectrum-extrait-de-rhodiole-327-mg-60-comprimes-maroc\\\/\",\"url\":\"https:\\\/\\\/vitablanca.ma\\\/produit\\\/planetary-herbals-full-spectrum-extrait-de-rhodiole-327-mg-60-comprimes-maroc\\\/\",\"name\":\"Planetary Herbals Extrait de Rhodiola Spectre Complet - Maroc Prix\",\"isPartOf\":{\"@id\":\"https:\\\/\\\/vitablanca.ma\\\/#website\"},\"primaryImageOfPage\":{\"@id\":\"https:\\\/\\\/vitablanca.ma\\\/produit\\\/planetary-herbals-full-spectrum-extrait-de-rhodiole-327-mg-60-comprimes-maroc\\\/#primaryimage\"},\"image\":{\"@id\":\"https:\\\/\\\/vitablanca.ma\\\/produit\\\/planetary-herbals-full-spectrum-extrait-de-rhodiole-327-mg-60-comprimes-maroc\\\/#primaryimage\"},\"thumbnailUrl\":\"https:\\\/\\\/vitablanca.ma\\\/wp-content\\\/uploads\\\/2025\\\/06\\\/full-spectrum-extrait-de-rhodiole-327-mg-60-comprimes-planetary-herbals-.jpg\",\"datePublished\":\"2025-06-04T18:55:24+00:00\",\"dateModified\":\"2025-08-30T21:21:07+00:00\",\"description\":\"Achetez Planetary Herbals Extrait de Rhodiola 327 mg au Maroc. Ces 60 comprim\u00e9s de rhodiola \u00e0 spectre complet sont un puissant adaptog\u00e8ne pour aider \u00e0 g\u00e9rer le stress, augmenter l'\u00e9nergie et am\u00e9liorer la concentration. Soutenez votre vitalit\u00e9 naturellement. Livraison rapide!\",\"breadcrumb\":{\"@id\":\"https:\\\/\\\/vitablanca.ma\\\/produit\\\/planetary-herbals-full-spectrum-extrait-de-rhodiole-327-mg-60-comprimes-maroc\\\/#breadcrumb\"},\"inLanguage\":\"ar\",\"potentialAction\":[{\"@type\":\"ReadAction\",\"target\":[\"https:\\\/\\\/vitablanca.ma\\\/produit\\\/planetary-herbals-full-spectrum-extrait-de-rhodiole-327-mg-60-comprimes-maroc\\\/\"]}]},{\"@type\":\"ImageObject\",\"inLanguage\":\"ar\",\"@id\":\"https:\\\/\\\/vitablanca.ma\\\/produit\\\/planetary-herbals-full-spectrum-extrait-de-rhodiole-327-mg-60-comprimes-maroc\\\/#primaryimage\",\"url\":\"https:\\\/\\\/vitablanca.ma\\\/wp-content\\\/uploads\\\/2025\\\/06\\\/full-spectrum-extrait-de-rhodiole-327-mg-60-comprimes-planetary-herbals-.jpg\",\"contentUrl\":\"https:\\\/\\\/vitablanca.ma\\\/wp-content\\\/uploads\\\/2025\\\/06\\\/full-spectrum-extrait-de-rhodiole-327-mg-60-comprimes-planetary-herbals-.jpg\",\"width\":680,\"height\":680},{\"@type\":\"BreadcrumbList\",\"@id\":\"https:\\\/\\\/vitablanca.ma\\\/produit\\\/planetary-herbals-full-spectrum-extrait-de-rhodiole-327-mg-60-comprimes-maroc\\\/#breadcrumb\",\"itemListElement\":[{\"@type\":\"ListItem\",\"position\":1,\"name\":\"Home\",\"item\":\"https:\\\/\\\/vitablanca.ma\\\/\"},{\"@type\":\"ListItem\",\"position\":2,\"name\":\"Tous Les Produits\",\"item\":\"https:\\\/\\\/vitablanca.ma\\\/tous-les-produits\\\/\"},{\"@type\":\"ListItem\",\"position\":3,\"name\":\"Planetary Herbals Full Spectrum, Extrait de rhodiole, 327 mg, 60 comprim\u00e9s\"}]},{\"@type\":\"WebSite\",\"@id\":\"https:\\\/\\\/vitablanca.ma\\\/#website\",\"url\":\"https:\\\/\\\/vitablanca.ma\\\/\",\"name\":\"VitaBlanca.ma | Compl\u00e9ments alimentaires, sant\u00e9 & beaut\u00e9 au Maroc\",\"description\":\"vendre vitamines et compl\u00e9ments premium des USA &amp; Canada, Nouvelle Z\u00e9lande,Maroc (NOW Foods, Solgar, Manuka). Livraison rapide partout au Maroc.\",\"publisher\":{\"@id\":\"https:\\\/\\\/vitablanca.ma\\\/#organization\"},\"alternateName\":\"VitaBlanca.ma\",\"potentialAction\":[{\"@type\":\"SearchAction\",\"target\":{\"@type\":\"EntryPoint\",\"urlTemplate\":\"https:\\\/\\\/vitablanca.ma\\\/?s={search_term_string}\"},\"query-input\":{\"@type\":\"PropertyValueSpecification\",\"valueRequired\":true,\"valueName\":\"search_term_string\"}}],\"inLanguage\":\"ar\"},{\"@type\":\"Organization\",\"@id\":\"https:\\\/\\\/vitablanca.ma\\\/#organization\",\"name\":\"VitaBlanca\",\"url\":\"https:\\\/\\\/vitablanca.ma\\\/\",\"logo\":{\"@type\":\"ImageObject\",\"inLanguage\":\"ar\",\"@id\":\"https:\\\/\\\/vitablanca.ma\\\/#\\\/schema\\\/logo\\\/image\\\/\",\"url\":\"https:\\\/\\\/vitablanca.ma\\\/wp-content\\\/uploads\\\/2025\\\/05\\\/cropped-vitablanca.png\",\"contentUrl\":\"https:\\\/\\\/vitablanca.ma\\\/wp-content\\\/uploads\\\/2025\\\/05\\\/cropped-vitablanca.png\",\"width\":360,\"height\":67,\"caption\":\"VitaBlanca\"},\"image\":{\"@id\":\"https:\\\/\\\/vitablanca.ma\\\/#\\\/schema\\\/logo\\\/image\\\/\"},\"sameAs\":[\"https:\\\/\\\/www.facebook.com\\\/profile.php?id=61576678196717\",\"https:\\\/\\\/www.tiktok.com\\\/@vitablanca.ma\",\"https:\\\/\\\/www.instagram.com\\\/vitablanca.ma\\\/\"]}]}<\/script>\n<!-- \/ Yoast SEO plugin. -->","yoast_head_json":{"title":"Planetary Herbals Extrait de Rhodiola Spectre Complet - Maroc Prix","description":"Achetez Planetary Herbals Extrait de Rhodiola 327 mg au Maroc. Ces 60 comprim\u00e9s de rhodiola \u00e0 spectre complet sont un puissant adaptog\u00e8ne pour aider \u00e0 g\u00e9rer le stress, augmenter l'\u00e9nergie et am\u00e9liorer la concentration. Soutenez votre vitalit\u00e9 naturellement. Livraison rapide!","robots":{"index":"index","follow":"follow","max-snippet":"max-snippet:-1","max-image-preview":"max-image-preview:large","max-video-preview":"max-video-preview:-1"},"canonical":"https:\/\/vitablanca.ma\/ar\/product-2\/planetary-herbals-full-spectrum-extrait-de-rhodiole-327-mg-60-comprimes-maroc\/","og_locale":"ar_AR","og_type":"article","og_title":"Planetary Herbals Extrait de Rhodiola Spectre Complet - Maroc Prix","og_description":"Achetez Planetary Herbals Extrait de Rhodiola 327 mg au Maroc. Ces 60 comprim\u00e9s de rhodiola \u00e0 spectre complet sont un puissant adaptog\u00e8ne pour aider \u00e0 g\u00e9rer le stress, augmenter l'\u00e9nergie et am\u00e9liorer la concentration. Soutenez votre vitalit\u00e9 naturellement. Livraison rapide!","og_url":"https:\/\/vitablanca.ma\/ar\/product-2\/planetary-herbals-full-spectrum-extrait-de-rhodiole-327-mg-60-comprimes-maroc\/","og_site_name":"Vitablanca.ma &ndash; Sant&eacute;, vitalit&eacute; et bien-&ecirc;tre pour tous les Marocains","article_publisher":"https:\/\/www.facebook.com\/profile.php?id=61576678196717","article_modified_time":"2025-08-30T21:21:07+00:00","og_image":[{"width":680,"height":680,"url":"https:\/\/vitablanca.ma\/wp-content\/uploads\/2025\/06\/full-spectrum-extrait-de-rhodiole-327-mg-60-comprimes-planetary-herbals-.jpg","type":"image\/jpeg"}],"twitter_card":"summary_large_image","twitter_misc":{"\u0648\u0642\u062a \u0627\u0644\u0642\u0631\u0627\u0621\u0629 \u0627\u0644\u0645\u064f\u0642\u062f\u0651\u0631":"\u062f\u0642\u064a\u0642\u0629 \u0648\u0627\u062d\u062f\u0629"},"schema":{"@context":"https:\/\/schema.org","@graph":[{"@type":["WebPage","ItemPage"],"@id":"https:\/\/vitablanca.ma\/produit\/planetary-herbals-full-spectrum-extrait-de-rhodiole-327-mg-60-comprimes-maroc\/","url":"https:\/\/vitablanca.ma\/produit\/planetary-herbals-full-spectrum-extrait-de-rhodiole-327-mg-60-comprimes-maroc\/","name":"Planetary Herbals Extrait de Rhodiola Spectre Complet - Maroc Prix","isPartOf":{"@id":"https:\/\/vitablanca.ma\/#website"},"primaryImageOfPage":{"@id":"https:\/\/vitablanca.ma\/produit\/planetary-herbals-full-spectrum-extrait-de-rhodiole-327-mg-60-comprimes-maroc\/#primaryimage"},"image":{"@id":"https:\/\/vitablanca.ma\/produit\/planetary-herbals-full-spectrum-extrait-de-rhodiole-327-mg-60-comprimes-maroc\/#primaryimage"},"thumbnailUrl":"https:\/\/vitablanca.ma\/wp-content\/uploads\/2025\/06\/full-spectrum-extrait-de-rhodiole-327-mg-60-comprimes-planetary-herbals-.jpg","datePublished":"2025-06-04T18:55:24+00:00","dateModified":"2025-08-30T21:21:07+00:00","description":"Achetez Planetary Herbals Extrait de Rhodiola 327 mg au Maroc. Ces 60 comprim\u00e9s de rhodiola \u00e0 spectre complet sont un puissant adaptog\u00e8ne pour aider \u00e0 g\u00e9rer le stress, augmenter l'\u00e9nergie et am\u00e9liorer la concentration. Soutenez votre vitalit\u00e9 naturellement. Livraison rapide!","breadcrumb":{"@id":"https:\/\/vitablanca.ma\/produit\/planetary-herbals-full-spectrum-extrait-de-rhodiole-327-mg-60-comprimes-maroc\/#breadcrumb"},"inLanguage":"ar","potentialAction":[{"@type":"ReadAction","target":["https:\/\/vitablanca.ma\/produit\/planetary-herbals-full-spectrum-extrait-de-rhodiole-327-mg-60-comprimes-maroc\/"]}]},{"@type":"ImageObject","inLanguage":"ar","@id":"https:\/\/vitablanca.ma\/produit\/planetary-herbals-full-spectrum-extrait-de-rhodiole-327-mg-60-comprimes-maroc\/#primaryimage","url":"https:\/\/vitablanca.ma\/wp-content\/uploads\/2025\/06\/full-spectrum-extrait-de-rhodiole-327-mg-60-comprimes-planetary-herbals-.jpg","contentUrl":"https:\/\/vitablanca.ma\/wp-content\/uploads\/2025\/06\/full-spectrum-extrait-de-rhodiole-327-mg-60-comprimes-planetary-herbals-.jpg","width":680,"height":680},{"@type":"BreadcrumbList","@id":"https:\/\/vitablanca.ma\/produit\/planetary-herbals-full-spectrum-extrait-de-rhodiole-327-mg-60-comprimes-maroc\/#breadcrumb","itemListElement":[{"@type":"ListItem","position":1,"name":"Home","item":"https:\/\/vitablanca.ma\/"},{"@type":"ListItem","position":2,"name":"Tous Les Produits","item":"https:\/\/vitablanca.ma\/tous-les-produits\/"},{"@type":"ListItem","position":3,"name":"Planetary Herbals Full Spectrum, Extrait de rhodiole, 327 mg, 60 comprim\u00e9s"}]},{"@type":"WebSite","@id":"https:\/\/vitablanca.ma\/#website","url":"https:\/\/vitablanca.ma\/","name":"VitaBlanca.ma | \u0627\u0644\u0645\u0643\u0645\u0644\u0627\u062a \u0627\u0644\u063a\u0630\u0627\u0626\u064a\u0629\u060c \u0627\u0644\u0635\u062d\u0629 \u0648\u0627\u0644\u062c\u0645\u0627\u0644 \u0641\u064a \u0627\u0644\u0645\u063a\u0631\u0628","description":"\u0646\u0628\u064a\u0639 \u0641\u064a\u062a\u0627\u0645\u064a\u0646\u0627\u062a \u0648\u0645\u0643\u0645\u0644\u0627\u062a \u063a\u0630\u0627\u0626\u064a\u0629 \u0641\u0627\u062e\u0631\u0629 \u0645\u0646 \u0627\u0644\u0648\u0644\u0627\u064a\u0627\u062a \u0627\u0644\u0645\u062a\u062d\u062f\u0629 \u0627\u0644\u0623\u0645\u0631\u064a\u0643\u064a\u0629 \u0648\u0643\u0646\u062f\u0627 \u0648\u0646\u064a\u0648\u0632\u064a\u0644\u0646\u062f\u0627 \u0648\u0627\u0644\u0645\u063a\u0631\u0628 (\u0646\u0627\u0648 \u0641\u0648\u062f\u0632\u060c \u0633\u0648\u0644\u062c\u0627\u0631\u060c \u0645\u0627\u0646\u0648\u0643\u0627). \u062a\u0648\u0635\u064a\u0644 \u0633\u0631\u064a\u0639 \u0625\u0644\u0649 \u062c\u0645\u064a\u0639 \u0623\u0646\u062d\u0627\u0621 \u0627\u0644\u0645\u063a\u0631\u0628.","publisher":{"@id":"https:\/\/vitablanca.ma\/#organization"},"alternateName":"VitaBlanca.ma","potentialAction":[{"@type":"SearchAction","target":{"@type":"EntryPoint","urlTemplate":"https:\/\/vitablanca.ma\/?s={search_term_string}"},"query-input":{"@type":"PropertyValueSpecification","valueRequired":true,"valueName":"search_term_string"}}],"inLanguage":"ar"},{"@type":"Organization","@id":"https:\/\/vitablanca.ma\/#organization","name":"\u0641\u064a\u062a\u0627\u0628\u0644\u0627\u0646\u0643\u0627","url":"https:\/\/vitablanca.ma\/","logo":{"@type":"ImageObject","inLanguage":"ar","@id":"https:\/\/vitablanca.ma\/#\/schema\/logo\/image\/","url":"https:\/\/vitablanca.ma\/wp-content\/uploads\/2025\/05\/cropped-vitablanca.png","contentUrl":"https:\/\/vitablanca.ma\/wp-content\/uploads\/2025\/05\/cropped-vitablanca.png","width":360,"height":67,"caption":"VitaBlanca"},"image":{"@id":"https:\/\/vitablanca.ma\/#\/schema\/logo\/image\/"},"sameAs":["https:\/\/www.facebook.com\/profile.php?id=61576678196717","https:\/\/www.tiktok.com\/@vitablanca.ma","https:\/\/www.instagram.com\/vitablanca.ma\/"]}]}},"jetpack_sharing_enabled":true,"_links":{"self":[{"href":"https:\/\/vitablanca.ma\/ar\/wp-json\/wp\/v2\/product\/14468","targetHints":{"allow":["GET"]}}],"collection":[{"href":"https:\/\/vitablanca.ma\/ar\/wp-json\/wp\/v2\/product"}],"about":[{"href":"https:\/\/vitablanca.ma\/ar\/wp-json\/wp\/v2\/types\/product"}],"wp:featuredmedia":[{"embeddable":true,"href":"https:\/\/vitablanca.ma\/ar\/wp-json\/wp\/v2\/media\/14469"}],"wp:attachment":[{"href":"https:\/\/vitablanca.ma\/ar\/wp-json\/wp\/v2\/media?parent=14468"}],"wp:term":[{"taxonomy":"product_brand","embeddable":true,"href":"https:\/\/vitablanca.ma\/ar\/wp-json\/wp\/v2\/product_brand?post=14468"},{"taxonomy":"product_cat","embeddable":true,"href":"https:\/\/vitablanca.ma\/ar\/wp-json\/wp\/v2\/product_cat?post=14468"},{"taxonomy":"product_tag","embeddable":true,"href":"https:\/\/vitablanca.ma\/ar\/wp-json\/wp\/v2\/product_tag?post=14468"}],"curies":[{"name":"wp","href":"https:\/\/api.w.org\/{rel}","templated":true}]}}