{"id":14432,"date":"2025-06-04T15:33:00","date_gmt":"2025-06-04T15:33:00","guid":{"rendered":"https:\/\/vitablanca.ma\/?post_type=product&#038;p=14432"},"modified":"2025-08-30T21:21:11","modified_gmt":"2025-08-30T21:21:11","slug":"kal-magnesium-taurate-200-mg-90-comprimes-maroc","status":"publish","type":"product","link":"https:\/\/vitablanca.ma\/ar\/product-2\/kal-magnesium-taurate-200-mg-90-comprimes-maroc\/","title":{"rendered":"\u0643\u0627\u0644 \u0645\u063a\u0646\u064a\u0633\u064a\u0648\u0645 \u062a\u0648\u0631\u0627\u062a+\u060c 200 \u0645\u0644\u063a\u060c 90 \u0642\u0631\u0635\u064b\u0627"},"content":{"rendered":"<p>Magn\u00e9sium Taurate+ de KAL\u00ae associe du magn\u00e9sium min\u00e9ral \u00e0 un acide amin\u00e9 sous forme libre, la taurine. Le taurate de magn\u00e9sium est destin\u00e9 \u00e0 fournir un soutien nutritif pour des fonctions nerveuse et musculaire normales et saines. Il contribue \u00e9galement \u00e0 r\u00e9guler le flux sain d\u2019ions \u00e0 travers les membranes cellulaires pour aider \u00e0 assurer leur stabilit\u00e9 et \u00e0 prot\u00e9ger le c\u0153ur, les vaisseaux sanguins et les tissus du stress oxydatif. Le pyridoxal-5-phosphate, la forme coenzymatique de la vitamine B6, fournit un soutien nutritif biodisponible pour la synth\u00e8se des globules rouges et la fonction nerveuse. Des \u00e9tudes ont sugg\u00e9r\u00e9 une relation synergique entre le magn\u00e9sium et la vitamine B6.<\/p>\n\n\n\n<p>\u0627\u0644\u0627\u0633\u062a\u062e\u062f\u0627\u0645 \u0627\u0644\u0645\u0642\u062a\u0631\u062d<\/p>\n\n\n\n<p>\u00c0 utiliser uniquement comme indiqu\u00e9. Prendre 2 comprim\u00e9s par jour au cours d\u2019un repas ou avec un verre d<a href=\"https:\/\/www.jumia.ma\/customer\/account\/login\/?tkWl=KA319DV0P4GPYNAFAMZ-48627457&return=%2Fkal-magnesium-taurate-200-mg-90-comprimes-49689124.html\"><\/a><\/p>\n\n\n\n<p><\/p>","protected":false},"excerpt":{"rendered":"<ul>\n<li>\u062c\u0648\u062f\u0629 \u0645\u0628\u062a\u0643\u0631\u0629 \u0645\u0646\u0630 \u0639\u0627\u0645 1932<\/li>\n<li>\u0645\u0643\u0645\u0644 \u063a\u0630\u0627\u0626\u064a<\/li>\n<li>2 \u0641\u064a \u0627\u0644\u064a\u0648\u0645<\/li>\n<li>400 \u0645\u0644\u063a \u0645\u0646 \u0627\u0644\u0645\u063a\u0646\u064a\u0633\u064a\u0648\u0645 \u0645\u0639 \u0627\u0644\u0625\u0646\u0632\u064a\u0645 \u0627\u0644\u0645\u0633\u0627\u0639\u062f B6<\/li>\n<li>\u062c\u0648\u062f\u0629 \u0648\u0627\u0636\u062d\u0629\u2122<\/li>\n<li>\u0645\u0646\u0627\u0633\u0628 \u0644\u0644\u0646\u0628\u0627\u062a\u064a\u064a\u0646 \u0648\u0627\u0644\u0646\u0628\u0627\u062a\u064a\u064a\u0646<\/li>\n<li>\u062e\u0627\u0644\u064a \u0645\u0646 \u0627\u0644\u063a\u0644\u0648\u062a\u064a\u0646\u060c \u062e\u0627\u0644\u064a \u0645\u0646 \u0627\u0644\u0635\u0648\u064a\u0627\u060c \u062e\u0627\u0644\u064a \u0645\u0646 \u0645\u0646\u062a\u062c\u0627\u062a \u0627\u0644\u0623\u0644\u0628\u0627\u0646\u060c \u0646\u0628\u0627\u062a\u064a\u060c \u062e\u0627\u0644\u064a \u0645\u0646 \u0627\u0644\u0643\u0627\u0626\u0646\u0627\u062a \u0627\u0644\u0645\u0639\u062f\u0644\u0629 \u0648\u0631\u0627\u062b\u064a\u064b\u0627<\/li>\n<li>\u064a\u062c\u0645\u0639 KAL\u00ae Magnesium Taurate+ \u0628\u064a\u0646 \u0645\u0639\u062f\u0646 \u0627\u0644\u0645\u063a\u0646\u064a\u0633\u064a\u0648\u0645 \u0648\u062d\u0645\u0636 \u0623\u0645\u064a\u0646\u064a \u062d\u0631 \u0627\u0644\u0634\u0643\u0644\u060c \u0627\u0644\u062a\u0648\u0631\u064a\u0646.<\/li>\n<li>\u064a\u0647\u062f\u0641 \u062a\u0648\u0631\u064a\u062a \u0627\u0644\u0645\u063a\u0646\u064a\u0633\u064a\u0648\u0645 \u0625\u0644\u0649 \u062a\u0648\u0641\u064a\u0631 \u0627\u0644\u062f\u0639\u0645 \u0627\u0644\u063a\u0630\u0627\u0626\u064a \u0644\u0648\u0638\u0627\u0626\u0641 \u0627\u0644\u0623\u0639\u0635\u0627\u0628 \u0648\u0627\u0644\u0639\u0636\u0644\u0627\u062a \u0627\u0644\u0637\u0628\u064a\u0639\u064a\u0629 \u0648\u0627\u0644\u0635\u062d\u064a\u0629.<\/li>\n<\/ul>","protected":false},"featured_media":14434,"template":"","meta":{"om_disable_all_campaigns":false},"product_brand":[2164],"product_cat":[18,297,3366,176,163,19],"product_tag":[2226,2227,2225,2229,2223,2228,2216,242,220,2224],"class_list":{"0":"post-14432","1":"product","2":"type-product","3":"status-publish","4":"has-post-thumbnail","6":"product_brand-kal-maroc-prix","7":"product_cat-beaute-sante","8":"product_cat-citrate-de-magnesium","9":"product_cat-complements-alimentaires-au-maroc-vitablanca","10":"product_cat-magnesium","11":"product_cat-mineraux","12":"product_cat-vitamines-supplements-dietetiques","13":"product_tag-200-mg-de-magnesium-par-comprime","14":"product_tag-90-comprimes-cure-de-3-mois","15":"product_tag-aide-a-ameliorer-la-qualite-du-sommeil","16":"product_tag-convient-aux-personnes-sensibles-aux-autres-formes-de-magnesium","17":"product_tag-favorise-la-relaxation-et-reduit-le-stress","18":"product_tag-formule-synergique-magnesium-taurine","19":"product_tag-haute-biodisponibilite","20":"product_tag-sans-gluten","21":"product_tag-sans-ogm","22":"product_tag-soutient-la-sante-cardiovasculaire","24":"first","25":"instock","26":"sale","27":"taxable","28":"shipping-taxable","29":"purchasable","30":"product-type-simple"},"yoast_head":"<!-- This site is optimized with the Yoast SEO plugin v27.5 - https:\/\/yoast.com\/product\/yoast-seo-wordpress\/ -->\n<title>Kal Magnesium Taurate+, 200 mg, 90 comprim\u00e9s - Maroc Prix<\/title>\n<meta name=\"description\" content=\"Achetez Kal Magn\u00e9sium Taurate+ 200 mg au Maroc. Ces 90 comprim\u00e9s offrent une forme de magn\u00e9sium hautement biodisponible, id\u00e9ale pour la sant\u00e9 cardiaque.\" \/>\n<meta name=\"robots\" content=\"index, follow, max-snippet:-1, max-image-preview:large, max-video-preview:-1\" \/>\n<link rel=\"canonical\" href=\"https:\/\/vitablanca.ma\/ar\/product-2\/kal-magnesium-taurate-200-mg-90-comprimes-maroc\/\" \/>\n<meta property=\"og:locale\" content=\"ar_AR\" \/>\n<meta property=\"og:type\" content=\"article\" \/>\n<meta property=\"og:title\" content=\"Kal Magnesium Taurate+, 200 mg, 90 comprim\u00e9s - Maroc Prix\" \/>\n<meta property=\"og:description\" content=\"Achetez Kal Magn\u00e9sium Taurate+ 200 mg au Maroc. Ces 90 comprim\u00e9s offrent une forme de magn\u00e9sium hautement biodisponible, id\u00e9ale pour la sant\u00e9 cardiaque.\" \/>\n<meta property=\"og:url\" content=\"https:\/\/vitablanca.ma\/ar\/product-2\/kal-magnesium-taurate-200-mg-90-comprimes-maroc\/\" \/>\n<meta property=\"og:site_name\" content=\"Vitablanca.ma &ndash; Sant&eacute;, vitalit&eacute; et bien-&ecirc;tre pour tous les Marocains\" \/>\n<meta property=\"article:publisher\" content=\"https:\/\/www.facebook.com\/profile.php?id=61576678196717\" \/>\n<meta property=\"article:modified_time\" content=\"2025-08-30T21:21:11+00:00\" \/>\n<meta property=\"og:image\" content=\"https:\/\/vitablanca.ma\/wp-content\/uploads\/2025\/06\/kal-magnesium-taurate-200-mg-90-comprimes-.jpg\" \/>\n\t<meta property=\"og:image:width\" content=\"680\" \/>\n\t<meta property=\"og:image:height\" content=\"680\" \/>\n\t<meta property=\"og:image:type\" content=\"image\/jpeg\" \/>\n<meta name=\"twitter:card\" content=\"summary_large_image\" \/>\n<meta name=\"twitter:label1\" content=\"\u0648\u0642\u062a \u0627\u0644\u0642\u0631\u0627\u0621\u0629 \u0627\u0644\u0645\u064f\u0642\u062f\u0651\u0631\" \/>\n\t<meta name=\"twitter:data1\" content=\"\u062f\u0642\u064a\u0642\u0629 \u0648\u0627\u062d\u062f\u0629\" \/>\n<script type=\"application\/ld+json\" class=\"yoast-schema-graph\">{\"@context\":\"https:\\\/\\\/schema.org\",\"@graph\":[{\"@type\":[\"WebPage\",\"ItemPage\"],\"@id\":\"https:\\\/\\\/vitablanca.ma\\\/produit\\\/kal-magnesium-taurate-200-mg-90-comprimes-maroc\\\/\",\"url\":\"https:\\\/\\\/vitablanca.ma\\\/produit\\\/kal-magnesium-taurate-200-mg-90-comprimes-maroc\\\/\",\"name\":\"Kal Magnesium Taurate+, 200 mg, 90 comprim\u00e9s - Maroc Prix\",\"isPartOf\":{\"@id\":\"https:\\\/\\\/vitablanca.ma\\\/#website\"},\"primaryImageOfPage\":{\"@id\":\"https:\\\/\\\/vitablanca.ma\\\/produit\\\/kal-magnesium-taurate-200-mg-90-comprimes-maroc\\\/#primaryimage\"},\"image\":{\"@id\":\"https:\\\/\\\/vitablanca.ma\\\/produit\\\/kal-magnesium-taurate-200-mg-90-comprimes-maroc\\\/#primaryimage\"},\"thumbnailUrl\":\"https:\\\/\\\/vitablanca.ma\\\/wp-content\\\/uploads\\\/2025\\\/06\\\/kal-magnesium-taurate-200-mg-90-comprimes-.jpg\",\"datePublished\":\"2025-06-04T15:33:00+00:00\",\"dateModified\":\"2025-08-30T21:21:11+00:00\",\"description\":\"Achetez Kal Magn\u00e9sium Taurate+ 200 mg au Maroc. Ces 90 comprim\u00e9s offrent une forme de magn\u00e9sium hautement biodisponible, id\u00e9ale pour la sant\u00e9 cardiaque.\",\"breadcrumb\":{\"@id\":\"https:\\\/\\\/vitablanca.ma\\\/produit\\\/kal-magnesium-taurate-200-mg-90-comprimes-maroc\\\/#breadcrumb\"},\"inLanguage\":\"ar\",\"potentialAction\":[{\"@type\":\"ReadAction\",\"target\":[\"https:\\\/\\\/vitablanca.ma\\\/produit\\\/kal-magnesium-taurate-200-mg-90-comprimes-maroc\\\/\"]}]},{\"@type\":\"ImageObject\",\"inLanguage\":\"ar\",\"@id\":\"https:\\\/\\\/vitablanca.ma\\\/produit\\\/kal-magnesium-taurate-200-mg-90-comprimes-maroc\\\/#primaryimage\",\"url\":\"https:\\\/\\\/vitablanca.ma\\\/wp-content\\\/uploads\\\/2025\\\/06\\\/kal-magnesium-taurate-200-mg-90-comprimes-.jpg\",\"contentUrl\":\"https:\\\/\\\/vitablanca.ma\\\/wp-content\\\/uploads\\\/2025\\\/06\\\/kal-magnesium-taurate-200-mg-90-comprimes-.jpg\",\"width\":680,\"height\":680},{\"@type\":\"BreadcrumbList\",\"@id\":\"https:\\\/\\\/vitablanca.ma\\\/produit\\\/kal-magnesium-taurate-200-mg-90-comprimes-maroc\\\/#breadcrumb\",\"itemListElement\":[{\"@type\":\"ListItem\",\"position\":1,\"name\":\"Home\",\"item\":\"https:\\\/\\\/vitablanca.ma\\\/\"},{\"@type\":\"ListItem\",\"position\":2,\"name\":\"Tous Les Produits\",\"item\":\"https:\\\/\\\/vitablanca.ma\\\/tous-les-produits\\\/\"},{\"@type\":\"ListItem\",\"position\":3,\"name\":\"Kal Magnesium Taurate+, 200 mg, 90 comprim\u00e9s\"}]},{\"@type\":\"WebSite\",\"@id\":\"https:\\\/\\\/vitablanca.ma\\\/#website\",\"url\":\"https:\\\/\\\/vitablanca.ma\\\/\",\"name\":\"VitaBlanca.ma | Compl\u00e9ments alimentaires, sant\u00e9 & beaut\u00e9 au Maroc\",\"description\":\"vendre vitamines et compl\u00e9ments premium des USA &amp; Canada, Nouvelle Z\u00e9lande,Maroc (NOW Foods, Solgar, Manuka). Livraison rapide partout au Maroc.\",\"publisher\":{\"@id\":\"https:\\\/\\\/vitablanca.ma\\\/#organization\"},\"alternateName\":\"VitaBlanca.ma\",\"potentialAction\":[{\"@type\":\"SearchAction\",\"target\":{\"@type\":\"EntryPoint\",\"urlTemplate\":\"https:\\\/\\\/vitablanca.ma\\\/?s={search_term_string}\"},\"query-input\":{\"@type\":\"PropertyValueSpecification\",\"valueRequired\":true,\"valueName\":\"search_term_string\"}}],\"inLanguage\":\"ar\"},{\"@type\":\"Organization\",\"@id\":\"https:\\\/\\\/vitablanca.ma\\\/#organization\",\"name\":\"VitaBlanca\",\"url\":\"https:\\\/\\\/vitablanca.ma\\\/\",\"logo\":{\"@type\":\"ImageObject\",\"inLanguage\":\"ar\",\"@id\":\"https:\\\/\\\/vitablanca.ma\\\/#\\\/schema\\\/logo\\\/image\\\/\",\"url\":\"https:\\\/\\\/vitablanca.ma\\\/wp-content\\\/uploads\\\/2025\\\/05\\\/cropped-vitablanca.png\",\"contentUrl\":\"https:\\\/\\\/vitablanca.ma\\\/wp-content\\\/uploads\\\/2025\\\/05\\\/cropped-vitablanca.png\",\"width\":360,\"height\":67,\"caption\":\"VitaBlanca\"},\"image\":{\"@id\":\"https:\\\/\\\/vitablanca.ma\\\/#\\\/schema\\\/logo\\\/image\\\/\"},\"sameAs\":[\"https:\\\/\\\/www.facebook.com\\\/profile.php?id=61576678196717\",\"https:\\\/\\\/www.tiktok.com\\\/@vitablanca.ma\",\"https:\\\/\\\/www.instagram.com\\\/vitablanca.ma\\\/\"]}]}<\/script>\n<!-- \/ Yoast SEO plugin. -->","yoast_head_json":{"title":"\u0643\u0627\u0644 \u0645\u063a\u0646\u064a\u0633\u064a\u0648\u0645 \u062a\u0648\u0631\u0627\u062a+\u060c 200 \u0645\u0644\u063a\u060c 90 \u0642\u0631\u0635\u064b\u0627 - \u0633\u0639\u0631 \u0627\u0644\u0645\u063a\u0631\u0628","description":"\u0627\u0634\u062a\u0631\u0650 \u0643\u0627\u0644 \u0645\u063a\u0646\u064a\u0633\u064a\u0648\u0645 \u062a\u0648\u0631\u0627\u062a+ \u0628\u062a\u0631\u0643\u064a\u0632 200 \u0645\u0644\u063a \u0645\u0646 \u0627\u0644\u0645\u063a\u0631\u0628. \u062a\u0648\u0641\u0631 \u0647\u0630\u0647 \u0627\u0644\u0623\u0642\u0631\u0627\u0635\u060c \u0627\u0644\u062a\u064a \u062a\u062d\u062a\u0648\u064a \u0639\u0644\u0649 90 \u0642\u0631\u0635\u064b\u0627\u060c \u0634\u0643\u0644\u064b\u0627 \u0639\u0627\u0644\u064a \u0627\u0644\u062a\u0648\u0627\u0641\u0631 \u0627\u0644\u062d\u064a\u0648\u064a \u0645\u0646 \u0627\u0644\u0645\u063a\u0646\u064a\u0633\u064a\u0648\u0645\u060c \u0648\u0647\u0648 \u0645\u062b\u0627\u0644\u064a \u0644\u0635\u062d\u0629 \u0627\u0644\u0642\u0644\u0628.","robots":{"index":"index","follow":"follow","max-snippet":"max-snippet:-1","max-image-preview":"max-image-preview:large","max-video-preview":"max-video-preview:-1"},"canonical":"https:\/\/vitablanca.ma\/ar\/product-2\/kal-magnesium-taurate-200-mg-90-comprimes-maroc\/","og_locale":"ar_AR","og_type":"article","og_title":"Kal Magnesium Taurate+, 200 mg, 90 comprim\u00e9s - Maroc Prix","og_description":"Achetez Kal Magn\u00e9sium Taurate+ 200 mg au Maroc. Ces 90 comprim\u00e9s offrent une forme de magn\u00e9sium hautement biodisponible, id\u00e9ale pour la sant\u00e9 cardiaque.","og_url":"https:\/\/vitablanca.ma\/ar\/product-2\/kal-magnesium-taurate-200-mg-90-comprimes-maroc\/","og_site_name":"Vitablanca.ma &ndash; Sant&eacute;, vitalit&eacute; et bien-&ecirc;tre pour tous les Marocains","article_publisher":"https:\/\/www.facebook.com\/profile.php?id=61576678196717","article_modified_time":"2025-08-30T21:21:11+00:00","og_image":[{"width":680,"height":680,"url":"https:\/\/vitablanca.ma\/wp-content\/uploads\/2025\/06\/kal-magnesium-taurate-200-mg-90-comprimes-.jpg","type":"image\/jpeg"}],"twitter_card":"summary_large_image","twitter_misc":{"\u0648\u0642\u062a \u0627\u0644\u0642\u0631\u0627\u0621\u0629 \u0627\u0644\u0645\u064f\u0642\u062f\u0651\u0631":"\u062f\u0642\u064a\u0642\u0629 \u0648\u0627\u062d\u062f\u0629"},"schema":{"@context":"https:\/\/schema.org","@graph":[{"@type":["WebPage","ItemPage"],"@id":"https:\/\/vitablanca.ma\/produit\/kal-magnesium-taurate-200-mg-90-comprimes-maroc\/","url":"https:\/\/vitablanca.ma\/produit\/kal-magnesium-taurate-200-mg-90-comprimes-maroc\/","name":"\u0643\u0627\u0644 \u0645\u063a\u0646\u064a\u0633\u064a\u0648\u0645 \u062a\u0648\u0631\u0627\u062a+\u060c 200 \u0645\u0644\u063a\u060c 90 \u0642\u0631\u0635\u064b\u0627 - \u0633\u0639\u0631 \u0627\u0644\u0645\u063a\u0631\u0628","isPartOf":{"@id":"https:\/\/vitablanca.ma\/#website"},"primaryImageOfPage":{"@id":"https:\/\/vitablanca.ma\/produit\/kal-magnesium-taurate-200-mg-90-comprimes-maroc\/#primaryimage"},"image":{"@id":"https:\/\/vitablanca.ma\/produit\/kal-magnesium-taurate-200-mg-90-comprimes-maroc\/#primaryimage"},"thumbnailUrl":"https:\/\/vitablanca.ma\/wp-content\/uploads\/2025\/06\/kal-magnesium-taurate-200-mg-90-comprimes-.jpg","datePublished":"2025-06-04T15:33:00+00:00","dateModified":"2025-08-30T21:21:11+00:00","description":"\u0627\u0634\u062a\u0631\u0650 \u0643\u0627\u0644 \u0645\u063a\u0646\u064a\u0633\u064a\u0648\u0645 \u062a\u0648\u0631\u0627\u062a+ \u0628\u062a\u0631\u0643\u064a\u0632 200 \u0645\u0644\u063a \u0645\u0646 \u0627\u0644\u0645\u063a\u0631\u0628. \u062a\u0648\u0641\u0631 \u0647\u0630\u0647 \u0627\u0644\u0623\u0642\u0631\u0627\u0635\u060c \u0627\u0644\u062a\u064a \u062a\u062d\u062a\u0648\u064a \u0639\u0644\u0649 90 \u0642\u0631\u0635\u064b\u0627\u060c \u0634\u0643\u0644\u064b\u0627 \u0639\u0627\u0644\u064a \u0627\u0644\u062a\u0648\u0627\u0641\u0631 \u0627\u0644\u062d\u064a\u0648\u064a \u0645\u0646 \u0627\u0644\u0645\u063a\u0646\u064a\u0633\u064a\u0648\u0645\u060c \u0648\u0647\u0648 \u0645\u062b\u0627\u0644\u064a \u0644\u0635\u062d\u0629 \u0627\u0644\u0642\u0644\u0628.","breadcrumb":{"@id":"https:\/\/vitablanca.ma\/produit\/kal-magnesium-taurate-200-mg-90-comprimes-maroc\/#breadcrumb"},"inLanguage":"ar","potentialAction":[{"@type":"ReadAction","target":["https:\/\/vitablanca.ma\/produit\/kal-magnesium-taurate-200-mg-90-comprimes-maroc\/"]}]},{"@type":"ImageObject","inLanguage":"ar","@id":"https:\/\/vitablanca.ma\/produit\/kal-magnesium-taurate-200-mg-90-comprimes-maroc\/#primaryimage","url":"https:\/\/vitablanca.ma\/wp-content\/uploads\/2025\/06\/kal-magnesium-taurate-200-mg-90-comprimes-.jpg","contentUrl":"https:\/\/vitablanca.ma\/wp-content\/uploads\/2025\/06\/kal-magnesium-taurate-200-mg-90-comprimes-.jpg","width":680,"height":680},{"@type":"BreadcrumbList","@id":"https:\/\/vitablanca.ma\/produit\/kal-magnesium-taurate-200-mg-90-comprimes-maroc\/#breadcrumb","itemListElement":[{"@type":"ListItem","position":1,"name":"Home","item":"https:\/\/vitablanca.ma\/"},{"@type":"ListItem","position":2,"name":"Tous Les Produits","item":"https:\/\/vitablanca.ma\/tous-les-produits\/"},{"@type":"ListItem","position":3,"name":"Kal Magnesium Taurate+, 200 mg, 90 comprim\u00e9s"}]},{"@type":"WebSite","@id":"https:\/\/vitablanca.ma\/#website","url":"https:\/\/vitablanca.ma\/","name":"VitaBlanca.ma | \u0627\u0644\u0645\u0643\u0645\u0644\u0627\u062a \u0627\u0644\u063a\u0630\u0627\u0626\u064a\u0629\u060c \u0627\u0644\u0635\u062d\u0629 \u0648\u0627\u0644\u062c\u0645\u0627\u0644 \u0641\u064a \u0627\u0644\u0645\u063a\u0631\u0628","description":"\u0646\u0628\u064a\u0639 \u0641\u064a\u062a\u0627\u0645\u064a\u0646\u0627\u062a \u0648\u0645\u0643\u0645\u0644\u0627\u062a \u063a\u0630\u0627\u0626\u064a\u0629 \u0641\u0627\u062e\u0631\u0629 \u0645\u0646 \u0627\u0644\u0648\u0644\u0627\u064a\u0627\u062a \u0627\u0644\u0645\u062a\u062d\u062f\u0629 \u0627\u0644\u0623\u0645\u0631\u064a\u0643\u064a\u0629 \u0648\u0643\u0646\u062f\u0627 \u0648\u0646\u064a\u0648\u0632\u064a\u0644\u0646\u062f\u0627 \u0648\u0627\u0644\u0645\u063a\u0631\u0628 (\u0646\u0627\u0648 \u0641\u0648\u062f\u0632\u060c \u0633\u0648\u0644\u062c\u0627\u0631\u060c \u0645\u0627\u0646\u0648\u0643\u0627). \u062a\u0648\u0635\u064a\u0644 \u0633\u0631\u064a\u0639 \u0625\u0644\u0649 \u062c\u0645\u064a\u0639 \u0623\u0646\u062d\u0627\u0621 \u0627\u0644\u0645\u063a\u0631\u0628.","publisher":{"@id":"https:\/\/vitablanca.ma\/#organization"},"alternateName":"VitaBlanca.ma","potentialAction":[{"@type":"SearchAction","target":{"@type":"EntryPoint","urlTemplate":"https:\/\/vitablanca.ma\/?s={search_term_string}"},"query-input":{"@type":"PropertyValueSpecification","valueRequired":true,"valueName":"search_term_string"}}],"inLanguage":"ar"},{"@type":"Organization","@id":"https:\/\/vitablanca.ma\/#organization","name":"\u0641\u064a\u062a\u0627\u0628\u0644\u0627\u0646\u0643\u0627","url":"https:\/\/vitablanca.ma\/","logo":{"@type":"ImageObject","inLanguage":"ar","@id":"https:\/\/vitablanca.ma\/#\/schema\/logo\/image\/","url":"https:\/\/vitablanca.ma\/wp-content\/uploads\/2025\/05\/cropped-vitablanca.png","contentUrl":"https:\/\/vitablanca.ma\/wp-content\/uploads\/2025\/05\/cropped-vitablanca.png","width":360,"height":67,"caption":"VitaBlanca"},"image":{"@id":"https:\/\/vitablanca.ma\/#\/schema\/logo\/image\/"},"sameAs":["https:\/\/www.facebook.com\/profile.php?id=61576678196717","https:\/\/www.tiktok.com\/@vitablanca.ma","https:\/\/www.instagram.com\/vitablanca.ma\/"]}]}},"jetpack_sharing_enabled":true,"_links":{"self":[{"href":"https:\/\/vitablanca.ma\/ar\/wp-json\/wp\/v2\/product\/14432","targetHints":{"allow":["GET"]}}],"collection":[{"href":"https:\/\/vitablanca.ma\/ar\/wp-json\/wp\/v2\/product"}],"about":[{"href":"https:\/\/vitablanca.ma\/ar\/wp-json\/wp\/v2\/types\/product"}],"wp:featuredmedia":[{"embeddable":true,"href":"https:\/\/vitablanca.ma\/ar\/wp-json\/wp\/v2\/media\/14434"}],"wp:attachment":[{"href":"https:\/\/vitablanca.ma\/ar\/wp-json\/wp\/v2\/media?parent=14432"}],"wp:term":[{"taxonomy":"product_brand","embeddable":true,"href":"https:\/\/vitablanca.ma\/ar\/wp-json\/wp\/v2\/product_brand?post=14432"},{"taxonomy":"product_cat","embeddable":true,"href":"https:\/\/vitablanca.ma\/ar\/wp-json\/wp\/v2\/product_cat?post=14432"},{"taxonomy":"product_tag","embeddable":true,"href":"https:\/\/vitablanca.ma\/ar\/wp-json\/wp\/v2\/product_tag?post=14432"}],"curies":[{"name":"wp","href":"https:\/\/api.w.org\/{rel}","templated":true}]}}