{"id":14424,"date":"2025-06-04T15:12:26","date_gmt":"2025-06-04T15:12:26","guid":{"rendered":"https:\/\/vitablanca.ma\/?post_type=product&#038;p=14424"},"modified":"2025-08-30T21:21:12","modified_gmt":"2025-08-30T21:21:12","slug":"swanson-triple-complexe-de-magnesium-400-mg-300-capsules-maroc","status":"publish","type":"product","link":"https:\/\/vitablanca.ma\/ar\/product-2\/swanson-triple-complexe-de-magnesium-400-mg-300-capsules-maroc\/","title":{"rendered":"\u0645\u0631\u0643\u0628 \u0627\u0644\u0645\u063a\u0646\u064a\u0633\u064a\u0648\u0645 \u0627\u0644\u062b\u0644\u0627\u062b\u064a \u0645\u0646 \u0633\u0648\u0627\u0646\u0633\u0648\u0646\u060c 400 \u0645\u0644\u063a\u060c 300 \u0643\u0628\u0633\u0648\u0644\u0629"},"content":{"rendered":"<p>\u064a\u064f\u0639\u062f\u0651 \u0645\u064f\u0631\u0643\u0651\u0628 \u0633\u0648\u0627\u0646\u0633\u0648\u0646 \u0627\u0644\u062b\u0644\u0627\u062b\u064a \u0644\u0644\u0645\u063a\u0646\u064a\u0633\u064a\u0648\u0645 \u0623\u0641\u0636\u0644 \u0645\u0635\u062f\u0631 \u0645\u064f\u0643\u0645\u0651\u0644 \u063a\u0630\u0627\u0626\u064a \u0644\u0644\u0645\u063a\u0646\u064a\u0633\u064a\u0648\u0645 \u0644\u062c\u0633\u0645 \u0642\u0648\u064a \u0648\u0635\u062d\u064a. \u064a\u064f\u0639\u062f\u0651 \u0627\u0644\u0645\u063a\u0646\u064a\u0633\u064a\u0648\u0645 \u0645\u0646 \u0623\u0647\u0645 \u0627\u0644\u0645\u0639\u0627\u062f\u0646 \u0641\u064a \u0627\u0644\u0646\u0638\u0627\u0645 \u0627\u0644\u063a\u0630\u0627\u0626\u064a\u060c \u0648\u0647\u0648 \u0636\u0631\u0648\u0631\u064a \u0644\u062a\u0642\u0648\u064a\u0629 \u0627\u0644\u0639\u0636\u0644\u0627\u062a \u0648\u0627\u0644\u0639\u0638\u0627\u0645\u060c \u0648\u0635\u062d\u0629 \u0627\u0644\u0642\u0644\u0628 \u0648\u0627\u0644\u0623\u0648\u0639\u064a\u0629 \u0627\u0644\u062f\u0645\u0648\u064a\u0629\u060c \u0648\u0648\u0638\u0627\u0626\u0641 \u0627\u0644\u062c\u0647\u0627\u0632 \u0627\u0644\u0639\u0635\u0628\u064a. \u0643\u0645\u0627 \u062a\u064f\u0638\u0647\u0631 \u0627\u0644\u0623\u0628\u062d\u0627\u062b \u0627\u0644\u062d\u062f\u064a\u062b\u0629 \u0623\u0646\u0647 \u064a\u064f\u0633\u0627\u0639\u062f \u0623\u064a\u0636\u064b\u0627 \u0639\u0644\u0649 \u0635\u062d\u0629 \u0627\u0644\u062c\u0647\u0627\u0632 \u0627\u0644\u0647\u0636\u0645\u064a. \u062a\u064f\u0648\u0641\u0651\u0631 \u0647\u0630\u0647 \u0627\u0644\u062a\u0631\u0643\u064a\u0628\u0629 \u0627\u0644\u0641\u0631\u064a\u062f\u0629 \u0625\u0645\u062f\u0627\u062f\u064b\u0627 \u064a\u0648\u0645\u064a\u064b\u0627 \u062a\u0642\u0631\u064a\u0628\u064b\u0627 \u0645\u0646 \u0647\u0630\u0627 \u0627\u0644\u0645\u0639\u062f\u0646 \u0627\u0644\u062d\u064a\u0648\u064a \u0645\u0646 \u062b\u0644\u0627\u062b\u0629 \u0645\u0635\u0627\u062f\u0631 \u0645\u064f\u062e\u062a\u0644\u0641\u0629 \u0644\u0645\u062c\u0645\u0648\u0639\u0629 \u0648\u0627\u0633\u0639\u0629 \u0645\u0646 \u0627\u0644\u0641\u0648\u0627\u0626\u062f.<\/p>\n\n\n\n<p>\u0627\u0644\u0627\u0633\u062a\u062e\u062f\u0627\u0645 \u0627\u0644\u0645\u0642\u062a\u0631\u062d<\/p>\n\n\n\n<p>\u0643\u0645\u0643\u0645\u0644 \u063a\u0630\u0627\u0626\u064a\u060c \u062a\u0646\u0627\u0648\u0644 \u0643\u0628\u0633\u0648\u0644\u0629 \u0648\u0627\u062d\u062f\u0629 \u064a\u0648\u0645\u064a\u064b\u0627 \u0645\u0639 \u0627\u0644\u0637\u0639\u0627\u0645 \u0648\u0627\u0644\u0645\u0627\u0621.<a href=\"https:\/\/www.jumia.ma\/customer\/account\/login\/?tkWl=SW231DV0N1AUUNAFAMZ-48811421&amp;return=%2Fswanson-triple-complexe-de-magnesium-400-mg-300-capsules-49819683.html\"><\/a><\/p>\n\n\n\n<p><\/p>","protected":false},"excerpt":{"rendered":"<ul>\n<li>\u0635\u062d\u0629 \u0627\u0644\u0639\u0636\u0644\u0627\u062a \u0648\u0627\u0644\u0639\u0638\u0627\u0645<\/li>\n<li>\u0627\u0644\u0645\u0643\u0645\u0644\u0627\u062a \u0627\u0644\u0645\u0639\u062f\u0646\u064a\u0629<\/li>\n<li>\u064a\u0639\u0632\u0632 \u0635\u062d\u0629 \u0627\u0644\u0623\u0639\u0635\u0627\u0628 \u0648\u0627\u0644\u0639\u0636\u0644\u0627\u062a \u0648\u0627\u0644\u0639\u0638\u0627\u0645<\/li>\n<li>\u064a\u0633\u0627\u0639\u062f \u0639\u0644\u0649 \u062a\u0642\u0644\u064a\u0644 \u0627\u0644\u062a\u0639\u0628 \u0648\u0627\u0644\u0625\u0631\u0647\u0627\u0642<\/li>\n<li>\u064a\u062a\u0636\u0645\u0646 \u062b\u0644\u0627\u062b\u0629 \u0645\u0635\u0627\u062f\u0631 \u0645\u0646\u0641\u0635\u0644\u0629 \u0644\u0644\u0645\u063a\u0646\u064a\u0633\u064a\u0648\u0645<\/li>\n<li>\u0627\u0644\u062c\u0648\u062f\u0629 \u0645\u062f\u0639\u0648\u0645\u0629 \u0628\u0627\u0644\u0639\u0644\u0645 \u0645\u0646\u0630 \u0639\u0627\u0645 1969<\/li>\n<li>\u064a\u0639\u062f \u0645\u0631\u0643\u0628 Swanson Triple Magnesium \u0623\u0641\u0636\u0644 \u0645\u0635\u062f\u0631 \u0645\u0643\u0645\u0644 \u0644\u0644\u0645\u063a\u0646\u064a\u0633\u064a\u0648\u0645 \u0644\u0644\u062d\u0635\u0648\u0644 \u0639\u0644\u0649 \u062c\u0633\u0645 \u0642\u0648\u064a \u0648\u0635\u062d\u064a.<\/li>\n<li>\u0648\u062a\u0634\u064a\u0631 \u0627\u0644\u0639\u0644\u0648\u0645 \u0627\u0644\u0646\u0627\u0634\u0626\u0629 \u0625\u0644\u0649 \u0623\u0646\u0647\u0627 \u0642\u062f \u062a\u062f\u0639\u0645 \u0623\u064a\u0636\u064b\u0627 \u0635\u062d\u0629 \u0627\u0644\u062c\u0647\u0627\u0632 \u0627\u0644\u0647\u0636\u0645\u064a.<\/li>\n<li>\u062a\u0648\u0641\u0631 \u0647\u0630\u0647 \u0627\u0644\u062a\u0631\u0643\u064a\u0628\u0629 \u0627\u0644\u0641\u0631\u064a\u062f\u0629 \u0625\u0645\u062f\u0627\u062f\u064b\u0627 \u0644\u0645\u062f\u0629 \u064a\u0648\u0645 \u0643\u0627\u0645\u0644 \u062a\u0642\u0631\u064a\u0628\u064b\u0627 \u0645\u0646 \u0647\u0630\u0627 \u0627\u0644\u0645\u0639\u062f\u0646 \u0627\u0644\u062d\u064a\u0648\u064a \u0645\u0646 \u062b\u0644\u0627\u062b\u0629 \u0645\u0635\u0627\u062f\u0631 \u0645\u0645\u064a\u0632\u0629 \u0644\u0645\u062c\u0645\u0648\u0639\u0629 \u0645\u0646 \u0627\u0644\u0641\u0648\u0627\u0626\u062f.<\/li>\n<\/ul>","protected":false},"featured_media":14428,"template":"","meta":{"om_disable_all_campaigns":false},"product_brand":[672],"product_cat":[18,297,3366,163,309,19],"product_tag":[2213,2210,2211,2209,2215,2214,2216,2212,2217,2086],"class_list":{"0":"post-14424","1":"product","2":"type-product","3":"status-publish","4":"has-post-thumbnail","6":"product_brand-swanson-maroc-prix","7":"product_cat-beaute-sante","8":"product_cat-citrate-de-magnesium","9":"product_cat-complements-alimentaires-au-maroc-vitablanca","10":"product_cat-mineraux","11":"product_cat-potassium","12":"product_cat-vitamines-supplements-dietetiques","13":"product_tag-300-capsules-usage-prolonge","14":"product_tag-400-mg-de-magnesium-par-dose","15":"product_tag-citrate-et-aspartate","16":"product_tag-combinaison-de-3-formes-oxyde","17":"product_tag-contribue-a-la-reduction-de-la-fatigue","18":"product_tag-favorise-un-bon-sommeil-et-la-relaxation","19":"product_tag-haute-biodisponibilite","20":"product_tag-maintien-de-la-sante-des-os-et-des-dents","21":"product_tag-marque-reconnue-swanson","22":"product_tag-soutien-musculaire-et-nerveux-complet","24":"first","25":"instock","26":"taxable","27":"shipping-taxable","28":"purchasable","29":"product-type-simple"},"yoast_head":"<!-- This site is optimized with the Yoast SEO plugin v27.3 - https:\/\/yoast.com\/product\/yoast-seo-wordpress\/ -->\n<title>Swanson Triple complexe de magn\u00e9sium, 400 mg, 300 caps- Maroc<\/title>\n<meta name=\"description\" content=\"Achetez Swanson Triple Complexe de Magn\u00e9sium 400 mg au Maroc. Ces 300 capsules offrent une combinaison de trois formes de magn\u00e9sium pour un soutien optimal de la fonction musculaire, la sant\u00e9 osseuse et le syst\u00e8me nerveux. Id\u00e9al pour la relaxation et l&#039;\u00e9nergie. Livraison rapide!\" \/>\n<meta name=\"robots\" content=\"index, follow, max-snippet:-1, max-image-preview:large, max-video-preview:-1\" \/>\n<link rel=\"canonical\" href=\"https:\/\/vitablanca.ma\/ar\/product-2\/swanson-triple-complexe-de-magnesium-400-mg-300-capsules-maroc\/\" \/>\n<meta property=\"og:locale\" content=\"ar_AR\" \/>\n<meta property=\"og:type\" content=\"article\" \/>\n<meta property=\"og:title\" content=\"Swanson Triple complexe de magn\u00e9sium, 400 mg, 300 caps- Maroc\" \/>\n<meta property=\"og:description\" content=\"Achetez Swanson Triple Complexe de Magn\u00e9sium 400 mg au Maroc. Ces 300 capsules offrent une combinaison de trois formes de magn\u00e9sium pour un soutien optimal de la fonction musculaire, la sant\u00e9 osseuse et le syst\u00e8me nerveux. Id\u00e9al pour la relaxation et l&#039;\u00e9nergie. Livraison rapide!\" \/>\n<meta property=\"og:url\" content=\"https:\/\/vitablanca.ma\/ar\/product-2\/swanson-triple-complexe-de-magnesium-400-mg-300-capsules-maroc\/\" \/>\n<meta property=\"og:site_name\" content=\"Vitablanca.ma &ndash; Sant&eacute;, vitalit&eacute; et bien-&ecirc;tre pour tous les Marocains\" \/>\n<meta property=\"article:publisher\" content=\"https:\/\/www.facebook.com\/profile.php?id=61576678196717\" \/>\n<meta property=\"article:modified_time\" content=\"2025-08-30T21:21:12+00:00\" \/>\n<meta property=\"og:image\" content=\"https:\/\/vitablanca.ma\/wp-content\/uploads\/2025\/06\/swanson-triple-complexe-de-magnesium-400-mg-300-c.jpg\" \/>\n\t<meta property=\"og:image:width\" content=\"680\" \/>\n\t<meta property=\"og:image:height\" content=\"680\" \/>\n\t<meta property=\"og:image:type\" content=\"image\/jpeg\" \/>\n<meta name=\"twitter:card\" content=\"summary_large_image\" \/>\n<meta name=\"twitter:label1\" content=\"\u0648\u0642\u062a \u0627\u0644\u0642\u0631\u0627\u0621\u0629 \u0627\u0644\u0645\u064f\u0642\u062f\u0651\u0631\" \/>\n\t<meta name=\"twitter:data1\" content=\"\u062f\u0642\u064a\u0642\u0629 \u0648\u0627\u062d\u062f\u0629\" \/>\n<script type=\"application\/ld+json\" class=\"yoast-schema-graph\">{\"@context\":\"https:\\\/\\\/schema.org\",\"@graph\":[{\"@type\":[\"WebPage\",\"ItemPage\"],\"@id\":\"https:\\\/\\\/vitablanca.ma\\\/produit\\\/swanson-triple-complexe-de-magnesium-400-mg-300-capsules-maroc\\\/\",\"url\":\"https:\\\/\\\/vitablanca.ma\\\/produit\\\/swanson-triple-complexe-de-magnesium-400-mg-300-capsules-maroc\\\/\",\"name\":\"Swanson Triple complexe de magn\u00e9sium, 400 mg, 300 caps- Maroc\",\"isPartOf\":{\"@id\":\"https:\\\/\\\/vitablanca.ma\\\/#website\"},\"primaryImageOfPage\":{\"@id\":\"https:\\\/\\\/vitablanca.ma\\\/produit\\\/swanson-triple-complexe-de-magnesium-400-mg-300-capsules-maroc\\\/#primaryimage\"},\"image\":{\"@id\":\"https:\\\/\\\/vitablanca.ma\\\/produit\\\/swanson-triple-complexe-de-magnesium-400-mg-300-capsules-maroc\\\/#primaryimage\"},\"thumbnailUrl\":\"https:\\\/\\\/vitablanca.ma\\\/wp-content\\\/uploads\\\/2025\\\/06\\\/swanson-triple-complexe-de-magnesium-400-mg-300-c.jpg\",\"datePublished\":\"2025-06-04T15:12:26+00:00\",\"dateModified\":\"2025-08-30T21:21:12+00:00\",\"description\":\"Achetez Swanson Triple Complexe de Magn\u00e9sium 400 mg au Maroc. Ces 300 capsules offrent une combinaison de trois formes de magn\u00e9sium pour un soutien optimal de la fonction musculaire, la sant\u00e9 osseuse et le syst\u00e8me nerveux. Id\u00e9al pour la relaxation et l'\u00e9nergie. Livraison rapide!\",\"breadcrumb\":{\"@id\":\"https:\\\/\\\/vitablanca.ma\\\/produit\\\/swanson-triple-complexe-de-magnesium-400-mg-300-capsules-maroc\\\/#breadcrumb\"},\"inLanguage\":\"ar\",\"potentialAction\":[{\"@type\":\"ReadAction\",\"target\":[\"https:\\\/\\\/vitablanca.ma\\\/produit\\\/swanson-triple-complexe-de-magnesium-400-mg-300-capsules-maroc\\\/\"]}]},{\"@type\":\"ImageObject\",\"inLanguage\":\"ar\",\"@id\":\"https:\\\/\\\/vitablanca.ma\\\/produit\\\/swanson-triple-complexe-de-magnesium-400-mg-300-capsules-maroc\\\/#primaryimage\",\"url\":\"https:\\\/\\\/vitablanca.ma\\\/wp-content\\\/uploads\\\/2025\\\/06\\\/swanson-triple-complexe-de-magnesium-400-mg-300-c.jpg\",\"contentUrl\":\"https:\\\/\\\/vitablanca.ma\\\/wp-content\\\/uploads\\\/2025\\\/06\\\/swanson-triple-complexe-de-magnesium-400-mg-300-c.jpg\",\"width\":680,\"height\":680},{\"@type\":\"BreadcrumbList\",\"@id\":\"https:\\\/\\\/vitablanca.ma\\\/produit\\\/swanson-triple-complexe-de-magnesium-400-mg-300-capsules-maroc\\\/#breadcrumb\",\"itemListElement\":[{\"@type\":\"ListItem\",\"position\":1,\"name\":\"Home\",\"item\":\"https:\\\/\\\/vitablanca.ma\\\/\"},{\"@type\":\"ListItem\",\"position\":2,\"name\":\"Tous Les Produits\",\"item\":\"https:\\\/\\\/vitablanca.ma\\\/tous-les-produits\\\/\"},{\"@type\":\"ListItem\",\"position\":3,\"name\":\"Swanson Triple complexe de magn\u00e9sium, 400 mg, 300 capsules\"}]},{\"@type\":\"WebSite\",\"@id\":\"https:\\\/\\\/vitablanca.ma\\\/#website\",\"url\":\"https:\\\/\\\/vitablanca.ma\\\/\",\"name\":\"VitaBlanca.ma | Compl\u00e9ments alimentaires, sant\u00e9 & beaut\u00e9 au Maroc\",\"description\":\"vendre vitamines et compl\u00e9ments premium des USA &amp; Canada, Nouvelle Z\u00e9lande,Maroc (NOW Foods, Solgar, Manuka). Livraison rapide partout au Maroc.\",\"publisher\":{\"@id\":\"https:\\\/\\\/vitablanca.ma\\\/#organization\"},\"alternateName\":\"VitaBlanca.ma\",\"potentialAction\":[{\"@type\":\"SearchAction\",\"target\":{\"@type\":\"EntryPoint\",\"urlTemplate\":\"https:\\\/\\\/vitablanca.ma\\\/?s={search_term_string}\"},\"query-input\":{\"@type\":\"PropertyValueSpecification\",\"valueRequired\":true,\"valueName\":\"search_term_string\"}}],\"inLanguage\":\"ar\"},{\"@type\":\"Organization\",\"@id\":\"https:\\\/\\\/vitablanca.ma\\\/#organization\",\"name\":\"VitaBlanca\",\"url\":\"https:\\\/\\\/vitablanca.ma\\\/\",\"logo\":{\"@type\":\"ImageObject\",\"inLanguage\":\"ar\",\"@id\":\"https:\\\/\\\/vitablanca.ma\\\/#\\\/schema\\\/logo\\\/image\\\/\",\"url\":\"https:\\\/\\\/vitablanca.ma\\\/wp-content\\\/uploads\\\/2025\\\/05\\\/cropped-vitablanca.png\",\"contentUrl\":\"https:\\\/\\\/vitablanca.ma\\\/wp-content\\\/uploads\\\/2025\\\/05\\\/cropped-vitablanca.png\",\"width\":360,\"height\":67,\"caption\":\"VitaBlanca\"},\"image\":{\"@id\":\"https:\\\/\\\/vitablanca.ma\\\/#\\\/schema\\\/logo\\\/image\\\/\"},\"sameAs\":[\"https:\\\/\\\/www.facebook.com\\\/profile.php?id=61576678196717\",\"https:\\\/\\\/www.tiktok.com\\\/@vitablanca.ma\",\"https:\\\/\\\/www.instagram.com\\\/vitablanca.ma\\\/\"]}]}<\/script>\n<!-- \/ Yoast SEO plugin. -->","yoast_head_json":{"title":"\u0645\u0631\u0643\u0628 \u0627\u0644\u0645\u063a\u0646\u064a\u0633\u064a\u0648\u0645 \u0627\u0644\u062b\u0644\u0627\u062b\u064a \u0645\u0646 \u0633\u0648\u0627\u0646\u0633\u0648\u0646\u060c 400 \u0645\u0644\u063a\u060c 300 \u0643\u0628\u0633\u0648\u0644\u0629 - \u0627\u0644\u0645\u063a\u0631\u0628","description":"\u0627\u0634\u062a\u0631\u0650 \u0645\u0631\u0643\u0628 \u0633\u0648\u0627\u0646\u0633\u0648\u0646 \u0627\u0644\u062b\u0644\u0627\u062b\u064a \u0644\u0644\u0645\u063a\u0646\u064a\u0633\u064a\u0648\u0645 \u0628\u062a\u0631\u0643\u064a\u0632 \u0664\u0660\u0660 \u0645\u0644\u063a \u0645\u0646 \u0627\u0644\u0645\u063a\u0631\u0628. \u062a\u062d\u062a\u0648\u064a \u0647\u0630\u0647 \u0627\u0644\u0643\u0628\u0633\u0648\u0644\u0627\u062a\u060c \u0627\u0644\u062a\u064a \u064a\u0628\u0644\u063a \u0639\u062f\u062f\u0647\u0627 \u0663\u0660\u0660 \u0643\u0628\u0633\u0648\u0644\u0629\u060c \u0639\u0644\u0649 \u0645\u0632\u064a\u062c \u0645\u0646 \u062b\u0644\u0627\u062b\u0629 \u0623\u0646\u0648\u0627\u0639 \u0645\u0646 \u0627\u0644\u0645\u063a\u0646\u064a\u0633\u064a\u0648\u0645 \u0644\u062f\u0639\u0645 \u0645\u062b\u0627\u0644\u064a \u0644\u0648\u0638\u0627\u0626\u0641 \u0627\u0644\u0639\u0636\u0644\u0627\u062a\u060c \u0648\u0635\u062d\u0629 \u0627\u0644\u0639\u0638\u0627\u0645\u060c \u0648\u0627\u0644\u062c\u0647\u0627\u0632 \u0627\u0644\u0639\u0635\u0628\u064a. \u0645\u062b\u0627\u0644\u064a \u0644\u0644\u0627\u0633\u062a\u0631\u062e\u0627\u0621 \u0648\u0632\u064a\u0627\u062f\u0629 \u0627\u0644\u0637\u0627\u0642\u0629. \u062a\u0648\u0635\u064a\u0644 \u0633\u0631\u064a\u0639!","robots":{"index":"index","follow":"follow","max-snippet":"max-snippet:-1","max-image-preview":"max-image-preview:large","max-video-preview":"max-video-preview:-1"},"canonical":"https:\/\/vitablanca.ma\/ar\/product-2\/swanson-triple-complexe-de-magnesium-400-mg-300-capsules-maroc\/","og_locale":"ar_AR","og_type":"article","og_title":"Swanson Triple complexe de magn\u00e9sium, 400 mg, 300 caps- Maroc","og_description":"Achetez Swanson Triple Complexe de Magn\u00e9sium 400 mg au Maroc. Ces 300 capsules offrent une combinaison de trois formes de magn\u00e9sium pour un soutien optimal de la fonction musculaire, la sant\u00e9 osseuse et le syst\u00e8me nerveux. Id\u00e9al pour la relaxation et l'\u00e9nergie. Livraison rapide!","og_url":"https:\/\/vitablanca.ma\/ar\/product-2\/swanson-triple-complexe-de-magnesium-400-mg-300-capsules-maroc\/","og_site_name":"Vitablanca.ma &ndash; Sant&eacute;, vitalit&eacute; et bien-&ecirc;tre pour tous les Marocains","article_publisher":"https:\/\/www.facebook.com\/profile.php?id=61576678196717","article_modified_time":"2025-08-30T21:21:12+00:00","og_image":[{"width":680,"height":680,"url":"https:\/\/vitablanca.ma\/wp-content\/uploads\/2025\/06\/swanson-triple-complexe-de-magnesium-400-mg-300-c.jpg","type":"image\/jpeg"}],"twitter_card":"summary_large_image","twitter_misc":{"\u0648\u0642\u062a \u0627\u0644\u0642\u0631\u0627\u0621\u0629 \u0627\u0644\u0645\u064f\u0642\u062f\u0651\u0631":"\u062f\u0642\u064a\u0642\u0629 \u0648\u0627\u062d\u062f\u0629"},"schema":{"@context":"https:\/\/schema.org","@graph":[{"@type":["WebPage","ItemPage"],"@id":"https:\/\/vitablanca.ma\/produit\/swanson-triple-complexe-de-magnesium-400-mg-300-capsules-maroc\/","url":"https:\/\/vitablanca.ma\/produit\/swanson-triple-complexe-de-magnesium-400-mg-300-capsules-maroc\/","name":"\u0645\u0631\u0643\u0628 \u0627\u0644\u0645\u063a\u0646\u064a\u0633\u064a\u0648\u0645 \u0627\u0644\u062b\u0644\u0627\u062b\u064a \u0645\u0646 \u0633\u0648\u0627\u0646\u0633\u0648\u0646\u060c 400 \u0645\u0644\u063a\u060c 300 \u0643\u0628\u0633\u0648\u0644\u0629 - \u0627\u0644\u0645\u063a\u0631\u0628","isPartOf":{"@id":"https:\/\/vitablanca.ma\/#website"},"primaryImageOfPage":{"@id":"https:\/\/vitablanca.ma\/produit\/swanson-triple-complexe-de-magnesium-400-mg-300-capsules-maroc\/#primaryimage"},"image":{"@id":"https:\/\/vitablanca.ma\/produit\/swanson-triple-complexe-de-magnesium-400-mg-300-capsules-maroc\/#primaryimage"},"thumbnailUrl":"https:\/\/vitablanca.ma\/wp-content\/uploads\/2025\/06\/swanson-triple-complexe-de-magnesium-400-mg-300-c.jpg","datePublished":"2025-06-04T15:12:26+00:00","dateModified":"2025-08-30T21:21:12+00:00","description":"\u0627\u0634\u062a\u0631\u0650 \u0645\u0631\u0643\u0628 \u0633\u0648\u0627\u0646\u0633\u0648\u0646 \u0627\u0644\u062b\u0644\u0627\u062b\u064a \u0644\u0644\u0645\u063a\u0646\u064a\u0633\u064a\u0648\u0645 \u0628\u062a\u0631\u0643\u064a\u0632 \u0664\u0660\u0660 \u0645\u0644\u063a \u0645\u0646 \u0627\u0644\u0645\u063a\u0631\u0628. \u062a\u062d\u062a\u0648\u064a \u0647\u0630\u0647 \u0627\u0644\u0643\u0628\u0633\u0648\u0644\u0627\u062a\u060c \u0627\u0644\u062a\u064a \u064a\u0628\u0644\u063a \u0639\u062f\u062f\u0647\u0627 \u0663\u0660\u0660 \u0643\u0628\u0633\u0648\u0644\u0629\u060c \u0639\u0644\u0649 \u0645\u0632\u064a\u062c \u0645\u0646 \u062b\u0644\u0627\u062b\u0629 \u0623\u0646\u0648\u0627\u0639 \u0645\u0646 \u0627\u0644\u0645\u063a\u0646\u064a\u0633\u064a\u0648\u0645 \u0644\u062f\u0639\u0645 \u0645\u062b\u0627\u0644\u064a \u0644\u0648\u0638\u0627\u0626\u0641 \u0627\u0644\u0639\u0636\u0644\u0627\u062a\u060c \u0648\u0635\u062d\u0629 \u0627\u0644\u0639\u0638\u0627\u0645\u060c \u0648\u0627\u0644\u062c\u0647\u0627\u0632 \u0627\u0644\u0639\u0635\u0628\u064a. \u0645\u062b\u0627\u0644\u064a \u0644\u0644\u0627\u0633\u062a\u0631\u062e\u0627\u0621 \u0648\u0632\u064a\u0627\u062f\u0629 \u0627\u0644\u0637\u0627\u0642\u0629. \u062a\u0648\u0635\u064a\u0644 \u0633\u0631\u064a\u0639!","breadcrumb":{"@id":"https:\/\/vitablanca.ma\/produit\/swanson-triple-complexe-de-magnesium-400-mg-300-capsules-maroc\/#breadcrumb"},"inLanguage":"ar","potentialAction":[{"@type":"ReadAction","target":["https:\/\/vitablanca.ma\/produit\/swanson-triple-complexe-de-magnesium-400-mg-300-capsules-maroc\/"]}]},{"@type":"ImageObject","inLanguage":"ar","@id":"https:\/\/vitablanca.ma\/produit\/swanson-triple-complexe-de-magnesium-400-mg-300-capsules-maroc\/#primaryimage","url":"https:\/\/vitablanca.ma\/wp-content\/uploads\/2025\/06\/swanson-triple-complexe-de-magnesium-400-mg-300-c.jpg","contentUrl":"https:\/\/vitablanca.ma\/wp-content\/uploads\/2025\/06\/swanson-triple-complexe-de-magnesium-400-mg-300-c.jpg","width":680,"height":680},{"@type":"BreadcrumbList","@id":"https:\/\/vitablanca.ma\/produit\/swanson-triple-complexe-de-magnesium-400-mg-300-capsules-maroc\/#breadcrumb","itemListElement":[{"@type":"ListItem","position":1,"name":"Home","item":"https:\/\/vitablanca.ma\/"},{"@type":"ListItem","position":2,"name":"Tous Les Produits","item":"https:\/\/vitablanca.ma\/tous-les-produits\/"},{"@type":"ListItem","position":3,"name":"Swanson Triple complexe de magn\u00e9sium, 400 mg, 300 capsules"}]},{"@type":"WebSite","@id":"https:\/\/vitablanca.ma\/#website","url":"https:\/\/vitablanca.ma\/","name":"VitaBlanca.ma | \u0627\u0644\u0645\u0643\u0645\u0644\u0627\u062a \u0627\u0644\u063a\u0630\u0627\u0626\u064a\u0629\u060c \u0627\u0644\u0635\u062d\u0629 \u0648\u0627\u0644\u062c\u0645\u0627\u0644 \u0641\u064a \u0627\u0644\u0645\u063a\u0631\u0628","description":"\u0646\u0628\u064a\u0639 \u0641\u064a\u062a\u0627\u0645\u064a\u0646\u0627\u062a \u0648\u0645\u0643\u0645\u0644\u0627\u062a \u063a\u0630\u0627\u0626\u064a\u0629 \u0641\u0627\u062e\u0631\u0629 \u0645\u0646 \u0627\u0644\u0648\u0644\u0627\u064a\u0627\u062a \u0627\u0644\u0645\u062a\u062d\u062f\u0629 \u0627\u0644\u0623\u0645\u0631\u064a\u0643\u064a\u0629 \u0648\u0643\u0646\u062f\u0627 \u0648\u0646\u064a\u0648\u0632\u064a\u0644\u0646\u062f\u0627 \u0648\u0627\u0644\u0645\u063a\u0631\u0628 (\u0646\u0627\u0648 \u0641\u0648\u062f\u0632\u060c \u0633\u0648\u0644\u062c\u0627\u0631\u060c \u0645\u0627\u0646\u0648\u0643\u0627). \u062a\u0648\u0635\u064a\u0644 \u0633\u0631\u064a\u0639 \u0625\u0644\u0649 \u062c\u0645\u064a\u0639 \u0623\u0646\u062d\u0627\u0621 \u0627\u0644\u0645\u063a\u0631\u0628.","publisher":{"@id":"https:\/\/vitablanca.ma\/#organization"},"alternateName":"VitaBlanca.ma","potentialAction":[{"@type":"SearchAction","target":{"@type":"EntryPoint","urlTemplate":"https:\/\/vitablanca.ma\/?s={search_term_string}"},"query-input":{"@type":"PropertyValueSpecification","valueRequired":true,"valueName":"search_term_string"}}],"inLanguage":"ar"},{"@type":"Organization","@id":"https:\/\/vitablanca.ma\/#organization","name":"\u0641\u064a\u062a\u0627\u0628\u0644\u0627\u0646\u0643\u0627","url":"https:\/\/vitablanca.ma\/","logo":{"@type":"ImageObject","inLanguage":"ar","@id":"https:\/\/vitablanca.ma\/#\/schema\/logo\/image\/","url":"https:\/\/vitablanca.ma\/wp-content\/uploads\/2025\/05\/cropped-vitablanca.png","contentUrl":"https:\/\/vitablanca.ma\/wp-content\/uploads\/2025\/05\/cropped-vitablanca.png","width":360,"height":67,"caption":"VitaBlanca"},"image":{"@id":"https:\/\/vitablanca.ma\/#\/schema\/logo\/image\/"},"sameAs":["https:\/\/www.facebook.com\/profile.php?id=61576678196717","https:\/\/www.tiktok.com\/@vitablanca.ma","https:\/\/www.instagram.com\/vitablanca.ma\/"]}]}},"jetpack_sharing_enabled":true,"_links":{"self":[{"href":"https:\/\/vitablanca.ma\/ar\/wp-json\/wp\/v2\/product\/14424","targetHints":{"allow":["GET"]}}],"collection":[{"href":"https:\/\/vitablanca.ma\/ar\/wp-json\/wp\/v2\/product"}],"about":[{"href":"https:\/\/vitablanca.ma\/ar\/wp-json\/wp\/v2\/types\/product"}],"wp:featuredmedia":[{"embeddable":true,"href":"https:\/\/vitablanca.ma\/ar\/wp-json\/wp\/v2\/media\/14428"}],"wp:attachment":[{"href":"https:\/\/vitablanca.ma\/ar\/wp-json\/wp\/v2\/media?parent=14424"}],"wp:term":[{"taxonomy":"product_brand","embeddable":true,"href":"https:\/\/vitablanca.ma\/ar\/wp-json\/wp\/v2\/product_brand?post=14424"},{"taxonomy":"product_cat","embeddable":true,"href":"https:\/\/vitablanca.ma\/ar\/wp-json\/wp\/v2\/product_cat?post=14424"},{"taxonomy":"product_tag","embeddable":true,"href":"https:\/\/vitablanca.ma\/ar\/wp-json\/wp\/v2\/product_tag?post=14424"}],"curies":[{"name":"wp","href":"https:\/\/api.w.org\/{rel}","templated":true}]}}