{"id":14227,"date":"2025-06-03T15:26:35","date_gmt":"2025-06-03T15:26:35","guid":{"rendered":"https:\/\/vitablanca.ma\/?post_type=product&#038;p=14227"},"modified":"2025-12-02T20:58:24","modified_gmt":"2025-12-02T20:58:24","slug":"natures-way-st-johns-wort-herbe-de-millepertuis-180-capsules-vegan-maroc","status":"publish","type":"product","link":"https:\/\/vitablanca.ma\/ar\/product-2\/natures-way-st-johns-wort-herbe-de-millepertuis-180-capsules-vegan-maroc\/","title":{"rendered":"Nature&rsquo;S Way St. John&rsquo;s Wort &#8211; Herbe de millepertuis &#8211; 180 capsules vegan"},"content":{"rendered":"<p>Le millepertuis \u2013 180 capsules de Nature\u2019s Way\u00ae est un produit \u00e0 base de plantes tr\u00e8s populaire qui pourrait \u00eatre en mesure de promouvoir une humeur positive. Ce suppl\u00e9ment contient un extrait hautement concentr\u00e9 obtenu \u00e0 partir des feuilles et des fleurs de la plante millepertuis. Hypericum perforatum ou millepertuis est une plante \u00e0 fleurs originaire d\u2019Europe et exploit\u00e9e pour sa valeur m\u00e9dicinale depuis des si\u00e8cles.<\/p>\n\n\n\n<p>Le stress mental semble \u00eatre end\u00e9mique en raison du mode de vie moderne et de plus en plus de personnes essaient d\u2019emprunter une voie naturelle vers une vie saine. C\u2019est l\u00e0 qu\u2019un suppl\u00e9ment puissant comme celui-ci de Nature\u2019s Way\u00ae pourrait \u00eatre en mesure d\u2019aider. Le millepertuis contient deux composants\u201a l\u2019hypericine et l\u2019hyperforine. L\u2019hyp\u00e9ricine pourrait avoir des propri\u00e9t\u00e9s antibiotiques tandis que l\u2019hyperforine pourrait avoir des avantages antibact\u00e9riens et anti-inflammatoires.<\/p>\n\n\n\n<p>Veuillez garder \u00e0 l\u2019esprit que ce suppl\u00e9ment ne doit pas \u00eatre pris\u201a pendant que vous prenez des m\u00e9dicaments sur ordonnance\u201a sans l\u2019avis de votre m\u00e9decin. Veuillez \u00e9galement \u00e9viter une surexposition aux rayons UV lors de l\u2019utilisation de ce suppl\u00e9ment. Les femmes enceintes ou allaitantes ne doivent pas utiliser ces g\u00e9lules.<\/p>\n\n\n\n<p>Le millepertuis \u2013 180 capsules de Nature\u2019s Way\u00ae peut avoir la capacit\u00e9 d\u2019am\u00e9liorer votre humeur et de promouvoir une vision positive de la vie.<a href=\"https:\/\/www.jumia.ma\/customer\/account\/login\/?tkWl=NA200DV1FW1E7NAFAMZ-50531276&return=%2Fnatures-way-st.-johns-wort-herbe-de-millepertuis-180-capsules-vegan-51255178.html\"><\/a><\/p>","protected":false},"excerpt":{"rendered":"<ul>\n<li>\u064a\u0639\u0632\u0632 \u0627\u0644\u0645\u0632\u0627\u062c \u0627\u0644\u062c\u064a\u062f<\/li>\n<li>Certifi\u00e9e authentique par TRU-ID\u2122<\/li>\n<li>Projet sans OGM v\u00e9rifi\u00e9<\/li>\n<li>700 mg par portion<\/li>\n<li>\u0645\u0643\u0645\u0644 \u063a\u0630\u0627\u0626\u064a<\/li>\n<li>\u0645\u0646\u062a\u062c \u0646\u0628\u0627\u062a\u064a<\/li>\n<\/ul>","protected":false},"featured_media":14228,"template":"","meta":{"om_disable_all_campaigns":false},"product_brand":[2144],"product_cat":[18,3366,586,104,19],"product_tag":[2154,2147,2151,2148,2156,2153,2149,2145,2146],"class_list":{"0":"post-14227","1":"product","2":"type-product","3":"status-publish","4":"has-post-thumbnail","6":"product_brand-natures-way","7":"product_cat-beaute-sante","8":"product_cat-complements-alimentaires-au-maroc-vitablanca","9":"product_cat-st-johns-wort","10":"product_cat-supplements-a-base-de-plantes","11":"product_cat-vitamines-supplements-dietetiques","12":"product_tag-180-capsules-veganes","13":"product_tag-convient-a-un-usage-quotidien","14":"product_tag-formule-vegetale-sans-ogm","15":"product_tag-herbe-de-millepertuis-de-haute-qualite","16":"product_tag-livraison-express-partout-au-maroc","17":"product_tag-marque-reputee-natures-way","18":"product_tag-plante-traditionnelle-pour-le-bien-etre-mental","19":"product_tag-sans-gluten-ni-produits-laitiers","20":"product_tag-soutient-lequilibre-emotionnel-et-lhumeur-positive","22":"first","23":"instock","24":"sale","25":"taxable","26":"shipping-taxable","27":"purchasable","28":"product-type-simple"},"yoast_head":"<!-- This site is optimized with the Yoast SEO plugin v27.6 - https:\/\/yoast.com\/product\/yoast-seo-wordpress\/ -->\n<title>Nature&#039;S Way St. John&#039;s Wort - Herbe de millepertuis - Maroc Prix<\/title>\n<meta name=\"description\" content=\"St. John&#039;s Wort (Millepertuis) au Maroc. Ces 180 capsules aident \u00e0 soutenir une humeur \u00e9quilibr\u00e9e, \u00e0 r\u00e9duire le stress l\u00e9ger et \u00e0 favoriser un bien-\u00eatre \u00e9motionnel g\u00e9n\u00e9ral.\" \/>\n<meta name=\"robots\" content=\"index, follow, max-snippet:-1, max-image-preview:large, max-video-preview:-1\" \/>\n<link rel=\"canonical\" href=\"https:\/\/vitablanca.ma\/ar\/product-2\/natures-way-st-johns-wort-herbe-de-millepertuis-180-capsules-vegan-maroc\/\" \/>\n<meta property=\"og:locale\" content=\"ar_AR\" \/>\n<meta property=\"og:type\" content=\"article\" \/>\n<meta property=\"og:title\" content=\"Nature&#039;S Way St. John&#039;s Wort - Herbe de millepertuis - Maroc Prix\" \/>\n<meta property=\"og:description\" content=\"St. John&#039;s Wort (Millepertuis) au Maroc. Ces 180 capsules aident \u00e0 soutenir une humeur \u00e9quilibr\u00e9e, \u00e0 r\u00e9duire le stress l\u00e9ger et \u00e0 favoriser un bien-\u00eatre \u00e9motionnel g\u00e9n\u00e9ral.\" \/>\n<meta property=\"og:url\" content=\"https:\/\/vitablanca.ma\/ar\/product-2\/natures-way-st-johns-wort-herbe-de-millepertuis-180-capsules-vegan-maroc\/\" \/>\n<meta property=\"og:site_name\" content=\"Vitablanca.ma &ndash; Sant&eacute;, vitalit&eacute; et bien-&ecirc;tre pour tous les Marocains\" \/>\n<meta property=\"article:publisher\" content=\"https:\/\/www.facebook.com\/profile.php?id=61576678196717\" \/>\n<meta property=\"article:modified_time\" content=\"2025-12-02T20:58:24+00:00\" \/>\n<meta property=\"og:image\" content=\"https:\/\/vitablanca.ma\/wp-content\/uploads\/2025\/06\/natures-way-st.-johns-wort-herbe-de-millepertuis-180-capsules-vegan-.jpg\" \/>\n\t<meta property=\"og:image:width\" content=\"680\" \/>\n\t<meta property=\"og:image:height\" content=\"680\" \/>\n\t<meta property=\"og:image:type\" content=\"image\/jpeg\" \/>\n<meta name=\"twitter:card\" content=\"summary_large_image\" \/>\n<meta name=\"twitter:label1\" content=\"\u0648\u0642\u062a \u0627\u0644\u0642\u0631\u0627\u0621\u0629 \u0627\u0644\u0645\u064f\u0642\u062f\u0651\u0631\" \/>\n\t<meta name=\"twitter:data1\" content=\"\u062f\u0642\u064a\u0642\u062a\u0627\u0646\" \/>\n<script type=\"application\/ld+json\" class=\"yoast-schema-graph\">{\"@context\":\"https:\\\/\\\/schema.org\",\"@graph\":[{\"@type\":[\"WebPage\",\"ItemPage\"],\"@id\":\"https:\\\/\\\/vitablanca.ma\\\/produit\\\/natures-way-st-johns-wort-herbe-de-millepertuis-180-capsules-vegan-maroc\\\/\",\"url\":\"https:\\\/\\\/vitablanca.ma\\\/produit\\\/natures-way-st-johns-wort-herbe-de-millepertuis-180-capsules-vegan-maroc\\\/\",\"name\":\"Nature'S Way St. John's Wort - Herbe de millepertuis - Maroc Prix\",\"isPartOf\":{\"@id\":\"https:\\\/\\\/vitablanca.ma\\\/#website\"},\"primaryImageOfPage\":{\"@id\":\"https:\\\/\\\/vitablanca.ma\\\/produit\\\/natures-way-st-johns-wort-herbe-de-millepertuis-180-capsules-vegan-maroc\\\/#primaryimage\"},\"image\":{\"@id\":\"https:\\\/\\\/vitablanca.ma\\\/produit\\\/natures-way-st-johns-wort-herbe-de-millepertuis-180-capsules-vegan-maroc\\\/#primaryimage\"},\"thumbnailUrl\":\"https:\\\/\\\/vitablanca.ma\\\/wp-content\\\/uploads\\\/2025\\\/06\\\/natures-way-st.-johns-wort-herbe-de-millepertuis-180-capsules-vegan-.jpg\",\"datePublished\":\"2025-06-03T15:26:35+00:00\",\"dateModified\":\"2025-12-02T20:58:24+00:00\",\"description\":\"St. John's Wort (Millepertuis) au Maroc. Ces 180 capsules aident \u00e0 soutenir une humeur \u00e9quilibr\u00e9e, \u00e0 r\u00e9duire le stress l\u00e9ger et \u00e0 favoriser un bien-\u00eatre \u00e9motionnel g\u00e9n\u00e9ral.\",\"breadcrumb\":{\"@id\":\"https:\\\/\\\/vitablanca.ma\\\/produit\\\/natures-way-st-johns-wort-herbe-de-millepertuis-180-capsules-vegan-maroc\\\/#breadcrumb\"},\"inLanguage\":\"ar\",\"potentialAction\":[{\"@type\":\"ReadAction\",\"target\":[\"https:\\\/\\\/vitablanca.ma\\\/produit\\\/natures-way-st-johns-wort-herbe-de-millepertuis-180-capsules-vegan-maroc\\\/\"]}]},{\"@type\":\"ImageObject\",\"inLanguage\":\"ar\",\"@id\":\"https:\\\/\\\/vitablanca.ma\\\/produit\\\/natures-way-st-johns-wort-herbe-de-millepertuis-180-capsules-vegan-maroc\\\/#primaryimage\",\"url\":\"https:\\\/\\\/vitablanca.ma\\\/wp-content\\\/uploads\\\/2025\\\/06\\\/natures-way-st.-johns-wort-herbe-de-millepertuis-180-capsules-vegan-.jpg\",\"contentUrl\":\"https:\\\/\\\/vitablanca.ma\\\/wp-content\\\/uploads\\\/2025\\\/06\\\/natures-way-st.-johns-wort-herbe-de-millepertuis-180-capsules-vegan-.jpg\",\"width\":680,\"height\":680},{\"@type\":\"BreadcrumbList\",\"@id\":\"https:\\\/\\\/vitablanca.ma\\\/produit\\\/natures-way-st-johns-wort-herbe-de-millepertuis-180-capsules-vegan-maroc\\\/#breadcrumb\",\"itemListElement\":[{\"@type\":\"ListItem\",\"position\":1,\"name\":\"Home\",\"item\":\"https:\\\/\\\/vitablanca.ma\\\/\"},{\"@type\":\"ListItem\",\"position\":2,\"name\":\"Tous Les Produits\",\"item\":\"https:\\\/\\\/vitablanca.ma\\\/tous-les-produits\\\/\"},{\"@type\":\"ListItem\",\"position\":3,\"name\":\"Nature&#8217;S Way St. John&#8217;s Wort &#8211; Herbe de millepertuis &#8211; 180 capsules vegan\"}]},{\"@type\":\"WebSite\",\"@id\":\"https:\\\/\\\/vitablanca.ma\\\/#website\",\"url\":\"https:\\\/\\\/vitablanca.ma\\\/\",\"name\":\"VitaBlanca.ma | Compl\u00e9ments alimentaires, sant\u00e9 & beaut\u00e9 au Maroc\",\"description\":\"vendre vitamines et compl\u00e9ments premium des USA &amp; Canada, Nouvelle Z\u00e9lande,Maroc (NOW Foods, Solgar, Manuka). Livraison rapide partout au Maroc.\",\"publisher\":{\"@id\":\"https:\\\/\\\/vitablanca.ma\\\/#organization\"},\"alternateName\":\"VitaBlanca.ma\",\"potentialAction\":[{\"@type\":\"SearchAction\",\"target\":{\"@type\":\"EntryPoint\",\"urlTemplate\":\"https:\\\/\\\/vitablanca.ma\\\/?s={search_term_string}\"},\"query-input\":{\"@type\":\"PropertyValueSpecification\",\"valueRequired\":true,\"valueName\":\"search_term_string\"}}],\"inLanguage\":\"ar\"},{\"@type\":\"Organization\",\"@id\":\"https:\\\/\\\/vitablanca.ma\\\/#organization\",\"name\":\"VitaBlanca\",\"url\":\"https:\\\/\\\/vitablanca.ma\\\/\",\"logo\":{\"@type\":\"ImageObject\",\"inLanguage\":\"ar\",\"@id\":\"https:\\\/\\\/vitablanca.ma\\\/#\\\/schema\\\/logo\\\/image\\\/\",\"url\":\"https:\\\/\\\/vitablanca.ma\\\/wp-content\\\/uploads\\\/2025\\\/05\\\/cropped-vitablanca.png\",\"contentUrl\":\"https:\\\/\\\/vitablanca.ma\\\/wp-content\\\/uploads\\\/2025\\\/05\\\/cropped-vitablanca.png\",\"width\":360,\"height\":67,\"caption\":\"VitaBlanca\"},\"image\":{\"@id\":\"https:\\\/\\\/vitablanca.ma\\\/#\\\/schema\\\/logo\\\/image\\\/\"},\"sameAs\":[\"https:\\\/\\\/www.facebook.com\\\/profile.php?id=61576678196717\",\"https:\\\/\\\/www.tiktok.com\\\/@vitablanca.ma\",\"https:\\\/\\\/www.instagram.com\\\/vitablanca.ma\\\/\"]}]}<\/script>\n<!-- \/ Yoast SEO plugin. -->","yoast_head_json":{"title":"Nature'S Way St. John's Wort - Herbe de millepertuis - Maroc Prix","description":"St. John's Wort (Millepertuis) au Maroc. Ces 180 capsules aident \u00e0 soutenir une humeur \u00e9quilibr\u00e9e, \u00e0 r\u00e9duire le stress l\u00e9ger et \u00e0 favoriser un bien-\u00eatre \u00e9motionnel g\u00e9n\u00e9ral.","robots":{"index":"index","follow":"follow","max-snippet":"max-snippet:-1","max-image-preview":"max-image-preview:large","max-video-preview":"max-video-preview:-1"},"canonical":"https:\/\/vitablanca.ma\/ar\/product-2\/natures-way-st-johns-wort-herbe-de-millepertuis-180-capsules-vegan-maroc\/","og_locale":"ar_AR","og_type":"article","og_title":"Nature'S Way St. John's Wort - Herbe de millepertuis - Maroc Prix","og_description":"St. John's Wort (Millepertuis) au Maroc. Ces 180 capsules aident \u00e0 soutenir une humeur \u00e9quilibr\u00e9e, \u00e0 r\u00e9duire le stress l\u00e9ger et \u00e0 favoriser un bien-\u00eatre \u00e9motionnel g\u00e9n\u00e9ral.","og_url":"https:\/\/vitablanca.ma\/ar\/product-2\/natures-way-st-johns-wort-herbe-de-millepertuis-180-capsules-vegan-maroc\/","og_site_name":"Vitablanca.ma &ndash; Sant&eacute;, vitalit&eacute; et bien-&ecirc;tre pour tous les Marocains","article_publisher":"https:\/\/www.facebook.com\/profile.php?id=61576678196717","article_modified_time":"2025-12-02T20:58:24+00:00","og_image":[{"width":680,"height":680,"url":"https:\/\/vitablanca.ma\/wp-content\/uploads\/2025\/06\/natures-way-st.-johns-wort-herbe-de-millepertuis-180-capsules-vegan-.jpg","type":"image\/jpeg"}],"twitter_card":"summary_large_image","twitter_misc":{"\u0648\u0642\u062a \u0627\u0644\u0642\u0631\u0627\u0621\u0629 \u0627\u0644\u0645\u064f\u0642\u062f\u0651\u0631":"\u062f\u0642\u064a\u0642\u062a\u0627\u0646"},"schema":{"@context":"https:\/\/schema.org","@graph":[{"@type":["WebPage","ItemPage"],"@id":"https:\/\/vitablanca.ma\/produit\/natures-way-st-johns-wort-herbe-de-millepertuis-180-capsules-vegan-maroc\/","url":"https:\/\/vitablanca.ma\/produit\/natures-way-st-johns-wort-herbe-de-millepertuis-180-capsules-vegan-maroc\/","name":"Nature'S Way St. John's Wort - Herbe de millepertuis - Maroc Prix","isPartOf":{"@id":"https:\/\/vitablanca.ma\/#website"},"primaryImageOfPage":{"@id":"https:\/\/vitablanca.ma\/produit\/natures-way-st-johns-wort-herbe-de-millepertuis-180-capsules-vegan-maroc\/#primaryimage"},"image":{"@id":"https:\/\/vitablanca.ma\/produit\/natures-way-st-johns-wort-herbe-de-millepertuis-180-capsules-vegan-maroc\/#primaryimage"},"thumbnailUrl":"https:\/\/vitablanca.ma\/wp-content\/uploads\/2025\/06\/natures-way-st.-johns-wort-herbe-de-millepertuis-180-capsules-vegan-.jpg","datePublished":"2025-06-03T15:26:35+00:00","dateModified":"2025-12-02T20:58:24+00:00","description":"St. John's Wort (Millepertuis) au Maroc. Ces 180 capsules aident \u00e0 soutenir une humeur \u00e9quilibr\u00e9e, \u00e0 r\u00e9duire le stress l\u00e9ger et \u00e0 favoriser un bien-\u00eatre \u00e9motionnel g\u00e9n\u00e9ral.","breadcrumb":{"@id":"https:\/\/vitablanca.ma\/produit\/natures-way-st-johns-wort-herbe-de-millepertuis-180-capsules-vegan-maroc\/#breadcrumb"},"inLanguage":"ar","potentialAction":[{"@type":"ReadAction","target":["https:\/\/vitablanca.ma\/produit\/natures-way-st-johns-wort-herbe-de-millepertuis-180-capsules-vegan-maroc\/"]}]},{"@type":"ImageObject","inLanguage":"ar","@id":"https:\/\/vitablanca.ma\/produit\/natures-way-st-johns-wort-herbe-de-millepertuis-180-capsules-vegan-maroc\/#primaryimage","url":"https:\/\/vitablanca.ma\/wp-content\/uploads\/2025\/06\/natures-way-st.-johns-wort-herbe-de-millepertuis-180-capsules-vegan-.jpg","contentUrl":"https:\/\/vitablanca.ma\/wp-content\/uploads\/2025\/06\/natures-way-st.-johns-wort-herbe-de-millepertuis-180-capsules-vegan-.jpg","width":680,"height":680},{"@type":"BreadcrumbList","@id":"https:\/\/vitablanca.ma\/produit\/natures-way-st-johns-wort-herbe-de-millepertuis-180-capsules-vegan-maroc\/#breadcrumb","itemListElement":[{"@type":"ListItem","position":1,"name":"Home","item":"https:\/\/vitablanca.ma\/"},{"@type":"ListItem","position":2,"name":"Tous Les Produits","item":"https:\/\/vitablanca.ma\/tous-les-produits\/"},{"@type":"ListItem","position":3,"name":"Nature&#8217;S Way St. John&#8217;s Wort &#8211; Herbe de millepertuis &#8211; 180 capsules vegan"}]},{"@type":"WebSite","@id":"https:\/\/vitablanca.ma\/#website","url":"https:\/\/vitablanca.ma\/","name":"VitaBlanca.ma | \u0627\u0644\u0645\u0643\u0645\u0644\u0627\u062a \u0627\u0644\u063a\u0630\u0627\u0626\u064a\u0629\u060c \u0627\u0644\u0635\u062d\u0629 \u0648\u0627\u0644\u062c\u0645\u0627\u0644 \u0641\u064a \u0627\u0644\u0645\u063a\u0631\u0628","description":"\u0646\u0628\u064a\u0639 \u0641\u064a\u062a\u0627\u0645\u064a\u0646\u0627\u062a \u0648\u0645\u0643\u0645\u0644\u0627\u062a \u063a\u0630\u0627\u0626\u064a\u0629 \u0641\u0627\u062e\u0631\u0629 \u0645\u0646 \u0627\u0644\u0648\u0644\u0627\u064a\u0627\u062a \u0627\u0644\u0645\u062a\u062d\u062f\u0629 \u0627\u0644\u0623\u0645\u0631\u064a\u0643\u064a\u0629 \u0648\u0643\u0646\u062f\u0627 \u0648\u0646\u064a\u0648\u0632\u064a\u0644\u0646\u062f\u0627 \u0648\u0627\u0644\u0645\u063a\u0631\u0628 (\u0646\u0627\u0648 \u0641\u0648\u062f\u0632\u060c \u0633\u0648\u0644\u062c\u0627\u0631\u060c \u0645\u0627\u0646\u0648\u0643\u0627). \u062a\u0648\u0635\u064a\u0644 \u0633\u0631\u064a\u0639 \u0625\u0644\u0649 \u062c\u0645\u064a\u0639 \u0623\u0646\u062d\u0627\u0621 \u0627\u0644\u0645\u063a\u0631\u0628.","publisher":{"@id":"https:\/\/vitablanca.ma\/#organization"},"alternateName":"VitaBlanca.ma","potentialAction":[{"@type":"SearchAction","target":{"@type":"EntryPoint","urlTemplate":"https:\/\/vitablanca.ma\/?s={search_term_string}"},"query-input":{"@type":"PropertyValueSpecification","valueRequired":true,"valueName":"search_term_string"}}],"inLanguage":"ar"},{"@type":"Organization","@id":"https:\/\/vitablanca.ma\/#organization","name":"\u0641\u064a\u062a\u0627\u0628\u0644\u0627\u0646\u0643\u0627","url":"https:\/\/vitablanca.ma\/","logo":{"@type":"ImageObject","inLanguage":"ar","@id":"https:\/\/vitablanca.ma\/#\/schema\/logo\/image\/","url":"https:\/\/vitablanca.ma\/wp-content\/uploads\/2025\/05\/cropped-vitablanca.png","contentUrl":"https:\/\/vitablanca.ma\/wp-content\/uploads\/2025\/05\/cropped-vitablanca.png","width":360,"height":67,"caption":"VitaBlanca"},"image":{"@id":"https:\/\/vitablanca.ma\/#\/schema\/logo\/image\/"},"sameAs":["https:\/\/www.facebook.com\/profile.php?id=61576678196717","https:\/\/www.tiktok.com\/@vitablanca.ma","https:\/\/www.instagram.com\/vitablanca.ma\/"]}]}},"jetpack_sharing_enabled":true,"_links":{"self":[{"href":"https:\/\/vitablanca.ma\/ar\/wp-json\/wp\/v2\/product\/14227","targetHints":{"allow":["GET"]}}],"collection":[{"href":"https:\/\/vitablanca.ma\/ar\/wp-json\/wp\/v2\/product"}],"about":[{"href":"https:\/\/vitablanca.ma\/ar\/wp-json\/wp\/v2\/types\/product"}],"wp:featuredmedia":[{"embeddable":true,"href":"https:\/\/vitablanca.ma\/ar\/wp-json\/wp\/v2\/media\/14228"}],"wp:attachment":[{"href":"https:\/\/vitablanca.ma\/ar\/wp-json\/wp\/v2\/media?parent=14227"}],"wp:term":[{"taxonomy":"product_brand","embeddable":true,"href":"https:\/\/vitablanca.ma\/ar\/wp-json\/wp\/v2\/product_brand?post=14227"},{"taxonomy":"product_cat","embeddable":true,"href":"https:\/\/vitablanca.ma\/ar\/wp-json\/wp\/v2\/product_cat?post=14227"},{"taxonomy":"product_tag","embeddable":true,"href":"https:\/\/vitablanca.ma\/ar\/wp-json\/wp\/v2\/product_tag?post=14227"}],"curies":[{"name":"wp","href":"https:\/\/api.w.org\/{rel}","templated":true}]}}