{"id":14224,"date":"2025-06-03T15:16:24","date_gmt":"2025-06-03T15:16:24","guid":{"rendered":"https:\/\/vitablanca.ma\/?post_type=product&#038;p=14224"},"modified":"2025-08-30T21:21:15","modified_gmt":"2025-08-30T21:21:15","slug":"california-gold-nutrition-benfotiamine-300-mg-90-capsules-vegetales-maroc","status":"publish","type":"product","link":"https:\/\/vitablanca.ma\/ar\/product-2\/california-gold-nutrition-benfotiamine-300-mg-90-capsules-vegetales-maroc\/","title":{"rendered":"\u0643\u0627\u0644\u064a\u0641\u0648\u0631\u0646\u064a\u0627 \u062c\u0648\u0644\u062f \u0646\u064a\u0648\u062a\u0631\u064a\u0634\u0646\u060c \u0628\u0646\u0641\u0648\u062a\u064a\u0627\u0645\u064a\u0646\u060c 300 \u0645\u0644\u063a\u060c 90 \u0643\u0628\u0633\u0648\u0644\u0629 \u0646\u0628\u0627\u062a\u064a\u0629"},"content":{"rendered":"<p>BenfoPure\u00ae est une marque de benfotiamine qui a \u00e9t\u00e9 con\u00e7ue pour fournir un soutien nutritionnel permettant une glyc\u00e9mie saine.* Contrairement \u00e0 la forme standard de thiamine, qui est hydrosoluble, BenfoPure\u00ae est liposoluble. Cela permet une biodisponibilit\u00e9 accrue dans le corps et signifie qu&rsquo;elle est beaucoup plus active que les formes standard de thiamine.<\/p>\n\n\n\n<p>La glyc\u00e9mie et votre sant\u00e9<\/p>\n\n\n\n<p>Chacun sait que l&rsquo;exc\u00e8s de sucre peut entra\u00eener une prise de poids, mais il peut \u00e9galement causer d&rsquo;autres probl\u00e8mes de sant\u00e9 plus graves. L&rsquo;Organisation mondiale de la sant\u00e9 (OMS) recommande de maintenir une glyc\u00e9mie saine afin de rester en bonne sant\u00e9 et de pr\u00e9venir les affections pouvant atteindre le c\u0153ur, les reins, le cerveau et le syst\u00e8me nerveux.<\/p>\n\n\n\n<p>La benfotiamine de California Gold Nutrition contient BenfoPure\u00ae et de la L-leucine dans des capsules v\u00e9g\u00e9tales. En utilisant le produit comme indiqu\u00e9, vous b\u00e9n\u00e9ficiez d&rsquo;une r\u00e9serve de trois mois.<\/p>\n\n\n\n<p>\u0627\u0644\u0627\u0633\u062a\u062e\u062f\u0627\u0645 \u0627\u0644\u0645\u0642\u062a\u0631\u062d<\/p>\n\n\n\n<p>Prenez 1 capsule par jour, avec ou sans nourriture.<a href=\"https:\/\/www.jumia.ma\/customer\/account\/login\/?tkWl=CA319DV1GRB8RNAFAMZ-50625624&amp;return=%2Fcalifornia-gold-nutrition-benfotiamine-300-mg-90-capsules-vegetales-51341688.html\"><\/a><\/p>","protected":false},"excerpt":{"rendered":"<ul>\n<li>Benfotiamine, 300 mgde California Gold Nutrition<\/li>\n<li>Avec benfotiamine BenfoPure\u00ae<\/li>\n<li>Adapt\u00e9 aux v\u00e9g\u00e9tariens et aux v\u00e9gans<\/li>\n<li>Renforce le m\u00e9tabolisme du glucose*<\/li>\n<li>Formul\u00e9e sans gluten, sans OGM, ni soja<\/li>\n<li>Garantie 100 % Gold<\/li>\n<li>La benfotiamine est un d\u00e9riv\u00e9 de la thiamine, une vitamine B essentielle \u00e0 la production d&rsquo;\u00e9nergie.<\/li>\n<li>Compl\u00e9ter votre alimentation avec de la benfotiamine peut favoriser la m\u00e9tabolisation naturelle du glucose par votre organisme, ce qui peut aider \u00e0 maintenir une glyc\u00e9mie saine.<\/li>\n<li>Produit formul\u00e9 avec de la benfotiamine BenfoPure\u00ae<\/li>\n<\/ul>","protected":false},"featured_media":14225,"template":"","meta":{"om_disable_all_campaigns":false},"product_brand":[],"product_cat":[18,3366,20,19],"product_tag":[2136,2139,2140,2137,1999,2141,2138,2142,2143],"class_list":{"0":"post-14224","1":"product","2":"type-product","3":"status-publish","4":"has-post-thumbnail","6":"product_cat-beaute-sante","7":"product_cat-complements-alimentaires-au-maroc-vitablanca","8":"product_cat-supplements","9":"product_cat-vitamines-supplements-dietetiques","10":"product_tag-300-mg-de-benfotiamine-par-capsule","11":"product_tag-90-jours-dutilisation-continue","12":"product_tag-aide-a-reguler-la-glycemie","13":"product_tag-capsules-vegetales-sans-ogm","14":"product_tag-convient-aux-vegetariens-et-vegetaliens","15":"product_tag-forme-active-et-biodisponible-de-la-vitamine-b1","16":"product_tag-qualite-california-gold-nutrition","17":"product_tag-sans-gluten-ni-soja","18":"product_tag-soutient-la-sante-nerveuse","20":"first","21":"instock","22":"taxable","23":"shipping-taxable","24":"purchasable","25":"product-type-simple"},"yoast_head":"<!-- This site is optimized with the Yoast SEO plugin v27.4 - https:\/\/yoast.com\/product\/yoast-seo-wordpress\/ -->\n<title>California Gold Nutrition Benfotiamine, 300 mg, 90 capsules- Maroc<\/title>\n<meta name=\"description\" content=\"Achetez California Gold Nutrition Benfotiamine 300 mg au Maroc. Ces 90 capsules , avec BenfoPure\u00ae, offrent une forme liposoluble de vitamine B1 au Maroc!\" \/>\n<meta name=\"robots\" content=\"index, follow, max-snippet:-1, max-image-preview:large, max-video-preview:-1\" \/>\n<link rel=\"canonical\" href=\"https:\/\/vitablanca.ma\/ar\/product-2\/california-gold-nutrition-benfotiamine-300-mg-90-capsules-vegetales-maroc\/\" \/>\n<meta property=\"og:locale\" content=\"ar_AR\" \/>\n<meta property=\"og:type\" content=\"article\" \/>\n<meta property=\"og:title\" content=\"California Gold Nutrition Benfotiamine, 300 mg, 90 capsules- Maroc\" \/>\n<meta property=\"og:description\" content=\"Achetez California Gold Nutrition Benfotiamine 300 mg au Maroc. Ces 90 capsules , avec BenfoPure\u00ae, offrent une forme liposoluble de vitamine B1 au Maroc!\" \/>\n<meta property=\"og:url\" content=\"https:\/\/vitablanca.ma\/ar\/product-2\/california-gold-nutrition-benfotiamine-300-mg-90-capsules-vegetales-maroc\/\" \/>\n<meta property=\"og:site_name\" content=\"Vitablanca.ma &ndash; Sant&eacute;, vitalit&eacute; et bien-&ecirc;tre pour tous les Marocains\" \/>\n<meta property=\"article:publisher\" content=\"https:\/\/www.facebook.com\/profile.php?id=61576678196717\" \/>\n<meta property=\"article:modified_time\" content=\"2025-08-30T21:21:15+00:00\" \/>\n<meta property=\"og:image\" content=\"https:\/\/vitablanca.ma\/wp-content\/uploads\/2025\/06\/california-gold-nutrition-benfotiamine-300-mg-90-capsules-vegetales-.jpg\" \/>\n\t<meta property=\"og:image:width\" content=\"680\" \/>\n\t<meta property=\"og:image:height\" content=\"680\" \/>\n\t<meta property=\"og:image:type\" content=\"image\/jpeg\" \/>\n<meta name=\"twitter:card\" content=\"summary_large_image\" \/>\n<meta name=\"twitter:label1\" content=\"\u0648\u0642\u062a \u0627\u0644\u0642\u0631\u0627\u0621\u0629 \u0627\u0644\u0645\u064f\u0642\u062f\u0651\u0631\" \/>\n\t<meta name=\"twitter:data1\" content=\"\u062f\u0642\u064a\u0642\u0629 \u0648\u0627\u062d\u062f\u0629\" \/>\n<script type=\"application\/ld+json\" class=\"yoast-schema-graph\">{\"@context\":\"https:\\\/\\\/schema.org\",\"@graph\":[{\"@type\":[\"WebPage\",\"ItemPage\"],\"@id\":\"https:\\\/\\\/vitablanca.ma\\\/produit\\\/california-gold-nutrition-benfotiamine-300-mg-90-capsules-vegetales-maroc\\\/\",\"url\":\"https:\\\/\\\/vitablanca.ma\\\/produit\\\/california-gold-nutrition-benfotiamine-300-mg-90-capsules-vegetales-maroc\\\/\",\"name\":\"California Gold Nutrition Benfotiamine, 300 mg, 90 capsules- Maroc\",\"isPartOf\":{\"@id\":\"https:\\\/\\\/vitablanca.ma\\\/#website\"},\"primaryImageOfPage\":{\"@id\":\"https:\\\/\\\/vitablanca.ma\\\/produit\\\/california-gold-nutrition-benfotiamine-300-mg-90-capsules-vegetales-maroc\\\/#primaryimage\"},\"image\":{\"@id\":\"https:\\\/\\\/vitablanca.ma\\\/produit\\\/california-gold-nutrition-benfotiamine-300-mg-90-capsules-vegetales-maroc\\\/#primaryimage\"},\"thumbnailUrl\":\"https:\\\/\\\/vitablanca.ma\\\/wp-content\\\/uploads\\\/2025\\\/06\\\/california-gold-nutrition-benfotiamine-300-mg-90-capsules-vegetales-.jpg\",\"datePublished\":\"2025-06-03T15:16:24+00:00\",\"dateModified\":\"2025-08-30T21:21:15+00:00\",\"description\":\"Achetez California Gold Nutrition Benfotiamine 300 mg au Maroc. Ces 90 capsules , avec BenfoPure\u00ae, offrent une forme liposoluble de vitamine B1 au Maroc!\",\"breadcrumb\":{\"@id\":\"https:\\\/\\\/vitablanca.ma\\\/produit\\\/california-gold-nutrition-benfotiamine-300-mg-90-capsules-vegetales-maroc\\\/#breadcrumb\"},\"inLanguage\":\"ar\",\"potentialAction\":[{\"@type\":\"ReadAction\",\"target\":[\"https:\\\/\\\/vitablanca.ma\\\/produit\\\/california-gold-nutrition-benfotiamine-300-mg-90-capsules-vegetales-maroc\\\/\"]}]},{\"@type\":\"ImageObject\",\"inLanguage\":\"ar\",\"@id\":\"https:\\\/\\\/vitablanca.ma\\\/produit\\\/california-gold-nutrition-benfotiamine-300-mg-90-capsules-vegetales-maroc\\\/#primaryimage\",\"url\":\"https:\\\/\\\/vitablanca.ma\\\/wp-content\\\/uploads\\\/2025\\\/06\\\/california-gold-nutrition-benfotiamine-300-mg-90-capsules-vegetales-.jpg\",\"contentUrl\":\"https:\\\/\\\/vitablanca.ma\\\/wp-content\\\/uploads\\\/2025\\\/06\\\/california-gold-nutrition-benfotiamine-300-mg-90-capsules-vegetales-.jpg\",\"width\":680,\"height\":680},{\"@type\":\"BreadcrumbList\",\"@id\":\"https:\\\/\\\/vitablanca.ma\\\/produit\\\/california-gold-nutrition-benfotiamine-300-mg-90-capsules-vegetales-maroc\\\/#breadcrumb\",\"itemListElement\":[{\"@type\":\"ListItem\",\"position\":1,\"name\":\"Home\",\"item\":\"https:\\\/\\\/vitablanca.ma\\\/\"},{\"@type\":\"ListItem\",\"position\":2,\"name\":\"Tous Les Produits\",\"item\":\"https:\\\/\\\/vitablanca.ma\\\/tous-les-produits\\\/\"},{\"@type\":\"ListItem\",\"position\":3,\"name\":\"California Gold Nutrition Benfotiamine, 300 mg, 90 capsules v\u00e9g\u00e9tales\"}]},{\"@type\":\"WebSite\",\"@id\":\"https:\\\/\\\/vitablanca.ma\\\/#website\",\"url\":\"https:\\\/\\\/vitablanca.ma\\\/\",\"name\":\"VitaBlanca.ma | Compl\u00e9ments alimentaires, sant\u00e9 & beaut\u00e9 au Maroc\",\"description\":\"vendre vitamines et compl\u00e9ments premium des USA &amp; Canada, Nouvelle Z\u00e9lande,Maroc (NOW Foods, Solgar, Manuka). Livraison rapide partout au Maroc.\",\"publisher\":{\"@id\":\"https:\\\/\\\/vitablanca.ma\\\/#organization\"},\"alternateName\":\"VitaBlanca.ma\",\"potentialAction\":[{\"@type\":\"SearchAction\",\"target\":{\"@type\":\"EntryPoint\",\"urlTemplate\":\"https:\\\/\\\/vitablanca.ma\\\/?s={search_term_string}\"},\"query-input\":{\"@type\":\"PropertyValueSpecification\",\"valueRequired\":true,\"valueName\":\"search_term_string\"}}],\"inLanguage\":\"ar\"},{\"@type\":\"Organization\",\"@id\":\"https:\\\/\\\/vitablanca.ma\\\/#organization\",\"name\":\"VitaBlanca\",\"url\":\"https:\\\/\\\/vitablanca.ma\\\/\",\"logo\":{\"@type\":\"ImageObject\",\"inLanguage\":\"ar\",\"@id\":\"https:\\\/\\\/vitablanca.ma\\\/#\\\/schema\\\/logo\\\/image\\\/\",\"url\":\"https:\\\/\\\/vitablanca.ma\\\/wp-content\\\/uploads\\\/2025\\\/05\\\/cropped-vitablanca.png\",\"contentUrl\":\"https:\\\/\\\/vitablanca.ma\\\/wp-content\\\/uploads\\\/2025\\\/05\\\/cropped-vitablanca.png\",\"width\":360,\"height\":67,\"caption\":\"VitaBlanca\"},\"image\":{\"@id\":\"https:\\\/\\\/vitablanca.ma\\\/#\\\/schema\\\/logo\\\/image\\\/\"},\"sameAs\":[\"https:\\\/\\\/www.facebook.com\\\/profile.php?id=61576678196717\",\"https:\\\/\\\/www.tiktok.com\\\/@vitablanca.ma\",\"https:\\\/\\\/www.instagram.com\\\/vitablanca.ma\\\/\"]}]}<\/script>\n<!-- \/ Yoast SEO plugin. -->","yoast_head_json":{"title":"California Gold Nutrition Benfotiamine, 300 mg, 90 capsules- Maroc","description":"Achetez California Gold Nutrition Benfotiamine 300 mg au Maroc. Ces 90 capsules , avec BenfoPure\u00ae, offrent une forme liposoluble de vitamine B1 au Maroc!","robots":{"index":"index","follow":"follow","max-snippet":"max-snippet:-1","max-image-preview":"max-image-preview:large","max-video-preview":"max-video-preview:-1"},"canonical":"https:\/\/vitablanca.ma\/ar\/product-2\/california-gold-nutrition-benfotiamine-300-mg-90-capsules-vegetales-maroc\/","og_locale":"ar_AR","og_type":"article","og_title":"California Gold Nutrition Benfotiamine, 300 mg, 90 capsules- Maroc","og_description":"Achetez California Gold Nutrition Benfotiamine 300 mg au Maroc. Ces 90 capsules , avec BenfoPure\u00ae, offrent une forme liposoluble de vitamine B1 au Maroc!","og_url":"https:\/\/vitablanca.ma\/ar\/product-2\/california-gold-nutrition-benfotiamine-300-mg-90-capsules-vegetales-maroc\/","og_site_name":"Vitablanca.ma &ndash; Sant&eacute;, vitalit&eacute; et bien-&ecirc;tre pour tous les Marocains","article_publisher":"https:\/\/www.facebook.com\/profile.php?id=61576678196717","article_modified_time":"2025-08-30T21:21:15+00:00","og_image":[{"width":680,"height":680,"url":"https:\/\/vitablanca.ma\/wp-content\/uploads\/2025\/06\/california-gold-nutrition-benfotiamine-300-mg-90-capsules-vegetales-.jpg","type":"image\/jpeg"}],"twitter_card":"summary_large_image","twitter_misc":{"\u0648\u0642\u062a \u0627\u0644\u0642\u0631\u0627\u0621\u0629 \u0627\u0644\u0645\u064f\u0642\u062f\u0651\u0631":"\u062f\u0642\u064a\u0642\u0629 \u0648\u0627\u062d\u062f\u0629"},"schema":{"@context":"https:\/\/schema.org","@graph":[{"@type":["WebPage","ItemPage"],"@id":"https:\/\/vitablanca.ma\/produit\/california-gold-nutrition-benfotiamine-300-mg-90-capsules-vegetales-maroc\/","url":"https:\/\/vitablanca.ma\/produit\/california-gold-nutrition-benfotiamine-300-mg-90-capsules-vegetales-maroc\/","name":"California Gold Nutrition Benfotiamine, 300 mg, 90 capsules- Maroc","isPartOf":{"@id":"https:\/\/vitablanca.ma\/#website"},"primaryImageOfPage":{"@id":"https:\/\/vitablanca.ma\/produit\/california-gold-nutrition-benfotiamine-300-mg-90-capsules-vegetales-maroc\/#primaryimage"},"image":{"@id":"https:\/\/vitablanca.ma\/produit\/california-gold-nutrition-benfotiamine-300-mg-90-capsules-vegetales-maroc\/#primaryimage"},"thumbnailUrl":"https:\/\/vitablanca.ma\/wp-content\/uploads\/2025\/06\/california-gold-nutrition-benfotiamine-300-mg-90-capsules-vegetales-.jpg","datePublished":"2025-06-03T15:16:24+00:00","dateModified":"2025-08-30T21:21:15+00:00","description":"Achetez California Gold Nutrition Benfotiamine 300 mg au Maroc. Ces 90 capsules , avec BenfoPure\u00ae, offrent une forme liposoluble de vitamine B1 au Maroc!","breadcrumb":{"@id":"https:\/\/vitablanca.ma\/produit\/california-gold-nutrition-benfotiamine-300-mg-90-capsules-vegetales-maroc\/#breadcrumb"},"inLanguage":"ar","potentialAction":[{"@type":"ReadAction","target":["https:\/\/vitablanca.ma\/produit\/california-gold-nutrition-benfotiamine-300-mg-90-capsules-vegetales-maroc\/"]}]},{"@type":"ImageObject","inLanguage":"ar","@id":"https:\/\/vitablanca.ma\/produit\/california-gold-nutrition-benfotiamine-300-mg-90-capsules-vegetales-maroc\/#primaryimage","url":"https:\/\/vitablanca.ma\/wp-content\/uploads\/2025\/06\/california-gold-nutrition-benfotiamine-300-mg-90-capsules-vegetales-.jpg","contentUrl":"https:\/\/vitablanca.ma\/wp-content\/uploads\/2025\/06\/california-gold-nutrition-benfotiamine-300-mg-90-capsules-vegetales-.jpg","width":680,"height":680},{"@type":"BreadcrumbList","@id":"https:\/\/vitablanca.ma\/produit\/california-gold-nutrition-benfotiamine-300-mg-90-capsules-vegetales-maroc\/#breadcrumb","itemListElement":[{"@type":"ListItem","position":1,"name":"Home","item":"https:\/\/vitablanca.ma\/"},{"@type":"ListItem","position":2,"name":"Tous Les Produits","item":"https:\/\/vitablanca.ma\/tous-les-produits\/"},{"@type":"ListItem","position":3,"name":"California Gold Nutrition Benfotiamine, 300 mg, 90 capsules v\u00e9g\u00e9tales"}]},{"@type":"WebSite","@id":"https:\/\/vitablanca.ma\/#website","url":"https:\/\/vitablanca.ma\/","name":"VitaBlanca.ma | \u0627\u0644\u0645\u0643\u0645\u0644\u0627\u062a \u0627\u0644\u063a\u0630\u0627\u0626\u064a\u0629\u060c \u0627\u0644\u0635\u062d\u0629 \u0648\u0627\u0644\u062c\u0645\u0627\u0644 \u0641\u064a \u0627\u0644\u0645\u063a\u0631\u0628","description":"\u0646\u0628\u064a\u0639 \u0641\u064a\u062a\u0627\u0645\u064a\u0646\u0627\u062a \u0648\u0645\u0643\u0645\u0644\u0627\u062a \u063a\u0630\u0627\u0626\u064a\u0629 \u0641\u0627\u062e\u0631\u0629 \u0645\u0646 \u0627\u0644\u0648\u0644\u0627\u064a\u0627\u062a \u0627\u0644\u0645\u062a\u062d\u062f\u0629 \u0627\u0644\u0623\u0645\u0631\u064a\u0643\u064a\u0629 \u0648\u0643\u0646\u062f\u0627 \u0648\u0646\u064a\u0648\u0632\u064a\u0644\u0646\u062f\u0627 \u0648\u0627\u0644\u0645\u063a\u0631\u0628 (\u0646\u0627\u0648 \u0641\u0648\u062f\u0632\u060c \u0633\u0648\u0644\u062c\u0627\u0631\u060c \u0645\u0627\u0646\u0648\u0643\u0627). \u062a\u0648\u0635\u064a\u0644 \u0633\u0631\u064a\u0639 \u0625\u0644\u0649 \u062c\u0645\u064a\u0639 \u0623\u0646\u062d\u0627\u0621 \u0627\u0644\u0645\u063a\u0631\u0628.","publisher":{"@id":"https:\/\/vitablanca.ma\/#organization"},"alternateName":"VitaBlanca.ma","potentialAction":[{"@type":"SearchAction","target":{"@type":"EntryPoint","urlTemplate":"https:\/\/vitablanca.ma\/?s={search_term_string}"},"query-input":{"@type":"PropertyValueSpecification","valueRequired":true,"valueName":"search_term_string"}}],"inLanguage":"ar"},{"@type":"Organization","@id":"https:\/\/vitablanca.ma\/#organization","name":"\u0641\u064a\u062a\u0627\u0628\u0644\u0627\u0646\u0643\u0627","url":"https:\/\/vitablanca.ma\/","logo":{"@type":"ImageObject","inLanguage":"ar","@id":"https:\/\/vitablanca.ma\/#\/schema\/logo\/image\/","url":"https:\/\/vitablanca.ma\/wp-content\/uploads\/2025\/05\/cropped-vitablanca.png","contentUrl":"https:\/\/vitablanca.ma\/wp-content\/uploads\/2025\/05\/cropped-vitablanca.png","width":360,"height":67,"caption":"VitaBlanca"},"image":{"@id":"https:\/\/vitablanca.ma\/#\/schema\/logo\/image\/"},"sameAs":["https:\/\/www.facebook.com\/profile.php?id=61576678196717","https:\/\/www.tiktok.com\/@vitablanca.ma","https:\/\/www.instagram.com\/vitablanca.ma\/"]}]}},"jetpack_sharing_enabled":true,"_links":{"self":[{"href":"https:\/\/vitablanca.ma\/ar\/wp-json\/wp\/v2\/product\/14224","targetHints":{"allow":["GET"]}}],"collection":[{"href":"https:\/\/vitablanca.ma\/ar\/wp-json\/wp\/v2\/product"}],"about":[{"href":"https:\/\/vitablanca.ma\/ar\/wp-json\/wp\/v2\/types\/product"}],"wp:featuredmedia":[{"embeddable":true,"href":"https:\/\/vitablanca.ma\/ar\/wp-json\/wp\/v2\/media\/14225"}],"wp:attachment":[{"href":"https:\/\/vitablanca.ma\/ar\/wp-json\/wp\/v2\/media?parent=14224"}],"wp:term":[{"taxonomy":"product_brand","embeddable":true,"href":"https:\/\/vitablanca.ma\/ar\/wp-json\/wp\/v2\/product_brand?post=14224"},{"taxonomy":"product_cat","embeddable":true,"href":"https:\/\/vitablanca.ma\/ar\/wp-json\/wp\/v2\/product_cat?post=14224"},{"taxonomy":"product_tag","embeddable":true,"href":"https:\/\/vitablanca.ma\/ar\/wp-json\/wp\/v2\/product_tag?post=14224"}],"curies":[{"name":"wp","href":"https:\/\/api.w.org\/{rel}","templated":true}]}}