{"id":14205,"date":"2025-06-03T00:28:30","date_gmt":"2025-06-03T00:28:30","guid":{"rendered":"https:\/\/vitablanca.ma\/?post_type=product&#038;p=14205"},"modified":"2025-12-02T21:00:16","modified_gmt":"2025-12-02T21:00:16","slug":"swanson-cosses-de-psyllium-610-mg-300-gelules-maroc","status":"publish","type":"product","link":"https:\/\/vitablanca.ma\/ar\/product-2\/swanson-cosses-de-psyllium-610-mg-300-gelules-maroc\/","title":{"rendered":"\u0642\u0634\u0648\u0631 \u0633\u064a\u0644\u0644\u064a\u0648\u0645 \u0645\u0646 \u0633\u0648\u0627\u0646\u0633\u0648\u0646\u060c 610 \u0645\u0644\u063a\u060c 300 \u0643\u0628\u0633\u0648\u0644\u0629"},"content":{"rendered":"<p>Offrez une r\u00e9gularit\u00e9 intestinale et un soutien cardiovasculaire avec Swanson Psyllium Husks ! Utilis\u00e9es depuis des si\u00e8cles comme nettoyant pour le c\u00f4lon, la teneur en fibres solubles des enveloppes de graines de psyllium en fait un outil nutritionnel pr\u00e9cieux pour la sant\u00e9 cardiovasculaire et un cholest\u00e9rol sain d\u00e9j\u00e0 dans la fourchette normale lorsqu&rsquo;elles sont utilis\u00e9es dans le cadre d&rsquo;un r\u00e9gime pauvre en graisses satur\u00e9es.<\/p>\n\n\n\n<p>\u0627\u0644\u0627\u0633\u062a\u062e\u062f\u0627\u0645 \u0627\u0644\u0645\u0642\u062a\u0631\u062d<\/p>\n\n\n\n<p>En tant que compl\u00e9ment alimentaire, prendre une capsule trois fois par jour avec un verre d&rsquo;eau<a href=\"https:\/\/www.jumia.ma\/customer\/account\/login\/?tkWl=SW231DV16QHNRNAFAMZ-51358506&amp;return=%2Fswanson-cosses-de-psyllium-610-mg-300-gelules-51897717.html\"><\/a><\/p>","protected":false},"excerpt":{"rendered":"<ul>\n<li>\u0635\u062d\u0629 \u0627\u0644\u062c\u0647\u0627\u0632 \u0627\u0644\u0647\u0636\u0645\u064a<\/li>\n<li>\u0645\u0643\u0645\u0644 \u063a\u0630\u0627\u0626\u064a<\/li>\n<li>Riche source de fibres solubles<\/li>\n<li>Aide \u00e0 la constipation occasionnelle<\/li>\n<li>Favorise la r\u00e9gularit\u00e9 intestinale pour la sant\u00e9 gastro-intestinale<\/li>\n<li>Maintient des niveaux sains de cholest\u00e9rol<\/li>\n<li>Offrez une r\u00e9gularit\u00e9 intestinale et un soutien cardiovasculaire avec Swanson Psyllium Husks !<\/li>\n<li>Utilis\u00e9es depuis des si\u00e8cles comme nettoyant pour le c\u00f4lon, la teneur en fibres solubles des enveloppes de graines de psyllium en fait un outil nutritionnel pr\u00e9cieux pour la sant\u00e9 cardiovasculaire et un cholest\u00e9rol sain d\u00e9j\u00e0 dans la fourchette normale lorsqu&rsquo;elles sont utilis\u00e9es dans le cadre d&rsquo;un r\u00e9gime pauvre en graisses satur\u00e9es.<\/li>\n<\/ul>","protected":false},"featured_media":14207,"template":"","meta":{"om_disable_all_campaigns":false},"product_brand":[672],"product_cat":[18,3366,281,20,280,19],"product_tag":[2109,2112,2106,2107,1961,2110,2108,2111,242],"class_list":{"0":"post-14205","1":"product","2":"type-product","3":"status-publish","4":"has-post-thumbnail","6":"product_brand-swanson-maroc-prix","7":"product_cat-beaute-sante","8":"product_cat-complements-alimentaires-au-maroc-vitablanca","9":"product_cat-psyllium","10":"product_cat-supplements","11":"product_cat-supplements-digestifs","12":"product_cat-vitamines-supplements-dietetiques","13":"product_tag-300-gelules-pour-un-usage-longue-duree","14":"product_tag-610-mg-de-psyllium-pur-par-gelule","15":"product_tag-aide-a-reduire-le-cholesterol","16":"product_tag-ameliore-le-transit-intestinal-naturellement","17":"product_tag-convient-aux-vegetariens","18":"product_tag-favorise-la-regularite-digestive","19":"product_tag-marque-reputee-swanson","20":"product_tag-riche-en-fibres-solubles","21":"product_tag-sans-gluten","23":"first","24":"instock","25":"sale","26":"taxable","27":"shipping-taxable","28":"purchasable","29":"product-type-simple"},"yoast_head":"<!-- This site is optimized with the Yoast SEO plugin v27.4 - https:\/\/yoast.com\/product\/yoast-seo-wordpress\/ -->\n<title>Swanson Cosses de psyllium, 610 mg, 300 g\u00e9lules - Maroc Prix<\/title>\n<meta name=\"description\" content=\"Achetez Swanson Cosses de Psyllium 610 mg au Maroc. Ces 300 g\u00e9lules sont une excellente source de fibres naturelles, favorisant une digestion saine.\" \/>\n<meta name=\"robots\" content=\"index, follow, max-snippet:-1, max-image-preview:large, max-video-preview:-1\" \/>\n<link rel=\"canonical\" href=\"https:\/\/vitablanca.ma\/ar\/product-2\/swanson-cosses-de-psyllium-610-mg-300-gelules-maroc\/\" \/>\n<meta property=\"og:locale\" content=\"ar_AR\" \/>\n<meta property=\"og:type\" content=\"article\" \/>\n<meta property=\"og:title\" content=\"Swanson Cosses de psyllium, 610 mg, 300 g\u00e9lules - Maroc Prix\" \/>\n<meta property=\"og:description\" content=\"Achetez Swanson Cosses de Psyllium 610 mg au Maroc. Ces 300 g\u00e9lules sont une excellente source de fibres naturelles, favorisant une digestion saine.\" \/>\n<meta property=\"og:url\" content=\"https:\/\/vitablanca.ma\/ar\/product-2\/swanson-cosses-de-psyllium-610-mg-300-gelules-maroc\/\" \/>\n<meta property=\"og:site_name\" content=\"Vitablanca.ma &ndash; Sant&eacute;, vitalit&eacute; et bien-&ecirc;tre pour tous les Marocains\" \/>\n<meta property=\"article:publisher\" content=\"https:\/\/www.facebook.com\/profile.php?id=61576678196717\" \/>\n<meta property=\"article:modified_time\" content=\"2025-12-02T21:00:16+00:00\" \/>\n<meta property=\"og:image\" content=\"https:\/\/vitablanca.ma\/wp-content\/uploads\/2025\/06\/swanson-cosses-de-psyllium-610-mg-300-gelules-.jpg\" \/>\n\t<meta property=\"og:image:width\" content=\"680\" \/>\n\t<meta property=\"og:image:height\" content=\"680\" \/>\n\t<meta property=\"og:image:type\" content=\"image\/jpeg\" \/>\n<meta name=\"twitter:card\" content=\"summary_large_image\" \/>\n<meta name=\"twitter:label1\" content=\"\u0648\u0642\u062a \u0627\u0644\u0642\u0631\u0627\u0621\u0629 \u0627\u0644\u0645\u064f\u0642\u062f\u0651\u0631\" \/>\n\t<meta name=\"twitter:data1\" content=\"\u062f\u0642\u064a\u0642\u0629 \u0648\u0627\u062d\u062f\u0629\" \/>\n<script type=\"application\/ld+json\" class=\"yoast-schema-graph\">{\"@context\":\"https:\\\/\\\/schema.org\",\"@graph\":[{\"@type\":[\"WebPage\",\"ItemPage\"],\"@id\":\"https:\\\/\\\/vitablanca.ma\\\/produit\\\/swanson-cosses-de-psyllium-610-mg-300-gelules-maroc\\\/\",\"url\":\"https:\\\/\\\/vitablanca.ma\\\/produit\\\/swanson-cosses-de-psyllium-610-mg-300-gelules-maroc\\\/\",\"name\":\"Swanson Cosses de psyllium, 610 mg, 300 g\u00e9lules - Maroc Prix\",\"isPartOf\":{\"@id\":\"https:\\\/\\\/vitablanca.ma\\\/#website\"},\"primaryImageOfPage\":{\"@id\":\"https:\\\/\\\/vitablanca.ma\\\/produit\\\/swanson-cosses-de-psyllium-610-mg-300-gelules-maroc\\\/#primaryimage\"},\"image\":{\"@id\":\"https:\\\/\\\/vitablanca.ma\\\/produit\\\/swanson-cosses-de-psyllium-610-mg-300-gelules-maroc\\\/#primaryimage\"},\"thumbnailUrl\":\"https:\\\/\\\/vitablanca.ma\\\/wp-content\\\/uploads\\\/2025\\\/06\\\/swanson-cosses-de-psyllium-610-mg-300-gelules-.jpg\",\"datePublished\":\"2025-06-03T00:28:30+00:00\",\"dateModified\":\"2025-12-02T21:00:16+00:00\",\"description\":\"Achetez Swanson Cosses de Psyllium 610 mg au Maroc. Ces 300 g\u00e9lules sont une excellente source de fibres naturelles, favorisant une digestion saine.\",\"breadcrumb\":{\"@id\":\"https:\\\/\\\/vitablanca.ma\\\/produit\\\/swanson-cosses-de-psyllium-610-mg-300-gelules-maroc\\\/#breadcrumb\"},\"inLanguage\":\"ar\",\"potentialAction\":[{\"@type\":\"ReadAction\",\"target\":[\"https:\\\/\\\/vitablanca.ma\\\/produit\\\/swanson-cosses-de-psyllium-610-mg-300-gelules-maroc\\\/\"]}]},{\"@type\":\"ImageObject\",\"inLanguage\":\"ar\",\"@id\":\"https:\\\/\\\/vitablanca.ma\\\/produit\\\/swanson-cosses-de-psyllium-610-mg-300-gelules-maroc\\\/#primaryimage\",\"url\":\"https:\\\/\\\/vitablanca.ma\\\/wp-content\\\/uploads\\\/2025\\\/06\\\/swanson-cosses-de-psyllium-610-mg-300-gelules-.jpg\",\"contentUrl\":\"https:\\\/\\\/vitablanca.ma\\\/wp-content\\\/uploads\\\/2025\\\/06\\\/swanson-cosses-de-psyllium-610-mg-300-gelules-.jpg\",\"width\":680,\"height\":680},{\"@type\":\"BreadcrumbList\",\"@id\":\"https:\\\/\\\/vitablanca.ma\\\/produit\\\/swanson-cosses-de-psyllium-610-mg-300-gelules-maroc\\\/#breadcrumb\",\"itemListElement\":[{\"@type\":\"ListItem\",\"position\":1,\"name\":\"Home\",\"item\":\"https:\\\/\\\/vitablanca.ma\\\/\"},{\"@type\":\"ListItem\",\"position\":2,\"name\":\"Tous Les Produits\",\"item\":\"https:\\\/\\\/vitablanca.ma\\\/tous-les-produits\\\/\"},{\"@type\":\"ListItem\",\"position\":3,\"name\":\"Swanson Cosses de psyllium, 610 mg, 300 g\u00e9lules\"}]},{\"@type\":\"WebSite\",\"@id\":\"https:\\\/\\\/vitablanca.ma\\\/#website\",\"url\":\"https:\\\/\\\/vitablanca.ma\\\/\",\"name\":\"VitaBlanca.ma | Compl\u00e9ments alimentaires, sant\u00e9 & beaut\u00e9 au Maroc\",\"description\":\"vendre vitamines et compl\u00e9ments premium des USA &amp; Canada, Nouvelle Z\u00e9lande,Maroc (NOW Foods, Solgar, Manuka). Livraison rapide partout au Maroc.\",\"publisher\":{\"@id\":\"https:\\\/\\\/vitablanca.ma\\\/#organization\"},\"alternateName\":\"VitaBlanca.ma\",\"potentialAction\":[{\"@type\":\"SearchAction\",\"target\":{\"@type\":\"EntryPoint\",\"urlTemplate\":\"https:\\\/\\\/vitablanca.ma\\\/?s={search_term_string}\"},\"query-input\":{\"@type\":\"PropertyValueSpecification\",\"valueRequired\":true,\"valueName\":\"search_term_string\"}}],\"inLanguage\":\"ar\"},{\"@type\":\"Organization\",\"@id\":\"https:\\\/\\\/vitablanca.ma\\\/#organization\",\"name\":\"VitaBlanca\",\"url\":\"https:\\\/\\\/vitablanca.ma\\\/\",\"logo\":{\"@type\":\"ImageObject\",\"inLanguage\":\"ar\",\"@id\":\"https:\\\/\\\/vitablanca.ma\\\/#\\\/schema\\\/logo\\\/image\\\/\",\"url\":\"https:\\\/\\\/vitablanca.ma\\\/wp-content\\\/uploads\\\/2025\\\/05\\\/cropped-vitablanca.png\",\"contentUrl\":\"https:\\\/\\\/vitablanca.ma\\\/wp-content\\\/uploads\\\/2025\\\/05\\\/cropped-vitablanca.png\",\"width\":360,\"height\":67,\"caption\":\"VitaBlanca\"},\"image\":{\"@id\":\"https:\\\/\\\/vitablanca.ma\\\/#\\\/schema\\\/logo\\\/image\\\/\"},\"sameAs\":[\"https:\\\/\\\/www.facebook.com\\\/profile.php?id=61576678196717\",\"https:\\\/\\\/www.tiktok.com\\\/@vitablanca.ma\",\"https:\\\/\\\/www.instagram.com\\\/vitablanca.ma\\\/\"]}]}<\/script>\n<!-- \/ Yoast SEO plugin. -->","yoast_head_json":{"title":"Swanson Cosses de psyllium, 610 mg, 300 g\u00e9lules - Maroc Prix","description":"Achetez Swanson Cosses de Psyllium 610 mg au Maroc. Ces 300 g\u00e9lules sont une excellente source de fibres naturelles, favorisant une digestion saine.","robots":{"index":"index","follow":"follow","max-snippet":"max-snippet:-1","max-image-preview":"max-image-preview:large","max-video-preview":"max-video-preview:-1"},"canonical":"https:\/\/vitablanca.ma\/ar\/product-2\/swanson-cosses-de-psyllium-610-mg-300-gelules-maroc\/","og_locale":"ar_AR","og_type":"article","og_title":"Swanson Cosses de psyllium, 610 mg, 300 g\u00e9lules - Maroc Prix","og_description":"Achetez Swanson Cosses de Psyllium 610 mg au Maroc. Ces 300 g\u00e9lules sont une excellente source de fibres naturelles, favorisant une digestion saine.","og_url":"https:\/\/vitablanca.ma\/ar\/product-2\/swanson-cosses-de-psyllium-610-mg-300-gelules-maroc\/","og_site_name":"Vitablanca.ma &ndash; Sant&eacute;, vitalit&eacute; et bien-&ecirc;tre pour tous les Marocains","article_publisher":"https:\/\/www.facebook.com\/profile.php?id=61576678196717","article_modified_time":"2025-12-02T21:00:16+00:00","og_image":[{"width":680,"height":680,"url":"https:\/\/vitablanca.ma\/wp-content\/uploads\/2025\/06\/swanson-cosses-de-psyllium-610-mg-300-gelules-.jpg","type":"image\/jpeg"}],"twitter_card":"summary_large_image","twitter_misc":{"\u0648\u0642\u062a \u0627\u0644\u0642\u0631\u0627\u0621\u0629 \u0627\u0644\u0645\u064f\u0642\u062f\u0651\u0631":"\u062f\u0642\u064a\u0642\u0629 \u0648\u0627\u062d\u062f\u0629"},"schema":{"@context":"https:\/\/schema.org","@graph":[{"@type":["WebPage","ItemPage"],"@id":"https:\/\/vitablanca.ma\/produit\/swanson-cosses-de-psyllium-610-mg-300-gelules-maroc\/","url":"https:\/\/vitablanca.ma\/produit\/swanson-cosses-de-psyllium-610-mg-300-gelules-maroc\/","name":"Swanson Cosses de psyllium, 610 mg, 300 g\u00e9lules - Maroc Prix","isPartOf":{"@id":"https:\/\/vitablanca.ma\/#website"},"primaryImageOfPage":{"@id":"https:\/\/vitablanca.ma\/produit\/swanson-cosses-de-psyllium-610-mg-300-gelules-maroc\/#primaryimage"},"image":{"@id":"https:\/\/vitablanca.ma\/produit\/swanson-cosses-de-psyllium-610-mg-300-gelules-maroc\/#primaryimage"},"thumbnailUrl":"https:\/\/vitablanca.ma\/wp-content\/uploads\/2025\/06\/swanson-cosses-de-psyllium-610-mg-300-gelules-.jpg","datePublished":"2025-06-03T00:28:30+00:00","dateModified":"2025-12-02T21:00:16+00:00","description":"Achetez Swanson Cosses de Psyllium 610 mg au Maroc. Ces 300 g\u00e9lules sont une excellente source de fibres naturelles, favorisant une digestion saine.","breadcrumb":{"@id":"https:\/\/vitablanca.ma\/produit\/swanson-cosses-de-psyllium-610-mg-300-gelules-maroc\/#breadcrumb"},"inLanguage":"ar","potentialAction":[{"@type":"ReadAction","target":["https:\/\/vitablanca.ma\/produit\/swanson-cosses-de-psyllium-610-mg-300-gelules-maroc\/"]}]},{"@type":"ImageObject","inLanguage":"ar","@id":"https:\/\/vitablanca.ma\/produit\/swanson-cosses-de-psyllium-610-mg-300-gelules-maroc\/#primaryimage","url":"https:\/\/vitablanca.ma\/wp-content\/uploads\/2025\/06\/swanson-cosses-de-psyllium-610-mg-300-gelules-.jpg","contentUrl":"https:\/\/vitablanca.ma\/wp-content\/uploads\/2025\/06\/swanson-cosses-de-psyllium-610-mg-300-gelules-.jpg","width":680,"height":680},{"@type":"BreadcrumbList","@id":"https:\/\/vitablanca.ma\/produit\/swanson-cosses-de-psyllium-610-mg-300-gelules-maroc\/#breadcrumb","itemListElement":[{"@type":"ListItem","position":1,"name":"Home","item":"https:\/\/vitablanca.ma\/"},{"@type":"ListItem","position":2,"name":"Tous Les Produits","item":"https:\/\/vitablanca.ma\/tous-les-produits\/"},{"@type":"ListItem","position":3,"name":"Swanson Cosses de psyllium, 610 mg, 300 g\u00e9lules"}]},{"@type":"WebSite","@id":"https:\/\/vitablanca.ma\/#website","url":"https:\/\/vitablanca.ma\/","name":"VitaBlanca.ma | \u0627\u0644\u0645\u0643\u0645\u0644\u0627\u062a \u0627\u0644\u063a\u0630\u0627\u0626\u064a\u0629\u060c \u0627\u0644\u0635\u062d\u0629 \u0648\u0627\u0644\u062c\u0645\u0627\u0644 \u0641\u064a \u0627\u0644\u0645\u063a\u0631\u0628","description":"\u0646\u0628\u064a\u0639 \u0641\u064a\u062a\u0627\u0645\u064a\u0646\u0627\u062a \u0648\u0645\u0643\u0645\u0644\u0627\u062a \u063a\u0630\u0627\u0626\u064a\u0629 \u0641\u0627\u062e\u0631\u0629 \u0645\u0646 \u0627\u0644\u0648\u0644\u0627\u064a\u0627\u062a \u0627\u0644\u0645\u062a\u062d\u062f\u0629 \u0627\u0644\u0623\u0645\u0631\u064a\u0643\u064a\u0629 \u0648\u0643\u0646\u062f\u0627 \u0648\u0646\u064a\u0648\u0632\u064a\u0644\u0646\u062f\u0627 \u0648\u0627\u0644\u0645\u063a\u0631\u0628 (\u0646\u0627\u0648 \u0641\u0648\u062f\u0632\u060c \u0633\u0648\u0644\u062c\u0627\u0631\u060c \u0645\u0627\u0646\u0648\u0643\u0627). \u062a\u0648\u0635\u064a\u0644 \u0633\u0631\u064a\u0639 \u0625\u0644\u0649 \u062c\u0645\u064a\u0639 \u0623\u0646\u062d\u0627\u0621 \u0627\u0644\u0645\u063a\u0631\u0628.","publisher":{"@id":"https:\/\/vitablanca.ma\/#organization"},"alternateName":"VitaBlanca.ma","potentialAction":[{"@type":"SearchAction","target":{"@type":"EntryPoint","urlTemplate":"https:\/\/vitablanca.ma\/?s={search_term_string}"},"query-input":{"@type":"PropertyValueSpecification","valueRequired":true,"valueName":"search_term_string"}}],"inLanguage":"ar"},{"@type":"Organization","@id":"https:\/\/vitablanca.ma\/#organization","name":"\u0641\u064a\u062a\u0627\u0628\u0644\u0627\u0646\u0643\u0627","url":"https:\/\/vitablanca.ma\/","logo":{"@type":"ImageObject","inLanguage":"ar","@id":"https:\/\/vitablanca.ma\/#\/schema\/logo\/image\/","url":"https:\/\/vitablanca.ma\/wp-content\/uploads\/2025\/05\/cropped-vitablanca.png","contentUrl":"https:\/\/vitablanca.ma\/wp-content\/uploads\/2025\/05\/cropped-vitablanca.png","width":360,"height":67,"caption":"VitaBlanca"},"image":{"@id":"https:\/\/vitablanca.ma\/#\/schema\/logo\/image\/"},"sameAs":["https:\/\/www.facebook.com\/profile.php?id=61576678196717","https:\/\/www.tiktok.com\/@vitablanca.ma","https:\/\/www.instagram.com\/vitablanca.ma\/"]}]}},"jetpack_sharing_enabled":true,"_links":{"self":[{"href":"https:\/\/vitablanca.ma\/ar\/wp-json\/wp\/v2\/product\/14205","targetHints":{"allow":["GET"]}}],"collection":[{"href":"https:\/\/vitablanca.ma\/ar\/wp-json\/wp\/v2\/product"}],"about":[{"href":"https:\/\/vitablanca.ma\/ar\/wp-json\/wp\/v2\/types\/product"}],"wp:featuredmedia":[{"embeddable":true,"href":"https:\/\/vitablanca.ma\/ar\/wp-json\/wp\/v2\/media\/14207"}],"wp:attachment":[{"href":"https:\/\/vitablanca.ma\/ar\/wp-json\/wp\/v2\/media?parent=14205"}],"wp:term":[{"taxonomy":"product_brand","embeddable":true,"href":"https:\/\/vitablanca.ma\/ar\/wp-json\/wp\/v2\/product_brand?post=14205"},{"taxonomy":"product_cat","embeddable":true,"href":"https:\/\/vitablanca.ma\/ar\/wp-json\/wp\/v2\/product_cat?post=14205"},{"taxonomy":"product_tag","embeddable":true,"href":"https:\/\/vitablanca.ma\/ar\/wp-json\/wp\/v2\/product_tag?post=14205"}],"curies":[{"name":"wp","href":"https:\/\/api.w.org\/{rel}","templated":true}]}}