{"id":14197,"date":"2025-06-02T23:19:37","date_gmt":"2025-06-02T23:19:37","guid":{"rendered":"https:\/\/vitablanca.ma\/?post_type=product&#038;p=14197"},"modified":"2025-08-30T21:21:16","modified_gmt":"2025-08-30T21:21:16","slug":"swanson-racine-de-rhodiola-rosea-a-spectre-complet-400-mg-100-caps-maroc","status":"publish","type":"product","link":"https:\/\/vitablanca.ma\/ar\/product-2\/swanson-racine-de-rhodiola-rosea-a-spectre-complet-400-mg-100-caps-maroc\/","title":{"rendered":"\u0643\u0628\u0633\u0648\u0644\u0627\u062a \u062c\u0630\u0648\u0631 \u0627\u0644\u0631\u0648\u062f\u064a\u0648\u0644\u0627 \u0627\u0644\u0648\u0631\u062f\u064a\u0629 \u0645\u0646 \u0633\u0648\u0627\u0646\u0633\u0648\u0646\u060c \u0637\u064a\u0641 \u0643\u0627\u0645\u0644\u060c 400 \u0645\u0644\u063a\u060c 100 \u0643\u0628\u0633\u0648\u0644\u0629"},"content":{"rendered":"<p>Swanson Full Spectrum Rhodiola Rosea Root est le meilleur choix pour contrer les effets mentaux et physiques du stress. Cette herbe puissante de Swanson aide \u00e0 r\u00e9duire les niveaux d&rsquo;hormones de stress tout en soutenant les niveaux de substances chimiques c\u00e9r\u00e9brales cl\u00e9s impliqu\u00e9es dans la r\u00e9gulation de l&rsquo;humeur. Nos capsules puissantes contiennent 400 mg de poudre de racine de rhodiola et constituent un excellent moyen de surmonter les d\u00e9fis mentaux et physiques des p\u00e9riodes de stress.<a href=\"https:\/\/www.jumia.ma\/customer\/account\/login\/?tkWl=SW231DV0Z1DORNAFAMZ-56732778&amp;return=%2Fswanson-racine-de-rhodiola-rosea-a-spectre-complet-400-mg-100-caps-55905885.html\"><\/a><\/p>","protected":false},"excerpt":{"rendered":"<ul>\n<li>Une source de fibres solubles<\/li>\n<li>Aide \u00e0 la constipation occasionnelle<\/li>\n<li>Favorise la r\u00e9gularit\u00e9 intestinale pour la sant\u00e9 gastro-intestinale<\/li>\n<li>Maintient un taux de cholest\u00e9rol sain<\/li>\n<li>Swanson Psyllium Husks est une source de fibres qui non seulement aide \u00e0 maintenir la r\u00e9gularit\u00e9 intestinale, mais favorise \u00e9galement la sant\u00e9 cardiovasculaire !<\/li>\n<li>\u00a0Utilis\u00e9es depuis des si\u00e8cles comme nettoyant du c\u00f4lon, la teneur en fibres solubles des enveloppes de graines de psyllium en fait un outil nutritionnel pr\u00e9cieux pour un cholest\u00e9rol sain et un maintien cardiovasculaire lorsqu&rsquo;elles sont utilis\u00e9es dans le cadre d&rsquo;un r\u00e9gime pauvre en graisses satur\u00e9es.<\/li>\n<\/ul>","protected":false},"featured_media":14198,"template":"","meta":{"om_disable_all_campaigns":false},"product_brand":[672],"product_cat":[18,3366,281,20,280,19],"product_tag":[2092,2094,2095,2097,2091,2098,2096,242,220,2093],"class_list":{"0":"post-14197","1":"product","2":"type-product","3":"status-publish","4":"has-post-thumbnail","6":"product_brand-swanson-maroc-prix","7":"product_cat-beaute-sante","8":"product_cat-complements-alimentaires-au-maroc-vitablanca","9":"product_cat-psyllium","10":"product_cat-supplements","11":"product_cat-supplements-digestifs","12":"product_cat-vitamines-supplements-dietetiques","13":"product_tag-100-capsules-faciles-a-avaler","14":"product_tag-400-mg-de-racine-de-rhodiola-rosea-a-spectre-complet","15":"product_tag-adaptogene-naturel-puissant","16":"product_tag-aide-a-la-gestion-du-stress-et-de-la-fatigue","17":"product_tag-ameliore-lendurance-physique-et-mentale","18":"product_tag-livraison-express-au-maroc","19":"product_tag-marque-fiable-swanson","20":"product_tag-sans-gluten","21":"product_tag-sans-ogm","22":"product_tag-stimule-lenergie-et-la-concentration","24":"first","25":"instock","26":"sale","27":"taxable","28":"shipping-taxable","29":"purchasable","30":"product-type-simple"},"yoast_head":"<!-- This site is optimized with the Yoast SEO plugin v27.4 - https:\/\/yoast.com\/product\/yoast-seo-wordpress\/ -->\n<title>Swanson Racine de Rhodiola Rosea \u00e0 spectre 400 mg - Maroc Prix<\/title>\n<meta name=\"description\" content=\"Achetez Racine de Rhodiola Rosea \u00e0 Spectre Complet 400 mg swanson au Maroc. Ces 100 capsules sont un puissant adaptog\u00e8ne pour aider \u00e0 g\u00e9rer le stress.\" \/>\n<meta name=\"robots\" content=\"index, follow, max-snippet:-1, max-image-preview:large, max-video-preview:-1\" \/>\n<link rel=\"canonical\" href=\"https:\/\/vitablanca.ma\/ar\/product-2\/swanson-racine-de-rhodiola-rosea-a-spectre-complet-400-mg-100-caps-maroc\/\" \/>\n<meta property=\"og:locale\" content=\"ar_AR\" \/>\n<meta property=\"og:type\" content=\"article\" \/>\n<meta property=\"og:title\" content=\"Swanson Racine de Rhodiola Rosea \u00e0 spectre 400 mg - Maroc Prix\" \/>\n<meta property=\"og:description\" content=\"Achetez Racine de Rhodiola Rosea \u00e0 Spectre Complet 400 mg swanson au Maroc. Ces 100 capsules sont un puissant adaptog\u00e8ne pour aider \u00e0 g\u00e9rer le stress.\" \/>\n<meta property=\"og:url\" content=\"https:\/\/vitablanca.ma\/ar\/product-2\/swanson-racine-de-rhodiola-rosea-a-spectre-complet-400-mg-100-caps-maroc\/\" \/>\n<meta property=\"og:site_name\" content=\"Vitablanca.ma &ndash; Sant&eacute;, vitalit&eacute; et bien-&ecirc;tre pour tous les Marocains\" \/>\n<meta property=\"article:publisher\" content=\"https:\/\/www.facebook.com\/profile.php?id=61576678196717\" \/>\n<meta property=\"article:modified_time\" content=\"2025-08-30T21:21:16+00:00\" \/>\n<meta property=\"og:image\" content=\"https:\/\/vitablanca.ma\/wp-content\/uploads\/2025\/06\/swanson-racine-de-rhodiola-rosea-a-spectre-complet-.jpg\" \/>\n\t<meta property=\"og:image:width\" content=\"680\" \/>\n\t<meta property=\"og:image:height\" content=\"680\" \/>\n\t<meta property=\"og:image:type\" content=\"image\/jpeg\" \/>\n<meta name=\"twitter:card\" content=\"summary_large_image\" \/>\n<meta name=\"twitter:label1\" content=\"\u0648\u0642\u062a \u0627\u0644\u0642\u0631\u0627\u0621\u0629 \u0627\u0644\u0645\u064f\u0642\u062f\u0651\u0631\" \/>\n\t<meta name=\"twitter:data1\" content=\"\u062f\u0642\u064a\u0642\u0629 \u0648\u0627\u062d\u062f\u0629\" \/>\n<script type=\"application\/ld+json\" class=\"yoast-schema-graph\">{\"@context\":\"https:\\\/\\\/schema.org\",\"@graph\":[{\"@type\":[\"WebPage\",\"ItemPage\"],\"@id\":\"https:\\\/\\\/vitablanca.ma\\\/produit\\\/swanson-racine-de-rhodiola-rosea-a-spectre-complet-400-mg-100-caps-maroc\\\/\",\"url\":\"https:\\\/\\\/vitablanca.ma\\\/produit\\\/swanson-racine-de-rhodiola-rosea-a-spectre-complet-400-mg-100-caps-maroc\\\/\",\"name\":\"Swanson Racine de Rhodiola Rosea \u00e0 spectre 400 mg - Maroc Prix\",\"isPartOf\":{\"@id\":\"https:\\\/\\\/vitablanca.ma\\\/#website\"},\"primaryImageOfPage\":{\"@id\":\"https:\\\/\\\/vitablanca.ma\\\/produit\\\/swanson-racine-de-rhodiola-rosea-a-spectre-complet-400-mg-100-caps-maroc\\\/#primaryimage\"},\"image\":{\"@id\":\"https:\\\/\\\/vitablanca.ma\\\/produit\\\/swanson-racine-de-rhodiola-rosea-a-spectre-complet-400-mg-100-caps-maroc\\\/#primaryimage\"},\"thumbnailUrl\":\"https:\\\/\\\/vitablanca.ma\\\/wp-content\\\/uploads\\\/2025\\\/06\\\/swanson-racine-de-rhodiola-rosea-a-spectre-complet-.jpg\",\"datePublished\":\"2025-06-02T23:19:37+00:00\",\"dateModified\":\"2025-08-30T21:21:16+00:00\",\"description\":\"Achetez Racine de Rhodiola Rosea \u00e0 Spectre Complet 400 mg swanson au Maroc. Ces 100 capsules sont un puissant adaptog\u00e8ne pour aider \u00e0 g\u00e9rer le stress.\",\"breadcrumb\":{\"@id\":\"https:\\\/\\\/vitablanca.ma\\\/produit\\\/swanson-racine-de-rhodiola-rosea-a-spectre-complet-400-mg-100-caps-maroc\\\/#breadcrumb\"},\"inLanguage\":\"ar\",\"potentialAction\":[{\"@type\":\"ReadAction\",\"target\":[\"https:\\\/\\\/vitablanca.ma\\\/produit\\\/swanson-racine-de-rhodiola-rosea-a-spectre-complet-400-mg-100-caps-maroc\\\/\"]}]},{\"@type\":\"ImageObject\",\"inLanguage\":\"ar\",\"@id\":\"https:\\\/\\\/vitablanca.ma\\\/produit\\\/swanson-racine-de-rhodiola-rosea-a-spectre-complet-400-mg-100-caps-maroc\\\/#primaryimage\",\"url\":\"https:\\\/\\\/vitablanca.ma\\\/wp-content\\\/uploads\\\/2025\\\/06\\\/swanson-racine-de-rhodiola-rosea-a-spectre-complet-.jpg\",\"contentUrl\":\"https:\\\/\\\/vitablanca.ma\\\/wp-content\\\/uploads\\\/2025\\\/06\\\/swanson-racine-de-rhodiola-rosea-a-spectre-complet-.jpg\",\"width\":680,\"height\":680},{\"@type\":\"BreadcrumbList\",\"@id\":\"https:\\\/\\\/vitablanca.ma\\\/produit\\\/swanson-racine-de-rhodiola-rosea-a-spectre-complet-400-mg-100-caps-maroc\\\/#breadcrumb\",\"itemListElement\":[{\"@type\":\"ListItem\",\"position\":1,\"name\":\"Home\",\"item\":\"https:\\\/\\\/vitablanca.ma\\\/\"},{\"@type\":\"ListItem\",\"position\":2,\"name\":\"Tous Les Produits\",\"item\":\"https:\\\/\\\/vitablanca.ma\\\/tous-les-produits\\\/\"},{\"@type\":\"ListItem\",\"position\":3,\"name\":\"Swanson Racine de Rhodiola Rosea \u00e0 spectre complet 400 mg 100 caps\"}]},{\"@type\":\"WebSite\",\"@id\":\"https:\\\/\\\/vitablanca.ma\\\/#website\",\"url\":\"https:\\\/\\\/vitablanca.ma\\\/\",\"name\":\"VitaBlanca.ma | Compl\u00e9ments alimentaires, sant\u00e9 & beaut\u00e9 au Maroc\",\"description\":\"vendre vitamines et compl\u00e9ments premium des USA &amp; Canada, Nouvelle Z\u00e9lande,Maroc (NOW Foods, Solgar, Manuka). Livraison rapide partout au Maroc.\",\"publisher\":{\"@id\":\"https:\\\/\\\/vitablanca.ma\\\/#organization\"},\"alternateName\":\"VitaBlanca.ma\",\"potentialAction\":[{\"@type\":\"SearchAction\",\"target\":{\"@type\":\"EntryPoint\",\"urlTemplate\":\"https:\\\/\\\/vitablanca.ma\\\/?s={search_term_string}\"},\"query-input\":{\"@type\":\"PropertyValueSpecification\",\"valueRequired\":true,\"valueName\":\"search_term_string\"}}],\"inLanguage\":\"ar\"},{\"@type\":\"Organization\",\"@id\":\"https:\\\/\\\/vitablanca.ma\\\/#organization\",\"name\":\"VitaBlanca\",\"url\":\"https:\\\/\\\/vitablanca.ma\\\/\",\"logo\":{\"@type\":\"ImageObject\",\"inLanguage\":\"ar\",\"@id\":\"https:\\\/\\\/vitablanca.ma\\\/#\\\/schema\\\/logo\\\/image\\\/\",\"url\":\"https:\\\/\\\/vitablanca.ma\\\/wp-content\\\/uploads\\\/2025\\\/05\\\/cropped-vitablanca.png\",\"contentUrl\":\"https:\\\/\\\/vitablanca.ma\\\/wp-content\\\/uploads\\\/2025\\\/05\\\/cropped-vitablanca.png\",\"width\":360,\"height\":67,\"caption\":\"VitaBlanca\"},\"image\":{\"@id\":\"https:\\\/\\\/vitablanca.ma\\\/#\\\/schema\\\/logo\\\/image\\\/\"},\"sameAs\":[\"https:\\\/\\\/www.facebook.com\\\/profile.php?id=61576678196717\",\"https:\\\/\\\/www.tiktok.com\\\/@vitablanca.ma\",\"https:\\\/\\\/www.instagram.com\\\/vitablanca.ma\\\/\"]}]}<\/script>\n<!-- \/ Yoast SEO plugin. -->","yoast_head_json":{"title":"Swanson Racine de Rhodiola Rosea \u00e0 spectre 400 mg - Maroc Prix","description":"Achetez Racine de Rhodiola Rosea \u00e0 Spectre Complet 400 mg swanson au Maroc. Ces 100 capsules sont un puissant adaptog\u00e8ne pour aider \u00e0 g\u00e9rer le stress.","robots":{"index":"index","follow":"follow","max-snippet":"max-snippet:-1","max-image-preview":"max-image-preview:large","max-video-preview":"max-video-preview:-1"},"canonical":"https:\/\/vitablanca.ma\/ar\/product-2\/swanson-racine-de-rhodiola-rosea-a-spectre-complet-400-mg-100-caps-maroc\/","og_locale":"ar_AR","og_type":"article","og_title":"Swanson Racine de Rhodiola Rosea \u00e0 spectre 400 mg - Maroc Prix","og_description":"Achetez Racine de Rhodiola Rosea \u00e0 Spectre Complet 400 mg swanson au Maroc. Ces 100 capsules sont un puissant adaptog\u00e8ne pour aider \u00e0 g\u00e9rer le stress.","og_url":"https:\/\/vitablanca.ma\/ar\/product-2\/swanson-racine-de-rhodiola-rosea-a-spectre-complet-400-mg-100-caps-maroc\/","og_site_name":"Vitablanca.ma &ndash; Sant&eacute;, vitalit&eacute; et bien-&ecirc;tre pour tous les Marocains","article_publisher":"https:\/\/www.facebook.com\/profile.php?id=61576678196717","article_modified_time":"2025-08-30T21:21:16+00:00","og_image":[{"width":680,"height":680,"url":"https:\/\/vitablanca.ma\/wp-content\/uploads\/2025\/06\/swanson-racine-de-rhodiola-rosea-a-spectre-complet-.jpg","type":"image\/jpeg"}],"twitter_card":"summary_large_image","twitter_misc":{"\u0648\u0642\u062a \u0627\u0644\u0642\u0631\u0627\u0621\u0629 \u0627\u0644\u0645\u064f\u0642\u062f\u0651\u0631":"\u062f\u0642\u064a\u0642\u0629 \u0648\u0627\u062d\u062f\u0629"},"schema":{"@context":"https:\/\/schema.org","@graph":[{"@type":["WebPage","ItemPage"],"@id":"https:\/\/vitablanca.ma\/produit\/swanson-racine-de-rhodiola-rosea-a-spectre-complet-400-mg-100-caps-maroc\/","url":"https:\/\/vitablanca.ma\/produit\/swanson-racine-de-rhodiola-rosea-a-spectre-complet-400-mg-100-caps-maroc\/","name":"Swanson Racine de Rhodiola Rosea \u00e0 spectre 400 mg - Maroc Prix","isPartOf":{"@id":"https:\/\/vitablanca.ma\/#website"},"primaryImageOfPage":{"@id":"https:\/\/vitablanca.ma\/produit\/swanson-racine-de-rhodiola-rosea-a-spectre-complet-400-mg-100-caps-maroc\/#primaryimage"},"image":{"@id":"https:\/\/vitablanca.ma\/produit\/swanson-racine-de-rhodiola-rosea-a-spectre-complet-400-mg-100-caps-maroc\/#primaryimage"},"thumbnailUrl":"https:\/\/vitablanca.ma\/wp-content\/uploads\/2025\/06\/swanson-racine-de-rhodiola-rosea-a-spectre-complet-.jpg","datePublished":"2025-06-02T23:19:37+00:00","dateModified":"2025-08-30T21:21:16+00:00","description":"Achetez Racine de Rhodiola Rosea \u00e0 Spectre Complet 400 mg swanson au Maroc. Ces 100 capsules sont un puissant adaptog\u00e8ne pour aider \u00e0 g\u00e9rer le stress.","breadcrumb":{"@id":"https:\/\/vitablanca.ma\/produit\/swanson-racine-de-rhodiola-rosea-a-spectre-complet-400-mg-100-caps-maroc\/#breadcrumb"},"inLanguage":"ar","potentialAction":[{"@type":"ReadAction","target":["https:\/\/vitablanca.ma\/produit\/swanson-racine-de-rhodiola-rosea-a-spectre-complet-400-mg-100-caps-maroc\/"]}]},{"@type":"ImageObject","inLanguage":"ar","@id":"https:\/\/vitablanca.ma\/produit\/swanson-racine-de-rhodiola-rosea-a-spectre-complet-400-mg-100-caps-maroc\/#primaryimage","url":"https:\/\/vitablanca.ma\/wp-content\/uploads\/2025\/06\/swanson-racine-de-rhodiola-rosea-a-spectre-complet-.jpg","contentUrl":"https:\/\/vitablanca.ma\/wp-content\/uploads\/2025\/06\/swanson-racine-de-rhodiola-rosea-a-spectre-complet-.jpg","width":680,"height":680},{"@type":"BreadcrumbList","@id":"https:\/\/vitablanca.ma\/produit\/swanson-racine-de-rhodiola-rosea-a-spectre-complet-400-mg-100-caps-maroc\/#breadcrumb","itemListElement":[{"@type":"ListItem","position":1,"name":"Home","item":"https:\/\/vitablanca.ma\/"},{"@type":"ListItem","position":2,"name":"Tous Les Produits","item":"https:\/\/vitablanca.ma\/tous-les-produits\/"},{"@type":"ListItem","position":3,"name":"Swanson Racine de Rhodiola Rosea \u00e0 spectre complet 400 mg 100 caps"}]},{"@type":"WebSite","@id":"https:\/\/vitablanca.ma\/#website","url":"https:\/\/vitablanca.ma\/","name":"VitaBlanca.ma | \u0627\u0644\u0645\u0643\u0645\u0644\u0627\u062a \u0627\u0644\u063a\u0630\u0627\u0626\u064a\u0629\u060c \u0627\u0644\u0635\u062d\u0629 \u0648\u0627\u0644\u062c\u0645\u0627\u0644 \u0641\u064a \u0627\u0644\u0645\u063a\u0631\u0628","description":"\u0646\u0628\u064a\u0639 \u0641\u064a\u062a\u0627\u0645\u064a\u0646\u0627\u062a \u0648\u0645\u0643\u0645\u0644\u0627\u062a \u063a\u0630\u0627\u0626\u064a\u0629 \u0641\u0627\u062e\u0631\u0629 \u0645\u0646 \u0627\u0644\u0648\u0644\u0627\u064a\u0627\u062a \u0627\u0644\u0645\u062a\u062d\u062f\u0629 \u0627\u0644\u0623\u0645\u0631\u064a\u0643\u064a\u0629 \u0648\u0643\u0646\u062f\u0627 \u0648\u0646\u064a\u0648\u0632\u064a\u0644\u0646\u062f\u0627 \u0648\u0627\u0644\u0645\u063a\u0631\u0628 (\u0646\u0627\u0648 \u0641\u0648\u062f\u0632\u060c \u0633\u0648\u0644\u062c\u0627\u0631\u060c \u0645\u0627\u0646\u0648\u0643\u0627). \u062a\u0648\u0635\u064a\u0644 \u0633\u0631\u064a\u0639 \u0625\u0644\u0649 \u062c\u0645\u064a\u0639 \u0623\u0646\u062d\u0627\u0621 \u0627\u0644\u0645\u063a\u0631\u0628.","publisher":{"@id":"https:\/\/vitablanca.ma\/#organization"},"alternateName":"VitaBlanca.ma","potentialAction":[{"@type":"SearchAction","target":{"@type":"EntryPoint","urlTemplate":"https:\/\/vitablanca.ma\/?s={search_term_string}"},"query-input":{"@type":"PropertyValueSpecification","valueRequired":true,"valueName":"search_term_string"}}],"inLanguage":"ar"},{"@type":"Organization","@id":"https:\/\/vitablanca.ma\/#organization","name":"\u0641\u064a\u062a\u0627\u0628\u0644\u0627\u0646\u0643\u0627","url":"https:\/\/vitablanca.ma\/","logo":{"@type":"ImageObject","inLanguage":"ar","@id":"https:\/\/vitablanca.ma\/#\/schema\/logo\/image\/","url":"https:\/\/vitablanca.ma\/wp-content\/uploads\/2025\/05\/cropped-vitablanca.png","contentUrl":"https:\/\/vitablanca.ma\/wp-content\/uploads\/2025\/05\/cropped-vitablanca.png","width":360,"height":67,"caption":"VitaBlanca"},"image":{"@id":"https:\/\/vitablanca.ma\/#\/schema\/logo\/image\/"},"sameAs":["https:\/\/www.facebook.com\/profile.php?id=61576678196717","https:\/\/www.tiktok.com\/@vitablanca.ma","https:\/\/www.instagram.com\/vitablanca.ma\/"]}]}},"jetpack_sharing_enabled":true,"_links":{"self":[{"href":"https:\/\/vitablanca.ma\/ar\/wp-json\/wp\/v2\/product\/14197","targetHints":{"allow":["GET"]}}],"collection":[{"href":"https:\/\/vitablanca.ma\/ar\/wp-json\/wp\/v2\/product"}],"about":[{"href":"https:\/\/vitablanca.ma\/ar\/wp-json\/wp\/v2\/types\/product"}],"wp:featuredmedia":[{"embeddable":true,"href":"https:\/\/vitablanca.ma\/ar\/wp-json\/wp\/v2\/media\/14198"}],"wp:attachment":[{"href":"https:\/\/vitablanca.ma\/ar\/wp-json\/wp\/v2\/media?parent=14197"}],"wp:term":[{"taxonomy":"product_brand","embeddable":true,"href":"https:\/\/vitablanca.ma\/ar\/wp-json\/wp\/v2\/product_brand?post=14197"},{"taxonomy":"product_cat","embeddable":true,"href":"https:\/\/vitablanca.ma\/ar\/wp-json\/wp\/v2\/product_cat?post=14197"},{"taxonomy":"product_tag","embeddable":true,"href":"https:\/\/vitablanca.ma\/ar\/wp-json\/wp\/v2\/product_tag?post=14197"}],"curies":[{"name":"wp","href":"https:\/\/api.w.org\/{rel}","templated":true}]}}