{"id":14184,"date":"2025-06-02T18:48:16","date_gmt":"2025-06-02T18:48:16","guid":{"rendered":"https:\/\/vitablanca.ma\/?post_type=product&#038;p=14184"},"modified":"2025-12-02T21:07:05","modified_gmt":"2025-12-02T21:07:05","slug":"kal-d-3-mag-glycinate-125-mcg-170-mg-90-capsules-vegetariennes-maroc","status":"publish","type":"product","link":"https:\/\/vitablanca.ma\/ar\/product-2\/kal-d-3-mag-glycinate-125-mcg-170-mg-90-capsules-vegetariennes-maroc\/","title":{"rendered":"\u0643\u0627\u0644 \u062f-3 \u0645\u0627\u062c \u062c\u0644\u064a\u0633\u064a\u0646\u0627\u062a\u060c 125 \u0645\u064a\u0643\u0631\u0648\u063a\u0631\u0627\u0645\/170 \u0645\u0644\u063a\u060c 90 \u0643\u0628\u0633\u0648\u0644\u0629 \u0646\u0628\u0627\u062a\u064a\u0629"},"content":{"rendered":"<p>XtraActiv D-3 Magnesium Glycinate de KAL fournit de la vitamine D3 de premi\u00e8re qualit\u00e9 et du magn\u00e9sium de haute qualit\u00e9 sous sa forme glycinate.<\/p>\n\n\n\n<p>Soutien deux en un : le suppl\u00e9ment de vitamine D et de magn\u00e9sium fournit 125 mcg (5000 iu) de vitamine D 3 et 170 mg de glycinate de magn\u00e9sium, un magn\u00e9sium ch\u00e9lat\u00e9 sup\u00e9rieur qui est plus disponible pour le corps que les autres formes.<\/p>\n\n\n\n<p>La paire parfaite : le glycinate de magn\u00e9sium KAL aide \u00e0 activer l&rsquo;action de la vitamine D, la \u00ab vitamine du soleil \u00bb, pour soutenir l&rsquo;absorption du calcium, la solidit\u00e9 des os, la sant\u00e9 musculaire et immunitaire et plus encore.<\/p>\n\n\n\n<p>Formule biodisponible : un excellent suppl\u00e9ment de vitamine D-3 et de magn\u00e9sium pour les femmes et les hommes, notre complexe de travail acharn\u00e9 contient \u00e9galement 5 mg d&rsquo;extrait de poivre noir BioPerine pour am\u00e9liorer encore l&rsquo;absorption et l&rsquo;utilisation.<a href=\"https:\/\/www.jumia.ma\/customer\/account\/login\/?tkWl=KA319DV1KUZOGNAFAMZ-62751880&amp;return=%2Fkal-d-3-mag-glycinate-125-mcg170-mg-90-capsules-vegetariennes-61440559.html\"><\/a><\/p>","protected":false},"excerpt":{"rendered":"<ul>\n<li>\u0645\u0643\u0645\u0644 \u063a\u0630\u0627\u0626\u064a<\/li>\n<li>XtraActiv D-3 Magnesium Glycinate de KAL fournit de la vitamine D3 de premi\u00e8re qualit\u00e9 et du magn\u00e9sium de haute qualit\u00e9 sous sa forme glycinate.<\/li>\n<li>Soutien deux en un : le suppl\u00e9ment de vitamine D et de magn\u00e9sium fournit 125 mcg (5000 iu) de vitamine D 3 et 170 mg de glycinate de magn\u00e9sium, un magn\u00e9sium ch\u00e9lat\u00e9 sup\u00e9rieur qui est plus disponible pour le corps que les autres formes.<\/li>\n<li>La paire<\/li>\n<\/ul>","protected":false},"featured_media":14187,"template":"","meta":{"om_disable_all_campaigns":false},"product_brand":[],"product_cat":[18,3366,176,163,19],"product_tag":[2069,2068,2073,2071,2072,2075,2074,2063,242,220,2070],"class_list":{"0":"post-14184","1":"product","2":"type-product","3":"status-publish","4":"has-post-thumbnail","6":"product_cat-beaute-sante","7":"product_cat-complements-alimentaires-au-maroc-vitablanca","8":"product_cat-magnesium","9":"product_cat-mineraux","10":"product_cat-vitamines-supplements-dietetiques","11":"product_tag-125-mcg-5000-ui-de-vitamine-d3","12":"product_tag-170-mg-de-magnesium-sous-forme-de-glycinate","13":"product_tag-90-capsules-vegetariennes","14":"product_tag-des-dents-et-des-muscles","15":"product_tag-favorise-labsorption-du-calcium","16":"product_tag-formule-douce-pour-lestomac","17":"product_tag-marque-de-qualite-kal","18":"product_tag-renforce-le-systeme-immunitaire","19":"product_tag-sans-gluten","20":"product_tag-sans-ogm","21":"product_tag-soutien-puissant-des-os","23":"first","24":"instock","25":"sale","26":"taxable","27":"shipping-taxable","28":"purchasable","29":"product-type-simple"},"yoast_head":"<!-- This site is optimized with the Yoast SEO plugin v27.3 - https:\/\/yoast.com\/product\/yoast-seo-wordpress\/ -->\n<title>Kal D-3 Mag glycinate, 125 Mcg\/170 mg, 90 capsules - Maroc Prix<\/title>\n<meta name=\"description\" content=\"Achetez KAL D-3 &amp; Magn\u00e9sium Glycinate (90 capsules) au Maroc. Soutient les os, les muscles, l&#039;immunit\u00e9 et l&#039;humeur avec une absorption optimale.\" \/>\n<meta name=\"robots\" content=\"index, follow, max-snippet:-1, max-image-preview:large, max-video-preview:-1\" \/>\n<link rel=\"canonical\" href=\"https:\/\/vitablanca.ma\/ar\/product-2\/kal-d-3-mag-glycinate-125-mcg-170-mg-90-capsules-vegetariennes-maroc\/\" \/>\n<meta property=\"og:locale\" content=\"ar_AR\" \/>\n<meta property=\"og:type\" content=\"article\" \/>\n<meta property=\"og:title\" content=\"Kal D-3 Mag glycinate, 125 Mcg\/170 mg, 90 capsules - Maroc Prix\" \/>\n<meta property=\"og:description\" content=\"Achetez KAL D-3 &amp; Magn\u00e9sium Glycinate (90 capsules) au Maroc. Soutient les os, les muscles, l&#039;immunit\u00e9 et l&#039;humeur avec une absorption optimale.\" \/>\n<meta property=\"og:url\" content=\"https:\/\/vitablanca.ma\/ar\/product-2\/kal-d-3-mag-glycinate-125-mcg-170-mg-90-capsules-vegetariennes-maroc\/\" \/>\n<meta property=\"og:site_name\" content=\"Vitablanca.ma &ndash; Sant&eacute;, vitalit&eacute; et bien-&ecirc;tre pour tous les Marocains\" \/>\n<meta property=\"article:publisher\" content=\"https:\/\/www.facebook.com\/profile.php?id=61576678196717\" \/>\n<meta property=\"article:modified_time\" content=\"2025-12-02T21:07:05+00:00\" \/>\n<meta property=\"og:image\" content=\"https:\/\/vitablanca.ma\/wp-content\/uploads\/2025\/06\/kal-d-3-mag-glycinate-125-mcg170-mg-90-capsules.jpg\" \/>\n\t<meta property=\"og:image:width\" content=\"680\" \/>\n\t<meta property=\"og:image:height\" content=\"680\" \/>\n\t<meta property=\"og:image:type\" content=\"image\/jpeg\" \/>\n<meta name=\"twitter:card\" content=\"summary_large_image\" \/>\n<meta name=\"twitter:label1\" content=\"\u0648\u0642\u062a \u0627\u0644\u0642\u0631\u0627\u0621\u0629 \u0627\u0644\u0645\u064f\u0642\u062f\u0651\u0631\" \/>\n\t<meta name=\"twitter:data1\" content=\"\u062f\u0642\u064a\u0642\u0629 \u0648\u0627\u062d\u062f\u0629\" \/>\n<script type=\"application\/ld+json\" class=\"yoast-schema-graph\">{\"@context\":\"https:\\\/\\\/schema.org\",\"@graph\":[{\"@type\":[\"WebPage\",\"ItemPage\"],\"@id\":\"https:\\\/\\\/vitablanca.ma\\\/produit\\\/kal-d-3-mag-glycinate-125-mcg-170-mg-90-capsules-vegetariennes-maroc\\\/\",\"url\":\"https:\\\/\\\/vitablanca.ma\\\/produit\\\/kal-d-3-mag-glycinate-125-mcg-170-mg-90-capsules-vegetariennes-maroc\\\/\",\"name\":\"Kal D-3 Mag glycinate, 125 Mcg\\\/170 mg, 90 capsules - Maroc Prix\",\"isPartOf\":{\"@id\":\"https:\\\/\\\/vitablanca.ma\\\/#website\"},\"primaryImageOfPage\":{\"@id\":\"https:\\\/\\\/vitablanca.ma\\\/produit\\\/kal-d-3-mag-glycinate-125-mcg-170-mg-90-capsules-vegetariennes-maroc\\\/#primaryimage\"},\"image\":{\"@id\":\"https:\\\/\\\/vitablanca.ma\\\/produit\\\/kal-d-3-mag-glycinate-125-mcg-170-mg-90-capsules-vegetariennes-maroc\\\/#primaryimage\"},\"thumbnailUrl\":\"https:\\\/\\\/vitablanca.ma\\\/wp-content\\\/uploads\\\/2025\\\/06\\\/kal-d-3-mag-glycinate-125-mcg170-mg-90-capsules.jpg\",\"datePublished\":\"2025-06-02T18:48:16+00:00\",\"dateModified\":\"2025-12-02T21:07:05+00:00\",\"description\":\"Achetez KAL D-3 & Magn\u00e9sium Glycinate (90 capsules) au Maroc. Soutient les os, les muscles, l'immunit\u00e9 et l'humeur avec une absorption optimale.\",\"breadcrumb\":{\"@id\":\"https:\\\/\\\/vitablanca.ma\\\/produit\\\/kal-d-3-mag-glycinate-125-mcg-170-mg-90-capsules-vegetariennes-maroc\\\/#breadcrumb\"},\"inLanguage\":\"ar\",\"potentialAction\":[{\"@type\":\"ReadAction\",\"target\":[\"https:\\\/\\\/vitablanca.ma\\\/produit\\\/kal-d-3-mag-glycinate-125-mcg-170-mg-90-capsules-vegetariennes-maroc\\\/\"]}]},{\"@type\":\"ImageObject\",\"inLanguage\":\"ar\",\"@id\":\"https:\\\/\\\/vitablanca.ma\\\/produit\\\/kal-d-3-mag-glycinate-125-mcg-170-mg-90-capsules-vegetariennes-maroc\\\/#primaryimage\",\"url\":\"https:\\\/\\\/vitablanca.ma\\\/wp-content\\\/uploads\\\/2025\\\/06\\\/kal-d-3-mag-glycinate-125-mcg170-mg-90-capsules.jpg\",\"contentUrl\":\"https:\\\/\\\/vitablanca.ma\\\/wp-content\\\/uploads\\\/2025\\\/06\\\/kal-d-3-mag-glycinate-125-mcg170-mg-90-capsules.jpg\",\"width\":680,\"height\":680},{\"@type\":\"BreadcrumbList\",\"@id\":\"https:\\\/\\\/vitablanca.ma\\\/produit\\\/kal-d-3-mag-glycinate-125-mcg-170-mg-90-capsules-vegetariennes-maroc\\\/#breadcrumb\",\"itemListElement\":[{\"@type\":\"ListItem\",\"position\":1,\"name\":\"Home\",\"item\":\"https:\\\/\\\/vitablanca.ma\\\/\"},{\"@type\":\"ListItem\",\"position\":2,\"name\":\"Tous Les Produits\",\"item\":\"https:\\\/\\\/vitablanca.ma\\\/tous-les-produits\\\/\"},{\"@type\":\"ListItem\",\"position\":3,\"name\":\"Kal D-3 Mag glycinate, 125 Mcg\\\/170 mg, 90 capsules v\u00e9g\u00e9tariennes\"}]},{\"@type\":\"WebSite\",\"@id\":\"https:\\\/\\\/vitablanca.ma\\\/#website\",\"url\":\"https:\\\/\\\/vitablanca.ma\\\/\",\"name\":\"VitaBlanca.ma | Compl\u00e9ments alimentaires, sant\u00e9 & beaut\u00e9 au Maroc\",\"description\":\"vendre vitamines et compl\u00e9ments premium des USA &amp; Canada, Nouvelle Z\u00e9lande,Maroc (NOW Foods, Solgar, Manuka). Livraison rapide partout au Maroc.\",\"publisher\":{\"@id\":\"https:\\\/\\\/vitablanca.ma\\\/#organization\"},\"alternateName\":\"VitaBlanca.ma\",\"potentialAction\":[{\"@type\":\"SearchAction\",\"target\":{\"@type\":\"EntryPoint\",\"urlTemplate\":\"https:\\\/\\\/vitablanca.ma\\\/?s={search_term_string}\"},\"query-input\":{\"@type\":\"PropertyValueSpecification\",\"valueRequired\":true,\"valueName\":\"search_term_string\"}}],\"inLanguage\":\"ar\"},{\"@type\":\"Organization\",\"@id\":\"https:\\\/\\\/vitablanca.ma\\\/#organization\",\"name\":\"VitaBlanca\",\"url\":\"https:\\\/\\\/vitablanca.ma\\\/\",\"logo\":{\"@type\":\"ImageObject\",\"inLanguage\":\"ar\",\"@id\":\"https:\\\/\\\/vitablanca.ma\\\/#\\\/schema\\\/logo\\\/image\\\/\",\"url\":\"https:\\\/\\\/vitablanca.ma\\\/wp-content\\\/uploads\\\/2025\\\/05\\\/cropped-vitablanca.png\",\"contentUrl\":\"https:\\\/\\\/vitablanca.ma\\\/wp-content\\\/uploads\\\/2025\\\/05\\\/cropped-vitablanca.png\",\"width\":360,\"height\":67,\"caption\":\"VitaBlanca\"},\"image\":{\"@id\":\"https:\\\/\\\/vitablanca.ma\\\/#\\\/schema\\\/logo\\\/image\\\/\"},\"sameAs\":[\"https:\\\/\\\/www.facebook.com\\\/profile.php?id=61576678196717\",\"https:\\\/\\\/www.tiktok.com\\\/@vitablanca.ma\",\"https:\\\/\\\/www.instagram.com\\\/vitablanca.ma\\\/\"]}]}<\/script>\n<!-- \/ Yoast SEO plugin. -->","yoast_head_json":{"title":"Kal D-3 Mag glycinate, 125 Mcg\/170 mg, 90 capsules - Maroc Prix","description":"Achetez KAL D-3 & Magn\u00e9sium Glycinate (90 capsules) au Maroc. Soutient les os, les muscles, l'immunit\u00e9 et l'humeur avec une absorption optimale.","robots":{"index":"index","follow":"follow","max-snippet":"max-snippet:-1","max-image-preview":"max-image-preview:large","max-video-preview":"max-video-preview:-1"},"canonical":"https:\/\/vitablanca.ma\/ar\/product-2\/kal-d-3-mag-glycinate-125-mcg-170-mg-90-capsules-vegetariennes-maroc\/","og_locale":"ar_AR","og_type":"article","og_title":"Kal D-3 Mag glycinate, 125 Mcg\/170 mg, 90 capsules - Maroc Prix","og_description":"Achetez KAL D-3 & Magn\u00e9sium Glycinate (90 capsules) au Maroc. Soutient les os, les muscles, l'immunit\u00e9 et l'humeur avec une absorption optimale.","og_url":"https:\/\/vitablanca.ma\/ar\/product-2\/kal-d-3-mag-glycinate-125-mcg-170-mg-90-capsules-vegetariennes-maroc\/","og_site_name":"Vitablanca.ma &ndash; Sant&eacute;, vitalit&eacute; et bien-&ecirc;tre pour tous les Marocains","article_publisher":"https:\/\/www.facebook.com\/profile.php?id=61576678196717","article_modified_time":"2025-12-02T21:07:05+00:00","og_image":[{"width":680,"height":680,"url":"https:\/\/vitablanca.ma\/wp-content\/uploads\/2025\/06\/kal-d-3-mag-glycinate-125-mcg170-mg-90-capsules.jpg","type":"image\/jpeg"}],"twitter_card":"summary_large_image","twitter_misc":{"\u0648\u0642\u062a \u0627\u0644\u0642\u0631\u0627\u0621\u0629 \u0627\u0644\u0645\u064f\u0642\u062f\u0651\u0631":"\u062f\u0642\u064a\u0642\u0629 \u0648\u0627\u062d\u062f\u0629"},"schema":{"@context":"https:\/\/schema.org","@graph":[{"@type":["WebPage","ItemPage"],"@id":"https:\/\/vitablanca.ma\/produit\/kal-d-3-mag-glycinate-125-mcg-170-mg-90-capsules-vegetariennes-maroc\/","url":"https:\/\/vitablanca.ma\/produit\/kal-d-3-mag-glycinate-125-mcg-170-mg-90-capsules-vegetariennes-maroc\/","name":"Kal D-3 Mag glycinate, 125 Mcg\/170 mg, 90 capsules - Maroc Prix","isPartOf":{"@id":"https:\/\/vitablanca.ma\/#website"},"primaryImageOfPage":{"@id":"https:\/\/vitablanca.ma\/produit\/kal-d-3-mag-glycinate-125-mcg-170-mg-90-capsules-vegetariennes-maroc\/#primaryimage"},"image":{"@id":"https:\/\/vitablanca.ma\/produit\/kal-d-3-mag-glycinate-125-mcg-170-mg-90-capsules-vegetariennes-maroc\/#primaryimage"},"thumbnailUrl":"https:\/\/vitablanca.ma\/wp-content\/uploads\/2025\/06\/kal-d-3-mag-glycinate-125-mcg170-mg-90-capsules.jpg","datePublished":"2025-06-02T18:48:16+00:00","dateModified":"2025-12-02T21:07:05+00:00","description":"Achetez KAL D-3 & Magn\u00e9sium Glycinate (90 capsules) au Maroc. Soutient les os, les muscles, l'immunit\u00e9 et l'humeur avec une absorption optimale.","breadcrumb":{"@id":"https:\/\/vitablanca.ma\/produit\/kal-d-3-mag-glycinate-125-mcg-170-mg-90-capsules-vegetariennes-maroc\/#breadcrumb"},"inLanguage":"ar","potentialAction":[{"@type":"ReadAction","target":["https:\/\/vitablanca.ma\/produit\/kal-d-3-mag-glycinate-125-mcg-170-mg-90-capsules-vegetariennes-maroc\/"]}]},{"@type":"ImageObject","inLanguage":"ar","@id":"https:\/\/vitablanca.ma\/produit\/kal-d-3-mag-glycinate-125-mcg-170-mg-90-capsules-vegetariennes-maroc\/#primaryimage","url":"https:\/\/vitablanca.ma\/wp-content\/uploads\/2025\/06\/kal-d-3-mag-glycinate-125-mcg170-mg-90-capsules.jpg","contentUrl":"https:\/\/vitablanca.ma\/wp-content\/uploads\/2025\/06\/kal-d-3-mag-glycinate-125-mcg170-mg-90-capsules.jpg","width":680,"height":680},{"@type":"BreadcrumbList","@id":"https:\/\/vitablanca.ma\/produit\/kal-d-3-mag-glycinate-125-mcg-170-mg-90-capsules-vegetariennes-maroc\/#breadcrumb","itemListElement":[{"@type":"ListItem","position":1,"name":"Home","item":"https:\/\/vitablanca.ma\/"},{"@type":"ListItem","position":2,"name":"Tous Les Produits","item":"https:\/\/vitablanca.ma\/tous-les-produits\/"},{"@type":"ListItem","position":3,"name":"Kal D-3 Mag glycinate, 125 Mcg\/170 mg, 90 capsules v\u00e9g\u00e9tariennes"}]},{"@type":"WebSite","@id":"https:\/\/vitablanca.ma\/#website","url":"https:\/\/vitablanca.ma\/","name":"VitaBlanca.ma | \u0627\u0644\u0645\u0643\u0645\u0644\u0627\u062a \u0627\u0644\u063a\u0630\u0627\u0626\u064a\u0629\u060c \u0627\u0644\u0635\u062d\u0629 \u0648\u0627\u0644\u062c\u0645\u0627\u0644 \u0641\u064a \u0627\u0644\u0645\u063a\u0631\u0628","description":"\u0646\u0628\u064a\u0639 \u0641\u064a\u062a\u0627\u0645\u064a\u0646\u0627\u062a \u0648\u0645\u0643\u0645\u0644\u0627\u062a \u063a\u0630\u0627\u0626\u064a\u0629 \u0641\u0627\u062e\u0631\u0629 \u0645\u0646 \u0627\u0644\u0648\u0644\u0627\u064a\u0627\u062a \u0627\u0644\u0645\u062a\u062d\u062f\u0629 \u0627\u0644\u0623\u0645\u0631\u064a\u0643\u064a\u0629 \u0648\u0643\u0646\u062f\u0627 \u0648\u0646\u064a\u0648\u0632\u064a\u0644\u0646\u062f\u0627 \u0648\u0627\u0644\u0645\u063a\u0631\u0628 (\u0646\u0627\u0648 \u0641\u0648\u062f\u0632\u060c \u0633\u0648\u0644\u062c\u0627\u0631\u060c \u0645\u0627\u0646\u0648\u0643\u0627). \u062a\u0648\u0635\u064a\u0644 \u0633\u0631\u064a\u0639 \u0625\u0644\u0649 \u062c\u0645\u064a\u0639 \u0623\u0646\u062d\u0627\u0621 \u0627\u0644\u0645\u063a\u0631\u0628.","publisher":{"@id":"https:\/\/vitablanca.ma\/#organization"},"alternateName":"VitaBlanca.ma","potentialAction":[{"@type":"SearchAction","target":{"@type":"EntryPoint","urlTemplate":"https:\/\/vitablanca.ma\/?s={search_term_string}"},"query-input":{"@type":"PropertyValueSpecification","valueRequired":true,"valueName":"search_term_string"}}],"inLanguage":"ar"},{"@type":"Organization","@id":"https:\/\/vitablanca.ma\/#organization","name":"\u0641\u064a\u062a\u0627\u0628\u0644\u0627\u0646\u0643\u0627","url":"https:\/\/vitablanca.ma\/","logo":{"@type":"ImageObject","inLanguage":"ar","@id":"https:\/\/vitablanca.ma\/#\/schema\/logo\/image\/","url":"https:\/\/vitablanca.ma\/wp-content\/uploads\/2025\/05\/cropped-vitablanca.png","contentUrl":"https:\/\/vitablanca.ma\/wp-content\/uploads\/2025\/05\/cropped-vitablanca.png","width":360,"height":67,"caption":"VitaBlanca"},"image":{"@id":"https:\/\/vitablanca.ma\/#\/schema\/logo\/image\/"},"sameAs":["https:\/\/www.facebook.com\/profile.php?id=61576678196717","https:\/\/www.tiktok.com\/@vitablanca.ma","https:\/\/www.instagram.com\/vitablanca.ma\/"]}]}},"jetpack_sharing_enabled":true,"_links":{"self":[{"href":"https:\/\/vitablanca.ma\/ar\/wp-json\/wp\/v2\/product\/14184","targetHints":{"allow":["GET"]}}],"collection":[{"href":"https:\/\/vitablanca.ma\/ar\/wp-json\/wp\/v2\/product"}],"about":[{"href":"https:\/\/vitablanca.ma\/ar\/wp-json\/wp\/v2\/types\/product"}],"wp:featuredmedia":[{"embeddable":true,"href":"https:\/\/vitablanca.ma\/ar\/wp-json\/wp\/v2\/media\/14187"}],"wp:attachment":[{"href":"https:\/\/vitablanca.ma\/ar\/wp-json\/wp\/v2\/media?parent=14184"}],"wp:term":[{"taxonomy":"product_brand","embeddable":true,"href":"https:\/\/vitablanca.ma\/ar\/wp-json\/wp\/v2\/product_brand?post=14184"},{"taxonomy":"product_cat","embeddable":true,"href":"https:\/\/vitablanca.ma\/ar\/wp-json\/wp\/v2\/product_cat?post=14184"},{"taxonomy":"product_tag","embeddable":true,"href":"https:\/\/vitablanca.ma\/ar\/wp-json\/wp\/v2\/product_tag?post=14184"}],"curies":[{"name":"wp","href":"https:\/\/api.w.org\/{rel}","templated":true}]}}