{"id":14166,"date":"2025-06-02T16:42:15","date_gmt":"2025-06-02T16:42:15","guid":{"rendered":"https:\/\/vitablanca.ma\/?post_type=product&#038;p=14166"},"modified":"2025-08-30T21:21:19","modified_gmt":"2025-08-30T21:21:19","slug":"life-extension-extrait-de-legumes-cruciferes-a-triple-action-60-capsules-veget-marocariennes","status":"publish","type":"product","link":"https:\/\/vitablanca.ma\/ar\/product-2\/life-extension-extrait-de-legumes-cruciferes-a-triple-action-60-capsules-veget-marocariennes\/","title":{"rendered":"Life Extension Extrait de l\u00e9gumes crucif\u00e8res \u00e0 triple action, 60 capsules v\u00e9g\u00e9tariennes"},"content":{"rendered":"<p>Maintenir des taux hormonaux sains est essentiel dans le cadre d&rsquo;une strat\u00e9gie de sant\u00e9 globale de l&rsquo;organisme. Ce compl\u00e9ment allie des extraits de brocoli, de chou et d&rsquo;autres phytonutriments pour aider \u00e0 maintenir des taux hormonaux d\u00e9j\u00e0 sains.<\/p>\n\n\n\n<p>Les compos\u00e9s des l\u00e9gumes crucif\u00e8res aident \u00e0 maintenir des taux hormonaux d\u00e9j\u00e0 sains et favorisent la sant\u00e9 de l&rsquo;ADN.<\/p>\n\n\n\n<p>Bienfaits de l&rsquo;extrait de l\u00e9gumes crucif\u00e8res \u00e0 triple action<\/p>\n\n\n\n<p>Offre une protection cellulaire avanc\u00e9e<\/p>\n\n\n\n<p>Favorise la sant\u00e9 de l&rsquo;ADN<\/p>\n\n\n\n<p>Aide \u00e0 maintenir un taux d&rsquo;hormones d\u00e9j\u00e0 sain<\/p>\n\n\n\n<p>Favorise la sant\u00e9 h\u00e9patique et le m\u00e9tabolisme sain des \u0153strog\u00e8nes gr\u00e2ce aux compos\u00e9s I3C (indole-3-carbinol) et DIM (diindolylm\u00e9thane)<\/p>\n\n\n\n<p>Quelle est l&rsquo;atout de l&rsquo;extrait de brocoli ?<\/p>\n\n\n\n<p>Le brocoli contient des compos\u00e9s b\u00e9n\u00e9fiques pour la sant\u00e9 comme les glucosinolates et la myrosinase qui prot\u00e8gent vos cellules et favorisent leur bon fonctionnement.<\/p>\n\n\n\n<p>Pourquoi avons-nous ajout\u00e9 l&rsquo;I3C (indole-3-carbinol) ?<\/p>\n\n\n\n<p>L&rsquo;I3C (indole-3-carbinol) favorise un m\u00e9tabolisme sain des \u0153strog\u00e8nes et favorise les enzymes h\u00e9patiques qui aident \u00e0 inhiber les m\u00e9tabolites des \u0153strog\u00e8nes ainsi que les x\u00e9noestrog\u00e8nes.<a href=\"https:\/\/www.jumia.ma\/customer\/account\/login\/?tkWl=LI295DV1BLIIMNAFAMZ-64262305&amp;return=%2Flife-extension-extrait-de-legumes-cruciferes-a-triple-action-60-capsules-vegetariennes-62754997.html\"><\/a><\/p>","protected":false},"excerpt":{"rendered":"<ul>\n<li>\u062e\u0627\u0644\u064a \u0645\u0646 \u0627\u0644\u063a\u0644\u0648\u062a\u064a\u0646<\/li>\n<li>Produit sans OGM, certifi\u00e9 LE<\/li>\n<li>Pour la protection cellulaire et un \u00e9quilibre hormonal optimal<\/li>\n<li>\u0645\u0643\u0645\u0644 \u063a\u0630\u0627\u0626\u064a<\/li>\n<li>Maintenir des taux hormonaux sains est essentiel dans le cadre d&rsquo;une strat\u00e9gie de sant\u00e9 globale de l&rsquo;organisme.<\/li>\n<\/ul>","protected":false},"featured_media":14167,"template":"","meta":{"om_disable_all_campaigns":false},"product_brand":[283],"product_cat":[18,3366,20,19],"product_tag":[345,2039,582,2045,2037,2038,2044,2043,2040,1876,220,2042,2041],"class_list":{"0":"post-14166","1":"product","2":"type-product","3":"status-publish","4":"has-post-thumbnail","6":"product_brand-life-extension-maroc-prix","7":"product_cat-beaute-sante","8":"product_cat-complements-alimentaires-au-maroc-vitablanca","9":"product_cat-supplements","10":"product_cat-vitamines-supplements-dietetiques","11":"product_tag-equilibre-hormonal","12":"product_tag-60-capsules-vegetariennes","13":"product_tag-antioxydants","14":"product_tag-chou-et-autres-legumes-cruciferes","15":"product_tag-contient-du-dim","16":"product_tag-extrait-concentre-de-brocoli","17":"product_tag-favorise-la-sante-cellulaire-et-hepatique","18":"product_tag-i3c-et-du-sulforaphane","19":"product_tag-marque-premium-life-extension","20":"product_tag-sans-gluten-ni-conservateurs","21":"product_tag-sans-ogm","22":"product_tag-soutien-pour-le-metabolisme-des-oestrogenes","23":"product_tag-triple-action-detox","25":"first","26":"instock","27":"taxable","28":"shipping-taxable","29":"purchasable","30":"product-type-simple"},"yoast_head":"<!-- This site is optimized with the Yoast SEO plugin v27.3 - https:\/\/yoast.com\/product\/yoast-seo-wordpress\/ -->\n<title>Life Extension Extrait de l\u00e9gumes crucif\u00e8res \u00e0 triple action - Maroc<\/title>\n<meta name=\"description\" content=\"Achetez Life Extension Extrait de Crucif\u00e8res Triple Action (60 capsules) au Maroc. Soutien hormonal, d\u00e9toxification et protection cellulaire avanc\u00e9s.\" \/>\n<meta name=\"robots\" content=\"index, follow, max-snippet:-1, max-image-preview:large, max-video-preview:-1\" \/>\n<link rel=\"canonical\" href=\"https:\/\/vitablanca.ma\/ar\/product-2\/life-extension-extrait-de-legumes-cruciferes-a-triple-action-60-capsules-veget-marocariennes\/\" \/>\n<meta property=\"og:locale\" content=\"ar_AR\" \/>\n<meta property=\"og:type\" content=\"article\" \/>\n<meta property=\"og:title\" content=\"Life Extension Extrait de l\u00e9gumes crucif\u00e8res \u00e0 triple action - Maroc\" \/>\n<meta property=\"og:description\" content=\"Achetez Life Extension Extrait de Crucif\u00e8res Triple Action (60 capsules) au Maroc. Soutien hormonal, d\u00e9toxification et protection cellulaire avanc\u00e9s.\" \/>\n<meta property=\"og:url\" content=\"https:\/\/vitablanca.ma\/ar\/product-2\/life-extension-extrait-de-legumes-cruciferes-a-triple-action-60-capsules-veget-marocariennes\/\" \/>\n<meta property=\"og:site_name\" content=\"Vitablanca.ma &ndash; Sant&eacute;, vitalit&eacute; et bien-&ecirc;tre pour tous les Marocains\" \/>\n<meta property=\"article:publisher\" content=\"https:\/\/www.facebook.com\/profile.php?id=61576678196717\" \/>\n<meta property=\"article:modified_time\" content=\"2025-08-30T21:21:19+00:00\" \/>\n<meta property=\"og:image\" content=\"https:\/\/vitablanca.ma\/wp-content\/uploads\/2025\/06\/life-extension-extrait-de-legumes-cruciferes-a-triple-action-60-capsules-.jpg\" \/>\n\t<meta property=\"og:image:width\" content=\"680\" \/>\n\t<meta property=\"og:image:height\" content=\"680\" \/>\n\t<meta property=\"og:image:type\" content=\"image\/jpeg\" \/>\n<meta name=\"twitter:card\" content=\"summary_large_image\" \/>\n<meta name=\"twitter:label1\" content=\"\u0648\u0642\u062a \u0627\u0644\u0642\u0631\u0627\u0621\u0629 \u0627\u0644\u0645\u064f\u0642\u062f\u0651\u0631\" \/>\n\t<meta name=\"twitter:data1\" content=\"\u062f\u0642\u064a\u0642\u062a\u0627\u0646\" \/>\n<script type=\"application\/ld+json\" class=\"yoast-schema-graph\">{\"@context\":\"https:\\\/\\\/schema.org\",\"@graph\":[{\"@type\":[\"WebPage\",\"ItemPage\"],\"@id\":\"https:\\\/\\\/vitablanca.ma\\\/produit\\\/life-extension-extrait-de-legumes-cruciferes-a-triple-action-60-capsules-veget-marocariennes\\\/\",\"url\":\"https:\\\/\\\/vitablanca.ma\\\/produit\\\/life-extension-extrait-de-legumes-cruciferes-a-triple-action-60-capsules-veget-marocariennes\\\/\",\"name\":\"Life Extension Extrait de l\u00e9gumes crucif\u00e8res \u00e0 triple action - Maroc\",\"isPartOf\":{\"@id\":\"https:\\\/\\\/vitablanca.ma\\\/#website\"},\"primaryImageOfPage\":{\"@id\":\"https:\\\/\\\/vitablanca.ma\\\/produit\\\/life-extension-extrait-de-legumes-cruciferes-a-triple-action-60-capsules-veget-marocariennes\\\/#primaryimage\"},\"image\":{\"@id\":\"https:\\\/\\\/vitablanca.ma\\\/produit\\\/life-extension-extrait-de-legumes-cruciferes-a-triple-action-60-capsules-veget-marocariennes\\\/#primaryimage\"},\"thumbnailUrl\":\"https:\\\/\\\/vitablanca.ma\\\/wp-content\\\/uploads\\\/2025\\\/06\\\/life-extension-extrait-de-legumes-cruciferes-a-triple-action-60-capsules-.jpg\",\"datePublished\":\"2025-06-02T16:42:15+00:00\",\"dateModified\":\"2025-08-30T21:21:19+00:00\",\"description\":\"Achetez Life Extension Extrait de Crucif\u00e8res Triple Action (60 capsules) au Maroc. Soutien hormonal, d\u00e9toxification et protection cellulaire avanc\u00e9s.\",\"breadcrumb\":{\"@id\":\"https:\\\/\\\/vitablanca.ma\\\/produit\\\/life-extension-extrait-de-legumes-cruciferes-a-triple-action-60-capsules-veget-marocariennes\\\/#breadcrumb\"},\"inLanguage\":\"ar\",\"potentialAction\":[{\"@type\":\"ReadAction\",\"target\":[\"https:\\\/\\\/vitablanca.ma\\\/produit\\\/life-extension-extrait-de-legumes-cruciferes-a-triple-action-60-capsules-veget-marocariennes\\\/\"]}]},{\"@type\":\"ImageObject\",\"inLanguage\":\"ar\",\"@id\":\"https:\\\/\\\/vitablanca.ma\\\/produit\\\/life-extension-extrait-de-legumes-cruciferes-a-triple-action-60-capsules-veget-marocariennes\\\/#primaryimage\",\"url\":\"https:\\\/\\\/vitablanca.ma\\\/wp-content\\\/uploads\\\/2025\\\/06\\\/life-extension-extrait-de-legumes-cruciferes-a-triple-action-60-capsules-.jpg\",\"contentUrl\":\"https:\\\/\\\/vitablanca.ma\\\/wp-content\\\/uploads\\\/2025\\\/06\\\/life-extension-extrait-de-legumes-cruciferes-a-triple-action-60-capsules-.jpg\",\"width\":680,\"height\":680},{\"@type\":\"BreadcrumbList\",\"@id\":\"https:\\\/\\\/vitablanca.ma\\\/produit\\\/life-extension-extrait-de-legumes-cruciferes-a-triple-action-60-capsules-veget-marocariennes\\\/#breadcrumb\",\"itemListElement\":[{\"@type\":\"ListItem\",\"position\":1,\"name\":\"Home\",\"item\":\"https:\\\/\\\/vitablanca.ma\\\/\"},{\"@type\":\"ListItem\",\"position\":2,\"name\":\"Tous Les Produits\",\"item\":\"https:\\\/\\\/vitablanca.ma\\\/tous-les-produits\\\/\"},{\"@type\":\"ListItem\",\"position\":3,\"name\":\"Life Extension Extrait de l\u00e9gumes crucif\u00e8res \u00e0 triple action, 60 capsules v\u00e9g\u00e9tariennes\"}]},{\"@type\":\"WebSite\",\"@id\":\"https:\\\/\\\/vitablanca.ma\\\/#website\",\"url\":\"https:\\\/\\\/vitablanca.ma\\\/\",\"name\":\"VitaBlanca.ma | Compl\u00e9ments alimentaires, sant\u00e9 & beaut\u00e9 au Maroc\",\"description\":\"vendre vitamines et compl\u00e9ments premium des USA &amp; Canada, Nouvelle Z\u00e9lande,Maroc (NOW Foods, Solgar, Manuka). Livraison rapide partout au Maroc.\",\"publisher\":{\"@id\":\"https:\\\/\\\/vitablanca.ma\\\/#organization\"},\"alternateName\":\"VitaBlanca.ma\",\"potentialAction\":[{\"@type\":\"SearchAction\",\"target\":{\"@type\":\"EntryPoint\",\"urlTemplate\":\"https:\\\/\\\/vitablanca.ma\\\/?s={search_term_string}\"},\"query-input\":{\"@type\":\"PropertyValueSpecification\",\"valueRequired\":true,\"valueName\":\"search_term_string\"}}],\"inLanguage\":\"ar\"},{\"@type\":\"Organization\",\"@id\":\"https:\\\/\\\/vitablanca.ma\\\/#organization\",\"name\":\"VitaBlanca\",\"url\":\"https:\\\/\\\/vitablanca.ma\\\/\",\"logo\":{\"@type\":\"ImageObject\",\"inLanguage\":\"ar\",\"@id\":\"https:\\\/\\\/vitablanca.ma\\\/#\\\/schema\\\/logo\\\/image\\\/\",\"url\":\"https:\\\/\\\/vitablanca.ma\\\/wp-content\\\/uploads\\\/2025\\\/05\\\/cropped-vitablanca.png\",\"contentUrl\":\"https:\\\/\\\/vitablanca.ma\\\/wp-content\\\/uploads\\\/2025\\\/05\\\/cropped-vitablanca.png\",\"width\":360,\"height\":67,\"caption\":\"VitaBlanca\"},\"image\":{\"@id\":\"https:\\\/\\\/vitablanca.ma\\\/#\\\/schema\\\/logo\\\/image\\\/\"},\"sameAs\":[\"https:\\\/\\\/www.facebook.com\\\/profile.php?id=61576678196717\",\"https:\\\/\\\/www.tiktok.com\\\/@vitablanca.ma\",\"https:\\\/\\\/www.instagram.com\\\/vitablanca.ma\\\/\"]}]}<\/script>\n<!-- \/ Yoast SEO plugin. -->","yoast_head_json":{"title":"Life Extension Extrait de l\u00e9gumes crucif\u00e8res \u00e0 triple action - Maroc","description":"Achetez Life Extension Extrait de Crucif\u00e8res Triple Action (60 capsules) au Maroc. Soutien hormonal, d\u00e9toxification et protection cellulaire avanc\u00e9s.","robots":{"index":"index","follow":"follow","max-snippet":"max-snippet:-1","max-image-preview":"max-image-preview:large","max-video-preview":"max-video-preview:-1"},"canonical":"https:\/\/vitablanca.ma\/ar\/product-2\/life-extension-extrait-de-legumes-cruciferes-a-triple-action-60-capsules-veget-marocariennes\/","og_locale":"ar_AR","og_type":"article","og_title":"Life Extension Extrait de l\u00e9gumes crucif\u00e8res \u00e0 triple action - Maroc","og_description":"Achetez Life Extension Extrait de Crucif\u00e8res Triple Action (60 capsules) au Maroc. Soutien hormonal, d\u00e9toxification et protection cellulaire avanc\u00e9s.","og_url":"https:\/\/vitablanca.ma\/ar\/product-2\/life-extension-extrait-de-legumes-cruciferes-a-triple-action-60-capsules-veget-marocariennes\/","og_site_name":"Vitablanca.ma &ndash; Sant&eacute;, vitalit&eacute; et bien-&ecirc;tre pour tous les Marocains","article_publisher":"https:\/\/www.facebook.com\/profile.php?id=61576678196717","article_modified_time":"2025-08-30T21:21:19+00:00","og_image":[{"width":680,"height":680,"url":"https:\/\/vitablanca.ma\/wp-content\/uploads\/2025\/06\/life-extension-extrait-de-legumes-cruciferes-a-triple-action-60-capsules-.jpg","type":"image\/jpeg"}],"twitter_card":"summary_large_image","twitter_misc":{"\u0648\u0642\u062a \u0627\u0644\u0642\u0631\u0627\u0621\u0629 \u0627\u0644\u0645\u064f\u0642\u062f\u0651\u0631":"\u062f\u0642\u064a\u0642\u062a\u0627\u0646"},"schema":{"@context":"https:\/\/schema.org","@graph":[{"@type":["WebPage","ItemPage"],"@id":"https:\/\/vitablanca.ma\/produit\/life-extension-extrait-de-legumes-cruciferes-a-triple-action-60-capsules-veget-marocariennes\/","url":"https:\/\/vitablanca.ma\/produit\/life-extension-extrait-de-legumes-cruciferes-a-triple-action-60-capsules-veget-marocariennes\/","name":"Life Extension Extrait de l\u00e9gumes crucif\u00e8res \u00e0 triple action - Maroc","isPartOf":{"@id":"https:\/\/vitablanca.ma\/#website"},"primaryImageOfPage":{"@id":"https:\/\/vitablanca.ma\/produit\/life-extension-extrait-de-legumes-cruciferes-a-triple-action-60-capsules-veget-marocariennes\/#primaryimage"},"image":{"@id":"https:\/\/vitablanca.ma\/produit\/life-extension-extrait-de-legumes-cruciferes-a-triple-action-60-capsules-veget-marocariennes\/#primaryimage"},"thumbnailUrl":"https:\/\/vitablanca.ma\/wp-content\/uploads\/2025\/06\/life-extension-extrait-de-legumes-cruciferes-a-triple-action-60-capsules-.jpg","datePublished":"2025-06-02T16:42:15+00:00","dateModified":"2025-08-30T21:21:19+00:00","description":"Achetez Life Extension Extrait de Crucif\u00e8res Triple Action (60 capsules) au Maroc. Soutien hormonal, d\u00e9toxification et protection cellulaire avanc\u00e9s.","breadcrumb":{"@id":"https:\/\/vitablanca.ma\/produit\/life-extension-extrait-de-legumes-cruciferes-a-triple-action-60-capsules-veget-marocariennes\/#breadcrumb"},"inLanguage":"ar","potentialAction":[{"@type":"ReadAction","target":["https:\/\/vitablanca.ma\/produit\/life-extension-extrait-de-legumes-cruciferes-a-triple-action-60-capsules-veget-marocariennes\/"]}]},{"@type":"ImageObject","inLanguage":"ar","@id":"https:\/\/vitablanca.ma\/produit\/life-extension-extrait-de-legumes-cruciferes-a-triple-action-60-capsules-veget-marocariennes\/#primaryimage","url":"https:\/\/vitablanca.ma\/wp-content\/uploads\/2025\/06\/life-extension-extrait-de-legumes-cruciferes-a-triple-action-60-capsules-.jpg","contentUrl":"https:\/\/vitablanca.ma\/wp-content\/uploads\/2025\/06\/life-extension-extrait-de-legumes-cruciferes-a-triple-action-60-capsules-.jpg","width":680,"height":680},{"@type":"BreadcrumbList","@id":"https:\/\/vitablanca.ma\/produit\/life-extension-extrait-de-legumes-cruciferes-a-triple-action-60-capsules-veget-marocariennes\/#breadcrumb","itemListElement":[{"@type":"ListItem","position":1,"name":"Home","item":"https:\/\/vitablanca.ma\/"},{"@type":"ListItem","position":2,"name":"Tous Les Produits","item":"https:\/\/vitablanca.ma\/tous-les-produits\/"},{"@type":"ListItem","position":3,"name":"Life Extension Extrait de l\u00e9gumes crucif\u00e8res \u00e0 triple action, 60 capsules v\u00e9g\u00e9tariennes"}]},{"@type":"WebSite","@id":"https:\/\/vitablanca.ma\/#website","url":"https:\/\/vitablanca.ma\/","name":"VitaBlanca.ma | \u0627\u0644\u0645\u0643\u0645\u0644\u0627\u062a \u0627\u0644\u063a\u0630\u0627\u0626\u064a\u0629\u060c \u0627\u0644\u0635\u062d\u0629 \u0648\u0627\u0644\u062c\u0645\u0627\u0644 \u0641\u064a \u0627\u0644\u0645\u063a\u0631\u0628","description":"\u0646\u0628\u064a\u0639 \u0641\u064a\u062a\u0627\u0645\u064a\u0646\u0627\u062a \u0648\u0645\u0643\u0645\u0644\u0627\u062a \u063a\u0630\u0627\u0626\u064a\u0629 \u0641\u0627\u062e\u0631\u0629 \u0645\u0646 \u0627\u0644\u0648\u0644\u0627\u064a\u0627\u062a \u0627\u0644\u0645\u062a\u062d\u062f\u0629 \u0627\u0644\u0623\u0645\u0631\u064a\u0643\u064a\u0629 \u0648\u0643\u0646\u062f\u0627 \u0648\u0646\u064a\u0648\u0632\u064a\u0644\u0646\u062f\u0627 \u0648\u0627\u0644\u0645\u063a\u0631\u0628 (\u0646\u0627\u0648 \u0641\u0648\u062f\u0632\u060c \u0633\u0648\u0644\u062c\u0627\u0631\u060c \u0645\u0627\u0646\u0648\u0643\u0627). \u062a\u0648\u0635\u064a\u0644 \u0633\u0631\u064a\u0639 \u0625\u0644\u0649 \u062c\u0645\u064a\u0639 \u0623\u0646\u062d\u0627\u0621 \u0627\u0644\u0645\u063a\u0631\u0628.","publisher":{"@id":"https:\/\/vitablanca.ma\/#organization"},"alternateName":"VitaBlanca.ma","potentialAction":[{"@type":"SearchAction","target":{"@type":"EntryPoint","urlTemplate":"https:\/\/vitablanca.ma\/?s={search_term_string}"},"query-input":{"@type":"PropertyValueSpecification","valueRequired":true,"valueName":"search_term_string"}}],"inLanguage":"ar"},{"@type":"Organization","@id":"https:\/\/vitablanca.ma\/#organization","name":"\u0641\u064a\u062a\u0627\u0628\u0644\u0627\u0646\u0643\u0627","url":"https:\/\/vitablanca.ma\/","logo":{"@type":"ImageObject","inLanguage":"ar","@id":"https:\/\/vitablanca.ma\/#\/schema\/logo\/image\/","url":"https:\/\/vitablanca.ma\/wp-content\/uploads\/2025\/05\/cropped-vitablanca.png","contentUrl":"https:\/\/vitablanca.ma\/wp-content\/uploads\/2025\/05\/cropped-vitablanca.png","width":360,"height":67,"caption":"VitaBlanca"},"image":{"@id":"https:\/\/vitablanca.ma\/#\/schema\/logo\/image\/"},"sameAs":["https:\/\/www.facebook.com\/profile.php?id=61576678196717","https:\/\/www.tiktok.com\/@vitablanca.ma","https:\/\/www.instagram.com\/vitablanca.ma\/"]}]}},"jetpack_sharing_enabled":true,"_links":{"self":[{"href":"https:\/\/vitablanca.ma\/ar\/wp-json\/wp\/v2\/product\/14166","targetHints":{"allow":["GET"]}}],"collection":[{"href":"https:\/\/vitablanca.ma\/ar\/wp-json\/wp\/v2\/product"}],"about":[{"href":"https:\/\/vitablanca.ma\/ar\/wp-json\/wp\/v2\/types\/product"}],"wp:featuredmedia":[{"embeddable":true,"href":"https:\/\/vitablanca.ma\/ar\/wp-json\/wp\/v2\/media\/14167"}],"wp:attachment":[{"href":"https:\/\/vitablanca.ma\/ar\/wp-json\/wp\/v2\/media?parent=14166"}],"wp:term":[{"taxonomy":"product_brand","embeddable":true,"href":"https:\/\/vitablanca.ma\/ar\/wp-json\/wp\/v2\/product_brand?post=14166"},{"taxonomy":"product_cat","embeddable":true,"href":"https:\/\/vitablanca.ma\/ar\/wp-json\/wp\/v2\/product_cat?post=14166"},{"taxonomy":"product_tag","embeddable":true,"href":"https:\/\/vitablanca.ma\/ar\/wp-json\/wp\/v2\/product_tag?post=14166"}],"curies":[{"name":"wp","href":"https:\/\/api.w.org\/{rel}","templated":true}]}}