{"id":14138,"date":"2025-06-02T15:17:35","date_gmt":"2025-06-02T15:17:35","guid":{"rendered":"https:\/\/vitablanca.ma\/?post_type=product&#038;p=14138"},"modified":"2025-08-30T21:21:22","modified_gmt":"2025-08-30T21:21:22","slug":"california-gold-nutrition-bromelaine-500-mg-90-capsules-vegetales-maroc","status":"publish","type":"product","link":"https:\/\/vitablanca.ma\/ar\/product-2\/california-gold-nutrition-bromelaine-500-mg-90-capsules-vegetales-maroc\/","title":{"rendered":"\u0643\u0627\u0644\u064a\u0641\u0648\u0631\u0646\u064a\u0627 \u062c\u0648\u0644\u062f \u0646\u064a\u0648\u062a\u0631\u064a\u0634\u0646 \u0628\u0631\u0648\u0645\u064a\u0644\u064a\u0646\u060c \u0665\u0660\u0660 \u0645\u062c\u0645\u060c \u0669\u0660 \u0643\u0628\u0633\u0648\u0644\u0629 \u0646\u0628\u0627\u062a\u064a\u0629"},"content":{"rendered":"<p>En raison de sa capacit\u00e9 naturelle \u00e0 d\u00e9composer les prot\u00e9ines, la brom\u00e9la\u00efne peut aider le corps \u00e0 les dig\u00e9rer, favorisant ainsi une fonction digestive saine.* La brom\u00e9la\u00efne est \u00e9galement connue pour ses effets anti-inflammatoires, qui peuvent aider \u00e0 am\u00e9liorer le confort articulaire et musculaire.* Ces propri\u00e9t\u00e9s naturelles les propri\u00e9t\u00e9s anti-inflammatoires peuvent \u00e9galement favoriser la sant\u00e9 respiratoire, car elles peuvent r\u00e9duire l\u2019inflammation et le gonflement des voies nasales.* Le pouvoir de la brom\u00e9la\u00efne est mesur\u00e9 par les GDU, ou unit\u00e9s de digestion de la g\u00e9latine, qui font r\u00e9f\u00e9rence \u00e0 la quantit\u00e9 de prot\u00e9ines qu\u2019un gramme de brom\u00e9la\u00efne peut dig\u00e9rer. . Ce suppl\u00e9ment a une cote de 2 400 GDU par gramme.<\/p>\n\n\n\n<p>California Gold Nutrition Bromelain est formul\u00e9 avec de la brom\u00e9la\u00efne extraite du fruit et de la tige de l\u2019ananas. Il convient aussi bien aux v\u00e9g\u00e9tariens qu\u2019aux v\u00e9g\u00e9taliens et ne contient ni gluten, ni OGM, ni soja.<a href=\"https:\/\/www.jumia.ma\/customer\/account\/login\/?tkWl=CA319DV1KY8D0NAFAMZ-65414065&return=%2Fcalifornia-gold-nutrition-bromelaine-500-mg-90-capsules-vegetales-63655659.html\"><\/a><\/p>","protected":false},"excerpt":{"rendered":"<ul>\n<li>\u00a0Brom\u00e9la\u00efne California Gold Nutrition<\/li>\n<li>Formul\u00e9 avec de l&rsquo;extrait de fruit et de tige d&rsquo;ananas<\/li>\n<li>2 400 GDU (unit\u00e9s de digestion de la g\u00e9latine) par gramme<\/li>\n<li>Favorise une digestion saine et le confort des articulations*<\/li>\n<li>Convient aux v\u00e9g\u00e9tariens et v\u00e9g\u00e9taliens<\/li>\n<li>Formul\u00e9 sans gluten, sans OGM ni soja<\/li>\n<li>Garantie 100% Or<\/li>\n<\/ul>","protected":false},"featured_media":14139,"template":"","meta":{"om_disable_all_campaigns":false},"product_brand":[],"product_cat":[18,521,3366,20,19],"product_tag":[1996,1995,1993,1999,1997,1998,1994,1876,220],"class_list":{"0":"post-14138","1":"product","2":"type-product","3":"status-publish","4":"has-post-thumbnail","6":"product_cat-beaute-sante","7":"product_cat-bromelaine","8":"product_cat-complements-alimentaires-au-maroc-vitablanca","9":"product_cat-supplements","10":"product_cat-vitamines-supplements-dietetiques","11":"product_tag-500-mg-de-bromelaine-par-capsule","12":"product_tag-90-capsules-vegetales","13":"product_tag-aide-a-la-digestion-des-proteines","14":"product_tag-convient-aux-vegetariens-et-vegetaliens","15":"product_tag-enzyme-naturelle-extraite-de-lananas","16":"product_tag-favorise-la-recuperation-apres-leffort","17":"product_tag-reduction-de-linflammation-et-soutien-articulaire","18":"product_tag-sans-gluten-ni-conservateurs","19":"product_tag-sans-ogm","21":"first","22":"instock","23":"taxable","24":"shipping-taxable","25":"purchasable","26":"product-type-simple"},"yoast_head":"<!-- This site is optimized with the Yoast SEO plugin v27.5 - https:\/\/yoast.com\/product\/yoast-seo-wordpress\/ -->\n<title>Brom\u00e9la\u00efne - California Gold Nutrition , 500 mg, 90 capsules - Maroc<\/title>\n<meta name=\"description\" content=\"Achetez California Gold Nutrition Brom\u00e9laine 500 mg (90 capsules) au Maroc. Aide \u00e0 la digestion et r\u00e9duit l&#039;inflammation. Qualit\u00e9 test\u00e9e.\" \/>\n<meta name=\"robots\" content=\"index, follow, max-snippet:-1, max-image-preview:large, max-video-preview:-1\" \/>\n<link rel=\"canonical\" href=\"https:\/\/vitablanca.ma\/ar\/product-2\/california-gold-nutrition-bromelaine-500-mg-90-capsules-vegetales-maroc\/\" \/>\n<meta property=\"og:locale\" content=\"ar_AR\" \/>\n<meta property=\"og:type\" content=\"article\" \/>\n<meta property=\"og:title\" content=\"Brom\u00e9la\u00efne - California Gold Nutrition , 500 mg, 90 capsules - Maroc\" \/>\n<meta property=\"og:description\" content=\"Achetez California Gold Nutrition Brom\u00e9laine 500 mg (90 capsules) au Maroc. Aide \u00e0 la digestion et r\u00e9duit l&#039;inflammation. Qualit\u00e9 test\u00e9e.\" \/>\n<meta property=\"og:url\" content=\"https:\/\/vitablanca.ma\/ar\/product-2\/california-gold-nutrition-bromelaine-500-mg-90-capsules-vegetales-maroc\/\" \/>\n<meta property=\"og:site_name\" content=\"Vitablanca.ma &ndash; Sant&eacute;, vitalit&eacute; et bien-&ecirc;tre pour tous les Marocains\" \/>\n<meta property=\"article:publisher\" content=\"https:\/\/www.facebook.com\/profile.php?id=61576678196717\" \/>\n<meta property=\"article:modified_time\" content=\"2025-08-30T21:21:22+00:00\" \/>\n<meta property=\"og:image\" content=\"https:\/\/vitablanca.ma\/wp-content\/uploads\/2025\/06\/california-gold-nutrition-bromelaine-500-mg-90-capsules-vegetales-.jpg\" \/>\n\t<meta property=\"og:image:width\" content=\"680\" \/>\n\t<meta property=\"og:image:height\" content=\"680\" \/>\n\t<meta property=\"og:image:type\" content=\"image\/jpeg\" \/>\n<meta name=\"twitter:card\" content=\"summary_large_image\" \/>\n<meta name=\"twitter:label1\" content=\"\u0648\u0642\u062a \u0627\u0644\u0642\u0631\u0627\u0621\u0629 \u0627\u0644\u0645\u064f\u0642\u062f\u0651\u0631\" \/>\n\t<meta name=\"twitter:data1\" content=\"\u062f\u0642\u064a\u0642\u0629 \u0648\u0627\u062d\u062f\u0629\" \/>\n<script type=\"application\/ld+json\" class=\"yoast-schema-graph\">{\"@context\":\"https:\\\/\\\/schema.org\",\"@graph\":[{\"@type\":[\"WebPage\",\"ItemPage\"],\"@id\":\"https:\\\/\\\/vitablanca.ma\\\/produit\\\/california-gold-nutrition-bromelaine-500-mg-90-capsules-vegetales-maroc\\\/\",\"url\":\"https:\\\/\\\/vitablanca.ma\\\/produit\\\/california-gold-nutrition-bromelaine-500-mg-90-capsules-vegetales-maroc\\\/\",\"name\":\"Brom\u00e9la\u00efne - California Gold Nutrition , 500 mg, 90 capsules - Maroc\",\"isPartOf\":{\"@id\":\"https:\\\/\\\/vitablanca.ma\\\/#website\"},\"primaryImageOfPage\":{\"@id\":\"https:\\\/\\\/vitablanca.ma\\\/produit\\\/california-gold-nutrition-bromelaine-500-mg-90-capsules-vegetales-maroc\\\/#primaryimage\"},\"image\":{\"@id\":\"https:\\\/\\\/vitablanca.ma\\\/produit\\\/california-gold-nutrition-bromelaine-500-mg-90-capsules-vegetales-maroc\\\/#primaryimage\"},\"thumbnailUrl\":\"https:\\\/\\\/vitablanca.ma\\\/wp-content\\\/uploads\\\/2025\\\/06\\\/california-gold-nutrition-bromelaine-500-mg-90-capsules-vegetales-.jpg\",\"datePublished\":\"2025-06-02T15:17:35+00:00\",\"dateModified\":\"2025-08-30T21:21:22+00:00\",\"description\":\"Achetez California Gold Nutrition Brom\u00e9laine 500 mg (90 capsules) au Maroc. Aide \u00e0 la digestion et r\u00e9duit l'inflammation. Qualit\u00e9 test\u00e9e.\",\"breadcrumb\":{\"@id\":\"https:\\\/\\\/vitablanca.ma\\\/produit\\\/california-gold-nutrition-bromelaine-500-mg-90-capsules-vegetales-maroc\\\/#breadcrumb\"},\"inLanguage\":\"ar\",\"potentialAction\":[{\"@type\":\"ReadAction\",\"target\":[\"https:\\\/\\\/vitablanca.ma\\\/produit\\\/california-gold-nutrition-bromelaine-500-mg-90-capsules-vegetales-maroc\\\/\"]}]},{\"@type\":\"ImageObject\",\"inLanguage\":\"ar\",\"@id\":\"https:\\\/\\\/vitablanca.ma\\\/produit\\\/california-gold-nutrition-bromelaine-500-mg-90-capsules-vegetales-maroc\\\/#primaryimage\",\"url\":\"https:\\\/\\\/vitablanca.ma\\\/wp-content\\\/uploads\\\/2025\\\/06\\\/california-gold-nutrition-bromelaine-500-mg-90-capsules-vegetales-.jpg\",\"contentUrl\":\"https:\\\/\\\/vitablanca.ma\\\/wp-content\\\/uploads\\\/2025\\\/06\\\/california-gold-nutrition-bromelaine-500-mg-90-capsules-vegetales-.jpg\",\"width\":680,\"height\":680},{\"@type\":\"BreadcrumbList\",\"@id\":\"https:\\\/\\\/vitablanca.ma\\\/produit\\\/california-gold-nutrition-bromelaine-500-mg-90-capsules-vegetales-maroc\\\/#breadcrumb\",\"itemListElement\":[{\"@type\":\"ListItem\",\"position\":1,\"name\":\"Home\",\"item\":\"https:\\\/\\\/vitablanca.ma\\\/\"},{\"@type\":\"ListItem\",\"position\":2,\"name\":\"Tous Les Produits\",\"item\":\"https:\\\/\\\/vitablanca.ma\\\/tous-les-produits\\\/\"},{\"@type\":\"ListItem\",\"position\":3,\"name\":\"California Gold Nutrition Brom\u00e9la\u00efne, 500 mg, 90 capsules v\u00e9g\u00e9tales\"}]},{\"@type\":\"WebSite\",\"@id\":\"https:\\\/\\\/vitablanca.ma\\\/#website\",\"url\":\"https:\\\/\\\/vitablanca.ma\\\/\",\"name\":\"VitaBlanca.ma | Compl\u00e9ments alimentaires, sant\u00e9 & beaut\u00e9 au Maroc\",\"description\":\"vendre vitamines et compl\u00e9ments premium des USA &amp; Canada, Nouvelle Z\u00e9lande,Maroc (NOW Foods, Solgar, Manuka). Livraison rapide partout au Maroc.\",\"publisher\":{\"@id\":\"https:\\\/\\\/vitablanca.ma\\\/#organization\"},\"alternateName\":\"VitaBlanca.ma\",\"potentialAction\":[{\"@type\":\"SearchAction\",\"target\":{\"@type\":\"EntryPoint\",\"urlTemplate\":\"https:\\\/\\\/vitablanca.ma\\\/?s={search_term_string}\"},\"query-input\":{\"@type\":\"PropertyValueSpecification\",\"valueRequired\":true,\"valueName\":\"search_term_string\"}}],\"inLanguage\":\"ar\"},{\"@type\":\"Organization\",\"@id\":\"https:\\\/\\\/vitablanca.ma\\\/#organization\",\"name\":\"VitaBlanca\",\"url\":\"https:\\\/\\\/vitablanca.ma\\\/\",\"logo\":{\"@type\":\"ImageObject\",\"inLanguage\":\"ar\",\"@id\":\"https:\\\/\\\/vitablanca.ma\\\/#\\\/schema\\\/logo\\\/image\\\/\",\"url\":\"https:\\\/\\\/vitablanca.ma\\\/wp-content\\\/uploads\\\/2025\\\/05\\\/cropped-vitablanca.png\",\"contentUrl\":\"https:\\\/\\\/vitablanca.ma\\\/wp-content\\\/uploads\\\/2025\\\/05\\\/cropped-vitablanca.png\",\"width\":360,\"height\":67,\"caption\":\"VitaBlanca\"},\"image\":{\"@id\":\"https:\\\/\\\/vitablanca.ma\\\/#\\\/schema\\\/logo\\\/image\\\/\"},\"sameAs\":[\"https:\\\/\\\/www.facebook.com\\\/profile.php?id=61576678196717\",\"https:\\\/\\\/www.tiktok.com\\\/@vitablanca.ma\",\"https:\\\/\\\/www.instagram.com\\\/vitablanca.ma\\\/\"]}]}<\/script>\n<!-- \/ Yoast SEO plugin. -->","yoast_head_json":{"title":"Brom\u00e9la\u00efne - California Gold Nutrition , 500 mg, 90 capsules - Maroc","description":"Achetez California Gold Nutrition Brom\u00e9laine 500 mg (90 capsules) au Maroc. Aide \u00e0 la digestion et r\u00e9duit l'inflammation. Qualit\u00e9 test\u00e9e.","robots":{"index":"index","follow":"follow","max-snippet":"max-snippet:-1","max-image-preview":"max-image-preview:large","max-video-preview":"max-video-preview:-1"},"canonical":"https:\/\/vitablanca.ma\/ar\/product-2\/california-gold-nutrition-bromelaine-500-mg-90-capsules-vegetales-maroc\/","og_locale":"ar_AR","og_type":"article","og_title":"Brom\u00e9la\u00efne - California Gold Nutrition , 500 mg, 90 capsules - Maroc","og_description":"Achetez California Gold Nutrition Brom\u00e9laine 500 mg (90 capsules) au Maroc. Aide \u00e0 la digestion et r\u00e9duit l'inflammation. Qualit\u00e9 test\u00e9e.","og_url":"https:\/\/vitablanca.ma\/ar\/product-2\/california-gold-nutrition-bromelaine-500-mg-90-capsules-vegetales-maroc\/","og_site_name":"Vitablanca.ma &ndash; Sant&eacute;, vitalit&eacute; et bien-&ecirc;tre pour tous les Marocains","article_publisher":"https:\/\/www.facebook.com\/profile.php?id=61576678196717","article_modified_time":"2025-08-30T21:21:22+00:00","og_image":[{"width":680,"height":680,"url":"https:\/\/vitablanca.ma\/wp-content\/uploads\/2025\/06\/california-gold-nutrition-bromelaine-500-mg-90-capsules-vegetales-.jpg","type":"image\/jpeg"}],"twitter_card":"summary_large_image","twitter_misc":{"\u0648\u0642\u062a \u0627\u0644\u0642\u0631\u0627\u0621\u0629 \u0627\u0644\u0645\u064f\u0642\u062f\u0651\u0631":"\u062f\u0642\u064a\u0642\u0629 \u0648\u0627\u062d\u062f\u0629"},"schema":{"@context":"https:\/\/schema.org","@graph":[{"@type":["WebPage","ItemPage"],"@id":"https:\/\/vitablanca.ma\/produit\/california-gold-nutrition-bromelaine-500-mg-90-capsules-vegetales-maroc\/","url":"https:\/\/vitablanca.ma\/produit\/california-gold-nutrition-bromelaine-500-mg-90-capsules-vegetales-maroc\/","name":"Brom\u00e9la\u00efne - California Gold Nutrition , 500 mg, 90 capsules - Maroc","isPartOf":{"@id":"https:\/\/vitablanca.ma\/#website"},"primaryImageOfPage":{"@id":"https:\/\/vitablanca.ma\/produit\/california-gold-nutrition-bromelaine-500-mg-90-capsules-vegetales-maroc\/#primaryimage"},"image":{"@id":"https:\/\/vitablanca.ma\/produit\/california-gold-nutrition-bromelaine-500-mg-90-capsules-vegetales-maroc\/#primaryimage"},"thumbnailUrl":"https:\/\/vitablanca.ma\/wp-content\/uploads\/2025\/06\/california-gold-nutrition-bromelaine-500-mg-90-capsules-vegetales-.jpg","datePublished":"2025-06-02T15:17:35+00:00","dateModified":"2025-08-30T21:21:22+00:00","description":"Achetez California Gold Nutrition Brom\u00e9laine 500 mg (90 capsules) au Maroc. Aide \u00e0 la digestion et r\u00e9duit l'inflammation. Qualit\u00e9 test\u00e9e.","breadcrumb":{"@id":"https:\/\/vitablanca.ma\/produit\/california-gold-nutrition-bromelaine-500-mg-90-capsules-vegetales-maroc\/#breadcrumb"},"inLanguage":"ar","potentialAction":[{"@type":"ReadAction","target":["https:\/\/vitablanca.ma\/produit\/california-gold-nutrition-bromelaine-500-mg-90-capsules-vegetales-maroc\/"]}]},{"@type":"ImageObject","inLanguage":"ar","@id":"https:\/\/vitablanca.ma\/produit\/california-gold-nutrition-bromelaine-500-mg-90-capsules-vegetales-maroc\/#primaryimage","url":"https:\/\/vitablanca.ma\/wp-content\/uploads\/2025\/06\/california-gold-nutrition-bromelaine-500-mg-90-capsules-vegetales-.jpg","contentUrl":"https:\/\/vitablanca.ma\/wp-content\/uploads\/2025\/06\/california-gold-nutrition-bromelaine-500-mg-90-capsules-vegetales-.jpg","width":680,"height":680},{"@type":"BreadcrumbList","@id":"https:\/\/vitablanca.ma\/produit\/california-gold-nutrition-bromelaine-500-mg-90-capsules-vegetales-maroc\/#breadcrumb","itemListElement":[{"@type":"ListItem","position":1,"name":"Home","item":"https:\/\/vitablanca.ma\/"},{"@type":"ListItem","position":2,"name":"Tous Les Produits","item":"https:\/\/vitablanca.ma\/tous-les-produits\/"},{"@type":"ListItem","position":3,"name":"California Gold Nutrition Brom\u00e9la\u00efne, 500 mg, 90 capsules v\u00e9g\u00e9tales"}]},{"@type":"WebSite","@id":"https:\/\/vitablanca.ma\/#website","url":"https:\/\/vitablanca.ma\/","name":"VitaBlanca.ma | \u0627\u0644\u0645\u0643\u0645\u0644\u0627\u062a \u0627\u0644\u063a\u0630\u0627\u0626\u064a\u0629\u060c \u0627\u0644\u0635\u062d\u0629 \u0648\u0627\u0644\u062c\u0645\u0627\u0644 \u0641\u064a \u0627\u0644\u0645\u063a\u0631\u0628","description":"\u0646\u0628\u064a\u0639 \u0641\u064a\u062a\u0627\u0645\u064a\u0646\u0627\u062a \u0648\u0645\u0643\u0645\u0644\u0627\u062a \u063a\u0630\u0627\u0626\u064a\u0629 \u0641\u0627\u062e\u0631\u0629 \u0645\u0646 \u0627\u0644\u0648\u0644\u0627\u064a\u0627\u062a \u0627\u0644\u0645\u062a\u062d\u062f\u0629 \u0627\u0644\u0623\u0645\u0631\u064a\u0643\u064a\u0629 \u0648\u0643\u0646\u062f\u0627 \u0648\u0646\u064a\u0648\u0632\u064a\u0644\u0646\u062f\u0627 \u0648\u0627\u0644\u0645\u063a\u0631\u0628 (\u0646\u0627\u0648 \u0641\u0648\u062f\u0632\u060c \u0633\u0648\u0644\u062c\u0627\u0631\u060c \u0645\u0627\u0646\u0648\u0643\u0627). \u062a\u0648\u0635\u064a\u0644 \u0633\u0631\u064a\u0639 \u0625\u0644\u0649 \u062c\u0645\u064a\u0639 \u0623\u0646\u062d\u0627\u0621 \u0627\u0644\u0645\u063a\u0631\u0628.","publisher":{"@id":"https:\/\/vitablanca.ma\/#organization"},"alternateName":"VitaBlanca.ma","potentialAction":[{"@type":"SearchAction","target":{"@type":"EntryPoint","urlTemplate":"https:\/\/vitablanca.ma\/?s={search_term_string}"},"query-input":{"@type":"PropertyValueSpecification","valueRequired":true,"valueName":"search_term_string"}}],"inLanguage":"ar"},{"@type":"Organization","@id":"https:\/\/vitablanca.ma\/#organization","name":"\u0641\u064a\u062a\u0627\u0628\u0644\u0627\u0646\u0643\u0627","url":"https:\/\/vitablanca.ma\/","logo":{"@type":"ImageObject","inLanguage":"ar","@id":"https:\/\/vitablanca.ma\/#\/schema\/logo\/image\/","url":"https:\/\/vitablanca.ma\/wp-content\/uploads\/2025\/05\/cropped-vitablanca.png","contentUrl":"https:\/\/vitablanca.ma\/wp-content\/uploads\/2025\/05\/cropped-vitablanca.png","width":360,"height":67,"caption":"VitaBlanca"},"image":{"@id":"https:\/\/vitablanca.ma\/#\/schema\/logo\/image\/"},"sameAs":["https:\/\/www.facebook.com\/profile.php?id=61576678196717","https:\/\/www.tiktok.com\/@vitablanca.ma","https:\/\/www.instagram.com\/vitablanca.ma\/"]}]}},"jetpack_sharing_enabled":true,"_links":{"self":[{"href":"https:\/\/vitablanca.ma\/ar\/wp-json\/wp\/v2\/product\/14138","targetHints":{"allow":["GET"]}}],"collection":[{"href":"https:\/\/vitablanca.ma\/ar\/wp-json\/wp\/v2\/product"}],"about":[{"href":"https:\/\/vitablanca.ma\/ar\/wp-json\/wp\/v2\/types\/product"}],"wp:featuredmedia":[{"embeddable":true,"href":"https:\/\/vitablanca.ma\/ar\/wp-json\/wp\/v2\/media\/14139"}],"wp:attachment":[{"href":"https:\/\/vitablanca.ma\/ar\/wp-json\/wp\/v2\/media?parent=14138"}],"wp:term":[{"taxonomy":"product_brand","embeddable":true,"href":"https:\/\/vitablanca.ma\/ar\/wp-json\/wp\/v2\/product_brand?post=14138"},{"taxonomy":"product_cat","embeddable":true,"href":"https:\/\/vitablanca.ma\/ar\/wp-json\/wp\/v2\/product_cat?post=14138"},{"taxonomy":"product_tag","embeddable":true,"href":"https:\/\/vitablanca.ma\/ar\/wp-json\/wp\/v2\/product_tag?post=14138"}],"curies":[{"name":"wp","href":"https:\/\/api.w.org\/{rel}","templated":true}]}}