{"id":14130,"date":"2025-06-02T02:19:32","date_gmt":"2025-06-02T02:19:32","guid":{"rendered":"https:\/\/vitablanca.ma\/?post_type=product&#038;p=14130"},"modified":"2025-08-30T21:21:25","modified_gmt":"2025-08-30T21:21:25","slug":"swanson-feuille-de-gymnema-sylvestre-spectre-complet-400-mg-100-capsules-maroc","status":"publish","type":"product","link":"https:\/\/vitablanca.ma\/ar\/product-2\/swanson-feuille-de-gymnema-sylvestre-spectre-complet-400-mg-100-capsules-maroc\/","title":{"rendered":"\u0623\u0648\u0631\u0627\u0642 \u0633\u0648\u0627\u0646\u0633\u0648\u0646 \u062c\u064a\u0645\u0646\u064a\u0645\u0627 \u0633\u064a\u0644\u0641\u0633\u062a\u0631\u060c \u0637\u064a\u0641 \u0643\u0627\u0645\u0644\u060c 400 \u0645\u0644\u063a\u060c 100 \u0643\u0628\u0633\u0648\u0644\u0629"},"content":{"rendered":"<p>Des r\u00e9gions tropicales de l&rsquo;Inde viennent Swanson Gymnema Sylvestre, une plante ayurv\u00e9dique favorisant une fonction m\u00e9tabolique saine. Utilis\u00e9 depuis pr\u00e8s de 2000 ans dans la tradition ayurv\u00e9dique indienne, le gymnema sylvestre est \u00e9galement r\u00e9put\u00e9 pour aider \u00e0 maintenir des taux de glucose sains qui se situent d\u00e9j\u00e0 dans les limites de la normale. Chaque capsule pratique contient 400 mg de poudre de feuille de gymn\u00e9ma sylvestre.<\/p>\n\n\n\n<p>\u0627\u0644\u0627\u0633\u062a\u062e\u062f\u0627\u0645 \u0627\u0644\u0645\u0642\u062a\u0631\u062d<\/p>\n\n\n\n<p>En compl\u00e9ment alimentaire, prenez une capsule avant vos deux principaux repas de la journ\u00e9e.<a href=\"https:\/\/www.jumia.ma\/customer\/account\/login\/?tkWl=SW231DV0XVHYGNAFAMZ-65766644&amp;return=%2Fswanson-feuille-de-gymnema-sylvestre-spectre-complet-400-mg-100-capsules-63969865.html\"><\/a><\/p>","protected":false},"excerpt":{"rendered":"<ul>\n<li>Soutien de la glyc\u00e9mie<\/li>\n<li>\u0627\u0644\u0645\u0643\u0645\u0644\u0627\u062a \u0627\u0644\u0639\u0634\u0628\u064a\u0629<\/li>\n<li>Favorise un m\u00e9tabolisme sain du glucose<\/li>\n<li>Favorise une fonction m\u00e9tabolique saine<\/li>\n<li>La formule Full Spectrum\u00ae contient des ingr\u00e9dients d&rsquo;origine v\u00e9g\u00e9tale sans traitement inutile<\/li>\n<\/ul>","protected":false},"featured_media":14131,"template":"","meta":{"om_disable_all_campaigns":false},"product_brand":[672],"product_cat":[18,3366,104,19],"product_tag":[1977,1975,1976,1979,1978,1980,220,1981],"class_list":{"0":"post-14130","1":"product","2":"type-product","3":"status-publish","4":"has-post-thumbnail","6":"product_brand-swanson-maroc-prix","7":"product_cat-beaute-sante","8":"product_cat-complements-alimentaires-au-maroc-vitablanca","9":"product_cat-supplements-a-base-de-plantes","10":"product_cat-vitamines-supplements-dietetiques","11":"product_tag-100-capsules-vegetales-faciles-a-prendre","12":"product_tag-400-mg-de-feuille-de-gymnema-sylvestre-a-spectre-complet","13":"product_tag-aide-naturelle-a-la-regulation-de-la-glycemie","14":"product_tag-plante-ayurvedique-utilisee-depuis-des-siecles","15":"product_tag-reduit-les-envies-de-sucre","16":"product_tag-sans-gluten-ni-additifs-artificiels","17":"product_tag-sans-ogm","18":"product_tag-soutien-pour-le-metabolisme-des-glucides","20":"first","21":"instock","22":"taxable","23":"shipping-taxable","24":"purchasable","25":"product-type-simple"},"yoast_head":"<!-- This site is optimized with the Yoast SEO plugin v27.4 - https:\/\/yoast.com\/product\/yoast-seo-wordpress\/ -->\n<title>Swanson Feuille de gymnema sylvestre 400 mg, 100 cap - Maroc<\/title>\n<meta name=\"description\" content=\"Achetez Swanson Feuille de Gymnema Sylvestre 400 mg au Maroc. 100 capsules pour un soutien naturel de la glyc\u00e9mie et du m\u00e9tabolisme. Spectre complet.\" \/>\n<meta name=\"robots\" content=\"index, follow, max-snippet:-1, max-image-preview:large, max-video-preview:-1\" \/>\n<link rel=\"canonical\" href=\"https:\/\/vitablanca.ma\/ar\/product-2\/swanson-feuille-de-gymnema-sylvestre-spectre-complet-400-mg-100-capsules-maroc\/\" \/>\n<meta property=\"og:locale\" content=\"ar_AR\" \/>\n<meta property=\"og:type\" content=\"article\" \/>\n<meta property=\"og:title\" content=\"Swanson Feuille de gymnema sylvestre 400 mg, 100 cap - Maroc\" \/>\n<meta property=\"og:description\" content=\"Achetez Swanson Feuille de Gymnema Sylvestre 400 mg au Maroc. 100 capsules pour un soutien naturel de la glyc\u00e9mie et du m\u00e9tabolisme. Spectre complet.\" \/>\n<meta property=\"og:url\" content=\"https:\/\/vitablanca.ma\/ar\/product-2\/swanson-feuille-de-gymnema-sylvestre-spectre-complet-400-mg-100-capsules-maroc\/\" \/>\n<meta property=\"og:site_name\" content=\"Vitablanca.ma &ndash; Sant&eacute;, vitalit&eacute; et bien-&ecirc;tre pour tous les Marocains\" \/>\n<meta property=\"article:publisher\" content=\"https:\/\/www.facebook.com\/profile.php?id=61576678196717\" \/>\n<meta property=\"article:modified_time\" content=\"2025-08-30T21:21:25+00:00\" \/>\n<meta property=\"og:image\" content=\"https:\/\/vitablanca.ma\/wp-content\/uploads\/2025\/06\/swanson-feuille-de-gymnema-sylvestre-spectre-complet-400-mg-.jpg\" \/>\n\t<meta property=\"og:image:width\" content=\"680\" \/>\n\t<meta property=\"og:image:height\" content=\"680\" \/>\n\t<meta property=\"og:image:type\" content=\"image\/jpeg\" \/>\n<meta name=\"twitter:card\" content=\"summary_large_image\" \/>\n<meta name=\"twitter:label1\" content=\"\u0648\u0642\u062a \u0627\u0644\u0642\u0631\u0627\u0621\u0629 \u0627\u0644\u0645\u064f\u0642\u062f\u0651\u0631\" \/>\n\t<meta name=\"twitter:data1\" content=\"\u062f\u0642\u064a\u0642\u0629 \u0648\u0627\u062d\u062f\u0629\" \/>\n<script type=\"application\/ld+json\" class=\"yoast-schema-graph\">{\"@context\":\"https:\\\/\\\/schema.org\",\"@graph\":[{\"@type\":[\"WebPage\",\"ItemPage\"],\"@id\":\"https:\\\/\\\/vitablanca.ma\\\/produit\\\/swanson-feuille-de-gymnema-sylvestre-spectre-complet-400-mg-100-capsules-maroc\\\/\",\"url\":\"https:\\\/\\\/vitablanca.ma\\\/produit\\\/swanson-feuille-de-gymnema-sylvestre-spectre-complet-400-mg-100-capsules-maroc\\\/\",\"name\":\"Swanson Feuille de gymnema sylvestre 400 mg, 100 cap - Maroc\",\"isPartOf\":{\"@id\":\"https:\\\/\\\/vitablanca.ma\\\/#website\"},\"primaryImageOfPage\":{\"@id\":\"https:\\\/\\\/vitablanca.ma\\\/produit\\\/swanson-feuille-de-gymnema-sylvestre-spectre-complet-400-mg-100-capsules-maroc\\\/#primaryimage\"},\"image\":{\"@id\":\"https:\\\/\\\/vitablanca.ma\\\/produit\\\/swanson-feuille-de-gymnema-sylvestre-spectre-complet-400-mg-100-capsules-maroc\\\/#primaryimage\"},\"thumbnailUrl\":\"https:\\\/\\\/vitablanca.ma\\\/wp-content\\\/uploads\\\/2025\\\/06\\\/swanson-feuille-de-gymnema-sylvestre-spectre-complet-400-mg-.jpg\",\"datePublished\":\"2025-06-02T02:19:32+00:00\",\"dateModified\":\"2025-08-30T21:21:25+00:00\",\"description\":\"Achetez Swanson Feuille de Gymnema Sylvestre 400 mg au Maroc. 100 capsules pour un soutien naturel de la glyc\u00e9mie et du m\u00e9tabolisme. Spectre complet.\",\"breadcrumb\":{\"@id\":\"https:\\\/\\\/vitablanca.ma\\\/produit\\\/swanson-feuille-de-gymnema-sylvestre-spectre-complet-400-mg-100-capsules-maroc\\\/#breadcrumb\"},\"inLanguage\":\"ar\",\"potentialAction\":[{\"@type\":\"ReadAction\",\"target\":[\"https:\\\/\\\/vitablanca.ma\\\/produit\\\/swanson-feuille-de-gymnema-sylvestre-spectre-complet-400-mg-100-capsules-maroc\\\/\"]}]},{\"@type\":\"ImageObject\",\"inLanguage\":\"ar\",\"@id\":\"https:\\\/\\\/vitablanca.ma\\\/produit\\\/swanson-feuille-de-gymnema-sylvestre-spectre-complet-400-mg-100-capsules-maroc\\\/#primaryimage\",\"url\":\"https:\\\/\\\/vitablanca.ma\\\/wp-content\\\/uploads\\\/2025\\\/06\\\/swanson-feuille-de-gymnema-sylvestre-spectre-complet-400-mg-.jpg\",\"contentUrl\":\"https:\\\/\\\/vitablanca.ma\\\/wp-content\\\/uploads\\\/2025\\\/06\\\/swanson-feuille-de-gymnema-sylvestre-spectre-complet-400-mg-.jpg\",\"width\":680,\"height\":680},{\"@type\":\"BreadcrumbList\",\"@id\":\"https:\\\/\\\/vitablanca.ma\\\/produit\\\/swanson-feuille-de-gymnema-sylvestre-spectre-complet-400-mg-100-capsules-maroc\\\/#breadcrumb\",\"itemListElement\":[{\"@type\":\"ListItem\",\"position\":1,\"name\":\"Home\",\"item\":\"https:\\\/\\\/vitablanca.ma\\\/\"},{\"@type\":\"ListItem\",\"position\":2,\"name\":\"Tous Les Produits\",\"item\":\"https:\\\/\\\/vitablanca.ma\\\/tous-les-produits\\\/\"},{\"@type\":\"ListItem\",\"position\":3,\"name\":\"Swanson Feuille de gymnema sylvestre, spectre complet, 400 mg, 100 capsules\"}]},{\"@type\":\"WebSite\",\"@id\":\"https:\\\/\\\/vitablanca.ma\\\/#website\",\"url\":\"https:\\\/\\\/vitablanca.ma\\\/\",\"name\":\"VitaBlanca.ma | Compl\u00e9ments alimentaires, sant\u00e9 & beaut\u00e9 au Maroc\",\"description\":\"vendre vitamines et compl\u00e9ments premium des USA &amp; Canada, Nouvelle Z\u00e9lande,Maroc (NOW Foods, Solgar, Manuka). Livraison rapide partout au Maroc.\",\"publisher\":{\"@id\":\"https:\\\/\\\/vitablanca.ma\\\/#organization\"},\"alternateName\":\"VitaBlanca.ma\",\"potentialAction\":[{\"@type\":\"SearchAction\",\"target\":{\"@type\":\"EntryPoint\",\"urlTemplate\":\"https:\\\/\\\/vitablanca.ma\\\/?s={search_term_string}\"},\"query-input\":{\"@type\":\"PropertyValueSpecification\",\"valueRequired\":true,\"valueName\":\"search_term_string\"}}],\"inLanguage\":\"ar\"},{\"@type\":\"Organization\",\"@id\":\"https:\\\/\\\/vitablanca.ma\\\/#organization\",\"name\":\"VitaBlanca\",\"url\":\"https:\\\/\\\/vitablanca.ma\\\/\",\"logo\":{\"@type\":\"ImageObject\",\"inLanguage\":\"ar\",\"@id\":\"https:\\\/\\\/vitablanca.ma\\\/#\\\/schema\\\/logo\\\/image\\\/\",\"url\":\"https:\\\/\\\/vitablanca.ma\\\/wp-content\\\/uploads\\\/2025\\\/05\\\/cropped-vitablanca.png\",\"contentUrl\":\"https:\\\/\\\/vitablanca.ma\\\/wp-content\\\/uploads\\\/2025\\\/05\\\/cropped-vitablanca.png\",\"width\":360,\"height\":67,\"caption\":\"VitaBlanca\"},\"image\":{\"@id\":\"https:\\\/\\\/vitablanca.ma\\\/#\\\/schema\\\/logo\\\/image\\\/\"},\"sameAs\":[\"https:\\\/\\\/www.facebook.com\\\/profile.php?id=61576678196717\",\"https:\\\/\\\/www.tiktok.com\\\/@vitablanca.ma\",\"https:\\\/\\\/www.instagram.com\\\/vitablanca.ma\\\/\"]}]}<\/script>\n<!-- \/ Yoast SEO plugin. -->","yoast_head_json":{"title":"Swanson Feuille de gymnema sylvestre 400 mg, 100 cap - Maroc","description":"Achetez Swanson Feuille de Gymnema Sylvestre 400 mg au Maroc. 100 capsules pour un soutien naturel de la glyc\u00e9mie et du m\u00e9tabolisme. Spectre complet.","robots":{"index":"index","follow":"follow","max-snippet":"max-snippet:-1","max-image-preview":"max-image-preview:large","max-video-preview":"max-video-preview:-1"},"canonical":"https:\/\/vitablanca.ma\/ar\/product-2\/swanson-feuille-de-gymnema-sylvestre-spectre-complet-400-mg-100-capsules-maroc\/","og_locale":"ar_AR","og_type":"article","og_title":"Swanson Feuille de gymnema sylvestre 400 mg, 100 cap - Maroc","og_description":"Achetez Swanson Feuille de Gymnema Sylvestre 400 mg au Maroc. 100 capsules pour un soutien naturel de la glyc\u00e9mie et du m\u00e9tabolisme. Spectre complet.","og_url":"https:\/\/vitablanca.ma\/ar\/product-2\/swanson-feuille-de-gymnema-sylvestre-spectre-complet-400-mg-100-capsules-maroc\/","og_site_name":"Vitablanca.ma &ndash; Sant&eacute;, vitalit&eacute; et bien-&ecirc;tre pour tous les Marocains","article_publisher":"https:\/\/www.facebook.com\/profile.php?id=61576678196717","article_modified_time":"2025-08-30T21:21:25+00:00","og_image":[{"width":680,"height":680,"url":"https:\/\/vitablanca.ma\/wp-content\/uploads\/2025\/06\/swanson-feuille-de-gymnema-sylvestre-spectre-complet-400-mg-.jpg","type":"image\/jpeg"}],"twitter_card":"summary_large_image","twitter_misc":{"\u0648\u0642\u062a \u0627\u0644\u0642\u0631\u0627\u0621\u0629 \u0627\u0644\u0645\u064f\u0642\u062f\u0651\u0631":"\u062f\u0642\u064a\u0642\u0629 \u0648\u0627\u062d\u062f\u0629"},"schema":{"@context":"https:\/\/schema.org","@graph":[{"@type":["WebPage","ItemPage"],"@id":"https:\/\/vitablanca.ma\/produit\/swanson-feuille-de-gymnema-sylvestre-spectre-complet-400-mg-100-capsules-maroc\/","url":"https:\/\/vitablanca.ma\/produit\/swanson-feuille-de-gymnema-sylvestre-spectre-complet-400-mg-100-capsules-maroc\/","name":"Swanson Feuille de gymnema sylvestre 400 mg, 100 cap - Maroc","isPartOf":{"@id":"https:\/\/vitablanca.ma\/#website"},"primaryImageOfPage":{"@id":"https:\/\/vitablanca.ma\/produit\/swanson-feuille-de-gymnema-sylvestre-spectre-complet-400-mg-100-capsules-maroc\/#primaryimage"},"image":{"@id":"https:\/\/vitablanca.ma\/produit\/swanson-feuille-de-gymnema-sylvestre-spectre-complet-400-mg-100-capsules-maroc\/#primaryimage"},"thumbnailUrl":"https:\/\/vitablanca.ma\/wp-content\/uploads\/2025\/06\/swanson-feuille-de-gymnema-sylvestre-spectre-complet-400-mg-.jpg","datePublished":"2025-06-02T02:19:32+00:00","dateModified":"2025-08-30T21:21:25+00:00","description":"Achetez Swanson Feuille de Gymnema Sylvestre 400 mg au Maroc. 100 capsules pour un soutien naturel de la glyc\u00e9mie et du m\u00e9tabolisme. Spectre complet.","breadcrumb":{"@id":"https:\/\/vitablanca.ma\/produit\/swanson-feuille-de-gymnema-sylvestre-spectre-complet-400-mg-100-capsules-maroc\/#breadcrumb"},"inLanguage":"ar","potentialAction":[{"@type":"ReadAction","target":["https:\/\/vitablanca.ma\/produit\/swanson-feuille-de-gymnema-sylvestre-spectre-complet-400-mg-100-capsules-maroc\/"]}]},{"@type":"ImageObject","inLanguage":"ar","@id":"https:\/\/vitablanca.ma\/produit\/swanson-feuille-de-gymnema-sylvestre-spectre-complet-400-mg-100-capsules-maroc\/#primaryimage","url":"https:\/\/vitablanca.ma\/wp-content\/uploads\/2025\/06\/swanson-feuille-de-gymnema-sylvestre-spectre-complet-400-mg-.jpg","contentUrl":"https:\/\/vitablanca.ma\/wp-content\/uploads\/2025\/06\/swanson-feuille-de-gymnema-sylvestre-spectre-complet-400-mg-.jpg","width":680,"height":680},{"@type":"BreadcrumbList","@id":"https:\/\/vitablanca.ma\/produit\/swanson-feuille-de-gymnema-sylvestre-spectre-complet-400-mg-100-capsules-maroc\/#breadcrumb","itemListElement":[{"@type":"ListItem","position":1,"name":"Home","item":"https:\/\/vitablanca.ma\/"},{"@type":"ListItem","position":2,"name":"Tous Les Produits","item":"https:\/\/vitablanca.ma\/tous-les-produits\/"},{"@type":"ListItem","position":3,"name":"Swanson Feuille de gymnema sylvestre, spectre complet, 400 mg, 100 capsules"}]},{"@type":"WebSite","@id":"https:\/\/vitablanca.ma\/#website","url":"https:\/\/vitablanca.ma\/","name":"VitaBlanca.ma | \u0627\u0644\u0645\u0643\u0645\u0644\u0627\u062a \u0627\u0644\u063a\u0630\u0627\u0626\u064a\u0629\u060c \u0627\u0644\u0635\u062d\u0629 \u0648\u0627\u0644\u062c\u0645\u0627\u0644 \u0641\u064a \u0627\u0644\u0645\u063a\u0631\u0628","description":"\u0646\u0628\u064a\u0639 \u0641\u064a\u062a\u0627\u0645\u064a\u0646\u0627\u062a \u0648\u0645\u0643\u0645\u0644\u0627\u062a \u063a\u0630\u0627\u0626\u064a\u0629 \u0641\u0627\u062e\u0631\u0629 \u0645\u0646 \u0627\u0644\u0648\u0644\u0627\u064a\u0627\u062a \u0627\u0644\u0645\u062a\u062d\u062f\u0629 \u0627\u0644\u0623\u0645\u0631\u064a\u0643\u064a\u0629 \u0648\u0643\u0646\u062f\u0627 \u0648\u0646\u064a\u0648\u0632\u064a\u0644\u0646\u062f\u0627 \u0648\u0627\u0644\u0645\u063a\u0631\u0628 (\u0646\u0627\u0648 \u0641\u0648\u062f\u0632\u060c \u0633\u0648\u0644\u062c\u0627\u0631\u060c \u0645\u0627\u0646\u0648\u0643\u0627). \u062a\u0648\u0635\u064a\u0644 \u0633\u0631\u064a\u0639 \u0625\u0644\u0649 \u062c\u0645\u064a\u0639 \u0623\u0646\u062d\u0627\u0621 \u0627\u0644\u0645\u063a\u0631\u0628.","publisher":{"@id":"https:\/\/vitablanca.ma\/#organization"},"alternateName":"VitaBlanca.ma","potentialAction":[{"@type":"SearchAction","target":{"@type":"EntryPoint","urlTemplate":"https:\/\/vitablanca.ma\/?s={search_term_string}"},"query-input":{"@type":"PropertyValueSpecification","valueRequired":true,"valueName":"search_term_string"}}],"inLanguage":"ar"},{"@type":"Organization","@id":"https:\/\/vitablanca.ma\/#organization","name":"\u0641\u064a\u062a\u0627\u0628\u0644\u0627\u0646\u0643\u0627","url":"https:\/\/vitablanca.ma\/","logo":{"@type":"ImageObject","inLanguage":"ar","@id":"https:\/\/vitablanca.ma\/#\/schema\/logo\/image\/","url":"https:\/\/vitablanca.ma\/wp-content\/uploads\/2025\/05\/cropped-vitablanca.png","contentUrl":"https:\/\/vitablanca.ma\/wp-content\/uploads\/2025\/05\/cropped-vitablanca.png","width":360,"height":67,"caption":"VitaBlanca"},"image":{"@id":"https:\/\/vitablanca.ma\/#\/schema\/logo\/image\/"},"sameAs":["https:\/\/www.facebook.com\/profile.php?id=61576678196717","https:\/\/www.tiktok.com\/@vitablanca.ma","https:\/\/www.instagram.com\/vitablanca.ma\/"]}]}},"jetpack_sharing_enabled":true,"_links":{"self":[{"href":"https:\/\/vitablanca.ma\/ar\/wp-json\/wp\/v2\/product\/14130","targetHints":{"allow":["GET"]}}],"collection":[{"href":"https:\/\/vitablanca.ma\/ar\/wp-json\/wp\/v2\/product"}],"about":[{"href":"https:\/\/vitablanca.ma\/ar\/wp-json\/wp\/v2\/types\/product"}],"wp:featuredmedia":[{"embeddable":true,"href":"https:\/\/vitablanca.ma\/ar\/wp-json\/wp\/v2\/media\/14131"}],"wp:attachment":[{"href":"https:\/\/vitablanca.ma\/ar\/wp-json\/wp\/v2\/media?parent=14130"}],"wp:term":[{"taxonomy":"product_brand","embeddable":true,"href":"https:\/\/vitablanca.ma\/ar\/wp-json\/wp\/v2\/product_brand?post=14130"},{"taxonomy":"product_cat","embeddable":true,"href":"https:\/\/vitablanca.ma\/ar\/wp-json\/wp\/v2\/product_cat?post=14130"},{"taxonomy":"product_tag","embeddable":true,"href":"https:\/\/vitablanca.ma\/ar\/wp-json\/wp\/v2\/product_tag?post=14130"}],"curies":[{"name":"wp","href":"https:\/\/api.w.org\/{rel}","templated":true}]}}