{"id":14127,"date":"2025-06-02T02:13:04","date_gmt":"2025-06-02T02:13:04","guid":{"rendered":"https:\/\/vitablanca.ma\/?post_type=product&#038;p=14127"},"modified":"2025-12-02T20:32:10","modified_gmt":"2025-12-02T20:32:10","slug":"swanson-millepertuis-a-spectre-complet-375-mg-120-capsules-maroc","status":"publish","type":"product","link":"https:\/\/vitablanca.ma\/ar\/product-2\/swanson-millepertuis-a-spectre-complet-375-mg-120-capsules-maroc\/","title":{"rendered":"Swanson Millepertuis \u00e0 spectre complet, 375 mg, 120 capsules"},"content":{"rendered":"<p>Illuminez votre moral et commencez \u00e0 siffler un air joyeux avec le millepertuis de Swanson. Le millepertuis est devenu l\u2019un des compl\u00e9ments \u00e0 base de plantes les plus populaires au monde, gr\u00e2ce au soutien unique qu\u2019il procure pour le bien-\u00eatre \u00e9motionnel. Les composants puissants du millepertuis favorisent l\u2019humeur et le bien-\u00eatre \u00e9motionnel.<\/p>\n\n\n\n<p>\u0627\u0644\u0627\u0633\u062a\u062e\u062f\u0627\u0645 \u0627\u0644\u0645\u0642\u062a\u0631\u062d<\/p>\n\n\n\n<p>En compl\u00e9ment alimentaire, prenez une capsule deux fois par jour avec de l\u2019eau<a href=\"https:\/\/www.jumia.ma\/customer\/account\/login\/?tkWl=SW231DV045YVCNAFAMZ-65766739&return=%2Fswanson-millepertuis-a-spectre-complet-375-mg-120-capsules-63969960.html\"><\/a><\/p>","protected":false},"excerpt":{"rendered":"<ul>\n<li>Sant\u00e9 mentale et \u00e9motionnelle<\/li>\n<li>375 mg par capsule<\/li>\n<li>\u0627\u0644\u0645\u0643\u0645\u0644\u0627\u062a \u0627\u0644\u0639\u0634\u0628\u064a\u0629<\/li>\n<li>Favorise la r\u00e9gulation de l&rsquo;humeur<\/li>\n<li>Aide \u00e0 maintenir le bien-\u00eatre \u00e9motionnel<\/li>\n<li>Favorise une sensation de calme et de d\u00e9tente<\/li>\n<li>Illuminez votre moral et commencez \u00e0 siffler un air joyeux avec le millepertuis de Swanson.<\/li>\n<li>Le millepertuis est devenu l&rsquo;un des compl\u00e9ments \u00e0 base de plantes les plus populaires au monde, gr\u00e2ce au soutien unique qu&rsquo;il procure pour le bien-\u00eatre \u00e9motionnel.<\/li>\n<\/ul>","protected":false},"featured_media":14128,"template":"","meta":{"om_disable_all_campaigns":false},"product_brand":[672],"product_cat":[18,3366,586,104,19],"product_tag":[1973,1974,1970,1972,1969,1971,1876,220],"class_list":{"0":"post-14127","1":"product","2":"type-product","3":"status-publish","4":"has-post-thumbnail","6":"product_brand-swanson-maroc-prix","7":"product_cat-beaute-sante","8":"product_cat-complements-alimentaires-au-maroc-vitablanca","9":"product_cat-st-johns-wort","10":"product_cat-supplements-a-base-de-plantes","11":"product_cat-vitamines-supplements-dietetiques","12":"product_tag-120-capsules-vegetales-faciles-a-digerer","13":"product_tag-375-mg-de-millepertuis-a-spectre-complet","14":"product_tag-ameliore-la-qualite-du-sommeil-et-lequilibre-mental","15":"product_tag-complement-100-naturel","16":"product_tag-plante-medicinale-pour-le-bien-etre-emotionnel","17":"product_tag-reduit-lanxiete-et-les-symptomes-de-la-depression-legere","18":"product_tag-sans-gluten-ni-conservateurs","19":"product_tag-sans-ogm","21":"first","22":"instock","23":"sale","24":"taxable","25":"shipping-taxable","26":"purchasable","27":"product-type-simple"},"yoast_head":"<!-- This site is optimized with the Yoast SEO plugin v27.6 - https:\/\/yoast.com\/product\/yoast-seo-wordpress\/ -->\n<title>Swanson Millepertuis \u00e0 spectre complet, 375 mg, - Maroc Prix<\/title>\n<meta name=\"description\" content=\"Achetez Swanson Millepertuis 375 mg (120 capsules) au Maroc. Formule \u00e0 spectre complet pour l&#039;humeur, le stress et le bien-\u00eatre \u00e9motionnel.\" \/>\n<meta name=\"robots\" content=\"index, follow, max-snippet:-1, max-image-preview:large, max-video-preview:-1\" \/>\n<link rel=\"canonical\" href=\"https:\/\/vitablanca.ma\/ar\/product-2\/swanson-millepertuis-a-spectre-complet-375-mg-120-capsules-maroc\/\" \/>\n<meta property=\"og:locale\" content=\"ar_AR\" \/>\n<meta property=\"og:type\" content=\"article\" \/>\n<meta property=\"og:title\" content=\"Swanson Millepertuis \u00e0 spectre complet, 375 mg, - Maroc Prix\" \/>\n<meta property=\"og:description\" content=\"Achetez Swanson Millepertuis 375 mg (120 capsules) au Maroc. Formule \u00e0 spectre complet pour l&#039;humeur, le stress et le bien-\u00eatre \u00e9motionnel.\" \/>\n<meta property=\"og:url\" content=\"https:\/\/vitablanca.ma\/ar\/product-2\/swanson-millepertuis-a-spectre-complet-375-mg-120-capsules-maroc\/\" \/>\n<meta property=\"og:site_name\" content=\"Vitablanca.ma &ndash; Sant&eacute;, vitalit&eacute; et bien-&ecirc;tre pour tous les Marocains\" \/>\n<meta property=\"article:publisher\" content=\"https:\/\/www.facebook.com\/profile.php?id=61576678196717\" \/>\n<meta property=\"article:modified_time\" content=\"2025-12-02T20:32:10+00:00\" \/>\n<meta property=\"og:image\" content=\"https:\/\/vitablanca.ma\/wp-content\/uploads\/2025\/06\/swanson-millepertuis-a-spectre-complet-375-mg-120-capsules-.jpg\" \/>\n\t<meta property=\"og:image:width\" content=\"680\" \/>\n\t<meta property=\"og:image:height\" content=\"680\" \/>\n\t<meta property=\"og:image:type\" content=\"image\/jpeg\" \/>\n<meta name=\"twitter:card\" content=\"summary_large_image\" \/>\n<meta name=\"twitter:label1\" content=\"\u0648\u0642\u062a \u0627\u0644\u0642\u0631\u0627\u0621\u0629 \u0627\u0644\u0645\u064f\u0642\u062f\u0651\u0631\" \/>\n\t<meta name=\"twitter:data1\" content=\"\u062f\u0642\u064a\u0642\u0629 \u0648\u0627\u062d\u062f\u0629\" \/>\n<script type=\"application\/ld+json\" class=\"yoast-schema-graph\">{\"@context\":\"https:\\\/\\\/schema.org\",\"@graph\":[{\"@type\":[\"WebPage\",\"ItemPage\"],\"@id\":\"https:\\\/\\\/vitablanca.ma\\\/produit\\\/swanson-millepertuis-a-spectre-complet-375-mg-120-capsules-maroc\\\/\",\"url\":\"https:\\\/\\\/vitablanca.ma\\\/produit\\\/swanson-millepertuis-a-spectre-complet-375-mg-120-capsules-maroc\\\/\",\"name\":\"Swanson Millepertuis \u00e0 spectre complet, 375 mg, - Maroc Prix\",\"isPartOf\":{\"@id\":\"https:\\\/\\\/vitablanca.ma\\\/#website\"},\"primaryImageOfPage\":{\"@id\":\"https:\\\/\\\/vitablanca.ma\\\/produit\\\/swanson-millepertuis-a-spectre-complet-375-mg-120-capsules-maroc\\\/#primaryimage\"},\"image\":{\"@id\":\"https:\\\/\\\/vitablanca.ma\\\/produit\\\/swanson-millepertuis-a-spectre-complet-375-mg-120-capsules-maroc\\\/#primaryimage\"},\"thumbnailUrl\":\"https:\\\/\\\/vitablanca.ma\\\/wp-content\\\/uploads\\\/2025\\\/06\\\/swanson-millepertuis-a-spectre-complet-375-mg-120-capsules-.jpg\",\"datePublished\":\"2025-06-02T02:13:04+00:00\",\"dateModified\":\"2025-12-02T20:32:10+00:00\",\"description\":\"Achetez Swanson Millepertuis 375 mg (120 capsules) au Maroc. Formule \u00e0 spectre complet pour l'humeur, le stress et le bien-\u00eatre \u00e9motionnel.\",\"breadcrumb\":{\"@id\":\"https:\\\/\\\/vitablanca.ma\\\/produit\\\/swanson-millepertuis-a-spectre-complet-375-mg-120-capsules-maroc\\\/#breadcrumb\"},\"inLanguage\":\"ar\",\"potentialAction\":[{\"@type\":\"ReadAction\",\"target\":[\"https:\\\/\\\/vitablanca.ma\\\/produit\\\/swanson-millepertuis-a-spectre-complet-375-mg-120-capsules-maroc\\\/\"]}]},{\"@type\":\"ImageObject\",\"inLanguage\":\"ar\",\"@id\":\"https:\\\/\\\/vitablanca.ma\\\/produit\\\/swanson-millepertuis-a-spectre-complet-375-mg-120-capsules-maroc\\\/#primaryimage\",\"url\":\"https:\\\/\\\/vitablanca.ma\\\/wp-content\\\/uploads\\\/2025\\\/06\\\/swanson-millepertuis-a-spectre-complet-375-mg-120-capsules-.jpg\",\"contentUrl\":\"https:\\\/\\\/vitablanca.ma\\\/wp-content\\\/uploads\\\/2025\\\/06\\\/swanson-millepertuis-a-spectre-complet-375-mg-120-capsules-.jpg\",\"width\":680,\"height\":680},{\"@type\":\"BreadcrumbList\",\"@id\":\"https:\\\/\\\/vitablanca.ma\\\/produit\\\/swanson-millepertuis-a-spectre-complet-375-mg-120-capsules-maroc\\\/#breadcrumb\",\"itemListElement\":[{\"@type\":\"ListItem\",\"position\":1,\"name\":\"Home\",\"item\":\"https:\\\/\\\/vitablanca.ma\\\/\"},{\"@type\":\"ListItem\",\"position\":2,\"name\":\"Tous Les Produits\",\"item\":\"https:\\\/\\\/vitablanca.ma\\\/tous-les-produits\\\/\"},{\"@type\":\"ListItem\",\"position\":3,\"name\":\"Swanson Millepertuis \u00e0 spectre complet, 375 mg, 120 capsules\"}]},{\"@type\":\"WebSite\",\"@id\":\"https:\\\/\\\/vitablanca.ma\\\/#website\",\"url\":\"https:\\\/\\\/vitablanca.ma\\\/\",\"name\":\"VitaBlanca.ma | Compl\u00e9ments alimentaires, sant\u00e9 & beaut\u00e9 au Maroc\",\"description\":\"vendre vitamines et compl\u00e9ments premium des USA &amp; Canada, Nouvelle Z\u00e9lande,Maroc (NOW Foods, Solgar, Manuka). Livraison rapide partout au Maroc.\",\"publisher\":{\"@id\":\"https:\\\/\\\/vitablanca.ma\\\/#organization\"},\"alternateName\":\"VitaBlanca.ma\",\"potentialAction\":[{\"@type\":\"SearchAction\",\"target\":{\"@type\":\"EntryPoint\",\"urlTemplate\":\"https:\\\/\\\/vitablanca.ma\\\/?s={search_term_string}\"},\"query-input\":{\"@type\":\"PropertyValueSpecification\",\"valueRequired\":true,\"valueName\":\"search_term_string\"}}],\"inLanguage\":\"ar\"},{\"@type\":\"Organization\",\"@id\":\"https:\\\/\\\/vitablanca.ma\\\/#organization\",\"name\":\"VitaBlanca\",\"url\":\"https:\\\/\\\/vitablanca.ma\\\/\",\"logo\":{\"@type\":\"ImageObject\",\"inLanguage\":\"ar\",\"@id\":\"https:\\\/\\\/vitablanca.ma\\\/#\\\/schema\\\/logo\\\/image\\\/\",\"url\":\"https:\\\/\\\/vitablanca.ma\\\/wp-content\\\/uploads\\\/2025\\\/05\\\/cropped-vitablanca.png\",\"contentUrl\":\"https:\\\/\\\/vitablanca.ma\\\/wp-content\\\/uploads\\\/2025\\\/05\\\/cropped-vitablanca.png\",\"width\":360,\"height\":67,\"caption\":\"VitaBlanca\"},\"image\":{\"@id\":\"https:\\\/\\\/vitablanca.ma\\\/#\\\/schema\\\/logo\\\/image\\\/\"},\"sameAs\":[\"https:\\\/\\\/www.facebook.com\\\/profile.php?id=61576678196717\",\"https:\\\/\\\/www.tiktok.com\\\/@vitablanca.ma\",\"https:\\\/\\\/www.instagram.com\\\/vitablanca.ma\\\/\"]}]}<\/script>\n<!-- \/ Yoast SEO plugin. -->","yoast_head_json":{"title":"Swanson Millepertuis \u00e0 spectre complet, 375 mg, - Maroc Prix","description":"Achetez Swanson Millepertuis 375 mg (120 capsules) au Maroc. Formule \u00e0 spectre complet pour l'humeur, le stress et le bien-\u00eatre \u00e9motionnel.","robots":{"index":"index","follow":"follow","max-snippet":"max-snippet:-1","max-image-preview":"max-image-preview:large","max-video-preview":"max-video-preview:-1"},"canonical":"https:\/\/vitablanca.ma\/ar\/product-2\/swanson-millepertuis-a-spectre-complet-375-mg-120-capsules-maroc\/","og_locale":"ar_AR","og_type":"article","og_title":"Swanson Millepertuis \u00e0 spectre complet, 375 mg, - Maroc Prix","og_description":"Achetez Swanson Millepertuis 375 mg (120 capsules) au Maroc. Formule \u00e0 spectre complet pour l'humeur, le stress et le bien-\u00eatre \u00e9motionnel.","og_url":"https:\/\/vitablanca.ma\/ar\/product-2\/swanson-millepertuis-a-spectre-complet-375-mg-120-capsules-maroc\/","og_site_name":"Vitablanca.ma &ndash; Sant&eacute;, vitalit&eacute; et bien-&ecirc;tre pour tous les Marocains","article_publisher":"https:\/\/www.facebook.com\/profile.php?id=61576678196717","article_modified_time":"2025-12-02T20:32:10+00:00","og_image":[{"width":680,"height":680,"url":"https:\/\/vitablanca.ma\/wp-content\/uploads\/2025\/06\/swanson-millepertuis-a-spectre-complet-375-mg-120-capsules-.jpg","type":"image\/jpeg"}],"twitter_card":"summary_large_image","twitter_misc":{"\u0648\u0642\u062a \u0627\u0644\u0642\u0631\u0627\u0621\u0629 \u0627\u0644\u0645\u064f\u0642\u062f\u0651\u0631":"\u062f\u0642\u064a\u0642\u0629 \u0648\u0627\u062d\u062f\u0629"},"schema":{"@context":"https:\/\/schema.org","@graph":[{"@type":["WebPage","ItemPage"],"@id":"https:\/\/vitablanca.ma\/produit\/swanson-millepertuis-a-spectre-complet-375-mg-120-capsules-maroc\/","url":"https:\/\/vitablanca.ma\/produit\/swanson-millepertuis-a-spectre-complet-375-mg-120-capsules-maroc\/","name":"Swanson Millepertuis \u00e0 spectre complet, 375 mg, - Maroc Prix","isPartOf":{"@id":"https:\/\/vitablanca.ma\/#website"},"primaryImageOfPage":{"@id":"https:\/\/vitablanca.ma\/produit\/swanson-millepertuis-a-spectre-complet-375-mg-120-capsules-maroc\/#primaryimage"},"image":{"@id":"https:\/\/vitablanca.ma\/produit\/swanson-millepertuis-a-spectre-complet-375-mg-120-capsules-maroc\/#primaryimage"},"thumbnailUrl":"https:\/\/vitablanca.ma\/wp-content\/uploads\/2025\/06\/swanson-millepertuis-a-spectre-complet-375-mg-120-capsules-.jpg","datePublished":"2025-06-02T02:13:04+00:00","dateModified":"2025-12-02T20:32:10+00:00","description":"Achetez Swanson Millepertuis 375 mg (120 capsules) au Maroc. Formule \u00e0 spectre complet pour l'humeur, le stress et le bien-\u00eatre \u00e9motionnel.","breadcrumb":{"@id":"https:\/\/vitablanca.ma\/produit\/swanson-millepertuis-a-spectre-complet-375-mg-120-capsules-maroc\/#breadcrumb"},"inLanguage":"ar","potentialAction":[{"@type":"ReadAction","target":["https:\/\/vitablanca.ma\/produit\/swanson-millepertuis-a-spectre-complet-375-mg-120-capsules-maroc\/"]}]},{"@type":"ImageObject","inLanguage":"ar","@id":"https:\/\/vitablanca.ma\/produit\/swanson-millepertuis-a-spectre-complet-375-mg-120-capsules-maroc\/#primaryimage","url":"https:\/\/vitablanca.ma\/wp-content\/uploads\/2025\/06\/swanson-millepertuis-a-spectre-complet-375-mg-120-capsules-.jpg","contentUrl":"https:\/\/vitablanca.ma\/wp-content\/uploads\/2025\/06\/swanson-millepertuis-a-spectre-complet-375-mg-120-capsules-.jpg","width":680,"height":680},{"@type":"BreadcrumbList","@id":"https:\/\/vitablanca.ma\/produit\/swanson-millepertuis-a-spectre-complet-375-mg-120-capsules-maroc\/#breadcrumb","itemListElement":[{"@type":"ListItem","position":1,"name":"Home","item":"https:\/\/vitablanca.ma\/"},{"@type":"ListItem","position":2,"name":"Tous Les Produits","item":"https:\/\/vitablanca.ma\/tous-les-produits\/"},{"@type":"ListItem","position":3,"name":"Swanson Millepertuis \u00e0 spectre complet, 375 mg, 120 capsules"}]},{"@type":"WebSite","@id":"https:\/\/vitablanca.ma\/#website","url":"https:\/\/vitablanca.ma\/","name":"VitaBlanca.ma | \u0627\u0644\u0645\u0643\u0645\u0644\u0627\u062a \u0627\u0644\u063a\u0630\u0627\u0626\u064a\u0629\u060c \u0627\u0644\u0635\u062d\u0629 \u0648\u0627\u0644\u062c\u0645\u0627\u0644 \u0641\u064a \u0627\u0644\u0645\u063a\u0631\u0628","description":"\u0646\u0628\u064a\u0639 \u0641\u064a\u062a\u0627\u0645\u064a\u0646\u0627\u062a \u0648\u0645\u0643\u0645\u0644\u0627\u062a \u063a\u0630\u0627\u0626\u064a\u0629 \u0641\u0627\u062e\u0631\u0629 \u0645\u0646 \u0627\u0644\u0648\u0644\u0627\u064a\u0627\u062a \u0627\u0644\u0645\u062a\u062d\u062f\u0629 \u0627\u0644\u0623\u0645\u0631\u064a\u0643\u064a\u0629 \u0648\u0643\u0646\u062f\u0627 \u0648\u0646\u064a\u0648\u0632\u064a\u0644\u0646\u062f\u0627 \u0648\u0627\u0644\u0645\u063a\u0631\u0628 (\u0646\u0627\u0648 \u0641\u0648\u062f\u0632\u060c \u0633\u0648\u0644\u062c\u0627\u0631\u060c \u0645\u0627\u0646\u0648\u0643\u0627). \u062a\u0648\u0635\u064a\u0644 \u0633\u0631\u064a\u0639 \u0625\u0644\u0649 \u062c\u0645\u064a\u0639 \u0623\u0646\u062d\u0627\u0621 \u0627\u0644\u0645\u063a\u0631\u0628.","publisher":{"@id":"https:\/\/vitablanca.ma\/#organization"},"alternateName":"VitaBlanca.ma","potentialAction":[{"@type":"SearchAction","target":{"@type":"EntryPoint","urlTemplate":"https:\/\/vitablanca.ma\/?s={search_term_string}"},"query-input":{"@type":"PropertyValueSpecification","valueRequired":true,"valueName":"search_term_string"}}],"inLanguage":"ar"},{"@type":"Organization","@id":"https:\/\/vitablanca.ma\/#organization","name":"\u0641\u064a\u062a\u0627\u0628\u0644\u0627\u0646\u0643\u0627","url":"https:\/\/vitablanca.ma\/","logo":{"@type":"ImageObject","inLanguage":"ar","@id":"https:\/\/vitablanca.ma\/#\/schema\/logo\/image\/","url":"https:\/\/vitablanca.ma\/wp-content\/uploads\/2025\/05\/cropped-vitablanca.png","contentUrl":"https:\/\/vitablanca.ma\/wp-content\/uploads\/2025\/05\/cropped-vitablanca.png","width":360,"height":67,"caption":"VitaBlanca"},"image":{"@id":"https:\/\/vitablanca.ma\/#\/schema\/logo\/image\/"},"sameAs":["https:\/\/www.facebook.com\/profile.php?id=61576678196717","https:\/\/www.tiktok.com\/@vitablanca.ma","https:\/\/www.instagram.com\/vitablanca.ma\/"]}]}},"jetpack_sharing_enabled":true,"_links":{"self":[{"href":"https:\/\/vitablanca.ma\/ar\/wp-json\/wp\/v2\/product\/14127","targetHints":{"allow":["GET"]}}],"collection":[{"href":"https:\/\/vitablanca.ma\/ar\/wp-json\/wp\/v2\/product"}],"about":[{"href":"https:\/\/vitablanca.ma\/ar\/wp-json\/wp\/v2\/types\/product"}],"wp:featuredmedia":[{"embeddable":true,"href":"https:\/\/vitablanca.ma\/ar\/wp-json\/wp\/v2\/media\/14128"}],"wp:attachment":[{"href":"https:\/\/vitablanca.ma\/ar\/wp-json\/wp\/v2\/media?parent=14127"}],"wp:term":[{"taxonomy":"product_brand","embeddable":true,"href":"https:\/\/vitablanca.ma\/ar\/wp-json\/wp\/v2\/product_brand?post=14127"},{"taxonomy":"product_cat","embeddable":true,"href":"https:\/\/vitablanca.ma\/ar\/wp-json\/wp\/v2\/product_cat?post=14127"},{"taxonomy":"product_tag","embeddable":true,"href":"https:\/\/vitablanca.ma\/ar\/wp-json\/wp\/v2\/product_tag?post=14127"}],"curies":[{"name":"wp","href":"https:\/\/api.w.org\/{rel}","templated":true}]}}