{"id":14116,"date":"2025-06-02T01:48:50","date_gmt":"2025-06-02T01:48:50","guid":{"rendered":"https:\/\/vitablanca.ma\/?post_type=product&#038;p=14116"},"modified":"2025-08-30T21:21:40","modified_gmt":"2025-08-30T21:21:40","slug":"doctors-best-glucosamine-chondroitine-msm-et-optimsm-120-capsules-vegetariennes-maroc","status":"publish","type":"product","link":"https:\/\/vitablanca.ma\/ar\/product-2\/doctors-best-glucosamine-chondroitine-msm-et-optimsm-120-capsules-vegetariennes-maroc\/","title":{"rendered":"\u0623\u0641\u0636\u0644 \u062c\u0644\u0648\u0643\u0648\u0632\u0627\u0645\u064a\u0646\u060c \u0643\u0648\u0646\u062f\u0631\u0648\u064a\u062a\u064a\u0646\u060c MSM \u0648OptiMSM \u0645\u0646 Doctor&#039;s BEST\u060c 120 \u0643\u0628\u0633\u0648\u0644\u0629 \u0646\u0628\u0627\u062a\u064a\u0629"},"content":{"rendered":"<p>\u064a\u0648\u0641\u0631 \u0645\u0643\u0645\u0644 \u0627\u0644\u062c\u0644\u0648\u0643\u0648\u0632\u0627\u0645\u064a\u0646 \u0648\u0634\u0648\u0646\u062f\u0631\u0648\u064a\u062a\u064a\u0646 MSM \u0645\u0646 Doctor&#039;s Best \u062b\u0644\u0627\u062b\u0629 \u0639\u0646\u0627\u0635\u0631 \u063a\u0630\u0627\u0626\u064a\u0629 \u0645\u0647\u0645\u0629 \u062a\u062f\u0639\u0645 \u0635\u062d\u0629 \u0627\u0644\u0645\u0641\u0627\u0635\u0644 \u0648\u0627\u0644\u0623\u0646\u0633\u062c\u0629 \u0627\u0644\u0636\u0627\u0645\u0629: \u0627\u0644\u062c\u0644\u0648\u0643\u0648\u0632\u0627\u0645\u064a\u0646\u060c \u0648\u0627\u0644\u0643\u0648\u0646\u062f\u0631\u0648\u064a\u062a\u064a\u0646\u060c \u0648\u0645\u064a\u062b\u064a\u0644 \u0633\u0644\u0641\u0648\u0646\u064a\u0644 \u0645\u064a\u062b\u0627\u0646 (MSM \u0645\u0646 OptiMSM). \u064a\u0639\u0632\u0632 \u0643\u0628\u0631\u064a\u062a\u0627\u062a \u0627\u0644\u062c\u0644\u0648\u0643\u0648\u0632\u0627\u0645\u064a\u0646 \u0635\u062d\u0629 \u0627\u0644\u0645\u0641\u0627\u0635\u0644 \u0648\u064a\u062d\u0633\u0646 \u062a\u0632\u064a\u064a\u062a\u0647\u0627 \u0648\u062d\u0631\u0643\u062a\u0647\u0627 \u0648\u0645\u0631\u0648\u0646\u062a\u0647\u0627. \u064a\u062a\u0643\u0648\u0646 \u0627\u0644\u063a\u0636\u0631\u0648\u0641 \u0645\u0646 \u0628\u0631\u0648\u062a\u064a\u0648\u063a\u0644\u064a\u0643\u0627\u0646\u060c \u0648\u064a\u0648\u062c\u062f \u0628\u0634\u0643\u0644 \u0623\u0633\u0627\u0633\u064a \u0639\u0644\u0649 \u0627\u0644\u0639\u0638\u0627\u0645 \u0627\u0644\u0642\u0631\u064a\u0628\u0629 \u0645\u0646 \u0627\u0644\u0645\u0641\u0627\u0635\u0644. \u0648\u064a\u062d\u062a\u0648\u064a \u0641\u064a \u0627\u0644\u063a\u0627\u0644\u0628 \u0639\u0644\u0649 \u0628\u0631\u0648\u062a\u064a\u0646\u0627\u062a \u0627\u0644\u0643\u0648\u0644\u0627\u062c\u064a\u0646 \u0645\u0639 \u0633\u0644\u0627\u0633\u0644 \u062c\u0627\u0646\u0628\u064a\u0629 \u062a\u064f\u0633\u0645\u0649 \u0643\u0628\u0631\u064a\u062a\u0627\u062a \u0627\u0644\u0643\u0648\u0646\u062f\u0631\u0648\u064a\u062a\u064a\u0646. \u064a\u0648\u0641\u0631 \u0645\u064a\u062b\u064a\u0644 \u0633\u0644\u0641\u0648\u0646\u064a\u0644 \u0645\u064a\u062b\u0627\u0646 \u0627\u0644\u0643\u0628\u0631\u064a\u062a \u0627\u0644\u062d\u064a\u0648\u064a \u0627\u0644\u0644\u0627\u0632\u0645 \u0644\u062a\u0642\u0648\u064a\u0629 \u0627\u0644\u0645\u0641\u0627\u0635\u0644 \u0648\u0627\u0644\u0634\u0639\u0631 \u0648\u0627\u0644\u0628\u0634\u0631\u0629 \u0648\u0627\u0644\u0623\u0638\u0627\u0641\u0631. \u064a\u064f\u0646\u0642\u0649 OptiMSM\u00ae \u0628\u0627\u0644\u062a\u0642\u0637\u064a\u0631 \u0644\u0644\u062d\u0635\u0648\u0644 \u0639\u0644\u0649 \u0623\u0642\u0635\u0649 \u0642\u062f\u0631 \u0645\u0646 \u0627\u0644\u0646\u0642\u0627\u0621 \u0648\u0627\u0644\u0627\u062a\u0633\u0627\u0642\u060c \u0648\u0647\u0648 \u0645\u0635\u062f\u0631 \u0645\u0645\u062a\u0627\u0632 \u0644\u0644\u0643\u0628\u0631\u064a\u062a \u0627\u0644\u062d\u064a\u0648\u064a.<\/p>\n\n\n\n<p>\u064a\u0642\u0648\u064a \u0627\u0644\u0645\u0641\u0627\u0635\u0644 \u0648\u0645\u0631\u0648\u0646\u062a\u0647\u0627<\/p>\n\n\n\n<p>\u064a\u0633\u0627\u0639\u062f \u0639\u0644\u0649 \u062d\u0645\u0627\u064a\u0629 \u0627\u0644\u0645\u0641\u0627\u0635\u0644 \u0648\u0627\u0644\u062d\u0641\u0627\u0638 \u0639\u0644\u064a\u0647\u0627<\/p>\n\n\n\n<p>\u064a\u0633\u0627\u0647\u0645 \u0641\u064a \u0627\u0644\u0635\u062d\u0629 \u0627\u0644\u0639\u0627\u0645\u0629 \u0644\u0644\u0634\u0639\u0631 \u0648\u0627\u0644\u0628\u0634\u0631\u0629 \u0648\u0627\u0644\u0623\u0638\u0627\u0641\u0631<\/p>\n\n\n\n<p>\u0627\u0644\u0627\u0633\u062a\u062e\u062f\u0627\u0645 \u0627\u0644\u0645\u0642\u062a\u0631\u062d<\/p>\n\n\n\n<p>\u0627\u0644\u0627\u0633\u062a\u062e\u062f\u0627\u0645 \u0627\u0644\u0645\u0642\u062a\u0631\u062d \u0644\u0644\u0628\u0627\u0644\u063a\u064a\u0646: \u062a\u0646\u0627\u0648\u0644 4 \u0643\u0628\u0633\u0648\u0644\u0627\u062a \u064a\u0648\u0645\u064a\u064b\u0627 \u0645\u0639 \u0627\u0644\u0637\u0639\u0627\u0645 \u0623\u0648 \u062d\u0633\u0628 \u062a\u0648\u062c\u064a\u0647\u0627\u062a \u0627\u0644\u0637\u0628\u064a\u0628 \u0627\u0644\u0645\u062e\u062a\u0635 \u0641\u064a \u0627\u0644\u062a\u063a\u0630\u064a\u0629.<a href=\"https:\/\/www.jumia.ma\/customer\/account\/login\/?tkWl=DO700DV01U37ANAFAMZ-66301111&amp;return=%2Fdoctors-best-glucosamine-chondroitine-msm-et-optimsm-120-capsules-vegetariennes-64438030.html\"><\/a><\/p>","protected":false},"excerpt":{"rendered":"<ul>\n<li>\u0627\u0644\u062a\u063a\u0630\u064a\u0629 \u0627\u0644\u0642\u0627\u0626\u0645\u0629 \u0639\u0644\u0649 \u0627\u0644\u0639\u0644\u0645<\/li>\n<li>\u0645\u0643\u0645\u0644 \u063a\u0630\u0627\u0626\u064a<\/li>\n<li>\u064a\u0642\u0648\u064a \u0627\u0644\u0645\u0641\u0627\u0635\u0644 \u0648\u0645\u0631\u0648\u0646\u062a\u0647\u0627<\/li>\n<li>\u062e\u0627\u0644\u064a \u0645\u0646 \u0627\u0644\u0643\u0627\u0626\u0646\u0627\u062a \u0627\u0644\u0645\u0639\u062f\u0644\u0629 \u0648\u0631\u0627\u062b\u064a\u064b\u0627 \u2013 \u062e\u0627\u0644\u064a \u0645\u0646 \u0627\u0644\u063a\u0644\u0648\u062a\u064a\u0646 \u2013 \u062e\u0627\u0644\u064a \u0645\u0646 \u0627\u0644\u0635\u0648\u064a\u0627<\/li>\n<\/ul>","protected":false},"featured_media":14117,"template":"","meta":{"om_disable_all_campaigns":false},"product_brand":[1982],"product_cat":[18,40,3366,41,20,19],"product_tag":[1949,1946,1983,1944,1951,1903,1950,1945,220,1948,1947],"class_list":{"0":"post-14116","1":"product","2":"type-product","3":"status-publish","4":"has-post-thumbnail","6":"product_brand-doctors-best-maroc-prix","7":"product_cat-beaute-sante","8":"product_cat-chondroitine-glucosamine","9":"product_cat-complements-alimentaires-au-maroc-vitablanca","10":"product_cat-glucosamine","11":"product_cat-supplements","12":"product_cat-vitamines-supplements-dietetiques","13":"product_tag-120-capsules-vegetariennes-faciles-a-digerer","14":"product_tag-chondroitine-pour-la-lubrification-des-articulations","15":"product_tag-doctors-best","16":"product_tag-formule-complete-pour-les-articulations-et-le-cartilage","17":"product_tag-glucosamine-sulfate-pour-la-regeneration-articulaire","18":"product_tag-gluten","19":"product_tag-ideal-pour-les-sportifs-et-les-personnes-agees","20":"product_tag-msm-optimsm-pour-un-effet-anti-inflammatoire-puissant","21":"product_tag-sans-ogm","22":"product_tag-soja-ni-produits-dorigine-animale","23":"product_tag-soulage-les-douleurs-et-raideurs-articulaires","25":"first","26":"instock","27":"sale","28":"taxable","29":"shipping-taxable","30":"purchasable","31":"product-type-simple"},"yoast_head":"<!-- This site is optimized with the Yoast SEO plugin v27.3 - https:\/\/yoast.com\/product\/yoast-seo-wordpress\/ -->\n<title>Doctor&#039;s BEST Glucosamine chondro\u00eftine MSM et OptiMSM - Maroc<\/title>\n<meta name=\"description\" content=\"Achetez Glucosamine Chondro\u00eftine MSM et OptiMSM 120 capsules Doctor&#039;s Best Maroc. Cette formule avanc\u00e9e offre un soutien complet pour la sant\u00e9 des articulations\" \/>\n<meta name=\"robots\" content=\"index, follow, max-snippet:-1, max-image-preview:large, max-video-preview:-1\" \/>\n<link rel=\"canonical\" href=\"https:\/\/vitablanca.ma\/ar\/product-2\/doctors-best-glucosamine-chondroitine-msm-et-optimsm-120-capsules-vegetariennes-maroc\/\" \/>\n<meta property=\"og:locale\" content=\"ar_AR\" \/>\n<meta property=\"og:type\" content=\"article\" \/>\n<meta property=\"og:title\" content=\"Doctor&#039;s BEST Glucosamine chondro\u00eftine MSM et OptiMSM - Maroc\" \/>\n<meta property=\"og:description\" content=\"Achetez Glucosamine Chondro\u00eftine MSM et OptiMSM 120 capsules Doctor&#039;s Best Maroc. Cette formule avanc\u00e9e offre un soutien complet pour la sant\u00e9 des articulations\" \/>\n<meta property=\"og:url\" content=\"https:\/\/vitablanca.ma\/ar\/product-2\/doctors-best-glucosamine-chondroitine-msm-et-optimsm-120-capsules-vegetariennes-maroc\/\" \/>\n<meta property=\"og:site_name\" content=\"Vitablanca.ma &ndash; Sant&eacute;, vitalit&eacute; et bien-&ecirc;tre pour tous les Marocains\" \/>\n<meta property=\"article:publisher\" content=\"https:\/\/www.facebook.com\/profile.php?id=61576678196717\" \/>\n<meta property=\"article:modified_time\" content=\"2025-08-30T21:21:40+00:00\" \/>\n<meta property=\"og:image\" content=\"https:\/\/vitablanca.ma\/wp-content\/uploads\/2025\/06\/doctors-best-glucosamine-chondroitine-msm-et-optimsm-120-capsules-.jpg\" \/>\n\t<meta property=\"og:image:width\" content=\"680\" \/>\n\t<meta property=\"og:image:height\" content=\"680\" \/>\n\t<meta property=\"og:image:type\" content=\"image\/jpeg\" \/>\n<meta name=\"twitter:card\" content=\"summary_large_image\" \/>\n<meta name=\"twitter:label1\" content=\"\u0648\u0642\u062a \u0627\u0644\u0642\u0631\u0627\u0621\u0629 \u0627\u0644\u0645\u064f\u0642\u062f\u0651\u0631\" \/>\n\t<meta name=\"twitter:data1\" content=\"\u062f\u0642\u064a\u0642\u062a\u0627\u0646\" \/>\n<script type=\"application\/ld+json\" class=\"yoast-schema-graph\">{\"@context\":\"https:\\\/\\\/schema.org\",\"@graph\":[{\"@type\":[\"WebPage\",\"ItemPage\"],\"@id\":\"https:\\\/\\\/vitablanca.ma\\\/produit\\\/doctors-best-glucosamine-chondroitine-msm-et-optimsm-120-capsules-vegetariennes-maroc\\\/\",\"url\":\"https:\\\/\\\/vitablanca.ma\\\/produit\\\/doctors-best-glucosamine-chondroitine-msm-et-optimsm-120-capsules-vegetariennes-maroc\\\/\",\"name\":\"Doctor's BEST Glucosamine chondro\u00eftine MSM et OptiMSM - Maroc\",\"isPartOf\":{\"@id\":\"https:\\\/\\\/vitablanca.ma\\\/#website\"},\"primaryImageOfPage\":{\"@id\":\"https:\\\/\\\/vitablanca.ma\\\/produit\\\/doctors-best-glucosamine-chondroitine-msm-et-optimsm-120-capsules-vegetariennes-maroc\\\/#primaryimage\"},\"image\":{\"@id\":\"https:\\\/\\\/vitablanca.ma\\\/produit\\\/doctors-best-glucosamine-chondroitine-msm-et-optimsm-120-capsules-vegetariennes-maroc\\\/#primaryimage\"},\"thumbnailUrl\":\"https:\\\/\\\/vitablanca.ma\\\/wp-content\\\/uploads\\\/2025\\\/06\\\/doctors-best-glucosamine-chondroitine-msm-et-optimsm-120-capsules-.jpg\",\"datePublished\":\"2025-06-02T01:48:50+00:00\",\"dateModified\":\"2025-08-30T21:21:40+00:00\",\"description\":\"Achetez Glucosamine Chondro\u00eftine MSM et OptiMSM 120 capsules Doctor's Best Maroc. Cette formule avanc\u00e9e offre un soutien complet pour la sant\u00e9 des articulations\",\"breadcrumb\":{\"@id\":\"https:\\\/\\\/vitablanca.ma\\\/produit\\\/doctors-best-glucosamine-chondroitine-msm-et-optimsm-120-capsules-vegetariennes-maroc\\\/#breadcrumb\"},\"inLanguage\":\"ar\",\"potentialAction\":[{\"@type\":\"ReadAction\",\"target\":[\"https:\\\/\\\/vitablanca.ma\\\/produit\\\/doctors-best-glucosamine-chondroitine-msm-et-optimsm-120-capsules-vegetariennes-maroc\\\/\"]}]},{\"@type\":\"ImageObject\",\"inLanguage\":\"ar\",\"@id\":\"https:\\\/\\\/vitablanca.ma\\\/produit\\\/doctors-best-glucosamine-chondroitine-msm-et-optimsm-120-capsules-vegetariennes-maroc\\\/#primaryimage\",\"url\":\"https:\\\/\\\/vitablanca.ma\\\/wp-content\\\/uploads\\\/2025\\\/06\\\/doctors-best-glucosamine-chondroitine-msm-et-optimsm-120-capsules-.jpg\",\"contentUrl\":\"https:\\\/\\\/vitablanca.ma\\\/wp-content\\\/uploads\\\/2025\\\/06\\\/doctors-best-glucosamine-chondroitine-msm-et-optimsm-120-capsules-.jpg\",\"width\":680,\"height\":680},{\"@type\":\"BreadcrumbList\",\"@id\":\"https:\\\/\\\/vitablanca.ma\\\/produit\\\/doctors-best-glucosamine-chondroitine-msm-et-optimsm-120-capsules-vegetariennes-maroc\\\/#breadcrumb\",\"itemListElement\":[{\"@type\":\"ListItem\",\"position\":1,\"name\":\"Home\",\"item\":\"https:\\\/\\\/vitablanca.ma\\\/\"},{\"@type\":\"ListItem\",\"position\":2,\"name\":\"Tous Les Produits\",\"item\":\"https:\\\/\\\/vitablanca.ma\\\/tous-les-produits\\\/\"},{\"@type\":\"ListItem\",\"position\":3,\"name\":\"Doctor&#8217;s BEST Glucosamine, chondro\u00eftine, MSM et OptiMSM, 120 capsules v\u00e9g\u00e9tariennes\"}]},{\"@type\":\"WebSite\",\"@id\":\"https:\\\/\\\/vitablanca.ma\\\/#website\",\"url\":\"https:\\\/\\\/vitablanca.ma\\\/\",\"name\":\"VitaBlanca.ma | Compl\u00e9ments alimentaires, sant\u00e9 & beaut\u00e9 au Maroc\",\"description\":\"vendre vitamines et compl\u00e9ments premium des USA &amp; Canada, Nouvelle Z\u00e9lande,Maroc (NOW Foods, Solgar, Manuka). Livraison rapide partout au Maroc.\",\"publisher\":{\"@id\":\"https:\\\/\\\/vitablanca.ma\\\/#organization\"},\"alternateName\":\"VitaBlanca.ma\",\"potentialAction\":[{\"@type\":\"SearchAction\",\"target\":{\"@type\":\"EntryPoint\",\"urlTemplate\":\"https:\\\/\\\/vitablanca.ma\\\/?s={search_term_string}\"},\"query-input\":{\"@type\":\"PropertyValueSpecification\",\"valueRequired\":true,\"valueName\":\"search_term_string\"}}],\"inLanguage\":\"ar\"},{\"@type\":\"Organization\",\"@id\":\"https:\\\/\\\/vitablanca.ma\\\/#organization\",\"name\":\"VitaBlanca\",\"url\":\"https:\\\/\\\/vitablanca.ma\\\/\",\"logo\":{\"@type\":\"ImageObject\",\"inLanguage\":\"ar\",\"@id\":\"https:\\\/\\\/vitablanca.ma\\\/#\\\/schema\\\/logo\\\/image\\\/\",\"url\":\"https:\\\/\\\/vitablanca.ma\\\/wp-content\\\/uploads\\\/2025\\\/05\\\/cropped-vitablanca.png\",\"contentUrl\":\"https:\\\/\\\/vitablanca.ma\\\/wp-content\\\/uploads\\\/2025\\\/05\\\/cropped-vitablanca.png\",\"width\":360,\"height\":67,\"caption\":\"VitaBlanca\"},\"image\":{\"@id\":\"https:\\\/\\\/vitablanca.ma\\\/#\\\/schema\\\/logo\\\/image\\\/\"},\"sameAs\":[\"https:\\\/\\\/www.facebook.com\\\/profile.php?id=61576678196717\",\"https:\\\/\\\/www.tiktok.com\\\/@vitablanca.ma\",\"https:\\\/\\\/www.instagram.com\\\/vitablanca.ma\\\/\"]}]}<\/script>\n<!-- \/ Yoast SEO plugin. -->","yoast_head_json":{"title":"\u0623\u0641\u0636\u0644 \u0645\u0646\u062a\u062c\u0627\u062a \u062f\u0643\u062a\u0648\u0631\u0632 \u062c\u0644\u0648\u0643\u0648\u0632\u0627\u0645\u064a\u0646 \u0643\u0648\u0646\u062f\u0631\u0648\u064a\u062a\u064a\u0646 MSM \u0648OptiMSM - \u0627\u0644\u0645\u063a\u0631\u0628","description":"\u0627\u0634\u062a\u0631\u0650 \u0643\u0628\u0633\u0648\u0644\u0627\u062a \u0627\u0644\u062c\u0644\u0648\u0643\u0648\u0632\u0627\u0645\u064a\u0646 \u0643\u0648\u0646\u062f\u0631\u0648\u064a\u062a\u064a\u0646 MSM \u0648OptiMSM (\u0661\u0662\u0660 \u0643\u0628\u0633\u0648\u0644\u0629) \u0645\u0646 Doctor&#039;s Best Morocco. \u062a\u064f\u0642\u062f\u0645 \u0647\u0630\u0647 \u0627\u0644\u062a\u0631\u0643\u064a\u0628\u0629 \u0627\u0644\u0645\u062a\u0637\u0648\u0631\u0629 \u062f\u0639\u0645\u064b\u0627 \u0634\u0627\u0645\u0644\u064b\u0627 \u0644\u0635\u062d\u0629 \u0627\u0644\u0645\u0641\u0627\u0635\u0644.","robots":{"index":"index","follow":"follow","max-snippet":"max-snippet:-1","max-image-preview":"max-image-preview:large","max-video-preview":"max-video-preview:-1"},"canonical":"https:\/\/vitablanca.ma\/ar\/product-2\/doctors-best-glucosamine-chondroitine-msm-et-optimsm-120-capsules-vegetariennes-maroc\/","og_locale":"ar_AR","og_type":"article","og_title":"Doctor's BEST Glucosamine chondro\u00eftine MSM et OptiMSM - Maroc","og_description":"Achetez Glucosamine Chondro\u00eftine MSM et OptiMSM 120 capsules Doctor's Best Maroc. Cette formule avanc\u00e9e offre un soutien complet pour la sant\u00e9 des articulations","og_url":"https:\/\/vitablanca.ma\/ar\/product-2\/doctors-best-glucosamine-chondroitine-msm-et-optimsm-120-capsules-vegetariennes-maroc\/","og_site_name":"Vitablanca.ma &ndash; Sant&eacute;, vitalit&eacute; et bien-&ecirc;tre pour tous les Marocains","article_publisher":"https:\/\/www.facebook.com\/profile.php?id=61576678196717","article_modified_time":"2025-08-30T21:21:40+00:00","og_image":[{"width":680,"height":680,"url":"https:\/\/vitablanca.ma\/wp-content\/uploads\/2025\/06\/doctors-best-glucosamine-chondroitine-msm-et-optimsm-120-capsules-.jpg","type":"image\/jpeg"}],"twitter_card":"summary_large_image","twitter_misc":{"\u0648\u0642\u062a \u0627\u0644\u0642\u0631\u0627\u0621\u0629 \u0627\u0644\u0645\u064f\u0642\u062f\u0651\u0631":"\u062f\u0642\u064a\u0642\u062a\u0627\u0646"},"schema":{"@context":"https:\/\/schema.org","@graph":[{"@type":["WebPage","ItemPage"],"@id":"https:\/\/vitablanca.ma\/produit\/doctors-best-glucosamine-chondroitine-msm-et-optimsm-120-capsules-vegetariennes-maroc\/","url":"https:\/\/vitablanca.ma\/produit\/doctors-best-glucosamine-chondroitine-msm-et-optimsm-120-capsules-vegetariennes-maroc\/","name":"\u0623\u0641\u0636\u0644 \u0645\u0646\u062a\u062c\u0627\u062a \u062f\u0643\u062a\u0648\u0631\u0632 \u062c\u0644\u0648\u0643\u0648\u0632\u0627\u0645\u064a\u0646 \u0643\u0648\u0646\u062f\u0631\u0648\u064a\u062a\u064a\u0646 MSM \u0648OptiMSM - \u0627\u0644\u0645\u063a\u0631\u0628","isPartOf":{"@id":"https:\/\/vitablanca.ma\/#website"},"primaryImageOfPage":{"@id":"https:\/\/vitablanca.ma\/produit\/doctors-best-glucosamine-chondroitine-msm-et-optimsm-120-capsules-vegetariennes-maroc\/#primaryimage"},"image":{"@id":"https:\/\/vitablanca.ma\/produit\/doctors-best-glucosamine-chondroitine-msm-et-optimsm-120-capsules-vegetariennes-maroc\/#primaryimage"},"thumbnailUrl":"https:\/\/vitablanca.ma\/wp-content\/uploads\/2025\/06\/doctors-best-glucosamine-chondroitine-msm-et-optimsm-120-capsules-.jpg","datePublished":"2025-06-02T01:48:50+00:00","dateModified":"2025-08-30T21:21:40+00:00","description":"\u0627\u0634\u062a\u0631\u0650 \u0643\u0628\u0633\u0648\u0644\u0627\u062a \u0627\u0644\u062c\u0644\u0648\u0643\u0648\u0632\u0627\u0645\u064a\u0646 \u0643\u0648\u0646\u062f\u0631\u0648\u064a\u062a\u064a\u0646 MSM \u0648OptiMSM (\u0661\u0662\u0660 \u0643\u0628\u0633\u0648\u0644\u0629) \u0645\u0646 Doctor&#039;s Best Morocco. \u062a\u064f\u0642\u062f\u0645 \u0647\u0630\u0647 \u0627\u0644\u062a\u0631\u0643\u064a\u0628\u0629 \u0627\u0644\u0645\u062a\u0637\u0648\u0631\u0629 \u062f\u0639\u0645\u064b\u0627 \u0634\u0627\u0645\u0644\u064b\u0627 \u0644\u0635\u062d\u0629 \u0627\u0644\u0645\u0641\u0627\u0635\u0644.","breadcrumb":{"@id":"https:\/\/vitablanca.ma\/produit\/doctors-best-glucosamine-chondroitine-msm-et-optimsm-120-capsules-vegetariennes-maroc\/#breadcrumb"},"inLanguage":"ar","potentialAction":[{"@type":"ReadAction","target":["https:\/\/vitablanca.ma\/produit\/doctors-best-glucosamine-chondroitine-msm-et-optimsm-120-capsules-vegetariennes-maroc\/"]}]},{"@type":"ImageObject","inLanguage":"ar","@id":"https:\/\/vitablanca.ma\/produit\/doctors-best-glucosamine-chondroitine-msm-et-optimsm-120-capsules-vegetariennes-maroc\/#primaryimage","url":"https:\/\/vitablanca.ma\/wp-content\/uploads\/2025\/06\/doctors-best-glucosamine-chondroitine-msm-et-optimsm-120-capsules-.jpg","contentUrl":"https:\/\/vitablanca.ma\/wp-content\/uploads\/2025\/06\/doctors-best-glucosamine-chondroitine-msm-et-optimsm-120-capsules-.jpg","width":680,"height":680},{"@type":"BreadcrumbList","@id":"https:\/\/vitablanca.ma\/produit\/doctors-best-glucosamine-chondroitine-msm-et-optimsm-120-capsules-vegetariennes-maroc\/#breadcrumb","itemListElement":[{"@type":"ListItem","position":1,"name":"Home","item":"https:\/\/vitablanca.ma\/"},{"@type":"ListItem","position":2,"name":"Tous Les Produits","item":"https:\/\/vitablanca.ma\/tous-les-produits\/"},{"@type":"ListItem","position":3,"name":"Doctor&#8217;s BEST Glucosamine, chondro\u00eftine, MSM et OptiMSM, 120 capsules v\u00e9g\u00e9tariennes"}]},{"@type":"WebSite","@id":"https:\/\/vitablanca.ma\/#website","url":"https:\/\/vitablanca.ma\/","name":"VitaBlanca.ma | \u0627\u0644\u0645\u0643\u0645\u0644\u0627\u062a \u0627\u0644\u063a\u0630\u0627\u0626\u064a\u0629\u060c \u0627\u0644\u0635\u062d\u0629 \u0648\u0627\u0644\u062c\u0645\u0627\u0644 \u0641\u064a \u0627\u0644\u0645\u063a\u0631\u0628","description":"\u0646\u0628\u064a\u0639 \u0641\u064a\u062a\u0627\u0645\u064a\u0646\u0627\u062a \u0648\u0645\u0643\u0645\u0644\u0627\u062a \u063a\u0630\u0627\u0626\u064a\u0629 \u0641\u0627\u062e\u0631\u0629 \u0645\u0646 \u0627\u0644\u0648\u0644\u0627\u064a\u0627\u062a \u0627\u0644\u0645\u062a\u062d\u062f\u0629 \u0627\u0644\u0623\u0645\u0631\u064a\u0643\u064a\u0629 \u0648\u0643\u0646\u062f\u0627 \u0648\u0646\u064a\u0648\u0632\u064a\u0644\u0646\u062f\u0627 \u0648\u0627\u0644\u0645\u063a\u0631\u0628 (\u0646\u0627\u0648 \u0641\u0648\u062f\u0632\u060c \u0633\u0648\u0644\u062c\u0627\u0631\u060c \u0645\u0627\u0646\u0648\u0643\u0627). \u062a\u0648\u0635\u064a\u0644 \u0633\u0631\u064a\u0639 \u0625\u0644\u0649 \u062c\u0645\u064a\u0639 \u0623\u0646\u062d\u0627\u0621 \u0627\u0644\u0645\u063a\u0631\u0628.","publisher":{"@id":"https:\/\/vitablanca.ma\/#organization"},"alternateName":"VitaBlanca.ma","potentialAction":[{"@type":"SearchAction","target":{"@type":"EntryPoint","urlTemplate":"https:\/\/vitablanca.ma\/?s={search_term_string}"},"query-input":{"@type":"PropertyValueSpecification","valueRequired":true,"valueName":"search_term_string"}}],"inLanguage":"ar"},{"@type":"Organization","@id":"https:\/\/vitablanca.ma\/#organization","name":"\u0641\u064a\u062a\u0627\u0628\u0644\u0627\u0646\u0643\u0627","url":"https:\/\/vitablanca.ma\/","logo":{"@type":"ImageObject","inLanguage":"ar","@id":"https:\/\/vitablanca.ma\/#\/schema\/logo\/image\/","url":"https:\/\/vitablanca.ma\/wp-content\/uploads\/2025\/05\/cropped-vitablanca.png","contentUrl":"https:\/\/vitablanca.ma\/wp-content\/uploads\/2025\/05\/cropped-vitablanca.png","width":360,"height":67,"caption":"VitaBlanca"},"image":{"@id":"https:\/\/vitablanca.ma\/#\/schema\/logo\/image\/"},"sameAs":["https:\/\/www.facebook.com\/profile.php?id=61576678196717","https:\/\/www.tiktok.com\/@vitablanca.ma","https:\/\/www.instagram.com\/vitablanca.ma\/"]}]}},"jetpack_sharing_enabled":true,"_links":{"self":[{"href":"https:\/\/vitablanca.ma\/ar\/wp-json\/wp\/v2\/product\/14116","targetHints":{"allow":["GET"]}}],"collection":[{"href":"https:\/\/vitablanca.ma\/ar\/wp-json\/wp\/v2\/product"}],"about":[{"href":"https:\/\/vitablanca.ma\/ar\/wp-json\/wp\/v2\/types\/product"}],"wp:featuredmedia":[{"embeddable":true,"href":"https:\/\/vitablanca.ma\/ar\/wp-json\/wp\/v2\/media\/14117"}],"wp:attachment":[{"href":"https:\/\/vitablanca.ma\/ar\/wp-json\/wp\/v2\/media?parent=14116"}],"wp:term":[{"taxonomy":"product_brand","embeddable":true,"href":"https:\/\/vitablanca.ma\/ar\/wp-json\/wp\/v2\/product_brand?post=14116"},{"taxonomy":"product_cat","embeddable":true,"href":"https:\/\/vitablanca.ma\/ar\/wp-json\/wp\/v2\/product_cat?post=14116"},{"taxonomy":"product_tag","embeddable":true,"href":"https:\/\/vitablanca.ma\/ar\/wp-json\/wp\/v2\/product_tag?post=14116"}],"curies":[{"name":"wp","href":"https:\/\/api.w.org\/{rel}","templated":true}]}}