{"id":14096,"date":"2025-06-01T16:37:13","date_gmt":"2025-06-01T16:37:13","guid":{"rendered":"https:\/\/vitablanca.ma\/?post_type=product&#038;p=14096"},"modified":"2026-03-24T20:30:07","modified_gmt":"2026-03-24T20:30:07","slug":"swanson-saww-palmetto-a-spectre-complet-540-mg-250-capsules-maroc","status":"publish","type":"product","link":"https:\/\/vitablanca.ma\/ar\/product-2\/swanson-saww-palmetto-a-spectre-complet-540-mg-250-capsules-maroc\/","title":{"rendered":"\u0633\u0648\u0627\u0646\u0633\u0648\u0646 \u0628\u0627\u0644\u0645\u064a\u062a\u0648 \u0627\u0644\u0645\u0646\u0634\u0627\u0631\u064a \u0643\u0627\u0645\u0644 \u0627\u0644\u0637\u064a\u0641\u060c 540 \u0645\u0644\u063a\u060c 250 \u0643\u0628\u0633\u0648\u0644\u0629"},"content":{"rendered":"<p>Le chou palmiste nain \u00e0 spectre complet de Swanson est un excellent moyen pour les hommes de soutenir leur prostate. Cette plante puissante est une source d&rsquo;acides gras et de st\u00e9rols con\u00e7ue pour favoriser cet important domaine de la sant\u00e9 masculine. Nos capsules de chou palmiste nain fournissent 540 mg de poudre de baies enti\u00e8res de qualit\u00e9 sup\u00e9rieure.<\/p>\r\n\r\n\r\n\r\n<p>\u0627\u0644\u0627\u0633\u062a\u062e\u062f\u0627\u0645 \u0627\u0644\u0645\u0642\u062a\u0631\u062d<\/p>\r\n\r\n\r\n\r\n<p>En compl\u00e9ment alimentaire, prenez une capsule deux \u00e0 trois fois par jour avec un grand verre d&rsquo;eau.<\/p>","protected":false},"excerpt":{"rendered":"<ul>\n<li>Sant\u00e9 prostatique<\/li>\n<li>\u0627\u0644\u0645\u0643\u0645\u0644\u0627\u062a \u0627\u0644\u0639\u0634\u0628\u064a\u0629<\/li>\n<li>Renforce la sant\u00e9 prostatique<\/li>\n<li>Favorise un d\u00e9bit et une fr\u00e9quence des voies urinaires sains<\/li>\n<li>La formule Full Spectrum\u00ae contient des ingr\u00e9dients d&rsquo;origine v\u00e9g\u00e9tale sans traitement inutile<\/li>\n<li>\u0627\u0644\u062c\u0648\u062f\u0629 \u0645\u062f\u0639\u0648\u0645\u0629 \u0628\u0627\u0644\u0639\u0644\u0645 \u0645\u0646\u0630 \u0639\u0627\u0645 1969<\/li>\n<li>Le chou palmiste nain \u00e0 spectre complet de Swanson est un excellent moyen pour les hommes de soutenir leur prostate.<\/li>\n<\/ul>","protected":false},"featured_media":14097,"template":"","meta":{"om_disable_all_campaigns":false},"product_brand":[672],"product_cat":[18,3366,293,104,19],"product_tag":[1911,1908,1910,1906,1912,1909,1907],"class_list":{"0":"post-14096","1":"product","2":"type-product","3":"status-publish","4":"has-post-thumbnail","6":"product_brand-swanson-maroc-prix","7":"product_cat-beaute-sante","8":"product_cat-complements-alimentaires-au-maroc-vitablanca","9":"product_cat-saw-palmetto","10":"product_cat-supplements-a-base-de-plantes","11":"product_cat-vitamines-supplements-dietetiques","12":"product_tag-250-capsules-pour-une-cure-longue-duree","13":"product_tag-contribue-a-lequilibre-hormonal-naturel","14":"product_tag-favorise-la-vitalite-masculine-et-urinaire","15":"product_tag-formule-a-spectre-complet-540-mg-par-capsule","16":"product_tag-ingredients-de-qualite-certifiee-swanson","17":"product_tag-sans-gluten-ni-ogm","18":"product_tag-soutient-la-sante-de-la-prostate-chez-lhomme","20":"first","21":"outofstock","22":"taxable","23":"shipping-taxable","24":"purchasable","25":"product-type-simple"},"yoast_head":"<!-- This site is optimized with the Yoast SEO plugin v27.4 - https:\/\/yoast.com\/product\/yoast-seo-wordpress\/ -->\n<title>Swanson Saw Palmetto , 540 mg, 250 capsules - Maroc Prix<\/title>\n<meta name=\"description\" content=\"Achetez Swanson Saw Palmetto 540 mg (250 capsules) au Maroc. Soutien naturel et complet pour la sant\u00e9 de la prostate et la fonction urinaire masculine.\" \/>\n<meta name=\"robots\" content=\"index, follow, max-snippet:-1, max-image-preview:large, max-video-preview:-1\" \/>\n<link rel=\"canonical\" href=\"https:\/\/vitablanca.ma\/ar\/product-2\/swanson-saww-palmetto-a-spectre-complet-540-mg-250-capsules-maroc\/\" \/>\n<meta property=\"og:locale\" content=\"ar_AR\" \/>\n<meta property=\"og:type\" content=\"article\" \/>\n<meta property=\"og:title\" content=\"Swanson Saw Palmetto , 540 mg, 250 capsules - Maroc Prix\" \/>\n<meta property=\"og:description\" content=\"Achetez Swanson Saw Palmetto 540 mg (250 capsules) au Maroc. Soutien naturel et complet pour la sant\u00e9 de la prostate et la fonction urinaire masculine.\" \/>\n<meta property=\"og:url\" content=\"https:\/\/vitablanca.ma\/ar\/product-2\/swanson-saww-palmetto-a-spectre-complet-540-mg-250-capsules-maroc\/\" \/>\n<meta property=\"og:site_name\" content=\"Vitablanca.ma &ndash; Sant&eacute;, vitalit&eacute; et bien-&ecirc;tre pour tous les Marocains\" \/>\n<meta property=\"article:publisher\" content=\"https:\/\/www.facebook.com\/profile.php?id=61576678196717\" \/>\n<meta property=\"article:modified_time\" content=\"2026-03-24T20:30:07+00:00\" \/>\n<meta property=\"og:image\" content=\"https:\/\/vitablanca.ma\/wp-content\/uploads\/2025\/06\/swanson-saww-palmetto-a-spectre-complet-540-mg-250-capsules.jpg\" \/>\n\t<meta property=\"og:image:width\" content=\"680\" \/>\n\t<meta property=\"og:image:height\" content=\"680\" \/>\n\t<meta property=\"og:image:type\" content=\"image\/jpeg\" \/>\n<meta name=\"twitter:card\" content=\"summary_large_image\" \/>\n<meta name=\"twitter:label1\" content=\"\u0648\u0642\u062a \u0627\u0644\u0642\u0631\u0627\u0621\u0629 \u0627\u0644\u0645\u064f\u0642\u062f\u0651\u0631\" \/>\n\t<meta name=\"twitter:data1\" content=\"\u062f\u0642\u064a\u0642\u0629 \u0648\u0627\u062d\u062f\u0629\" \/>\n<script type=\"application\/ld+json\" class=\"yoast-schema-graph\">{\"@context\":\"https:\\\/\\\/schema.org\",\"@graph\":[{\"@type\":[\"WebPage\",\"ItemPage\"],\"@id\":\"https:\\\/\\\/vitablanca.ma\\\/produit\\\/swanson-saww-palmetto-a-spectre-complet-540-mg-250-capsules-maroc\\\/\",\"url\":\"https:\\\/\\\/vitablanca.ma\\\/produit\\\/swanson-saww-palmetto-a-spectre-complet-540-mg-250-capsules-maroc\\\/\",\"name\":\"Swanson Saw Palmetto , 540 mg, 250 capsules - Maroc Prix\",\"isPartOf\":{\"@id\":\"https:\\\/\\\/vitablanca.ma\\\/#website\"},\"primaryImageOfPage\":{\"@id\":\"https:\\\/\\\/vitablanca.ma\\\/produit\\\/swanson-saww-palmetto-a-spectre-complet-540-mg-250-capsules-maroc\\\/#primaryimage\"},\"image\":{\"@id\":\"https:\\\/\\\/vitablanca.ma\\\/produit\\\/swanson-saww-palmetto-a-spectre-complet-540-mg-250-capsules-maroc\\\/#primaryimage\"},\"thumbnailUrl\":\"https:\\\/\\\/vitablanca.ma\\\/wp-content\\\/uploads\\\/2025\\\/06\\\/swanson-saww-palmetto-a-spectre-complet-540-mg-250-capsules.jpg\",\"datePublished\":\"2025-06-01T16:37:13+00:00\",\"dateModified\":\"2026-03-24T20:30:07+00:00\",\"description\":\"Achetez Swanson Saw Palmetto 540 mg (250 capsules) au Maroc. Soutien naturel et complet pour la sant\u00e9 de la prostate et la fonction urinaire masculine.\",\"breadcrumb\":{\"@id\":\"https:\\\/\\\/vitablanca.ma\\\/produit\\\/swanson-saww-palmetto-a-spectre-complet-540-mg-250-capsules-maroc\\\/#breadcrumb\"},\"inLanguage\":\"ar\",\"potentialAction\":[{\"@type\":\"ReadAction\",\"target\":[\"https:\\\/\\\/vitablanca.ma\\\/produit\\\/swanson-saww-palmetto-a-spectre-complet-540-mg-250-capsules-maroc\\\/\"]}]},{\"@type\":\"ImageObject\",\"inLanguage\":\"ar\",\"@id\":\"https:\\\/\\\/vitablanca.ma\\\/produit\\\/swanson-saww-palmetto-a-spectre-complet-540-mg-250-capsules-maroc\\\/#primaryimage\",\"url\":\"https:\\\/\\\/vitablanca.ma\\\/wp-content\\\/uploads\\\/2025\\\/06\\\/swanson-saww-palmetto-a-spectre-complet-540-mg-250-capsules.jpg\",\"contentUrl\":\"https:\\\/\\\/vitablanca.ma\\\/wp-content\\\/uploads\\\/2025\\\/06\\\/swanson-saww-palmetto-a-spectre-complet-540-mg-250-capsules.jpg\",\"width\":680,\"height\":680},{\"@type\":\"BreadcrumbList\",\"@id\":\"https:\\\/\\\/vitablanca.ma\\\/produit\\\/swanson-saww-palmetto-a-spectre-complet-540-mg-250-capsules-maroc\\\/#breadcrumb\",\"itemListElement\":[{\"@type\":\"ListItem\",\"position\":1,\"name\":\"Home\",\"item\":\"https:\\\/\\\/vitablanca.ma\\\/\"},{\"@type\":\"ListItem\",\"position\":2,\"name\":\"Tous Les Produits\",\"item\":\"https:\\\/\\\/vitablanca.ma\\\/tous-les-produits\\\/\"},{\"@type\":\"ListItem\",\"position\":3,\"name\":\"Swanson Saw Palmetto \u00e0 spectre complet, 540 mg, 250 capsules\"}]},{\"@type\":\"WebSite\",\"@id\":\"https:\\\/\\\/vitablanca.ma\\\/#website\",\"url\":\"https:\\\/\\\/vitablanca.ma\\\/\",\"name\":\"VitaBlanca.ma | Compl\u00e9ments alimentaires, sant\u00e9 & beaut\u00e9 au Maroc\",\"description\":\"vendre vitamines et compl\u00e9ments premium des USA &amp; Canada, Nouvelle Z\u00e9lande,Maroc (NOW Foods, Solgar, Manuka). Livraison rapide partout au Maroc.\",\"publisher\":{\"@id\":\"https:\\\/\\\/vitablanca.ma\\\/#organization\"},\"alternateName\":\"VitaBlanca.ma\",\"potentialAction\":[{\"@type\":\"SearchAction\",\"target\":{\"@type\":\"EntryPoint\",\"urlTemplate\":\"https:\\\/\\\/vitablanca.ma\\\/?s={search_term_string}\"},\"query-input\":{\"@type\":\"PropertyValueSpecification\",\"valueRequired\":true,\"valueName\":\"search_term_string\"}}],\"inLanguage\":\"ar\"},{\"@type\":\"Organization\",\"@id\":\"https:\\\/\\\/vitablanca.ma\\\/#organization\",\"name\":\"VitaBlanca\",\"url\":\"https:\\\/\\\/vitablanca.ma\\\/\",\"logo\":{\"@type\":\"ImageObject\",\"inLanguage\":\"ar\",\"@id\":\"https:\\\/\\\/vitablanca.ma\\\/#\\\/schema\\\/logo\\\/image\\\/\",\"url\":\"https:\\\/\\\/vitablanca.ma\\\/wp-content\\\/uploads\\\/2025\\\/05\\\/cropped-vitablanca.png\",\"contentUrl\":\"https:\\\/\\\/vitablanca.ma\\\/wp-content\\\/uploads\\\/2025\\\/05\\\/cropped-vitablanca.png\",\"width\":360,\"height\":67,\"caption\":\"VitaBlanca\"},\"image\":{\"@id\":\"https:\\\/\\\/vitablanca.ma\\\/#\\\/schema\\\/logo\\\/image\\\/\"},\"sameAs\":[\"https:\\\/\\\/www.facebook.com\\\/profile.php?id=61576678196717\",\"https:\\\/\\\/www.tiktok.com\\\/@vitablanca.ma\",\"https:\\\/\\\/www.instagram.com\\\/vitablanca.ma\\\/\"]}]}<\/script>\n<!-- \/ Yoast SEO plugin. -->","yoast_head_json":{"title":"Swanson Saw Palmetto , 540 mg, 250 capsules - Maroc Prix","description":"Achetez Swanson Saw Palmetto 540 mg (250 capsules) au Maroc. Soutien naturel et complet pour la sant\u00e9 de la prostate et la fonction urinaire masculine.","robots":{"index":"index","follow":"follow","max-snippet":"max-snippet:-1","max-image-preview":"max-image-preview:large","max-video-preview":"max-video-preview:-1"},"canonical":"https:\/\/vitablanca.ma\/ar\/product-2\/swanson-saww-palmetto-a-spectre-complet-540-mg-250-capsules-maroc\/","og_locale":"ar_AR","og_type":"article","og_title":"Swanson Saw Palmetto , 540 mg, 250 capsules - Maroc Prix","og_description":"Achetez Swanson Saw Palmetto 540 mg (250 capsules) au Maroc. Soutien naturel et complet pour la sant\u00e9 de la prostate et la fonction urinaire masculine.","og_url":"https:\/\/vitablanca.ma\/ar\/product-2\/swanson-saww-palmetto-a-spectre-complet-540-mg-250-capsules-maroc\/","og_site_name":"Vitablanca.ma &ndash; Sant&eacute;, vitalit&eacute; et bien-&ecirc;tre pour tous les Marocains","article_publisher":"https:\/\/www.facebook.com\/profile.php?id=61576678196717","article_modified_time":"2026-03-24T20:30:07+00:00","og_image":[{"width":680,"height":680,"url":"https:\/\/vitablanca.ma\/wp-content\/uploads\/2025\/06\/swanson-saww-palmetto-a-spectre-complet-540-mg-250-capsules.jpg","type":"image\/jpeg"}],"twitter_card":"summary_large_image","twitter_misc":{"\u0648\u0642\u062a \u0627\u0644\u0642\u0631\u0627\u0621\u0629 \u0627\u0644\u0645\u064f\u0642\u062f\u0651\u0631":"\u062f\u0642\u064a\u0642\u0629 \u0648\u0627\u062d\u062f\u0629"},"schema":{"@context":"https:\/\/schema.org","@graph":[{"@type":["WebPage","ItemPage"],"@id":"https:\/\/vitablanca.ma\/produit\/swanson-saww-palmetto-a-spectre-complet-540-mg-250-capsules-maroc\/","url":"https:\/\/vitablanca.ma\/produit\/swanson-saww-palmetto-a-spectre-complet-540-mg-250-capsules-maroc\/","name":"Swanson Saw Palmetto , 540 mg, 250 capsules - Maroc Prix","isPartOf":{"@id":"https:\/\/vitablanca.ma\/#website"},"primaryImageOfPage":{"@id":"https:\/\/vitablanca.ma\/produit\/swanson-saww-palmetto-a-spectre-complet-540-mg-250-capsules-maroc\/#primaryimage"},"image":{"@id":"https:\/\/vitablanca.ma\/produit\/swanson-saww-palmetto-a-spectre-complet-540-mg-250-capsules-maroc\/#primaryimage"},"thumbnailUrl":"https:\/\/vitablanca.ma\/wp-content\/uploads\/2025\/06\/swanson-saww-palmetto-a-spectre-complet-540-mg-250-capsules.jpg","datePublished":"2025-06-01T16:37:13+00:00","dateModified":"2026-03-24T20:30:07+00:00","description":"Achetez Swanson Saw Palmetto 540 mg (250 capsules) au Maroc. Soutien naturel et complet pour la sant\u00e9 de la prostate et la fonction urinaire masculine.","breadcrumb":{"@id":"https:\/\/vitablanca.ma\/produit\/swanson-saww-palmetto-a-spectre-complet-540-mg-250-capsules-maroc\/#breadcrumb"},"inLanguage":"ar","potentialAction":[{"@type":"ReadAction","target":["https:\/\/vitablanca.ma\/produit\/swanson-saww-palmetto-a-spectre-complet-540-mg-250-capsules-maroc\/"]}]},{"@type":"ImageObject","inLanguage":"ar","@id":"https:\/\/vitablanca.ma\/produit\/swanson-saww-palmetto-a-spectre-complet-540-mg-250-capsules-maroc\/#primaryimage","url":"https:\/\/vitablanca.ma\/wp-content\/uploads\/2025\/06\/swanson-saww-palmetto-a-spectre-complet-540-mg-250-capsules.jpg","contentUrl":"https:\/\/vitablanca.ma\/wp-content\/uploads\/2025\/06\/swanson-saww-palmetto-a-spectre-complet-540-mg-250-capsules.jpg","width":680,"height":680},{"@type":"BreadcrumbList","@id":"https:\/\/vitablanca.ma\/produit\/swanson-saww-palmetto-a-spectre-complet-540-mg-250-capsules-maroc\/#breadcrumb","itemListElement":[{"@type":"ListItem","position":1,"name":"Home","item":"https:\/\/vitablanca.ma\/"},{"@type":"ListItem","position":2,"name":"Tous Les Produits","item":"https:\/\/vitablanca.ma\/tous-les-produits\/"},{"@type":"ListItem","position":3,"name":"Swanson Saw Palmetto \u00e0 spectre complet, 540 mg, 250 capsules"}]},{"@type":"WebSite","@id":"https:\/\/vitablanca.ma\/#website","url":"https:\/\/vitablanca.ma\/","name":"VitaBlanca.ma | \u0627\u0644\u0645\u0643\u0645\u0644\u0627\u062a \u0627\u0644\u063a\u0630\u0627\u0626\u064a\u0629\u060c \u0627\u0644\u0635\u062d\u0629 \u0648\u0627\u0644\u062c\u0645\u0627\u0644 \u0641\u064a \u0627\u0644\u0645\u063a\u0631\u0628","description":"\u0646\u0628\u064a\u0639 \u0641\u064a\u062a\u0627\u0645\u064a\u0646\u0627\u062a \u0648\u0645\u0643\u0645\u0644\u0627\u062a \u063a\u0630\u0627\u0626\u064a\u0629 \u0641\u0627\u062e\u0631\u0629 \u0645\u0646 \u0627\u0644\u0648\u0644\u0627\u064a\u0627\u062a \u0627\u0644\u0645\u062a\u062d\u062f\u0629 \u0627\u0644\u0623\u0645\u0631\u064a\u0643\u064a\u0629 \u0648\u0643\u0646\u062f\u0627 \u0648\u0646\u064a\u0648\u0632\u064a\u0644\u0646\u062f\u0627 \u0648\u0627\u0644\u0645\u063a\u0631\u0628 (\u0646\u0627\u0648 \u0641\u0648\u062f\u0632\u060c \u0633\u0648\u0644\u062c\u0627\u0631\u060c \u0645\u0627\u0646\u0648\u0643\u0627). \u062a\u0648\u0635\u064a\u0644 \u0633\u0631\u064a\u0639 \u0625\u0644\u0649 \u062c\u0645\u064a\u0639 \u0623\u0646\u062d\u0627\u0621 \u0627\u0644\u0645\u063a\u0631\u0628.","publisher":{"@id":"https:\/\/vitablanca.ma\/#organization"},"alternateName":"VitaBlanca.ma","potentialAction":[{"@type":"SearchAction","target":{"@type":"EntryPoint","urlTemplate":"https:\/\/vitablanca.ma\/?s={search_term_string}"},"query-input":{"@type":"PropertyValueSpecification","valueRequired":true,"valueName":"search_term_string"}}],"inLanguage":"ar"},{"@type":"Organization","@id":"https:\/\/vitablanca.ma\/#organization","name":"\u0641\u064a\u062a\u0627\u0628\u0644\u0627\u0646\u0643\u0627","url":"https:\/\/vitablanca.ma\/","logo":{"@type":"ImageObject","inLanguage":"ar","@id":"https:\/\/vitablanca.ma\/#\/schema\/logo\/image\/","url":"https:\/\/vitablanca.ma\/wp-content\/uploads\/2025\/05\/cropped-vitablanca.png","contentUrl":"https:\/\/vitablanca.ma\/wp-content\/uploads\/2025\/05\/cropped-vitablanca.png","width":360,"height":67,"caption":"VitaBlanca"},"image":{"@id":"https:\/\/vitablanca.ma\/#\/schema\/logo\/image\/"},"sameAs":["https:\/\/www.facebook.com\/profile.php?id=61576678196717","https:\/\/www.tiktok.com\/@vitablanca.ma","https:\/\/www.instagram.com\/vitablanca.ma\/"]}]}},"jetpack_sharing_enabled":true,"_links":{"self":[{"href":"https:\/\/vitablanca.ma\/ar\/wp-json\/wp\/v2\/product\/14096","targetHints":{"allow":["GET"]}}],"collection":[{"href":"https:\/\/vitablanca.ma\/ar\/wp-json\/wp\/v2\/product"}],"about":[{"href":"https:\/\/vitablanca.ma\/ar\/wp-json\/wp\/v2\/types\/product"}],"wp:featuredmedia":[{"embeddable":true,"href":"https:\/\/vitablanca.ma\/ar\/wp-json\/wp\/v2\/media\/14097"}],"wp:attachment":[{"href":"https:\/\/vitablanca.ma\/ar\/wp-json\/wp\/v2\/media?parent=14096"}],"wp:term":[{"taxonomy":"product_brand","embeddable":true,"href":"https:\/\/vitablanca.ma\/ar\/wp-json\/wp\/v2\/product_brand?post=14096"},{"taxonomy":"product_cat","embeddable":true,"href":"https:\/\/vitablanca.ma\/ar\/wp-json\/wp\/v2\/product_cat?post=14096"},{"taxonomy":"product_tag","embeddable":true,"href":"https:\/\/vitablanca.ma\/ar\/wp-json\/wp\/v2\/product_tag?post=14096"}],"curies":[{"name":"wp","href":"https:\/\/api.w.org\/{rel}","templated":true}]}}