{"id":14063,"date":"2025-06-01T01:06:31","date_gmt":"2025-06-01T01:06:31","guid":{"rendered":"https:\/\/vitablanca.ma\/?post_type=product&#038;p=14063"},"modified":"2025-12-03T19:06:13","modified_gmt":"2025-12-03T19:06:13","slug":"life-extension-extrait-de-curcuma-curcumin-elite-30-capsules-vegetariennes-maroc","status":"publish","type":"product","link":"https:\/\/vitablanca.ma\/ar\/product-2\/life-extension-extrait-de-curcuma-curcumin-elite-30-capsules-vegetariennes-maroc\/","title":{"rendered":"\u0643\u0631\u0643\u0645\u064a\u0646 \u0625\u0644\u064a\u062a \u0645\u0646 \u0644\u0627\u064a\u0641 \u0625\u0643\u0633\u062a\u0646\u0634\u0646\u060c \u0645\u0633\u062a\u062e\u0644\u0635 \u0627\u0644\u0643\u0631\u0643\u0645\u060c 30 \u0643\u0628\u0633\u0648\u0644\u0629"},"content":{"rendered":"<p>Les avantages de la racine de curcuma proviennent de compos\u00e9s appel\u00e9s curcumino\u00efdes. Les \u00ab\u00a0libres\u00a0\u00bb que votre corps peut utiliser sont difficiles \u00e0 obtenir, m\u00eame \u00e0 partir des meilleurs extraits de curcuma. Curcumin Elite, propri\u00e9t\u00e9 exclusive de Life Extension , est formul\u00e9 de mani\u00e8re \u00e0 fournir 45.5 fois plus de curcumino\u00efdes libres biodisponibles (et 270 fois une meilleure absorption des curcumino\u00efdes totaux) que curcumine standard. Parce que la biodisponibilit\u00e9 est meilleure pour la sant\u00e9, Curcumin Elite procure plus d&rsquo;avantages pour la sant\u00e9 de votre c\u0153ur, de votre esprit, de vos articulations, de votre syst\u00e8me immunitaire et au-del\u00e0.<a href=\"https:\/\/www.jumia.ma\/customer\/account\/login\/?tkWl=LI295DV0XIO6INAFAMZ-45880343&amp;return=%2Flife-extension-extrait-de-curcuma-curcumin-elite-30-capsules-vegetariennes-47489265.html\"><\/a><\/p>","protected":false},"excerpt":{"rendered":"<ul>\n<li>Les compos\u00e9s de curcumino\u00efdes libres sont ce qui donne \u00e0 la curcumine ses bienfaits sur la sant\u00e9<\/li>\n<li>Life Extension offre 45 fois plus de curcumino\u00efdes gratuits biodisponibles que la curcumine standard<\/li>\n<li>Absorbe 270 fois mieux les curcumino\u00efdes totaux que la curcumine standard<\/li>\n<li>Aide \u00e0 inhiber les facteurs inflammatoires pour am\u00e9liorer la sant\u00e9 des articulations et des organes<\/li>\n<li>Fournit une protection cellulaire antioxydante et favorise la sant\u00e9 cardiovasculaire<\/li>\n<li>Soutient \u00e9galement le cerveau, le syst\u00e8me immunitaire et la sant\u00e9 du foie<\/li>\n<li>Plus d&rsquo;informations sur Curcumin Elite Curcuma Extract<\/li>\n<\/ul>","protected":false},"featured_media":14064,"template":"","meta":{"om_disable_all_campaigns":false},"product_brand":[],"product_cat":[18,3366,172,104,19],"product_tag":[1867,1868,1864,1863,1866,1865,220,1862],"class_list":{"0":"post-14063","1":"product","2":"type-product","3":"status-publish","4":"has-post-thumbnail","6":"product_cat-beaute-sante","7":"product_cat-complements-alimentaires-au-maroc-vitablanca","8":"product_cat-curcumine","9":"product_cat-supplements-a-base-de-plantes","10":"product_cat-vitamines-supplements-dietetiques","11":"product_tag-30-capsules-vegetariennes-faciles-a-avaler","12":"product_tag-convient-aux-regimes-vegetariens","13":"product_tag-extrait-de-curcuma-hautement-biodisponible","14":"product_tag-formule-curcumin-elite-brevetee","15":"product_tag-gluten-ni-conservateurs","16":"product_tag-puissant-antioxydant-naturel","17":"product_tag-sans-ogm","18":"product_tag-soutient-la-sante-articulaire-et-cardiovasculaire","20":"first","21":"instock","22":"sale","23":"taxable","24":"shipping-taxable","25":"purchasable","26":"product-type-simple"},"yoast_head":"<!-- This site is optimized with the Yoast SEO plugin v27.4 - https:\/\/yoast.com\/product\/yoast-seo-wordpress\/ -->\n<title>Life Extension Curcumin Elite, Extrait de curcuma - Maroc Prix<\/title>\n<meta name=\"description\" content=\"Achetez Life Extension Curcumin Elite (30 capsules) au Maroc. Curcumine \u00e0 absorption 45x sup\u00e9rieure pour un puissant soutien anti-inflamm\" \/>\n<meta name=\"robots\" content=\"index, follow, max-snippet:-1, max-image-preview:large, max-video-preview:-1\" \/>\n<link rel=\"canonical\" href=\"https:\/\/vitablanca.ma\/ar\/product-2\/life-extension-extrait-de-curcuma-curcumin-elite-30-capsules-vegetariennes-maroc\/\" \/>\n<meta property=\"og:locale\" content=\"ar_AR\" \/>\n<meta property=\"og:type\" content=\"article\" \/>\n<meta property=\"og:title\" content=\"Life Extension Curcumin Elite, Extrait de curcuma - Maroc Prix\" \/>\n<meta property=\"og:description\" content=\"Achetez Life Extension Curcumin Elite (30 capsules) au Maroc. Curcumine \u00e0 absorption 45x sup\u00e9rieure pour un puissant soutien anti-inflamm\" \/>\n<meta property=\"og:url\" content=\"https:\/\/vitablanca.ma\/ar\/product-2\/life-extension-extrait-de-curcuma-curcumin-elite-30-capsules-vegetariennes-maroc\/\" \/>\n<meta property=\"og:site_name\" content=\"Vitablanca.ma &ndash; Sant&eacute;, vitalit&eacute; et bien-&ecirc;tre pour tous les Marocains\" \/>\n<meta property=\"article:publisher\" content=\"https:\/\/www.facebook.com\/profile.php?id=61576678196717\" \/>\n<meta property=\"article:modified_time\" content=\"2025-12-03T19:06:13+00:00\" \/>\n<meta property=\"og:image\" content=\"https:\/\/vitablanca.ma\/wp-content\/uploads\/2025\/06\/life-extension-extrait-de-curcuma-curcumin-elite-30-capsules-vegetariennes-.jpg\" \/>\n\t<meta property=\"og:image:width\" content=\"680\" \/>\n\t<meta property=\"og:image:height\" content=\"680\" \/>\n\t<meta property=\"og:image:type\" content=\"image\/jpeg\" \/>\n<meta name=\"twitter:card\" content=\"summary_large_image\" \/>\n<meta name=\"twitter:label1\" content=\"\u0648\u0642\u062a \u0627\u0644\u0642\u0631\u0627\u0621\u0629 \u0627\u0644\u0645\u064f\u0642\u062f\u0651\u0631\" \/>\n\t<meta name=\"twitter:data1\" content=\"\u062f\u0642\u064a\u0642\u0629 \u0648\u0627\u062d\u062f\u0629\" \/>\n<script type=\"application\/ld+json\" class=\"yoast-schema-graph\">{\"@context\":\"https:\\\/\\\/schema.org\",\"@graph\":[{\"@type\":[\"WebPage\",\"ItemPage\"],\"@id\":\"https:\\\/\\\/vitablanca.ma\\\/produit\\\/life-extension-extrait-de-curcuma-curcumin-elite-30-capsules-vegetariennes-maroc\\\/\",\"url\":\"https:\\\/\\\/vitablanca.ma\\\/produit\\\/life-extension-extrait-de-curcuma-curcumin-elite-30-capsules-vegetariennes-maroc\\\/\",\"name\":\"Life Extension Curcumin Elite, Extrait de curcuma - Maroc Prix\",\"isPartOf\":{\"@id\":\"https:\\\/\\\/vitablanca.ma\\\/#website\"},\"primaryImageOfPage\":{\"@id\":\"https:\\\/\\\/vitablanca.ma\\\/produit\\\/life-extension-extrait-de-curcuma-curcumin-elite-30-capsules-vegetariennes-maroc\\\/#primaryimage\"},\"image\":{\"@id\":\"https:\\\/\\\/vitablanca.ma\\\/produit\\\/life-extension-extrait-de-curcuma-curcumin-elite-30-capsules-vegetariennes-maroc\\\/#primaryimage\"},\"thumbnailUrl\":\"https:\\\/\\\/vitablanca.ma\\\/wp-content\\\/uploads\\\/2025\\\/06\\\/life-extension-extrait-de-curcuma-curcumin-elite-30-capsules-vegetariennes-.jpg\",\"datePublished\":\"2025-06-01T01:06:31+00:00\",\"dateModified\":\"2025-12-03T19:06:13+00:00\",\"description\":\"Achetez Life Extension Curcumin Elite (30 capsules) au Maroc. Curcumine \u00e0 absorption 45x sup\u00e9rieure pour un puissant soutien anti-inflamm\",\"breadcrumb\":{\"@id\":\"https:\\\/\\\/vitablanca.ma\\\/produit\\\/life-extension-extrait-de-curcuma-curcumin-elite-30-capsules-vegetariennes-maroc\\\/#breadcrumb\"},\"inLanguage\":\"ar\",\"potentialAction\":[{\"@type\":\"ReadAction\",\"target\":[\"https:\\\/\\\/vitablanca.ma\\\/produit\\\/life-extension-extrait-de-curcuma-curcumin-elite-30-capsules-vegetariennes-maroc\\\/\"]}]},{\"@type\":\"ImageObject\",\"inLanguage\":\"ar\",\"@id\":\"https:\\\/\\\/vitablanca.ma\\\/produit\\\/life-extension-extrait-de-curcuma-curcumin-elite-30-capsules-vegetariennes-maroc\\\/#primaryimage\",\"url\":\"https:\\\/\\\/vitablanca.ma\\\/wp-content\\\/uploads\\\/2025\\\/06\\\/life-extension-extrait-de-curcuma-curcumin-elite-30-capsules-vegetariennes-.jpg\",\"contentUrl\":\"https:\\\/\\\/vitablanca.ma\\\/wp-content\\\/uploads\\\/2025\\\/06\\\/life-extension-extrait-de-curcuma-curcumin-elite-30-capsules-vegetariennes-.jpg\",\"width\":680,\"height\":680},{\"@type\":\"BreadcrumbList\",\"@id\":\"https:\\\/\\\/vitablanca.ma\\\/produit\\\/life-extension-extrait-de-curcuma-curcumin-elite-30-capsules-vegetariennes-maroc\\\/#breadcrumb\",\"itemListElement\":[{\"@type\":\"ListItem\",\"position\":1,\"name\":\"Home\",\"item\":\"https:\\\/\\\/vitablanca.ma\\\/\"},{\"@type\":\"ListItem\",\"position\":2,\"name\":\"Tous Les Produits\",\"item\":\"https:\\\/\\\/vitablanca.ma\\\/tous-les-produits\\\/\"},{\"@type\":\"ListItem\",\"position\":3,\"name\":\"Life Extension Curcumin Elite, Extrait de curcuma 30 capsules\"}]},{\"@type\":\"WebSite\",\"@id\":\"https:\\\/\\\/vitablanca.ma\\\/#website\",\"url\":\"https:\\\/\\\/vitablanca.ma\\\/\",\"name\":\"VitaBlanca.ma | Compl\u00e9ments alimentaires, sant\u00e9 & beaut\u00e9 au Maroc\",\"description\":\"vendre vitamines et compl\u00e9ments premium des USA &amp; Canada, Nouvelle Z\u00e9lande,Maroc (NOW Foods, Solgar, Manuka). Livraison rapide partout au Maroc.\",\"publisher\":{\"@id\":\"https:\\\/\\\/vitablanca.ma\\\/#organization\"},\"alternateName\":\"VitaBlanca.ma\",\"potentialAction\":[{\"@type\":\"SearchAction\",\"target\":{\"@type\":\"EntryPoint\",\"urlTemplate\":\"https:\\\/\\\/vitablanca.ma\\\/?s={search_term_string}\"},\"query-input\":{\"@type\":\"PropertyValueSpecification\",\"valueRequired\":true,\"valueName\":\"search_term_string\"}}],\"inLanguage\":\"ar\"},{\"@type\":\"Organization\",\"@id\":\"https:\\\/\\\/vitablanca.ma\\\/#organization\",\"name\":\"VitaBlanca\",\"url\":\"https:\\\/\\\/vitablanca.ma\\\/\",\"logo\":{\"@type\":\"ImageObject\",\"inLanguage\":\"ar\",\"@id\":\"https:\\\/\\\/vitablanca.ma\\\/#\\\/schema\\\/logo\\\/image\\\/\",\"url\":\"https:\\\/\\\/vitablanca.ma\\\/wp-content\\\/uploads\\\/2025\\\/05\\\/cropped-vitablanca.png\",\"contentUrl\":\"https:\\\/\\\/vitablanca.ma\\\/wp-content\\\/uploads\\\/2025\\\/05\\\/cropped-vitablanca.png\",\"width\":360,\"height\":67,\"caption\":\"VitaBlanca\"},\"image\":{\"@id\":\"https:\\\/\\\/vitablanca.ma\\\/#\\\/schema\\\/logo\\\/image\\\/\"},\"sameAs\":[\"https:\\\/\\\/www.facebook.com\\\/profile.php?id=61576678196717\",\"https:\\\/\\\/www.tiktok.com\\\/@vitablanca.ma\",\"https:\\\/\\\/www.instagram.com\\\/vitablanca.ma\\\/\"]}]}<\/script>\n<!-- \/ Yoast SEO plugin. -->","yoast_head_json":{"title":"Life Extension Curcumin Elite, Extrait de curcuma - Maroc Prix","description":"Achetez Life Extension Curcumin Elite (30 capsules) au Maroc. Curcumine \u00e0 absorption 45x sup\u00e9rieure pour un puissant soutien anti-inflamm","robots":{"index":"index","follow":"follow","max-snippet":"max-snippet:-1","max-image-preview":"max-image-preview:large","max-video-preview":"max-video-preview:-1"},"canonical":"https:\/\/vitablanca.ma\/ar\/product-2\/life-extension-extrait-de-curcuma-curcumin-elite-30-capsules-vegetariennes-maroc\/","og_locale":"ar_AR","og_type":"article","og_title":"Life Extension Curcumin Elite, Extrait de curcuma - Maroc Prix","og_description":"Achetez Life Extension Curcumin Elite (30 capsules) au Maroc. Curcumine \u00e0 absorption 45x sup\u00e9rieure pour un puissant soutien anti-inflamm","og_url":"https:\/\/vitablanca.ma\/ar\/product-2\/life-extension-extrait-de-curcuma-curcumin-elite-30-capsules-vegetariennes-maroc\/","og_site_name":"Vitablanca.ma &ndash; Sant&eacute;, vitalit&eacute; et bien-&ecirc;tre pour tous les Marocains","article_publisher":"https:\/\/www.facebook.com\/profile.php?id=61576678196717","article_modified_time":"2025-12-03T19:06:13+00:00","og_image":[{"width":680,"height":680,"url":"https:\/\/vitablanca.ma\/wp-content\/uploads\/2025\/06\/life-extension-extrait-de-curcuma-curcumin-elite-30-capsules-vegetariennes-.jpg","type":"image\/jpeg"}],"twitter_card":"summary_large_image","twitter_misc":{"\u0648\u0642\u062a \u0627\u0644\u0642\u0631\u0627\u0621\u0629 \u0627\u0644\u0645\u064f\u0642\u062f\u0651\u0631":"\u062f\u0642\u064a\u0642\u0629 \u0648\u0627\u062d\u062f\u0629"},"schema":{"@context":"https:\/\/schema.org","@graph":[{"@type":["WebPage","ItemPage"],"@id":"https:\/\/vitablanca.ma\/produit\/life-extension-extrait-de-curcuma-curcumin-elite-30-capsules-vegetariennes-maroc\/","url":"https:\/\/vitablanca.ma\/produit\/life-extension-extrait-de-curcuma-curcumin-elite-30-capsules-vegetariennes-maroc\/","name":"Life Extension Curcumin Elite, Extrait de curcuma - Maroc Prix","isPartOf":{"@id":"https:\/\/vitablanca.ma\/#website"},"primaryImageOfPage":{"@id":"https:\/\/vitablanca.ma\/produit\/life-extension-extrait-de-curcuma-curcumin-elite-30-capsules-vegetariennes-maroc\/#primaryimage"},"image":{"@id":"https:\/\/vitablanca.ma\/produit\/life-extension-extrait-de-curcuma-curcumin-elite-30-capsules-vegetariennes-maroc\/#primaryimage"},"thumbnailUrl":"https:\/\/vitablanca.ma\/wp-content\/uploads\/2025\/06\/life-extension-extrait-de-curcuma-curcumin-elite-30-capsules-vegetariennes-.jpg","datePublished":"2025-06-01T01:06:31+00:00","dateModified":"2025-12-03T19:06:13+00:00","description":"Achetez Life Extension Curcumin Elite (30 capsules) au Maroc. Curcumine \u00e0 absorption 45x sup\u00e9rieure pour un puissant soutien anti-inflamm","breadcrumb":{"@id":"https:\/\/vitablanca.ma\/produit\/life-extension-extrait-de-curcuma-curcumin-elite-30-capsules-vegetariennes-maroc\/#breadcrumb"},"inLanguage":"ar","potentialAction":[{"@type":"ReadAction","target":["https:\/\/vitablanca.ma\/produit\/life-extension-extrait-de-curcuma-curcumin-elite-30-capsules-vegetariennes-maroc\/"]}]},{"@type":"ImageObject","inLanguage":"ar","@id":"https:\/\/vitablanca.ma\/produit\/life-extension-extrait-de-curcuma-curcumin-elite-30-capsules-vegetariennes-maroc\/#primaryimage","url":"https:\/\/vitablanca.ma\/wp-content\/uploads\/2025\/06\/life-extension-extrait-de-curcuma-curcumin-elite-30-capsules-vegetariennes-.jpg","contentUrl":"https:\/\/vitablanca.ma\/wp-content\/uploads\/2025\/06\/life-extension-extrait-de-curcuma-curcumin-elite-30-capsules-vegetariennes-.jpg","width":680,"height":680},{"@type":"BreadcrumbList","@id":"https:\/\/vitablanca.ma\/produit\/life-extension-extrait-de-curcuma-curcumin-elite-30-capsules-vegetariennes-maroc\/#breadcrumb","itemListElement":[{"@type":"ListItem","position":1,"name":"Home","item":"https:\/\/vitablanca.ma\/"},{"@type":"ListItem","position":2,"name":"Tous Les Produits","item":"https:\/\/vitablanca.ma\/tous-les-produits\/"},{"@type":"ListItem","position":3,"name":"Life Extension Curcumin Elite, Extrait de curcuma 30 capsules"}]},{"@type":"WebSite","@id":"https:\/\/vitablanca.ma\/#website","url":"https:\/\/vitablanca.ma\/","name":"VitaBlanca.ma | \u0627\u0644\u0645\u0643\u0645\u0644\u0627\u062a \u0627\u0644\u063a\u0630\u0627\u0626\u064a\u0629\u060c \u0627\u0644\u0635\u062d\u0629 \u0648\u0627\u0644\u062c\u0645\u0627\u0644 \u0641\u064a \u0627\u0644\u0645\u063a\u0631\u0628","description":"\u0646\u0628\u064a\u0639 \u0641\u064a\u062a\u0627\u0645\u064a\u0646\u0627\u062a \u0648\u0645\u0643\u0645\u0644\u0627\u062a \u063a\u0630\u0627\u0626\u064a\u0629 \u0641\u0627\u062e\u0631\u0629 \u0645\u0646 \u0627\u0644\u0648\u0644\u0627\u064a\u0627\u062a \u0627\u0644\u0645\u062a\u062d\u062f\u0629 \u0627\u0644\u0623\u0645\u0631\u064a\u0643\u064a\u0629 \u0648\u0643\u0646\u062f\u0627 \u0648\u0646\u064a\u0648\u0632\u064a\u0644\u0646\u062f\u0627 \u0648\u0627\u0644\u0645\u063a\u0631\u0628 (\u0646\u0627\u0648 \u0641\u0648\u062f\u0632\u060c \u0633\u0648\u0644\u062c\u0627\u0631\u060c \u0645\u0627\u0646\u0648\u0643\u0627). \u062a\u0648\u0635\u064a\u0644 \u0633\u0631\u064a\u0639 \u0625\u0644\u0649 \u062c\u0645\u064a\u0639 \u0623\u0646\u062d\u0627\u0621 \u0627\u0644\u0645\u063a\u0631\u0628.","publisher":{"@id":"https:\/\/vitablanca.ma\/#organization"},"alternateName":"VitaBlanca.ma","potentialAction":[{"@type":"SearchAction","target":{"@type":"EntryPoint","urlTemplate":"https:\/\/vitablanca.ma\/?s={search_term_string}"},"query-input":{"@type":"PropertyValueSpecification","valueRequired":true,"valueName":"search_term_string"}}],"inLanguage":"ar"},{"@type":"Organization","@id":"https:\/\/vitablanca.ma\/#organization","name":"\u0641\u064a\u062a\u0627\u0628\u0644\u0627\u0646\u0643\u0627","url":"https:\/\/vitablanca.ma\/","logo":{"@type":"ImageObject","inLanguage":"ar","@id":"https:\/\/vitablanca.ma\/#\/schema\/logo\/image\/","url":"https:\/\/vitablanca.ma\/wp-content\/uploads\/2025\/05\/cropped-vitablanca.png","contentUrl":"https:\/\/vitablanca.ma\/wp-content\/uploads\/2025\/05\/cropped-vitablanca.png","width":360,"height":67,"caption":"VitaBlanca"},"image":{"@id":"https:\/\/vitablanca.ma\/#\/schema\/logo\/image\/"},"sameAs":["https:\/\/www.facebook.com\/profile.php?id=61576678196717","https:\/\/www.tiktok.com\/@vitablanca.ma","https:\/\/www.instagram.com\/vitablanca.ma\/"]}]}},"jetpack_sharing_enabled":true,"_links":{"self":[{"href":"https:\/\/vitablanca.ma\/ar\/wp-json\/wp\/v2\/product\/14063","targetHints":{"allow":["GET"]}}],"collection":[{"href":"https:\/\/vitablanca.ma\/ar\/wp-json\/wp\/v2\/product"}],"about":[{"href":"https:\/\/vitablanca.ma\/ar\/wp-json\/wp\/v2\/types\/product"}],"wp:featuredmedia":[{"embeddable":true,"href":"https:\/\/vitablanca.ma\/ar\/wp-json\/wp\/v2\/media\/14064"}],"wp:attachment":[{"href":"https:\/\/vitablanca.ma\/ar\/wp-json\/wp\/v2\/media?parent=14063"}],"wp:term":[{"taxonomy":"product_brand","embeddable":true,"href":"https:\/\/vitablanca.ma\/ar\/wp-json\/wp\/v2\/product_brand?post=14063"},{"taxonomy":"product_cat","embeddable":true,"href":"https:\/\/vitablanca.ma\/ar\/wp-json\/wp\/v2\/product_cat?post=14063"},{"taxonomy":"product_tag","embeddable":true,"href":"https:\/\/vitablanca.ma\/ar\/wp-json\/wp\/v2\/product_tag?post=14063"}],"curies":[{"name":"wp","href":"https:\/\/api.w.org\/{rel}","templated":true}]}}