{"id":14057,"date":"2025-05-31T23:41:10","date_gmt":"2025-05-31T23:41:10","guid":{"rendered":"https:\/\/vitablanca.ma\/?post_type=product&#038;p=14057"},"modified":"2025-12-03T21:31:30","modified_gmt":"2025-12-03T21:31:30","slug":"solaray-extrait-de-fruit-du-garcinia-cambogia-500-mg-60-capsules-vegetariennes-maroc","status":"publish","type":"product","link":"https:\/\/vitablanca.ma\/ar\/product-2\/solaray-extrait-de-fruit-du-garcinia-cambogia-500-mg-60-capsules-vegetariennes-maroc\/","title":{"rendered":"\u0645\u0633\u062a\u062e\u0644\u0635 \u062b\u0645\u0631\u0629 \u063a\u0627\u0631\u0633\u064a\u0646\u064a\u0627 \u0643\u0627\u0645\u0628\u0648\u062c\u064a\u0627 \u0645\u0646 \u0633\u0648\u0644\u0627\u0631\u0627\u064a\u060c \u0665\u0660\u0660 \u0645\u0644\u063a\u060c \u0666\u0660 \u0643\u0628\u0633\u0648\u0644\u0629 \u0646\u0628\u0627\u062a\u064a\u0629"},"content":{"rendered":"<p>Originaire d\u2019Indon\u00e9sie, le garcinia cambogia, \u00e9galement connu sous le nom de tamarin malabar, est un arbre \u00e0 feuilles persistantes en fleurs de la famille des garcinia. Le fruit, connu pour son go\u00fbt aigre-doux distinct, a une longue histoire d\u2019utilisation dans toute l\u2019Asie \u00e0 la fois comme aliment et comme m\u00e9dicamente. Le fruit de Garcinia cambogia contient le compos\u00e9 v\u00e9g\u00e9tal connu sous le nom d\u2019acide hydroxycitrique, consid\u00e9r\u00e9 comme la source de ses bienfaits r\u00e9put\u00e9s pour la sant\u00e9.<\/p>\n\n\n\n<p>Garcinia Cambogia de Solaray est un merveilleux suppl\u00e9ment \u00e0 base d\u2019extrait de Garcinia Cambogia, un fruit asiatique aux propri\u00e9t\u00e9s tr\u00e8s b\u00e9n\u00e9fiques pour ceux qui veulent perdre du poids de la mani\u00e8re la plus naturelle possible, car il aide \u00e0 supprimer l\u2019app\u00e9tit et pr\u00e9venir l\u2019accumulation de graisse dans le corps, vous donnant la forme que vous voulez plus rapidement.<a href=\"https:\/\/www.jumia.ma\/customer\/account\/login\/?tkWl=SO243DV0IUUN7NAFAMZ-34576096&return=%2Fextrait-de-fruit-du-garcinia-cambogia-500-mg-60-capsules-vegetariennes-solaray-mpg931117.html\"><\/a><\/p>","protected":false},"excerpt":{"rendered":"<ul>\n<li>\u062e\u0627\u0644\u064a\u0629 \u0645\u0646 \u0627\u0644\u0643\u0627\u0626\u0646\u0627\u062a \u0627\u0644\u0645\u0639\u062f\u0644\u0629 \u0648\u0631\u0627\u062b\u064a\u064b\u0627<\/li>\n<li>100% \u0646\u0628\u0627\u062a\u064a<\/li>\n<li>\u0645\u0643\u0645\u0644 \u063a\u0630\u0627\u0626\u064a<\/li>\n<li>\u062d\u0645\u0636 \u0627\u0644\u0647\u064a\u062f\u0631\u0648\u0643\u0633\u064a \u0633\u064a\u062a\u0631\u064a\u0643 50%<\/li>\n<li>\u0642\u0648\u0629 \u0645\u0636\u0645\u0648\u0646\u0629<\/li>\n<li>\u062a\u0645 \u0627\u0644\u062a\u062d\u0642\u0642 \u0645\u0646 \u0627\u0644\u0645\u062e\u062a\u0628\u0631<\/li>\n<\/ul>","protected":false},"featured_media":14058,"template":"","meta":{"om_disable_all_campaigns":false},"product_brand":[673],"product_cat":[18,3366,19],"product_tag":[1848,1849,1846,1851,1850,1845,2831,1847],"class_list":{"0":"post-14057","1":"product","2":"type-product","3":"status-publish","4":"has-post-thumbnail","6":"product_brand-solaray-maroc-prix","7":"product_cat-beaute-sante","8":"product_cat-complements-alimentaires-au-maroc-vitablanca","9":"product_cat-vitamines-supplements-dietetiques","10":"product_tag-bruleur-de-graisse-naturel-maroc","11":"product_tag-complement-minceur-maroc","12":"product_tag-controle-de-lappetit-maroc","13":"product_tag-garcinia-500-mg-maroc","14":"product_tag-garcinia-cambogia-maroc","15":"product_tag-perte-de-poids-maroc","16":"product_tag-solaray","17":"product_tag-solaray-maroc","19":"first","20":"instock","21":"sale","22":"taxable","23":"shipping-taxable","24":"purchasable","25":"product-type-simple"},"yoast_head":"<!-- This site is optimized with the Yoast SEO plugin v27.5 - https:\/\/yoast.com\/product\/yoast-seo-wordpress\/ -->\n<title>Solaray Extrait de fruit du Garcinia Cambogia, 500 mg - Maroc Prix<\/title>\n<meta name=\"description\" content=\"Achetez Solaray Garcinia Cambogia 500 mg (60 capsules) Maroc. Soutien naturel pour la gestion du poids, r\u00e9duction de l&#039;app\u00e9tit et m\u00e9tabolisme des graisses.\" \/>\n<meta name=\"robots\" content=\"index, follow, max-snippet:-1, max-image-preview:large, max-video-preview:-1\" \/>\n<link rel=\"canonical\" href=\"https:\/\/vitablanca.ma\/ar\/product-2\/solaray-extrait-de-fruit-du-garcinia-cambogia-500-mg-60-capsules-vegetariennes-maroc\/\" \/>\n<meta property=\"og:locale\" content=\"ar_AR\" \/>\n<meta property=\"og:type\" content=\"article\" \/>\n<meta property=\"og:title\" content=\"Solaray Extrait de fruit du Garcinia Cambogia, 500 mg - Maroc Prix\" \/>\n<meta property=\"og:description\" content=\"Achetez Solaray Garcinia Cambogia 500 mg (60 capsules) Maroc. Soutien naturel pour la gestion du poids, r\u00e9duction de l&#039;app\u00e9tit et m\u00e9tabolisme des graisses.\" \/>\n<meta property=\"og:url\" content=\"https:\/\/vitablanca.ma\/ar\/product-2\/solaray-extrait-de-fruit-du-garcinia-cambogia-500-mg-60-capsules-vegetariennes-maroc\/\" \/>\n<meta property=\"og:site_name\" content=\"Vitablanca.ma &ndash; Sant&eacute;, vitalit&eacute; et bien-&ecirc;tre pour tous les Marocains\" \/>\n<meta property=\"article:publisher\" content=\"https:\/\/www.facebook.com\/profile.php?id=61576678196717\" \/>\n<meta property=\"article:modified_time\" content=\"2025-12-03T21:31:30+00:00\" \/>\n<meta property=\"og:image\" content=\"https:\/\/vitablanca.ma\/wp-content\/uploads\/2025\/05\/extrait-de-fruit-du-garcinia-cambogia-500-mg-60-capsules-vegetariennes-.jpg\" \/>\n\t<meta property=\"og:image:width\" content=\"680\" \/>\n\t<meta property=\"og:image:height\" content=\"680\" \/>\n\t<meta property=\"og:image:type\" content=\"image\/jpeg\" \/>\n<meta name=\"twitter:card\" content=\"summary_large_image\" \/>\n<meta name=\"twitter:label1\" content=\"\u0648\u0642\u062a \u0627\u0644\u0642\u0631\u0627\u0621\u0629 \u0627\u0644\u0645\u064f\u0642\u062f\u0651\u0631\" \/>\n\t<meta name=\"twitter:data1\" content=\"\u062f\u0642\u064a\u0642\u0629 \u0648\u0627\u062d\u062f\u0629\" \/>\n<script type=\"application\/ld+json\" class=\"yoast-schema-graph\">{\"@context\":\"https:\\\/\\\/schema.org\",\"@graph\":[{\"@type\":[\"WebPage\",\"ItemPage\"],\"@id\":\"https:\\\/\\\/vitablanca.ma\\\/produit\\\/solaray-extrait-de-fruit-du-garcinia-cambogia-500-mg-60-capsules-vegetariennes-maroc\\\/\",\"url\":\"https:\\\/\\\/vitablanca.ma\\\/produit\\\/solaray-extrait-de-fruit-du-garcinia-cambogia-500-mg-60-capsules-vegetariennes-maroc\\\/\",\"name\":\"Solaray Extrait de fruit du Garcinia Cambogia, 500 mg - Maroc Prix\",\"isPartOf\":{\"@id\":\"https:\\\/\\\/vitablanca.ma\\\/#website\"},\"primaryImageOfPage\":{\"@id\":\"https:\\\/\\\/vitablanca.ma\\\/produit\\\/solaray-extrait-de-fruit-du-garcinia-cambogia-500-mg-60-capsules-vegetariennes-maroc\\\/#primaryimage\"},\"image\":{\"@id\":\"https:\\\/\\\/vitablanca.ma\\\/produit\\\/solaray-extrait-de-fruit-du-garcinia-cambogia-500-mg-60-capsules-vegetariennes-maroc\\\/#primaryimage\"},\"thumbnailUrl\":\"https:\\\/\\\/vitablanca.ma\\\/wp-content\\\/uploads\\\/2025\\\/05\\\/extrait-de-fruit-du-garcinia-cambogia-500-mg-60-capsules-vegetariennes-.jpg\",\"datePublished\":\"2025-05-31T23:41:10+00:00\",\"dateModified\":\"2025-12-03T21:31:30+00:00\",\"description\":\"Achetez Solaray Garcinia Cambogia 500 mg (60 capsules) Maroc. Soutien naturel pour la gestion du poids, r\u00e9duction de l'app\u00e9tit et m\u00e9tabolisme des graisses.\",\"breadcrumb\":{\"@id\":\"https:\\\/\\\/vitablanca.ma\\\/produit\\\/solaray-extrait-de-fruit-du-garcinia-cambogia-500-mg-60-capsules-vegetariennes-maroc\\\/#breadcrumb\"},\"inLanguage\":\"ar\",\"potentialAction\":[{\"@type\":\"ReadAction\",\"target\":[\"https:\\\/\\\/vitablanca.ma\\\/produit\\\/solaray-extrait-de-fruit-du-garcinia-cambogia-500-mg-60-capsules-vegetariennes-maroc\\\/\"]}]},{\"@type\":\"ImageObject\",\"inLanguage\":\"ar\",\"@id\":\"https:\\\/\\\/vitablanca.ma\\\/produit\\\/solaray-extrait-de-fruit-du-garcinia-cambogia-500-mg-60-capsules-vegetariennes-maroc\\\/#primaryimage\",\"url\":\"https:\\\/\\\/vitablanca.ma\\\/wp-content\\\/uploads\\\/2025\\\/05\\\/extrait-de-fruit-du-garcinia-cambogia-500-mg-60-capsules-vegetariennes-.jpg\",\"contentUrl\":\"https:\\\/\\\/vitablanca.ma\\\/wp-content\\\/uploads\\\/2025\\\/05\\\/extrait-de-fruit-du-garcinia-cambogia-500-mg-60-capsules-vegetariennes-.jpg\",\"width\":680,\"height\":680},{\"@type\":\"BreadcrumbList\",\"@id\":\"https:\\\/\\\/vitablanca.ma\\\/produit\\\/solaray-extrait-de-fruit-du-garcinia-cambogia-500-mg-60-capsules-vegetariennes-maroc\\\/#breadcrumb\",\"itemListElement\":[{\"@type\":\"ListItem\",\"position\":1,\"name\":\"Home\",\"item\":\"https:\\\/\\\/vitablanca.ma\\\/\"},{\"@type\":\"ListItem\",\"position\":2,\"name\":\"Tous Les Produits\",\"item\":\"https:\\\/\\\/vitablanca.ma\\\/tous-les-produits\\\/\"},{\"@type\":\"ListItem\",\"position\":3,\"name\":\"Solaray Extrait de fruit du Garcinia Cambogia, 500 mg, 60 capsules v\u00e9g\u00e9tariennes\"}]},{\"@type\":\"WebSite\",\"@id\":\"https:\\\/\\\/vitablanca.ma\\\/#website\",\"url\":\"https:\\\/\\\/vitablanca.ma\\\/\",\"name\":\"VitaBlanca.ma | Compl\u00e9ments alimentaires, sant\u00e9 & beaut\u00e9 au Maroc\",\"description\":\"vendre vitamines et compl\u00e9ments premium des USA &amp; Canada, Nouvelle Z\u00e9lande,Maroc (NOW Foods, Solgar, Manuka). Livraison rapide partout au Maroc.\",\"publisher\":{\"@id\":\"https:\\\/\\\/vitablanca.ma\\\/#organization\"},\"alternateName\":\"VitaBlanca.ma\",\"potentialAction\":[{\"@type\":\"SearchAction\",\"target\":{\"@type\":\"EntryPoint\",\"urlTemplate\":\"https:\\\/\\\/vitablanca.ma\\\/?s={search_term_string}\"},\"query-input\":{\"@type\":\"PropertyValueSpecification\",\"valueRequired\":true,\"valueName\":\"search_term_string\"}}],\"inLanguage\":\"ar\"},{\"@type\":\"Organization\",\"@id\":\"https:\\\/\\\/vitablanca.ma\\\/#organization\",\"name\":\"VitaBlanca\",\"url\":\"https:\\\/\\\/vitablanca.ma\\\/\",\"logo\":{\"@type\":\"ImageObject\",\"inLanguage\":\"ar\",\"@id\":\"https:\\\/\\\/vitablanca.ma\\\/#\\\/schema\\\/logo\\\/image\\\/\",\"url\":\"https:\\\/\\\/vitablanca.ma\\\/wp-content\\\/uploads\\\/2025\\\/05\\\/cropped-vitablanca.png\",\"contentUrl\":\"https:\\\/\\\/vitablanca.ma\\\/wp-content\\\/uploads\\\/2025\\\/05\\\/cropped-vitablanca.png\",\"width\":360,\"height\":67,\"caption\":\"VitaBlanca\"},\"image\":{\"@id\":\"https:\\\/\\\/vitablanca.ma\\\/#\\\/schema\\\/logo\\\/image\\\/\"},\"sameAs\":[\"https:\\\/\\\/www.facebook.com\\\/profile.php?id=61576678196717\",\"https:\\\/\\\/www.tiktok.com\\\/@vitablanca.ma\",\"https:\\\/\\\/www.instagram.com\\\/vitablanca.ma\\\/\"]}]}<\/script>\n<!-- \/ Yoast SEO plugin. -->","yoast_head_json":{"title":"Solaray Extrait de fruit du Garcinia Cambogia, 500 mg - Maroc Prix","description":"Achetez Solaray Garcinia Cambogia 500 mg (60 capsules) Maroc. Soutien naturel pour la gestion du poids, r\u00e9duction de l'app\u00e9tit et m\u00e9tabolisme des graisses.","robots":{"index":"index","follow":"follow","max-snippet":"max-snippet:-1","max-image-preview":"max-image-preview:large","max-video-preview":"max-video-preview:-1"},"canonical":"https:\/\/vitablanca.ma\/ar\/product-2\/solaray-extrait-de-fruit-du-garcinia-cambogia-500-mg-60-capsules-vegetariennes-maroc\/","og_locale":"ar_AR","og_type":"article","og_title":"Solaray Extrait de fruit du Garcinia Cambogia, 500 mg - Maroc Prix","og_description":"Achetez Solaray Garcinia Cambogia 500 mg (60 capsules) Maroc. Soutien naturel pour la gestion du poids, r\u00e9duction de l'app\u00e9tit et m\u00e9tabolisme des graisses.","og_url":"https:\/\/vitablanca.ma\/ar\/product-2\/solaray-extrait-de-fruit-du-garcinia-cambogia-500-mg-60-capsules-vegetariennes-maroc\/","og_site_name":"Vitablanca.ma &ndash; Sant&eacute;, vitalit&eacute; et bien-&ecirc;tre pour tous les Marocains","article_publisher":"https:\/\/www.facebook.com\/profile.php?id=61576678196717","article_modified_time":"2025-12-03T21:31:30+00:00","og_image":[{"width":680,"height":680,"url":"https:\/\/vitablanca.ma\/wp-content\/uploads\/2025\/05\/extrait-de-fruit-du-garcinia-cambogia-500-mg-60-capsules-vegetariennes-.jpg","type":"image\/jpeg"}],"twitter_card":"summary_large_image","twitter_misc":{"\u0648\u0642\u062a \u0627\u0644\u0642\u0631\u0627\u0621\u0629 \u0627\u0644\u0645\u064f\u0642\u062f\u0651\u0631":"\u062f\u0642\u064a\u0642\u0629 \u0648\u0627\u062d\u062f\u0629"},"schema":{"@context":"https:\/\/schema.org","@graph":[{"@type":["WebPage","ItemPage"],"@id":"https:\/\/vitablanca.ma\/produit\/solaray-extrait-de-fruit-du-garcinia-cambogia-500-mg-60-capsules-vegetariennes-maroc\/","url":"https:\/\/vitablanca.ma\/produit\/solaray-extrait-de-fruit-du-garcinia-cambogia-500-mg-60-capsules-vegetariennes-maroc\/","name":"Solaray Extrait de fruit du Garcinia Cambogia, 500 mg - Maroc Prix","isPartOf":{"@id":"https:\/\/vitablanca.ma\/#website"},"primaryImageOfPage":{"@id":"https:\/\/vitablanca.ma\/produit\/solaray-extrait-de-fruit-du-garcinia-cambogia-500-mg-60-capsules-vegetariennes-maroc\/#primaryimage"},"image":{"@id":"https:\/\/vitablanca.ma\/produit\/solaray-extrait-de-fruit-du-garcinia-cambogia-500-mg-60-capsules-vegetariennes-maroc\/#primaryimage"},"thumbnailUrl":"https:\/\/vitablanca.ma\/wp-content\/uploads\/2025\/05\/extrait-de-fruit-du-garcinia-cambogia-500-mg-60-capsules-vegetariennes-.jpg","datePublished":"2025-05-31T23:41:10+00:00","dateModified":"2025-12-03T21:31:30+00:00","description":"Achetez Solaray Garcinia Cambogia 500 mg (60 capsules) Maroc. Soutien naturel pour la gestion du poids, r\u00e9duction de l'app\u00e9tit et m\u00e9tabolisme des graisses.","breadcrumb":{"@id":"https:\/\/vitablanca.ma\/produit\/solaray-extrait-de-fruit-du-garcinia-cambogia-500-mg-60-capsules-vegetariennes-maroc\/#breadcrumb"},"inLanguage":"ar","potentialAction":[{"@type":"ReadAction","target":["https:\/\/vitablanca.ma\/produit\/solaray-extrait-de-fruit-du-garcinia-cambogia-500-mg-60-capsules-vegetariennes-maroc\/"]}]},{"@type":"ImageObject","inLanguage":"ar","@id":"https:\/\/vitablanca.ma\/produit\/solaray-extrait-de-fruit-du-garcinia-cambogia-500-mg-60-capsules-vegetariennes-maroc\/#primaryimage","url":"https:\/\/vitablanca.ma\/wp-content\/uploads\/2025\/05\/extrait-de-fruit-du-garcinia-cambogia-500-mg-60-capsules-vegetariennes-.jpg","contentUrl":"https:\/\/vitablanca.ma\/wp-content\/uploads\/2025\/05\/extrait-de-fruit-du-garcinia-cambogia-500-mg-60-capsules-vegetariennes-.jpg","width":680,"height":680},{"@type":"BreadcrumbList","@id":"https:\/\/vitablanca.ma\/produit\/solaray-extrait-de-fruit-du-garcinia-cambogia-500-mg-60-capsules-vegetariennes-maroc\/#breadcrumb","itemListElement":[{"@type":"ListItem","position":1,"name":"Home","item":"https:\/\/vitablanca.ma\/"},{"@type":"ListItem","position":2,"name":"Tous Les Produits","item":"https:\/\/vitablanca.ma\/tous-les-produits\/"},{"@type":"ListItem","position":3,"name":"Solaray Extrait de fruit du Garcinia Cambogia, 500 mg, 60 capsules v\u00e9g\u00e9tariennes"}]},{"@type":"WebSite","@id":"https:\/\/vitablanca.ma\/#website","url":"https:\/\/vitablanca.ma\/","name":"VitaBlanca.ma | \u0627\u0644\u0645\u0643\u0645\u0644\u0627\u062a \u0627\u0644\u063a\u0630\u0627\u0626\u064a\u0629\u060c \u0627\u0644\u0635\u062d\u0629 \u0648\u0627\u0644\u062c\u0645\u0627\u0644 \u0641\u064a \u0627\u0644\u0645\u063a\u0631\u0628","description":"\u0646\u0628\u064a\u0639 \u0641\u064a\u062a\u0627\u0645\u064a\u0646\u0627\u062a \u0648\u0645\u0643\u0645\u0644\u0627\u062a \u063a\u0630\u0627\u0626\u064a\u0629 \u0641\u0627\u062e\u0631\u0629 \u0645\u0646 \u0627\u0644\u0648\u0644\u0627\u064a\u0627\u062a \u0627\u0644\u0645\u062a\u062d\u062f\u0629 \u0627\u0644\u0623\u0645\u0631\u064a\u0643\u064a\u0629 \u0648\u0643\u0646\u062f\u0627 \u0648\u0646\u064a\u0648\u0632\u064a\u0644\u0646\u062f\u0627 \u0648\u0627\u0644\u0645\u063a\u0631\u0628 (\u0646\u0627\u0648 \u0641\u0648\u062f\u0632\u060c \u0633\u0648\u0644\u062c\u0627\u0631\u060c \u0645\u0627\u0646\u0648\u0643\u0627). \u062a\u0648\u0635\u064a\u0644 \u0633\u0631\u064a\u0639 \u0625\u0644\u0649 \u062c\u0645\u064a\u0639 \u0623\u0646\u062d\u0627\u0621 \u0627\u0644\u0645\u063a\u0631\u0628.","publisher":{"@id":"https:\/\/vitablanca.ma\/#organization"},"alternateName":"VitaBlanca.ma","potentialAction":[{"@type":"SearchAction","target":{"@type":"EntryPoint","urlTemplate":"https:\/\/vitablanca.ma\/?s={search_term_string}"},"query-input":{"@type":"PropertyValueSpecification","valueRequired":true,"valueName":"search_term_string"}}],"inLanguage":"ar"},{"@type":"Organization","@id":"https:\/\/vitablanca.ma\/#organization","name":"\u0641\u064a\u062a\u0627\u0628\u0644\u0627\u0646\u0643\u0627","url":"https:\/\/vitablanca.ma\/","logo":{"@type":"ImageObject","inLanguage":"ar","@id":"https:\/\/vitablanca.ma\/#\/schema\/logo\/image\/","url":"https:\/\/vitablanca.ma\/wp-content\/uploads\/2025\/05\/cropped-vitablanca.png","contentUrl":"https:\/\/vitablanca.ma\/wp-content\/uploads\/2025\/05\/cropped-vitablanca.png","width":360,"height":67,"caption":"VitaBlanca"},"image":{"@id":"https:\/\/vitablanca.ma\/#\/schema\/logo\/image\/"},"sameAs":["https:\/\/www.facebook.com\/profile.php?id=61576678196717","https:\/\/www.tiktok.com\/@vitablanca.ma","https:\/\/www.instagram.com\/vitablanca.ma\/"]}]}},"jetpack_sharing_enabled":true,"_links":{"self":[{"href":"https:\/\/vitablanca.ma\/ar\/wp-json\/wp\/v2\/product\/14057","targetHints":{"allow":["GET"]}}],"collection":[{"href":"https:\/\/vitablanca.ma\/ar\/wp-json\/wp\/v2\/product"}],"about":[{"href":"https:\/\/vitablanca.ma\/ar\/wp-json\/wp\/v2\/types\/product"}],"wp:featuredmedia":[{"embeddable":true,"href":"https:\/\/vitablanca.ma\/ar\/wp-json\/wp\/v2\/media\/14058"}],"wp:attachment":[{"href":"https:\/\/vitablanca.ma\/ar\/wp-json\/wp\/v2\/media?parent=14057"}],"wp:term":[{"taxonomy":"product_brand","embeddable":true,"href":"https:\/\/vitablanca.ma\/ar\/wp-json\/wp\/v2\/product_brand?post=14057"},{"taxonomy":"product_cat","embeddable":true,"href":"https:\/\/vitablanca.ma\/ar\/wp-json\/wp\/v2\/product_cat?post=14057"},{"taxonomy":"product_tag","embeddable":true,"href":"https:\/\/vitablanca.ma\/ar\/wp-json\/wp\/v2\/product_tag?post=14057"}],"curies":[{"name":"wp","href":"https:\/\/api.w.org\/{rel}","templated":true}]}}