{"id":14043,"date":"2025-05-31T21:09:23","date_gmt":"2025-05-31T21:09:23","guid":{"rendered":"https:\/\/vitablanca.ma\/?post_type=product&#038;p=14043"},"modified":"2025-12-03T21:28:25","modified_gmt":"2025-12-03T21:28:25","slug":"carlson-labs-a-letat-sauvag-super-omega-3-gems-1-200-mg-10030-gellules-souples-maroc","status":"publish","type":"product","link":"https:\/\/vitablanca.ma\/ar\/product-2\/carlson-labs-a-letat-sauvag-super-omega-3-gems-1-200-mg-10030-gellules-souples-maroc\/","title":{"rendered":"Carlson Labs Super Omega-3 1.200 mg,Gems A l&rsquo;\u00e9tat sauvag, 100+30 gellules souples"},"content":{"rendered":"<p>Super Omega-3 Gems fournit les om\u00e9ga-3 b\u00e9n\u00e9fiques EPA et DHA, qui soutiennent la sant\u00e9 du c\u0153ur, du cerveau, de la vision et des articulations, et favorisent un bien-\u00eatre optimal. Pour assurer une fra\u00eecheur maximale, Super Omega-3 Gems est \u00e9troitement g\u00e9r\u00e9 de la mer au magasin. Nos poissons de la plus haute qualit\u00e9 sont p\u00each\u00e9s dans les eaux froids et profondes en utilisant des m\u00e9thodes traditionnelles et durables.<a href=\"https:\/\/www.jumia.ma\/customer\/account\/login\/?tkWl=CA833DV0NMGYNNAFAMZ-34779298&amp;return=%2Flabs-a-letat-sauvag-super-omega-3-gems-1.200-mg-10030-gellules-souples-carlson-mpg1407491.html\"><\/a><\/p>","protected":false},"excerpt":{"rendered":"<p>Super Omega-3 Gems fournit les om\u00e9ga-3 b\u00e9n\u00e9fiques EPA et DHA, qui soutiennent la sant\u00e9 du c\u0153ur, du cerveau, de la vision et des articulations, et favorisent un bien-\u00eatre optimal. Pour assurer une fra\u00eecheur maximale, Super Omega-3 Gems est \u00e9troitement g\u00e9r\u00e9 de la mer au magasin. Nos poissons de la plus haute qualit\u00e9 sont p\u00each\u00e9s dans les eaux froids et profondes en utilisant des m\u00e9thodes traditionnelles et durables.<\/p>","protected":false},"featured_media":14045,"template":"","meta":{"om_disable_all_campaigns":false},"product_brand":[3476],"product_cat":[21,18,3366,22,175,20,19],"product_tag":[1836,1838,1833,1837,1834,33,1835],"class_list":{"0":"post-14043","1":"product","2":"type-product","3":"status-publish","4":"has-post-thumbnail","6":"product_brand-carlson-labs","7":"product_cat-acides-gras-essentiels","8":"product_cat-beaute-sante","9":"product_cat-complements-alimentaires-au-maroc-vitablanca","10":"product_cat-huiles-omega","11":"product_cat-omega-3","12":"product_cat-supplements","13":"product_cat-vitamines-supplements-dietetiques","14":"product_tag-carlson-labs-maroc","15":"product_tag-complement-coeur-cerveau-maroc","16":"product_tag-gelules-omega-3-maroc","17":"product_tag-huile-de-poisson-sauvage-maroc","18":"product_tag-omega-3-1200-mg-maroc","19":"product_tag-omega-3-maroc","20":"product_tag-super-omega-3-maroc","22":"first","23":"instock","24":"sale","25":"taxable","26":"shipping-taxable","27":"purchasable","28":"product-type-simple"},"yoast_head":"<!-- This site is optimized with the Yoast SEO plugin v27.5 - https:\/\/yoast.com\/product\/yoast-seo-wordpress\/ -->\n<title>Carlson Labs Super Omega-3 1.200 mg, 100+30 gellules- Maroc<\/title>\n<meta name=\"description\" content=\"Achetez Carlson Labs Super Omega-3 1200 mg au Maroc. Huile de poisson sauvage 100+30 g\u00e9lules pour la sant\u00e9 cardiaque, c\u00e9r\u00e9brale et articulaire.\" \/>\n<meta name=\"robots\" content=\"index, follow, max-snippet:-1, max-image-preview:large, max-video-preview:-1\" \/>\n<link rel=\"canonical\" href=\"https:\/\/vitablanca.ma\/ar\/product-2\/carlson-labs-a-letat-sauvag-super-omega-3-gems-1-200-mg-10030-gellules-souples-maroc\/\" \/>\n<meta property=\"og:locale\" content=\"ar_AR\" \/>\n<meta property=\"og:type\" content=\"article\" \/>\n<meta property=\"og:title\" content=\"Carlson Labs Super Omega-3 1.200 mg, 100+30 gellules- Maroc\" \/>\n<meta property=\"og:description\" content=\"Achetez Carlson Labs Super Omega-3 1200 mg au Maroc. Huile de poisson sauvage 100+30 g\u00e9lules pour la sant\u00e9 cardiaque, c\u00e9r\u00e9brale et articulaire.\" \/>\n<meta property=\"og:url\" content=\"https:\/\/vitablanca.ma\/ar\/product-2\/carlson-labs-a-letat-sauvag-super-omega-3-gems-1-200-mg-10030-gellules-souples-maroc\/\" \/>\n<meta property=\"og:site_name\" content=\"Vitablanca.ma &ndash; Sant&eacute;, vitalit&eacute; et bien-&ecirc;tre pour tous les Marocains\" \/>\n<meta property=\"article:publisher\" content=\"https:\/\/www.facebook.com\/profile.php?id=61576678196717\" \/>\n<meta property=\"article:modified_time\" content=\"2025-12-03T21:28:25+00:00\" \/>\n<meta property=\"og:image\" content=\"https:\/\/vitablanca.ma\/wp-content\/uploads\/2025\/05\/labs-a-letat-sauvag-super-omega-3-gems-1.200-mg-10030-gellules-.jpg\" \/>\n\t<meta property=\"og:image:width\" content=\"680\" \/>\n\t<meta property=\"og:image:height\" content=\"680\" \/>\n\t<meta property=\"og:image:type\" content=\"image\/jpeg\" \/>\n<meta name=\"twitter:card\" content=\"summary_large_image\" \/>\n<meta name=\"twitter:label1\" content=\"\u0648\u0642\u062a \u0627\u0644\u0642\u0631\u0627\u0621\u0629 \u0627\u0644\u0645\u064f\u0642\u062f\u0651\u0631\" \/>\n\t<meta name=\"twitter:data1\" content=\"\u062f\u0642\u064a\u0642\u0629 \u0648\u0627\u062d\u062f\u0629\" \/>\n<script type=\"application\/ld+json\" class=\"yoast-schema-graph\">{\"@context\":\"https:\\\/\\\/schema.org\",\"@graph\":[{\"@type\":[\"WebPage\",\"ItemPage\"],\"@id\":\"https:\\\/\\\/vitablanca.ma\\\/produit\\\/carlson-labs-a-letat-sauvag-super-omega-3-gems-1-200-mg-10030-gellules-souples-maroc\\\/\",\"url\":\"https:\\\/\\\/vitablanca.ma\\\/produit\\\/carlson-labs-a-letat-sauvag-super-omega-3-gems-1-200-mg-10030-gellules-souples-maroc\\\/\",\"name\":\"Carlson Labs Super Omega-3 1.200 mg, 100+30 gellules- Maroc\",\"isPartOf\":{\"@id\":\"https:\\\/\\\/vitablanca.ma\\\/#website\"},\"primaryImageOfPage\":{\"@id\":\"https:\\\/\\\/vitablanca.ma\\\/produit\\\/carlson-labs-a-letat-sauvag-super-omega-3-gems-1-200-mg-10030-gellules-souples-maroc\\\/#primaryimage\"},\"image\":{\"@id\":\"https:\\\/\\\/vitablanca.ma\\\/produit\\\/carlson-labs-a-letat-sauvag-super-omega-3-gems-1-200-mg-10030-gellules-souples-maroc\\\/#primaryimage\"},\"thumbnailUrl\":\"https:\\\/\\\/vitablanca.ma\\\/wp-content\\\/uploads\\\/2025\\\/05\\\/labs-a-letat-sauvag-super-omega-3-gems-1.200-mg-10030-gellules-.jpg\",\"datePublished\":\"2025-05-31T21:09:23+00:00\",\"dateModified\":\"2025-12-03T21:28:25+00:00\",\"description\":\"Achetez Carlson Labs Super Omega-3 1200 mg au Maroc. Huile de poisson sauvage 100+30 g\u00e9lules pour la sant\u00e9 cardiaque, c\u00e9r\u00e9brale et articulaire.\",\"breadcrumb\":{\"@id\":\"https:\\\/\\\/vitablanca.ma\\\/produit\\\/carlson-labs-a-letat-sauvag-super-omega-3-gems-1-200-mg-10030-gellules-souples-maroc\\\/#breadcrumb\"},\"inLanguage\":\"ar\",\"potentialAction\":[{\"@type\":\"ReadAction\",\"target\":[\"https:\\\/\\\/vitablanca.ma\\\/produit\\\/carlson-labs-a-letat-sauvag-super-omega-3-gems-1-200-mg-10030-gellules-souples-maroc\\\/\"]}]},{\"@type\":\"ImageObject\",\"inLanguage\":\"ar\",\"@id\":\"https:\\\/\\\/vitablanca.ma\\\/produit\\\/carlson-labs-a-letat-sauvag-super-omega-3-gems-1-200-mg-10030-gellules-souples-maroc\\\/#primaryimage\",\"url\":\"https:\\\/\\\/vitablanca.ma\\\/wp-content\\\/uploads\\\/2025\\\/05\\\/labs-a-letat-sauvag-super-omega-3-gems-1.200-mg-10030-gellules-.jpg\",\"contentUrl\":\"https:\\\/\\\/vitablanca.ma\\\/wp-content\\\/uploads\\\/2025\\\/05\\\/labs-a-letat-sauvag-super-omega-3-gems-1.200-mg-10030-gellules-.jpg\",\"width\":680,\"height\":680},{\"@type\":\"BreadcrumbList\",\"@id\":\"https:\\\/\\\/vitablanca.ma\\\/produit\\\/carlson-labs-a-letat-sauvag-super-omega-3-gems-1-200-mg-10030-gellules-souples-maroc\\\/#breadcrumb\",\"itemListElement\":[{\"@type\":\"ListItem\",\"position\":1,\"name\":\"Home\",\"item\":\"https:\\\/\\\/vitablanca.ma\\\/\"},{\"@type\":\"ListItem\",\"position\":2,\"name\":\"Tous Les Produits\",\"item\":\"https:\\\/\\\/vitablanca.ma\\\/tous-les-produits\\\/\"},{\"@type\":\"ListItem\",\"position\":3,\"name\":\"Carlson Labs Super Omega-3 1.200 mg,Gems A l&#8217;\u00e9tat sauvag, 100+30 gellules souples\"}]},{\"@type\":\"WebSite\",\"@id\":\"https:\\\/\\\/vitablanca.ma\\\/#website\",\"url\":\"https:\\\/\\\/vitablanca.ma\\\/\",\"name\":\"VitaBlanca.ma | Compl\u00e9ments alimentaires, sant\u00e9 & beaut\u00e9 au Maroc\",\"description\":\"vendre vitamines et compl\u00e9ments premium des USA &amp; Canada, Nouvelle Z\u00e9lande,Maroc (NOW Foods, Solgar, Manuka). Livraison rapide partout au Maroc.\",\"publisher\":{\"@id\":\"https:\\\/\\\/vitablanca.ma\\\/#organization\"},\"alternateName\":\"VitaBlanca.ma\",\"potentialAction\":[{\"@type\":\"SearchAction\",\"target\":{\"@type\":\"EntryPoint\",\"urlTemplate\":\"https:\\\/\\\/vitablanca.ma\\\/?s={search_term_string}\"},\"query-input\":{\"@type\":\"PropertyValueSpecification\",\"valueRequired\":true,\"valueName\":\"search_term_string\"}}],\"inLanguage\":\"ar\"},{\"@type\":\"Organization\",\"@id\":\"https:\\\/\\\/vitablanca.ma\\\/#organization\",\"name\":\"VitaBlanca\",\"url\":\"https:\\\/\\\/vitablanca.ma\\\/\",\"logo\":{\"@type\":\"ImageObject\",\"inLanguage\":\"ar\",\"@id\":\"https:\\\/\\\/vitablanca.ma\\\/#\\\/schema\\\/logo\\\/image\\\/\",\"url\":\"https:\\\/\\\/vitablanca.ma\\\/wp-content\\\/uploads\\\/2025\\\/05\\\/cropped-vitablanca.png\",\"contentUrl\":\"https:\\\/\\\/vitablanca.ma\\\/wp-content\\\/uploads\\\/2025\\\/05\\\/cropped-vitablanca.png\",\"width\":360,\"height\":67,\"caption\":\"VitaBlanca\"},\"image\":{\"@id\":\"https:\\\/\\\/vitablanca.ma\\\/#\\\/schema\\\/logo\\\/image\\\/\"},\"sameAs\":[\"https:\\\/\\\/www.facebook.com\\\/profile.php?id=61576678196717\",\"https:\\\/\\\/www.tiktok.com\\\/@vitablanca.ma\",\"https:\\\/\\\/www.instagram.com\\\/vitablanca.ma\\\/\"]}]}<\/script>\n<!-- \/ Yoast SEO plugin. -->","yoast_head_json":{"title":"Carlson Labs Super Omega-3 1.200 mg, 100+30 gellules- Maroc","description":"Achetez Carlson Labs Super Omega-3 1200 mg au Maroc. Huile de poisson sauvage 100+30 g\u00e9lules pour la sant\u00e9 cardiaque, c\u00e9r\u00e9brale et articulaire.","robots":{"index":"index","follow":"follow","max-snippet":"max-snippet:-1","max-image-preview":"max-image-preview:large","max-video-preview":"max-video-preview:-1"},"canonical":"https:\/\/vitablanca.ma\/ar\/product-2\/carlson-labs-a-letat-sauvag-super-omega-3-gems-1-200-mg-10030-gellules-souples-maroc\/","og_locale":"ar_AR","og_type":"article","og_title":"Carlson Labs Super Omega-3 1.200 mg, 100+30 gellules- Maroc","og_description":"Achetez Carlson Labs Super Omega-3 1200 mg au Maroc. Huile de poisson sauvage 100+30 g\u00e9lules pour la sant\u00e9 cardiaque, c\u00e9r\u00e9brale et articulaire.","og_url":"https:\/\/vitablanca.ma\/ar\/product-2\/carlson-labs-a-letat-sauvag-super-omega-3-gems-1-200-mg-10030-gellules-souples-maroc\/","og_site_name":"Vitablanca.ma &ndash; Sant&eacute;, vitalit&eacute; et bien-&ecirc;tre pour tous les Marocains","article_publisher":"https:\/\/www.facebook.com\/profile.php?id=61576678196717","article_modified_time":"2025-12-03T21:28:25+00:00","og_image":[{"width":680,"height":680,"url":"https:\/\/vitablanca.ma\/wp-content\/uploads\/2025\/05\/labs-a-letat-sauvag-super-omega-3-gems-1.200-mg-10030-gellules-.jpg","type":"image\/jpeg"}],"twitter_card":"summary_large_image","twitter_misc":{"\u0648\u0642\u062a \u0627\u0644\u0642\u0631\u0627\u0621\u0629 \u0627\u0644\u0645\u064f\u0642\u062f\u0651\u0631":"\u062f\u0642\u064a\u0642\u0629 \u0648\u0627\u062d\u062f\u0629"},"schema":{"@context":"https:\/\/schema.org","@graph":[{"@type":["WebPage","ItemPage"],"@id":"https:\/\/vitablanca.ma\/produit\/carlson-labs-a-letat-sauvag-super-omega-3-gems-1-200-mg-10030-gellules-souples-maroc\/","url":"https:\/\/vitablanca.ma\/produit\/carlson-labs-a-letat-sauvag-super-omega-3-gems-1-200-mg-10030-gellules-souples-maroc\/","name":"Carlson Labs Super Omega-3 1.200 mg, 100+30 gellules- Maroc","isPartOf":{"@id":"https:\/\/vitablanca.ma\/#website"},"primaryImageOfPage":{"@id":"https:\/\/vitablanca.ma\/produit\/carlson-labs-a-letat-sauvag-super-omega-3-gems-1-200-mg-10030-gellules-souples-maroc\/#primaryimage"},"image":{"@id":"https:\/\/vitablanca.ma\/produit\/carlson-labs-a-letat-sauvag-super-omega-3-gems-1-200-mg-10030-gellules-souples-maroc\/#primaryimage"},"thumbnailUrl":"https:\/\/vitablanca.ma\/wp-content\/uploads\/2025\/05\/labs-a-letat-sauvag-super-omega-3-gems-1.200-mg-10030-gellules-.jpg","datePublished":"2025-05-31T21:09:23+00:00","dateModified":"2025-12-03T21:28:25+00:00","description":"Achetez Carlson Labs Super Omega-3 1200 mg au Maroc. Huile de poisson sauvage 100+30 g\u00e9lules pour la sant\u00e9 cardiaque, c\u00e9r\u00e9brale et articulaire.","breadcrumb":{"@id":"https:\/\/vitablanca.ma\/produit\/carlson-labs-a-letat-sauvag-super-omega-3-gems-1-200-mg-10030-gellules-souples-maroc\/#breadcrumb"},"inLanguage":"ar","potentialAction":[{"@type":"ReadAction","target":["https:\/\/vitablanca.ma\/produit\/carlson-labs-a-letat-sauvag-super-omega-3-gems-1-200-mg-10030-gellules-souples-maroc\/"]}]},{"@type":"ImageObject","inLanguage":"ar","@id":"https:\/\/vitablanca.ma\/produit\/carlson-labs-a-letat-sauvag-super-omega-3-gems-1-200-mg-10030-gellules-souples-maroc\/#primaryimage","url":"https:\/\/vitablanca.ma\/wp-content\/uploads\/2025\/05\/labs-a-letat-sauvag-super-omega-3-gems-1.200-mg-10030-gellules-.jpg","contentUrl":"https:\/\/vitablanca.ma\/wp-content\/uploads\/2025\/05\/labs-a-letat-sauvag-super-omega-3-gems-1.200-mg-10030-gellules-.jpg","width":680,"height":680},{"@type":"BreadcrumbList","@id":"https:\/\/vitablanca.ma\/produit\/carlson-labs-a-letat-sauvag-super-omega-3-gems-1-200-mg-10030-gellules-souples-maroc\/#breadcrumb","itemListElement":[{"@type":"ListItem","position":1,"name":"Home","item":"https:\/\/vitablanca.ma\/"},{"@type":"ListItem","position":2,"name":"Tous Les Produits","item":"https:\/\/vitablanca.ma\/tous-les-produits\/"},{"@type":"ListItem","position":3,"name":"Carlson Labs Super Omega-3 1.200 mg,Gems A l&#8217;\u00e9tat sauvag, 100+30 gellules souples"}]},{"@type":"WebSite","@id":"https:\/\/vitablanca.ma\/#website","url":"https:\/\/vitablanca.ma\/","name":"VitaBlanca.ma | \u0627\u0644\u0645\u0643\u0645\u0644\u0627\u062a \u0627\u0644\u063a\u0630\u0627\u0626\u064a\u0629\u060c \u0627\u0644\u0635\u062d\u0629 \u0648\u0627\u0644\u062c\u0645\u0627\u0644 \u0641\u064a \u0627\u0644\u0645\u063a\u0631\u0628","description":"\u0646\u0628\u064a\u0639 \u0641\u064a\u062a\u0627\u0645\u064a\u0646\u0627\u062a \u0648\u0645\u0643\u0645\u0644\u0627\u062a \u063a\u0630\u0627\u0626\u064a\u0629 \u0641\u0627\u062e\u0631\u0629 \u0645\u0646 \u0627\u0644\u0648\u0644\u0627\u064a\u0627\u062a \u0627\u0644\u0645\u062a\u062d\u062f\u0629 \u0627\u0644\u0623\u0645\u0631\u064a\u0643\u064a\u0629 \u0648\u0643\u0646\u062f\u0627 \u0648\u0646\u064a\u0648\u0632\u064a\u0644\u0646\u062f\u0627 \u0648\u0627\u0644\u0645\u063a\u0631\u0628 (\u0646\u0627\u0648 \u0641\u0648\u062f\u0632\u060c \u0633\u0648\u0644\u062c\u0627\u0631\u060c \u0645\u0627\u0646\u0648\u0643\u0627). \u062a\u0648\u0635\u064a\u0644 \u0633\u0631\u064a\u0639 \u0625\u0644\u0649 \u062c\u0645\u064a\u0639 \u0623\u0646\u062d\u0627\u0621 \u0627\u0644\u0645\u063a\u0631\u0628.","publisher":{"@id":"https:\/\/vitablanca.ma\/#organization"},"alternateName":"VitaBlanca.ma","potentialAction":[{"@type":"SearchAction","target":{"@type":"EntryPoint","urlTemplate":"https:\/\/vitablanca.ma\/?s={search_term_string}"},"query-input":{"@type":"PropertyValueSpecification","valueRequired":true,"valueName":"search_term_string"}}],"inLanguage":"ar"},{"@type":"Organization","@id":"https:\/\/vitablanca.ma\/#organization","name":"\u0641\u064a\u062a\u0627\u0628\u0644\u0627\u0646\u0643\u0627","url":"https:\/\/vitablanca.ma\/","logo":{"@type":"ImageObject","inLanguage":"ar","@id":"https:\/\/vitablanca.ma\/#\/schema\/logo\/image\/","url":"https:\/\/vitablanca.ma\/wp-content\/uploads\/2025\/05\/cropped-vitablanca.png","contentUrl":"https:\/\/vitablanca.ma\/wp-content\/uploads\/2025\/05\/cropped-vitablanca.png","width":360,"height":67,"caption":"VitaBlanca"},"image":{"@id":"https:\/\/vitablanca.ma\/#\/schema\/logo\/image\/"},"sameAs":["https:\/\/www.facebook.com\/profile.php?id=61576678196717","https:\/\/www.tiktok.com\/@vitablanca.ma","https:\/\/www.instagram.com\/vitablanca.ma\/"]}]}},"jetpack_sharing_enabled":true,"_links":{"self":[{"href":"https:\/\/vitablanca.ma\/ar\/wp-json\/wp\/v2\/product\/14043","targetHints":{"allow":["GET"]}}],"collection":[{"href":"https:\/\/vitablanca.ma\/ar\/wp-json\/wp\/v2\/product"}],"about":[{"href":"https:\/\/vitablanca.ma\/ar\/wp-json\/wp\/v2\/types\/product"}],"wp:featuredmedia":[{"embeddable":true,"href":"https:\/\/vitablanca.ma\/ar\/wp-json\/wp\/v2\/media\/14045"}],"wp:attachment":[{"href":"https:\/\/vitablanca.ma\/ar\/wp-json\/wp\/v2\/media?parent=14043"}],"wp:term":[{"taxonomy":"product_brand","embeddable":true,"href":"https:\/\/vitablanca.ma\/ar\/wp-json\/wp\/v2\/product_brand?post=14043"},{"taxonomy":"product_cat","embeddable":true,"href":"https:\/\/vitablanca.ma\/ar\/wp-json\/wp\/v2\/product_cat?post=14043"},{"taxonomy":"product_tag","embeddable":true,"href":"https:\/\/vitablanca.ma\/ar\/wp-json\/wp\/v2\/product_tag?post=14043"}],"curies":[{"name":"wp","href":"https:\/\/api.w.org\/{rel}","templated":true}]}}