{"id":14001,"date":"2025-05-31T00:40:38","date_gmt":"2025-05-31T00:40:38","guid":{"rendered":"https:\/\/vitablanca.ma\/?post_type=product&#038;p=14001"},"modified":"2026-01-01T01:04:07","modified_gmt":"2026-01-01T01:04:07","slug":"now-foods-citrate-de-potassium-99-mg-180-gelules-vegetales-maroc","status":"publish","type":"product","link":"https:\/\/vitablanca.ma\/ar\/product-2\/now-foods-citrate-de-potassium-99-mg-180-gelules-vegetales-maroc\/","title":{"rendered":"\u0646\u0627\u0648 \u0641\u0648\u062f\u0632 \u0633\u062a\u0631\u0627\u062a \u0627\u0644\u0628\u0648\u062a\u0627\u0633\u064a\u0648\u0645 99 \u0645\u0644\u062c\u0645\u060c 180 \u0643\u0628\u0633\u0648\u0644\u0629 \u0646\u0628\u0627\u062a\u064a\u0629."},"content":{"rendered":"<p>Le potassium est un min\u00e9ral essentiel largement r\u00e9pandu parmi les sources de nourriture, avec une concentration particuli\u00e8rement \u00e9lev\u00e9e dans les fruits et les l\u00e9gumes. Le potassium est essentiel pour le maintien de niveaux normaux de liquides dans le corps et tout le corps, ainsi que pour le maintien de l\u2019\u00e9quilibre acido-basique Il est \u00e9galement n\u00e9cessaire pour la bonne contraction musculaire, le maintien d\u2019une fonction cardiaque saine et la transmission de impulsions nerveuses. * Le citrate de potassium est une forme de potassium bien absorb\u00e9e et hautement biodisponible<a href=\"https:\/\/www.jumia.ma\/customer\/account\/login\/?tkWl=NO879HB0IG90YNAFAMZ-17030604&return=%2Fnow-foods-citrate-de-potassium-99-mg-180-gelules-vegetales.-28219903.html\"><\/a><\/p>","protected":false},"excerpt":{"rendered":"<ul>\n<li>\u064a\u062f\u0639\u0645 \u062a\u0648\u0627\u0632\u0646 \u0627\u0644\u0625\u0644\u0643\u062a\u0631\u0648\u0644\u064a\u062a \u0648\u062f\u0631\u062c\u0629 \u0627\u0644\u062d\u0645\u0648\u0636\u0629 \u0627\u0644\u0637\u0628\u064a\u0639\u064a\u0629<\/li>\n<li>\u0627\u0646\u0642\u0628\u0627\u0636 \u0627\u0644\u0639\u0636\u0644\u0627\u062a \u0628\u0634\u0643\u0644 \u0635\u062d\u064a\u062d<\/li>\n<li>\u064a\u0639\u062f \u0627\u0644\u0628\u0648\u062a\u0627\u0633\u064a\u0648\u0645 \u0645\u0639\u062f\u0646\u064b\u0627 \u0623\u0633\u0627\u0633\u064a\u064b\u0627 \u0645\u062a\u0648\u0641\u0631\u064b\u0627 \u0639\u0644\u0649 \u0646\u0637\u0627\u0642 \u0648\u0627\u0633\u0639 \u0641\u064a \u0645\u0635\u0627\u062f\u0631 \u0627\u0644\u063a\u0630\u0627\u0621\u060c \u0645\u0639 \u062a\u0631\u0643\u064a\u0632\u0627\u062a \u0639\u0627\u0644\u064a\u0629 \u0628\u0634\u0643\u0644 \u062e\u0627\u0635 \u0641\u064a \u0627\u0644\u0641\u0648\u0627\u0643\u0647 \u0648\u0627\u0644\u062e\u0636\u0631\u0648\u0627\u062a.<\/li>\n<li>\u00a0\u064a\u0639\u062f \u0627\u0644\u0628\u0648\u062a\u0627\u0633\u064a\u0648\u0645 \u0636\u0631\u0648\u0631\u064a\u064b\u0627 \u0644\u0644\u062d\u0641\u0627\u0638 \u0639\u0644\u0649 \u0645\u0633\u062a\u0648\u064a\u0627\u062a \u0627\u0644\u0633\u0648\u0627\u0626\u0644 \u0627\u0644\u0637\u0628\u064a\u0639\u064a\u0629 \u0641\u064a \u0627\u0644\u062c\u0633\u0645 \u0648\u0641\u064a \u062c\u0645\u064a\u0639 \u0623\u0646\u062d\u0627\u0621 \u0627\u0644\u062c\u0633\u0645\u060c \u0648\u0643\u0630\u0644\u0643 \u0644\u0644\u062d\u0641\u0627\u0638 \u0639\u0644\u0649 \u0627\u0644\u062a\u0648\u0627\u0632\u0646 \u0627\u0644\u062d\u0645\u0636\u064a \u0627\u0644\u0642\u0627\u0639\u062f\u064a.<\/li>\n<li>\u0643\u0645\u0627 \u0623\u0646\u0647 \u0636\u0631\u0648\u0631\u064a \u0644\u0627\u0646\u0642\u0628\u0627\u0636 \u0627\u0644\u0639\u0636\u0644\u0627\u062a \u0628\u0634\u0643\u0644 \u0635\u062d\u064a\u062d\u060c \u0648\u0627\u0644\u062d\u0641\u0627\u0638 \u0639\u0644\u0649 \u0648\u0638\u064a\u0641\u0629 \u0627\u0644\u0642\u0644\u0628 \u0627\u0644\u0635\u062d\u064a\u0629\u060c \u0648\u0646\u0642\u0644 \u0627\u0644\u0646\u0628\u0636\u0627\u062a \u0627\u0644\u0639\u0635\u0628\u064a\u0629.<\/li>\n<li>\u00a0\u0633\u062a\u0631\u0627\u062a \u0627\u0644\u0628\u0648\u062a\u0627\u0633\u064a\u0648\u0645 \u0639\u0628\u0627\u0631\u0629 \u0639\u0646 \u0634\u0643\u0644 \u0645\u0646 \u0623\u0634\u0643\u0627\u0644 \u0627\u0644\u0628\u0648\u062a\u0627\u0633\u064a\u0648\u0645 \u064a\u062a\u0645 \u0627\u0645\u062a\u0635\u0627\u0635\u0647 \u062c\u064a\u062f\u064b\u0627 \u0648\u064a\u062a\u0645\u064a\u0632 \u0628\u062a\u0648\u0627\u0641\u0631 \u0628\u064a\u0648\u0644\u0648\u062c\u064a \u0639\u0627\u0644\u064a.<\/li>\n<\/ul>","protected":false},"featured_media":14007,"template":"","meta":{"om_disable_all_campaigns":false},"product_brand":[83],"product_cat":[18,3366,130,19],"product_tag":[1715,1774,821,1775,1776,1712,1738,1697,88,91,388,726,1687,1721,1012,1690,1689,226],"class_list":{"0":"post-14001","1":"product","2":"type-product","3":"status-publish","4":"has-post-thumbnail","6":"product_brand-now-foods-maroc-prix","7":"product_cat-beaute-sante","8":"product_cat-complements-alimentaires-au-maroc-vitablanca","9":"product_cat-vitamines","10":"product_cat-vitamines-supplements-dietetiques","11":"product_tag-bien-etre-general","12":"product_tag-citrate-de-potassium","13":"product_tag-complement-alimentaire-maroc","14":"product_tag-electrolytes","15":"product_tag-equilibre-acido-basique","16":"product_tag-fonction-musculaire","17":"product_tag-gelules-vegetales","18":"product_tag-mineraux-essentiels","19":"product_tag-now-foods","20":"product_tag-now-foods-maroc","21":"product_tag-now-foods-maroc-avis","22":"product_tag-now-foods-maroc-prix","23":"product_tag-potassium-99-mg","24":"product_tag-produit-naturel-maroc","25":"product_tag-sante-cellulaire","26":"product_tag-sante-maroc","27":"product_tag-supplement-potassium","28":"product_tag-systeme-nerveux","30":"first","31":"instock","32":"taxable","33":"shipping-taxable","34":"purchasable","35":"product-type-simple"},"yoast_head":"<!-- This site is optimized with the Yoast SEO plugin v27.5 - https:\/\/yoast.com\/product\/yoast-seo-wordpress\/ -->\n<title>Now Foods Citrate de potassium 99 mg, 180 g\u00e9lules - Maroc Prix<\/title>\n<meta name=\"description\" content=\"Achetez Now Foods Citrate de Potassium 99 mg au Maroc. Ces 180 g\u00e9lules fournissent une forme de potassium hautement biodisponible, musculaire et nerveuse.\" \/>\n<meta name=\"robots\" content=\"index, follow, max-snippet:-1, max-image-preview:large, max-video-preview:-1\" \/>\n<link rel=\"canonical\" href=\"https:\/\/vitablanca.ma\/ar\/product-2\/now-foods-citrate-de-potassium-99-mg-180-gelules-vegetales-maroc\/\" \/>\n<meta property=\"og:locale\" content=\"ar_AR\" \/>\n<meta property=\"og:type\" content=\"article\" \/>\n<meta property=\"og:title\" content=\"Now Foods Citrate de potassium 99 mg, 180 g\u00e9lules - Maroc Prix\" \/>\n<meta property=\"og:description\" content=\"Achetez Now Foods Citrate de Potassium 99 mg au Maroc. Ces 180 g\u00e9lules fournissent une forme de potassium hautement biodisponible, musculaire et nerveuse.\" \/>\n<meta property=\"og:url\" content=\"https:\/\/vitablanca.ma\/ar\/product-2\/now-foods-citrate-de-potassium-99-mg-180-gelules-vegetales-maroc\/\" \/>\n<meta property=\"og:site_name\" content=\"Vitablanca.ma &ndash; Sant&eacute;, vitalit&eacute; et bien-&ecirc;tre pour tous les Marocains\" \/>\n<meta property=\"article:publisher\" content=\"https:\/\/www.facebook.com\/profile.php?id=61576678196717\" \/>\n<meta property=\"article:modified_time\" content=\"2026-01-01T01:04:07+00:00\" \/>\n<meta property=\"og:image\" content=\"https:\/\/vitablanca.ma\/wp-content\/uploads\/2025\/05\/now-foods-citrate-de-potassium-99-mg-180-gelules-vegetales.-.jpg\" \/>\n\t<meta property=\"og:image:width\" content=\"680\" \/>\n\t<meta property=\"og:image:height\" content=\"680\" \/>\n\t<meta property=\"og:image:type\" content=\"image\/jpeg\" \/>\n<meta name=\"twitter:card\" content=\"summary_large_image\" \/>\n<meta name=\"twitter:label1\" content=\"\u0648\u0642\u062a \u0627\u0644\u0642\u0631\u0627\u0621\u0629 \u0627\u0644\u0645\u064f\u0642\u062f\u0651\u0631\" \/>\n\t<meta name=\"twitter:data1\" content=\"\u062f\u0642\u064a\u0642\u0629 \u0648\u0627\u062d\u062f\u0629\" \/>\n<script type=\"application\/ld+json\" class=\"yoast-schema-graph\">{\"@context\":\"https:\\\/\\\/schema.org\",\"@graph\":[{\"@type\":[\"WebPage\",\"ItemPage\"],\"@id\":\"https:\\\/\\\/vitablanca.ma\\\/produit\\\/now-foods-citrate-de-potassium-99-mg-180-gelules-vegetales-maroc\\\/\",\"url\":\"https:\\\/\\\/vitablanca.ma\\\/produit\\\/now-foods-citrate-de-potassium-99-mg-180-gelules-vegetales-maroc\\\/\",\"name\":\"Now Foods Citrate de potassium 99 mg, 180 g\u00e9lules - Maroc Prix\",\"isPartOf\":{\"@id\":\"https:\\\/\\\/vitablanca.ma\\\/#website\"},\"primaryImageOfPage\":{\"@id\":\"https:\\\/\\\/vitablanca.ma\\\/produit\\\/now-foods-citrate-de-potassium-99-mg-180-gelules-vegetales-maroc\\\/#primaryimage\"},\"image\":{\"@id\":\"https:\\\/\\\/vitablanca.ma\\\/produit\\\/now-foods-citrate-de-potassium-99-mg-180-gelules-vegetales-maroc\\\/#primaryimage\"},\"thumbnailUrl\":\"https:\\\/\\\/vitablanca.ma\\\/wp-content\\\/uploads\\\/2025\\\/05\\\/now-foods-citrate-de-potassium-99-mg-180-gelules-vegetales.-.jpg\",\"datePublished\":\"2025-05-31T00:40:38+00:00\",\"dateModified\":\"2026-01-01T01:04:07+00:00\",\"description\":\"Achetez Now Foods Citrate de Potassium 99 mg au Maroc. Ces 180 g\u00e9lules fournissent une forme de potassium hautement biodisponible, musculaire et nerveuse.\",\"breadcrumb\":{\"@id\":\"https:\\\/\\\/vitablanca.ma\\\/produit\\\/now-foods-citrate-de-potassium-99-mg-180-gelules-vegetales-maroc\\\/#breadcrumb\"},\"inLanguage\":\"ar\",\"potentialAction\":[{\"@type\":\"ReadAction\",\"target\":[\"https:\\\/\\\/vitablanca.ma\\\/produit\\\/now-foods-citrate-de-potassium-99-mg-180-gelules-vegetales-maroc\\\/\"]}]},{\"@type\":\"ImageObject\",\"inLanguage\":\"ar\",\"@id\":\"https:\\\/\\\/vitablanca.ma\\\/produit\\\/now-foods-citrate-de-potassium-99-mg-180-gelules-vegetales-maroc\\\/#primaryimage\",\"url\":\"https:\\\/\\\/vitablanca.ma\\\/wp-content\\\/uploads\\\/2025\\\/05\\\/now-foods-citrate-de-potassium-99-mg-180-gelules-vegetales.-.jpg\",\"contentUrl\":\"https:\\\/\\\/vitablanca.ma\\\/wp-content\\\/uploads\\\/2025\\\/05\\\/now-foods-citrate-de-potassium-99-mg-180-gelules-vegetales.-.jpg\",\"width\":680,\"height\":680},{\"@type\":\"BreadcrumbList\",\"@id\":\"https:\\\/\\\/vitablanca.ma\\\/produit\\\/now-foods-citrate-de-potassium-99-mg-180-gelules-vegetales-maroc\\\/#breadcrumb\",\"itemListElement\":[{\"@type\":\"ListItem\",\"position\":1,\"name\":\"Home\",\"item\":\"https:\\\/\\\/vitablanca.ma\\\/\"},{\"@type\":\"ListItem\",\"position\":2,\"name\":\"Tous Les Produits\",\"item\":\"https:\\\/\\\/vitablanca.ma\\\/tous-les-produits\\\/\"},{\"@type\":\"ListItem\",\"position\":3,\"name\":\"Now Foods Citrate de potassium 99 mg, 180 g\u00e9lules v\u00e9g\u00e9tales.\"}]},{\"@type\":\"WebSite\",\"@id\":\"https:\\\/\\\/vitablanca.ma\\\/#website\",\"url\":\"https:\\\/\\\/vitablanca.ma\\\/\",\"name\":\"VitaBlanca.ma | Compl\u00e9ments alimentaires, sant\u00e9 & beaut\u00e9 au Maroc\",\"description\":\"vendre vitamines et compl\u00e9ments premium des USA &amp; Canada, Nouvelle Z\u00e9lande,Maroc (NOW Foods, Solgar, Manuka). Livraison rapide partout au Maroc.\",\"publisher\":{\"@id\":\"https:\\\/\\\/vitablanca.ma\\\/#organization\"},\"alternateName\":\"VitaBlanca.ma\",\"potentialAction\":[{\"@type\":\"SearchAction\",\"target\":{\"@type\":\"EntryPoint\",\"urlTemplate\":\"https:\\\/\\\/vitablanca.ma\\\/?s={search_term_string}\"},\"query-input\":{\"@type\":\"PropertyValueSpecification\",\"valueRequired\":true,\"valueName\":\"search_term_string\"}}],\"inLanguage\":\"ar\"},{\"@type\":\"Organization\",\"@id\":\"https:\\\/\\\/vitablanca.ma\\\/#organization\",\"name\":\"VitaBlanca\",\"url\":\"https:\\\/\\\/vitablanca.ma\\\/\",\"logo\":{\"@type\":\"ImageObject\",\"inLanguage\":\"ar\",\"@id\":\"https:\\\/\\\/vitablanca.ma\\\/#\\\/schema\\\/logo\\\/image\\\/\",\"url\":\"https:\\\/\\\/vitablanca.ma\\\/wp-content\\\/uploads\\\/2025\\\/05\\\/cropped-vitablanca.png\",\"contentUrl\":\"https:\\\/\\\/vitablanca.ma\\\/wp-content\\\/uploads\\\/2025\\\/05\\\/cropped-vitablanca.png\",\"width\":360,\"height\":67,\"caption\":\"VitaBlanca\"},\"image\":{\"@id\":\"https:\\\/\\\/vitablanca.ma\\\/#\\\/schema\\\/logo\\\/image\\\/\"},\"sameAs\":[\"https:\\\/\\\/www.facebook.com\\\/profile.php?id=61576678196717\",\"https:\\\/\\\/www.tiktok.com\\\/@vitablanca.ma\",\"https:\\\/\\\/www.instagram.com\\\/vitablanca.ma\\\/\"]}]}<\/script>\n<!-- \/ Yoast SEO plugin. -->","yoast_head_json":{"title":"\u0646\u0627\u0648 \u0641\u0648\u062f\u0632 \u0633\u062a\u0631\u0627\u062a \u0627\u0644\u0628\u0648\u062a\u0627\u0633\u064a\u0648\u0645 99 \u0645\u0644\u063a\u060c 180 \u0643\u0628\u0633\u0648\u0644\u0629 - \u0633\u0639\u0631 \u0627\u0644\u0645\u063a\u0631\u0628","description":"\u0627\u0634\u062a\u0631\u0650 \u0627\u0644\u0622\u0646 \u0633\u062a\u0631\u0627\u062a \u0627\u0644\u0628\u0648\u062a\u0627\u0633\u064a\u0648\u0645 \u0669\u0669 \u0645\u0644\u063a \u0645\u0646 \u0641\u0648\u062f\u0632 \u0641\u064a \u0627\u0644\u0645\u063a\u0631\u0628. \u062a\u0648\u0641\u0631 \u0647\u0630\u0647 \u0627\u0644\u0643\u0628\u0633\u0648\u0644\u0627\u062a\u060c \u0627\u0644\u062a\u064a \u062a\u062d\u062a\u0648\u064a \u0639\u0644\u0649 \u0661\u0668\u0660 \u0643\u0628\u0633\u0648\u0644\u0629\u060c \u0634\u0643\u0644\u0627\u064b \u0639\u0627\u0644\u064a \u0627\u0644\u062a\u0648\u0627\u0641\u0631 \u0627\u0644\u062d\u064a\u0648\u064a \u0645\u0646 \u0627\u0644\u0628\u0648\u062a\u0627\u0633\u064a\u0648\u0645 \u0644\u0648\u0638\u0627\u0626\u0641 \u0627\u0644\u0639\u0636\u0644\u0627\u062a \u0648\u0627\u0644\u0623\u0639\u0635\u0627\u0628.","robots":{"index":"index","follow":"follow","max-snippet":"max-snippet:-1","max-image-preview":"max-image-preview:large","max-video-preview":"max-video-preview:-1"},"canonical":"https:\/\/vitablanca.ma\/ar\/product-2\/now-foods-citrate-de-potassium-99-mg-180-gelules-vegetales-maroc\/","og_locale":"ar_AR","og_type":"article","og_title":"Now Foods Citrate de potassium 99 mg, 180 g\u00e9lules - Maroc Prix","og_description":"Achetez Now Foods Citrate de Potassium 99 mg au Maroc. Ces 180 g\u00e9lules fournissent une forme de potassium hautement biodisponible, musculaire et nerveuse.","og_url":"https:\/\/vitablanca.ma\/ar\/product-2\/now-foods-citrate-de-potassium-99-mg-180-gelules-vegetales-maroc\/","og_site_name":"Vitablanca.ma &ndash; Sant&eacute;, vitalit&eacute; et bien-&ecirc;tre pour tous les Marocains","article_publisher":"https:\/\/www.facebook.com\/profile.php?id=61576678196717","article_modified_time":"2026-01-01T01:04:07+00:00","og_image":[{"width":680,"height":680,"url":"https:\/\/vitablanca.ma\/wp-content\/uploads\/2025\/05\/now-foods-citrate-de-potassium-99-mg-180-gelules-vegetales.-.jpg","type":"image\/jpeg"}],"twitter_card":"summary_large_image","twitter_misc":{"\u0648\u0642\u062a \u0627\u0644\u0642\u0631\u0627\u0621\u0629 \u0627\u0644\u0645\u064f\u0642\u062f\u0651\u0631":"\u062f\u0642\u064a\u0642\u0629 \u0648\u0627\u062d\u062f\u0629"},"schema":{"@context":"https:\/\/schema.org","@graph":[{"@type":["WebPage","ItemPage"],"@id":"https:\/\/vitablanca.ma\/produit\/now-foods-citrate-de-potassium-99-mg-180-gelules-vegetales-maroc\/","url":"https:\/\/vitablanca.ma\/produit\/now-foods-citrate-de-potassium-99-mg-180-gelules-vegetales-maroc\/","name":"\u0646\u0627\u0648 \u0641\u0648\u062f\u0632 \u0633\u062a\u0631\u0627\u062a \u0627\u0644\u0628\u0648\u062a\u0627\u0633\u064a\u0648\u0645 99 \u0645\u0644\u063a\u060c 180 \u0643\u0628\u0633\u0648\u0644\u0629 - \u0633\u0639\u0631 \u0627\u0644\u0645\u063a\u0631\u0628","isPartOf":{"@id":"https:\/\/vitablanca.ma\/#website"},"primaryImageOfPage":{"@id":"https:\/\/vitablanca.ma\/produit\/now-foods-citrate-de-potassium-99-mg-180-gelules-vegetales-maroc\/#primaryimage"},"image":{"@id":"https:\/\/vitablanca.ma\/produit\/now-foods-citrate-de-potassium-99-mg-180-gelules-vegetales-maroc\/#primaryimage"},"thumbnailUrl":"https:\/\/vitablanca.ma\/wp-content\/uploads\/2025\/05\/now-foods-citrate-de-potassium-99-mg-180-gelules-vegetales.-.jpg","datePublished":"2025-05-31T00:40:38+00:00","dateModified":"2026-01-01T01:04:07+00:00","description":"\u0627\u0634\u062a\u0631\u0650 \u0627\u0644\u0622\u0646 \u0633\u062a\u0631\u0627\u062a \u0627\u0644\u0628\u0648\u062a\u0627\u0633\u064a\u0648\u0645 \u0669\u0669 \u0645\u0644\u063a \u0645\u0646 \u0641\u0648\u062f\u0632 \u0641\u064a \u0627\u0644\u0645\u063a\u0631\u0628. \u062a\u0648\u0641\u0631 \u0647\u0630\u0647 \u0627\u0644\u0643\u0628\u0633\u0648\u0644\u0627\u062a\u060c \u0627\u0644\u062a\u064a \u062a\u062d\u062a\u0648\u064a \u0639\u0644\u0649 \u0661\u0668\u0660 \u0643\u0628\u0633\u0648\u0644\u0629\u060c \u0634\u0643\u0644\u0627\u064b \u0639\u0627\u0644\u064a \u0627\u0644\u062a\u0648\u0627\u0641\u0631 \u0627\u0644\u062d\u064a\u0648\u064a \u0645\u0646 \u0627\u0644\u0628\u0648\u062a\u0627\u0633\u064a\u0648\u0645 \u0644\u0648\u0638\u0627\u0626\u0641 \u0627\u0644\u0639\u0636\u0644\u0627\u062a \u0648\u0627\u0644\u0623\u0639\u0635\u0627\u0628.","breadcrumb":{"@id":"https:\/\/vitablanca.ma\/produit\/now-foods-citrate-de-potassium-99-mg-180-gelules-vegetales-maroc\/#breadcrumb"},"inLanguage":"ar","potentialAction":[{"@type":"ReadAction","target":["https:\/\/vitablanca.ma\/produit\/now-foods-citrate-de-potassium-99-mg-180-gelules-vegetales-maroc\/"]}]},{"@type":"ImageObject","inLanguage":"ar","@id":"https:\/\/vitablanca.ma\/produit\/now-foods-citrate-de-potassium-99-mg-180-gelules-vegetales-maroc\/#primaryimage","url":"https:\/\/vitablanca.ma\/wp-content\/uploads\/2025\/05\/now-foods-citrate-de-potassium-99-mg-180-gelules-vegetales.-.jpg","contentUrl":"https:\/\/vitablanca.ma\/wp-content\/uploads\/2025\/05\/now-foods-citrate-de-potassium-99-mg-180-gelules-vegetales.-.jpg","width":680,"height":680},{"@type":"BreadcrumbList","@id":"https:\/\/vitablanca.ma\/produit\/now-foods-citrate-de-potassium-99-mg-180-gelules-vegetales-maroc\/#breadcrumb","itemListElement":[{"@type":"ListItem","position":1,"name":"Home","item":"https:\/\/vitablanca.ma\/"},{"@type":"ListItem","position":2,"name":"Tous Les Produits","item":"https:\/\/vitablanca.ma\/tous-les-produits\/"},{"@type":"ListItem","position":3,"name":"Now Foods Citrate de potassium 99 mg, 180 g\u00e9lules v\u00e9g\u00e9tales."}]},{"@type":"WebSite","@id":"https:\/\/vitablanca.ma\/#website","url":"https:\/\/vitablanca.ma\/","name":"VitaBlanca.ma | \u0627\u0644\u0645\u0643\u0645\u0644\u0627\u062a \u0627\u0644\u063a\u0630\u0627\u0626\u064a\u0629\u060c \u0627\u0644\u0635\u062d\u0629 \u0648\u0627\u0644\u062c\u0645\u0627\u0644 \u0641\u064a \u0627\u0644\u0645\u063a\u0631\u0628","description":"\u0646\u0628\u064a\u0639 \u0641\u064a\u062a\u0627\u0645\u064a\u0646\u0627\u062a \u0648\u0645\u0643\u0645\u0644\u0627\u062a \u063a\u0630\u0627\u0626\u064a\u0629 \u0641\u0627\u062e\u0631\u0629 \u0645\u0646 \u0627\u0644\u0648\u0644\u0627\u064a\u0627\u062a \u0627\u0644\u0645\u062a\u062d\u062f\u0629 \u0627\u0644\u0623\u0645\u0631\u064a\u0643\u064a\u0629 \u0648\u0643\u0646\u062f\u0627 \u0648\u0646\u064a\u0648\u0632\u064a\u0644\u0646\u062f\u0627 \u0648\u0627\u0644\u0645\u063a\u0631\u0628 (\u0646\u0627\u0648 \u0641\u0648\u062f\u0632\u060c \u0633\u0648\u0644\u062c\u0627\u0631\u060c \u0645\u0627\u0646\u0648\u0643\u0627). \u062a\u0648\u0635\u064a\u0644 \u0633\u0631\u064a\u0639 \u0625\u0644\u0649 \u062c\u0645\u064a\u0639 \u0623\u0646\u062d\u0627\u0621 \u0627\u0644\u0645\u063a\u0631\u0628.","publisher":{"@id":"https:\/\/vitablanca.ma\/#organization"},"alternateName":"VitaBlanca.ma","potentialAction":[{"@type":"SearchAction","target":{"@type":"EntryPoint","urlTemplate":"https:\/\/vitablanca.ma\/?s={search_term_string}"},"query-input":{"@type":"PropertyValueSpecification","valueRequired":true,"valueName":"search_term_string"}}],"inLanguage":"ar"},{"@type":"Organization","@id":"https:\/\/vitablanca.ma\/#organization","name":"\u0641\u064a\u062a\u0627\u0628\u0644\u0627\u0646\u0643\u0627","url":"https:\/\/vitablanca.ma\/","logo":{"@type":"ImageObject","inLanguage":"ar","@id":"https:\/\/vitablanca.ma\/#\/schema\/logo\/image\/","url":"https:\/\/vitablanca.ma\/wp-content\/uploads\/2025\/05\/cropped-vitablanca.png","contentUrl":"https:\/\/vitablanca.ma\/wp-content\/uploads\/2025\/05\/cropped-vitablanca.png","width":360,"height":67,"caption":"VitaBlanca"},"image":{"@id":"https:\/\/vitablanca.ma\/#\/schema\/logo\/image\/"},"sameAs":["https:\/\/www.facebook.com\/profile.php?id=61576678196717","https:\/\/www.tiktok.com\/@vitablanca.ma","https:\/\/www.instagram.com\/vitablanca.ma\/"]}]}},"jetpack_sharing_enabled":true,"_links":{"self":[{"href":"https:\/\/vitablanca.ma\/ar\/wp-json\/wp\/v2\/product\/14001","targetHints":{"allow":["GET"]}}],"collection":[{"href":"https:\/\/vitablanca.ma\/ar\/wp-json\/wp\/v2\/product"}],"about":[{"href":"https:\/\/vitablanca.ma\/ar\/wp-json\/wp\/v2\/types\/product"}],"wp:featuredmedia":[{"embeddable":true,"href":"https:\/\/vitablanca.ma\/ar\/wp-json\/wp\/v2\/media\/14007"}],"wp:attachment":[{"href":"https:\/\/vitablanca.ma\/ar\/wp-json\/wp\/v2\/media?parent=14001"}],"wp:term":[{"taxonomy":"product_brand","embeddable":true,"href":"https:\/\/vitablanca.ma\/ar\/wp-json\/wp\/v2\/product_brand?post=14001"},{"taxonomy":"product_cat","embeddable":true,"href":"https:\/\/vitablanca.ma\/ar\/wp-json\/wp\/v2\/product_cat?post=14001"},{"taxonomy":"product_tag","embeddable":true,"href":"https:\/\/vitablanca.ma\/ar\/wp-json\/wp\/v2\/product_tag?post=14001"}],"curies":[{"name":"wp","href":"https:\/\/api.w.org\/{rel}","templated":true}]}}