{"id":13990,"date":"2025-05-30T23:05:23","date_gmt":"2025-05-30T23:05:23","guid":{"rendered":"https:\/\/vitablanca.ma\/?post_type=product&#038;p=13990"},"modified":"2026-03-29T13:27:11","modified_gmt":"2026-03-29T13:27:11","slug":"now-foods-glycine-1000-mg-100-gelules-vegetales-soutien-aux-neurotransmetteurs-maroc","status":"publish","type":"product","link":"https:\/\/vitablanca.ma\/ar\/product-2\/now-foods-glycine-1000-mg-100-gelules-vegetales-soutien-aux-neurotransmetteurs-maroc\/","title":{"rendered":"\u0646\u0627\u0648 \u0641\u0648\u062f\u0632 \u062c\u0644\u0627\u064a\u0633\u064a\u0646 1000 \u0645\u0644\u062c\u0645 100 \u0643\u0628\u0633\u0648\u0644\u0629 \u0646\u0628\u0627\u062a\u064a\u0629 \u0644\u062f\u0639\u0645 \u0627\u0644\u0646\u0627\u0642\u0644 \u0627\u0644\u0639\u0635\u0628\u064a."},"content":{"rendered":"<p>La glycine est l\u2019acide amin\u00e9 le plus petit et le plus simple, ce qui la rend polyvalente pour une utilisation dans un large \u00e9ventail de fonctions.\u00a0La glycine est n\u00e9cessaire \u00e0 la production de glutathion, d\u2019ADN, de cr\u00e9atine, de bile, d\u2019h\u00e9moglobine et de la plupart des prot\u00e9ines *. Elle aide \u00e9galement \u00e0 favoriser le stockage du glycog\u00e8ne, rendant ainsi le glucose facilement disponible pour la production d\u2019\u00e9nergie *. La glycine joue \u00e9galement un r\u00f4le de neurotransmetteur calmant dans le cerveau. , o\u00f9 il facilite les impulsions nerveuses et est important pour le maintien de saines habitudes de sommeil. *<\/p>","protected":false},"excerpt":{"rendered":"<ul>\n<li><strong>\u0627\u0644\u0641\u0626\u0629 \u0627\u0644\u0635\u064a\u062f\u0644\u0627\u0646\u064a\u0629\u060c \u0634\u0643\u0644 \u062d\u0631<\/strong><\/li>\n<li><strong>\u064a\u0639\u0632\u0632 \u0627\u0644\u0646\u0648\u0645 \u0627\u0644\u0645\u0631\u064a\u062d*<\/strong><\/li>\n<li><strong>\u062f\u0639\u0645 \u0627\u0644\u062c\u0647\u0627\u0632 \u0627\u0644\u0639\u0635\u0628\u064a*<\/strong><\/li>\n<\/ul>","protected":false},"featured_media":13992,"template":"","meta":{"om_disable_all_campaigns":false},"product_brand":[83],"product_cat":[18,3366,130,19],"product_tag":[201,1699,821,1739,1738,1736,1737,88,91,388,726,1700,680,1742,1690,1740,1743,1741,1709,226],"class_list":{"0":"post-13990","1":"product","2":"type-product","3":"status-publish","4":"has-post-thumbnail","6":"product_brand-now-foods-maroc-prix","7":"product_cat-beaute-sante","8":"product_cat-complements-alimentaires-au-maroc-vitablanca","9":"product_cat-vitamines","10":"product_cat-vitamines-supplements-dietetiques","11":"product_tag-acide-amine","12":"product_tag-bien-etre","13":"product_tag-complement-alimentaire-maroc","14":"product_tag-detoxification","15":"product_tag-gelules-vegetales","16":"product_tag-glycine","17":"product_tag-glycine-1000-mg","18":"product_tag-now-foods","19":"product_tag-now-foods-maroc","20":"product_tag-now-foods-maroc-avis","21":"product_tag-now-foods-maroc-prix","22":"product_tag-pharmacie-en-ligne-maroc","23":"product_tag-produit-naturel","24":"product_tag-relaxation","25":"product_tag-sante-maroc","26":"product_tag-sante-mentale","27":"product_tag-sommeil-reparateur","28":"product_tag-soutien-cognitif","29":"product_tag-supplement-naturel","30":"product_tag-systeme-nerveux","32":"first","33":"outofstock","34":"sale","35":"taxable","36":"shipping-taxable","37":"purchasable","38":"product-type-simple"},"yoast_head":"<!-- This site is optimized with the Yoast SEO plugin v27.5 - https:\/\/yoast.com\/product\/yoast-seo-wordpress\/ -->\n<title>Now Foods Glycine 1000 mg 100 G\u00e9lules - Maroc Prix<\/title>\n<meta name=\"description\" content=\"Achetez Now Foods Glycine 1000 mg au Maroc. Ces 100 g\u00e9lules fournissent de la glycine, un acide amin\u00e9 essentiel qui favorise la relaxation, le calme mental.\" \/>\n<meta name=\"robots\" content=\"index, follow, max-snippet:-1, max-image-preview:large, max-video-preview:-1\" \/>\n<link rel=\"canonical\" href=\"https:\/\/vitablanca.ma\/ar\/product-2\/now-foods-glycine-1000-mg-100-gelules-vegetales-soutien-aux-neurotransmetteurs-maroc\/\" \/>\n<meta property=\"og:locale\" content=\"ar_AR\" \/>\n<meta property=\"og:type\" content=\"article\" \/>\n<meta property=\"og:title\" content=\"Now Foods Glycine 1000 mg 100 G\u00e9lules - Maroc Prix\" \/>\n<meta property=\"og:description\" content=\"Achetez Now Foods Glycine 1000 mg au Maroc. Ces 100 g\u00e9lules fournissent de la glycine, un acide amin\u00e9 essentiel qui favorise la relaxation, le calme mental.\" \/>\n<meta property=\"og:url\" content=\"https:\/\/vitablanca.ma\/ar\/product-2\/now-foods-glycine-1000-mg-100-gelules-vegetales-soutien-aux-neurotransmetteurs-maroc\/\" \/>\n<meta property=\"og:site_name\" content=\"Vitablanca.ma &ndash; Sant&eacute;, vitalit&eacute; et bien-&ecirc;tre pour tous les Marocains\" \/>\n<meta property=\"article:publisher\" content=\"https:\/\/www.facebook.com\/profile.php?id=61576678196717\" \/>\n<meta property=\"article:modified_time\" content=\"2026-03-29T13:27:11+00:00\" \/>\n<meta property=\"og:image\" content=\"https:\/\/vitablanca.ma\/wp-content\/uploads\/2025\/05\/now-foods-glycine-1000-mg-100-gelules-vegetales-.jpg\" \/>\n\t<meta property=\"og:image:width\" content=\"680\" \/>\n\t<meta property=\"og:image:height\" content=\"680\" \/>\n\t<meta property=\"og:image:type\" content=\"image\/jpeg\" \/>\n<meta name=\"twitter:card\" content=\"summary_large_image\" \/>\n<meta name=\"twitter:label1\" content=\"\u0648\u0642\u062a \u0627\u0644\u0642\u0631\u0627\u0621\u0629 \u0627\u0644\u0645\u064f\u0642\u062f\u0651\u0631\" \/>\n\t<meta name=\"twitter:data1\" content=\"\u062f\u0642\u064a\u0642\u0629 \u0648\u0627\u062d\u062f\u0629\" \/>\n<script type=\"application\/ld+json\" class=\"yoast-schema-graph\">{\"@context\":\"https:\\\/\\\/schema.org\",\"@graph\":[{\"@type\":[\"WebPage\",\"ItemPage\"],\"@id\":\"https:\\\/\\\/vitablanca.ma\\\/produit\\\/now-foods-glycine-1000-mg-100-gelules-vegetales-soutien-aux-neurotransmetteurs-maroc\\\/\",\"url\":\"https:\\\/\\\/vitablanca.ma\\\/produit\\\/now-foods-glycine-1000-mg-100-gelules-vegetales-soutien-aux-neurotransmetteurs-maroc\\\/\",\"name\":\"Now Foods Glycine 1000 mg 100 G\u00e9lules - Maroc Prix\",\"isPartOf\":{\"@id\":\"https:\\\/\\\/vitablanca.ma\\\/#website\"},\"primaryImageOfPage\":{\"@id\":\"https:\\\/\\\/vitablanca.ma\\\/produit\\\/now-foods-glycine-1000-mg-100-gelules-vegetales-soutien-aux-neurotransmetteurs-maroc\\\/#primaryimage\"},\"image\":{\"@id\":\"https:\\\/\\\/vitablanca.ma\\\/produit\\\/now-foods-glycine-1000-mg-100-gelules-vegetales-soutien-aux-neurotransmetteurs-maroc\\\/#primaryimage\"},\"thumbnailUrl\":\"https:\\\/\\\/vitablanca.ma\\\/wp-content\\\/uploads\\\/2025\\\/05\\\/now-foods-glycine-1000-mg-100-gelules-vegetales-.jpg\",\"datePublished\":\"2025-05-30T23:05:23+00:00\",\"dateModified\":\"2026-03-29T13:27:11+00:00\",\"description\":\"Achetez Now Foods Glycine 1000 mg au Maroc. Ces 100 g\u00e9lules fournissent de la glycine, un acide amin\u00e9 essentiel qui favorise la relaxation, le calme mental.\",\"breadcrumb\":{\"@id\":\"https:\\\/\\\/vitablanca.ma\\\/produit\\\/now-foods-glycine-1000-mg-100-gelules-vegetales-soutien-aux-neurotransmetteurs-maroc\\\/#breadcrumb\"},\"inLanguage\":\"ar\",\"potentialAction\":[{\"@type\":\"ReadAction\",\"target\":[\"https:\\\/\\\/vitablanca.ma\\\/produit\\\/now-foods-glycine-1000-mg-100-gelules-vegetales-soutien-aux-neurotransmetteurs-maroc\\\/\"]}]},{\"@type\":\"ImageObject\",\"inLanguage\":\"ar\",\"@id\":\"https:\\\/\\\/vitablanca.ma\\\/produit\\\/now-foods-glycine-1000-mg-100-gelules-vegetales-soutien-aux-neurotransmetteurs-maroc\\\/#primaryimage\",\"url\":\"https:\\\/\\\/vitablanca.ma\\\/wp-content\\\/uploads\\\/2025\\\/05\\\/now-foods-glycine-1000-mg-100-gelules-vegetales-.jpg\",\"contentUrl\":\"https:\\\/\\\/vitablanca.ma\\\/wp-content\\\/uploads\\\/2025\\\/05\\\/now-foods-glycine-1000-mg-100-gelules-vegetales-.jpg\",\"width\":680,\"height\":680},{\"@type\":\"BreadcrumbList\",\"@id\":\"https:\\\/\\\/vitablanca.ma\\\/produit\\\/now-foods-glycine-1000-mg-100-gelules-vegetales-soutien-aux-neurotransmetteurs-maroc\\\/#breadcrumb\",\"itemListElement\":[{\"@type\":\"ListItem\",\"position\":1,\"name\":\"Home\",\"item\":\"https:\\\/\\\/vitablanca.ma\\\/\"},{\"@type\":\"ListItem\",\"position\":2,\"name\":\"Tous Les Produits\",\"item\":\"https:\\\/\\\/vitablanca.ma\\\/tous-les-produits\\\/\"},{\"@type\":\"ListItem\",\"position\":3,\"name\":\"Now Foods Glycine 1000 mg 100 G\u00e9lules V\u00e9g\u00e9tales Soutien aux neurotransmetteurs.\"}]},{\"@type\":\"WebSite\",\"@id\":\"https:\\\/\\\/vitablanca.ma\\\/#website\",\"url\":\"https:\\\/\\\/vitablanca.ma\\\/\",\"name\":\"VitaBlanca.ma | Compl\u00e9ments alimentaires, sant\u00e9 & beaut\u00e9 au Maroc\",\"description\":\"vendre vitamines et compl\u00e9ments premium des USA &amp; Canada, Nouvelle Z\u00e9lande,Maroc (NOW Foods, Solgar, Manuka). Livraison rapide partout au Maroc.\",\"publisher\":{\"@id\":\"https:\\\/\\\/vitablanca.ma\\\/#organization\"},\"alternateName\":\"VitaBlanca.ma\",\"potentialAction\":[{\"@type\":\"SearchAction\",\"target\":{\"@type\":\"EntryPoint\",\"urlTemplate\":\"https:\\\/\\\/vitablanca.ma\\\/?s={search_term_string}\"},\"query-input\":{\"@type\":\"PropertyValueSpecification\",\"valueRequired\":true,\"valueName\":\"search_term_string\"}}],\"inLanguage\":\"ar\"},{\"@type\":\"Organization\",\"@id\":\"https:\\\/\\\/vitablanca.ma\\\/#organization\",\"name\":\"VitaBlanca\",\"url\":\"https:\\\/\\\/vitablanca.ma\\\/\",\"logo\":{\"@type\":\"ImageObject\",\"inLanguage\":\"ar\",\"@id\":\"https:\\\/\\\/vitablanca.ma\\\/#\\\/schema\\\/logo\\\/image\\\/\",\"url\":\"https:\\\/\\\/vitablanca.ma\\\/wp-content\\\/uploads\\\/2025\\\/05\\\/cropped-vitablanca.png\",\"contentUrl\":\"https:\\\/\\\/vitablanca.ma\\\/wp-content\\\/uploads\\\/2025\\\/05\\\/cropped-vitablanca.png\",\"width\":360,\"height\":67,\"caption\":\"VitaBlanca\"},\"image\":{\"@id\":\"https:\\\/\\\/vitablanca.ma\\\/#\\\/schema\\\/logo\\\/image\\\/\"},\"sameAs\":[\"https:\\\/\\\/www.facebook.com\\\/profile.php?id=61576678196717\",\"https:\\\/\\\/www.tiktok.com\\\/@vitablanca.ma\",\"https:\\\/\\\/www.instagram.com\\\/vitablanca.ma\\\/\"]}]}<\/script>\n<!-- \/ Yoast SEO plugin. -->","yoast_head_json":{"title":"\u0646\u0627\u0648 \u0641\u0648\u062f\u0632 \u062c\u0644\u0627\u064a\u0633\u064a\u0646 \u0661\u0660\u0660\u0660 \u0645\u062c\u0645 \u0661\u0660\u0660 \u0643\u0628\u0633\u0648\u0644\u0629 - \u0633\u0639\u0631 \u0627\u0644\u0645\u063a\u0631\u0628","description":"\u0627\u0634\u062a\u0631\u0650 \u0627\u0644\u0622\u0646 \u062c\u0644\u064a\u0633\u064a\u0646 \u0641\u0648\u062f\u0632 \u0661\u0660\u0660\u0660 \u0645\u0644\u063a \u0645\u0646 \u0627\u0644\u0645\u063a\u0631\u0628. \u062a\u062d\u062a\u0648\u064a \u0647\u0630\u0647 \u0627\u0644\u0643\u0628\u0633\u0648\u0644\u0627\u062a \u0627\u0644\u0640 \u0661\u0660\u0660 \u0639\u0644\u0649 \u0627\u0644\u062c\u0644\u064a\u0633\u064a\u0646\u060c \u0648\u0647\u0648 \u062d\u0645\u0636 \u0623\u0645\u064a\u0646\u064a \u0623\u0633\u0627\u0633\u064a \u064a\u0639\u0632\u0632 \u0627\u0644\u0627\u0633\u062a\u0631\u062e\u0627\u0621 \u0648\u0627\u0644\u0647\u062f\u0648\u0621 \u0627\u0644\u0646\u0641\u0633\u064a.","robots":{"index":"index","follow":"follow","max-snippet":"max-snippet:-1","max-image-preview":"max-image-preview:large","max-video-preview":"max-video-preview:-1"},"canonical":"https:\/\/vitablanca.ma\/ar\/product-2\/now-foods-glycine-1000-mg-100-gelules-vegetales-soutien-aux-neurotransmetteurs-maroc\/","og_locale":"ar_AR","og_type":"article","og_title":"Now Foods Glycine 1000 mg 100 G\u00e9lules - Maroc Prix","og_description":"Achetez Now Foods Glycine 1000 mg au Maroc. Ces 100 g\u00e9lules fournissent de la glycine, un acide amin\u00e9 essentiel qui favorise la relaxation, le calme mental.","og_url":"https:\/\/vitablanca.ma\/ar\/product-2\/now-foods-glycine-1000-mg-100-gelules-vegetales-soutien-aux-neurotransmetteurs-maroc\/","og_site_name":"Vitablanca.ma &ndash; Sant&eacute;, vitalit&eacute; et bien-&ecirc;tre pour tous les Marocains","article_publisher":"https:\/\/www.facebook.com\/profile.php?id=61576678196717","article_modified_time":"2026-03-29T13:27:11+00:00","og_image":[{"width":680,"height":680,"url":"https:\/\/vitablanca.ma\/wp-content\/uploads\/2025\/05\/now-foods-glycine-1000-mg-100-gelules-vegetales-.jpg","type":"image\/jpeg"}],"twitter_card":"summary_large_image","twitter_misc":{"\u0648\u0642\u062a \u0627\u0644\u0642\u0631\u0627\u0621\u0629 \u0627\u0644\u0645\u064f\u0642\u062f\u0651\u0631":"\u062f\u0642\u064a\u0642\u0629 \u0648\u0627\u062d\u062f\u0629"},"schema":{"@context":"https:\/\/schema.org","@graph":[{"@type":["WebPage","ItemPage"],"@id":"https:\/\/vitablanca.ma\/produit\/now-foods-glycine-1000-mg-100-gelules-vegetales-soutien-aux-neurotransmetteurs-maroc\/","url":"https:\/\/vitablanca.ma\/produit\/now-foods-glycine-1000-mg-100-gelules-vegetales-soutien-aux-neurotransmetteurs-maroc\/","name":"\u0646\u0627\u0648 \u0641\u0648\u062f\u0632 \u062c\u0644\u0627\u064a\u0633\u064a\u0646 \u0661\u0660\u0660\u0660 \u0645\u062c\u0645 \u0661\u0660\u0660 \u0643\u0628\u0633\u0648\u0644\u0629 - \u0633\u0639\u0631 \u0627\u0644\u0645\u063a\u0631\u0628","isPartOf":{"@id":"https:\/\/vitablanca.ma\/#website"},"primaryImageOfPage":{"@id":"https:\/\/vitablanca.ma\/produit\/now-foods-glycine-1000-mg-100-gelules-vegetales-soutien-aux-neurotransmetteurs-maroc\/#primaryimage"},"image":{"@id":"https:\/\/vitablanca.ma\/produit\/now-foods-glycine-1000-mg-100-gelules-vegetales-soutien-aux-neurotransmetteurs-maroc\/#primaryimage"},"thumbnailUrl":"https:\/\/vitablanca.ma\/wp-content\/uploads\/2025\/05\/now-foods-glycine-1000-mg-100-gelules-vegetales-.jpg","datePublished":"2025-05-30T23:05:23+00:00","dateModified":"2026-03-29T13:27:11+00:00","description":"\u0627\u0634\u062a\u0631\u0650 \u0627\u0644\u0622\u0646 \u062c\u0644\u064a\u0633\u064a\u0646 \u0641\u0648\u062f\u0632 \u0661\u0660\u0660\u0660 \u0645\u0644\u063a \u0645\u0646 \u0627\u0644\u0645\u063a\u0631\u0628. \u062a\u062d\u062a\u0648\u064a \u0647\u0630\u0647 \u0627\u0644\u0643\u0628\u0633\u0648\u0644\u0627\u062a \u0627\u0644\u0640 \u0661\u0660\u0660 \u0639\u0644\u0649 \u0627\u0644\u062c\u0644\u064a\u0633\u064a\u0646\u060c \u0648\u0647\u0648 \u062d\u0645\u0636 \u0623\u0645\u064a\u0646\u064a \u0623\u0633\u0627\u0633\u064a \u064a\u0639\u0632\u0632 \u0627\u0644\u0627\u0633\u062a\u0631\u062e\u0627\u0621 \u0648\u0627\u0644\u0647\u062f\u0648\u0621 \u0627\u0644\u0646\u0641\u0633\u064a.","breadcrumb":{"@id":"https:\/\/vitablanca.ma\/produit\/now-foods-glycine-1000-mg-100-gelules-vegetales-soutien-aux-neurotransmetteurs-maroc\/#breadcrumb"},"inLanguage":"ar","potentialAction":[{"@type":"ReadAction","target":["https:\/\/vitablanca.ma\/produit\/now-foods-glycine-1000-mg-100-gelules-vegetales-soutien-aux-neurotransmetteurs-maroc\/"]}]},{"@type":"ImageObject","inLanguage":"ar","@id":"https:\/\/vitablanca.ma\/produit\/now-foods-glycine-1000-mg-100-gelules-vegetales-soutien-aux-neurotransmetteurs-maroc\/#primaryimage","url":"https:\/\/vitablanca.ma\/wp-content\/uploads\/2025\/05\/now-foods-glycine-1000-mg-100-gelules-vegetales-.jpg","contentUrl":"https:\/\/vitablanca.ma\/wp-content\/uploads\/2025\/05\/now-foods-glycine-1000-mg-100-gelules-vegetales-.jpg","width":680,"height":680},{"@type":"BreadcrumbList","@id":"https:\/\/vitablanca.ma\/produit\/now-foods-glycine-1000-mg-100-gelules-vegetales-soutien-aux-neurotransmetteurs-maroc\/#breadcrumb","itemListElement":[{"@type":"ListItem","position":1,"name":"Home","item":"https:\/\/vitablanca.ma\/"},{"@type":"ListItem","position":2,"name":"Tous Les Produits","item":"https:\/\/vitablanca.ma\/tous-les-produits\/"},{"@type":"ListItem","position":3,"name":"Now Foods Glycine 1000 mg 100 G\u00e9lules V\u00e9g\u00e9tales Soutien aux neurotransmetteurs."}]},{"@type":"WebSite","@id":"https:\/\/vitablanca.ma\/#website","url":"https:\/\/vitablanca.ma\/","name":"VitaBlanca.ma | \u0627\u0644\u0645\u0643\u0645\u0644\u0627\u062a \u0627\u0644\u063a\u0630\u0627\u0626\u064a\u0629\u060c \u0627\u0644\u0635\u062d\u0629 \u0648\u0627\u0644\u062c\u0645\u0627\u0644 \u0641\u064a \u0627\u0644\u0645\u063a\u0631\u0628","description":"\u0646\u0628\u064a\u0639 \u0641\u064a\u062a\u0627\u0645\u064a\u0646\u0627\u062a \u0648\u0645\u0643\u0645\u0644\u0627\u062a \u063a\u0630\u0627\u0626\u064a\u0629 \u0641\u0627\u062e\u0631\u0629 \u0645\u0646 \u0627\u0644\u0648\u0644\u0627\u064a\u0627\u062a \u0627\u0644\u0645\u062a\u062d\u062f\u0629 \u0627\u0644\u0623\u0645\u0631\u064a\u0643\u064a\u0629 \u0648\u0643\u0646\u062f\u0627 \u0648\u0646\u064a\u0648\u0632\u064a\u0644\u0646\u062f\u0627 \u0648\u0627\u0644\u0645\u063a\u0631\u0628 (\u0646\u0627\u0648 \u0641\u0648\u062f\u0632\u060c \u0633\u0648\u0644\u062c\u0627\u0631\u060c \u0645\u0627\u0646\u0648\u0643\u0627). \u062a\u0648\u0635\u064a\u0644 \u0633\u0631\u064a\u0639 \u0625\u0644\u0649 \u062c\u0645\u064a\u0639 \u0623\u0646\u062d\u0627\u0621 \u0627\u0644\u0645\u063a\u0631\u0628.","publisher":{"@id":"https:\/\/vitablanca.ma\/#organization"},"alternateName":"VitaBlanca.ma","potentialAction":[{"@type":"SearchAction","target":{"@type":"EntryPoint","urlTemplate":"https:\/\/vitablanca.ma\/?s={search_term_string}"},"query-input":{"@type":"PropertyValueSpecification","valueRequired":true,"valueName":"search_term_string"}}],"inLanguage":"ar"},{"@type":"Organization","@id":"https:\/\/vitablanca.ma\/#organization","name":"\u0641\u064a\u062a\u0627\u0628\u0644\u0627\u0646\u0643\u0627","url":"https:\/\/vitablanca.ma\/","logo":{"@type":"ImageObject","inLanguage":"ar","@id":"https:\/\/vitablanca.ma\/#\/schema\/logo\/image\/","url":"https:\/\/vitablanca.ma\/wp-content\/uploads\/2025\/05\/cropped-vitablanca.png","contentUrl":"https:\/\/vitablanca.ma\/wp-content\/uploads\/2025\/05\/cropped-vitablanca.png","width":360,"height":67,"caption":"VitaBlanca"},"image":{"@id":"https:\/\/vitablanca.ma\/#\/schema\/logo\/image\/"},"sameAs":["https:\/\/www.facebook.com\/profile.php?id=61576678196717","https:\/\/www.tiktok.com\/@vitablanca.ma","https:\/\/www.instagram.com\/vitablanca.ma\/"]}]}},"jetpack_sharing_enabled":true,"_links":{"self":[{"href":"https:\/\/vitablanca.ma\/ar\/wp-json\/wp\/v2\/product\/13990","targetHints":{"allow":["GET"]}}],"collection":[{"href":"https:\/\/vitablanca.ma\/ar\/wp-json\/wp\/v2\/product"}],"about":[{"href":"https:\/\/vitablanca.ma\/ar\/wp-json\/wp\/v2\/types\/product"}],"wp:featuredmedia":[{"embeddable":true,"href":"https:\/\/vitablanca.ma\/ar\/wp-json\/wp\/v2\/media\/13992"}],"wp:attachment":[{"href":"https:\/\/vitablanca.ma\/ar\/wp-json\/wp\/v2\/media?parent=13990"}],"wp:term":[{"taxonomy":"product_brand","embeddable":true,"href":"https:\/\/vitablanca.ma\/ar\/wp-json\/wp\/v2\/product_brand?post=13990"},{"taxonomy":"product_cat","embeddable":true,"href":"https:\/\/vitablanca.ma\/ar\/wp-json\/wp\/v2\/product_cat?post=13990"},{"taxonomy":"product_tag","embeddable":true,"href":"https:\/\/vitablanca.ma\/ar\/wp-json\/wp\/v2\/product_tag?post=13990"}],"curies":[{"name":"wp","href":"https:\/\/api.w.org\/{rel}","templated":true}]}}