{"id":13970,"date":"2025-05-30T15:27:41","date_gmt":"2025-05-30T15:27:41","guid":{"rendered":"https:\/\/vitablanca.ma\/?post_type=product&#038;p=13970"},"modified":"2025-08-30T21:22:16","modified_gmt":"2025-08-30T21:22:16","slug":"now-foods-potassium-gluconate-99-mg-100-tablets-essential-mineral-maroc-prix","status":"publish","type":"product","link":"https:\/\/vitablanca.ma\/ar\/product-2\/now-foods-potassium-gluconate-99-mg-100-tablets-essential-mineral-maroc-prix\/","title":{"rendered":"\u0646\u0627\u0648 \u0641\u0648\u062f\u0632\u060c \u062c\u0644\u0648\u0643\u0648\u0646\u0627\u062a \u0627\u0644\u0628\u0648\u062a\u0627\u0633\u064a\u0648\u0645 99 \u0645\u0644\u063a\u060c 100 \u0642\u0631\u0635\u060c \u0645\u0639\u062f\u0646 \u0623\u0633\u0627\u0633\u064a"},"content":{"rendered":"<p>L\u2019iodure de potassium (KI) est un compos\u00e9 qui contient de l\u2019iode, un nutriment n\u00e9cessaire \u00e0 la fonction thyro\u00efdienne normale.\u00a0L\u2019iode, sous forme d\u2019iodure, fait partie int\u00e9grante des s\u00e9cr\u00e9tions thyro\u00efdiennes qui r\u00e9gulent le m\u00e9tabolisme cellulaire et la production d\u2019\u00e9nergie.\u00a0NOW Potassium Plus Iodide fournit \u00e9galement du Potassium, un min\u00e9ral essentiel au maintien d\u2019une eau saine et d\u2019un bon \u00e9quilibre \u00e9lectrolytique, ainsi que du pH global du corps.<a href=\"https:\/\/www.jumia.ma\/customer\/account\/login\/?tkWl=NO879HB1GYQW8NAFAMZ-18464250&return=%2Fnow-foods-potassium-gluconate-99-mg-100-tablets-essential-mineral-29116988.html\"><\/a><\/p>\n\n\n\n<p><\/p>","protected":false},"excerpt":{"rendered":"<ul>\n<li>\u062f\u0639\u0645 \u0627\u0644\u063a\u062f\u0629 \u0627\u0644\u062f\u0631\u0642\u064a\u0629<\/li>\n<li>\u064a\u062f\u0639\u0645 \u062a\u0648\u0627\u0632\u0646 \u0627\u0644\u0645\u0639\u0627\u062f\u0646 \u0628\u0627\u0644\u0643\u0647\u0631\u0628\u0627\u0621<\/li>\n<li>\u0627\u0644\u062a\u063a\u0630\u064a\u0629 \u0645\u0646 \u0623\u062c\u0644 \u0648\u0638\u064a\u0641\u0629 \u0635\u062d\u064a\u0629 \u0644\u0644\u063a\u062f\u0629 \u0627\u0644\u062f\u0631\u0642\u064a\u0629<\/li>\n<li>\u063a\u064a\u0631 \u0645\u0639\u062f\u0644 \u0648\u0631\u0627\u062b\u064a\u064b\u0627<\/li>\n<li>\u0645\u0643\u0645\u0644 \u063a\u0630\u0627\u0626\u064a<\/li>\n<li>\u0646\u0628\u0627\u062a\u064a \/ \u0646\u0628\u0627\u062a\u064a \u0635\u0631\u0641<\/li>\n<li>\u0627\u0644\u0645\u0639\u0627\u062f\u0646<\/li>\n<li>\u0636\u0645\u0627\u0646 \u0627\u0644\u062c\u0648\u062f\u0629 \u0648\u0641\u0642\u064b\u0627 \u0644\u0645\u0639\u0627\u064a\u064a\u0631 GMP<\/li>\n<\/ul>","protected":false},"featured_media":13971,"template":"","meta":{"om_disable_all_campaigns":false},"product_brand":[83],"product_cat":[18,3366,19],"product_tag":[1699,1695,821,1696,1688,310,1697,88,91,388,726,1700,1687,680,1690,1693,1692,1689,1691],"class_list":{"0":"post-13970","1":"product","2":"type-product","3":"status-publish","4":"has-post-thumbnail","6":"product_brand-now-foods-maroc-prix","7":"product_cat-beaute-sante","8":"product_cat-complements-alimentaires-au-maroc-vitablanca","9":"product_cat-vitamines-supplements-dietetiques","10":"product_tag-bien-etre","11":"product_tag-boutique-bio-maroc","12":"product_tag-complement-alimentaire-maroc","13":"product_tag-comprimes-potassium","14":"product_tag-equilibre-electrolytique","15":"product_tag-gluconate-de-potassium","16":"product_tag-mineraux-essentiels","17":"product_tag-now-foods","18":"product_tag-now-foods-maroc","19":"product_tag-now-foods-maroc-avis","20":"product_tag-now-foods-maroc-prix","21":"product_tag-pharmacie-en-ligne-maroc","22":"product_tag-potassium-99-mg","23":"product_tag-produit-naturel","24":"product_tag-sante-maroc","25":"product_tag-sante-musculaire","26":"product_tag-supplement-nutritionnel","27":"product_tag-supplement-potassium","28":"product_tag-vitamines-et-mineraux","30":"first","31":"instock","32":"taxable","33":"shipping-taxable","34":"purchasable","35":"product-type-simple"},"yoast_head":"<!-- This site is optimized with the Yoast SEO plugin v27.5 - https:\/\/yoast.com\/product\/yoast-seo-wordpress\/ -->\n<title>Now Foods Potassium Gluconate 99 mg 100 Tablets - Maroc Prix<\/title>\n<meta name=\"description\" content=\"Achetez Now Foods Potassium Gluconate 99 mg au Maroc. Ces 100 comprim\u00e9s fournissent un min\u00e9ral essentiel crucial pour l&#039;\u00e9quilibre des fluides.\" \/>\n<meta name=\"robots\" content=\"index, follow, max-snippet:-1, max-image-preview:large, max-video-preview:-1\" \/>\n<link rel=\"canonical\" href=\"https:\/\/vitablanca.ma\/ar\/product-2\/now-foods-potassium-gluconate-99-mg-100-tablets-essential-mineral-maroc-prix\/\" \/>\n<meta property=\"og:locale\" content=\"ar_AR\" \/>\n<meta property=\"og:type\" content=\"article\" \/>\n<meta property=\"og:title\" content=\"Now Foods Potassium Gluconate 99 mg 100 Tablets - Maroc Prix\" \/>\n<meta property=\"og:description\" content=\"Achetez Now Foods Potassium Gluconate 99 mg au Maroc. Ces 100 comprim\u00e9s fournissent un min\u00e9ral essentiel crucial pour l&#039;\u00e9quilibre des fluides.\" \/>\n<meta property=\"og:url\" content=\"https:\/\/vitablanca.ma\/ar\/product-2\/now-foods-potassium-gluconate-99-mg-100-tablets-essential-mineral-maroc-prix\/\" \/>\n<meta property=\"og:site_name\" content=\"Vitablanca.ma &ndash; Sant&eacute;, vitalit&eacute; et bien-&ecirc;tre pour tous les Marocains\" \/>\n<meta property=\"article:publisher\" content=\"https:\/\/www.facebook.com\/profile.php?id=61576678196717\" \/>\n<meta property=\"article:modified_time\" content=\"2025-08-30T21:22:16+00:00\" \/>\n<meta property=\"og:image\" content=\"https:\/\/vitablanca.ma\/wp-content\/uploads\/2025\/05\/11-NOW-Foods-Supplements-Potassium-Gluconate-99mg-Easier-to-Swallow-Essential-Mineral-100-Tablets.jpg\" \/>\n\t<meta property=\"og:image:width\" content=\"680\" \/>\n\t<meta property=\"og:image:height\" content=\"680\" \/>\n\t<meta property=\"og:image:type\" content=\"image\/jpeg\" \/>\n<meta name=\"twitter:card\" content=\"summary_large_image\" \/>\n<meta name=\"twitter:label1\" content=\"\u0648\u0642\u062a \u0627\u0644\u0642\u0631\u0627\u0621\u0629 \u0627\u0644\u0645\u064f\u0642\u062f\u0651\u0631\" \/>\n\t<meta name=\"twitter:data1\" content=\"\u062f\u0642\u064a\u0642\u0629 \u0648\u0627\u062d\u062f\u0629\" \/>\n<script type=\"application\/ld+json\" class=\"yoast-schema-graph\">{\"@context\":\"https:\\\/\\\/schema.org\",\"@graph\":[{\"@type\":[\"WebPage\",\"ItemPage\"],\"@id\":\"https:\\\/\\\/vitablanca.ma\\\/produit\\\/now-foods-potassium-gluconate-99-mg-100-tablets-essential-mineral-maroc-prix\\\/\",\"url\":\"https:\\\/\\\/vitablanca.ma\\\/produit\\\/now-foods-potassium-gluconate-99-mg-100-tablets-essential-mineral-maroc-prix\\\/\",\"name\":\"Now Foods Potassium Gluconate 99 mg 100 Tablets - Maroc Prix\",\"isPartOf\":{\"@id\":\"https:\\\/\\\/vitablanca.ma\\\/#website\"},\"primaryImageOfPage\":{\"@id\":\"https:\\\/\\\/vitablanca.ma\\\/produit\\\/now-foods-potassium-gluconate-99-mg-100-tablets-essential-mineral-maroc-prix\\\/#primaryimage\"},\"image\":{\"@id\":\"https:\\\/\\\/vitablanca.ma\\\/produit\\\/now-foods-potassium-gluconate-99-mg-100-tablets-essential-mineral-maroc-prix\\\/#primaryimage\"},\"thumbnailUrl\":\"https:\\\/\\\/vitablanca.ma\\\/wp-content\\\/uploads\\\/2025\\\/05\\\/11-NOW-Foods-Supplements-Potassium-Gluconate-99mg-Easier-to-Swallow-Essential-Mineral-100-Tablets.jpg\",\"datePublished\":\"2025-05-30T15:27:41+00:00\",\"dateModified\":\"2025-08-30T21:22:16+00:00\",\"description\":\"Achetez Now Foods Potassium Gluconate 99 mg au Maroc. Ces 100 comprim\u00e9s fournissent un min\u00e9ral essentiel crucial pour l'\u00e9quilibre des fluides.\",\"breadcrumb\":{\"@id\":\"https:\\\/\\\/vitablanca.ma\\\/produit\\\/now-foods-potassium-gluconate-99-mg-100-tablets-essential-mineral-maroc-prix\\\/#breadcrumb\"},\"inLanguage\":\"ar\",\"potentialAction\":[{\"@type\":\"ReadAction\",\"target\":[\"https:\\\/\\\/vitablanca.ma\\\/produit\\\/now-foods-potassium-gluconate-99-mg-100-tablets-essential-mineral-maroc-prix\\\/\"]}]},{\"@type\":\"ImageObject\",\"inLanguage\":\"ar\",\"@id\":\"https:\\\/\\\/vitablanca.ma\\\/produit\\\/now-foods-potassium-gluconate-99-mg-100-tablets-essential-mineral-maroc-prix\\\/#primaryimage\",\"url\":\"https:\\\/\\\/vitablanca.ma\\\/wp-content\\\/uploads\\\/2025\\\/05\\\/11-NOW-Foods-Supplements-Potassium-Gluconate-99mg-Easier-to-Swallow-Essential-Mineral-100-Tablets.jpg\",\"contentUrl\":\"https:\\\/\\\/vitablanca.ma\\\/wp-content\\\/uploads\\\/2025\\\/05\\\/11-NOW-Foods-Supplements-Potassium-Gluconate-99mg-Easier-to-Swallow-Essential-Mineral-100-Tablets.jpg\",\"width\":680,\"height\":680},{\"@type\":\"BreadcrumbList\",\"@id\":\"https:\\\/\\\/vitablanca.ma\\\/produit\\\/now-foods-potassium-gluconate-99-mg-100-tablets-essential-mineral-maroc-prix\\\/#breadcrumb\",\"itemListElement\":[{\"@type\":\"ListItem\",\"position\":1,\"name\":\"Home\",\"item\":\"https:\\\/\\\/vitablanca.ma\\\/\"},{\"@type\":\"ListItem\",\"position\":2,\"name\":\"Tous Les Produits\",\"item\":\"https:\\\/\\\/vitablanca.ma\\\/tous-les-produits\\\/\"},{\"@type\":\"ListItem\",\"position\":3,\"name\":\"Now Foods Potassium Gluconate 99 mg 100 Tablets Essential Mineral\"}]},{\"@type\":\"WebSite\",\"@id\":\"https:\\\/\\\/vitablanca.ma\\\/#website\",\"url\":\"https:\\\/\\\/vitablanca.ma\\\/\",\"name\":\"VitaBlanca.ma | Compl\u00e9ments alimentaires, sant\u00e9 & beaut\u00e9 au Maroc\",\"description\":\"vendre vitamines et compl\u00e9ments premium des USA &amp; Canada, Nouvelle Z\u00e9lande,Maroc (NOW Foods, Solgar, Manuka). Livraison rapide partout au Maroc.\",\"publisher\":{\"@id\":\"https:\\\/\\\/vitablanca.ma\\\/#organization\"},\"alternateName\":\"VitaBlanca.ma\",\"potentialAction\":[{\"@type\":\"SearchAction\",\"target\":{\"@type\":\"EntryPoint\",\"urlTemplate\":\"https:\\\/\\\/vitablanca.ma\\\/?s={search_term_string}\"},\"query-input\":{\"@type\":\"PropertyValueSpecification\",\"valueRequired\":true,\"valueName\":\"search_term_string\"}}],\"inLanguage\":\"ar\"},{\"@type\":\"Organization\",\"@id\":\"https:\\\/\\\/vitablanca.ma\\\/#organization\",\"name\":\"VitaBlanca\",\"url\":\"https:\\\/\\\/vitablanca.ma\\\/\",\"logo\":{\"@type\":\"ImageObject\",\"inLanguage\":\"ar\",\"@id\":\"https:\\\/\\\/vitablanca.ma\\\/#\\\/schema\\\/logo\\\/image\\\/\",\"url\":\"https:\\\/\\\/vitablanca.ma\\\/wp-content\\\/uploads\\\/2025\\\/05\\\/cropped-vitablanca.png\",\"contentUrl\":\"https:\\\/\\\/vitablanca.ma\\\/wp-content\\\/uploads\\\/2025\\\/05\\\/cropped-vitablanca.png\",\"width\":360,\"height\":67,\"caption\":\"VitaBlanca\"},\"image\":{\"@id\":\"https:\\\/\\\/vitablanca.ma\\\/#\\\/schema\\\/logo\\\/image\\\/\"},\"sameAs\":[\"https:\\\/\\\/www.facebook.com\\\/profile.php?id=61576678196717\",\"https:\\\/\\\/www.tiktok.com\\\/@vitablanca.ma\",\"https:\\\/\\\/www.instagram.com\\\/vitablanca.ma\\\/\"]}]}<\/script>\n<!-- \/ Yoast SEO plugin. -->","yoast_head_json":{"title":"\u0646\u0627\u0648 \u0641\u0648\u062f\u0632 \u062c\u0644\u0648\u0643\u0648\u0646\u0627\u062a \u0627\u0644\u0628\u0648\u062a\u0627\u0633\u064a\u0648\u0645 99 \u0645\u0644\u063a 100 \u0642\u0631\u0635 - \u0633\u0639\u0631 \u0627\u0644\u0645\u063a\u0631\u0628","description":"\u0627\u0634\u062a\u0631\u0650 \u0627\u0644\u0622\u0646 \u063a\u0644\u0648\u0643\u0648\u0646\u0627\u062a \u0627\u0644\u0628\u0648\u062a\u0627\u0633\u064a\u0648\u0645 \u0669\u0669 \u0645\u0644\u063a \u0645\u0646 \u0641\u0648\u062f\u0632 \u0641\u064a \u0627\u0644\u0645\u063a\u0631\u0628. \u062a\u0648\u0641\u0631 \u0647\u0630\u0647 \u0627\u0644\u0623\u0642\u0631\u0627\u0635 \u0627\u0644\u0645\u0626\u0629 \u0645\u0639\u062f\u0646\u064b\u0627 \u0623\u0633\u0627\u0633\u064a\u064b\u0627 \u0636\u0631\u0648\u0631\u064a\u064b\u0627 \u0644\u062a\u0648\u0627\u0632\u0646 \u0627\u0644\u0633\u0648\u0627\u0626\u0644 \u0641\u064a \u0627\u0644\u062c\u0633\u0645.","robots":{"index":"index","follow":"follow","max-snippet":"max-snippet:-1","max-image-preview":"max-image-preview:large","max-video-preview":"max-video-preview:-1"},"canonical":"https:\/\/vitablanca.ma\/ar\/product-2\/now-foods-potassium-gluconate-99-mg-100-tablets-essential-mineral-maroc-prix\/","og_locale":"ar_AR","og_type":"article","og_title":"Now Foods Potassium Gluconate 99 mg 100 Tablets - Maroc Prix","og_description":"Achetez Now Foods Potassium Gluconate 99 mg au Maroc. Ces 100 comprim\u00e9s fournissent un min\u00e9ral essentiel crucial pour l'\u00e9quilibre des fluides.","og_url":"https:\/\/vitablanca.ma\/ar\/product-2\/now-foods-potassium-gluconate-99-mg-100-tablets-essential-mineral-maroc-prix\/","og_site_name":"Vitablanca.ma &ndash; Sant&eacute;, vitalit&eacute; et bien-&ecirc;tre pour tous les Marocains","article_publisher":"https:\/\/www.facebook.com\/profile.php?id=61576678196717","article_modified_time":"2025-08-30T21:22:16+00:00","og_image":[{"width":680,"height":680,"url":"https:\/\/vitablanca.ma\/wp-content\/uploads\/2025\/05\/11-NOW-Foods-Supplements-Potassium-Gluconate-99mg-Easier-to-Swallow-Essential-Mineral-100-Tablets.jpg","type":"image\/jpeg"}],"twitter_card":"summary_large_image","twitter_misc":{"\u0648\u0642\u062a \u0627\u0644\u0642\u0631\u0627\u0621\u0629 \u0627\u0644\u0645\u064f\u0642\u062f\u0651\u0631":"\u062f\u0642\u064a\u0642\u0629 \u0648\u0627\u062d\u062f\u0629"},"schema":{"@context":"https:\/\/schema.org","@graph":[{"@type":["WebPage","ItemPage"],"@id":"https:\/\/vitablanca.ma\/produit\/now-foods-potassium-gluconate-99-mg-100-tablets-essential-mineral-maroc-prix\/","url":"https:\/\/vitablanca.ma\/produit\/now-foods-potassium-gluconate-99-mg-100-tablets-essential-mineral-maroc-prix\/","name":"\u0646\u0627\u0648 \u0641\u0648\u062f\u0632 \u062c\u0644\u0648\u0643\u0648\u0646\u0627\u062a \u0627\u0644\u0628\u0648\u062a\u0627\u0633\u064a\u0648\u0645 99 \u0645\u0644\u063a 100 \u0642\u0631\u0635 - \u0633\u0639\u0631 \u0627\u0644\u0645\u063a\u0631\u0628","isPartOf":{"@id":"https:\/\/vitablanca.ma\/#website"},"primaryImageOfPage":{"@id":"https:\/\/vitablanca.ma\/produit\/now-foods-potassium-gluconate-99-mg-100-tablets-essential-mineral-maroc-prix\/#primaryimage"},"image":{"@id":"https:\/\/vitablanca.ma\/produit\/now-foods-potassium-gluconate-99-mg-100-tablets-essential-mineral-maroc-prix\/#primaryimage"},"thumbnailUrl":"https:\/\/vitablanca.ma\/wp-content\/uploads\/2025\/05\/11-NOW-Foods-Supplements-Potassium-Gluconate-99mg-Easier-to-Swallow-Essential-Mineral-100-Tablets.jpg","datePublished":"2025-05-30T15:27:41+00:00","dateModified":"2025-08-30T21:22:16+00:00","description":"\u0627\u0634\u062a\u0631\u0650 \u0627\u0644\u0622\u0646 \u063a\u0644\u0648\u0643\u0648\u0646\u0627\u062a \u0627\u0644\u0628\u0648\u062a\u0627\u0633\u064a\u0648\u0645 \u0669\u0669 \u0645\u0644\u063a \u0645\u0646 \u0641\u0648\u062f\u0632 \u0641\u064a \u0627\u0644\u0645\u063a\u0631\u0628. \u062a\u0648\u0641\u0631 \u0647\u0630\u0647 \u0627\u0644\u0623\u0642\u0631\u0627\u0635 \u0627\u0644\u0645\u0626\u0629 \u0645\u0639\u062f\u0646\u064b\u0627 \u0623\u0633\u0627\u0633\u064a\u064b\u0627 \u0636\u0631\u0648\u0631\u064a\u064b\u0627 \u0644\u062a\u0648\u0627\u0632\u0646 \u0627\u0644\u0633\u0648\u0627\u0626\u0644 \u0641\u064a \u0627\u0644\u062c\u0633\u0645.","breadcrumb":{"@id":"https:\/\/vitablanca.ma\/produit\/now-foods-potassium-gluconate-99-mg-100-tablets-essential-mineral-maroc-prix\/#breadcrumb"},"inLanguage":"ar","potentialAction":[{"@type":"ReadAction","target":["https:\/\/vitablanca.ma\/produit\/now-foods-potassium-gluconate-99-mg-100-tablets-essential-mineral-maroc-prix\/"]}]},{"@type":"ImageObject","inLanguage":"ar","@id":"https:\/\/vitablanca.ma\/produit\/now-foods-potassium-gluconate-99-mg-100-tablets-essential-mineral-maroc-prix\/#primaryimage","url":"https:\/\/vitablanca.ma\/wp-content\/uploads\/2025\/05\/11-NOW-Foods-Supplements-Potassium-Gluconate-99mg-Easier-to-Swallow-Essential-Mineral-100-Tablets.jpg","contentUrl":"https:\/\/vitablanca.ma\/wp-content\/uploads\/2025\/05\/11-NOW-Foods-Supplements-Potassium-Gluconate-99mg-Easier-to-Swallow-Essential-Mineral-100-Tablets.jpg","width":680,"height":680},{"@type":"BreadcrumbList","@id":"https:\/\/vitablanca.ma\/produit\/now-foods-potassium-gluconate-99-mg-100-tablets-essential-mineral-maroc-prix\/#breadcrumb","itemListElement":[{"@type":"ListItem","position":1,"name":"Home","item":"https:\/\/vitablanca.ma\/"},{"@type":"ListItem","position":2,"name":"Tous Les Produits","item":"https:\/\/vitablanca.ma\/tous-les-produits\/"},{"@type":"ListItem","position":3,"name":"Now Foods Potassium Gluconate 99 mg 100 Tablets Essential Mineral"}]},{"@type":"WebSite","@id":"https:\/\/vitablanca.ma\/#website","url":"https:\/\/vitablanca.ma\/","name":"VitaBlanca.ma | \u0627\u0644\u0645\u0643\u0645\u0644\u0627\u062a \u0627\u0644\u063a\u0630\u0627\u0626\u064a\u0629\u060c \u0627\u0644\u0635\u062d\u0629 \u0648\u0627\u0644\u062c\u0645\u0627\u0644 \u0641\u064a \u0627\u0644\u0645\u063a\u0631\u0628","description":"\u0646\u0628\u064a\u0639 \u0641\u064a\u062a\u0627\u0645\u064a\u0646\u0627\u062a \u0648\u0645\u0643\u0645\u0644\u0627\u062a \u063a\u0630\u0627\u0626\u064a\u0629 \u0641\u0627\u062e\u0631\u0629 \u0645\u0646 \u0627\u0644\u0648\u0644\u0627\u064a\u0627\u062a \u0627\u0644\u0645\u062a\u062d\u062f\u0629 \u0627\u0644\u0623\u0645\u0631\u064a\u0643\u064a\u0629 \u0648\u0643\u0646\u062f\u0627 \u0648\u0646\u064a\u0648\u0632\u064a\u0644\u0646\u062f\u0627 \u0648\u0627\u0644\u0645\u063a\u0631\u0628 (\u0646\u0627\u0648 \u0641\u0648\u062f\u0632\u060c \u0633\u0648\u0644\u062c\u0627\u0631\u060c \u0645\u0627\u0646\u0648\u0643\u0627). \u062a\u0648\u0635\u064a\u0644 \u0633\u0631\u064a\u0639 \u0625\u0644\u0649 \u062c\u0645\u064a\u0639 \u0623\u0646\u062d\u0627\u0621 \u0627\u0644\u0645\u063a\u0631\u0628.","publisher":{"@id":"https:\/\/vitablanca.ma\/#organization"},"alternateName":"VitaBlanca.ma","potentialAction":[{"@type":"SearchAction","target":{"@type":"EntryPoint","urlTemplate":"https:\/\/vitablanca.ma\/?s={search_term_string}"},"query-input":{"@type":"PropertyValueSpecification","valueRequired":true,"valueName":"search_term_string"}}],"inLanguage":"ar"},{"@type":"Organization","@id":"https:\/\/vitablanca.ma\/#organization","name":"\u0641\u064a\u062a\u0627\u0628\u0644\u0627\u0646\u0643\u0627","url":"https:\/\/vitablanca.ma\/","logo":{"@type":"ImageObject","inLanguage":"ar","@id":"https:\/\/vitablanca.ma\/#\/schema\/logo\/image\/","url":"https:\/\/vitablanca.ma\/wp-content\/uploads\/2025\/05\/cropped-vitablanca.png","contentUrl":"https:\/\/vitablanca.ma\/wp-content\/uploads\/2025\/05\/cropped-vitablanca.png","width":360,"height":67,"caption":"VitaBlanca"},"image":{"@id":"https:\/\/vitablanca.ma\/#\/schema\/logo\/image\/"},"sameAs":["https:\/\/www.facebook.com\/profile.php?id=61576678196717","https:\/\/www.tiktok.com\/@vitablanca.ma","https:\/\/www.instagram.com\/vitablanca.ma\/"]}]}},"jetpack_sharing_enabled":true,"_links":{"self":[{"href":"https:\/\/vitablanca.ma\/ar\/wp-json\/wp\/v2\/product\/13970","targetHints":{"allow":["GET"]}}],"collection":[{"href":"https:\/\/vitablanca.ma\/ar\/wp-json\/wp\/v2\/product"}],"about":[{"href":"https:\/\/vitablanca.ma\/ar\/wp-json\/wp\/v2\/types\/product"}],"wp:featuredmedia":[{"embeddable":true,"href":"https:\/\/vitablanca.ma\/ar\/wp-json\/wp\/v2\/media\/13971"}],"wp:attachment":[{"href":"https:\/\/vitablanca.ma\/ar\/wp-json\/wp\/v2\/media?parent=13970"}],"wp:term":[{"taxonomy":"product_brand","embeddable":true,"href":"https:\/\/vitablanca.ma\/ar\/wp-json\/wp\/v2\/product_brand?post=13970"},{"taxonomy":"product_cat","embeddable":true,"href":"https:\/\/vitablanca.ma\/ar\/wp-json\/wp\/v2\/product_cat?post=13970"},{"taxonomy":"product_tag","embeddable":true,"href":"https:\/\/vitablanca.ma\/ar\/wp-json\/wp\/v2\/product_tag?post=13970"}],"curies":[{"name":"wp","href":"https:\/\/api.w.org\/{rel}","templated":true}]}}