{"id":13897,"date":"2025-05-28T23:02:21","date_gmt":"2025-05-28T23:02:21","guid":{"rendered":"https:\/\/vitablanca.ma\/product\/caudalie-the-des-vignes-trio-parfume-coffret\/"},"modified":"2025-05-28T23:02:21","modified_gmt":"2025-05-28T23:02:21","slug":"caudalie-the-des-vignes-trio-parfume-coffret","status":"publish","type":"product","link":"https:\/\/vitablanca.ma\/ar\/product-2\/caudalie-the-des-vignes-trio-parfume-coffret\/","title":{"rendered":"CAUDALIE Th\u00e9 des Vignes Trio Parfum\u00e9 coffret"},"content":{"rendered":"<div data-v-3062a9da=\"\" class=\"font-light mt-2\" data-mce-fragment=\"1\">\n<strong data-mce-fragment=\"1\">\u0645\u0627 \u0647\u0630\u0627 \u061f<\/strong><\/p>\n<div data-mce-fragment=\"1\">Craquez pour le Trio Parfum\u00e9 Th\u00e9 des Vignes, notre fragrance best-seller.<br data-mce-fragment=\"1\">Retrouvez dans ce coffret : l&rsquo;Eau Fra\u00eeche Th\u00e9 des Vignes + 2 produits compl\u00e9mentaires en format voyage offerts.<br data-mce-fragment=\"1\"><br data-mce-fragment=\"1\"><b data-mce-fragment=\"1\">L&rsquo;Eau Fra\u00eeche Th\u00e9 des Vignes 50 mL<\/b><br data-mce-fragment=\"1\">Une eau parfum\u00e9e particuli\u00e8rement douce et sensuelle. Son sillage \u00e9voque les notes voluptueuses de musc blanc, de n\u00e9roli et de gingembre, infus\u00e9es de fleur d\u2019oranger et de jasmin.<br data-mce-fragment=\"1\"><br data-mce-fragment=\"1\"><b data-mce-fragment=\"1\">Le Gel Douche Th\u00e9 des Vignes 50 mL &#8211; OFFERT<\/b><br data-mce-fragment=\"1\">Sans savon et haute tol\u00e9rance, il nettoie en douceur et laisse la peau d\u00e9licatement parfum\u00e9e.<br data-mce-fragment=\"1\"><br data-mce-fragment=\"1\"><b data-mce-fragment=\"1\">La Cr\u00e8me R\u00e9paratrice Mains et Ongles Th\u00e9 des Vignes 30 mL &#8211; OFFERTE<\/b><br data-mce-fragment=\"1\">Elle nourrit et r\u00e9pare les mains s\u00e8ches sans effet gras, tout en les prot\u00e9geant de la d\u00e9shydratation et des agressions ext\u00e9rieures. La peau est plus douce et les ongles et cuticules sont fortifi\u00e9s.<\/div>\n<\/div>\n<div data-v-3062a9da=\"\" class=\"font-light mt-2\" data-mce-fragment=\"1\">\n<strong data-mce-fragment=\"1\">\u0646\u0648\u0639 \u0627\u0644\u0628\u0634\u0631\u0629<span data-mce-fragment=\"1\">\u00a0<\/span><span data-mce-fragment=\"1\">:<\/span><\/strong><span data-mce-fragment=\"1\">\u00a0<\/span><span data-mce-fragment=\"1\">\u062c\u0645\u064a\u0639 \u0623\u0646\u0648\u0627\u0639 \u0627\u0644\u0628\u0634\u0631\u0629<\/span>\n<\/div>\n<div data-v-3062a9da=\"\" class=\"font-light mt-2\" data-mce-fragment=\"1\">\n<strong data-mce-fragment=\"1\">Ingr\u00e9dients cl\u00e9s<span data-mce-fragment=\"1\">\u00a0<\/span><span data-mce-fragment=\"1\">:<\/span><\/strong><span data-mce-fragment=\"1\">\u00a0<\/span><span data-mce-fragment=\"1\">Musc blanc, Gingembre, N\u00e9roli<\/span>\n<\/div>\n<div data-v-3062a9da=\"\" class=\"font-light mt-2\" data-mce-fragment=\"1\">\n<strong data-mce-fragment=\"1\">\u064a\u0633\u062a\u062e\u062f\u0645<span data-mce-fragment=\"1\">\u00a0<\/span><span data-mce-fragment=\"1\">:<\/span><\/strong><span data-mce-fragment=\"1\">\u00a0<\/span><span data-mce-fragment=\"1\">\u00c0 tout moment de la journ\u00e9e<\/span>\n<\/div>\n<div data-v-98db405a=\"\" data-v-3062a9da=\"\" data-mce-fragment=\"1\">\n<div data-v-98db405a=\"\" class=\"relative\" data-mce-fragment=\"1\">\n<div data-v-98db405a=\"\" class=\"absolute bottom-0 left-0 w-full see-more-block-backdrop\" data-mce-fragment=\"1\"><br data-mce-fragment=\"1\"><\/div>\n<div data-v-98db405a=\"\" class=\"overflow-auto\" data-mce-fragment=\"1\">\n<div data-mce-fragment=\"1\">\n<div data-v-3062a9da=\"\" class=\"font-light mt-2\" data-mce-fragment=\"1\">\n<strong data-mce-fragment=\"1\">\u0635\u064a\u063a\u0629:<\/strong><\/p>\n<ul class=\"list-disc list-inside\" data-mce-fragment=\"1\">\n<li data-mce-fragment=\"1\">89% d&rsquo;ingr\u00e9dients d&rsquo;origine naturelle<\/li>\n<li data-mce-fragment=\"1\">Sans plastique et recyclable<\/li>\n<\/ul>\n<\/div>\n<div data-v-3062a9da=\"\" class=\"font-light mt-2\" data-mce-fragment=\"1\">\n<strong data-mce-fragment=\"1\">Le saviez-vous ?<\/strong><\/p>\n<div data-mce-fragment=\"1\">Nos soins corps Th\u00e9 des Vignes s&rsquo;inspirent des notes sensuelles de l&rsquo;Eau Fra\u00eeche Th\u00e9 des Vignes cr\u00e9\u00e9e en 2011 par Mathilde Thomas, fondatrice de Caudalie, avec l\u2019aide du grand ma\u00eetre parfumeur Jacques Cavallier.<br data-mce-fragment=\"1\">\n<\/div>\n<\/div>\n<div data-v-3062a9da=\"\" class=\"font-light mt-2\" data-mce-fragment=\"1\">\n<strong data-mce-fragment=\"1\">Engagement \u00c9co-responsable<\/strong><\/p>\n<div data-mce-fragment=\"1\">Ce coffret est \u00e9co-con\u00e7u, z\u00e9ro-plastique et 100% recyclable.* Il a \u00e9t\u00e9 fabriqu\u00e9 avec du papier issu de for\u00eats g\u00e9r\u00e9es durablement et imprim\u00e9 avec des encres v\u00e9g\u00e9tales.<\/div>\n<\/div>\n<\/div>\n<\/div>\n<\/div>\n<\/div>","protected":false},"excerpt":{"rendered":"<p>Qu&rsquo;est-ce que c&rsquo;est ? Craquez pour le Trio Parfum\u00e9 Th\u00e9 des Vignes, notre fragrance best-seller.Retrouvez dans ce coffret : l&rsquo;Eau Fra\u00eeche Th\u00e9 des Vignes + 2 produits compl\u00e9mentaires en format voyage offerts.L&rsquo;Eau Fra\u00eeche Th\u00e9 des Vignes 50 mLUne eau parfum\u00e9e particuli\u00e8rement douce et sensuelle. Son sillage \u00e9voque les notes voluptueuses de musc blanc, de n\u00e9roli [&hellip;]<\/p>\n","protected":false},"featured_media":13890,"template":"","meta":{"om_disable_all_campaigns":false},"product_brand":[],"product_cat":[15],"product_tag":[],"class_list":{"0":"post-13897","1":"product","2":"type-product","3":"status-publish","4":"has-post-thumbnail","6":"product_cat-beaute-sante-complements-alimentaires-soins-et-bien-etre-au-meilleur-prix","8":"first","9":"instock","10":"taxable","11":"shipping-taxable","12":"purchasable","13":"product-type-simple"},"yoast_head":"<!-- This site is optimized with the Yoast SEO plugin v27.4 - https:\/\/yoast.com\/product\/yoast-seo-wordpress\/ -->\n<title>CAUDALIE Th\u00e9 des Vignes Trio Parfum\u00e9 coffret - Maroc Prix<\/title>\n<meta name=\"description\" content=\"CAUDALIE Th\u00e9 des Vignes Trio Parfum\u00e9 coffret\" \/>\n<meta name=\"robots\" content=\"index, follow, max-snippet:-1, max-image-preview:large, max-video-preview:-1\" \/>\n<link rel=\"canonical\" href=\"https:\/\/vitablanca.ma\/ar\/product-2\/caudalie-the-des-vignes-trio-parfume-coffret\/\" \/>\n<meta property=\"og:locale\" content=\"ar_AR\" \/>\n<meta property=\"og:type\" content=\"article\" \/>\n<meta property=\"og:title\" content=\"CAUDALIE Th\u00e9 des Vignes Trio Parfum\u00e9 coffret - Maroc Prix\" \/>\n<meta property=\"og:description\" content=\"CAUDALIE Th\u00e9 des Vignes Trio Parfum\u00e9 coffret\" \/>\n<meta property=\"og:url\" content=\"https:\/\/vitablanca.ma\/ar\/product-2\/caudalie-the-des-vignes-trio-parfume-coffret\/\" \/>\n<meta property=\"og:site_name\" content=\"Vitablanca.ma &ndash; Sant&eacute;, vitalit&eacute; et bien-&ecirc;tre pour tous les Marocains\" \/>\n<meta property=\"article:publisher\" content=\"https:\/\/www.facebook.com\/profile.php?id=61576678196717\" \/>\n<meta property=\"og:image\" content=\"https:\/\/vitablanca.ma\/wp-content\/uploads\/2025\/05\/3_holiday-gift-set-23_tdv_set_caudalie-fr.jpg\" \/>\n\t<meta property=\"og:image:width\" content=\"600\" \/>\n\t<meta property=\"og:image:height\" content=\"600\" \/>\n\t<meta property=\"og:image:type\" content=\"image\/jpeg\" \/>\n<meta name=\"twitter:card\" content=\"summary_large_image\" \/>\n<meta name=\"twitter:label1\" content=\"\u0648\u0642\u062a \u0627\u0644\u0642\u0631\u0627\u0621\u0629 \u0627\u0644\u0645\u064f\u0642\u062f\u0651\u0631\" \/>\n\t<meta name=\"twitter:data1\" content=\"\u062f\u0642\u064a\u0642\u0629 \u0648\u0627\u062d\u062f\u0629\" \/>\n<script type=\"application\/ld+json\" class=\"yoast-schema-graph\">{\"@context\":\"https:\\\/\\\/schema.org\",\"@graph\":[{\"@type\":[\"WebPage\",\"ItemPage\"],\"@id\":\"https:\\\/\\\/vitablanca.ma\\\/produit\\\/caudalie-the-des-vignes-trio-parfume-coffret\\\/\",\"url\":\"https:\\\/\\\/vitablanca.ma\\\/produit\\\/caudalie-the-des-vignes-trio-parfume-coffret\\\/\",\"name\":\"CAUDALIE Th\u00e9 des Vignes Trio Parfum\u00e9 coffret - Maroc Prix\",\"isPartOf\":{\"@id\":\"https:\\\/\\\/vitablanca.ma\\\/#website\"},\"primaryImageOfPage\":{\"@id\":\"https:\\\/\\\/vitablanca.ma\\\/produit\\\/caudalie-the-des-vignes-trio-parfume-coffret\\\/#primaryimage\"},\"image\":{\"@id\":\"https:\\\/\\\/vitablanca.ma\\\/produit\\\/caudalie-the-des-vignes-trio-parfume-coffret\\\/#primaryimage\"},\"thumbnailUrl\":\"https:\\\/\\\/vitablanca.ma\\\/wp-content\\\/uploads\\\/2025\\\/05\\\/3_holiday-gift-set-23_tdv_set_caudalie-fr.jpg\",\"datePublished\":\"2025-05-28T23:02:21+00:00\",\"description\":\"CAUDALIE Th\u00e9 des Vignes Trio Parfum\u00e9 coffret\",\"breadcrumb\":{\"@id\":\"https:\\\/\\\/vitablanca.ma\\\/produit\\\/caudalie-the-des-vignes-trio-parfume-coffret\\\/#breadcrumb\"},\"inLanguage\":\"ar\",\"potentialAction\":[{\"@type\":\"ReadAction\",\"target\":[\"https:\\\/\\\/vitablanca.ma\\\/produit\\\/caudalie-the-des-vignes-trio-parfume-coffret\\\/\"]}]},{\"@type\":\"ImageObject\",\"inLanguage\":\"ar\",\"@id\":\"https:\\\/\\\/vitablanca.ma\\\/produit\\\/caudalie-the-des-vignes-trio-parfume-coffret\\\/#primaryimage\",\"url\":\"https:\\\/\\\/vitablanca.ma\\\/wp-content\\\/uploads\\\/2025\\\/05\\\/3_holiday-gift-set-23_tdv_set_caudalie-fr.jpg\",\"contentUrl\":\"https:\\\/\\\/vitablanca.ma\\\/wp-content\\\/uploads\\\/2025\\\/05\\\/3_holiday-gift-set-23_tdv_set_caudalie-fr.jpg\",\"width\":600,\"height\":600},{\"@type\":\"BreadcrumbList\",\"@id\":\"https:\\\/\\\/vitablanca.ma\\\/produit\\\/caudalie-the-des-vignes-trio-parfume-coffret\\\/#breadcrumb\",\"itemListElement\":[{\"@type\":\"ListItem\",\"position\":1,\"name\":\"Home\",\"item\":\"https:\\\/\\\/vitablanca.ma\\\/\"},{\"@type\":\"ListItem\",\"position\":2,\"name\":\"Tous Les Produits\",\"item\":\"https:\\\/\\\/vitablanca.ma\\\/tous-les-produits\\\/\"},{\"@type\":\"ListItem\",\"position\":3,\"name\":\"CAUDALIE Th\u00e9 des Vignes Trio Parfum\u00e9 coffret\"}]},{\"@type\":\"WebSite\",\"@id\":\"https:\\\/\\\/vitablanca.ma\\\/#website\",\"url\":\"https:\\\/\\\/vitablanca.ma\\\/\",\"name\":\"VitaBlanca.ma | Compl\u00e9ments alimentaires, sant\u00e9 & beaut\u00e9 au Maroc\",\"description\":\"vendre vitamines et compl\u00e9ments premium des USA &amp; Canada, Nouvelle Z\u00e9lande,Maroc (NOW Foods, Solgar, Manuka). Livraison rapide partout au Maroc.\",\"publisher\":{\"@id\":\"https:\\\/\\\/vitablanca.ma\\\/#organization\"},\"alternateName\":\"VitaBlanca.ma\",\"potentialAction\":[{\"@type\":\"SearchAction\",\"target\":{\"@type\":\"EntryPoint\",\"urlTemplate\":\"https:\\\/\\\/vitablanca.ma\\\/?s={search_term_string}\"},\"query-input\":{\"@type\":\"PropertyValueSpecification\",\"valueRequired\":true,\"valueName\":\"search_term_string\"}}],\"inLanguage\":\"ar\"},{\"@type\":\"Organization\",\"@id\":\"https:\\\/\\\/vitablanca.ma\\\/#organization\",\"name\":\"VitaBlanca\",\"url\":\"https:\\\/\\\/vitablanca.ma\\\/\",\"logo\":{\"@type\":\"ImageObject\",\"inLanguage\":\"ar\",\"@id\":\"https:\\\/\\\/vitablanca.ma\\\/#\\\/schema\\\/logo\\\/image\\\/\",\"url\":\"https:\\\/\\\/vitablanca.ma\\\/wp-content\\\/uploads\\\/2025\\\/05\\\/cropped-vitablanca.png\",\"contentUrl\":\"https:\\\/\\\/vitablanca.ma\\\/wp-content\\\/uploads\\\/2025\\\/05\\\/cropped-vitablanca.png\",\"width\":360,\"height\":67,\"caption\":\"VitaBlanca\"},\"image\":{\"@id\":\"https:\\\/\\\/vitablanca.ma\\\/#\\\/schema\\\/logo\\\/image\\\/\"},\"sameAs\":[\"https:\\\/\\\/www.facebook.com\\\/profile.php?id=61576678196717\",\"https:\\\/\\\/www.tiktok.com\\\/@vitablanca.ma\",\"https:\\\/\\\/www.instagram.com\\\/vitablanca.ma\\\/\"]}]}<\/script>\n<!-- \/ Yoast SEO plugin. -->","yoast_head_json":{"title":"CAUDALIE Th\u00e9 des Vignes Trio Parfum\u00e9 coffret - Maroc Prix","description":"CAUDALIE Th\u00e9 des Vignes Trio Parfum\u00e9 coffret","robots":{"index":"index","follow":"follow","max-snippet":"max-snippet:-1","max-image-preview":"max-image-preview:large","max-video-preview":"max-video-preview:-1"},"canonical":"https:\/\/vitablanca.ma\/ar\/product-2\/caudalie-the-des-vignes-trio-parfume-coffret\/","og_locale":"ar_AR","og_type":"article","og_title":"CAUDALIE Th\u00e9 des Vignes Trio Parfum\u00e9 coffret - Maroc Prix","og_description":"CAUDALIE Th\u00e9 des Vignes Trio Parfum\u00e9 coffret","og_url":"https:\/\/vitablanca.ma\/ar\/product-2\/caudalie-the-des-vignes-trio-parfume-coffret\/","og_site_name":"Vitablanca.ma &ndash; Sant&eacute;, vitalit&eacute; et bien-&ecirc;tre pour tous les Marocains","article_publisher":"https:\/\/www.facebook.com\/profile.php?id=61576678196717","og_image":[{"width":600,"height":600,"url":"https:\/\/vitablanca.ma\/wp-content\/uploads\/2025\/05\/3_holiday-gift-set-23_tdv_set_caudalie-fr.jpg","type":"image\/jpeg"}],"twitter_card":"summary_large_image","twitter_misc":{"\u0648\u0642\u062a \u0627\u0644\u0642\u0631\u0627\u0621\u0629 \u0627\u0644\u0645\u064f\u0642\u062f\u0651\u0631":"\u062f\u0642\u064a\u0642\u0629 \u0648\u0627\u062d\u062f\u0629"},"schema":{"@context":"https:\/\/schema.org","@graph":[{"@type":["WebPage","ItemPage"],"@id":"https:\/\/vitablanca.ma\/produit\/caudalie-the-des-vignes-trio-parfume-coffret\/","url":"https:\/\/vitablanca.ma\/produit\/caudalie-the-des-vignes-trio-parfume-coffret\/","name":"CAUDALIE Th\u00e9 des Vignes Trio Parfum\u00e9 coffret - Maroc Prix","isPartOf":{"@id":"https:\/\/vitablanca.ma\/#website"},"primaryImageOfPage":{"@id":"https:\/\/vitablanca.ma\/produit\/caudalie-the-des-vignes-trio-parfume-coffret\/#primaryimage"},"image":{"@id":"https:\/\/vitablanca.ma\/produit\/caudalie-the-des-vignes-trio-parfume-coffret\/#primaryimage"},"thumbnailUrl":"https:\/\/vitablanca.ma\/wp-content\/uploads\/2025\/05\/3_holiday-gift-set-23_tdv_set_caudalie-fr.jpg","datePublished":"2025-05-28T23:02:21+00:00","description":"CAUDALIE Th\u00e9 des Vignes Trio Parfum\u00e9 coffret","breadcrumb":{"@id":"https:\/\/vitablanca.ma\/produit\/caudalie-the-des-vignes-trio-parfume-coffret\/#breadcrumb"},"inLanguage":"ar","potentialAction":[{"@type":"ReadAction","target":["https:\/\/vitablanca.ma\/produit\/caudalie-the-des-vignes-trio-parfume-coffret\/"]}]},{"@type":"ImageObject","inLanguage":"ar","@id":"https:\/\/vitablanca.ma\/produit\/caudalie-the-des-vignes-trio-parfume-coffret\/#primaryimage","url":"https:\/\/vitablanca.ma\/wp-content\/uploads\/2025\/05\/3_holiday-gift-set-23_tdv_set_caudalie-fr.jpg","contentUrl":"https:\/\/vitablanca.ma\/wp-content\/uploads\/2025\/05\/3_holiday-gift-set-23_tdv_set_caudalie-fr.jpg","width":600,"height":600},{"@type":"BreadcrumbList","@id":"https:\/\/vitablanca.ma\/produit\/caudalie-the-des-vignes-trio-parfume-coffret\/#breadcrumb","itemListElement":[{"@type":"ListItem","position":1,"name":"Home","item":"https:\/\/vitablanca.ma\/"},{"@type":"ListItem","position":2,"name":"Tous Les Produits","item":"https:\/\/vitablanca.ma\/tous-les-produits\/"},{"@type":"ListItem","position":3,"name":"CAUDALIE Th\u00e9 des Vignes Trio Parfum\u00e9 coffret"}]},{"@type":"WebSite","@id":"https:\/\/vitablanca.ma\/#website","url":"https:\/\/vitablanca.ma\/","name":"VitaBlanca.ma | \u0627\u0644\u0645\u0643\u0645\u0644\u0627\u062a \u0627\u0644\u063a\u0630\u0627\u0626\u064a\u0629\u060c \u0627\u0644\u0635\u062d\u0629 \u0648\u0627\u0644\u062c\u0645\u0627\u0644 \u0641\u064a \u0627\u0644\u0645\u063a\u0631\u0628","description":"\u0646\u0628\u064a\u0639 \u0641\u064a\u062a\u0627\u0645\u064a\u0646\u0627\u062a \u0648\u0645\u0643\u0645\u0644\u0627\u062a \u063a\u0630\u0627\u0626\u064a\u0629 \u0641\u0627\u062e\u0631\u0629 \u0645\u0646 \u0627\u0644\u0648\u0644\u0627\u064a\u0627\u062a \u0627\u0644\u0645\u062a\u062d\u062f\u0629 \u0627\u0644\u0623\u0645\u0631\u064a\u0643\u064a\u0629 \u0648\u0643\u0646\u062f\u0627 \u0648\u0646\u064a\u0648\u0632\u064a\u0644\u0646\u062f\u0627 \u0648\u0627\u0644\u0645\u063a\u0631\u0628 (\u0646\u0627\u0648 \u0641\u0648\u062f\u0632\u060c \u0633\u0648\u0644\u062c\u0627\u0631\u060c \u0645\u0627\u0646\u0648\u0643\u0627). \u062a\u0648\u0635\u064a\u0644 \u0633\u0631\u064a\u0639 \u0625\u0644\u0649 \u062c\u0645\u064a\u0639 \u0623\u0646\u062d\u0627\u0621 \u0627\u0644\u0645\u063a\u0631\u0628.","publisher":{"@id":"https:\/\/vitablanca.ma\/#organization"},"alternateName":"VitaBlanca.ma","potentialAction":[{"@type":"SearchAction","target":{"@type":"EntryPoint","urlTemplate":"https:\/\/vitablanca.ma\/?s={search_term_string}"},"query-input":{"@type":"PropertyValueSpecification","valueRequired":true,"valueName":"search_term_string"}}],"inLanguage":"ar"},{"@type":"Organization","@id":"https:\/\/vitablanca.ma\/#organization","name":"\u0641\u064a\u062a\u0627\u0628\u0644\u0627\u0646\u0643\u0627","url":"https:\/\/vitablanca.ma\/","logo":{"@type":"ImageObject","inLanguage":"ar","@id":"https:\/\/vitablanca.ma\/#\/schema\/logo\/image\/","url":"https:\/\/vitablanca.ma\/wp-content\/uploads\/2025\/05\/cropped-vitablanca.png","contentUrl":"https:\/\/vitablanca.ma\/wp-content\/uploads\/2025\/05\/cropped-vitablanca.png","width":360,"height":67,"caption":"VitaBlanca"},"image":{"@id":"https:\/\/vitablanca.ma\/#\/schema\/logo\/image\/"},"sameAs":["https:\/\/www.facebook.com\/profile.php?id=61576678196717","https:\/\/www.tiktok.com\/@vitablanca.ma","https:\/\/www.instagram.com\/vitablanca.ma\/"]}]}},"jetpack_sharing_enabled":true,"_links":{"self":[{"href":"https:\/\/vitablanca.ma\/ar\/wp-json\/wp\/v2\/product\/13897","targetHints":{"allow":["GET"]}}],"collection":[{"href":"https:\/\/vitablanca.ma\/ar\/wp-json\/wp\/v2\/product"}],"about":[{"href":"https:\/\/vitablanca.ma\/ar\/wp-json\/wp\/v2\/types\/product"}],"wp:featuredmedia":[{"embeddable":true,"href":"https:\/\/vitablanca.ma\/ar\/wp-json\/wp\/v2\/media\/13890"}],"wp:attachment":[{"href":"https:\/\/vitablanca.ma\/ar\/wp-json\/wp\/v2\/media?parent=13897"}],"wp:term":[{"taxonomy":"product_brand","embeddable":true,"href":"https:\/\/vitablanca.ma\/ar\/wp-json\/wp\/v2\/product_brand?post=13897"},{"taxonomy":"product_cat","embeddable":true,"href":"https:\/\/vitablanca.ma\/ar\/wp-json\/wp\/v2\/product_cat?post=13897"},{"taxonomy":"product_tag","embeddable":true,"href":"https:\/\/vitablanca.ma\/ar\/wp-json\/wp\/v2\/product_tag?post=13897"}],"curies":[{"name":"wp","href":"https:\/\/api.w.org\/{rel}","templated":true}]}}