{"id":13877,"date":"2025-05-28T23:01:57","date_gmt":"2025-05-28T23:01:57","guid":{"rendered":"https:\/\/vitablanca.ma\/product\/roger-gallet-coffret-4-gels-douches-50ml\/"},"modified":"2025-05-28T23:01:57","modified_gmt":"2025-05-28T23:01:57","slug":"roger-gallet-coffret-4-gels-douches-50ml","status":"publish","type":"product","link":"https:\/\/vitablanca.ma\/ar\/product-2\/roger-gallet-coffret-4-gels-douches-50ml\/","title":{"rendered":"ROGER &amp; GALLET COFFRET 4 GELS DOUCHES *50ML"},"content":{"rendered":"<ul data-mce-fragment=\"1\">\n<li data-mce-fragment=\"1\">\n<strong data-mce-fragment=\"1\">\u0645\u062d\u062a\u0648\u064a\u0627\u062a \u0627\u0644\u0635\u0646\u062f\u0648\u0642:\u00a0<\/strong>4 Gels Douches Bienfaisants 50ml : Rose, Fleur de Figuier, Gingembre Rouge et Bois d\u2019Orange<\/li>\n<li data-mce-fragment=\"1\">\n<strong data-mce-fragment=\"1\">\u0644\u0645\u0646:\u00a0<\/strong>Tous les types de peaux<\/li>\n<li data-mce-fragment=\"1\">\n<strong data-mce-fragment=\"1\">\u0646\u062a\u0627\u0626\u062c :<\/strong>\u00a0La peau est nettoy\u00e9e et d\u00e9licatement parfum\u00e9e<\/li>\n<li data-mce-fragment=\"1\">\n<strong data-mce-fragment=\"1\">\u0645\u0643\u0648\u0646\u0627\u062a :<\/strong>\u00a0Aloe Vera, Glyc\u00e9rine<\/li>\n<li data-mce-fragment=\"1\">\n<strong data-mce-fragment=\"1\">Le + :\u00a0<\/strong>Leur base lavante d\u2019origine v\u00e9g\u00e9tale<\/li>\n<\/ul>\n<p data-mce-fragment=\"1\">\u00a0<\/p>\n<p data-mce-fragment=\"1\"><strong data-mce-fragment=\"1\">Le Gel Douche Bienfaisant \u00e0 la Rose de Roger et Gallet\u00a0<\/strong>est un soin lavant d\u00e9licatement parfum\u00e9 qui nettoie la peau sans l\u2019agresser.<\/p>\n<p id=\"GMJDYRP\" data-mce-fragment=\"1\">Il est enrichi en Aloe Vera et en huile essentielle naturelle de rose, il\u00a0<strong data-mce-fragment=\"1\">nettoie\u00a0<\/strong>en douceur,\u00a0<strong data-mce-fragment=\"1\">hydrate\u00a0<\/strong>\u0648\u00a0<strong data-mce-fragment=\"1\">laisse un agr\u00e9able parfum\u00a0<\/strong>floral sur la peau.<\/p>\n<p data-mce-fragment=\"1\">\u00a0<\/p>\n<p data-mce-fragment=\"1\"><strong data-mce-fragment=\"1\">Le Gel Douche Bienfaisant Fleur de Figuier\u00a0<\/strong>contient une base lavante 100% d\u2019origine v\u00e9g\u00e9tale qui permet de nettoyer en douceur la peau sans la dess\u00e9cher.<\/p>\n<p data-mce-fragment=\"1\">Enrichi en Aloe Vera et extrait de Figue, ce gel douche au\u00a0<strong data-mce-fragment=\"1\">parfum chaleureux<\/strong>\u00a0qui rappelle l\u2019\u00e9t\u00e9,\u00a0<strong data-mce-fragment=\"1\">lave<\/strong>,\u00a0<strong data-mce-fragment=\"1\">apaise et hydrate la peau<\/strong>.<\/p>\n<p data-mce-fragment=\"1\">Sa texture gel se transforme en\u00a0<strong data-mce-fragment=\"1\">mousse onctueuse et g\u00e9n\u00e9reuse<\/strong>\u00a0pour un v\u00e9ritable moment de plaisir et de sensorialit\u00e9.<\/p>\n<p data-mce-fragment=\"1\">\u00a0<\/p>\n<p data-mce-fragment=\"1\"><strong data-mce-fragment=\"1\">Le Gel Douche Bienfaisant Gingembre Rouge\u00a0<\/strong>promet lui aussi un nettoyage en douceur de la peau accompagn\u00e9 d\u2019un d\u00e9licat parfum gourmand et rafra\u00eechissant.<\/p>\n<p data-mce-fragment=\"1\">Sa formule enrichie en Aloe Vera convient parfaitement aux\u00a0<strong data-mce-fragment=\"1\">\u0627\u0644\u0628\u0634\u0631\u0629 \u0627\u0644\u062c\u0627\u0641\u0629 \u0648\u0627\u0644\u062d\u0633\u0627\u0633\u0629\u00a0<\/strong>puisqu\u2019elle permet d\u2019hydrater et de prot\u00e9ger durablement la peau.<\/p>\n<p data-mce-fragment=\"1\">Son parfum aux notes de Gingembre, d\u2019\u00e9pices et de baies roses redonne\u00a0<strong data-mce-fragment=\"1\">\u00e9nergie et bien-\u00eatre<\/strong>.<\/p>\n<p data-mce-fragment=\"1\">Sa texture mousse g\u00e9n\u00e9reuse offre un agr\u00e9able moment de\u00a0<strong data-mce-fragment=\"1\">d\u00e9tente et de douceur<\/strong>.<\/p>\n<p data-mce-fragment=\"1\">\u00a0<\/p>\n<p data-mce-fragment=\"1\"><strong data-mce-fragment=\"1\">Le Gel Douche Bienfaisant Bois d\u2019Orange<\/strong>\u00a0au parfum d\u2019agrumes et \u00e0 la texture moussante appelle \u00e0 la sensorialit\u00e9.<\/p>\n<p data-mce-fragment=\"1\">Enrichi en Aloe Vera et en essence naturelle d\u2019Orange am\u00e8re, ce gel douche\u00a0<strong data-mce-fragment=\"1\">r\u00e9veille les sens, hydrate et adoucit la peau.<\/strong><\/p>\n<p data-mce-fragment=\"1\">Il laisse un parfum\u00a0<strong data-mce-fragment=\"1\">\u00e9nergisant et gourmand<\/strong>.<\/p>\n<p data-mce-fragment=\"1\">Sa base lavante\u00a0<strong data-mce-fragment=\"1\">100% d\u2019origine v\u00e9g\u00e9tale\u00a0<\/strong>rend la texture douce et facile \u00e0 rincer.<\/p>","protected":false},"excerpt":{"rendered":"<p>Contenu du coffret :\u00a04 Gels Douches Bienfaisants 50ml : Rose, Fleur de Figuier, Gingembre Rouge et Bois d\u2019Orange Pour qui :\u00a0Tous les types de peaux R\u00e9sultats :\u00a0La peau est nettoy\u00e9e et d\u00e9licatement parfum\u00e9e Ingr\u00e9dients :\u00a0Aloe Vera, Glyc\u00e9rine Le + :\u00a0Leur base lavante d\u2019origine v\u00e9g\u00e9tale \u00a0 Le Gel Douche Bienfaisant \u00e0 la Rose de Roger et [&hellip;]<\/p>\n","protected":false},"featured_media":13876,"template":"","meta":{"om_disable_all_campaigns":false},"product_brand":[],"product_cat":[15],"product_tag":[],"class_list":{"0":"post-13877","1":"product","2":"type-product","3":"status-publish","4":"has-post-thumbnail","6":"product_cat-beaute-sante-complements-alimentaires-soins-et-bien-etre-au-meilleur-prix","8":"first","9":"instock","10":"taxable","11":"shipping-taxable","12":"purchasable","13":"product-type-simple"},"yoast_head":"<!-- This site is optimized with the Yoast SEO plugin v27.5 - https:\/\/yoast.com\/product\/yoast-seo-wordpress\/ -->\n<title>ROGER &amp; GALLET COFFRET 4 GELS DOUCHES *50ML - Maroc Prix<\/title>\n<meta name=\"description\" content=\"ROGER &amp; GALLET COFFRET 4 GELS DOUCHES *50ML\" \/>\n<meta name=\"robots\" content=\"index, follow, max-snippet:-1, max-image-preview:large, max-video-preview:-1\" \/>\n<link rel=\"canonical\" href=\"https:\/\/vitablanca.ma\/ar\/product-2\/roger-gallet-coffret-4-gels-douches-50ml\/\" \/>\n<meta property=\"og:locale\" content=\"ar_AR\" \/>\n<meta property=\"og:type\" content=\"article\" \/>\n<meta property=\"og:title\" content=\"ROGER &amp; GALLET COFFRET 4 GELS DOUCHES *50ML - Maroc Prix\" \/>\n<meta property=\"og:description\" content=\"ROGER &amp; GALLET COFFRET 4 GELS DOUCHES *50ML\" \/>\n<meta property=\"og:url\" content=\"https:\/\/vitablanca.ma\/ar\/product-2\/roger-gallet-coffret-4-gels-douches-50ml\/\" \/>\n<meta property=\"og:site_name\" content=\"Vitablanca.ma &ndash; Sant&eacute;, vitalit&eacute; et bien-&ecirc;tre pour tous les Marocains\" \/>\n<meta property=\"article:publisher\" content=\"https:\/\/www.facebook.com\/profile.php?id=61576678196717\" \/>\n<meta property=\"og:image\" content=\"https:\/\/vitablanca.ma\/wp-content\/uploads\/2025\/05\/gd_1200x1200_ff6f6ae9-02d7-41d2-b19a-aeaa0934e260.jpg\" \/>\n\t<meta property=\"og:image:width\" content=\"720\" \/>\n\t<meta property=\"og:image:height\" content=\"720\" \/>\n\t<meta property=\"og:image:type\" content=\"image\/jpeg\" \/>\n<meta name=\"twitter:card\" content=\"summary_large_image\" \/>\n<meta name=\"twitter:label1\" content=\"\u0648\u0642\u062a \u0627\u0644\u0642\u0631\u0627\u0621\u0629 \u0627\u0644\u0645\u064f\u0642\u062f\u0651\u0631\" \/>\n\t<meta name=\"twitter:data1\" content=\"\u062f\u0642\u064a\u0642\u062a\u0627\u0646\" \/>\n<script type=\"application\/ld+json\" class=\"yoast-schema-graph\">{\"@context\":\"https:\\\/\\\/schema.org\",\"@graph\":[{\"@type\":[\"WebPage\",\"ItemPage\"],\"@id\":\"https:\\\/\\\/vitablanca.ma\\\/produit\\\/roger-gallet-coffret-4-gels-douches-50ml\\\/\",\"url\":\"https:\\\/\\\/vitablanca.ma\\\/produit\\\/roger-gallet-coffret-4-gels-douches-50ml\\\/\",\"name\":\"ROGER &amp; GALLET COFFRET 4 GELS DOUCHES *50ML - Maroc Prix\",\"isPartOf\":{\"@id\":\"https:\\\/\\\/vitablanca.ma\\\/#website\"},\"primaryImageOfPage\":{\"@id\":\"https:\\\/\\\/vitablanca.ma\\\/produit\\\/roger-gallet-coffret-4-gels-douches-50ml\\\/#primaryimage\"},\"image\":{\"@id\":\"https:\\\/\\\/vitablanca.ma\\\/produit\\\/roger-gallet-coffret-4-gels-douches-50ml\\\/#primaryimage\"},\"thumbnailUrl\":\"https:\\\/\\\/vitablanca.ma\\\/wp-content\\\/uploads\\\/2025\\\/05\\\/gd_1200x1200_ff6f6ae9-02d7-41d2-b19a-aeaa0934e260.jpg\",\"datePublished\":\"2025-05-28T23:01:57+00:00\",\"description\":\"ROGER &amp; GALLET COFFRET 4 GELS DOUCHES *50ML\",\"breadcrumb\":{\"@id\":\"https:\\\/\\\/vitablanca.ma\\\/produit\\\/roger-gallet-coffret-4-gels-douches-50ml\\\/#breadcrumb\"},\"inLanguage\":\"ar\",\"potentialAction\":[{\"@type\":\"ReadAction\",\"target\":[\"https:\\\/\\\/vitablanca.ma\\\/produit\\\/roger-gallet-coffret-4-gels-douches-50ml\\\/\"]}]},{\"@type\":\"ImageObject\",\"inLanguage\":\"ar\",\"@id\":\"https:\\\/\\\/vitablanca.ma\\\/produit\\\/roger-gallet-coffret-4-gels-douches-50ml\\\/#primaryimage\",\"url\":\"https:\\\/\\\/vitablanca.ma\\\/wp-content\\\/uploads\\\/2025\\\/05\\\/gd_1200x1200_ff6f6ae9-02d7-41d2-b19a-aeaa0934e260.jpg\",\"contentUrl\":\"https:\\\/\\\/vitablanca.ma\\\/wp-content\\\/uploads\\\/2025\\\/05\\\/gd_1200x1200_ff6f6ae9-02d7-41d2-b19a-aeaa0934e260.jpg\",\"width\":720,\"height\":720},{\"@type\":\"BreadcrumbList\",\"@id\":\"https:\\\/\\\/vitablanca.ma\\\/produit\\\/roger-gallet-coffret-4-gels-douches-50ml\\\/#breadcrumb\",\"itemListElement\":[{\"@type\":\"ListItem\",\"position\":1,\"name\":\"Home\",\"item\":\"https:\\\/\\\/vitablanca.ma\\\/\"},{\"@type\":\"ListItem\",\"position\":2,\"name\":\"Tous Les Produits\",\"item\":\"https:\\\/\\\/vitablanca.ma\\\/tous-les-produits\\\/\"},{\"@type\":\"ListItem\",\"position\":3,\"name\":\"ROGER &amp; GALLET COFFRET 4 GELS DOUCHES *50ML\"}]},{\"@type\":\"WebSite\",\"@id\":\"https:\\\/\\\/vitablanca.ma\\\/#website\",\"url\":\"https:\\\/\\\/vitablanca.ma\\\/\",\"name\":\"VitaBlanca.ma | Compl\u00e9ments alimentaires, sant\u00e9 & beaut\u00e9 au Maroc\",\"description\":\"vendre vitamines et compl\u00e9ments premium des USA &amp; Canada, Nouvelle Z\u00e9lande,Maroc (NOW Foods, Solgar, Manuka). Livraison rapide partout au Maroc.\",\"publisher\":{\"@id\":\"https:\\\/\\\/vitablanca.ma\\\/#organization\"},\"alternateName\":\"VitaBlanca.ma\",\"potentialAction\":[{\"@type\":\"SearchAction\",\"target\":{\"@type\":\"EntryPoint\",\"urlTemplate\":\"https:\\\/\\\/vitablanca.ma\\\/?s={search_term_string}\"},\"query-input\":{\"@type\":\"PropertyValueSpecification\",\"valueRequired\":true,\"valueName\":\"search_term_string\"}}],\"inLanguage\":\"ar\"},{\"@type\":\"Organization\",\"@id\":\"https:\\\/\\\/vitablanca.ma\\\/#organization\",\"name\":\"VitaBlanca\",\"url\":\"https:\\\/\\\/vitablanca.ma\\\/\",\"logo\":{\"@type\":\"ImageObject\",\"inLanguage\":\"ar\",\"@id\":\"https:\\\/\\\/vitablanca.ma\\\/#\\\/schema\\\/logo\\\/image\\\/\",\"url\":\"https:\\\/\\\/vitablanca.ma\\\/wp-content\\\/uploads\\\/2025\\\/05\\\/cropped-vitablanca.png\",\"contentUrl\":\"https:\\\/\\\/vitablanca.ma\\\/wp-content\\\/uploads\\\/2025\\\/05\\\/cropped-vitablanca.png\",\"width\":360,\"height\":67,\"caption\":\"VitaBlanca\"},\"image\":{\"@id\":\"https:\\\/\\\/vitablanca.ma\\\/#\\\/schema\\\/logo\\\/image\\\/\"},\"sameAs\":[\"https:\\\/\\\/www.facebook.com\\\/profile.php?id=61576678196717\",\"https:\\\/\\\/www.tiktok.com\\\/@vitablanca.ma\",\"https:\\\/\\\/www.instagram.com\\\/vitablanca.ma\\\/\"]}]}<\/script>\n<!-- \/ Yoast SEO plugin. -->","yoast_head_json":{"title":"ROGER &amp; GALLET COFFRET 4 GELS DOUCHES *50ML - Maroc Prix","description":"ROGER &amp; GALLET COFFRET 4 GELS DOUCHES *50ML","robots":{"index":"index","follow":"follow","max-snippet":"max-snippet:-1","max-image-preview":"max-image-preview:large","max-video-preview":"max-video-preview:-1"},"canonical":"https:\/\/vitablanca.ma\/ar\/product-2\/roger-gallet-coffret-4-gels-douches-50ml\/","og_locale":"ar_AR","og_type":"article","og_title":"ROGER &amp; GALLET COFFRET 4 GELS DOUCHES *50ML - Maroc Prix","og_description":"ROGER &amp; GALLET COFFRET 4 GELS DOUCHES *50ML","og_url":"https:\/\/vitablanca.ma\/ar\/product-2\/roger-gallet-coffret-4-gels-douches-50ml\/","og_site_name":"Vitablanca.ma &ndash; Sant&eacute;, vitalit&eacute; et bien-&ecirc;tre pour tous les Marocains","article_publisher":"https:\/\/www.facebook.com\/profile.php?id=61576678196717","og_image":[{"width":720,"height":720,"url":"https:\/\/vitablanca.ma\/wp-content\/uploads\/2025\/05\/gd_1200x1200_ff6f6ae9-02d7-41d2-b19a-aeaa0934e260.jpg","type":"image\/jpeg"}],"twitter_card":"summary_large_image","twitter_misc":{"\u0648\u0642\u062a \u0627\u0644\u0642\u0631\u0627\u0621\u0629 \u0627\u0644\u0645\u064f\u0642\u062f\u0651\u0631":"\u062f\u0642\u064a\u0642\u062a\u0627\u0646"},"schema":{"@context":"https:\/\/schema.org","@graph":[{"@type":["WebPage","ItemPage"],"@id":"https:\/\/vitablanca.ma\/produit\/roger-gallet-coffret-4-gels-douches-50ml\/","url":"https:\/\/vitablanca.ma\/produit\/roger-gallet-coffret-4-gels-douches-50ml\/","name":"ROGER &amp; GALLET COFFRET 4 GELS DOUCHES *50ML - Maroc Prix","isPartOf":{"@id":"https:\/\/vitablanca.ma\/#website"},"primaryImageOfPage":{"@id":"https:\/\/vitablanca.ma\/produit\/roger-gallet-coffret-4-gels-douches-50ml\/#primaryimage"},"image":{"@id":"https:\/\/vitablanca.ma\/produit\/roger-gallet-coffret-4-gels-douches-50ml\/#primaryimage"},"thumbnailUrl":"https:\/\/vitablanca.ma\/wp-content\/uploads\/2025\/05\/gd_1200x1200_ff6f6ae9-02d7-41d2-b19a-aeaa0934e260.jpg","datePublished":"2025-05-28T23:01:57+00:00","description":"ROGER &amp; GALLET COFFRET 4 GELS DOUCHES *50ML","breadcrumb":{"@id":"https:\/\/vitablanca.ma\/produit\/roger-gallet-coffret-4-gels-douches-50ml\/#breadcrumb"},"inLanguage":"ar","potentialAction":[{"@type":"ReadAction","target":["https:\/\/vitablanca.ma\/produit\/roger-gallet-coffret-4-gels-douches-50ml\/"]}]},{"@type":"ImageObject","inLanguage":"ar","@id":"https:\/\/vitablanca.ma\/produit\/roger-gallet-coffret-4-gels-douches-50ml\/#primaryimage","url":"https:\/\/vitablanca.ma\/wp-content\/uploads\/2025\/05\/gd_1200x1200_ff6f6ae9-02d7-41d2-b19a-aeaa0934e260.jpg","contentUrl":"https:\/\/vitablanca.ma\/wp-content\/uploads\/2025\/05\/gd_1200x1200_ff6f6ae9-02d7-41d2-b19a-aeaa0934e260.jpg","width":720,"height":720},{"@type":"BreadcrumbList","@id":"https:\/\/vitablanca.ma\/produit\/roger-gallet-coffret-4-gels-douches-50ml\/#breadcrumb","itemListElement":[{"@type":"ListItem","position":1,"name":"Home","item":"https:\/\/vitablanca.ma\/"},{"@type":"ListItem","position":2,"name":"Tous Les Produits","item":"https:\/\/vitablanca.ma\/tous-les-produits\/"},{"@type":"ListItem","position":3,"name":"ROGER &amp; GALLET COFFRET 4 GELS DOUCHES *50ML"}]},{"@type":"WebSite","@id":"https:\/\/vitablanca.ma\/#website","url":"https:\/\/vitablanca.ma\/","name":"VitaBlanca.ma | \u0627\u0644\u0645\u0643\u0645\u0644\u0627\u062a \u0627\u0644\u063a\u0630\u0627\u0626\u064a\u0629\u060c \u0627\u0644\u0635\u062d\u0629 \u0648\u0627\u0644\u062c\u0645\u0627\u0644 \u0641\u064a \u0627\u0644\u0645\u063a\u0631\u0628","description":"\u0646\u0628\u064a\u0639 \u0641\u064a\u062a\u0627\u0645\u064a\u0646\u0627\u062a \u0648\u0645\u0643\u0645\u0644\u0627\u062a \u063a\u0630\u0627\u0626\u064a\u0629 \u0641\u0627\u062e\u0631\u0629 \u0645\u0646 \u0627\u0644\u0648\u0644\u0627\u064a\u0627\u062a \u0627\u0644\u0645\u062a\u062d\u062f\u0629 \u0627\u0644\u0623\u0645\u0631\u064a\u0643\u064a\u0629 \u0648\u0643\u0646\u062f\u0627 \u0648\u0646\u064a\u0648\u0632\u064a\u0644\u0646\u062f\u0627 \u0648\u0627\u0644\u0645\u063a\u0631\u0628 (\u0646\u0627\u0648 \u0641\u0648\u062f\u0632\u060c \u0633\u0648\u0644\u062c\u0627\u0631\u060c \u0645\u0627\u0646\u0648\u0643\u0627). \u062a\u0648\u0635\u064a\u0644 \u0633\u0631\u064a\u0639 \u0625\u0644\u0649 \u062c\u0645\u064a\u0639 \u0623\u0646\u062d\u0627\u0621 \u0627\u0644\u0645\u063a\u0631\u0628.","publisher":{"@id":"https:\/\/vitablanca.ma\/#organization"},"alternateName":"VitaBlanca.ma","potentialAction":[{"@type":"SearchAction","target":{"@type":"EntryPoint","urlTemplate":"https:\/\/vitablanca.ma\/?s={search_term_string}"},"query-input":{"@type":"PropertyValueSpecification","valueRequired":true,"valueName":"search_term_string"}}],"inLanguage":"ar"},{"@type":"Organization","@id":"https:\/\/vitablanca.ma\/#organization","name":"\u0641\u064a\u062a\u0627\u0628\u0644\u0627\u0646\u0643\u0627","url":"https:\/\/vitablanca.ma\/","logo":{"@type":"ImageObject","inLanguage":"ar","@id":"https:\/\/vitablanca.ma\/#\/schema\/logo\/image\/","url":"https:\/\/vitablanca.ma\/wp-content\/uploads\/2025\/05\/cropped-vitablanca.png","contentUrl":"https:\/\/vitablanca.ma\/wp-content\/uploads\/2025\/05\/cropped-vitablanca.png","width":360,"height":67,"caption":"VitaBlanca"},"image":{"@id":"https:\/\/vitablanca.ma\/#\/schema\/logo\/image\/"},"sameAs":["https:\/\/www.facebook.com\/profile.php?id=61576678196717","https:\/\/www.tiktok.com\/@vitablanca.ma","https:\/\/www.instagram.com\/vitablanca.ma\/"]}]}},"jetpack_sharing_enabled":true,"_links":{"self":[{"href":"https:\/\/vitablanca.ma\/ar\/wp-json\/wp\/v2\/product\/13877","targetHints":{"allow":["GET"]}}],"collection":[{"href":"https:\/\/vitablanca.ma\/ar\/wp-json\/wp\/v2\/product"}],"about":[{"href":"https:\/\/vitablanca.ma\/ar\/wp-json\/wp\/v2\/types\/product"}],"wp:featuredmedia":[{"embeddable":true,"href":"https:\/\/vitablanca.ma\/ar\/wp-json\/wp\/v2\/media\/13876"}],"wp:attachment":[{"href":"https:\/\/vitablanca.ma\/ar\/wp-json\/wp\/v2\/media?parent=13877"}],"wp:term":[{"taxonomy":"product_brand","embeddable":true,"href":"https:\/\/vitablanca.ma\/ar\/wp-json\/wp\/v2\/product_brand?post=13877"},{"taxonomy":"product_cat","embeddable":true,"href":"https:\/\/vitablanca.ma\/ar\/wp-json\/wp\/v2\/product_cat?post=13877"},{"taxonomy":"product_tag","embeddable":true,"href":"https:\/\/vitablanca.ma\/ar\/wp-json\/wp\/v2\/product_tag?post=13877"}],"curies":[{"name":"wp","href":"https:\/\/api.w.org\/{rel}","templated":true}]}}