{"id":13873,"date":"2025-05-28T23:01:52","date_gmt":"2025-05-28T23:01:52","guid":{"rendered":"https:\/\/vitablanca.ma\/product\/roger-gallet-coffret-cedrat-eau-parfumee-30mlcreme-mains-30ml\/"},"modified":"2025-05-28T23:01:52","modified_gmt":"2025-05-28T23:01:52","slug":"roger-gallet-coffret-cedrat-eau-parfumee-30mlcreme-mains-30ml","status":"publish","type":"product","link":"https:\/\/vitablanca.ma\/ar\/product-2\/roger-gallet-coffret-cedrat-eau-parfumee-30mlcreme-mains-30ml\/","title":{"rendered":"ROGER &amp; GALLET COFFRET CEDRAT (EAU PARFUMEE 30ML+CREME MAINS 30ML)"},"content":{"rendered":"<ul data-mce-fragment=\"1\">\n<li id=\"RSWR5RP\" data-mce-fragment=\"1\">\n<strong data-mce-fragment=\"1\">\u0645\u062d\u062a\u0648\u064a\u0627\u062a \u0627\u0644\u0635\u0646\u062f\u0648\u0642:\u00a0<\/strong>Une Eau Bienfaisante C\u00e9dart de 30ml et une Cr\u00e8me Main C\u00e9drat de 30ml<\/li>\n<li data-mce-fragment=\"1\">\n<strong data-mce-fragment=\"1\">\u0644\u0645\u0646:\u00a0<\/strong>Pour hommes et pour femmes<\/li>\n<li data-mce-fragment=\"1\">\n<strong data-mce-fragment=\"1\">Les notes :\u00a0<\/strong>C\u00e9drat, Cardamone, Bois de Ga\u00efac<\/li>\n<li data-mce-fragment=\"1\">\n<strong data-mce-fragment=\"1\">On aime :\u00a0<\/strong>Leurs notes \u00e9nergisantes et stimulantes<\/li>\n<\/ul>\n<p data-mce-fragment=\"1\">\u00a0<\/p>\n<p data-mce-fragment=\"1\"><strong data-mce-fragment=\"1\">Le Coffret C\u00e9drat de Roger&Gallet\u00a0<\/strong>est un feu d\u2019artifice de fra\u00eecheur.<\/p>\n<p data-mce-fragment=\"1\"><strong data-mce-fragment=\"1\">L\u2019Eau Parfum\u00e9e Bienfaisante C\u00e9drat<\/strong>\u00a0est un parfum sign\u00e9 par Karine Dubreuil et Mathilde Bijaoui.<\/p>\n<p data-mce-fragment=\"1\">Ce parfum est un trio d\u2019agrumes balay\u00e9s par le vent et enrichie en huile essentielle de C\u00e9drat aux<strong data-mce-fragment=\"1\">\u00a0vertus naturellement vivifiantes.<\/strong><\/p>\n<p data-mce-fragment=\"1\">Avec des notes p\u00e9tillantes de la pulpe du c\u00e9drat qui se m\u00ealent au sillage l\u00e9g\u00e8rement bois\u00e9 de son \u00e9corce, il\u00a0<strong data-mce-fragment=\"1\">apporte un vent de fra\u00eecheur et d\u2019\u00e9nergie.<\/strong><\/p>\n<p data-mce-fragment=\"1\">Il se m\u00eale aux notes plus douces de\u00a0<strong data-mce-fragment=\"1\">basilic et de thym.<\/strong><\/p>\n<p data-mce-fragment=\"1\">Ce parfum est une\u00a0<strong data-mce-fragment=\"1\">ode stimulante\u00a0<\/strong>pour le corps et l\u2019esprit.<\/p>\n<p data-mce-fragment=\"1\">\u00a0<\/p>\n<p data-mce-fragment=\"1\"><strong data-mce-fragment=\"1\">La Cr\u00e8me Mains Bienfaisante C\u00e9drat\u00a0<\/strong>r\u00e9v\u00e8le des notes bois\u00e9es et p\u00e9tillantes de la pulpe de C\u00e9drat.<\/p>\n<p data-mce-fragment=\"1\">Enrichie en beurre de Karit\u00e9 et en huile d\u2019Amande Douce, cette cr\u00e8me\u00a0<strong data-mce-fragment=\"1\">nourrit<\/strong>,\u00a0<strong data-mce-fragment=\"1\">hydrate<\/strong>\u00a0\u0648\u00a0<strong data-mce-fragment=\"1\">prot\u00e8ge\u00a0<\/strong>la peau des agressions ext\u00e9rieurs.<\/p>\n<p data-mce-fragment=\"1\">Elle\u00a0<strong data-mce-fragment=\"1\">assouplit\u00a0<\/strong>les cuticules et\u00a0<strong data-mce-fragment=\"1\">prot\u00e8ge\u00a0<\/strong>les ongles.<\/p>\n<p id=\"HBQIRMR\" data-mce-fragment=\"1\">Sa\u00a0<strong data-mce-fragment=\"1\">texture onctueuse<\/strong>\u00a0ne colle pas et p\u00e9n\u00e8tre rapidement.<\/p>","protected":false},"excerpt":{"rendered":"<p>Contenu du coffret :\u00a0Une Eau Bienfaisante C\u00e9dart de 30ml et une Cr\u00e8me Main C\u00e9drat de 30ml Pour qui :\u00a0Pour hommes et pour femmes Les notes :\u00a0C\u00e9drat, Cardamone, Bois de Ga\u00efac On aime :\u00a0Leurs notes \u00e9nergisantes et stimulantes \u00a0 Le Coffret C\u00e9drat de Roger&#038;Gallet\u00a0est un feu d\u2019artifice de fra\u00eecheur. L\u2019Eau Parfum\u00e9e Bienfaisante C\u00e9drat\u00a0est un parfum sign\u00e9 [&hellip;]<\/p>\n","protected":false},"featured_media":13872,"template":"","meta":{"om_disable_all_campaigns":false},"product_brand":[],"product_cat":[15],"product_tag":[],"class_list":{"0":"post-13873","1":"product","2":"type-product","3":"status-publish","4":"has-post-thumbnail","6":"product_cat-beaute-sante-complements-alimentaires-soins-et-bien-etre-au-meilleur-prix","8":"first","9":"instock","10":"taxable","11":"shipping-taxable","12":"purchasable","13":"product-type-simple"},"yoast_head":"<!-- This site is optimized with the Yoast SEO plugin v27.5 - https:\/\/yoast.com\/product\/yoast-seo-wordpress\/ -->\n<title>ROGER &amp; GALLET COFFRET CEDRAT (EAU PARFUMEE 30ML+CREME MAINS 30ML) - Maroc Prix<\/title>\n<meta name=\"description\" content=\"ROGER &amp; GALLET COFFRET CEDRAT (EAU PARFUMEE 30ML+CREME MAINS 30ML)\" \/>\n<meta name=\"robots\" content=\"index, follow, max-snippet:-1, max-image-preview:large, max-video-preview:-1\" \/>\n<link rel=\"canonical\" href=\"https:\/\/vitablanca.ma\/ar\/product-2\/roger-gallet-coffret-cedrat-eau-parfumee-30mlcreme-mains-30ml\/\" \/>\n<meta property=\"og:locale\" content=\"ar_AR\" \/>\n<meta property=\"og:type\" content=\"article\" \/>\n<meta property=\"og:title\" content=\"ROGER &amp; GALLET COFFRET CEDRAT (EAU PARFUMEE 30ML+CREME MAINS 30ML) - Maroc Prix\" \/>\n<meta property=\"og:description\" content=\"ROGER &amp; GALLET COFFRET CEDRAT (EAU PARFUMEE 30ML+CREME MAINS 30ML)\" \/>\n<meta property=\"og:url\" content=\"https:\/\/vitablanca.ma\/ar\/product-2\/roger-gallet-coffret-cedrat-eau-parfumee-30mlcreme-mains-30ml\/\" \/>\n<meta property=\"og:site_name\" content=\"Vitablanca.ma &ndash; Sant&eacute;, vitalit&eacute; et bien-&ecirc;tre pour tous les Marocains\" \/>\n<meta property=\"article:publisher\" content=\"https:\/\/www.facebook.com\/profile.php?id=61576678196717\" \/>\n<meta property=\"og:image\" content=\"https:\/\/vitablanca.ma\/wp-content\/uploads\/2025\/05\/3701436920937-ld-17-front-65265af0d3b2a.jpg\" \/>\n\t<meta property=\"og:image:width\" content=\"2060\" \/>\n\t<meta property=\"og:image:height\" content=\"2060\" \/>\n\t<meta property=\"og:image:type\" content=\"image\/jpeg\" \/>\n<meta name=\"twitter:card\" content=\"summary_large_image\" \/>\n<meta name=\"twitter:label1\" content=\"\u0648\u0642\u062a \u0627\u0644\u0642\u0631\u0627\u0621\u0629 \u0627\u0644\u0645\u064f\u0642\u062f\u0651\u0631\" \/>\n\t<meta name=\"twitter:data1\" content=\"\u062f\u0642\u064a\u0642\u0629 \u0648\u0627\u062d\u062f\u0629\" \/>\n<script type=\"application\/ld+json\" class=\"yoast-schema-graph\">{\"@context\":\"https:\\\/\\\/schema.org\",\"@graph\":[{\"@type\":[\"WebPage\",\"ItemPage\"],\"@id\":\"https:\\\/\\\/vitablanca.ma\\\/produit\\\/roger-gallet-coffret-cedrat-eau-parfumee-30mlcreme-mains-30ml\\\/\",\"url\":\"https:\\\/\\\/vitablanca.ma\\\/produit\\\/roger-gallet-coffret-cedrat-eau-parfumee-30mlcreme-mains-30ml\\\/\",\"name\":\"ROGER &amp; GALLET COFFRET CEDRAT (EAU PARFUMEE 30ML+CREME MAINS 30ML) - Maroc Prix\",\"isPartOf\":{\"@id\":\"https:\\\/\\\/vitablanca.ma\\\/#website\"},\"primaryImageOfPage\":{\"@id\":\"https:\\\/\\\/vitablanca.ma\\\/produit\\\/roger-gallet-coffret-cedrat-eau-parfumee-30mlcreme-mains-30ml\\\/#primaryimage\"},\"image\":{\"@id\":\"https:\\\/\\\/vitablanca.ma\\\/produit\\\/roger-gallet-coffret-cedrat-eau-parfumee-30mlcreme-mains-30ml\\\/#primaryimage\"},\"thumbnailUrl\":\"https:\\\/\\\/vitablanca.ma\\\/wp-content\\\/uploads\\\/2025\\\/05\\\/3701436920937-ld-17-front-65265af0d3b2a.jpg\",\"datePublished\":\"2025-05-28T23:01:52+00:00\",\"description\":\"ROGER &amp; GALLET COFFRET CEDRAT (EAU PARFUMEE 30ML+CREME MAINS 30ML)\",\"breadcrumb\":{\"@id\":\"https:\\\/\\\/vitablanca.ma\\\/produit\\\/roger-gallet-coffret-cedrat-eau-parfumee-30mlcreme-mains-30ml\\\/#breadcrumb\"},\"inLanguage\":\"ar\",\"potentialAction\":[{\"@type\":\"ReadAction\",\"target\":[\"https:\\\/\\\/vitablanca.ma\\\/produit\\\/roger-gallet-coffret-cedrat-eau-parfumee-30mlcreme-mains-30ml\\\/\"]}]},{\"@type\":\"ImageObject\",\"inLanguage\":\"ar\",\"@id\":\"https:\\\/\\\/vitablanca.ma\\\/produit\\\/roger-gallet-coffret-cedrat-eau-parfumee-30mlcreme-mains-30ml\\\/#primaryimage\",\"url\":\"https:\\\/\\\/vitablanca.ma\\\/wp-content\\\/uploads\\\/2025\\\/05\\\/3701436920937-ld-17-front-65265af0d3b2a.jpg\",\"contentUrl\":\"https:\\\/\\\/vitablanca.ma\\\/wp-content\\\/uploads\\\/2025\\\/05\\\/3701436920937-ld-17-front-65265af0d3b2a.jpg\",\"width\":2060,\"height\":2060},{\"@type\":\"BreadcrumbList\",\"@id\":\"https:\\\/\\\/vitablanca.ma\\\/produit\\\/roger-gallet-coffret-cedrat-eau-parfumee-30mlcreme-mains-30ml\\\/#breadcrumb\",\"itemListElement\":[{\"@type\":\"ListItem\",\"position\":1,\"name\":\"Home\",\"item\":\"https:\\\/\\\/vitablanca.ma\\\/\"},{\"@type\":\"ListItem\",\"position\":2,\"name\":\"Tous Les Produits\",\"item\":\"https:\\\/\\\/vitablanca.ma\\\/tous-les-produits\\\/\"},{\"@type\":\"ListItem\",\"position\":3,\"name\":\"ROGER &amp; GALLET COFFRET CEDRAT (EAU PARFUMEE 30ML+CREME MAINS 30ML)\"}]},{\"@type\":\"WebSite\",\"@id\":\"https:\\\/\\\/vitablanca.ma\\\/#website\",\"url\":\"https:\\\/\\\/vitablanca.ma\\\/\",\"name\":\"VitaBlanca.ma | Compl\u00e9ments alimentaires, sant\u00e9 & beaut\u00e9 au Maroc\",\"description\":\"vendre vitamines et compl\u00e9ments premium des USA &amp; Canada, Nouvelle Z\u00e9lande,Maroc (NOW Foods, Solgar, Manuka). Livraison rapide partout au Maroc.\",\"publisher\":{\"@id\":\"https:\\\/\\\/vitablanca.ma\\\/#organization\"},\"alternateName\":\"VitaBlanca.ma\",\"potentialAction\":[{\"@type\":\"SearchAction\",\"target\":{\"@type\":\"EntryPoint\",\"urlTemplate\":\"https:\\\/\\\/vitablanca.ma\\\/?s={search_term_string}\"},\"query-input\":{\"@type\":\"PropertyValueSpecification\",\"valueRequired\":true,\"valueName\":\"search_term_string\"}}],\"inLanguage\":\"ar\"},{\"@type\":\"Organization\",\"@id\":\"https:\\\/\\\/vitablanca.ma\\\/#organization\",\"name\":\"VitaBlanca\",\"url\":\"https:\\\/\\\/vitablanca.ma\\\/\",\"logo\":{\"@type\":\"ImageObject\",\"inLanguage\":\"ar\",\"@id\":\"https:\\\/\\\/vitablanca.ma\\\/#\\\/schema\\\/logo\\\/image\\\/\",\"url\":\"https:\\\/\\\/vitablanca.ma\\\/wp-content\\\/uploads\\\/2025\\\/05\\\/cropped-vitablanca.png\",\"contentUrl\":\"https:\\\/\\\/vitablanca.ma\\\/wp-content\\\/uploads\\\/2025\\\/05\\\/cropped-vitablanca.png\",\"width\":360,\"height\":67,\"caption\":\"VitaBlanca\"},\"image\":{\"@id\":\"https:\\\/\\\/vitablanca.ma\\\/#\\\/schema\\\/logo\\\/image\\\/\"},\"sameAs\":[\"https:\\\/\\\/www.facebook.com\\\/profile.php?id=61576678196717\",\"https:\\\/\\\/www.tiktok.com\\\/@vitablanca.ma\",\"https:\\\/\\\/www.instagram.com\\\/vitablanca.ma\\\/\"]}]}<\/script>\n<!-- \/ Yoast SEO plugin. -->","yoast_head_json":{"title":"ROGER &amp; GALLET COFFRET CEDRAT (EAU PARFUMEE 30ML+CREME MAINS 30ML) - Maroc Prix","description":"ROGER &amp; GALLET COFFRET CEDRAT (EAU PARFUMEE 30ML+CREME MAINS 30ML)","robots":{"index":"index","follow":"follow","max-snippet":"max-snippet:-1","max-image-preview":"max-image-preview:large","max-video-preview":"max-video-preview:-1"},"canonical":"https:\/\/vitablanca.ma\/ar\/product-2\/roger-gallet-coffret-cedrat-eau-parfumee-30mlcreme-mains-30ml\/","og_locale":"ar_AR","og_type":"article","og_title":"ROGER &amp; GALLET COFFRET CEDRAT (EAU PARFUMEE 30ML+CREME MAINS 30ML) - Maroc Prix","og_description":"ROGER &amp; GALLET COFFRET CEDRAT (EAU PARFUMEE 30ML+CREME MAINS 30ML)","og_url":"https:\/\/vitablanca.ma\/ar\/product-2\/roger-gallet-coffret-cedrat-eau-parfumee-30mlcreme-mains-30ml\/","og_site_name":"Vitablanca.ma &ndash; Sant&eacute;, vitalit&eacute; et bien-&ecirc;tre pour tous les Marocains","article_publisher":"https:\/\/www.facebook.com\/profile.php?id=61576678196717","og_image":[{"width":2060,"height":2060,"url":"https:\/\/vitablanca.ma\/wp-content\/uploads\/2025\/05\/3701436920937-ld-17-front-65265af0d3b2a.jpg","type":"image\/jpeg"}],"twitter_card":"summary_large_image","twitter_misc":{"\u0648\u0642\u062a \u0627\u0644\u0642\u0631\u0627\u0621\u0629 \u0627\u0644\u0645\u064f\u0642\u062f\u0651\u0631":"\u062f\u0642\u064a\u0642\u0629 \u0648\u0627\u062d\u062f\u0629"},"schema":{"@context":"https:\/\/schema.org","@graph":[{"@type":["WebPage","ItemPage"],"@id":"https:\/\/vitablanca.ma\/produit\/roger-gallet-coffret-cedrat-eau-parfumee-30mlcreme-mains-30ml\/","url":"https:\/\/vitablanca.ma\/produit\/roger-gallet-coffret-cedrat-eau-parfumee-30mlcreme-mains-30ml\/","name":"ROGER &amp; GALLET COFFRET CEDRAT (EAU PARFUMEE 30ML+CREME MAINS 30ML) - Maroc Prix","isPartOf":{"@id":"https:\/\/vitablanca.ma\/#website"},"primaryImageOfPage":{"@id":"https:\/\/vitablanca.ma\/produit\/roger-gallet-coffret-cedrat-eau-parfumee-30mlcreme-mains-30ml\/#primaryimage"},"image":{"@id":"https:\/\/vitablanca.ma\/produit\/roger-gallet-coffret-cedrat-eau-parfumee-30mlcreme-mains-30ml\/#primaryimage"},"thumbnailUrl":"https:\/\/vitablanca.ma\/wp-content\/uploads\/2025\/05\/3701436920937-ld-17-front-65265af0d3b2a.jpg","datePublished":"2025-05-28T23:01:52+00:00","description":"ROGER &amp; GALLET COFFRET CEDRAT (EAU PARFUMEE 30ML+CREME MAINS 30ML)","breadcrumb":{"@id":"https:\/\/vitablanca.ma\/produit\/roger-gallet-coffret-cedrat-eau-parfumee-30mlcreme-mains-30ml\/#breadcrumb"},"inLanguage":"ar","potentialAction":[{"@type":"ReadAction","target":["https:\/\/vitablanca.ma\/produit\/roger-gallet-coffret-cedrat-eau-parfumee-30mlcreme-mains-30ml\/"]}]},{"@type":"ImageObject","inLanguage":"ar","@id":"https:\/\/vitablanca.ma\/produit\/roger-gallet-coffret-cedrat-eau-parfumee-30mlcreme-mains-30ml\/#primaryimage","url":"https:\/\/vitablanca.ma\/wp-content\/uploads\/2025\/05\/3701436920937-ld-17-front-65265af0d3b2a.jpg","contentUrl":"https:\/\/vitablanca.ma\/wp-content\/uploads\/2025\/05\/3701436920937-ld-17-front-65265af0d3b2a.jpg","width":2060,"height":2060},{"@type":"BreadcrumbList","@id":"https:\/\/vitablanca.ma\/produit\/roger-gallet-coffret-cedrat-eau-parfumee-30mlcreme-mains-30ml\/#breadcrumb","itemListElement":[{"@type":"ListItem","position":1,"name":"Home","item":"https:\/\/vitablanca.ma\/"},{"@type":"ListItem","position":2,"name":"Tous Les Produits","item":"https:\/\/vitablanca.ma\/tous-les-produits\/"},{"@type":"ListItem","position":3,"name":"ROGER &amp; GALLET COFFRET CEDRAT (EAU PARFUMEE 30ML+CREME MAINS 30ML)"}]},{"@type":"WebSite","@id":"https:\/\/vitablanca.ma\/#website","url":"https:\/\/vitablanca.ma\/","name":"VitaBlanca.ma | \u0627\u0644\u0645\u0643\u0645\u0644\u0627\u062a \u0627\u0644\u063a\u0630\u0627\u0626\u064a\u0629\u060c \u0627\u0644\u0635\u062d\u0629 \u0648\u0627\u0644\u062c\u0645\u0627\u0644 \u0641\u064a \u0627\u0644\u0645\u063a\u0631\u0628","description":"\u0646\u0628\u064a\u0639 \u0641\u064a\u062a\u0627\u0645\u064a\u0646\u0627\u062a \u0648\u0645\u0643\u0645\u0644\u0627\u062a \u063a\u0630\u0627\u0626\u064a\u0629 \u0641\u0627\u062e\u0631\u0629 \u0645\u0646 \u0627\u0644\u0648\u0644\u0627\u064a\u0627\u062a \u0627\u0644\u0645\u062a\u062d\u062f\u0629 \u0627\u0644\u0623\u0645\u0631\u064a\u0643\u064a\u0629 \u0648\u0643\u0646\u062f\u0627 \u0648\u0646\u064a\u0648\u0632\u064a\u0644\u0646\u062f\u0627 \u0648\u0627\u0644\u0645\u063a\u0631\u0628 (\u0646\u0627\u0648 \u0641\u0648\u062f\u0632\u060c \u0633\u0648\u0644\u062c\u0627\u0631\u060c \u0645\u0627\u0646\u0648\u0643\u0627). \u062a\u0648\u0635\u064a\u0644 \u0633\u0631\u064a\u0639 \u0625\u0644\u0649 \u062c\u0645\u064a\u0639 \u0623\u0646\u062d\u0627\u0621 \u0627\u0644\u0645\u063a\u0631\u0628.","publisher":{"@id":"https:\/\/vitablanca.ma\/#organization"},"alternateName":"VitaBlanca.ma","potentialAction":[{"@type":"SearchAction","target":{"@type":"EntryPoint","urlTemplate":"https:\/\/vitablanca.ma\/?s={search_term_string}"},"query-input":{"@type":"PropertyValueSpecification","valueRequired":true,"valueName":"search_term_string"}}],"inLanguage":"ar"},{"@type":"Organization","@id":"https:\/\/vitablanca.ma\/#organization","name":"\u0641\u064a\u062a\u0627\u0628\u0644\u0627\u0646\u0643\u0627","url":"https:\/\/vitablanca.ma\/","logo":{"@type":"ImageObject","inLanguage":"ar","@id":"https:\/\/vitablanca.ma\/#\/schema\/logo\/image\/","url":"https:\/\/vitablanca.ma\/wp-content\/uploads\/2025\/05\/cropped-vitablanca.png","contentUrl":"https:\/\/vitablanca.ma\/wp-content\/uploads\/2025\/05\/cropped-vitablanca.png","width":360,"height":67,"caption":"VitaBlanca"},"image":{"@id":"https:\/\/vitablanca.ma\/#\/schema\/logo\/image\/"},"sameAs":["https:\/\/www.facebook.com\/profile.php?id=61576678196717","https:\/\/www.tiktok.com\/@vitablanca.ma","https:\/\/www.instagram.com\/vitablanca.ma\/"]}]}},"jetpack_sharing_enabled":true,"_links":{"self":[{"href":"https:\/\/vitablanca.ma\/ar\/wp-json\/wp\/v2\/product\/13873","targetHints":{"allow":["GET"]}}],"collection":[{"href":"https:\/\/vitablanca.ma\/ar\/wp-json\/wp\/v2\/product"}],"about":[{"href":"https:\/\/vitablanca.ma\/ar\/wp-json\/wp\/v2\/types\/product"}],"wp:featuredmedia":[{"embeddable":true,"href":"https:\/\/vitablanca.ma\/ar\/wp-json\/wp\/v2\/media\/13872"}],"wp:attachment":[{"href":"https:\/\/vitablanca.ma\/ar\/wp-json\/wp\/v2\/media?parent=13873"}],"wp:term":[{"taxonomy":"product_brand","embeddable":true,"href":"https:\/\/vitablanca.ma\/ar\/wp-json\/wp\/v2\/product_brand?post=13873"},{"taxonomy":"product_cat","embeddable":true,"href":"https:\/\/vitablanca.ma\/ar\/wp-json\/wp\/v2\/product_cat?post=13873"},{"taxonomy":"product_tag","embeddable":true,"href":"https:\/\/vitablanca.ma\/ar\/wp-json\/wp\/v2\/product_tag?post=13873"}],"curies":[{"name":"wp","href":"https:\/\/api.w.org\/{rel}","templated":true}]}}