{"id":13871,"date":"2025-05-28T23:01:45","date_gmt":"2025-05-28T23:01:45","guid":{"rendered":"https:\/\/vitablanca.ma\/product\/narciso-rodriguez-3-piece-for-her-eau-de-toilette-gift-set-2\/"},"modified":"2025-05-28T23:01:45","modified_gmt":"2025-05-28T23:01:45","slug":"narciso-rodriguez-3-piece-for-her-eau-de-toilette-gift-set-2","status":"publish","type":"product","link":"https:\/\/vitablanca.ma\/ar\/product-2\/narciso-rodriguez-3-piece-for-her-eau-de-toilette-gift-set-2\/","title":{"rendered":"\u0645\u062c\u0645\u0648\u0639\u0629 \u0647\u062f\u0627\u064a\u0627 \u0639\u0637\u0631 \u0646\u0627\u0631\u0633\u064a\u0633\u0648 \u0631\u0648\u062f\u0631\u064a\u063a\u064a\u0632 \u0623\u0648 \u062f\u0648 \u062a\u0648\u0627\u0644\u064a\u062a \u0644\u0644\u0646\u0633\u0627\u0621\u060c \u0645\u0643\u0648\u0646\u0629 \u0645\u0646 3 \u0642\u0637\u0639"},"content":{"rendered":"<p><span>Offrez \u00e0 vos proches un parfum inoubliable avec le coffret cadeau For Her de Narciso Rodriguez. Cr\u00e9\u00e9e pour rendre hommage \u00e0 la beaut\u00e9 int\u00e9rieure des femmes, chaque parfum de la ligne For Her est compos\u00e9 d\u2019une infusion de musc brevet\u00e9e. Ce coffret comprend un vaporisateur Eau de Toilette de 3,3 oz, un lait pour le corps de 1,6 oz et un vaporisateur de sac de 0,33 oz, avec des notes de t\u00eate d\u2019osmanthus, du musc en c\u0153ur et des bois d\u2019ambre en fond.<\/span><\/p>","protected":false},"excerpt":{"rendered":"<p>Offrez \u00e0 vos proches un parfum inoubliable avec le coffret cadeau For Her de Narciso Rodriguez. Cr\u00e9\u00e9e pour rendre hommage \u00e0 la beaut\u00e9 int\u00e9rieure des femmes, chaque parfum de la ligne For Her est compos\u00e9 d\u2019une infusion de musc brevet\u00e9e. Ce coffret comprend un vaporisateur Eau de Toilette de 3,3 oz, un lait pour le [&hellip;]<\/p>\n","protected":false},"featured_media":13869,"template":"","meta":{"om_disable_all_campaigns":false},"product_brand":[],"product_cat":[15],"product_tag":[],"class_list":{"0":"post-13871","1":"product","2":"type-product","3":"status-publish","4":"has-post-thumbnail","6":"product_cat-beaute-sante-complements-alimentaires-soins-et-bien-etre-au-meilleur-prix","8":"first","9":"instock","10":"taxable","11":"shipping-taxable","12":"purchasable","13":"product-type-simple"},"yoast_head":"<!-- This site is optimized with the Yoast SEO plugin v27.5 - https:\/\/yoast.com\/product\/yoast-seo-wordpress\/ -->\n<title>Narciso Rodriguez 3 piece For Her Eau de Toilette Gift Set - Maroc Prix<\/title>\n<meta name=\"description\" content=\"Narciso Rodriguez 3 piece For Her Eau de Toilette Gift Set\" \/>\n<meta name=\"robots\" content=\"index, follow, max-snippet:-1, max-image-preview:large, max-video-preview:-1\" \/>\n<link rel=\"canonical\" href=\"https:\/\/vitablanca.ma\/ar\/product-2\/narciso-rodriguez-3-piece-for-her-eau-de-toilette-gift-set-2\/\" \/>\n<meta property=\"og:locale\" content=\"ar_AR\" \/>\n<meta property=\"og:type\" content=\"article\" \/>\n<meta property=\"og:title\" content=\"Narciso Rodriguez 3 piece For Her Eau de Toilette Gift Set - Maroc Prix\" \/>\n<meta property=\"og:description\" content=\"Narciso Rodriguez 3 piece For Her Eau de Toilette Gift Set\" \/>\n<meta property=\"og:url\" content=\"https:\/\/vitablanca.ma\/ar\/product-2\/narciso-rodriguez-3-piece-for-her-eau-de-toilette-gift-set-2\/\" \/>\n<meta property=\"og:site_name\" content=\"Vitablanca.ma &ndash; Sant&eacute;, vitalit&eacute; et bien-&ecirc;tre pour tous les Marocains\" \/>\n<meta property=\"article:publisher\" content=\"https:\/\/www.facebook.com\/profile.php?id=61576678196717\" \/>\n<meta property=\"og:image\" content=\"https:\/\/vitablanca.ma\/wp-content\/uploads\/2025\/05\/narciso.jpg\" \/>\n\t<meta property=\"og:image:width\" content=\"876\" \/>\n\t<meta property=\"og:image:height\" content=\"658\" \/>\n\t<meta property=\"og:image:type\" content=\"image\/jpeg\" \/>\n<meta name=\"twitter:card\" content=\"summary_large_image\" \/>\n<script type=\"application\/ld+json\" class=\"yoast-schema-graph\">{\"@context\":\"https:\\\/\\\/schema.org\",\"@graph\":[{\"@type\":[\"WebPage\",\"ItemPage\"],\"@id\":\"https:\\\/\\\/vitablanca.ma\\\/produit\\\/narciso-rodriguez-3-piece-for-her-eau-de-toilette-gift-set-2\\\/\",\"url\":\"https:\\\/\\\/vitablanca.ma\\\/produit\\\/narciso-rodriguez-3-piece-for-her-eau-de-toilette-gift-set-2\\\/\",\"name\":\"Narciso Rodriguez 3 piece For Her Eau de Toilette Gift Set - Maroc Prix\",\"isPartOf\":{\"@id\":\"https:\\\/\\\/vitablanca.ma\\\/#website\"},\"primaryImageOfPage\":{\"@id\":\"https:\\\/\\\/vitablanca.ma\\\/produit\\\/narciso-rodriguez-3-piece-for-her-eau-de-toilette-gift-set-2\\\/#primaryimage\"},\"image\":{\"@id\":\"https:\\\/\\\/vitablanca.ma\\\/produit\\\/narciso-rodriguez-3-piece-for-her-eau-de-toilette-gift-set-2\\\/#primaryimage\"},\"thumbnailUrl\":\"https:\\\/\\\/vitablanca.ma\\\/wp-content\\\/uploads\\\/2025\\\/05\\\/narciso.jpg\",\"datePublished\":\"2025-05-28T23:01:45+00:00\",\"description\":\"Narciso Rodriguez 3 piece For Her Eau de Toilette Gift Set\",\"breadcrumb\":{\"@id\":\"https:\\\/\\\/vitablanca.ma\\\/produit\\\/narciso-rodriguez-3-piece-for-her-eau-de-toilette-gift-set-2\\\/#breadcrumb\"},\"inLanguage\":\"ar\",\"potentialAction\":[{\"@type\":\"ReadAction\",\"target\":[\"https:\\\/\\\/vitablanca.ma\\\/produit\\\/narciso-rodriguez-3-piece-for-her-eau-de-toilette-gift-set-2\\\/\"]}]},{\"@type\":\"ImageObject\",\"inLanguage\":\"ar\",\"@id\":\"https:\\\/\\\/vitablanca.ma\\\/produit\\\/narciso-rodriguez-3-piece-for-her-eau-de-toilette-gift-set-2\\\/#primaryimage\",\"url\":\"https:\\\/\\\/vitablanca.ma\\\/wp-content\\\/uploads\\\/2025\\\/05\\\/narciso.jpg\",\"contentUrl\":\"https:\\\/\\\/vitablanca.ma\\\/wp-content\\\/uploads\\\/2025\\\/05\\\/narciso.jpg\",\"width\":876,\"height\":658},{\"@type\":\"BreadcrumbList\",\"@id\":\"https:\\\/\\\/vitablanca.ma\\\/produit\\\/narciso-rodriguez-3-piece-for-her-eau-de-toilette-gift-set-2\\\/#breadcrumb\",\"itemListElement\":[{\"@type\":\"ListItem\",\"position\":1,\"name\":\"Home\",\"item\":\"https:\\\/\\\/vitablanca.ma\\\/\"},{\"@type\":\"ListItem\",\"position\":2,\"name\":\"Tous Les Produits\",\"item\":\"https:\\\/\\\/vitablanca.ma\\\/tous-les-produits\\\/\"},{\"@type\":\"ListItem\",\"position\":3,\"name\":\"Narciso Rodriguez 3 piece For Her Eau de Toilette Gift Set\"}]},{\"@type\":\"WebSite\",\"@id\":\"https:\\\/\\\/vitablanca.ma\\\/#website\",\"url\":\"https:\\\/\\\/vitablanca.ma\\\/\",\"name\":\"VitaBlanca.ma | Compl\u00e9ments alimentaires, sant\u00e9 & beaut\u00e9 au Maroc\",\"description\":\"vendre vitamines et compl\u00e9ments premium des USA &amp; Canada, Nouvelle Z\u00e9lande,Maroc (NOW Foods, Solgar, Manuka). Livraison rapide partout au Maroc.\",\"publisher\":{\"@id\":\"https:\\\/\\\/vitablanca.ma\\\/#organization\"},\"alternateName\":\"VitaBlanca.ma\",\"potentialAction\":[{\"@type\":\"SearchAction\",\"target\":{\"@type\":\"EntryPoint\",\"urlTemplate\":\"https:\\\/\\\/vitablanca.ma\\\/?s={search_term_string}\"},\"query-input\":{\"@type\":\"PropertyValueSpecification\",\"valueRequired\":true,\"valueName\":\"search_term_string\"}}],\"inLanguage\":\"ar\"},{\"@type\":\"Organization\",\"@id\":\"https:\\\/\\\/vitablanca.ma\\\/#organization\",\"name\":\"VitaBlanca\",\"url\":\"https:\\\/\\\/vitablanca.ma\\\/\",\"logo\":{\"@type\":\"ImageObject\",\"inLanguage\":\"ar\",\"@id\":\"https:\\\/\\\/vitablanca.ma\\\/#\\\/schema\\\/logo\\\/image\\\/\",\"url\":\"https:\\\/\\\/vitablanca.ma\\\/wp-content\\\/uploads\\\/2025\\\/05\\\/cropped-vitablanca.png\",\"contentUrl\":\"https:\\\/\\\/vitablanca.ma\\\/wp-content\\\/uploads\\\/2025\\\/05\\\/cropped-vitablanca.png\",\"width\":360,\"height\":67,\"caption\":\"VitaBlanca\"},\"image\":{\"@id\":\"https:\\\/\\\/vitablanca.ma\\\/#\\\/schema\\\/logo\\\/image\\\/\"},\"sameAs\":[\"https:\\\/\\\/www.facebook.com\\\/profile.php?id=61576678196717\",\"https:\\\/\\\/www.tiktok.com\\\/@vitablanca.ma\",\"https:\\\/\\\/www.instagram.com\\\/vitablanca.ma\\\/\"]}]}<\/script>\n<!-- \/ Yoast SEO plugin. -->","yoast_head_json":{"title":"\u0645\u062c\u0645\u0648\u0639\u0629 \u0647\u062f\u0627\u064a\u0627 \u0639\u0637\u0631 \u0646\u0627\u0631\u0633\u064a\u0633\u0648 \u0631\u0648\u062f\u0631\u064a\u063a\u064a\u0632 \u0623\u0648 \u062f\u0648 \u062a\u0648\u0627\u0644\u064a\u062a \u0644\u0644\u0646\u0633\u0627\u0621\u060c \u0645\u0643\u0648\u0646\u0629 \u0645\u0646 3 \u0642\u0637\u0639 - \u0633\u0639\u0631 \u0627\u0644\u0645\u063a\u0631\u0628","description":"\u0645\u062c\u0645\u0648\u0639\u0629 \u0647\u062f\u0627\u064a\u0627 \u0639\u0637\u0631 \u0646\u0627\u0631\u0633\u064a\u0633\u0648 \u0631\u0648\u062f\u0631\u064a\u063a\u064a\u0632 \u0623\u0648 \u062f\u0648 \u062a\u0648\u0627\u0644\u064a\u062a \u0644\u0644\u0646\u0633\u0627\u0621\u060c \u0645\u0643\u0648\u0646\u0629 \u0645\u0646 3 \u0642\u0637\u0639","robots":{"index":"index","follow":"follow","max-snippet":"max-snippet:-1","max-image-preview":"max-image-preview:large","max-video-preview":"max-video-preview:-1"},"canonical":"https:\/\/vitablanca.ma\/ar\/product-2\/narciso-rodriguez-3-piece-for-her-eau-de-toilette-gift-set-2\/","og_locale":"ar_AR","og_type":"article","og_title":"Narciso Rodriguez 3 piece For Her Eau de Toilette Gift Set - Maroc Prix","og_description":"Narciso Rodriguez 3 piece For Her Eau de Toilette Gift Set","og_url":"https:\/\/vitablanca.ma\/ar\/product-2\/narciso-rodriguez-3-piece-for-her-eau-de-toilette-gift-set-2\/","og_site_name":"Vitablanca.ma &ndash; Sant&eacute;, vitalit&eacute; et bien-&ecirc;tre pour tous les Marocains","article_publisher":"https:\/\/www.facebook.com\/profile.php?id=61576678196717","og_image":[{"width":876,"height":658,"url":"https:\/\/vitablanca.ma\/wp-content\/uploads\/2025\/05\/narciso.jpg","type":"image\/jpeg"}],"twitter_card":"summary_large_image","schema":{"@context":"https:\/\/schema.org","@graph":[{"@type":["WebPage","ItemPage"],"@id":"https:\/\/vitablanca.ma\/produit\/narciso-rodriguez-3-piece-for-her-eau-de-toilette-gift-set-2\/","url":"https:\/\/vitablanca.ma\/produit\/narciso-rodriguez-3-piece-for-her-eau-de-toilette-gift-set-2\/","name":"\u0645\u062c\u0645\u0648\u0639\u0629 \u0647\u062f\u0627\u064a\u0627 \u0639\u0637\u0631 \u0646\u0627\u0631\u0633\u064a\u0633\u0648 \u0631\u0648\u062f\u0631\u064a\u063a\u064a\u0632 \u0623\u0648 \u062f\u0648 \u062a\u0648\u0627\u0644\u064a\u062a \u0644\u0644\u0646\u0633\u0627\u0621\u060c \u0645\u0643\u0648\u0646\u0629 \u0645\u0646 3 \u0642\u0637\u0639 - \u0633\u0639\u0631 \u0627\u0644\u0645\u063a\u0631\u0628","isPartOf":{"@id":"https:\/\/vitablanca.ma\/#website"},"primaryImageOfPage":{"@id":"https:\/\/vitablanca.ma\/produit\/narciso-rodriguez-3-piece-for-her-eau-de-toilette-gift-set-2\/#primaryimage"},"image":{"@id":"https:\/\/vitablanca.ma\/produit\/narciso-rodriguez-3-piece-for-her-eau-de-toilette-gift-set-2\/#primaryimage"},"thumbnailUrl":"https:\/\/vitablanca.ma\/wp-content\/uploads\/2025\/05\/narciso.jpg","datePublished":"2025-05-28T23:01:45+00:00","description":"\u0645\u062c\u0645\u0648\u0639\u0629 \u0647\u062f\u0627\u064a\u0627 \u0639\u0637\u0631 \u0646\u0627\u0631\u0633\u064a\u0633\u0648 \u0631\u0648\u062f\u0631\u064a\u063a\u064a\u0632 \u0623\u0648 \u062f\u0648 \u062a\u0648\u0627\u0644\u064a\u062a \u0644\u0644\u0646\u0633\u0627\u0621\u060c \u0645\u0643\u0648\u0646\u0629 \u0645\u0646 3 \u0642\u0637\u0639","breadcrumb":{"@id":"https:\/\/vitablanca.ma\/produit\/narciso-rodriguez-3-piece-for-her-eau-de-toilette-gift-set-2\/#breadcrumb"},"inLanguage":"ar","potentialAction":[{"@type":"ReadAction","target":["https:\/\/vitablanca.ma\/produit\/narciso-rodriguez-3-piece-for-her-eau-de-toilette-gift-set-2\/"]}]},{"@type":"ImageObject","inLanguage":"ar","@id":"https:\/\/vitablanca.ma\/produit\/narciso-rodriguez-3-piece-for-her-eau-de-toilette-gift-set-2\/#primaryimage","url":"https:\/\/vitablanca.ma\/wp-content\/uploads\/2025\/05\/narciso.jpg","contentUrl":"https:\/\/vitablanca.ma\/wp-content\/uploads\/2025\/05\/narciso.jpg","width":876,"height":658},{"@type":"BreadcrumbList","@id":"https:\/\/vitablanca.ma\/produit\/narciso-rodriguez-3-piece-for-her-eau-de-toilette-gift-set-2\/#breadcrumb","itemListElement":[{"@type":"ListItem","position":1,"name":"Home","item":"https:\/\/vitablanca.ma\/"},{"@type":"ListItem","position":2,"name":"Tous Les Produits","item":"https:\/\/vitablanca.ma\/tous-les-produits\/"},{"@type":"ListItem","position":3,"name":"Narciso Rodriguez 3 piece For Her Eau de Toilette Gift Set"}]},{"@type":"WebSite","@id":"https:\/\/vitablanca.ma\/#website","url":"https:\/\/vitablanca.ma\/","name":"VitaBlanca.ma | \u0627\u0644\u0645\u0643\u0645\u0644\u0627\u062a \u0627\u0644\u063a\u0630\u0627\u0626\u064a\u0629\u060c \u0627\u0644\u0635\u062d\u0629 \u0648\u0627\u0644\u062c\u0645\u0627\u0644 \u0641\u064a \u0627\u0644\u0645\u063a\u0631\u0628","description":"\u0646\u0628\u064a\u0639 \u0641\u064a\u062a\u0627\u0645\u064a\u0646\u0627\u062a \u0648\u0645\u0643\u0645\u0644\u0627\u062a \u063a\u0630\u0627\u0626\u064a\u0629 \u0641\u0627\u062e\u0631\u0629 \u0645\u0646 \u0627\u0644\u0648\u0644\u0627\u064a\u0627\u062a \u0627\u0644\u0645\u062a\u062d\u062f\u0629 \u0627\u0644\u0623\u0645\u0631\u064a\u0643\u064a\u0629 \u0648\u0643\u0646\u062f\u0627 \u0648\u0646\u064a\u0648\u0632\u064a\u0644\u0646\u062f\u0627 \u0648\u0627\u0644\u0645\u063a\u0631\u0628 (\u0646\u0627\u0648 \u0641\u0648\u062f\u0632\u060c \u0633\u0648\u0644\u062c\u0627\u0631\u060c \u0645\u0627\u0646\u0648\u0643\u0627). \u062a\u0648\u0635\u064a\u0644 \u0633\u0631\u064a\u0639 \u0625\u0644\u0649 \u062c\u0645\u064a\u0639 \u0623\u0646\u062d\u0627\u0621 \u0627\u0644\u0645\u063a\u0631\u0628.","publisher":{"@id":"https:\/\/vitablanca.ma\/#organization"},"alternateName":"VitaBlanca.ma","potentialAction":[{"@type":"SearchAction","target":{"@type":"EntryPoint","urlTemplate":"https:\/\/vitablanca.ma\/?s={search_term_string}"},"query-input":{"@type":"PropertyValueSpecification","valueRequired":true,"valueName":"search_term_string"}}],"inLanguage":"ar"},{"@type":"Organization","@id":"https:\/\/vitablanca.ma\/#organization","name":"\u0641\u064a\u062a\u0627\u0628\u0644\u0627\u0646\u0643\u0627","url":"https:\/\/vitablanca.ma\/","logo":{"@type":"ImageObject","inLanguage":"ar","@id":"https:\/\/vitablanca.ma\/#\/schema\/logo\/image\/","url":"https:\/\/vitablanca.ma\/wp-content\/uploads\/2025\/05\/cropped-vitablanca.png","contentUrl":"https:\/\/vitablanca.ma\/wp-content\/uploads\/2025\/05\/cropped-vitablanca.png","width":360,"height":67,"caption":"VitaBlanca"},"image":{"@id":"https:\/\/vitablanca.ma\/#\/schema\/logo\/image\/"},"sameAs":["https:\/\/www.facebook.com\/profile.php?id=61576678196717","https:\/\/www.tiktok.com\/@vitablanca.ma","https:\/\/www.instagram.com\/vitablanca.ma\/"]}]}},"jetpack_sharing_enabled":true,"_links":{"self":[{"href":"https:\/\/vitablanca.ma\/ar\/wp-json\/wp\/v2\/product\/13871","targetHints":{"allow":["GET"]}}],"collection":[{"href":"https:\/\/vitablanca.ma\/ar\/wp-json\/wp\/v2\/product"}],"about":[{"href":"https:\/\/vitablanca.ma\/ar\/wp-json\/wp\/v2\/types\/product"}],"wp:featuredmedia":[{"embeddable":true,"href":"https:\/\/vitablanca.ma\/ar\/wp-json\/wp\/v2\/media\/13869"}],"wp:attachment":[{"href":"https:\/\/vitablanca.ma\/ar\/wp-json\/wp\/v2\/media?parent=13871"}],"wp:term":[{"taxonomy":"product_brand","embeddable":true,"href":"https:\/\/vitablanca.ma\/ar\/wp-json\/wp\/v2\/product_brand?post=13871"},{"taxonomy":"product_cat","embeddable":true,"href":"https:\/\/vitablanca.ma\/ar\/wp-json\/wp\/v2\/product_cat?post=13871"},{"taxonomy":"product_tag","embeddable":true,"href":"https:\/\/vitablanca.ma\/ar\/wp-json\/wp\/v2\/product_tag?post=13871"}],"curies":[{"name":"wp","href":"https:\/\/api.w.org\/{rel}","templated":true}]}}