{"id":13835,"date":"2025-05-28T23:00:35","date_gmt":"2025-05-28T23:00:35","guid":{"rendered":"https:\/\/vitablanca.ma\/product\/nuxe-coffret-le-moment-serenite-coffret-relaxant\/"},"modified":"2025-12-17T19:34:46","modified_gmt":"2025-12-17T19:34:46","slug":"nuxe-coffret-le-moment-serenite-coffret-relaxant","status":"publish","type":"product","link":"https:\/\/vitablanca.ma\/ar\/product-2\/nuxe-coffret-le-moment-serenite-coffret-relaxant\/","title":{"rendered":"NUXE Coffret Le Moment S\u00e9r\u00e9nit\u00e9 &#8211; Coffret Relaxant"},"content":{"rendered":"<p><span data-mce-fragment=\"1\">Coffret Relaxant Prodigieux\u00ae N\u00e9roli \u2013 Succombez \u00e0 un moment de calme et de s\u00e9r\u00e9nit\u00e9.<\/span><\/p>\n<p>Connectez-vous \u00e0 vos sens avec ces soins aux notes apaisantes et enveloppantes de N\u00e9roli dans ce coffret relaxant. <br \/>Ce coffret contient: <br \/>\u2013 Huile Prodigieuse\u00ae N\u00e9roli 100ml \u2013 certifi\u00e9 BIO <br \/>\u2013 Prodigieux\u00ae N\u00e9roli Le Parfum 15ml <br \/>\u2013 Prodigieux\u00ae N\u00e9roli Gel Douche Relaxant \u2013 certifi\u00e9 BIO <br \/>\u2013 Bougie d\u2019int\u00e9rieur Prodigieux\u00ae N\u00e9roli 70g <\/p>\n<p>\u062a\u0645 \u062a\u0631\u0643\u064a\u0628 \u0627\u0644\u0645\u0646\u062a\u062c \u0648\u062a\u0635\u0646\u064a\u0639\u0647 \u0641\u064a \u0641\u0631\u0646\u0633\u0627. <br \/>\u0634\u0645\u0639\u0629 \u0645\u0635\u0646\u0648\u0639\u0629 \u0641\u064a \u0641\u0631\u0646\u0633\u0627.<\/p>","protected":false},"excerpt":{"rendered":"<p>Coffret Relaxant Prodigieux\u00ae N\u00e9roli \u2013 Succombez \u00e0 un moment de calme et de s\u00e9r\u00e9nit\u00e9. Connectez-vous \u00e0 vos sens avec ces soins aux notes apaisantes et enveloppantes de N\u00e9roli dans ce coffret relaxant. Ce coffret contient: \u2013 Huile Prodigieuse\u00ae N\u00e9roli 100ml \u2013 certifi\u00e9 BIO \u2013 Prodigieux\u00ae N\u00e9roli Le Parfum 15ml \u2013 Prodigieux\u00ae N\u00e9roli Gel Douche Relaxant [&hellip;]<\/p>\n","protected":false},"featured_media":13834,"template":"","meta":{"om_disable_all_campaigns":false},"product_brand":[5409],"product_cat":[18],"product_tag":[],"class_list":{"0":"post-13835","1":"product","2":"type-product","3":"status-publish","4":"has-post-thumbnail","6":"product_brand-nuxe-maroc-prix","7":"product_cat-beaute-sante","9":"first","10":"instock","11":"sale","12":"taxable","13":"shipping-taxable","14":"purchasable","15":"product-type-simple"},"yoast_head":"<!-- This site is optimized with the Yoast SEO plugin v27.5 - https:\/\/yoast.com\/product\/yoast-seo-wordpress\/ -->\n<title>NUXE Coffret Le Moment S\u00e9r\u00e9nit\u00e9 - Coffret Relaxant - Maroc Prix<\/title>\n<meta name=\"description\" content=\"NUXE Coffret Le Moment S\u00e9r\u00e9nit\u00e9 - Coffret Relaxant\" \/>\n<meta name=\"robots\" content=\"index, follow, max-snippet:-1, max-image-preview:large, max-video-preview:-1\" \/>\n<link rel=\"canonical\" href=\"https:\/\/vitablanca.ma\/ar\/product-2\/nuxe-coffret-le-moment-serenite-coffret-relaxant\/\" \/>\n<meta property=\"og:locale\" content=\"ar_AR\" \/>\n<meta property=\"og:type\" content=\"article\" \/>\n<meta property=\"og:title\" content=\"NUXE Coffret Le Moment S\u00e9r\u00e9nit\u00e9 - Coffret Relaxant - Maroc Prix\" \/>\n<meta property=\"og:description\" content=\"NUXE Coffret Le Moment S\u00e9r\u00e9nit\u00e9 - Coffret Relaxant\" \/>\n<meta property=\"og:url\" content=\"https:\/\/vitablanca.ma\/ar\/product-2\/nuxe-coffret-le-moment-serenite-coffret-relaxant\/\" \/>\n<meta property=\"og:site_name\" content=\"Vitablanca.ma &ndash; Sant&eacute;, vitalit&eacute; et bien-&ecirc;tre pour tous les Marocains\" \/>\n<meta property=\"article:publisher\" content=\"https:\/\/www.facebook.com\/profile.php?id=61576678196717\" \/>\n<meta property=\"article:modified_time\" content=\"2025-12-17T19:34:46+00:00\" \/>\n<meta property=\"og:image\" content=\"https:\/\/vitablanca.ma\/wp-content\/uploads\/2025\/05\/14882347-9145078889819393.jpg\" \/>\n\t<meta property=\"og:image:width\" content=\"1500\" \/>\n\t<meta property=\"og:image:height\" content=\"1500\" \/>\n\t<meta property=\"og:image:type\" content=\"image\/jpeg\" \/>\n<meta name=\"twitter:card\" content=\"summary_large_image\" \/>\n<script type=\"application\/ld+json\" class=\"yoast-schema-graph\">{\"@context\":\"https:\\\/\\\/schema.org\",\"@graph\":[{\"@type\":[\"WebPage\",\"ItemPage\"],\"@id\":\"https:\\\/\\\/vitablanca.ma\\\/produit\\\/nuxe-coffret-le-moment-serenite-coffret-relaxant\\\/\",\"url\":\"https:\\\/\\\/vitablanca.ma\\\/produit\\\/nuxe-coffret-le-moment-serenite-coffret-relaxant\\\/\",\"name\":\"NUXE Coffret Le Moment S\u00e9r\u00e9nit\u00e9 - Coffret Relaxant - Maroc Prix\",\"isPartOf\":{\"@id\":\"https:\\\/\\\/vitablanca.ma\\\/#website\"},\"primaryImageOfPage\":{\"@id\":\"https:\\\/\\\/vitablanca.ma\\\/produit\\\/nuxe-coffret-le-moment-serenite-coffret-relaxant\\\/#primaryimage\"},\"image\":{\"@id\":\"https:\\\/\\\/vitablanca.ma\\\/produit\\\/nuxe-coffret-le-moment-serenite-coffret-relaxant\\\/#primaryimage\"},\"thumbnailUrl\":\"https:\\\/\\\/vitablanca.ma\\\/wp-content\\\/uploads\\\/2025\\\/05\\\/14882347-9145078889819393.jpg\",\"datePublished\":\"2025-05-28T23:00:35+00:00\",\"dateModified\":\"2025-12-17T19:34:46+00:00\",\"description\":\"NUXE Coffret Le Moment S\u00e9r\u00e9nit\u00e9 - Coffret Relaxant\",\"breadcrumb\":{\"@id\":\"https:\\\/\\\/vitablanca.ma\\\/produit\\\/nuxe-coffret-le-moment-serenite-coffret-relaxant\\\/#breadcrumb\"},\"inLanguage\":\"ar\",\"potentialAction\":[{\"@type\":\"ReadAction\",\"target\":[\"https:\\\/\\\/vitablanca.ma\\\/produit\\\/nuxe-coffret-le-moment-serenite-coffret-relaxant\\\/\"]}]},{\"@type\":\"ImageObject\",\"inLanguage\":\"ar\",\"@id\":\"https:\\\/\\\/vitablanca.ma\\\/produit\\\/nuxe-coffret-le-moment-serenite-coffret-relaxant\\\/#primaryimage\",\"url\":\"https:\\\/\\\/vitablanca.ma\\\/wp-content\\\/uploads\\\/2025\\\/05\\\/14882347-9145078889819393.jpg\",\"contentUrl\":\"https:\\\/\\\/vitablanca.ma\\\/wp-content\\\/uploads\\\/2025\\\/05\\\/14882347-9145078889819393.jpg\",\"width\":1500,\"height\":1500},{\"@type\":\"BreadcrumbList\",\"@id\":\"https:\\\/\\\/vitablanca.ma\\\/produit\\\/nuxe-coffret-le-moment-serenite-coffret-relaxant\\\/#breadcrumb\",\"itemListElement\":[{\"@type\":\"ListItem\",\"position\":1,\"name\":\"Home\",\"item\":\"https:\\\/\\\/vitablanca.ma\\\/\"},{\"@type\":\"ListItem\",\"position\":2,\"name\":\"Tous Les Produits\",\"item\":\"https:\\\/\\\/vitablanca.ma\\\/tous-les-produits\\\/\"},{\"@type\":\"ListItem\",\"position\":3,\"name\":\"NUXE Coffret Le Moment S\u00e9r\u00e9nit\u00e9 &#8211; Coffret Relaxant\"}]},{\"@type\":\"WebSite\",\"@id\":\"https:\\\/\\\/vitablanca.ma\\\/#website\",\"url\":\"https:\\\/\\\/vitablanca.ma\\\/\",\"name\":\"VitaBlanca.ma | Compl\u00e9ments alimentaires, sant\u00e9 & beaut\u00e9 au Maroc\",\"description\":\"vendre vitamines et compl\u00e9ments premium des USA &amp; Canada, Nouvelle Z\u00e9lande,Maroc (NOW Foods, Solgar, Manuka). Livraison rapide partout au Maroc.\",\"publisher\":{\"@id\":\"https:\\\/\\\/vitablanca.ma\\\/#organization\"},\"alternateName\":\"VitaBlanca.ma\",\"potentialAction\":[{\"@type\":\"SearchAction\",\"target\":{\"@type\":\"EntryPoint\",\"urlTemplate\":\"https:\\\/\\\/vitablanca.ma\\\/?s={search_term_string}\"},\"query-input\":{\"@type\":\"PropertyValueSpecification\",\"valueRequired\":true,\"valueName\":\"search_term_string\"}}],\"inLanguage\":\"ar\"},{\"@type\":\"Organization\",\"@id\":\"https:\\\/\\\/vitablanca.ma\\\/#organization\",\"name\":\"VitaBlanca\",\"url\":\"https:\\\/\\\/vitablanca.ma\\\/\",\"logo\":{\"@type\":\"ImageObject\",\"inLanguage\":\"ar\",\"@id\":\"https:\\\/\\\/vitablanca.ma\\\/#\\\/schema\\\/logo\\\/image\\\/\",\"url\":\"https:\\\/\\\/vitablanca.ma\\\/wp-content\\\/uploads\\\/2025\\\/05\\\/cropped-vitablanca.png\",\"contentUrl\":\"https:\\\/\\\/vitablanca.ma\\\/wp-content\\\/uploads\\\/2025\\\/05\\\/cropped-vitablanca.png\",\"width\":360,\"height\":67,\"caption\":\"VitaBlanca\"},\"image\":{\"@id\":\"https:\\\/\\\/vitablanca.ma\\\/#\\\/schema\\\/logo\\\/image\\\/\"},\"sameAs\":[\"https:\\\/\\\/www.facebook.com\\\/profile.php?id=61576678196717\",\"https:\\\/\\\/www.tiktok.com\\\/@vitablanca.ma\",\"https:\\\/\\\/www.instagram.com\\\/vitablanca.ma\\\/\"]}]}<\/script>\n<!-- \/ Yoast SEO plugin. -->","yoast_head_json":{"title":"NUXE Coffret Le Moment S\u00e9r\u00e9nit\u00e9 - Coffret Relaxant - Maroc Prix","description":"NUXE Coffret Le Moment S\u00e9r\u00e9nit\u00e9 - Coffret Relaxant","robots":{"index":"index","follow":"follow","max-snippet":"max-snippet:-1","max-image-preview":"max-image-preview:large","max-video-preview":"max-video-preview:-1"},"canonical":"https:\/\/vitablanca.ma\/ar\/product-2\/nuxe-coffret-le-moment-serenite-coffret-relaxant\/","og_locale":"ar_AR","og_type":"article","og_title":"NUXE Coffret Le Moment S\u00e9r\u00e9nit\u00e9 - Coffret Relaxant - Maroc Prix","og_description":"NUXE Coffret Le Moment S\u00e9r\u00e9nit\u00e9 - Coffret Relaxant","og_url":"https:\/\/vitablanca.ma\/ar\/product-2\/nuxe-coffret-le-moment-serenite-coffret-relaxant\/","og_site_name":"Vitablanca.ma &ndash; Sant&eacute;, vitalit&eacute; et bien-&ecirc;tre pour tous les Marocains","article_publisher":"https:\/\/www.facebook.com\/profile.php?id=61576678196717","article_modified_time":"2025-12-17T19:34:46+00:00","og_image":[{"width":1500,"height":1500,"url":"https:\/\/vitablanca.ma\/wp-content\/uploads\/2025\/05\/14882347-9145078889819393.jpg","type":"image\/jpeg"}],"twitter_card":"summary_large_image","schema":{"@context":"https:\/\/schema.org","@graph":[{"@type":["WebPage","ItemPage"],"@id":"https:\/\/vitablanca.ma\/produit\/nuxe-coffret-le-moment-serenite-coffret-relaxant\/","url":"https:\/\/vitablanca.ma\/produit\/nuxe-coffret-le-moment-serenite-coffret-relaxant\/","name":"NUXE Coffret Le Moment S\u00e9r\u00e9nit\u00e9 - Coffret Relaxant - Maroc Prix","isPartOf":{"@id":"https:\/\/vitablanca.ma\/#website"},"primaryImageOfPage":{"@id":"https:\/\/vitablanca.ma\/produit\/nuxe-coffret-le-moment-serenite-coffret-relaxant\/#primaryimage"},"image":{"@id":"https:\/\/vitablanca.ma\/produit\/nuxe-coffret-le-moment-serenite-coffret-relaxant\/#primaryimage"},"thumbnailUrl":"https:\/\/vitablanca.ma\/wp-content\/uploads\/2025\/05\/14882347-9145078889819393.jpg","datePublished":"2025-05-28T23:00:35+00:00","dateModified":"2025-12-17T19:34:46+00:00","description":"NUXE Coffret Le Moment S\u00e9r\u00e9nit\u00e9 - Coffret Relaxant","breadcrumb":{"@id":"https:\/\/vitablanca.ma\/produit\/nuxe-coffret-le-moment-serenite-coffret-relaxant\/#breadcrumb"},"inLanguage":"ar","potentialAction":[{"@type":"ReadAction","target":["https:\/\/vitablanca.ma\/produit\/nuxe-coffret-le-moment-serenite-coffret-relaxant\/"]}]},{"@type":"ImageObject","inLanguage":"ar","@id":"https:\/\/vitablanca.ma\/produit\/nuxe-coffret-le-moment-serenite-coffret-relaxant\/#primaryimage","url":"https:\/\/vitablanca.ma\/wp-content\/uploads\/2025\/05\/14882347-9145078889819393.jpg","contentUrl":"https:\/\/vitablanca.ma\/wp-content\/uploads\/2025\/05\/14882347-9145078889819393.jpg","width":1500,"height":1500},{"@type":"BreadcrumbList","@id":"https:\/\/vitablanca.ma\/produit\/nuxe-coffret-le-moment-serenite-coffret-relaxant\/#breadcrumb","itemListElement":[{"@type":"ListItem","position":1,"name":"Home","item":"https:\/\/vitablanca.ma\/"},{"@type":"ListItem","position":2,"name":"Tous Les Produits","item":"https:\/\/vitablanca.ma\/tous-les-produits\/"},{"@type":"ListItem","position":3,"name":"NUXE Coffret Le Moment S\u00e9r\u00e9nit\u00e9 &#8211; Coffret Relaxant"}]},{"@type":"WebSite","@id":"https:\/\/vitablanca.ma\/#website","url":"https:\/\/vitablanca.ma\/","name":"VitaBlanca.ma | \u0627\u0644\u0645\u0643\u0645\u0644\u0627\u062a \u0627\u0644\u063a\u0630\u0627\u0626\u064a\u0629\u060c \u0627\u0644\u0635\u062d\u0629 \u0648\u0627\u0644\u062c\u0645\u0627\u0644 \u0641\u064a \u0627\u0644\u0645\u063a\u0631\u0628","description":"\u0646\u0628\u064a\u0639 \u0641\u064a\u062a\u0627\u0645\u064a\u0646\u0627\u062a \u0648\u0645\u0643\u0645\u0644\u0627\u062a \u063a\u0630\u0627\u0626\u064a\u0629 \u0641\u0627\u062e\u0631\u0629 \u0645\u0646 \u0627\u0644\u0648\u0644\u0627\u064a\u0627\u062a \u0627\u0644\u0645\u062a\u062d\u062f\u0629 \u0627\u0644\u0623\u0645\u0631\u064a\u0643\u064a\u0629 \u0648\u0643\u0646\u062f\u0627 \u0648\u0646\u064a\u0648\u0632\u064a\u0644\u0646\u062f\u0627 \u0648\u0627\u0644\u0645\u063a\u0631\u0628 (\u0646\u0627\u0648 \u0641\u0648\u062f\u0632\u060c \u0633\u0648\u0644\u062c\u0627\u0631\u060c \u0645\u0627\u0646\u0648\u0643\u0627). \u062a\u0648\u0635\u064a\u0644 \u0633\u0631\u064a\u0639 \u0625\u0644\u0649 \u062c\u0645\u064a\u0639 \u0623\u0646\u062d\u0627\u0621 \u0627\u0644\u0645\u063a\u0631\u0628.","publisher":{"@id":"https:\/\/vitablanca.ma\/#organization"},"alternateName":"VitaBlanca.ma","potentialAction":[{"@type":"SearchAction","target":{"@type":"EntryPoint","urlTemplate":"https:\/\/vitablanca.ma\/?s={search_term_string}"},"query-input":{"@type":"PropertyValueSpecification","valueRequired":true,"valueName":"search_term_string"}}],"inLanguage":"ar"},{"@type":"Organization","@id":"https:\/\/vitablanca.ma\/#organization","name":"\u0641\u064a\u062a\u0627\u0628\u0644\u0627\u0646\u0643\u0627","url":"https:\/\/vitablanca.ma\/","logo":{"@type":"ImageObject","inLanguage":"ar","@id":"https:\/\/vitablanca.ma\/#\/schema\/logo\/image\/","url":"https:\/\/vitablanca.ma\/wp-content\/uploads\/2025\/05\/cropped-vitablanca.png","contentUrl":"https:\/\/vitablanca.ma\/wp-content\/uploads\/2025\/05\/cropped-vitablanca.png","width":360,"height":67,"caption":"VitaBlanca"},"image":{"@id":"https:\/\/vitablanca.ma\/#\/schema\/logo\/image\/"},"sameAs":["https:\/\/www.facebook.com\/profile.php?id=61576678196717","https:\/\/www.tiktok.com\/@vitablanca.ma","https:\/\/www.instagram.com\/vitablanca.ma\/"]}]}},"jetpack_sharing_enabled":true,"_links":{"self":[{"href":"https:\/\/vitablanca.ma\/ar\/wp-json\/wp\/v2\/product\/13835","targetHints":{"allow":["GET"]}}],"collection":[{"href":"https:\/\/vitablanca.ma\/ar\/wp-json\/wp\/v2\/product"}],"about":[{"href":"https:\/\/vitablanca.ma\/ar\/wp-json\/wp\/v2\/types\/product"}],"wp:featuredmedia":[{"embeddable":true,"href":"https:\/\/vitablanca.ma\/ar\/wp-json\/wp\/v2\/media\/13834"}],"wp:attachment":[{"href":"https:\/\/vitablanca.ma\/ar\/wp-json\/wp\/v2\/media?parent=13835"}],"wp:term":[{"taxonomy":"product_brand","embeddable":true,"href":"https:\/\/vitablanca.ma\/ar\/wp-json\/wp\/v2\/product_brand?post=13835"},{"taxonomy":"product_cat","embeddable":true,"href":"https:\/\/vitablanca.ma\/ar\/wp-json\/wp\/v2\/product_cat?post=13835"},{"taxonomy":"product_tag","embeddable":true,"href":"https:\/\/vitablanca.ma\/ar\/wp-json\/wp\/v2\/product_tag?post=13835"}],"curies":[{"name":"wp","href":"https:\/\/api.w.org\/{rel}","templated":true}]}}