{"id":13812,"date":"2025-05-28T22:59:51","date_gmt":"2025-05-28T22:59:51","guid":{"rendered":"https:\/\/vitablanca.ma\/product\/the-ritual-of-jing-gift-set-m-coffret-m\/"},"modified":"2026-01-20T15:37:29","modified_gmt":"2026-01-20T15:37:29","slug":"the-ritual-of-jing-gift-set-m-coffret-m","status":"publish","type":"product","link":"https:\/\/vitablanca.ma\/ar\/product-2\/the-ritual-of-jing-gift-set-m-coffret-m\/","title":{"rendered":"THE RITUAL OF JING Gift Set M &#8211; COFFRET M"},"content":{"rendered":"<p data-mce-fragment=\"1\">Le coffret-cadeau THE RITUAL OF JING M est le cadeau parfait pour un ami ou un membre de la famille, ou pour se faire plaisir ! D\u00e9tendez-vous en d\u00e9but ou en fin de journ\u00e9e avec ces produits enrichis en jujube et lotus. Comprend un gel douche moussant, une cr\u00e8me pour le corps, un gommage pour le corps et une bougie parfum\u00e9e. Le design origami est inspir\u00e9 de l\u2019art japonais du don. Dans la culture japonaise, l\u2019emballage cadeau est tout aussi important que le cadeau lui-m\u00eame, o\u00f9 il est consid\u00e9r\u00e9 comme un moyen de communication entre le donneur et le receveur. Le coffret-cadeau de luxe r\u00e9utilisable peut \u00e9galement \u00eatre utilis\u00e9 pour conserver des photos, des lettres ou d\u2019autres objets.<\/p>\n<p data-mce-fragment=\"1\"><strong>NOTES DU PACK :<\/strong><\/p>\n<div class=\"grid-x\">\n<div class=\"cell accord-box\">\n<div class=\"accord-bar\" style=\"color: #000000;background: #e7ceec;opacity: 1;width: 100%\">Lavande<\/div>\n<\/div>\n<div class=\"cell accord-box\">\n<div class=\"accord-bar\" style=\"color: #ffffff;background: #774414;opacity: 1;width: 100%\">bois\u00e9<\/div>\n<\/div>\n<div class=\"cell accord-box\">\n<div class=\"accord-bar\" style=\"color: #000000;background: #37a089;opacity: 0.671579;width: 61.6842%\">aromatique<\/div>\n<\/div>\n<div class=\"cell accord-box\">\n<div class=\"accord-bar\" style=\"color: #000000;background: #83c928;opacity: 0.58;width: 51%\">\u00e9pic\u00e9 frais<\/div>\n<\/div>\n<div class=\"cell accord-box\">\n<div class=\"accord-bar\" style=\"color: #000000;background: #eeddcc;opacity: 0.557895;width: 48.421%\">poudr\u00e9<\/div>\n<\/div>\n<div class=\"cell accord-box\">\n<div class=\"accord-bar\" style=\"color: #ffffff;background: #cc3300;opacity: 0.526316;width: 44.7368%\">\u00e9pic\u00e9 chaud<\/div>\n<\/div>\n<\/div>","protected":false},"excerpt":{"rendered":"<p>Le coffret-cadeau THE RITUAL OF JING M est le cadeau parfait pour un ami ou un membre de la famille, ou pour se faire plaisir ! D\u00e9tendez-vous en d\u00e9but ou en fin de journ\u00e9e avec ces produits enrichis en jujube et lotus. Comprend un gel douche moussant, une cr\u00e8me pour le corps, un gommage pour [&hellip;]<\/p>\n","protected":false},"featured_media":13807,"template":"","meta":{"om_disable_all_campaigns":false},"product_brand":[5971],"product_cat":[18,15],"product_tag":[5974,5977,5973,5978,5976,5975,5960,5956,5972],"class_list":{"0":"post-13812","1":"product","2":"type-product","3":"status-publish","4":"has-post-thumbnail","6":"product_brand-rituals-maroc-prix","7":"product_cat-beaute-sante","8":"product_cat-beaute-sante-complements-alimentaires-soins-et-bien-etre-au-meilleur-prix","9":"product_tag-bien-etre-luxe-maroc","10":"product_tag-brume-rituals","11":"product_tag-parfum-rituals","12":"product_tag-produits-rituals-maroc","13":"product_tag-ritual-of-ayurveda-maroc","14":"product_tag-ritual-of-sakura-maroc","15":"product_tag-rituals-cosmetics-maroc","16":"product_tag-rituals-maroc","17":"product_tag-soins-corps-rituals","19":"first","20":"instock","21":"sale","22":"taxable","23":"shipping-taxable","24":"purchasable","25":"product-type-simple"},"yoast_head":"<!-- This site is optimized with the Yoast SEO plugin v27.5 - https:\/\/yoast.com\/product\/yoast-seo-wordpress\/ -->\n<title>THE RITUAL OF JING Gift Set M - COFFRET M - Maroc Prix<\/title>\n<meta name=\"description\" content=\"THE RITUAL OF JING Gift Set M - COFFRET M\" \/>\n<meta name=\"robots\" content=\"index, follow, max-snippet:-1, max-image-preview:large, max-video-preview:-1\" \/>\n<link rel=\"canonical\" href=\"https:\/\/vitablanca.ma\/ar\/product-2\/the-ritual-of-jing-gift-set-m-coffret-m\/\" \/>\n<meta property=\"og:locale\" content=\"ar_AR\" \/>\n<meta property=\"og:type\" content=\"article\" \/>\n<meta property=\"og:title\" content=\"THE RITUAL OF JING Gift Set M - COFFRET M - Maroc Prix\" \/>\n<meta property=\"og:description\" content=\"THE RITUAL OF JING Gift Set M - COFFRET M\" \/>\n<meta property=\"og:url\" content=\"https:\/\/vitablanca.ma\/ar\/product-2\/the-ritual-of-jing-gift-set-m-coffret-m\/\" \/>\n<meta property=\"og:site_name\" content=\"Vitablanca.ma &ndash; Sant&eacute;, vitalit&eacute; et bien-&ecirc;tre pour tous les Marocains\" \/>\n<meta property=\"article:publisher\" content=\"https:\/\/www.facebook.com\/profile.php?id=61576678196717\" \/>\n<meta property=\"article:modified_time\" content=\"2026-01-20T15:37:29+00:00\" \/>\n<meta property=\"og:image\" content=\"https:\/\/vitablanca.ma\/wp-content\/uploads\/2025\/05\/1116624-rituals-jing-giftset-m-pack-closed_Square.png\" \/>\n\t<meta property=\"og:image:width\" content=\"788\" \/>\n\t<meta property=\"og:image:height\" content=\"788\" \/>\n\t<meta property=\"og:image:type\" content=\"image\/png\" \/>\n<meta name=\"twitter:card\" content=\"summary_large_image\" \/>\n<meta name=\"twitter:label1\" content=\"\u0648\u0642\u062a \u0627\u0644\u0642\u0631\u0627\u0621\u0629 \u0627\u0644\u0645\u064f\u0642\u062f\u0651\u0631\" \/>\n\t<meta name=\"twitter:data1\" content=\"\u062f\u0642\u064a\u0642\u0629 \u0648\u0627\u062d\u062f\u0629\" \/>\n<script type=\"application\/ld+json\" class=\"yoast-schema-graph\">{\"@context\":\"https:\\\/\\\/schema.org\",\"@graph\":[{\"@type\":[\"WebPage\",\"ItemPage\"],\"@id\":\"https:\\\/\\\/vitablanca.ma\\\/produit\\\/the-ritual-of-jing-gift-set-m-coffret-m\\\/\",\"url\":\"https:\\\/\\\/vitablanca.ma\\\/produit\\\/the-ritual-of-jing-gift-set-m-coffret-m\\\/\",\"name\":\"THE RITUAL OF JING Gift Set M - COFFRET M - Maroc Prix\",\"isPartOf\":{\"@id\":\"https:\\\/\\\/vitablanca.ma\\\/#website\"},\"primaryImageOfPage\":{\"@id\":\"https:\\\/\\\/vitablanca.ma\\\/produit\\\/the-ritual-of-jing-gift-set-m-coffret-m\\\/#primaryimage\"},\"image\":{\"@id\":\"https:\\\/\\\/vitablanca.ma\\\/produit\\\/the-ritual-of-jing-gift-set-m-coffret-m\\\/#primaryimage\"},\"thumbnailUrl\":\"https:\\\/\\\/vitablanca.ma\\\/wp-content\\\/uploads\\\/2025\\\/05\\\/1116624-rituals-jing-giftset-m-pack-closed_Square.png\",\"datePublished\":\"2025-05-28T22:59:51+00:00\",\"dateModified\":\"2026-01-20T15:37:29+00:00\",\"description\":\"THE RITUAL OF JING Gift Set M - COFFRET M\",\"breadcrumb\":{\"@id\":\"https:\\\/\\\/vitablanca.ma\\\/produit\\\/the-ritual-of-jing-gift-set-m-coffret-m\\\/#breadcrumb\"},\"inLanguage\":\"ar\",\"potentialAction\":[{\"@type\":\"ReadAction\",\"target\":[\"https:\\\/\\\/vitablanca.ma\\\/produit\\\/the-ritual-of-jing-gift-set-m-coffret-m\\\/\"]}]},{\"@type\":\"ImageObject\",\"inLanguage\":\"ar\",\"@id\":\"https:\\\/\\\/vitablanca.ma\\\/produit\\\/the-ritual-of-jing-gift-set-m-coffret-m\\\/#primaryimage\",\"url\":\"https:\\\/\\\/vitablanca.ma\\\/wp-content\\\/uploads\\\/2025\\\/05\\\/1116624-rituals-jing-giftset-m-pack-closed_Square.png\",\"contentUrl\":\"https:\\\/\\\/vitablanca.ma\\\/wp-content\\\/uploads\\\/2025\\\/05\\\/1116624-rituals-jing-giftset-m-pack-closed_Square.png\",\"width\":788,\"height\":788},{\"@type\":\"BreadcrumbList\",\"@id\":\"https:\\\/\\\/vitablanca.ma\\\/produit\\\/the-ritual-of-jing-gift-set-m-coffret-m\\\/#breadcrumb\",\"itemListElement\":[{\"@type\":\"ListItem\",\"position\":1,\"name\":\"Home\",\"item\":\"https:\\\/\\\/vitablanca.ma\\\/\"},{\"@type\":\"ListItem\",\"position\":2,\"name\":\"Tous Les Produits\",\"item\":\"https:\\\/\\\/vitablanca.ma\\\/tous-les-produits\\\/\"},{\"@type\":\"ListItem\",\"position\":3,\"name\":\"THE RITUAL OF JING Gift Set M &#8211; COFFRET M\"}]},{\"@type\":\"WebSite\",\"@id\":\"https:\\\/\\\/vitablanca.ma\\\/#website\",\"url\":\"https:\\\/\\\/vitablanca.ma\\\/\",\"name\":\"VitaBlanca.ma | Compl\u00e9ments alimentaires, sant\u00e9 & beaut\u00e9 au Maroc\",\"description\":\"vendre vitamines et compl\u00e9ments premium des USA &amp; Canada, Nouvelle Z\u00e9lande,Maroc (NOW Foods, Solgar, Manuka). Livraison rapide partout au Maroc.\",\"publisher\":{\"@id\":\"https:\\\/\\\/vitablanca.ma\\\/#organization\"},\"alternateName\":\"VitaBlanca.ma\",\"potentialAction\":[{\"@type\":\"SearchAction\",\"target\":{\"@type\":\"EntryPoint\",\"urlTemplate\":\"https:\\\/\\\/vitablanca.ma\\\/?s={search_term_string}\"},\"query-input\":{\"@type\":\"PropertyValueSpecification\",\"valueRequired\":true,\"valueName\":\"search_term_string\"}}],\"inLanguage\":\"ar\"},{\"@type\":\"Organization\",\"@id\":\"https:\\\/\\\/vitablanca.ma\\\/#organization\",\"name\":\"VitaBlanca\",\"url\":\"https:\\\/\\\/vitablanca.ma\\\/\",\"logo\":{\"@type\":\"ImageObject\",\"inLanguage\":\"ar\",\"@id\":\"https:\\\/\\\/vitablanca.ma\\\/#\\\/schema\\\/logo\\\/image\\\/\",\"url\":\"https:\\\/\\\/vitablanca.ma\\\/wp-content\\\/uploads\\\/2025\\\/05\\\/cropped-vitablanca.png\",\"contentUrl\":\"https:\\\/\\\/vitablanca.ma\\\/wp-content\\\/uploads\\\/2025\\\/05\\\/cropped-vitablanca.png\",\"width\":360,\"height\":67,\"caption\":\"VitaBlanca\"},\"image\":{\"@id\":\"https:\\\/\\\/vitablanca.ma\\\/#\\\/schema\\\/logo\\\/image\\\/\"},\"sameAs\":[\"https:\\\/\\\/www.facebook.com\\\/profile.php?id=61576678196717\",\"https:\\\/\\\/www.tiktok.com\\\/@vitablanca.ma\",\"https:\\\/\\\/www.instagram.com\\\/vitablanca.ma\\\/\"]}]}<\/script>\n<!-- \/ Yoast SEO plugin. -->","yoast_head_json":{"title":"THE RITUAL OF JING Gift Set M - COFFRET M - Maroc Prix","description":"THE RITUAL OF JING Gift Set M - COFFRET M","robots":{"index":"index","follow":"follow","max-snippet":"max-snippet:-1","max-image-preview":"max-image-preview:large","max-video-preview":"max-video-preview:-1"},"canonical":"https:\/\/vitablanca.ma\/ar\/product-2\/the-ritual-of-jing-gift-set-m-coffret-m\/","og_locale":"ar_AR","og_type":"article","og_title":"THE RITUAL OF JING Gift Set M - COFFRET M - Maroc Prix","og_description":"THE RITUAL OF JING Gift Set M - COFFRET M","og_url":"https:\/\/vitablanca.ma\/ar\/product-2\/the-ritual-of-jing-gift-set-m-coffret-m\/","og_site_name":"Vitablanca.ma &ndash; Sant&eacute;, vitalit&eacute; et bien-&ecirc;tre pour tous les Marocains","article_publisher":"https:\/\/www.facebook.com\/profile.php?id=61576678196717","article_modified_time":"2026-01-20T15:37:29+00:00","og_image":[{"width":788,"height":788,"url":"https:\/\/vitablanca.ma\/wp-content\/uploads\/2025\/05\/1116624-rituals-jing-giftset-m-pack-closed_Square.png","type":"image\/png"}],"twitter_card":"summary_large_image","twitter_misc":{"\u0648\u0642\u062a \u0627\u0644\u0642\u0631\u0627\u0621\u0629 \u0627\u0644\u0645\u064f\u0642\u062f\u0651\u0631":"\u062f\u0642\u064a\u0642\u0629 \u0648\u0627\u062d\u062f\u0629"},"schema":{"@context":"https:\/\/schema.org","@graph":[{"@type":["WebPage","ItemPage"],"@id":"https:\/\/vitablanca.ma\/produit\/the-ritual-of-jing-gift-set-m-coffret-m\/","url":"https:\/\/vitablanca.ma\/produit\/the-ritual-of-jing-gift-set-m-coffret-m\/","name":"THE RITUAL OF JING Gift Set M - COFFRET M - Maroc Prix","isPartOf":{"@id":"https:\/\/vitablanca.ma\/#website"},"primaryImageOfPage":{"@id":"https:\/\/vitablanca.ma\/produit\/the-ritual-of-jing-gift-set-m-coffret-m\/#primaryimage"},"image":{"@id":"https:\/\/vitablanca.ma\/produit\/the-ritual-of-jing-gift-set-m-coffret-m\/#primaryimage"},"thumbnailUrl":"https:\/\/vitablanca.ma\/wp-content\/uploads\/2025\/05\/1116624-rituals-jing-giftset-m-pack-closed_Square.png","datePublished":"2025-05-28T22:59:51+00:00","dateModified":"2026-01-20T15:37:29+00:00","description":"THE RITUAL OF JING Gift Set M - COFFRET M","breadcrumb":{"@id":"https:\/\/vitablanca.ma\/produit\/the-ritual-of-jing-gift-set-m-coffret-m\/#breadcrumb"},"inLanguage":"ar","potentialAction":[{"@type":"ReadAction","target":["https:\/\/vitablanca.ma\/produit\/the-ritual-of-jing-gift-set-m-coffret-m\/"]}]},{"@type":"ImageObject","inLanguage":"ar","@id":"https:\/\/vitablanca.ma\/produit\/the-ritual-of-jing-gift-set-m-coffret-m\/#primaryimage","url":"https:\/\/vitablanca.ma\/wp-content\/uploads\/2025\/05\/1116624-rituals-jing-giftset-m-pack-closed_Square.png","contentUrl":"https:\/\/vitablanca.ma\/wp-content\/uploads\/2025\/05\/1116624-rituals-jing-giftset-m-pack-closed_Square.png","width":788,"height":788},{"@type":"BreadcrumbList","@id":"https:\/\/vitablanca.ma\/produit\/the-ritual-of-jing-gift-set-m-coffret-m\/#breadcrumb","itemListElement":[{"@type":"ListItem","position":1,"name":"Home","item":"https:\/\/vitablanca.ma\/"},{"@type":"ListItem","position":2,"name":"Tous Les Produits","item":"https:\/\/vitablanca.ma\/tous-les-produits\/"},{"@type":"ListItem","position":3,"name":"THE RITUAL OF JING Gift Set M &#8211; COFFRET M"}]},{"@type":"WebSite","@id":"https:\/\/vitablanca.ma\/#website","url":"https:\/\/vitablanca.ma\/","name":"VitaBlanca.ma | \u0627\u0644\u0645\u0643\u0645\u0644\u0627\u062a \u0627\u0644\u063a\u0630\u0627\u0626\u064a\u0629\u060c \u0627\u0644\u0635\u062d\u0629 \u0648\u0627\u0644\u062c\u0645\u0627\u0644 \u0641\u064a \u0627\u0644\u0645\u063a\u0631\u0628","description":"\u0646\u0628\u064a\u0639 \u0641\u064a\u062a\u0627\u0645\u064a\u0646\u0627\u062a \u0648\u0645\u0643\u0645\u0644\u0627\u062a \u063a\u0630\u0627\u0626\u064a\u0629 \u0641\u0627\u062e\u0631\u0629 \u0645\u0646 \u0627\u0644\u0648\u0644\u0627\u064a\u0627\u062a \u0627\u0644\u0645\u062a\u062d\u062f\u0629 \u0627\u0644\u0623\u0645\u0631\u064a\u0643\u064a\u0629 \u0648\u0643\u0646\u062f\u0627 \u0648\u0646\u064a\u0648\u0632\u064a\u0644\u0646\u062f\u0627 \u0648\u0627\u0644\u0645\u063a\u0631\u0628 (\u0646\u0627\u0648 \u0641\u0648\u062f\u0632\u060c \u0633\u0648\u0644\u062c\u0627\u0631\u060c \u0645\u0627\u0646\u0648\u0643\u0627). \u062a\u0648\u0635\u064a\u0644 \u0633\u0631\u064a\u0639 \u0625\u0644\u0649 \u062c\u0645\u064a\u0639 \u0623\u0646\u062d\u0627\u0621 \u0627\u0644\u0645\u063a\u0631\u0628.","publisher":{"@id":"https:\/\/vitablanca.ma\/#organization"},"alternateName":"VitaBlanca.ma","potentialAction":[{"@type":"SearchAction","target":{"@type":"EntryPoint","urlTemplate":"https:\/\/vitablanca.ma\/?s={search_term_string}"},"query-input":{"@type":"PropertyValueSpecification","valueRequired":true,"valueName":"search_term_string"}}],"inLanguage":"ar"},{"@type":"Organization","@id":"https:\/\/vitablanca.ma\/#organization","name":"\u0641\u064a\u062a\u0627\u0628\u0644\u0627\u0646\u0643\u0627","url":"https:\/\/vitablanca.ma\/","logo":{"@type":"ImageObject","inLanguage":"ar","@id":"https:\/\/vitablanca.ma\/#\/schema\/logo\/image\/","url":"https:\/\/vitablanca.ma\/wp-content\/uploads\/2025\/05\/cropped-vitablanca.png","contentUrl":"https:\/\/vitablanca.ma\/wp-content\/uploads\/2025\/05\/cropped-vitablanca.png","width":360,"height":67,"caption":"VitaBlanca"},"image":{"@id":"https:\/\/vitablanca.ma\/#\/schema\/logo\/image\/"},"sameAs":["https:\/\/www.facebook.com\/profile.php?id=61576678196717","https:\/\/www.tiktok.com\/@vitablanca.ma","https:\/\/www.instagram.com\/vitablanca.ma\/"]}]}},"jetpack_sharing_enabled":true,"_links":{"self":[{"href":"https:\/\/vitablanca.ma\/ar\/wp-json\/wp\/v2\/product\/13812","targetHints":{"allow":["GET"]}}],"collection":[{"href":"https:\/\/vitablanca.ma\/ar\/wp-json\/wp\/v2\/product"}],"about":[{"href":"https:\/\/vitablanca.ma\/ar\/wp-json\/wp\/v2\/types\/product"}],"wp:featuredmedia":[{"embeddable":true,"href":"https:\/\/vitablanca.ma\/ar\/wp-json\/wp\/v2\/media\/13807"}],"wp:attachment":[{"href":"https:\/\/vitablanca.ma\/ar\/wp-json\/wp\/v2\/media?parent=13812"}],"wp:term":[{"taxonomy":"product_brand","embeddable":true,"href":"https:\/\/vitablanca.ma\/ar\/wp-json\/wp\/v2\/product_brand?post=13812"},{"taxonomy":"product_cat","embeddable":true,"href":"https:\/\/vitablanca.ma\/ar\/wp-json\/wp\/v2\/product_cat?post=13812"},{"taxonomy":"product_tag","embeddable":true,"href":"https:\/\/vitablanca.ma\/ar\/wp-json\/wp\/v2\/product_tag?post=13812"}],"curies":[{"name":"wp","href":"https:\/\/api.w.org\/{rel}","templated":true}]}}