{"id":13779,"date":"2025-05-28T22:56:10","date_gmt":"2025-05-28T22:56:10","guid":{"rendered":"https:\/\/vitablanca.ma\/product\/bath-body-works-endless-weekend-body-mist-236-ml\/"},"modified":"2025-05-28T22:56:10","modified_gmt":"2025-05-28T22:56:10","slug":"bath-body-works-endless-weekend-body-mist-236-ml","status":"publish","type":"product","link":"https:\/\/vitablanca.ma\/ar\/product-2\/bath-body-works-endless-weekend-body-mist-236-ml\/","title":{"rendered":"\u0645\u0639\u0637\u0631 \u0627\u0644\u062c\u0633\u0645 \u0625\u0646\u062f\u0644\u0633 \u0648\u064a\u0643 \u0625\u0646\u062f \u0645\u0646 \u0628\u0627\u062b \u0622\u0646\u062f \u0628\u0648\u062f\u064a \u0648\u0631\u0643\u0633\u060c 236 \u0645\u0644"},"content":{"rendered":"<p>Un m\u00e9lange exaltant de mandarine d\u2019\u00e9t\u00e9, d\u2019eau de coco bleue et de bois de santal vanill\u00e9<\/p>\n<div>Les rayons du soleil scintillent sur les vagues d\u2019eau sal\u00e9e\u2026 Que vous \u00e9claboussiez abondamment ou vaporisez l\u00e9g\u00e8rement, vous tomberez amoureux d\u00e8s la premi\u00e8re brume. Notre flacon soigneusement con\u00e7u et notre pompe sophistiqu\u00e9e offrent une excellente couverture tandis que la brume d\u2019alo\u00e8s revitalisante test\u00e9e par des dermatologues nourrit la peau pour la fa\u00e7on la plus l\u00e9g\u00e8re et la plus rafra\u00eechissante de se parfumer<\/div>","protected":false},"excerpt":{"rendered":"<p>Un m\u00e9lange exaltant de mandarine d\u2019\u00e9t\u00e9, d\u2019eau de coco bleue et de bois de santal vanill\u00e9 Les rayons du soleil scintillent sur les vagues d\u2019eau sal\u00e9e\u2026 Que vous \u00e9claboussiez abondamment ou vaporisez l\u00e9g\u00e8rement, vous tomberez amoureux d\u00e8s la premi\u00e8re brume. Notre flacon soigneusement con\u00e7u et notre pompe sophistiqu\u00e9e offrent une excellente couverture tandis que la [&hellip;]<\/p>\n","protected":false},"featured_media":13777,"template":"","meta":{"om_disable_all_campaigns":false},"product_brand":[],"product_cat":[15],"product_tag":[],"class_list":{"0":"post-13779","1":"product","2":"type-product","3":"status-publish","4":"has-post-thumbnail","6":"product_cat-beaute-sante-complements-alimentaires-soins-et-bien-etre-au-meilleur-prix","8":"first","9":"instock","10":"taxable","11":"shipping-taxable","12":"purchasable","13":"product-type-simple"},"yoast_head":"<!-- This site is optimized with the Yoast SEO plugin v27.5 - https:\/\/yoast.com\/product\/yoast-seo-wordpress\/ -->\n<title>Bath &amp; Body Works ENDLESS WEEKEND Body Mist 236 Ml - Maroc Prix<\/title>\n<meta name=\"description\" content=\"Bath &amp; Body Works ENDLESS WEEKEND Body Mist 236 Ml\" \/>\n<meta name=\"robots\" content=\"index, follow, max-snippet:-1, max-image-preview:large, max-video-preview:-1\" \/>\n<link rel=\"canonical\" href=\"https:\/\/vitablanca.ma\/ar\/product-2\/bath-body-works-endless-weekend-body-mist-236-ml\/\" \/>\n<meta property=\"og:locale\" content=\"ar_AR\" \/>\n<meta property=\"og:type\" content=\"article\" \/>\n<meta property=\"og:title\" content=\"Bath &amp; Body Works ENDLESS WEEKEND Body Mist 236 Ml - Maroc Prix\" \/>\n<meta property=\"og:description\" content=\"Bath &amp; Body Works ENDLESS WEEKEND Body Mist 236 Ml\" \/>\n<meta property=\"og:url\" content=\"https:\/\/vitablanca.ma\/ar\/product-2\/bath-body-works-endless-weekend-body-mist-236-ml\/\" \/>\n<meta property=\"og:site_name\" content=\"Vitablanca.ma &ndash; Sant&eacute;, vitalit&eacute; et bien-&ecirc;tre pour tous les Marocains\" \/>\n<meta property=\"article:publisher\" content=\"https:\/\/www.facebook.com\/profile.php?id=61576678196717\" \/>\n<meta property=\"og:image\" content=\"https:\/\/vitablanca.ma\/wp-content\/uploads\/2025\/05\/PicsArt_09-15-02.49.42.jpg\" \/>\n\t<meta property=\"og:image:width\" content=\"1080\" \/>\n\t<meta property=\"og:image:height\" content=\"1080\" \/>\n\t<meta property=\"og:image:type\" content=\"image\/jpeg\" \/>\n<meta name=\"twitter:card\" content=\"summary_large_image\" \/>\n<script type=\"application\/ld+json\" class=\"yoast-schema-graph\">{\"@context\":\"https:\\\/\\\/schema.org\",\"@graph\":[{\"@type\":[\"WebPage\",\"ItemPage\"],\"@id\":\"https:\\\/\\\/vitablanca.ma\\\/produit\\\/bath-body-works-endless-weekend-body-mist-236-ml\\\/\",\"url\":\"https:\\\/\\\/vitablanca.ma\\\/produit\\\/bath-body-works-endless-weekend-body-mist-236-ml\\\/\",\"name\":\"Bath &amp; Body Works ENDLESS WEEKEND Body Mist 236 Ml - Maroc Prix\",\"isPartOf\":{\"@id\":\"https:\\\/\\\/vitablanca.ma\\\/#website\"},\"primaryImageOfPage\":{\"@id\":\"https:\\\/\\\/vitablanca.ma\\\/produit\\\/bath-body-works-endless-weekend-body-mist-236-ml\\\/#primaryimage\"},\"image\":{\"@id\":\"https:\\\/\\\/vitablanca.ma\\\/produit\\\/bath-body-works-endless-weekend-body-mist-236-ml\\\/#primaryimage\"},\"thumbnailUrl\":\"https:\\\/\\\/vitablanca.ma\\\/wp-content\\\/uploads\\\/2025\\\/05\\\/PicsArt_09-15-02.49.42.jpg\",\"datePublished\":\"2025-05-28T22:56:10+00:00\",\"description\":\"Bath &amp; Body Works ENDLESS WEEKEND Body Mist 236 Ml\",\"breadcrumb\":{\"@id\":\"https:\\\/\\\/vitablanca.ma\\\/produit\\\/bath-body-works-endless-weekend-body-mist-236-ml\\\/#breadcrumb\"},\"inLanguage\":\"ar\",\"potentialAction\":[{\"@type\":\"ReadAction\",\"target\":[\"https:\\\/\\\/vitablanca.ma\\\/produit\\\/bath-body-works-endless-weekend-body-mist-236-ml\\\/\"]}]},{\"@type\":\"ImageObject\",\"inLanguage\":\"ar\",\"@id\":\"https:\\\/\\\/vitablanca.ma\\\/produit\\\/bath-body-works-endless-weekend-body-mist-236-ml\\\/#primaryimage\",\"url\":\"https:\\\/\\\/vitablanca.ma\\\/wp-content\\\/uploads\\\/2025\\\/05\\\/PicsArt_09-15-02.49.42.jpg\",\"contentUrl\":\"https:\\\/\\\/vitablanca.ma\\\/wp-content\\\/uploads\\\/2025\\\/05\\\/PicsArt_09-15-02.49.42.jpg\",\"width\":1080,\"height\":1080},{\"@type\":\"BreadcrumbList\",\"@id\":\"https:\\\/\\\/vitablanca.ma\\\/produit\\\/bath-body-works-endless-weekend-body-mist-236-ml\\\/#breadcrumb\",\"itemListElement\":[{\"@type\":\"ListItem\",\"position\":1,\"name\":\"Home\",\"item\":\"https:\\\/\\\/vitablanca.ma\\\/\"},{\"@type\":\"ListItem\",\"position\":2,\"name\":\"Tous Les Produits\",\"item\":\"https:\\\/\\\/vitablanca.ma\\\/tous-les-produits\\\/\"},{\"@type\":\"ListItem\",\"position\":3,\"name\":\"Bath &amp; Body Works ENDLESS WEEKEND Body Mist 236 Ml\"}]},{\"@type\":\"WebSite\",\"@id\":\"https:\\\/\\\/vitablanca.ma\\\/#website\",\"url\":\"https:\\\/\\\/vitablanca.ma\\\/\",\"name\":\"VitaBlanca.ma | Compl\u00e9ments alimentaires, sant\u00e9 & beaut\u00e9 au Maroc\",\"description\":\"vendre vitamines et compl\u00e9ments premium des USA &amp; Canada, Nouvelle Z\u00e9lande,Maroc (NOW Foods, Solgar, Manuka). Livraison rapide partout au Maroc.\",\"publisher\":{\"@id\":\"https:\\\/\\\/vitablanca.ma\\\/#organization\"},\"alternateName\":\"VitaBlanca.ma\",\"potentialAction\":[{\"@type\":\"SearchAction\",\"target\":{\"@type\":\"EntryPoint\",\"urlTemplate\":\"https:\\\/\\\/vitablanca.ma\\\/?s={search_term_string}\"},\"query-input\":{\"@type\":\"PropertyValueSpecification\",\"valueRequired\":true,\"valueName\":\"search_term_string\"}}],\"inLanguage\":\"ar\"},{\"@type\":\"Organization\",\"@id\":\"https:\\\/\\\/vitablanca.ma\\\/#organization\",\"name\":\"VitaBlanca\",\"url\":\"https:\\\/\\\/vitablanca.ma\\\/\",\"logo\":{\"@type\":\"ImageObject\",\"inLanguage\":\"ar\",\"@id\":\"https:\\\/\\\/vitablanca.ma\\\/#\\\/schema\\\/logo\\\/image\\\/\",\"url\":\"https:\\\/\\\/vitablanca.ma\\\/wp-content\\\/uploads\\\/2025\\\/05\\\/cropped-vitablanca.png\",\"contentUrl\":\"https:\\\/\\\/vitablanca.ma\\\/wp-content\\\/uploads\\\/2025\\\/05\\\/cropped-vitablanca.png\",\"width\":360,\"height\":67,\"caption\":\"VitaBlanca\"},\"image\":{\"@id\":\"https:\\\/\\\/vitablanca.ma\\\/#\\\/schema\\\/logo\\\/image\\\/\"},\"sameAs\":[\"https:\\\/\\\/www.facebook.com\\\/profile.php?id=61576678196717\",\"https:\\\/\\\/www.tiktok.com\\\/@vitablanca.ma\",\"https:\\\/\\\/www.instagram.com\\\/vitablanca.ma\\\/\"]}]}<\/script>\n<!-- \/ Yoast SEO plugin. -->","yoast_head_json":{"title":"\u0645\u0639\u0637\u0631 \u0627\u0644\u062c\u0633\u0645 \u0625\u0646\u062f\u0644\u0633 \u0648\u064a\u0643 \u0625\u0646\u062f \u0645\u0646 \u0628\u0627\u062b \u0622\u0646\u062f \u0628\u0648\u062f\u064a \u0648\u0631\u0643\u0633\u060c 236 \u0645\u0644 - \u0633\u0639\u0631 \u0627\u0644\u0645\u063a\u0631\u0628","description":"\u0645\u0639\u0637\u0631 \u0627\u0644\u062c\u0633\u0645 \u0625\u0646\u062f\u0644\u0633 \u0648\u064a\u0643 \u0625\u0646\u062f \u0645\u0646 \u0628\u0627\u062b \u0622\u0646\u062f \u0628\u0648\u062f\u064a \u0648\u0631\u0643\u0633\u060c 236 \u0645\u0644","robots":{"index":"index","follow":"follow","max-snippet":"max-snippet:-1","max-image-preview":"max-image-preview:large","max-video-preview":"max-video-preview:-1"},"canonical":"https:\/\/vitablanca.ma\/ar\/product-2\/bath-body-works-endless-weekend-body-mist-236-ml\/","og_locale":"ar_AR","og_type":"article","og_title":"Bath &amp; Body Works ENDLESS WEEKEND Body Mist 236 Ml - Maroc Prix","og_description":"Bath &amp; Body Works ENDLESS WEEKEND Body Mist 236 Ml","og_url":"https:\/\/vitablanca.ma\/ar\/product-2\/bath-body-works-endless-weekend-body-mist-236-ml\/","og_site_name":"Vitablanca.ma &ndash; Sant&eacute;, vitalit&eacute; et bien-&ecirc;tre pour tous les Marocains","article_publisher":"https:\/\/www.facebook.com\/profile.php?id=61576678196717","og_image":[{"width":1080,"height":1080,"url":"https:\/\/vitablanca.ma\/wp-content\/uploads\/2025\/05\/PicsArt_09-15-02.49.42.jpg","type":"image\/jpeg"}],"twitter_card":"summary_large_image","schema":{"@context":"https:\/\/schema.org","@graph":[{"@type":["WebPage","ItemPage"],"@id":"https:\/\/vitablanca.ma\/produit\/bath-body-works-endless-weekend-body-mist-236-ml\/","url":"https:\/\/vitablanca.ma\/produit\/bath-body-works-endless-weekend-body-mist-236-ml\/","name":"\u0645\u0639\u0637\u0631 \u0627\u0644\u062c\u0633\u0645 \u0625\u0646\u062f\u0644\u0633 \u0648\u064a\u0643 \u0625\u0646\u062f \u0645\u0646 \u0628\u0627\u062b \u0622\u0646\u062f \u0628\u0648\u062f\u064a \u0648\u0631\u0643\u0633\u060c 236 \u0645\u0644 - \u0633\u0639\u0631 \u0627\u0644\u0645\u063a\u0631\u0628","isPartOf":{"@id":"https:\/\/vitablanca.ma\/#website"},"primaryImageOfPage":{"@id":"https:\/\/vitablanca.ma\/produit\/bath-body-works-endless-weekend-body-mist-236-ml\/#primaryimage"},"image":{"@id":"https:\/\/vitablanca.ma\/produit\/bath-body-works-endless-weekend-body-mist-236-ml\/#primaryimage"},"thumbnailUrl":"https:\/\/vitablanca.ma\/wp-content\/uploads\/2025\/05\/PicsArt_09-15-02.49.42.jpg","datePublished":"2025-05-28T22:56:10+00:00","description":"\u0645\u0639\u0637\u0631 \u0627\u0644\u062c\u0633\u0645 \u0625\u0646\u062f\u0644\u0633 \u0648\u064a\u0643 \u0625\u0646\u062f \u0645\u0646 \u0628\u0627\u062b \u0622\u0646\u062f \u0628\u0648\u062f\u064a \u0648\u0631\u0643\u0633\u060c 236 \u0645\u0644","breadcrumb":{"@id":"https:\/\/vitablanca.ma\/produit\/bath-body-works-endless-weekend-body-mist-236-ml\/#breadcrumb"},"inLanguage":"ar","potentialAction":[{"@type":"ReadAction","target":["https:\/\/vitablanca.ma\/produit\/bath-body-works-endless-weekend-body-mist-236-ml\/"]}]},{"@type":"ImageObject","inLanguage":"ar","@id":"https:\/\/vitablanca.ma\/produit\/bath-body-works-endless-weekend-body-mist-236-ml\/#primaryimage","url":"https:\/\/vitablanca.ma\/wp-content\/uploads\/2025\/05\/PicsArt_09-15-02.49.42.jpg","contentUrl":"https:\/\/vitablanca.ma\/wp-content\/uploads\/2025\/05\/PicsArt_09-15-02.49.42.jpg","width":1080,"height":1080},{"@type":"BreadcrumbList","@id":"https:\/\/vitablanca.ma\/produit\/bath-body-works-endless-weekend-body-mist-236-ml\/#breadcrumb","itemListElement":[{"@type":"ListItem","position":1,"name":"Home","item":"https:\/\/vitablanca.ma\/"},{"@type":"ListItem","position":2,"name":"Tous Les Produits","item":"https:\/\/vitablanca.ma\/tous-les-produits\/"},{"@type":"ListItem","position":3,"name":"Bath &amp; Body Works ENDLESS WEEKEND Body Mist 236 Ml"}]},{"@type":"WebSite","@id":"https:\/\/vitablanca.ma\/#website","url":"https:\/\/vitablanca.ma\/","name":"VitaBlanca.ma | \u0627\u0644\u0645\u0643\u0645\u0644\u0627\u062a \u0627\u0644\u063a\u0630\u0627\u0626\u064a\u0629\u060c \u0627\u0644\u0635\u062d\u0629 \u0648\u0627\u0644\u062c\u0645\u0627\u0644 \u0641\u064a \u0627\u0644\u0645\u063a\u0631\u0628","description":"\u0646\u0628\u064a\u0639 \u0641\u064a\u062a\u0627\u0645\u064a\u0646\u0627\u062a \u0648\u0645\u0643\u0645\u0644\u0627\u062a \u063a\u0630\u0627\u0626\u064a\u0629 \u0641\u0627\u062e\u0631\u0629 \u0645\u0646 \u0627\u0644\u0648\u0644\u0627\u064a\u0627\u062a \u0627\u0644\u0645\u062a\u062d\u062f\u0629 \u0627\u0644\u0623\u0645\u0631\u064a\u0643\u064a\u0629 \u0648\u0643\u0646\u062f\u0627 \u0648\u0646\u064a\u0648\u0632\u064a\u0644\u0646\u062f\u0627 \u0648\u0627\u0644\u0645\u063a\u0631\u0628 (\u0646\u0627\u0648 \u0641\u0648\u062f\u0632\u060c \u0633\u0648\u0644\u062c\u0627\u0631\u060c \u0645\u0627\u0646\u0648\u0643\u0627). \u062a\u0648\u0635\u064a\u0644 \u0633\u0631\u064a\u0639 \u0625\u0644\u0649 \u062c\u0645\u064a\u0639 \u0623\u0646\u062d\u0627\u0621 \u0627\u0644\u0645\u063a\u0631\u0628.","publisher":{"@id":"https:\/\/vitablanca.ma\/#organization"},"alternateName":"VitaBlanca.ma","potentialAction":[{"@type":"SearchAction","target":{"@type":"EntryPoint","urlTemplate":"https:\/\/vitablanca.ma\/?s={search_term_string}"},"query-input":{"@type":"PropertyValueSpecification","valueRequired":true,"valueName":"search_term_string"}}],"inLanguage":"ar"},{"@type":"Organization","@id":"https:\/\/vitablanca.ma\/#organization","name":"\u0641\u064a\u062a\u0627\u0628\u0644\u0627\u0646\u0643\u0627","url":"https:\/\/vitablanca.ma\/","logo":{"@type":"ImageObject","inLanguage":"ar","@id":"https:\/\/vitablanca.ma\/#\/schema\/logo\/image\/","url":"https:\/\/vitablanca.ma\/wp-content\/uploads\/2025\/05\/cropped-vitablanca.png","contentUrl":"https:\/\/vitablanca.ma\/wp-content\/uploads\/2025\/05\/cropped-vitablanca.png","width":360,"height":67,"caption":"VitaBlanca"},"image":{"@id":"https:\/\/vitablanca.ma\/#\/schema\/logo\/image\/"},"sameAs":["https:\/\/www.facebook.com\/profile.php?id=61576678196717","https:\/\/www.tiktok.com\/@vitablanca.ma","https:\/\/www.instagram.com\/vitablanca.ma\/"]}]}},"jetpack_sharing_enabled":true,"_links":{"self":[{"href":"https:\/\/vitablanca.ma\/ar\/wp-json\/wp\/v2\/product\/13779","targetHints":{"allow":["GET"]}}],"collection":[{"href":"https:\/\/vitablanca.ma\/ar\/wp-json\/wp\/v2\/product"}],"about":[{"href":"https:\/\/vitablanca.ma\/ar\/wp-json\/wp\/v2\/types\/product"}],"wp:featuredmedia":[{"embeddable":true,"href":"https:\/\/vitablanca.ma\/ar\/wp-json\/wp\/v2\/media\/13777"}],"wp:attachment":[{"href":"https:\/\/vitablanca.ma\/ar\/wp-json\/wp\/v2\/media?parent=13779"}],"wp:term":[{"taxonomy":"product_brand","embeddable":true,"href":"https:\/\/vitablanca.ma\/ar\/wp-json\/wp\/v2\/product_brand?post=13779"},{"taxonomy":"product_cat","embeddable":true,"href":"https:\/\/vitablanca.ma\/ar\/wp-json\/wp\/v2\/product_cat?post=13779"},{"taxonomy":"product_tag","embeddable":true,"href":"https:\/\/vitablanca.ma\/ar\/wp-json\/wp\/v2\/product_tag?post=13779"}],"curies":[{"name":"wp","href":"https:\/\/api.w.org\/{rel}","templated":true}]}}