{"id":13702,"date":"2025-05-28T22:54:09","date_gmt":"2025-05-28T22:54:09","guid":{"rendered":"https:\/\/vitablanca.ma\/product\/yves-saint-laurent-libre-edp-50ml-3-piece-gift-set\/"},"modified":"2026-03-19T12:55:17","modified_gmt":"2026-03-19T12:55:17","slug":"yves-saint-laurent-libre-edp-50ml-3-piece-gift-set","status":"publish","type":"product","link":"https:\/\/vitablanca.ma\/ar\/product-2\/yves-saint-laurent-libre-edp-50ml-3-piece-gift-set\/","title":{"rendered":"\u0645\u062c\u0645\u0648\u0639\u0629 \u0647\u062f\u0627\u064a\u0627 \u0645\u0646 3 \u0642\u0637\u0639 \u0645\u0646 \u0639\u0637\u0631 \u0625\u064a\u0641 \u0633\u0627\u0646 \u0644\u0648\u0631\u0627\u0646 \u0644\u064a\u0628\u0631 \u0623\u0648 \u062f\u0648 \u0628\u0627\u0631\u0641\u0627\u0646 50 \u0645\u0644"},"content":{"rendered":"<p>Coffret Cadeau contient :<\/p>\n<p>\u2013 Yves Saint Laurent Libre EDP 50 ml<br \/>\u2013 Lotion pour le corps Yves Saint Laurent Libre 50 ml<br \/>\u2013 Vaporisateur de voyage Yves Saint Laurent Libre 10 ml<\/p>\n<p>Le parfum sophistiqu\u00e9 de Libre, premi\u00e8re lavande florale, repose sur des contrastes forts. Il oscille entre fra\u00eecheur et sensualit\u00e9, entre un c\u0153ur incroyablement f\u00e9minin et une structure r\u00e9solument masculine. Apr\u00e8s sept ann\u00e9es et 1500 essais des Ma\u00eetres Parfumeurs d\u2019IFF, Anne Flipo et Carlos Bena\u00efm, il incarne la sophistication de Paris et l\u2019\u00e9nergie de New York, o\u00f9 il a \u00e9t\u00e9 initialement con\u00e7u.<\/p>\n<p>\u00c0 chaque vaporisation, ces mati\u00e8res premi\u00e8res pr\u00e9cieuses r\u00e9v\u00e8lent l\u2019\u00e9motion ultime, avec la fra\u00eecheur parfum\u00e9e du c\u0153ur de lavande Diva de France, r\u00e9colt\u00e9e de mani\u00e8re responsable, contrastant avec la sensualit\u00e9 ardente de la fleur d\u2019oranger du Maroc.<\/p>\n<p>Le flacon iconique LIBRE exprime l\u2019extravagance couture avec un Cassandre dor\u00e9 massif, plac\u00e9 horizontalement, et un bouchon noir asym\u00e9trique inspir\u00e9 des robes couture de YSL.<\/p>\n<p>Notes de t\u00eate : Huile de mandarine \u2013 huile de petit grain \u2013 huile de lavandine de France \u2013 accord de cassis<\/p>\n<p>Notes de c\u0153ur : Huile de lavande \u2013 absolu de jasmin Sambac \u2013 absolu de jasmin Grandiflorum d\u2019Inde \u2013 absolu de fleur d\u2019oranger<\/p>\n<p>Notes de fond : Extrait de vanille de Madagascar \u2013 huile de bois de c\u00e8dre \u2013 accord d\u2019ambre gris \u2013 muscs<\/p>","protected":false},"excerpt":{"rendered":"<p>Coffret Cadeau contient : \u2013 Yves Saint Laurent Libre EDP 50 ml\u2013 Lotion pour le corps Yves Saint Laurent Libre 50 ml\u2013 Vaporisateur de voyage Yves Saint Laurent Libre 10 ml Le parfum sophistiqu\u00e9 de Libre, premi\u00e8re lavande florale, repose sur des contrastes forts. Il oscille entre fra\u00eecheur et sensualit\u00e9, entre un c\u0153ur incroyablement f\u00e9minin [&hellip;]<\/p>\n","protected":false},"featured_media":13689,"template":"","meta":{"om_disable_all_campaigns":false},"product_brand":[],"product_cat":[15],"product_tag":[],"class_list":{"0":"post-13702","1":"product","2":"type-product","3":"status-publish","4":"has-post-thumbnail","6":"product_cat-beaute-sante-complements-alimentaires-soins-et-bien-etre-au-meilleur-prix","8":"first","9":"outofstock","10":"taxable","11":"shipping-taxable","12":"purchasable","13":"product-type-simple"},"yoast_head":"<!-- This site is optimized with the Yoast SEO plugin v27.5 - https:\/\/yoast.com\/product\/yoast-seo-wordpress\/ -->\n<title>Yves Saint Laurent Libre EDP 50ml 3 Piece Gift Set - Maroc Prix<\/title>\n<meta name=\"description\" content=\"Yves Saint Laurent Libre EDP 50ml 3 Piece Gift Set\" \/>\n<meta name=\"robots\" content=\"index, follow, max-snippet:-1, max-image-preview:large, max-video-preview:-1\" \/>\n<link rel=\"canonical\" href=\"https:\/\/vitablanca.ma\/ar\/product-2\/yves-saint-laurent-libre-edp-50ml-3-piece-gift-set\/\" \/>\n<meta property=\"og:locale\" content=\"ar_AR\" \/>\n<meta property=\"og:type\" content=\"article\" \/>\n<meta property=\"og:title\" content=\"Yves Saint Laurent Libre EDP 50ml 3 Piece Gift Set - Maroc Prix\" \/>\n<meta property=\"og:description\" content=\"Yves Saint Laurent Libre EDP 50ml 3 Piece Gift Set\" \/>\n<meta property=\"og:url\" content=\"https:\/\/vitablanca.ma\/ar\/product-2\/yves-saint-laurent-libre-edp-50ml-3-piece-gift-set\/\" \/>\n<meta property=\"og:site_name\" content=\"Vitablanca.ma &ndash; Sant&eacute;, vitalit&eacute; et bien-&ecirc;tre pour tous les Marocains\" \/>\n<meta property=\"article:publisher\" content=\"https:\/\/www.facebook.com\/profile.php?id=61576678196717\" \/>\n<meta property=\"article:modified_time\" content=\"2026-03-19T12:55:17+00:00\" \/>\n<meta property=\"og:image\" content=\"https:\/\/vitablanca.ma\/wp-content\/uploads\/2025\/05\/white-LF153400.png\" \/>\n\t<meta property=\"og:image:width\" content=\"1140\" \/>\n\t<meta property=\"og:image:height\" content=\"1140\" \/>\n\t<meta property=\"og:image:type\" content=\"image\/png\" \/>\n<meta name=\"twitter:card\" content=\"summary_large_image\" \/>\n<meta name=\"twitter:label1\" content=\"\u0648\u0642\u062a \u0627\u0644\u0642\u0631\u0627\u0621\u0629 \u0627\u0644\u0645\u064f\u0642\u062f\u0651\u0631\" \/>\n\t<meta name=\"twitter:data1\" content=\"\u062f\u0642\u064a\u0642\u0629 \u0648\u0627\u062d\u062f\u0629\" \/>\n<script type=\"application\/ld+json\" class=\"yoast-schema-graph\">{\"@context\":\"https:\\\/\\\/schema.org\",\"@graph\":[{\"@type\":[\"WebPage\",\"ItemPage\"],\"@id\":\"https:\\\/\\\/vitablanca.ma\\\/produit\\\/yves-saint-laurent-libre-edp-50ml-3-piece-gift-set\\\/\",\"url\":\"https:\\\/\\\/vitablanca.ma\\\/produit\\\/yves-saint-laurent-libre-edp-50ml-3-piece-gift-set\\\/\",\"name\":\"Yves Saint Laurent Libre EDP 50ml 3 Piece Gift Set - Maroc Prix\",\"isPartOf\":{\"@id\":\"https:\\\/\\\/vitablanca.ma\\\/#website\"},\"primaryImageOfPage\":{\"@id\":\"https:\\\/\\\/vitablanca.ma\\\/produit\\\/yves-saint-laurent-libre-edp-50ml-3-piece-gift-set\\\/#primaryimage\"},\"image\":{\"@id\":\"https:\\\/\\\/vitablanca.ma\\\/produit\\\/yves-saint-laurent-libre-edp-50ml-3-piece-gift-set\\\/#primaryimage\"},\"thumbnailUrl\":\"https:\\\/\\\/vitablanca.ma\\\/wp-content\\\/uploads\\\/2025\\\/05\\\/white-LF153400.png\",\"datePublished\":\"2025-05-28T22:54:09+00:00\",\"dateModified\":\"2026-03-19T12:55:17+00:00\",\"description\":\"Yves Saint Laurent Libre EDP 50ml 3 Piece Gift Set\",\"breadcrumb\":{\"@id\":\"https:\\\/\\\/vitablanca.ma\\\/produit\\\/yves-saint-laurent-libre-edp-50ml-3-piece-gift-set\\\/#breadcrumb\"},\"inLanguage\":\"ar\",\"potentialAction\":[{\"@type\":\"ReadAction\",\"target\":[\"https:\\\/\\\/vitablanca.ma\\\/produit\\\/yves-saint-laurent-libre-edp-50ml-3-piece-gift-set\\\/\"]}]},{\"@type\":\"ImageObject\",\"inLanguage\":\"ar\",\"@id\":\"https:\\\/\\\/vitablanca.ma\\\/produit\\\/yves-saint-laurent-libre-edp-50ml-3-piece-gift-set\\\/#primaryimage\",\"url\":\"https:\\\/\\\/vitablanca.ma\\\/wp-content\\\/uploads\\\/2025\\\/05\\\/white-LF153400.png\",\"contentUrl\":\"https:\\\/\\\/vitablanca.ma\\\/wp-content\\\/uploads\\\/2025\\\/05\\\/white-LF153400.png\",\"width\":1140,\"height\":1140},{\"@type\":\"BreadcrumbList\",\"@id\":\"https:\\\/\\\/vitablanca.ma\\\/produit\\\/yves-saint-laurent-libre-edp-50ml-3-piece-gift-set\\\/#breadcrumb\",\"itemListElement\":[{\"@type\":\"ListItem\",\"position\":1,\"name\":\"Home\",\"item\":\"https:\\\/\\\/vitablanca.ma\\\/\"},{\"@type\":\"ListItem\",\"position\":2,\"name\":\"Tous Les Produits\",\"item\":\"https:\\\/\\\/vitablanca.ma\\\/tous-les-produits\\\/\"},{\"@type\":\"ListItem\",\"position\":3,\"name\":\"Yves Saint Laurent Libre EDP 50ml 3 Piece Gift Set\"}]},{\"@type\":\"WebSite\",\"@id\":\"https:\\\/\\\/vitablanca.ma\\\/#website\",\"url\":\"https:\\\/\\\/vitablanca.ma\\\/\",\"name\":\"VitaBlanca.ma | Compl\u00e9ments alimentaires, sant\u00e9 & beaut\u00e9 au Maroc\",\"description\":\"vendre vitamines et compl\u00e9ments premium des USA &amp; Canada, Nouvelle Z\u00e9lande,Maroc (NOW Foods, Solgar, Manuka). Livraison rapide partout au Maroc.\",\"publisher\":{\"@id\":\"https:\\\/\\\/vitablanca.ma\\\/#organization\"},\"alternateName\":\"VitaBlanca.ma\",\"potentialAction\":[{\"@type\":\"SearchAction\",\"target\":{\"@type\":\"EntryPoint\",\"urlTemplate\":\"https:\\\/\\\/vitablanca.ma\\\/?s={search_term_string}\"},\"query-input\":{\"@type\":\"PropertyValueSpecification\",\"valueRequired\":true,\"valueName\":\"search_term_string\"}}],\"inLanguage\":\"ar\"},{\"@type\":\"Organization\",\"@id\":\"https:\\\/\\\/vitablanca.ma\\\/#organization\",\"name\":\"VitaBlanca\",\"url\":\"https:\\\/\\\/vitablanca.ma\\\/\",\"logo\":{\"@type\":\"ImageObject\",\"inLanguage\":\"ar\",\"@id\":\"https:\\\/\\\/vitablanca.ma\\\/#\\\/schema\\\/logo\\\/image\\\/\",\"url\":\"https:\\\/\\\/vitablanca.ma\\\/wp-content\\\/uploads\\\/2025\\\/05\\\/cropped-vitablanca.png\",\"contentUrl\":\"https:\\\/\\\/vitablanca.ma\\\/wp-content\\\/uploads\\\/2025\\\/05\\\/cropped-vitablanca.png\",\"width\":360,\"height\":67,\"caption\":\"VitaBlanca\"},\"image\":{\"@id\":\"https:\\\/\\\/vitablanca.ma\\\/#\\\/schema\\\/logo\\\/image\\\/\"},\"sameAs\":[\"https:\\\/\\\/www.facebook.com\\\/profile.php?id=61576678196717\",\"https:\\\/\\\/www.tiktok.com\\\/@vitablanca.ma\",\"https:\\\/\\\/www.instagram.com\\\/vitablanca.ma\\\/\"]}]}<\/script>\n<!-- \/ Yoast SEO plugin. -->","yoast_head_json":{"title":"Yves Saint Laurent Libre EDP 50ml 3 Piece Gift Set - Maroc Prix","description":"\u0645\u062c\u0645\u0648\u0639\u0629 \u0647\u062f\u0627\u064a\u0627 \u0645\u0646 3 \u0642\u0637\u0639 \u0645\u0646 \u0639\u0637\u0631 \u0625\u064a\u0641 \u0633\u0627\u0646 \u0644\u0648\u0631\u0627\u0646 \u0644\u064a\u0628\u0631 \u0623\u0648 \u062f\u0648 \u0628\u0627\u0631\u0641\u0627\u0646 50 \u0645\u0644","robots":{"index":"index","follow":"follow","max-snippet":"max-snippet:-1","max-image-preview":"max-image-preview:large","max-video-preview":"max-video-preview:-1"},"canonical":"https:\/\/vitablanca.ma\/ar\/product-2\/yves-saint-laurent-libre-edp-50ml-3-piece-gift-set\/","og_locale":"ar_AR","og_type":"article","og_title":"Yves Saint Laurent Libre EDP 50ml 3 Piece Gift Set - Maroc Prix","og_description":"Yves Saint Laurent Libre EDP 50ml 3 Piece Gift Set","og_url":"https:\/\/vitablanca.ma\/ar\/product-2\/yves-saint-laurent-libre-edp-50ml-3-piece-gift-set\/","og_site_name":"Vitablanca.ma &ndash; Sant&eacute;, vitalit&eacute; et bien-&ecirc;tre pour tous les Marocains","article_publisher":"https:\/\/www.facebook.com\/profile.php?id=61576678196717","article_modified_time":"2026-03-19T12:55:17+00:00","og_image":[{"width":1140,"height":1140,"url":"https:\/\/vitablanca.ma\/wp-content\/uploads\/2025\/05\/white-LF153400.png","type":"image\/png"}],"twitter_card":"summary_large_image","twitter_misc":{"\u0648\u0642\u062a \u0627\u0644\u0642\u0631\u0627\u0621\u0629 \u0627\u0644\u0645\u064f\u0642\u062f\u0651\u0631":"\u062f\u0642\u064a\u0642\u0629 \u0648\u0627\u062d\u062f\u0629"},"schema":{"@context":"https:\/\/schema.org","@graph":[{"@type":["WebPage","ItemPage"],"@id":"https:\/\/vitablanca.ma\/produit\/yves-saint-laurent-libre-edp-50ml-3-piece-gift-set\/","url":"https:\/\/vitablanca.ma\/produit\/yves-saint-laurent-libre-edp-50ml-3-piece-gift-set\/","name":"Yves Saint Laurent Libre EDP 50ml 3 Piece Gift Set - Maroc Prix","isPartOf":{"@id":"https:\/\/vitablanca.ma\/#website"},"primaryImageOfPage":{"@id":"https:\/\/vitablanca.ma\/produit\/yves-saint-laurent-libre-edp-50ml-3-piece-gift-set\/#primaryimage"},"image":{"@id":"https:\/\/vitablanca.ma\/produit\/yves-saint-laurent-libre-edp-50ml-3-piece-gift-set\/#primaryimage"},"thumbnailUrl":"https:\/\/vitablanca.ma\/wp-content\/uploads\/2025\/05\/white-LF153400.png","datePublished":"2025-05-28T22:54:09+00:00","dateModified":"2026-03-19T12:55:17+00:00","description":"\u0645\u062c\u0645\u0648\u0639\u0629 \u0647\u062f\u0627\u064a\u0627 \u0645\u0646 3 \u0642\u0637\u0639 \u0645\u0646 \u0639\u0637\u0631 \u0625\u064a\u0641 \u0633\u0627\u0646 \u0644\u0648\u0631\u0627\u0646 \u0644\u064a\u0628\u0631 \u0623\u0648 \u062f\u0648 \u0628\u0627\u0631\u0641\u0627\u0646 50 \u0645\u0644","breadcrumb":{"@id":"https:\/\/vitablanca.ma\/produit\/yves-saint-laurent-libre-edp-50ml-3-piece-gift-set\/#breadcrumb"},"inLanguage":"ar","potentialAction":[{"@type":"ReadAction","target":["https:\/\/vitablanca.ma\/produit\/yves-saint-laurent-libre-edp-50ml-3-piece-gift-set\/"]}]},{"@type":"ImageObject","inLanguage":"ar","@id":"https:\/\/vitablanca.ma\/produit\/yves-saint-laurent-libre-edp-50ml-3-piece-gift-set\/#primaryimage","url":"https:\/\/vitablanca.ma\/wp-content\/uploads\/2025\/05\/white-LF153400.png","contentUrl":"https:\/\/vitablanca.ma\/wp-content\/uploads\/2025\/05\/white-LF153400.png","width":1140,"height":1140},{"@type":"BreadcrumbList","@id":"https:\/\/vitablanca.ma\/produit\/yves-saint-laurent-libre-edp-50ml-3-piece-gift-set\/#breadcrumb","itemListElement":[{"@type":"ListItem","position":1,"name":"Home","item":"https:\/\/vitablanca.ma\/"},{"@type":"ListItem","position":2,"name":"Tous Les Produits","item":"https:\/\/vitablanca.ma\/tous-les-produits\/"},{"@type":"ListItem","position":3,"name":"Yves Saint Laurent Libre EDP 50ml 3 Piece Gift Set"}]},{"@type":"WebSite","@id":"https:\/\/vitablanca.ma\/#website","url":"https:\/\/vitablanca.ma\/","name":"VitaBlanca.ma | \u0627\u0644\u0645\u0643\u0645\u0644\u0627\u062a \u0627\u0644\u063a\u0630\u0627\u0626\u064a\u0629\u060c \u0627\u0644\u0635\u062d\u0629 \u0648\u0627\u0644\u062c\u0645\u0627\u0644 \u0641\u064a \u0627\u0644\u0645\u063a\u0631\u0628","description":"\u0646\u0628\u064a\u0639 \u0641\u064a\u062a\u0627\u0645\u064a\u0646\u0627\u062a \u0648\u0645\u0643\u0645\u0644\u0627\u062a \u063a\u0630\u0627\u0626\u064a\u0629 \u0641\u0627\u062e\u0631\u0629 \u0645\u0646 \u0627\u0644\u0648\u0644\u0627\u064a\u0627\u062a \u0627\u0644\u0645\u062a\u062d\u062f\u0629 \u0627\u0644\u0623\u0645\u0631\u064a\u0643\u064a\u0629 \u0648\u0643\u0646\u062f\u0627 \u0648\u0646\u064a\u0648\u0632\u064a\u0644\u0646\u062f\u0627 \u0648\u0627\u0644\u0645\u063a\u0631\u0628 (\u0646\u0627\u0648 \u0641\u0648\u062f\u0632\u060c \u0633\u0648\u0644\u062c\u0627\u0631\u060c \u0645\u0627\u0646\u0648\u0643\u0627). \u062a\u0648\u0635\u064a\u0644 \u0633\u0631\u064a\u0639 \u0625\u0644\u0649 \u062c\u0645\u064a\u0639 \u0623\u0646\u062d\u0627\u0621 \u0627\u0644\u0645\u063a\u0631\u0628.","publisher":{"@id":"https:\/\/vitablanca.ma\/#organization"},"alternateName":"VitaBlanca.ma","potentialAction":[{"@type":"SearchAction","target":{"@type":"EntryPoint","urlTemplate":"https:\/\/vitablanca.ma\/?s={search_term_string}"},"query-input":{"@type":"PropertyValueSpecification","valueRequired":true,"valueName":"search_term_string"}}],"inLanguage":"ar"},{"@type":"Organization","@id":"https:\/\/vitablanca.ma\/#organization","name":"\u0641\u064a\u062a\u0627\u0628\u0644\u0627\u0646\u0643\u0627","url":"https:\/\/vitablanca.ma\/","logo":{"@type":"ImageObject","inLanguage":"ar","@id":"https:\/\/vitablanca.ma\/#\/schema\/logo\/image\/","url":"https:\/\/vitablanca.ma\/wp-content\/uploads\/2025\/05\/cropped-vitablanca.png","contentUrl":"https:\/\/vitablanca.ma\/wp-content\/uploads\/2025\/05\/cropped-vitablanca.png","width":360,"height":67,"caption":"VitaBlanca"},"image":{"@id":"https:\/\/vitablanca.ma\/#\/schema\/logo\/image\/"},"sameAs":["https:\/\/www.facebook.com\/profile.php?id=61576678196717","https:\/\/www.tiktok.com\/@vitablanca.ma","https:\/\/www.instagram.com\/vitablanca.ma\/"]}]}},"jetpack_sharing_enabled":true,"_links":{"self":[{"href":"https:\/\/vitablanca.ma\/ar\/wp-json\/wp\/v2\/product\/13702","targetHints":{"allow":["GET"]}}],"collection":[{"href":"https:\/\/vitablanca.ma\/ar\/wp-json\/wp\/v2\/product"}],"about":[{"href":"https:\/\/vitablanca.ma\/ar\/wp-json\/wp\/v2\/types\/product"}],"wp:featuredmedia":[{"embeddable":true,"href":"https:\/\/vitablanca.ma\/ar\/wp-json\/wp\/v2\/media\/13689"}],"wp:attachment":[{"href":"https:\/\/vitablanca.ma\/ar\/wp-json\/wp\/v2\/media?parent=13702"}],"wp:term":[{"taxonomy":"product_brand","embeddable":true,"href":"https:\/\/vitablanca.ma\/ar\/wp-json\/wp\/v2\/product_brand?post=13702"},{"taxonomy":"product_cat","embeddable":true,"href":"https:\/\/vitablanca.ma\/ar\/wp-json\/wp\/v2\/product_cat?post=13702"},{"taxonomy":"product_tag","embeddable":true,"href":"https:\/\/vitablanca.ma\/ar\/wp-json\/wp\/v2\/product_tag?post=13702"}],"curies":[{"name":"wp","href":"https:\/\/api.w.org\/{rel}","templated":true}]}}