{"id":13696,"date":"2025-05-28T22:54:01","date_gmt":"2025-05-28T22:54:01","guid":{"rendered":"https:\/\/vitablanca.ma\/product\/victoria-s-secret-bombshell-intense-brume-parfumee-de-luxe\/"},"modified":"2026-04-03T11:02:09","modified_gmt":"2026-04-03T11:02:09","slug":"victoria-s-secret-bombshell-intense-brume-parfumee-de-luxe","status":"publish","type":"product","link":"https:\/\/vitablanca.ma\/ar\/product-2\/victoria-s-secret-bombshell-intense-brume-parfumee-de-luxe\/","title":{"rendered":"\u0631\u0630\u0627\u0630 \u0639\u0637\u0631\u064a \u0641\u0627\u062e\u0631 \u0645\u0643\u062b\u0641 \u0645\u0646 \u0641\u064a\u0643\u062a\u0648\u0631\u064a\u0627 \u0633\u064a\u0643\u0631\u064a\u062a \u0628\u0648\u0645\u0628\u0634\u064a\u0644"},"content":{"rendered":"<p><span>D\u00e9couvrez VICTORIA\u2019S Secret BOMBSHELL INTENSE BRUME PARFUM\u00c9E DE LUXE pour un soin corps parfum\u00e9 et rafra\u00eechissant. Avec ses notes provocantes et puissantes de cerise, cette brume apporte une touche de luxe \u00e0 votre routine de parfum. Profitez de l\u2019effet d\u00e9cadent de Bombshell Intense et laissez-vous s\u00e9duire par son parfum irr\u00e9sistible. <\/span><\/p>","protected":false},"excerpt":{"rendered":"<p>D\u00e9couvrez VICTORIA\u2019S Secret BOMBSHELL INTENSE BRUME PARFUM\u00c9E DE LUXE pour un soin corps parfum\u00e9 et rafra\u00eechissant. Avec ses notes provocantes et puissantes de cerise, cette brume apporte une touche de luxe \u00e0 votre routine de parfum. Profitez de l\u2019effet d\u00e9cadent de Bombshell Intense et laissez-vous s\u00e9duire par son parfum irr\u00e9sistible.<\/p>","protected":false},"featured_media":13694,"template":"","meta":{"om_disable_all_campaigns":false},"product_brand":[],"product_cat":[15],"product_tag":[],"class_list":{"0":"post-13696","1":"product","2":"type-product","3":"status-publish","4":"has-post-thumbnail","6":"product_cat-beaute-sante-complements-alimentaires-soins-et-bien-etre-au-meilleur-prix","8":"first","9":"outofstock","10":"taxable","11":"shipping-taxable","12":"purchasable","13":"product-type-simple"},"yoast_head":"<!-- This site is optimized with the Yoast SEO plugin v27.5 - https:\/\/yoast.com\/product\/yoast-seo-wordpress\/ -->\n<title>VICTORIA \u2019S Secret BOMBSHELL INTENSE BRUME PARFUM\u00c9E DE LUXE - Maroc Prix<\/title>\n<meta name=\"description\" content=\"VICTORIA \u2019S Secret BOMBSHELL INTENSE BRUME PARFUM\u00c9E DE LUXE\" \/>\n<meta name=\"robots\" content=\"index, follow, max-snippet:-1, max-image-preview:large, max-video-preview:-1\" \/>\n<link rel=\"canonical\" href=\"https:\/\/vitablanca.ma\/ar\/product-2\/victoria-s-secret-bombshell-intense-brume-parfumee-de-luxe\/\" \/>\n<meta property=\"og:locale\" content=\"ar_AR\" \/>\n<meta property=\"og:type\" content=\"article\" \/>\n<meta property=\"og:title\" content=\"VICTORIA \u2019S Secret BOMBSHELL INTENSE BRUME PARFUM\u00c9E DE LUXE - Maroc Prix\" \/>\n<meta property=\"og:description\" content=\"VICTORIA \u2019S Secret BOMBSHELL INTENSE BRUME PARFUM\u00c9E DE LUXE\" \/>\n<meta property=\"og:url\" content=\"https:\/\/vitablanca.ma\/ar\/product-2\/victoria-s-secret-bombshell-intense-brume-parfumee-de-luxe\/\" \/>\n<meta property=\"og:site_name\" content=\"Vitablanca.ma &ndash; Sant&eacute;, vitalit&eacute; et bien-&ecirc;tre pour tous les Marocains\" \/>\n<meta property=\"article:publisher\" content=\"https:\/\/www.facebook.com\/profile.php?id=61576678196717\" \/>\n<meta property=\"article:modified_time\" content=\"2026-04-03T11:02:09+00:00\" \/>\n<meta property=\"og:image\" content=\"https:\/\/vitablanca.ma\/wp-content\/uploads\/2025\/05\/IMG-9489.jpg\" \/>\n\t<meta property=\"og:image:width\" content=\"1024\" \/>\n\t<meta property=\"og:image:height\" content=\"1365\" \/>\n\t<meta property=\"og:image:type\" content=\"image\/jpeg\" \/>\n<meta name=\"twitter:card\" content=\"summary_large_image\" \/>\n<script type=\"application\/ld+json\" class=\"yoast-schema-graph\">{\"@context\":\"https:\\\/\\\/schema.org\",\"@graph\":[{\"@type\":[\"WebPage\",\"ItemPage\"],\"@id\":\"https:\\\/\\\/vitablanca.ma\\\/produit\\\/victoria-s-secret-bombshell-intense-brume-parfumee-de-luxe\\\/\",\"url\":\"https:\\\/\\\/vitablanca.ma\\\/produit\\\/victoria-s-secret-bombshell-intense-brume-parfumee-de-luxe\\\/\",\"name\":\"VICTORIA \u2019S Secret BOMBSHELL INTENSE BRUME PARFUM\u00c9E DE LUXE - Maroc Prix\",\"isPartOf\":{\"@id\":\"https:\\\/\\\/vitablanca.ma\\\/#website\"},\"primaryImageOfPage\":{\"@id\":\"https:\\\/\\\/vitablanca.ma\\\/produit\\\/victoria-s-secret-bombshell-intense-brume-parfumee-de-luxe\\\/#primaryimage\"},\"image\":{\"@id\":\"https:\\\/\\\/vitablanca.ma\\\/produit\\\/victoria-s-secret-bombshell-intense-brume-parfumee-de-luxe\\\/#primaryimage\"},\"thumbnailUrl\":\"https:\\\/\\\/vitablanca.ma\\\/wp-content\\\/uploads\\\/2025\\\/05\\\/IMG-9489.jpg\",\"datePublished\":\"2025-05-28T22:54:01+00:00\",\"dateModified\":\"2026-04-03T11:02:09+00:00\",\"description\":\"VICTORIA \u2019S Secret BOMBSHELL INTENSE BRUME PARFUM\u00c9E DE LUXE\",\"breadcrumb\":{\"@id\":\"https:\\\/\\\/vitablanca.ma\\\/produit\\\/victoria-s-secret-bombshell-intense-brume-parfumee-de-luxe\\\/#breadcrumb\"},\"inLanguage\":\"ar\",\"potentialAction\":[{\"@type\":\"ReadAction\",\"target\":[\"https:\\\/\\\/vitablanca.ma\\\/produit\\\/victoria-s-secret-bombshell-intense-brume-parfumee-de-luxe\\\/\"]}]},{\"@type\":\"ImageObject\",\"inLanguage\":\"ar\",\"@id\":\"https:\\\/\\\/vitablanca.ma\\\/produit\\\/victoria-s-secret-bombshell-intense-brume-parfumee-de-luxe\\\/#primaryimage\",\"url\":\"https:\\\/\\\/vitablanca.ma\\\/wp-content\\\/uploads\\\/2025\\\/05\\\/IMG-9489.jpg\",\"contentUrl\":\"https:\\\/\\\/vitablanca.ma\\\/wp-content\\\/uploads\\\/2025\\\/05\\\/IMG-9489.jpg\",\"width\":1024,\"height\":1365},{\"@type\":\"BreadcrumbList\",\"@id\":\"https:\\\/\\\/vitablanca.ma\\\/produit\\\/victoria-s-secret-bombshell-intense-brume-parfumee-de-luxe\\\/#breadcrumb\",\"itemListElement\":[{\"@type\":\"ListItem\",\"position\":1,\"name\":\"Home\",\"item\":\"https:\\\/\\\/vitablanca.ma\\\/\"},{\"@type\":\"ListItem\",\"position\":2,\"name\":\"Tous Les Produits\",\"item\":\"https:\\\/\\\/vitablanca.ma\\\/tous-les-produits\\\/\"},{\"@type\":\"ListItem\",\"position\":3,\"name\":\"VICTORIA \u2019S Secret BOMBSHELL INTENSE BRUME PARFUM\u00c9E DE LUXE\"}]},{\"@type\":\"WebSite\",\"@id\":\"https:\\\/\\\/vitablanca.ma\\\/#website\",\"url\":\"https:\\\/\\\/vitablanca.ma\\\/\",\"name\":\"VitaBlanca.ma | Compl\u00e9ments alimentaires, sant\u00e9 & beaut\u00e9 au Maroc\",\"description\":\"vendre vitamines et compl\u00e9ments premium des USA &amp; Canada, Nouvelle Z\u00e9lande,Maroc (NOW Foods, Solgar, Manuka). Livraison rapide partout au Maroc.\",\"publisher\":{\"@id\":\"https:\\\/\\\/vitablanca.ma\\\/#organization\"},\"alternateName\":\"VitaBlanca.ma\",\"potentialAction\":[{\"@type\":\"SearchAction\",\"target\":{\"@type\":\"EntryPoint\",\"urlTemplate\":\"https:\\\/\\\/vitablanca.ma\\\/?s={search_term_string}\"},\"query-input\":{\"@type\":\"PropertyValueSpecification\",\"valueRequired\":true,\"valueName\":\"search_term_string\"}}],\"inLanguage\":\"ar\"},{\"@type\":\"Organization\",\"@id\":\"https:\\\/\\\/vitablanca.ma\\\/#organization\",\"name\":\"VitaBlanca\",\"url\":\"https:\\\/\\\/vitablanca.ma\\\/\",\"logo\":{\"@type\":\"ImageObject\",\"inLanguage\":\"ar\",\"@id\":\"https:\\\/\\\/vitablanca.ma\\\/#\\\/schema\\\/logo\\\/image\\\/\",\"url\":\"https:\\\/\\\/vitablanca.ma\\\/wp-content\\\/uploads\\\/2025\\\/05\\\/cropped-vitablanca.png\",\"contentUrl\":\"https:\\\/\\\/vitablanca.ma\\\/wp-content\\\/uploads\\\/2025\\\/05\\\/cropped-vitablanca.png\",\"width\":360,\"height\":67,\"caption\":\"VitaBlanca\"},\"image\":{\"@id\":\"https:\\\/\\\/vitablanca.ma\\\/#\\\/schema\\\/logo\\\/image\\\/\"},\"sameAs\":[\"https:\\\/\\\/www.facebook.com\\\/profile.php?id=61576678196717\",\"https:\\\/\\\/www.tiktok.com\\\/@vitablanca.ma\",\"https:\\\/\\\/www.instagram.com\\\/vitablanca.ma\\\/\"]}]}<\/script>\n<!-- \/ Yoast SEO plugin. -->","yoast_head_json":{"title":"VICTORIA \u2019S Secret BOMBSHELL INTENSE BRUME PARFUM\u00c9E DE LUXE - Maroc Prix","description":"\u0631\u0630\u0627\u0630 \u0639\u0637\u0631\u064a \u0641\u0627\u062e\u0631 \u0645\u0643\u062b\u0641 \u0645\u0646 \u0641\u064a\u0643\u062a\u0648\u0631\u064a\u0627 \u0633\u064a\u0643\u0631\u064a\u062a \u0628\u0648\u0645\u0628\u0634\u064a\u0644","robots":{"index":"index","follow":"follow","max-snippet":"max-snippet:-1","max-image-preview":"max-image-preview:large","max-video-preview":"max-video-preview:-1"},"canonical":"https:\/\/vitablanca.ma\/ar\/product-2\/victoria-s-secret-bombshell-intense-brume-parfumee-de-luxe\/","og_locale":"ar_AR","og_type":"article","og_title":"VICTORIA \u2019S Secret BOMBSHELL INTENSE BRUME PARFUM\u00c9E DE LUXE - Maroc Prix","og_description":"VICTORIA \u2019S Secret BOMBSHELL INTENSE BRUME PARFUM\u00c9E DE LUXE","og_url":"https:\/\/vitablanca.ma\/ar\/product-2\/victoria-s-secret-bombshell-intense-brume-parfumee-de-luxe\/","og_site_name":"Vitablanca.ma &ndash; Sant&eacute;, vitalit&eacute; et bien-&ecirc;tre pour tous les Marocains","article_publisher":"https:\/\/www.facebook.com\/profile.php?id=61576678196717","article_modified_time":"2026-04-03T11:02:09+00:00","og_image":[{"width":1024,"height":1365,"url":"https:\/\/vitablanca.ma\/wp-content\/uploads\/2025\/05\/IMG-9489.jpg","type":"image\/jpeg"}],"twitter_card":"summary_large_image","schema":{"@context":"https:\/\/schema.org","@graph":[{"@type":["WebPage","ItemPage"],"@id":"https:\/\/vitablanca.ma\/produit\/victoria-s-secret-bombshell-intense-brume-parfumee-de-luxe\/","url":"https:\/\/vitablanca.ma\/produit\/victoria-s-secret-bombshell-intense-brume-parfumee-de-luxe\/","name":"VICTORIA \u2019S Secret BOMBSHELL INTENSE BRUME PARFUM\u00c9E DE LUXE - Maroc Prix","isPartOf":{"@id":"https:\/\/vitablanca.ma\/#website"},"primaryImageOfPage":{"@id":"https:\/\/vitablanca.ma\/produit\/victoria-s-secret-bombshell-intense-brume-parfumee-de-luxe\/#primaryimage"},"image":{"@id":"https:\/\/vitablanca.ma\/produit\/victoria-s-secret-bombshell-intense-brume-parfumee-de-luxe\/#primaryimage"},"thumbnailUrl":"https:\/\/vitablanca.ma\/wp-content\/uploads\/2025\/05\/IMG-9489.jpg","datePublished":"2025-05-28T22:54:01+00:00","dateModified":"2026-04-03T11:02:09+00:00","description":"\u0631\u0630\u0627\u0630 \u0639\u0637\u0631\u064a \u0641\u0627\u062e\u0631 \u0645\u0643\u062b\u0641 \u0645\u0646 \u0641\u064a\u0643\u062a\u0648\u0631\u064a\u0627 \u0633\u064a\u0643\u0631\u064a\u062a \u0628\u0648\u0645\u0628\u0634\u064a\u0644","breadcrumb":{"@id":"https:\/\/vitablanca.ma\/produit\/victoria-s-secret-bombshell-intense-brume-parfumee-de-luxe\/#breadcrumb"},"inLanguage":"ar","potentialAction":[{"@type":"ReadAction","target":["https:\/\/vitablanca.ma\/produit\/victoria-s-secret-bombshell-intense-brume-parfumee-de-luxe\/"]}]},{"@type":"ImageObject","inLanguage":"ar","@id":"https:\/\/vitablanca.ma\/produit\/victoria-s-secret-bombshell-intense-brume-parfumee-de-luxe\/#primaryimage","url":"https:\/\/vitablanca.ma\/wp-content\/uploads\/2025\/05\/IMG-9489.jpg","contentUrl":"https:\/\/vitablanca.ma\/wp-content\/uploads\/2025\/05\/IMG-9489.jpg","width":1024,"height":1365},{"@type":"BreadcrumbList","@id":"https:\/\/vitablanca.ma\/produit\/victoria-s-secret-bombshell-intense-brume-parfumee-de-luxe\/#breadcrumb","itemListElement":[{"@type":"ListItem","position":1,"name":"Home","item":"https:\/\/vitablanca.ma\/"},{"@type":"ListItem","position":2,"name":"Tous Les Produits","item":"https:\/\/vitablanca.ma\/tous-les-produits\/"},{"@type":"ListItem","position":3,"name":"VICTORIA \u2019S Secret BOMBSHELL INTENSE BRUME PARFUM\u00c9E DE LUXE"}]},{"@type":"WebSite","@id":"https:\/\/vitablanca.ma\/#website","url":"https:\/\/vitablanca.ma\/","name":"VitaBlanca.ma | \u0627\u0644\u0645\u0643\u0645\u0644\u0627\u062a \u0627\u0644\u063a\u0630\u0627\u0626\u064a\u0629\u060c \u0627\u0644\u0635\u062d\u0629 \u0648\u0627\u0644\u062c\u0645\u0627\u0644 \u0641\u064a \u0627\u0644\u0645\u063a\u0631\u0628","description":"\u0646\u0628\u064a\u0639 \u0641\u064a\u062a\u0627\u0645\u064a\u0646\u0627\u062a \u0648\u0645\u0643\u0645\u0644\u0627\u062a \u063a\u0630\u0627\u0626\u064a\u0629 \u0641\u0627\u062e\u0631\u0629 \u0645\u0646 \u0627\u0644\u0648\u0644\u0627\u064a\u0627\u062a \u0627\u0644\u0645\u062a\u062d\u062f\u0629 \u0627\u0644\u0623\u0645\u0631\u064a\u0643\u064a\u0629 \u0648\u0643\u0646\u062f\u0627 \u0648\u0646\u064a\u0648\u0632\u064a\u0644\u0646\u062f\u0627 \u0648\u0627\u0644\u0645\u063a\u0631\u0628 (\u0646\u0627\u0648 \u0641\u0648\u062f\u0632\u060c \u0633\u0648\u0644\u062c\u0627\u0631\u060c \u0645\u0627\u0646\u0648\u0643\u0627). \u062a\u0648\u0635\u064a\u0644 \u0633\u0631\u064a\u0639 \u0625\u0644\u0649 \u062c\u0645\u064a\u0639 \u0623\u0646\u062d\u0627\u0621 \u0627\u0644\u0645\u063a\u0631\u0628.","publisher":{"@id":"https:\/\/vitablanca.ma\/#organization"},"alternateName":"VitaBlanca.ma","potentialAction":[{"@type":"SearchAction","target":{"@type":"EntryPoint","urlTemplate":"https:\/\/vitablanca.ma\/?s={search_term_string}"},"query-input":{"@type":"PropertyValueSpecification","valueRequired":true,"valueName":"search_term_string"}}],"inLanguage":"ar"},{"@type":"Organization","@id":"https:\/\/vitablanca.ma\/#organization","name":"\u0641\u064a\u062a\u0627\u0628\u0644\u0627\u0646\u0643\u0627","url":"https:\/\/vitablanca.ma\/","logo":{"@type":"ImageObject","inLanguage":"ar","@id":"https:\/\/vitablanca.ma\/#\/schema\/logo\/image\/","url":"https:\/\/vitablanca.ma\/wp-content\/uploads\/2025\/05\/cropped-vitablanca.png","contentUrl":"https:\/\/vitablanca.ma\/wp-content\/uploads\/2025\/05\/cropped-vitablanca.png","width":360,"height":67,"caption":"VitaBlanca"},"image":{"@id":"https:\/\/vitablanca.ma\/#\/schema\/logo\/image\/"},"sameAs":["https:\/\/www.facebook.com\/profile.php?id=61576678196717","https:\/\/www.tiktok.com\/@vitablanca.ma","https:\/\/www.instagram.com\/vitablanca.ma\/"]}]}},"jetpack_sharing_enabled":true,"_links":{"self":[{"href":"https:\/\/vitablanca.ma\/ar\/wp-json\/wp\/v2\/product\/13696","targetHints":{"allow":["GET"]}}],"collection":[{"href":"https:\/\/vitablanca.ma\/ar\/wp-json\/wp\/v2\/product"}],"about":[{"href":"https:\/\/vitablanca.ma\/ar\/wp-json\/wp\/v2\/types\/product"}],"wp:featuredmedia":[{"embeddable":true,"href":"https:\/\/vitablanca.ma\/ar\/wp-json\/wp\/v2\/media\/13694"}],"wp:attachment":[{"href":"https:\/\/vitablanca.ma\/ar\/wp-json\/wp\/v2\/media?parent=13696"}],"wp:term":[{"taxonomy":"product_brand","embeddable":true,"href":"https:\/\/vitablanca.ma\/ar\/wp-json\/wp\/v2\/product_brand?post=13696"},{"taxonomy":"product_cat","embeddable":true,"href":"https:\/\/vitablanca.ma\/ar\/wp-json\/wp\/v2\/product_cat?post=13696"},{"taxonomy":"product_tag","embeddable":true,"href":"https:\/\/vitablanca.ma\/ar\/wp-json\/wp\/v2\/product_tag?post=13696"}],"curies":[{"name":"wp","href":"https:\/\/api.w.org\/{rel}","templated":true}]}}