{"id":13643,"date":"2025-05-28T22:53:12","date_gmt":"2025-05-28T22:53:12","guid":{"rendered":"https:\/\/vitablanca.ma\/product\/rose-baie-paris-brume-de-parfum-pour-les-cheveux\/"},"modified":"2026-03-19T12:55:18","modified_gmt":"2026-03-19T12:55:18","slug":"rose-baie-paris-brume-de-parfum-pour-les-cheveux","status":"publish","type":"product","link":"https:\/\/vitablanca.ma\/ar\/product-2\/rose-baie-paris-brume-de-parfum-pour-les-cheveux\/","title":{"rendered":"\u0645\u0639\u0637\u0631 \u0627\u0644\u0634\u0639\u0631 \u0631\u0648\u0632 \u0628\u0627\u064a \u0628\u0627\u0631\u064a\u0633"},"content":{"rendered":"<p>D\u00e9couvrez la d\u00e9licatesse de <strong>Rose Baie Paris Brume de Parfum pour les Cheveux<\/strong>, une fragrance sophistiqu\u00e9e qui enveloppe vos cheveux d\u2019un voile parfum\u00e9 exquis. Cette brume l\u00e9g\u00e8re combine des notes florales subtiles de rose, \u00e9voquant l\u2019\u00e9l\u00e9gance intemporelle et la f\u00e9minit\u00e9.<\/p>\n<p>Formul\u00e9e avec soin, elle ne se contente pas de parfumer vos cheveux : elle les hydrate et leur apporte une touche de fra\u00eecheur tout au long de la journ\u00e9e. Parfaite pour un usage quotidien, cette brume est id\u00e9ale pour prolonger la tenue de votre parfum pr\u00e9f\u00e9r\u00e9 ou pour une retouche rapide avant une sortie.<\/p>\n<p>Laissez-vous s\u00e9duire par l\u2019art du parfum \u00e0 la parisienne et apportez une touche de glamour \u00e0 votre routine capillaire. \ud83c\udf39<\/p>\n<p><strong>\u0633\u0645\u0627\u062a :<\/strong><\/p>\n<ul>\n<li>Fragrance florale raffin\u00e9e avec des notes de rose.<\/li>\n<li>Formule l\u00e9g\u00e8re qui n\u2019alourdit pas les cheveux.<\/li>\n<li>Hydratation douce pour des cheveux \u00e9clatants.<\/li>\n<li>Format pratique \u00e0 emporter partout.<\/li>\n<\/ul>","protected":false},"excerpt":{"rendered":"<p>D\u00e9couvrez la d\u00e9licatesse de Rose Baie Paris Brume de Parfum pour les Cheveux, une fragrance sophistiqu\u00e9e qui enveloppe vos cheveux d\u2019un voile parfum\u00e9 exquis. Cette brume l\u00e9g\u00e8re combine des notes florales subtiles de rose, \u00e9voquant l\u2019\u00e9l\u00e9gance intemporelle et la f\u00e9minit\u00e9. Formul\u00e9e avec soin, elle ne se contente pas de parfumer vos cheveux : elle les [&hellip;]<\/p>\n","protected":false},"featured_media":13639,"template":"","meta":{"om_disable_all_campaigns":false},"product_brand":[],"product_cat":[15],"product_tag":[],"class_list":{"0":"post-13643","1":"product","2":"type-product","3":"status-publish","4":"has-post-thumbnail","6":"product_cat-beaute-sante-complements-alimentaires-soins-et-bien-etre-au-meilleur-prix","8":"first","9":"outofstock","10":"taxable","11":"shipping-taxable","12":"purchasable","13":"product-type-simple"},"yoast_head":"<!-- This site is optimized with the Yoast SEO plugin v27.5 - https:\/\/yoast.com\/product\/yoast-seo-wordpress\/ -->\n<title>Rose Baie Paris Brume de Parfum pour les cheveux - Maroc Prix<\/title>\n<meta name=\"description\" content=\"Rose Baie Paris Brume de Parfum pour les cheveux\" \/>\n<meta name=\"robots\" content=\"index, follow, max-snippet:-1, max-image-preview:large, max-video-preview:-1\" \/>\n<link rel=\"canonical\" href=\"https:\/\/vitablanca.ma\/ar\/product-2\/rose-baie-paris-brume-de-parfum-pour-les-cheveux\/\" \/>\n<meta property=\"og:locale\" content=\"ar_AR\" \/>\n<meta property=\"og:type\" content=\"article\" \/>\n<meta property=\"og:title\" content=\"Rose Baie Paris Brume de Parfum pour les cheveux - Maroc Prix\" \/>\n<meta property=\"og:description\" content=\"Rose Baie Paris Brume de Parfum pour les cheveux\" \/>\n<meta property=\"og:url\" content=\"https:\/\/vitablanca.ma\/ar\/product-2\/rose-baie-paris-brume-de-parfum-pour-les-cheveux\/\" \/>\n<meta property=\"og:site_name\" content=\"Vitablanca.ma &ndash; Sant&eacute;, vitalit&eacute; et bien-&ecirc;tre pour tous les Marocains\" \/>\n<meta property=\"article:publisher\" content=\"https:\/\/www.facebook.com\/profile.php?id=61576678196717\" \/>\n<meta property=\"article:modified_time\" content=\"2026-03-19T12:55:18+00:00\" \/>\n<meta property=\"og:image\" content=\"https:\/\/vitablanca.ma\/wp-content\/uploads\/2025\/05\/003_1c167423-f2ba-4738-8ddf-1957f366b7e1.jpg\" \/>\n\t<meta property=\"og:image:width\" content=\"1500\" \/>\n\t<meta property=\"og:image:height\" content=\"1500\" \/>\n\t<meta property=\"og:image:type\" content=\"image\/jpeg\" \/>\n<meta name=\"twitter:card\" content=\"summary_large_image\" \/>\n<meta name=\"twitter:label1\" content=\"\u0648\u0642\u062a \u0627\u0644\u0642\u0631\u0627\u0621\u0629 \u0627\u0644\u0645\u064f\u0642\u062f\u0651\u0631\" \/>\n\t<meta name=\"twitter:data1\" content=\"\u062f\u0642\u064a\u0642\u0629 \u0648\u0627\u062d\u062f\u0629\" \/>\n<script type=\"application\/ld+json\" class=\"yoast-schema-graph\">{\"@context\":\"https:\\\/\\\/schema.org\",\"@graph\":[{\"@type\":[\"WebPage\",\"ItemPage\"],\"@id\":\"https:\\\/\\\/vitablanca.ma\\\/produit\\\/rose-baie-paris-brume-de-parfum-pour-les-cheveux\\\/\",\"url\":\"https:\\\/\\\/vitablanca.ma\\\/produit\\\/rose-baie-paris-brume-de-parfum-pour-les-cheveux\\\/\",\"name\":\"Rose Baie Paris Brume de Parfum pour les cheveux - Maroc Prix\",\"isPartOf\":{\"@id\":\"https:\\\/\\\/vitablanca.ma\\\/#website\"},\"primaryImageOfPage\":{\"@id\":\"https:\\\/\\\/vitablanca.ma\\\/produit\\\/rose-baie-paris-brume-de-parfum-pour-les-cheveux\\\/#primaryimage\"},\"image\":{\"@id\":\"https:\\\/\\\/vitablanca.ma\\\/produit\\\/rose-baie-paris-brume-de-parfum-pour-les-cheveux\\\/#primaryimage\"},\"thumbnailUrl\":\"https:\\\/\\\/vitablanca.ma\\\/wp-content\\\/uploads\\\/2025\\\/05\\\/003_1c167423-f2ba-4738-8ddf-1957f366b7e1.jpg\",\"datePublished\":\"2025-05-28T22:53:12+00:00\",\"dateModified\":\"2026-03-19T12:55:18+00:00\",\"description\":\"Rose Baie Paris Brume de Parfum pour les cheveux\",\"breadcrumb\":{\"@id\":\"https:\\\/\\\/vitablanca.ma\\\/produit\\\/rose-baie-paris-brume-de-parfum-pour-les-cheveux\\\/#breadcrumb\"},\"inLanguage\":\"ar\",\"potentialAction\":[{\"@type\":\"ReadAction\",\"target\":[\"https:\\\/\\\/vitablanca.ma\\\/produit\\\/rose-baie-paris-brume-de-parfum-pour-les-cheveux\\\/\"]}]},{\"@type\":\"ImageObject\",\"inLanguage\":\"ar\",\"@id\":\"https:\\\/\\\/vitablanca.ma\\\/produit\\\/rose-baie-paris-brume-de-parfum-pour-les-cheveux\\\/#primaryimage\",\"url\":\"https:\\\/\\\/vitablanca.ma\\\/wp-content\\\/uploads\\\/2025\\\/05\\\/003_1c167423-f2ba-4738-8ddf-1957f366b7e1.jpg\",\"contentUrl\":\"https:\\\/\\\/vitablanca.ma\\\/wp-content\\\/uploads\\\/2025\\\/05\\\/003_1c167423-f2ba-4738-8ddf-1957f366b7e1.jpg\",\"width\":1500,\"height\":1500},{\"@type\":\"BreadcrumbList\",\"@id\":\"https:\\\/\\\/vitablanca.ma\\\/produit\\\/rose-baie-paris-brume-de-parfum-pour-les-cheveux\\\/#breadcrumb\",\"itemListElement\":[{\"@type\":\"ListItem\",\"position\":1,\"name\":\"Home\",\"item\":\"https:\\\/\\\/vitablanca.ma\\\/\"},{\"@type\":\"ListItem\",\"position\":2,\"name\":\"Tous Les Produits\",\"item\":\"https:\\\/\\\/vitablanca.ma\\\/tous-les-produits\\\/\"},{\"@type\":\"ListItem\",\"position\":3,\"name\":\"Rose Baie Paris Brume de Parfum pour les cheveux\"}]},{\"@type\":\"WebSite\",\"@id\":\"https:\\\/\\\/vitablanca.ma\\\/#website\",\"url\":\"https:\\\/\\\/vitablanca.ma\\\/\",\"name\":\"VitaBlanca.ma | Compl\u00e9ments alimentaires, sant\u00e9 & beaut\u00e9 au Maroc\",\"description\":\"vendre vitamines et compl\u00e9ments premium des USA &amp; Canada, Nouvelle Z\u00e9lande,Maroc (NOW Foods, Solgar, Manuka). Livraison rapide partout au Maroc.\",\"publisher\":{\"@id\":\"https:\\\/\\\/vitablanca.ma\\\/#organization\"},\"alternateName\":\"VitaBlanca.ma\",\"potentialAction\":[{\"@type\":\"SearchAction\",\"target\":{\"@type\":\"EntryPoint\",\"urlTemplate\":\"https:\\\/\\\/vitablanca.ma\\\/?s={search_term_string}\"},\"query-input\":{\"@type\":\"PropertyValueSpecification\",\"valueRequired\":true,\"valueName\":\"search_term_string\"}}],\"inLanguage\":\"ar\"},{\"@type\":\"Organization\",\"@id\":\"https:\\\/\\\/vitablanca.ma\\\/#organization\",\"name\":\"VitaBlanca\",\"url\":\"https:\\\/\\\/vitablanca.ma\\\/\",\"logo\":{\"@type\":\"ImageObject\",\"inLanguage\":\"ar\",\"@id\":\"https:\\\/\\\/vitablanca.ma\\\/#\\\/schema\\\/logo\\\/image\\\/\",\"url\":\"https:\\\/\\\/vitablanca.ma\\\/wp-content\\\/uploads\\\/2025\\\/05\\\/cropped-vitablanca.png\",\"contentUrl\":\"https:\\\/\\\/vitablanca.ma\\\/wp-content\\\/uploads\\\/2025\\\/05\\\/cropped-vitablanca.png\",\"width\":360,\"height\":67,\"caption\":\"VitaBlanca\"},\"image\":{\"@id\":\"https:\\\/\\\/vitablanca.ma\\\/#\\\/schema\\\/logo\\\/image\\\/\"},\"sameAs\":[\"https:\\\/\\\/www.facebook.com\\\/profile.php?id=61576678196717\",\"https:\\\/\\\/www.tiktok.com\\\/@vitablanca.ma\",\"https:\\\/\\\/www.instagram.com\\\/vitablanca.ma\\\/\"]}]}<\/script>\n<!-- \/ Yoast SEO plugin. -->","yoast_head_json":{"title":"Rose Baie Paris Brume de Parfum pour les cheveux - Maroc Prix","description":"\u0645\u0639\u0637\u0631 \u0627\u0644\u0634\u0639\u0631 \u0631\u0648\u0632 \u0628\u0627\u064a \u0628\u0627\u0631\u064a\u0633","robots":{"index":"index","follow":"follow","max-snippet":"max-snippet:-1","max-image-preview":"max-image-preview:large","max-video-preview":"max-video-preview:-1"},"canonical":"https:\/\/vitablanca.ma\/ar\/product-2\/rose-baie-paris-brume-de-parfum-pour-les-cheveux\/","og_locale":"ar_AR","og_type":"article","og_title":"Rose Baie Paris Brume de Parfum pour les cheveux - Maroc Prix","og_description":"Rose Baie Paris Brume de Parfum pour les cheveux","og_url":"https:\/\/vitablanca.ma\/ar\/product-2\/rose-baie-paris-brume-de-parfum-pour-les-cheveux\/","og_site_name":"Vitablanca.ma &ndash; Sant&eacute;, vitalit&eacute; et bien-&ecirc;tre pour tous les Marocains","article_publisher":"https:\/\/www.facebook.com\/profile.php?id=61576678196717","article_modified_time":"2026-03-19T12:55:18+00:00","og_image":[{"width":1500,"height":1500,"url":"https:\/\/vitablanca.ma\/wp-content\/uploads\/2025\/05\/003_1c167423-f2ba-4738-8ddf-1957f366b7e1.jpg","type":"image\/jpeg"}],"twitter_card":"summary_large_image","twitter_misc":{"\u0648\u0642\u062a \u0627\u0644\u0642\u0631\u0627\u0621\u0629 \u0627\u0644\u0645\u064f\u0642\u062f\u0651\u0631":"\u062f\u0642\u064a\u0642\u0629 \u0648\u0627\u062d\u062f\u0629"},"schema":{"@context":"https:\/\/schema.org","@graph":[{"@type":["WebPage","ItemPage"],"@id":"https:\/\/vitablanca.ma\/produit\/rose-baie-paris-brume-de-parfum-pour-les-cheveux\/","url":"https:\/\/vitablanca.ma\/produit\/rose-baie-paris-brume-de-parfum-pour-les-cheveux\/","name":"Rose Baie Paris Brume de Parfum pour les cheveux - Maroc Prix","isPartOf":{"@id":"https:\/\/vitablanca.ma\/#website"},"primaryImageOfPage":{"@id":"https:\/\/vitablanca.ma\/produit\/rose-baie-paris-brume-de-parfum-pour-les-cheveux\/#primaryimage"},"image":{"@id":"https:\/\/vitablanca.ma\/produit\/rose-baie-paris-brume-de-parfum-pour-les-cheveux\/#primaryimage"},"thumbnailUrl":"https:\/\/vitablanca.ma\/wp-content\/uploads\/2025\/05\/003_1c167423-f2ba-4738-8ddf-1957f366b7e1.jpg","datePublished":"2025-05-28T22:53:12+00:00","dateModified":"2026-03-19T12:55:18+00:00","description":"\u0645\u0639\u0637\u0631 \u0627\u0644\u0634\u0639\u0631 \u0631\u0648\u0632 \u0628\u0627\u064a \u0628\u0627\u0631\u064a\u0633","breadcrumb":{"@id":"https:\/\/vitablanca.ma\/produit\/rose-baie-paris-brume-de-parfum-pour-les-cheveux\/#breadcrumb"},"inLanguage":"ar","potentialAction":[{"@type":"ReadAction","target":["https:\/\/vitablanca.ma\/produit\/rose-baie-paris-brume-de-parfum-pour-les-cheveux\/"]}]},{"@type":"ImageObject","inLanguage":"ar","@id":"https:\/\/vitablanca.ma\/produit\/rose-baie-paris-brume-de-parfum-pour-les-cheveux\/#primaryimage","url":"https:\/\/vitablanca.ma\/wp-content\/uploads\/2025\/05\/003_1c167423-f2ba-4738-8ddf-1957f366b7e1.jpg","contentUrl":"https:\/\/vitablanca.ma\/wp-content\/uploads\/2025\/05\/003_1c167423-f2ba-4738-8ddf-1957f366b7e1.jpg","width":1500,"height":1500},{"@type":"BreadcrumbList","@id":"https:\/\/vitablanca.ma\/produit\/rose-baie-paris-brume-de-parfum-pour-les-cheveux\/#breadcrumb","itemListElement":[{"@type":"ListItem","position":1,"name":"Home","item":"https:\/\/vitablanca.ma\/"},{"@type":"ListItem","position":2,"name":"Tous Les Produits","item":"https:\/\/vitablanca.ma\/tous-les-produits\/"},{"@type":"ListItem","position":3,"name":"Rose Baie Paris Brume de Parfum pour les cheveux"}]},{"@type":"WebSite","@id":"https:\/\/vitablanca.ma\/#website","url":"https:\/\/vitablanca.ma\/","name":"VitaBlanca.ma | \u0627\u0644\u0645\u0643\u0645\u0644\u0627\u062a \u0627\u0644\u063a\u0630\u0627\u0626\u064a\u0629\u060c \u0627\u0644\u0635\u062d\u0629 \u0648\u0627\u0644\u062c\u0645\u0627\u0644 \u0641\u064a \u0627\u0644\u0645\u063a\u0631\u0628","description":"\u0646\u0628\u064a\u0639 \u0641\u064a\u062a\u0627\u0645\u064a\u0646\u0627\u062a \u0648\u0645\u0643\u0645\u0644\u0627\u062a \u063a\u0630\u0627\u0626\u064a\u0629 \u0641\u0627\u062e\u0631\u0629 \u0645\u0646 \u0627\u0644\u0648\u0644\u0627\u064a\u0627\u062a \u0627\u0644\u0645\u062a\u062d\u062f\u0629 \u0627\u0644\u0623\u0645\u0631\u064a\u0643\u064a\u0629 \u0648\u0643\u0646\u062f\u0627 \u0648\u0646\u064a\u0648\u0632\u064a\u0644\u0646\u062f\u0627 \u0648\u0627\u0644\u0645\u063a\u0631\u0628 (\u0646\u0627\u0648 \u0641\u0648\u062f\u0632\u060c \u0633\u0648\u0644\u062c\u0627\u0631\u060c \u0645\u0627\u0646\u0648\u0643\u0627). \u062a\u0648\u0635\u064a\u0644 \u0633\u0631\u064a\u0639 \u0625\u0644\u0649 \u062c\u0645\u064a\u0639 \u0623\u0646\u062d\u0627\u0621 \u0627\u0644\u0645\u063a\u0631\u0628.","publisher":{"@id":"https:\/\/vitablanca.ma\/#organization"},"alternateName":"VitaBlanca.ma","potentialAction":[{"@type":"SearchAction","target":{"@type":"EntryPoint","urlTemplate":"https:\/\/vitablanca.ma\/?s={search_term_string}"},"query-input":{"@type":"PropertyValueSpecification","valueRequired":true,"valueName":"search_term_string"}}],"inLanguage":"ar"},{"@type":"Organization","@id":"https:\/\/vitablanca.ma\/#organization","name":"\u0641\u064a\u062a\u0627\u0628\u0644\u0627\u0646\u0643\u0627","url":"https:\/\/vitablanca.ma\/","logo":{"@type":"ImageObject","inLanguage":"ar","@id":"https:\/\/vitablanca.ma\/#\/schema\/logo\/image\/","url":"https:\/\/vitablanca.ma\/wp-content\/uploads\/2025\/05\/cropped-vitablanca.png","contentUrl":"https:\/\/vitablanca.ma\/wp-content\/uploads\/2025\/05\/cropped-vitablanca.png","width":360,"height":67,"caption":"VitaBlanca"},"image":{"@id":"https:\/\/vitablanca.ma\/#\/schema\/logo\/image\/"},"sameAs":["https:\/\/www.facebook.com\/profile.php?id=61576678196717","https:\/\/www.tiktok.com\/@vitablanca.ma","https:\/\/www.instagram.com\/vitablanca.ma\/"]}]}},"jetpack_sharing_enabled":true,"_links":{"self":[{"href":"https:\/\/vitablanca.ma\/ar\/wp-json\/wp\/v2\/product\/13643","targetHints":{"allow":["GET"]}}],"collection":[{"href":"https:\/\/vitablanca.ma\/ar\/wp-json\/wp\/v2\/product"}],"about":[{"href":"https:\/\/vitablanca.ma\/ar\/wp-json\/wp\/v2\/types\/product"}],"wp:featuredmedia":[{"embeddable":true,"href":"https:\/\/vitablanca.ma\/ar\/wp-json\/wp\/v2\/media\/13639"}],"wp:attachment":[{"href":"https:\/\/vitablanca.ma\/ar\/wp-json\/wp\/v2\/media?parent=13643"}],"wp:term":[{"taxonomy":"product_brand","embeddable":true,"href":"https:\/\/vitablanca.ma\/ar\/wp-json\/wp\/v2\/product_brand?post=13643"},{"taxonomy":"product_cat","embeddable":true,"href":"https:\/\/vitablanca.ma\/ar\/wp-json\/wp\/v2\/product_cat?post=13643"},{"taxonomy":"product_tag","embeddable":true,"href":"https:\/\/vitablanca.ma\/ar\/wp-json\/wp\/v2\/product_tag?post=13643"}],"curies":[{"name":"wp","href":"https:\/\/api.w.org\/{rel}","templated":true}]}}