{"id":13641,"date":"2025-05-28T22:53:11","date_gmt":"2025-05-28T22:53:11","guid":{"rendered":"https:\/\/vitablanca.ma\/product\/yves-saint-laurent-myslf-eau-de-parfum-100ml-gift-set\/"},"modified":"2026-03-15T23:14:39","modified_gmt":"2026-03-15T23:14:39","slug":"yves-saint-laurent-myslf-eau-de-parfum-100ml-gift-set","status":"publish","type":"product","link":"https:\/\/vitablanca.ma\/ar\/product-2\/yves-saint-laurent-myslf-eau-de-parfum-100ml-gift-set\/","title":{"rendered":"\u0645\u062c\u0645\u0648\u0639\u0629 \u0647\u062f\u0627\u064a\u0627 \u0625\u064a\u0641 \u0633\u0627\u0646 \u0644\u0648\u0631\u0627\u0646 MYSLF \u0623\u0648 \u062f\u0648 \u0628\u0627\u0631\u0641\u0627\u0646 100 \u0645\u0644"},"content":{"rendered":"<p><strong>\u0645\u062c\u0645\u0648\u0639\u0629 \u0647\u062f\u0627\u064a\u0627 MYSLF Eau de Parfum Yves Saint Laurent:<\/strong><br \/>\u0627\u0646\u0637\u0644\u0642\u064a \u0641\u064a \u0645\u063a\u0627\u0645\u0631\u0629 \u0634\u062a\u0648\u064a\u0629 \u0641\u0627\u062e\u0631\u0629 \u0645\u0639 YSL Beaut\u00e9 \u0641\u064a \u0645\u0648\u0633\u0645 \u0627\u0644\u0623\u0639\u064a\u0627\u062f. \u062a\u062a\u0645\u064a\u0632 \u0647\u0630\u0647 \u0627\u0644\u0645\u062c\u0645\u0648\u0639\u0629 \u0627\u0644\u0633\u0648\u062f\u0627\u0621 \u0627\u0644\u0623\u0646\u064a\u0642\u0629 \u0628\u062a\u0635\u0645\u064a\u0645 \u062f\u0627\u0646\u062a\u064a\u0644 \u0641\u0631\u064a\u062f.<\/p>\n<p><strong>\u064a\u062d\u062a\u0648\u064a \u0627\u0644\u0635\u0646\u062f\u0648\u0642 \u0639\u0644\u0649:<\/strong><\/p>\n<ul>\n<li>MYSLF Eau de Parfum 100 ml<\/li>\n<li>\u0645\u0627\u0621 \u0639\u0637\u0631 MYSLF 10 \u0645\u0644 (\u062d\u062c\u0645 \u0627\u0644\u0633\u0641\u0631)<\/li>\n<li>Trousse de toilette Yves Saint Laurent\n<\/li>\n<\/ul>\n<p><strong>\u0646\u0641\u0633\u064a<\/strong>\u0639\u0637\u0631 \u0625\u064a\u0641 \u0633\u0627\u0646 \u0644\u0648\u0631\u0627\u0646 \u0627\u0644\u0631\u062c\u0627\u0644\u064a \u0627\u0644\u0642\u0627\u0628\u0644 \u0644\u0625\u0639\u0627\u062f\u0629 \u0627\u0644\u062a\u0639\u0628\u0626\u0629\u060c \u064a\u064f\u062c\u0633\u0651\u062f \u062a\u0639\u0628\u064a\u0631 \u0627\u0644\u0631\u062c\u0644 \u0639\u0646 \u0630\u0627\u062a\u0647 \u0628\u0643\u0644 \u062c\u0648\u0627\u0646\u0628\u0647. \u062c\u0648\u0647\u0631 \u0627\u0644\u0639\u0632\u064a\u0645\u0629 \u0627\u0644\u0634\u062e\u0635\u064a\u0629. \u0625\u0639\u0644\u0627\u0646\u064c \u0644\u0644\u0631\u062c\u0648\u0644\u0629 \u0627\u0644\u0639\u0635\u0631\u064a\u0629 \u0627\u0644\u062a\u064a \u062a\u064f\u062c\u0633\u0651\u062f \u062c\u0645\u064a\u0639 \u0645\u0634\u0627\u0639\u0631\u0647\u0627 \u0648\u0623\u0628\u0639\u0627\u062f\u0647\u0627.<\/p>\n<p>\u0623\u0648\u0644 \u0639\u0637\u0631 \u062e\u0634\u0628\u064a \u0632\u0647\u0631\u064a \u0645\u0646 YSL BEAUT\u00c9\u060c \u0644\u064a\u0645\u0646\u062d\u0643\u0650 \u0644\u0645\u0633\u0629 \u0639\u0635\u0631\u064a\u0629 \u0645\u062a\u0628\u0627\u064a\u0646\u0629. \u064a\u0628\u062f\u0623 \u0627\u0644\u0639\u0637\u0631 \u0628\u0646\u0641\u062d\u0627\u062a \u0645\u0646\u0639\u0634\u0629 \u0648\u062d\u064a\u0648\u064a\u0629 \u0645\u0646 \u0627\u0644\u0628\u0631\u063a\u0645\u0648\u062a \u0627\u0644\u0643\u0627\u0644\u0627\u0628\u0631\u064a\u0627\u0646\u064a \u0648\u0634\u0627\u064a \u0627\u0644\u0628\u0631\u063a\u0645\u0648\u062a. \u062b\u0645 \u064a\u062e\u062a\u062a\u0645 \u0628\u0646\u0641\u062d\u0627\u062a \u0645\u0646 \u0623\u0632\u0647\u0627\u0631 \u0627\u0644\u0628\u0631\u062a\u0642\u0627\u0644 \u0627\u0644\u0646\u0627\u0628\u0636\u0629 \u0628\u0627\u0644\u062d\u064a\u0627\u0629. \u0648\u0623\u062e\u064a\u0631\u064b\u0627\u060c \u0646\u0641\u062d\u0627\u062a \u062e\u0634\u0628\u064a\u0629 \u062d\u0633\u064a\u0629 \u0648\u0645\u0646\u0638\u0645\u0629\u060c \u062a\u062a\u0643\u0648\u0646 \u0645\u0646 \u0627\u0644\u0628\u0627\u062a\u0634\u0648\u0644\u064a \u0627\u0644\u0625\u0646\u062f\u0648\u0646\u064a\u0633\u064a \u0648\u0627\u0644\u0623\u0645\u0628\u0631\u0648\u0641\u064a\u0643\u0633.<\/p>\n<p><strong>\u0627\u0644\u0645\u0644\u0627\u062d\u0638\u0627\u062a \u0627\u0644\u0631\u0626\u064a\u0633\u064a\u0629:<\/strong><\/p>\n<ul>\n<li>\u0627\u0644\u0628\u0631\u063a\u0645\u0648\u062a \u0627\u0644\u0637\u0627\u0632\u062c<\/li>\n<li>\u0632\u0647\u0648\u0631 \u0627\u0644\u0628\u0631\u062a\u0642\u0627\u0644 \u0627\u0644\u0628\u0631\u064a\u0629<\/li>\n<li>\u0627\u0644\u063a\u0627\u0628\u0627\u062a \u0627\u0644\u062d\u0633\u064a\u0629<\/li>\n<\/ul>\n<p><strong>\u0632\u062c\u0627\u062c\u0629 MYSLF<\/strong> \u062a\u0635\u0645\u064a\u0645 YSL \u0623\u0646\u064a\u0642 \u0648\u0631\u0641\u064a\u0639. \u0632\u062c\u0627\u062c\u0629 \u0623\u0646\u064a\u0642\u0629 \u0645\u0637\u0644\u064a\u0629 \u0628\u0627\u0644\u0644\u0648\u0646 \u0627\u0644\u0623\u0633\u0648\u062f\u060c \u064a\u0645\u0643\u0646\u0643\u0650 \u0631\u0624\u064a\u0629 \u0646\u0641\u0633\u0643\u0650 \u0641\u064a\u0647\u0627. \u0634\u0639\u0627\u0631 YSL \u0643\u0627\u0633\u0627\u0646\u062f\u0631\u0627 \u0627\u0644\u0623\u064a\u0642\u0648\u0646\u064a \u0645\u062f\u0645\u062c \u0641\u064a \u0632\u062c\u0627\u062c \u0627\u0644\u0632\u062c\u0627\u062c\u0629.<\/p>","protected":false},"excerpt":{"rendered":"<p>Coffret Cadeau MYSLF Eau de Parfum Yves Saint Laurent :Plongez dans une aventure hivernale luxueuse avec YSL Beaut\u00e9 pendant la saison des f\u00eates. Ce coffret cadeau \u00e9l\u00e9gant en noir est orn\u00e9 d&rsquo;un design unique de dentelle. Le coffret contient : MYSLF Eau de Parfum 100 ml MYSLF Eau de Parfum 10 ml (format voyage) Trousse [&hellip;]<\/p>\n","protected":false},"featured_media":13634,"template":"","meta":{"om_disable_all_campaigns":false},"product_brand":[],"product_cat":[18,1091],"product_tag":[3251,3250,3252],"class_list":{"0":"post-13641","1":"product","2":"type-product","3":"status-publish","4":"has-post-thumbnail","6":"product_cat-beaute-sante","7":"product_cat-beaute-parfums-maroc-prix","8":"product_tag-eau-de-parfum","9":"product_tag-eau-de-parfum-maroc","10":"product_tag-parfum-au-maroc","12":"first","13":"outofstock","14":"taxable","15":"shipping-taxable","16":"purchasable","17":"product-type-simple"},"yoast_head":"<!-- This site is optimized with the Yoast SEO plugin v27.4 - https:\/\/yoast.com\/product\/yoast-seo-wordpress\/ -->\n<title>Yves Saint Laurent MYSLF Eau de Parfum 100ML Gift - Maroc Prix<\/title>\n<meta name=\"description\" content=\"D\u00e9couvrez le Coffret Yves Saint Laurent MYSLF EDP 100ml au Maroc. Ce parfum bois\u00e9-floral c\u00e9l\u00e8bre la masculinit\u00e9 moderne et nuanc\u00e9e. Un cadeau d&#039;exception\" \/>\n<meta name=\"robots\" content=\"index, follow, max-snippet:-1, max-image-preview:large, max-video-preview:-1\" \/>\n<link rel=\"canonical\" href=\"https:\/\/vitablanca.ma\/ar\/product-2\/yves-saint-laurent-myslf-eau-de-parfum-100ml-gift-set\/\" \/>\n<meta property=\"og:locale\" content=\"ar_AR\" \/>\n<meta property=\"og:type\" content=\"article\" \/>\n<meta property=\"og:title\" content=\"Yves Saint Laurent MYSLF Eau de Parfum 100ML Gift - Maroc Prix\" \/>\n<meta property=\"og:description\" content=\"D\u00e9couvrez le Coffret Yves Saint Laurent MYSLF EDP 100ml au Maroc. Ce parfum bois\u00e9-floral c\u00e9l\u00e8bre la masculinit\u00e9 moderne et nuanc\u00e9e. Un cadeau d&#039;exception\" \/>\n<meta property=\"og:url\" content=\"https:\/\/vitablanca.ma\/ar\/product-2\/yves-saint-laurent-myslf-eau-de-parfum-100ml-gift-set\/\" \/>\n<meta property=\"og:site_name\" content=\"Vitablanca.ma &ndash; Sant&eacute;, vitalit&eacute; et bien-&ecirc;tre pour tous les Marocains\" \/>\n<meta property=\"article:publisher\" content=\"https:\/\/www.facebook.com\/profile.php?id=61576678196717\" \/>\n<meta property=\"article:modified_time\" content=\"2026-03-15T23:14:39+00:00\" \/>\n<meta property=\"og:image\" content=\"https:\/\/vitablanca.ma\/wp-content\/uploads\/2025\/05\/3614274286878.jpg\" \/>\n\t<meta property=\"og:image:width\" content=\"813\" \/>\n\t<meta property=\"og:image:height\" content=\"813\" \/>\n\t<meta property=\"og:image:type\" content=\"image\/jpeg\" \/>\n<meta name=\"twitter:card\" content=\"summary_large_image\" \/>\n<meta name=\"twitter:label1\" content=\"\u0648\u0642\u062a \u0627\u0644\u0642\u0631\u0627\u0621\u0629 \u0627\u0644\u0645\u064f\u0642\u062f\u0651\u0631\" \/>\n\t<meta name=\"twitter:data1\" content=\"\u062f\u0642\u064a\u0642\u062a\u0627\u0646\" \/>\n<script type=\"application\/ld+json\" class=\"yoast-schema-graph\">{\"@context\":\"https:\\\/\\\/schema.org\",\"@graph\":[{\"@type\":[\"WebPage\",\"ItemPage\"],\"@id\":\"https:\\\/\\\/vitablanca.ma\\\/produit\\\/yves-saint-laurent-myslf-eau-de-parfum-100ml-gift-set\\\/\",\"url\":\"https:\\\/\\\/vitablanca.ma\\\/produit\\\/yves-saint-laurent-myslf-eau-de-parfum-100ml-gift-set\\\/\",\"name\":\"Yves Saint Laurent MYSLF Eau de Parfum 100ML Gift - Maroc Prix\",\"isPartOf\":{\"@id\":\"https:\\\/\\\/vitablanca.ma\\\/#website\"},\"primaryImageOfPage\":{\"@id\":\"https:\\\/\\\/vitablanca.ma\\\/produit\\\/yves-saint-laurent-myslf-eau-de-parfum-100ml-gift-set\\\/#primaryimage\"},\"image\":{\"@id\":\"https:\\\/\\\/vitablanca.ma\\\/produit\\\/yves-saint-laurent-myslf-eau-de-parfum-100ml-gift-set\\\/#primaryimage\"},\"thumbnailUrl\":\"https:\\\/\\\/vitablanca.ma\\\/wp-content\\\/uploads\\\/2025\\\/05\\\/3614274286878.jpg\",\"datePublished\":\"2025-05-28T22:53:11+00:00\",\"dateModified\":\"2026-03-15T23:14:39+00:00\",\"description\":\"D\u00e9couvrez le Coffret Yves Saint Laurent MYSLF EDP 100ml au Maroc. Ce parfum bois\u00e9-floral c\u00e9l\u00e8bre la masculinit\u00e9 moderne et nuanc\u00e9e. Un cadeau d'exception\",\"breadcrumb\":{\"@id\":\"https:\\\/\\\/vitablanca.ma\\\/produit\\\/yves-saint-laurent-myslf-eau-de-parfum-100ml-gift-set\\\/#breadcrumb\"},\"inLanguage\":\"ar\",\"potentialAction\":[{\"@type\":\"ReadAction\",\"target\":[\"https:\\\/\\\/vitablanca.ma\\\/produit\\\/yves-saint-laurent-myslf-eau-de-parfum-100ml-gift-set\\\/\"]}]},{\"@type\":\"ImageObject\",\"inLanguage\":\"ar\",\"@id\":\"https:\\\/\\\/vitablanca.ma\\\/produit\\\/yves-saint-laurent-myslf-eau-de-parfum-100ml-gift-set\\\/#primaryimage\",\"url\":\"https:\\\/\\\/vitablanca.ma\\\/wp-content\\\/uploads\\\/2025\\\/05\\\/3614274286878.jpg\",\"contentUrl\":\"https:\\\/\\\/vitablanca.ma\\\/wp-content\\\/uploads\\\/2025\\\/05\\\/3614274286878.jpg\",\"width\":813,\"height\":813},{\"@type\":\"BreadcrumbList\",\"@id\":\"https:\\\/\\\/vitablanca.ma\\\/produit\\\/yves-saint-laurent-myslf-eau-de-parfum-100ml-gift-set\\\/#breadcrumb\",\"itemListElement\":[{\"@type\":\"ListItem\",\"position\":1,\"name\":\"Home\",\"item\":\"https:\\\/\\\/vitablanca.ma\\\/\"},{\"@type\":\"ListItem\",\"position\":2,\"name\":\"Tous Les Produits\",\"item\":\"https:\\\/\\\/vitablanca.ma\\\/tous-les-produits\\\/\"},{\"@type\":\"ListItem\",\"position\":3,\"name\":\"Yves Saint Laurent MYSLF Eau de Parfum 100ML Gift Set\"}]},{\"@type\":\"WebSite\",\"@id\":\"https:\\\/\\\/vitablanca.ma\\\/#website\",\"url\":\"https:\\\/\\\/vitablanca.ma\\\/\",\"name\":\"VitaBlanca.ma | Compl\u00e9ments alimentaires, sant\u00e9 & beaut\u00e9 au Maroc\",\"description\":\"vendre vitamines et compl\u00e9ments premium des USA &amp; Canada, Nouvelle Z\u00e9lande,Maroc (NOW Foods, Solgar, Manuka). Livraison rapide partout au Maroc.\",\"publisher\":{\"@id\":\"https:\\\/\\\/vitablanca.ma\\\/#organization\"},\"alternateName\":\"VitaBlanca.ma\",\"potentialAction\":[{\"@type\":\"SearchAction\",\"target\":{\"@type\":\"EntryPoint\",\"urlTemplate\":\"https:\\\/\\\/vitablanca.ma\\\/?s={search_term_string}\"},\"query-input\":{\"@type\":\"PropertyValueSpecification\",\"valueRequired\":true,\"valueName\":\"search_term_string\"}}],\"inLanguage\":\"ar\"},{\"@type\":\"Organization\",\"@id\":\"https:\\\/\\\/vitablanca.ma\\\/#organization\",\"name\":\"VitaBlanca\",\"url\":\"https:\\\/\\\/vitablanca.ma\\\/\",\"logo\":{\"@type\":\"ImageObject\",\"inLanguage\":\"ar\",\"@id\":\"https:\\\/\\\/vitablanca.ma\\\/#\\\/schema\\\/logo\\\/image\\\/\",\"url\":\"https:\\\/\\\/vitablanca.ma\\\/wp-content\\\/uploads\\\/2025\\\/05\\\/cropped-vitablanca.png\",\"contentUrl\":\"https:\\\/\\\/vitablanca.ma\\\/wp-content\\\/uploads\\\/2025\\\/05\\\/cropped-vitablanca.png\",\"width\":360,\"height\":67,\"caption\":\"VitaBlanca\"},\"image\":{\"@id\":\"https:\\\/\\\/vitablanca.ma\\\/#\\\/schema\\\/logo\\\/image\\\/\"},\"sameAs\":[\"https:\\\/\\\/www.facebook.com\\\/profile.php?id=61576678196717\",\"https:\\\/\\\/www.tiktok.com\\\/@vitablanca.ma\",\"https:\\\/\\\/www.instagram.com\\\/vitablanca.ma\\\/\"]}]}<\/script>\n<!-- \/ Yoast SEO plugin. -->","yoast_head_json":{"title":"Yves Saint Laurent MYSLF Eau de Parfum 100ML Gift - Maroc Prix","description":"D\u00e9couvrez le Coffret Yves Saint Laurent MYSLF EDP 100ml au Maroc. Ce parfum bois\u00e9-floral c\u00e9l\u00e8bre la masculinit\u00e9 moderne et nuanc\u00e9e. Un cadeau d'exception","robots":{"index":"index","follow":"follow","max-snippet":"max-snippet:-1","max-image-preview":"max-image-preview:large","max-video-preview":"max-video-preview:-1"},"canonical":"https:\/\/vitablanca.ma\/ar\/product-2\/yves-saint-laurent-myslf-eau-de-parfum-100ml-gift-set\/","og_locale":"ar_AR","og_type":"article","og_title":"Yves Saint Laurent MYSLF Eau de Parfum 100ML Gift - Maroc Prix","og_description":"D\u00e9couvrez le Coffret Yves Saint Laurent MYSLF EDP 100ml au Maroc. Ce parfum bois\u00e9-floral c\u00e9l\u00e8bre la masculinit\u00e9 moderne et nuanc\u00e9e. Un cadeau d'exception","og_url":"https:\/\/vitablanca.ma\/ar\/product-2\/yves-saint-laurent-myslf-eau-de-parfum-100ml-gift-set\/","og_site_name":"Vitablanca.ma &ndash; Sant&eacute;, vitalit&eacute; et bien-&ecirc;tre pour tous les Marocains","article_publisher":"https:\/\/www.facebook.com\/profile.php?id=61576678196717","article_modified_time":"2026-03-15T23:14:39+00:00","og_image":[{"width":813,"height":813,"url":"https:\/\/vitablanca.ma\/wp-content\/uploads\/2025\/05\/3614274286878.jpg","type":"image\/jpeg"}],"twitter_card":"summary_large_image","twitter_misc":{"\u0648\u0642\u062a \u0627\u0644\u0642\u0631\u0627\u0621\u0629 \u0627\u0644\u0645\u064f\u0642\u062f\u0651\u0631":"\u062f\u0642\u064a\u0642\u062a\u0627\u0646"},"schema":{"@context":"https:\/\/schema.org","@graph":[{"@type":["WebPage","ItemPage"],"@id":"https:\/\/vitablanca.ma\/produit\/yves-saint-laurent-myslf-eau-de-parfum-100ml-gift-set\/","url":"https:\/\/vitablanca.ma\/produit\/yves-saint-laurent-myslf-eau-de-parfum-100ml-gift-set\/","name":"Yves Saint Laurent MYSLF Eau de Parfum 100ML Gift - Maroc Prix","isPartOf":{"@id":"https:\/\/vitablanca.ma\/#website"},"primaryImageOfPage":{"@id":"https:\/\/vitablanca.ma\/produit\/yves-saint-laurent-myslf-eau-de-parfum-100ml-gift-set\/#primaryimage"},"image":{"@id":"https:\/\/vitablanca.ma\/produit\/yves-saint-laurent-myslf-eau-de-parfum-100ml-gift-set\/#primaryimage"},"thumbnailUrl":"https:\/\/vitablanca.ma\/wp-content\/uploads\/2025\/05\/3614274286878.jpg","datePublished":"2025-05-28T22:53:11+00:00","dateModified":"2026-03-15T23:14:39+00:00","description":"D\u00e9couvrez le Coffret Yves Saint Laurent MYSLF EDP 100ml au Maroc. Ce parfum bois\u00e9-floral c\u00e9l\u00e8bre la masculinit\u00e9 moderne et nuanc\u00e9e. Un cadeau d'exception","breadcrumb":{"@id":"https:\/\/vitablanca.ma\/produit\/yves-saint-laurent-myslf-eau-de-parfum-100ml-gift-set\/#breadcrumb"},"inLanguage":"ar","potentialAction":[{"@type":"ReadAction","target":["https:\/\/vitablanca.ma\/produit\/yves-saint-laurent-myslf-eau-de-parfum-100ml-gift-set\/"]}]},{"@type":"ImageObject","inLanguage":"ar","@id":"https:\/\/vitablanca.ma\/produit\/yves-saint-laurent-myslf-eau-de-parfum-100ml-gift-set\/#primaryimage","url":"https:\/\/vitablanca.ma\/wp-content\/uploads\/2025\/05\/3614274286878.jpg","contentUrl":"https:\/\/vitablanca.ma\/wp-content\/uploads\/2025\/05\/3614274286878.jpg","width":813,"height":813},{"@type":"BreadcrumbList","@id":"https:\/\/vitablanca.ma\/produit\/yves-saint-laurent-myslf-eau-de-parfum-100ml-gift-set\/#breadcrumb","itemListElement":[{"@type":"ListItem","position":1,"name":"Home","item":"https:\/\/vitablanca.ma\/"},{"@type":"ListItem","position":2,"name":"Tous Les Produits","item":"https:\/\/vitablanca.ma\/tous-les-produits\/"},{"@type":"ListItem","position":3,"name":"Yves Saint Laurent MYSLF Eau de Parfum 100ML Gift Set"}]},{"@type":"WebSite","@id":"https:\/\/vitablanca.ma\/#website","url":"https:\/\/vitablanca.ma\/","name":"VitaBlanca.ma | \u0627\u0644\u0645\u0643\u0645\u0644\u0627\u062a \u0627\u0644\u063a\u0630\u0627\u0626\u064a\u0629\u060c \u0627\u0644\u0635\u062d\u0629 \u0648\u0627\u0644\u062c\u0645\u0627\u0644 \u0641\u064a \u0627\u0644\u0645\u063a\u0631\u0628","description":"\u0646\u0628\u064a\u0639 \u0641\u064a\u062a\u0627\u0645\u064a\u0646\u0627\u062a \u0648\u0645\u0643\u0645\u0644\u0627\u062a \u063a\u0630\u0627\u0626\u064a\u0629 \u0641\u0627\u062e\u0631\u0629 \u0645\u0646 \u0627\u0644\u0648\u0644\u0627\u064a\u0627\u062a \u0627\u0644\u0645\u062a\u062d\u062f\u0629 \u0627\u0644\u0623\u0645\u0631\u064a\u0643\u064a\u0629 \u0648\u0643\u0646\u062f\u0627 \u0648\u0646\u064a\u0648\u0632\u064a\u0644\u0646\u062f\u0627 \u0648\u0627\u0644\u0645\u063a\u0631\u0628 (\u0646\u0627\u0648 \u0641\u0648\u062f\u0632\u060c \u0633\u0648\u0644\u062c\u0627\u0631\u060c \u0645\u0627\u0646\u0648\u0643\u0627). \u062a\u0648\u0635\u064a\u0644 \u0633\u0631\u064a\u0639 \u0625\u0644\u0649 \u062c\u0645\u064a\u0639 \u0623\u0646\u062d\u0627\u0621 \u0627\u0644\u0645\u063a\u0631\u0628.","publisher":{"@id":"https:\/\/vitablanca.ma\/#organization"},"alternateName":"VitaBlanca.ma","potentialAction":[{"@type":"SearchAction","target":{"@type":"EntryPoint","urlTemplate":"https:\/\/vitablanca.ma\/?s={search_term_string}"},"query-input":{"@type":"PropertyValueSpecification","valueRequired":true,"valueName":"search_term_string"}}],"inLanguage":"ar"},{"@type":"Organization","@id":"https:\/\/vitablanca.ma\/#organization","name":"\u0641\u064a\u062a\u0627\u0628\u0644\u0627\u0646\u0643\u0627","url":"https:\/\/vitablanca.ma\/","logo":{"@type":"ImageObject","inLanguage":"ar","@id":"https:\/\/vitablanca.ma\/#\/schema\/logo\/image\/","url":"https:\/\/vitablanca.ma\/wp-content\/uploads\/2025\/05\/cropped-vitablanca.png","contentUrl":"https:\/\/vitablanca.ma\/wp-content\/uploads\/2025\/05\/cropped-vitablanca.png","width":360,"height":67,"caption":"VitaBlanca"},"image":{"@id":"https:\/\/vitablanca.ma\/#\/schema\/logo\/image\/"},"sameAs":["https:\/\/www.facebook.com\/profile.php?id=61576678196717","https:\/\/www.tiktok.com\/@vitablanca.ma","https:\/\/www.instagram.com\/vitablanca.ma\/"]}]}},"jetpack_sharing_enabled":true,"_links":{"self":[{"href":"https:\/\/vitablanca.ma\/ar\/wp-json\/wp\/v2\/product\/13641","targetHints":{"allow":["GET"]}}],"collection":[{"href":"https:\/\/vitablanca.ma\/ar\/wp-json\/wp\/v2\/product"}],"about":[{"href":"https:\/\/vitablanca.ma\/ar\/wp-json\/wp\/v2\/types\/product"}],"wp:featuredmedia":[{"embeddable":true,"href":"https:\/\/vitablanca.ma\/ar\/wp-json\/wp\/v2\/media\/13634"}],"wp:attachment":[{"href":"https:\/\/vitablanca.ma\/ar\/wp-json\/wp\/v2\/media?parent=13641"}],"wp:term":[{"taxonomy":"product_brand","embeddable":true,"href":"https:\/\/vitablanca.ma\/ar\/wp-json\/wp\/v2\/product_brand?post=13641"},{"taxonomy":"product_cat","embeddable":true,"href":"https:\/\/vitablanca.ma\/ar\/wp-json\/wp\/v2\/product_cat?post=13641"},{"taxonomy":"product_tag","embeddable":true,"href":"https:\/\/vitablanca.ma\/ar\/wp-json\/wp\/v2\/product_tag?post=13641"}],"curies":[{"name":"wp","href":"https:\/\/api.w.org\/{rel}","templated":true}]}}