{"id":13633,"date":"2025-05-28T22:52:58","date_gmt":"2025-05-28T22:52:58","guid":{"rendered":"https:\/\/vitablanca.ma\/product\/yves-saint-laurent-y-eau-de-parfum-100-ml-gift-set\/"},"modified":"2026-03-15T23:14:39","modified_gmt":"2026-03-15T23:14:39","slug":"yves-saint-laurent-y-eau-de-parfum-100-ml-gift-set","status":"publish","type":"product","link":"https:\/\/vitablanca.ma\/ar\/product-2\/yves-saint-laurent-y-eau-de-parfum-100-ml-gift-set\/","title":{"rendered":"\u0645\u062c\u0645\u0648\u0639\u0629 \u0647\u062f\u0627\u064a\u0627 \u0625\u064a\u0641 \u0633\u0627\u0646 \u0644\u0648\u0631\u0627\u0646 \u0648\u0627\u064a \u0623\u0648 \u062f\u0648 \u0628\u0627\u0631\u0641\u0627\u0646 100 \u0645\u0644"},"content":{"rendered":"<p>Offrez un cadeau sophistiqu\u00e9 et sensuel avec le coffret YSL Y for Men Eau de Parfum, une version plus intense et envo\u00fbtante de l&rsquo;Eau de Toilette. Avec ses notes fra\u00eeches de citrus et aromatiques, suivies de bergamote et de gingembre, ce parfum pour homme est \u00e0 la fois rafra\u00eechissant et sensuel. Il se d\u00e9voile avec des notes de pomme verte, g\u00e9ranium absolu, sauge, gen\u00e9vrier et v\u00e9tiver, et se termine sur une base profonde d&rsquo;olibanum et de f\u00e8ve tonka.<\/p>\n<p><strong>Ce coffret cadeau YSL Y for Men contient :<\/strong><\/p>\n<ul>\n<li>YSL Y for Men Eau de Parfum 100ml<\/li>\n<li>YSL Y for Men Eau de Parfum 10ml (format voyage)<\/li>\n<li>YSL Y for Men Gel Douche 50ml<\/li>\n<\/ul>\n<p><strong>\u0639\u0646 \u0627\u0644\u0639\u0637\u0631:<\/strong><br \/>Le parfum YSL Y pour homme incarne la qu\u00eate du succ\u00e8s, une fragrance qui est \u00e0 la fois fra\u00eeche et pleine de caract\u00e8re, avec des accents masculins puissants. Un \u00e9quilibre parfait entre modernit\u00e9 et \u00e9l\u00e9gance.<\/p>","protected":false},"excerpt":{"rendered":"<p>Offrez un cadeau sophistiqu\u00e9 et sensuel avec le coffret YSL Y for Men Eau de Parfum, une version plus intense et envo\u00fbtante de l&rsquo;Eau de Toilette. Avec ses notes fra\u00eeches de citrus et aromatiques, suivies de bergamote et de gingembre, ce parfum pour homme est \u00e0 la fois rafra\u00eechissant et sensuel. Il se d\u00e9voile avec [&hellip;]<\/p>\n","protected":false},"featured_media":13629,"template":"","meta":{"om_disable_all_campaigns":false},"product_brand":[],"product_cat":[18,1091],"product_tag":[3251,3250,3252],"class_list":{"0":"post-13633","1":"product","2":"type-product","3":"status-publish","4":"has-post-thumbnail","6":"product_cat-beaute-sante","7":"product_cat-beaute-parfums-maroc-prix","8":"product_tag-eau-de-parfum","9":"product_tag-eau-de-parfum-maroc","10":"product_tag-parfum-au-maroc","12":"first","13":"outofstock","14":"taxable","15":"shipping-taxable","16":"purchasable","17":"product-type-simple"},"yoast_head":"<!-- This site is optimized with the Yoast SEO plugin v27.4 - https:\/\/yoast.com\/product\/yoast-seo-wordpress\/ -->\n<title>Yves Saint Laurent Y Eau de Parfum 100 ml Gift Set - Maroc Prix<\/title>\n<meta name=\"description\" content=\"Yves Saint Laurent Y Eau de Parfum 100 ml Gift Set\" \/>\n<meta name=\"robots\" content=\"index, follow, max-snippet:-1, max-image-preview:large, max-video-preview:-1\" \/>\n<link rel=\"canonical\" href=\"https:\/\/vitablanca.ma\/ar\/product-2\/yves-saint-laurent-y-eau-de-parfum-100-ml-gift-set\/\" \/>\n<meta property=\"og:locale\" content=\"ar_AR\" \/>\n<meta property=\"og:type\" content=\"article\" \/>\n<meta property=\"og:title\" content=\"Yves Saint Laurent Y Eau de Parfum 100 ml Gift Set - Maroc Prix\" \/>\n<meta property=\"og:description\" content=\"Yves Saint Laurent Y Eau de Parfum 100 ml Gift Set\" \/>\n<meta property=\"og:url\" content=\"https:\/\/vitablanca.ma\/ar\/product-2\/yves-saint-laurent-y-eau-de-parfum-100-ml-gift-set\/\" \/>\n<meta property=\"og:site_name\" content=\"Vitablanca.ma &ndash; Sant&eacute;, vitalit&eacute; et bien-&ecirc;tre pour tous les Marocains\" \/>\n<meta property=\"article:publisher\" content=\"https:\/\/www.facebook.com\/profile.php?id=61576678196717\" \/>\n<meta property=\"article:modified_time\" content=\"2026-03-15T23:14:39+00:00\" \/>\n<meta property=\"og:image\" content=\"https:\/\/vitablanca.ma\/wp-content\/uploads\/2025\/05\/YSL-Y-Eau-de-Parfum-100ml-Gift-Set.jpg\" \/>\n\t<meta property=\"og:image:width\" content=\"1024\" \/>\n\t<meta property=\"og:image:height\" content=\"1024\" \/>\n\t<meta property=\"og:image:type\" content=\"image\/jpeg\" \/>\n<meta name=\"twitter:card\" content=\"summary_large_image\" \/>\n<meta name=\"twitter:label1\" content=\"\u0648\u0642\u062a \u0627\u0644\u0642\u0631\u0627\u0621\u0629 \u0627\u0644\u0645\u064f\u0642\u062f\u0651\u0631\" \/>\n\t<meta name=\"twitter:data1\" content=\"\u062f\u0642\u064a\u0642\u0629 \u0648\u0627\u062d\u062f\u0629\" \/>\n<script type=\"application\/ld+json\" class=\"yoast-schema-graph\">{\"@context\":\"https:\\\/\\\/schema.org\",\"@graph\":[{\"@type\":[\"WebPage\",\"ItemPage\"],\"@id\":\"https:\\\/\\\/vitablanca.ma\\\/produit\\\/yves-saint-laurent-y-eau-de-parfum-100-ml-gift-set\\\/\",\"url\":\"https:\\\/\\\/vitablanca.ma\\\/produit\\\/yves-saint-laurent-y-eau-de-parfum-100-ml-gift-set\\\/\",\"name\":\"Yves Saint Laurent Y Eau de Parfum 100 ml Gift Set - Maroc Prix\",\"isPartOf\":{\"@id\":\"https:\\\/\\\/vitablanca.ma\\\/#website\"},\"primaryImageOfPage\":{\"@id\":\"https:\\\/\\\/vitablanca.ma\\\/produit\\\/yves-saint-laurent-y-eau-de-parfum-100-ml-gift-set\\\/#primaryimage\"},\"image\":{\"@id\":\"https:\\\/\\\/vitablanca.ma\\\/produit\\\/yves-saint-laurent-y-eau-de-parfum-100-ml-gift-set\\\/#primaryimage\"},\"thumbnailUrl\":\"https:\\\/\\\/vitablanca.ma\\\/wp-content\\\/uploads\\\/2025\\\/05\\\/YSL-Y-Eau-de-Parfum-100ml-Gift-Set.jpg\",\"datePublished\":\"2025-05-28T22:52:58+00:00\",\"dateModified\":\"2026-03-15T23:14:39+00:00\",\"description\":\"Yves Saint Laurent Y Eau de Parfum 100 ml Gift Set\",\"breadcrumb\":{\"@id\":\"https:\\\/\\\/vitablanca.ma\\\/produit\\\/yves-saint-laurent-y-eau-de-parfum-100-ml-gift-set\\\/#breadcrumb\"},\"inLanguage\":\"ar\",\"potentialAction\":[{\"@type\":\"ReadAction\",\"target\":[\"https:\\\/\\\/vitablanca.ma\\\/produit\\\/yves-saint-laurent-y-eau-de-parfum-100-ml-gift-set\\\/\"]}]},{\"@type\":\"ImageObject\",\"inLanguage\":\"ar\",\"@id\":\"https:\\\/\\\/vitablanca.ma\\\/produit\\\/yves-saint-laurent-y-eau-de-parfum-100-ml-gift-set\\\/#primaryimage\",\"url\":\"https:\\\/\\\/vitablanca.ma\\\/wp-content\\\/uploads\\\/2025\\\/05\\\/YSL-Y-Eau-de-Parfum-100ml-Gift-Set.jpg\",\"contentUrl\":\"https:\\\/\\\/vitablanca.ma\\\/wp-content\\\/uploads\\\/2025\\\/05\\\/YSL-Y-Eau-de-Parfum-100ml-Gift-Set.jpg\",\"width\":1024,\"height\":1024},{\"@type\":\"BreadcrumbList\",\"@id\":\"https:\\\/\\\/vitablanca.ma\\\/produit\\\/yves-saint-laurent-y-eau-de-parfum-100-ml-gift-set\\\/#breadcrumb\",\"itemListElement\":[{\"@type\":\"ListItem\",\"position\":1,\"name\":\"Home\",\"item\":\"https:\\\/\\\/vitablanca.ma\\\/\"},{\"@type\":\"ListItem\",\"position\":2,\"name\":\"Tous Les Produits\",\"item\":\"https:\\\/\\\/vitablanca.ma\\\/tous-les-produits\\\/\"},{\"@type\":\"ListItem\",\"position\":3,\"name\":\"Yves Saint Laurent Y Eau de Parfum 100 ml Gift Set\"}]},{\"@type\":\"WebSite\",\"@id\":\"https:\\\/\\\/vitablanca.ma\\\/#website\",\"url\":\"https:\\\/\\\/vitablanca.ma\\\/\",\"name\":\"VitaBlanca.ma | Compl\u00e9ments alimentaires, sant\u00e9 & beaut\u00e9 au Maroc\",\"description\":\"vendre vitamines et compl\u00e9ments premium des USA &amp; Canada, Nouvelle Z\u00e9lande,Maroc (NOW Foods, Solgar, Manuka). Livraison rapide partout au Maroc.\",\"publisher\":{\"@id\":\"https:\\\/\\\/vitablanca.ma\\\/#organization\"},\"alternateName\":\"VitaBlanca.ma\",\"potentialAction\":[{\"@type\":\"SearchAction\",\"target\":{\"@type\":\"EntryPoint\",\"urlTemplate\":\"https:\\\/\\\/vitablanca.ma\\\/?s={search_term_string}\"},\"query-input\":{\"@type\":\"PropertyValueSpecification\",\"valueRequired\":true,\"valueName\":\"search_term_string\"}}],\"inLanguage\":\"ar\"},{\"@type\":\"Organization\",\"@id\":\"https:\\\/\\\/vitablanca.ma\\\/#organization\",\"name\":\"VitaBlanca\",\"url\":\"https:\\\/\\\/vitablanca.ma\\\/\",\"logo\":{\"@type\":\"ImageObject\",\"inLanguage\":\"ar\",\"@id\":\"https:\\\/\\\/vitablanca.ma\\\/#\\\/schema\\\/logo\\\/image\\\/\",\"url\":\"https:\\\/\\\/vitablanca.ma\\\/wp-content\\\/uploads\\\/2025\\\/05\\\/cropped-vitablanca.png\",\"contentUrl\":\"https:\\\/\\\/vitablanca.ma\\\/wp-content\\\/uploads\\\/2025\\\/05\\\/cropped-vitablanca.png\",\"width\":360,\"height\":67,\"caption\":\"VitaBlanca\"},\"image\":{\"@id\":\"https:\\\/\\\/vitablanca.ma\\\/#\\\/schema\\\/logo\\\/image\\\/\"},\"sameAs\":[\"https:\\\/\\\/www.facebook.com\\\/profile.php?id=61576678196717\",\"https:\\\/\\\/www.tiktok.com\\\/@vitablanca.ma\",\"https:\\\/\\\/www.instagram.com\\\/vitablanca.ma\\\/\"]}]}<\/script>\n<!-- \/ Yoast SEO plugin. -->","yoast_head_json":{"title":"Yves Saint Laurent Y Eau de Parfum 100 ml Gift Set - Maroc Prix","description":"\u0645\u062c\u0645\u0648\u0639\u0629 \u0647\u062f\u0627\u064a\u0627 \u0625\u064a\u0641 \u0633\u0627\u0646 \u0644\u0648\u0631\u0627\u0646 \u0648\u0627\u064a \u0623\u0648 \u062f\u0648 \u0628\u0627\u0631\u0641\u0627\u0646 100 \u0645\u0644","robots":{"index":"index","follow":"follow","max-snippet":"max-snippet:-1","max-image-preview":"max-image-preview:large","max-video-preview":"max-video-preview:-1"},"canonical":"https:\/\/vitablanca.ma\/ar\/product-2\/yves-saint-laurent-y-eau-de-parfum-100-ml-gift-set\/","og_locale":"ar_AR","og_type":"article","og_title":"Yves Saint Laurent Y Eau de Parfum 100 ml Gift Set - Maroc Prix","og_description":"Yves Saint Laurent Y Eau de Parfum 100 ml Gift Set","og_url":"https:\/\/vitablanca.ma\/ar\/product-2\/yves-saint-laurent-y-eau-de-parfum-100-ml-gift-set\/","og_site_name":"Vitablanca.ma &ndash; Sant&eacute;, vitalit&eacute; et bien-&ecirc;tre pour tous les Marocains","article_publisher":"https:\/\/www.facebook.com\/profile.php?id=61576678196717","article_modified_time":"2026-03-15T23:14:39+00:00","og_image":[{"width":1024,"height":1024,"url":"https:\/\/vitablanca.ma\/wp-content\/uploads\/2025\/05\/YSL-Y-Eau-de-Parfum-100ml-Gift-Set.jpg","type":"image\/jpeg"}],"twitter_card":"summary_large_image","twitter_misc":{"\u0648\u0642\u062a \u0627\u0644\u0642\u0631\u0627\u0621\u0629 \u0627\u0644\u0645\u064f\u0642\u062f\u0651\u0631":"\u062f\u0642\u064a\u0642\u0629 \u0648\u0627\u062d\u062f\u0629"},"schema":{"@context":"https:\/\/schema.org","@graph":[{"@type":["WebPage","ItemPage"],"@id":"https:\/\/vitablanca.ma\/produit\/yves-saint-laurent-y-eau-de-parfum-100-ml-gift-set\/","url":"https:\/\/vitablanca.ma\/produit\/yves-saint-laurent-y-eau-de-parfum-100-ml-gift-set\/","name":"Yves Saint Laurent Y Eau de Parfum 100 ml Gift Set - Maroc Prix","isPartOf":{"@id":"https:\/\/vitablanca.ma\/#website"},"primaryImageOfPage":{"@id":"https:\/\/vitablanca.ma\/produit\/yves-saint-laurent-y-eau-de-parfum-100-ml-gift-set\/#primaryimage"},"image":{"@id":"https:\/\/vitablanca.ma\/produit\/yves-saint-laurent-y-eau-de-parfum-100-ml-gift-set\/#primaryimage"},"thumbnailUrl":"https:\/\/vitablanca.ma\/wp-content\/uploads\/2025\/05\/YSL-Y-Eau-de-Parfum-100ml-Gift-Set.jpg","datePublished":"2025-05-28T22:52:58+00:00","dateModified":"2026-03-15T23:14:39+00:00","description":"\u0645\u062c\u0645\u0648\u0639\u0629 \u0647\u062f\u0627\u064a\u0627 \u0625\u064a\u0641 \u0633\u0627\u0646 \u0644\u0648\u0631\u0627\u0646 \u0648\u0627\u064a \u0623\u0648 \u062f\u0648 \u0628\u0627\u0631\u0641\u0627\u0646 100 \u0645\u0644","breadcrumb":{"@id":"https:\/\/vitablanca.ma\/produit\/yves-saint-laurent-y-eau-de-parfum-100-ml-gift-set\/#breadcrumb"},"inLanguage":"ar","potentialAction":[{"@type":"ReadAction","target":["https:\/\/vitablanca.ma\/produit\/yves-saint-laurent-y-eau-de-parfum-100-ml-gift-set\/"]}]},{"@type":"ImageObject","inLanguage":"ar","@id":"https:\/\/vitablanca.ma\/produit\/yves-saint-laurent-y-eau-de-parfum-100-ml-gift-set\/#primaryimage","url":"https:\/\/vitablanca.ma\/wp-content\/uploads\/2025\/05\/YSL-Y-Eau-de-Parfum-100ml-Gift-Set.jpg","contentUrl":"https:\/\/vitablanca.ma\/wp-content\/uploads\/2025\/05\/YSL-Y-Eau-de-Parfum-100ml-Gift-Set.jpg","width":1024,"height":1024},{"@type":"BreadcrumbList","@id":"https:\/\/vitablanca.ma\/produit\/yves-saint-laurent-y-eau-de-parfum-100-ml-gift-set\/#breadcrumb","itemListElement":[{"@type":"ListItem","position":1,"name":"Home","item":"https:\/\/vitablanca.ma\/"},{"@type":"ListItem","position":2,"name":"Tous Les Produits","item":"https:\/\/vitablanca.ma\/tous-les-produits\/"},{"@type":"ListItem","position":3,"name":"Yves Saint Laurent Y Eau de Parfum 100 ml Gift Set"}]},{"@type":"WebSite","@id":"https:\/\/vitablanca.ma\/#website","url":"https:\/\/vitablanca.ma\/","name":"VitaBlanca.ma | \u0627\u0644\u0645\u0643\u0645\u0644\u0627\u062a \u0627\u0644\u063a\u0630\u0627\u0626\u064a\u0629\u060c \u0627\u0644\u0635\u062d\u0629 \u0648\u0627\u0644\u062c\u0645\u0627\u0644 \u0641\u064a \u0627\u0644\u0645\u063a\u0631\u0628","description":"\u0646\u0628\u064a\u0639 \u0641\u064a\u062a\u0627\u0645\u064a\u0646\u0627\u062a \u0648\u0645\u0643\u0645\u0644\u0627\u062a \u063a\u0630\u0627\u0626\u064a\u0629 \u0641\u0627\u062e\u0631\u0629 \u0645\u0646 \u0627\u0644\u0648\u0644\u0627\u064a\u0627\u062a \u0627\u0644\u0645\u062a\u062d\u062f\u0629 \u0627\u0644\u0623\u0645\u0631\u064a\u0643\u064a\u0629 \u0648\u0643\u0646\u062f\u0627 \u0648\u0646\u064a\u0648\u0632\u064a\u0644\u0646\u062f\u0627 \u0648\u0627\u0644\u0645\u063a\u0631\u0628 (\u0646\u0627\u0648 \u0641\u0648\u062f\u0632\u060c \u0633\u0648\u0644\u062c\u0627\u0631\u060c \u0645\u0627\u0646\u0648\u0643\u0627). \u062a\u0648\u0635\u064a\u0644 \u0633\u0631\u064a\u0639 \u0625\u0644\u0649 \u062c\u0645\u064a\u0639 \u0623\u0646\u062d\u0627\u0621 \u0627\u0644\u0645\u063a\u0631\u0628.","publisher":{"@id":"https:\/\/vitablanca.ma\/#organization"},"alternateName":"VitaBlanca.ma","potentialAction":[{"@type":"SearchAction","target":{"@type":"EntryPoint","urlTemplate":"https:\/\/vitablanca.ma\/?s={search_term_string}"},"query-input":{"@type":"PropertyValueSpecification","valueRequired":true,"valueName":"search_term_string"}}],"inLanguage":"ar"},{"@type":"Organization","@id":"https:\/\/vitablanca.ma\/#organization","name":"\u0641\u064a\u062a\u0627\u0628\u0644\u0627\u0646\u0643\u0627","url":"https:\/\/vitablanca.ma\/","logo":{"@type":"ImageObject","inLanguage":"ar","@id":"https:\/\/vitablanca.ma\/#\/schema\/logo\/image\/","url":"https:\/\/vitablanca.ma\/wp-content\/uploads\/2025\/05\/cropped-vitablanca.png","contentUrl":"https:\/\/vitablanca.ma\/wp-content\/uploads\/2025\/05\/cropped-vitablanca.png","width":360,"height":67,"caption":"VitaBlanca"},"image":{"@id":"https:\/\/vitablanca.ma\/#\/schema\/logo\/image\/"},"sameAs":["https:\/\/www.facebook.com\/profile.php?id=61576678196717","https:\/\/www.tiktok.com\/@vitablanca.ma","https:\/\/www.instagram.com\/vitablanca.ma\/"]}]}},"jetpack_sharing_enabled":true,"_links":{"self":[{"href":"https:\/\/vitablanca.ma\/ar\/wp-json\/wp\/v2\/product\/13633","targetHints":{"allow":["GET"]}}],"collection":[{"href":"https:\/\/vitablanca.ma\/ar\/wp-json\/wp\/v2\/product"}],"about":[{"href":"https:\/\/vitablanca.ma\/ar\/wp-json\/wp\/v2\/types\/product"}],"wp:featuredmedia":[{"embeddable":true,"href":"https:\/\/vitablanca.ma\/ar\/wp-json\/wp\/v2\/media\/13629"}],"wp:attachment":[{"href":"https:\/\/vitablanca.ma\/ar\/wp-json\/wp\/v2\/media?parent=13633"}],"wp:term":[{"taxonomy":"product_brand","embeddable":true,"href":"https:\/\/vitablanca.ma\/ar\/wp-json\/wp\/v2\/product_brand?post=13633"},{"taxonomy":"product_cat","embeddable":true,"href":"https:\/\/vitablanca.ma\/ar\/wp-json\/wp\/v2\/product_cat?post=13633"},{"taxonomy":"product_tag","embeddable":true,"href":"https:\/\/vitablanca.ma\/ar\/wp-json\/wp\/v2\/product_tag?post=13633"}],"curies":[{"name":"wp","href":"https:\/\/api.w.org\/{rel}","templated":true}]}}