{"id":13615,"date":"2025-05-28T22:52:31","date_gmt":"2025-05-28T22:52:31","guid":{"rendered":"https:\/\/vitablanca.ma\/product\/lancome-tresor-night-eau-de-parfum-50ml-gift-set\/"},"modified":"2026-03-15T23:14:39","modified_gmt":"2026-03-15T23:14:39","slug":"lancome-tresor-night-eau-de-parfum-50ml-gift-set","status":"publish","type":"product","link":"https:\/\/vitablanca.ma\/ar\/product-2\/lancome-tresor-night-eau-de-parfum-50ml-gift-set\/","title":{"rendered":"\u0645\u062c\u0645\u0648\u0639\u0629 \u0647\u062f\u0627\u064a\u0627 \u0644\u0627\u0646\u0643\u0648\u0645 \u062a\u0631\u064a\u0632\u0648\u0631 \u0646\u0627\u064a\u062a \u0623\u0648 \u062f\u064a \u0628\u0627\u0631\u0641\u0627\u0646 50 \u0645\u0644"},"content":{"rendered":"<p>\u0641\u064a \u0645\u0648\u0633\u0645 \u0627\u0644\u0639\u0637\u0644\u0627\u062a \u0647\u0630\u0627\u060c \u062a\u062f\u0639\u0648\u0643 \u0644\u0627\u0646\u0643\u0648\u0645 \u0644\u0627\u0643\u062a\u0634\u0627\u0641 \u0639\u0627\u0644\u0645 \u0633\u0627\u062d\u0631 \u0645\u0646 <strong>\u0643\u0646\u0632 \u0627\u0644\u0644\u064a\u0644<\/strong> \u0645\u0639 \u0639\u0644\u0628\u0629 \u0627\u0644\u0647\u062f\u0627\u064a\u0627 \u0627\u0644\u0641\u0627\u062e\u0631\u0629 \u0647\u0630\u0647\u060c \u0645\u062b\u0627\u0644\u064a\u0629 \u0644\u062a\u0642\u062f\u064a\u0645\u0647\u0627 \u0643\u0647\u062f\u064a\u0629 \u0623\u0648 \u0644\u062a\u062f\u0644\u064a\u0644 \u0646\u0641\u0633\u0643. \u0639\u0637\u0631 \u0622\u0633\u0631\u060c \u0642\u0648\u064a\u060c \u0648\u062d\u0633\u064a\u060c \u064a\u062c\u0645\u0639 \u0628\u0628\u0631\u0627\u0639\u0629 \u0628\u064a\u0646 \u0646\u0639\u0648\u0645\u0629 \u0627\u0644\u0632\u0647\u0648\u0631 \u0648\u0639\u0645\u0642 \u0627\u0644\u0646\u0641\u062d\u0627\u062a \u0627\u0644\u0634\u0631\u0642\u064a\u0629.<\/p>\n<p><strong>\u0645\u062d\u062a\u0648\u064a\u0627\u062a \u0627\u0644\u0635\u0646\u062f\u0648\u0642:<\/strong><\/p>\n<ul>\n<li>\n<strong>\u0639\u0637\u0631 \u0644\u0627 \u0646\u0648\u064a \u062a\u0631\u064a\u0632\u0648\u0631 50 \u0645\u0644<\/strong><br \/>\u0639\u0637\u0631 \u063a\u0627\u0645\u0636 \u0648\u0622\u0633\u0631\u060c \u064a\u0643\u0634\u0641 \u0639\u0646 \u0628\u0627\u0642\u0629 \u0632\u0647\u0631\u064a\u0629 \u0634\u0631\u0642\u064a\u0629 \u0622\u0633\u0631\u0629. \u0645\u0632\u064a\u062c \u0645\u0646 \u062e\u0644\u0627\u0635\u0627\u062a \u0627\u0644\u0648\u0631\u062f \u0648\u0627\u0644\u0641\u0627\u0646\u064a\u0644\u064a\u0627 \u0648\u0627\u0644\u0628\u062a\u0634\u0648\u0644\u064a \u0648\u0627\u0644\u0628\u0631\u0627\u0644\u064a\u0646\u060c \u0644\u064a\u0645\u0646\u062d\u0643 \u0631\u0627\u0626\u062d\u0629 \u062c\u0631\u064a\u0626\u0629 \u0648\u062d\u0633\u064a\u0629.<\/li>\n<\/ul>\n<p><strong>\u0627\u0644\u0647\u062f\u0627\u064a\u0627 :<\/strong><\/p>\n<ul>\n<li>\n<p><strong>\u0644\u0648\u0634\u0646 \u0627\u0644\u062c\u0633\u0645 \u0644\u0627\u0646\u0648\u064a \u062a\u0631\u064a\u0632\u0648\u0631 50 \u0645\u0644<\/strong><br \/>\u063a\u0633\u0648\u0644 \u0643\u0631\u064a\u0645\u064a \u0644\u0644\u062c\u0633\u0645 \u064a\u0631\u0637\u0628 \u0627\u0644\u0628\u0634\u0631\u0629 \u0648\u064a\u0639\u0637\u064a\u0647\u0627 \u0631\u0627\u0626\u062d\u0629 \u0639\u0637\u0631\u064a\u0629 \u0646\u0627\u0639\u0645\u0629 \u0648\u062d\u0633\u064a\u0629\u060c \u0645\u0645\u0627 \u064a\u0637\u064a\u0644 \u062a\u062c\u0631\u0628\u0629 La Nuit Tr\u00e9sor.<\/p>\n<\/li>\n<li>\n<p><strong>\u062c\u0644 \u0627\u0644\u0627\u0633\u062a\u062d\u0645\u0627\u0645 \u0644\u0627 \u0646\u0648\u064a \u062a\u0631\u064a\u0632\u0648\u0631 50 \u0645\u0644<\/strong><br \/>\u062c\u0644 \u0627\u0633\u062a\u062d\u0645\u0627\u0645 \u0644\u0637\u064a\u0641 \u064a\u0646\u0638\u0641 \u0627\u0644\u0628\u0634\u0631\u0629 \u0628\u0644\u0637\u0641 \u0628\u064a\u0646\u0645\u0627 \u064a\u063a\u0644\u0641\u0647\u0627 \u0628\u0631\u0627\u0626\u062d\u0629 La Nuit Tr\u00e9sor \u0627\u0644\u062c\u0630\u0627\u0628\u0629.<\/p>\n<\/li>\n<\/ul>\n<p>\u0633\u062a\u0645\u0646\u062d\u0643\u0650 \u0645\u062c\u0645\u0648\u0639\u0629 \u0647\u062f\u0627\u064a\u0627 \u0644\u0627 \u0646\u0648\u064a \u062a\u0631\u064a\u0632\u0648\u0631 \u0644\u062d\u0638\u0629 \u0645\u0646 \u0627\u0644\u0641\u062e\u0627\u0645\u0629 \u0648\u0627\u0644\u0625\u062b\u0627\u0631\u0629 \u0648\u0627\u0644\u0623\u0646\u0627\u0642\u0629. \u062f\u0644\u0644\u064a \u0646\u0641\u0633\u0643\u0650 \u0628\u0647\u0630\u0627 \u0627\u0644\u0639\u0637\u0631 \u0627\u0644\u0627\u0633\u062a\u062b\u0646\u0627\u0626\u064a\u060c \u0648\u0627\u062c\u0639\u0644\u064a \u0643\u0644 \u0644\u062d\u0638\u0629 \u0644\u0627 \u062a\u064f\u0646\u0633\u0649.<\/p>","protected":false},"excerpt":{"rendered":"<p>Pour cette saison des f\u00eates, Lanc\u00f4me vous invite \u00e0 d\u00e9couvrir l\u2019univers envo\u00fbtant de La Nuit Tr\u00e9sor avec ce coffret cadeau sublime, parfait pour offrir ou pour vous faire plaisir. Un parfum captivant, intense et sensuel, qui marie \u00e0 la perfection la douceur des fleurs et la profondeur des accords orientaux. Contenu du Coffret : La [&hellip;]<\/p>\n","protected":false},"featured_media":13612,"template":"","meta":{"om_disable_all_campaigns":false},"product_brand":[],"product_cat":[18,1091],"product_tag":[3251,3250,3252],"class_list":{"0":"post-13615","1":"product","2":"type-product","3":"status-publish","4":"has-post-thumbnail","6":"product_cat-beaute-sante","7":"product_cat-beaute-parfums-maroc-prix","8":"product_tag-eau-de-parfum","9":"product_tag-eau-de-parfum-maroc","10":"product_tag-parfum-au-maroc","12":"first","13":"outofstock","14":"taxable","15":"shipping-taxable","16":"purchasable","17":"product-type-simple"},"yoast_head":"<!-- This site is optimized with the Yoast SEO plugin v27.4 - https:\/\/yoast.com\/product\/yoast-seo-wordpress\/ -->\n<title>Lancome Tr\u00e9sor Night Eau de Parfum 50ml Gift Set - Maroc Prix<\/title>\n<meta name=\"description\" content=\"Lancome Tr\u00e9sor Night Eau de Parfum 50ml Gift Set\" \/>\n<meta name=\"robots\" content=\"index, follow, max-snippet:-1, max-image-preview:large, max-video-preview:-1\" \/>\n<link rel=\"canonical\" href=\"https:\/\/vitablanca.ma\/ar\/product-2\/lancome-tresor-night-eau-de-parfum-50ml-gift-set\/\" \/>\n<meta property=\"og:locale\" content=\"ar_AR\" \/>\n<meta property=\"og:type\" content=\"article\" \/>\n<meta property=\"og:title\" content=\"Lancome Tr\u00e9sor Night Eau de Parfum 50ml Gift Set - Maroc Prix\" \/>\n<meta property=\"og:description\" content=\"Lancome Tr\u00e9sor Night Eau de Parfum 50ml Gift Set\" \/>\n<meta property=\"og:url\" content=\"https:\/\/vitablanca.ma\/ar\/product-2\/lancome-tresor-night-eau-de-parfum-50ml-gift-set\/\" \/>\n<meta property=\"og:site_name\" content=\"Vitablanca.ma &ndash; Sant&eacute;, vitalit&eacute; et bien-&ecirc;tre pour tous les Marocains\" \/>\n<meta property=\"article:publisher\" content=\"https:\/\/www.facebook.com\/profile.php?id=61576678196717\" \/>\n<meta property=\"article:modified_time\" content=\"2026-03-15T23:14:39+00:00\" \/>\n<meta property=\"og:image\" content=\"https:\/\/vitablanca.ma\/wp-content\/uploads\/2025\/05\/coffret-la-nuit-tresor-love-calendar.jpg\" \/>\n\t<meta property=\"og:image:width\" content=\"800\" \/>\n\t<meta property=\"og:image:height\" content=\"800\" \/>\n\t<meta property=\"og:image:type\" content=\"image\/jpeg\" \/>\n<meta name=\"twitter:card\" content=\"summary_large_image\" \/>\n<meta name=\"twitter:label1\" content=\"\u0648\u0642\u062a \u0627\u0644\u0642\u0631\u0627\u0621\u0629 \u0627\u0644\u0645\u064f\u0642\u062f\u0651\u0631\" \/>\n\t<meta name=\"twitter:data1\" content=\"\u062f\u0642\u064a\u0642\u0629 \u0648\u0627\u062d\u062f\u0629\" \/>\n<script type=\"application\/ld+json\" class=\"yoast-schema-graph\">{\"@context\":\"https:\\\/\\\/schema.org\",\"@graph\":[{\"@type\":[\"WebPage\",\"ItemPage\"],\"@id\":\"https:\\\/\\\/vitablanca.ma\\\/produit\\\/lancome-tresor-night-eau-de-parfum-50ml-gift-set\\\/\",\"url\":\"https:\\\/\\\/vitablanca.ma\\\/produit\\\/lancome-tresor-night-eau-de-parfum-50ml-gift-set\\\/\",\"name\":\"Lancome Tr\u00e9sor Night Eau de Parfum 50ml Gift Set - Maroc Prix\",\"isPartOf\":{\"@id\":\"https:\\\/\\\/vitablanca.ma\\\/#website\"},\"primaryImageOfPage\":{\"@id\":\"https:\\\/\\\/vitablanca.ma\\\/produit\\\/lancome-tresor-night-eau-de-parfum-50ml-gift-set\\\/#primaryimage\"},\"image\":{\"@id\":\"https:\\\/\\\/vitablanca.ma\\\/produit\\\/lancome-tresor-night-eau-de-parfum-50ml-gift-set\\\/#primaryimage\"},\"thumbnailUrl\":\"https:\\\/\\\/vitablanca.ma\\\/wp-content\\\/uploads\\\/2025\\\/05\\\/coffret-la-nuit-tresor-love-calendar.jpg\",\"datePublished\":\"2025-05-28T22:52:31+00:00\",\"dateModified\":\"2026-03-15T23:14:39+00:00\",\"description\":\"Lancome Tr\u00e9sor Night Eau de Parfum 50ml Gift Set\",\"breadcrumb\":{\"@id\":\"https:\\\/\\\/vitablanca.ma\\\/produit\\\/lancome-tresor-night-eau-de-parfum-50ml-gift-set\\\/#breadcrumb\"},\"inLanguage\":\"ar\",\"potentialAction\":[{\"@type\":\"ReadAction\",\"target\":[\"https:\\\/\\\/vitablanca.ma\\\/produit\\\/lancome-tresor-night-eau-de-parfum-50ml-gift-set\\\/\"]}]},{\"@type\":\"ImageObject\",\"inLanguage\":\"ar\",\"@id\":\"https:\\\/\\\/vitablanca.ma\\\/produit\\\/lancome-tresor-night-eau-de-parfum-50ml-gift-set\\\/#primaryimage\",\"url\":\"https:\\\/\\\/vitablanca.ma\\\/wp-content\\\/uploads\\\/2025\\\/05\\\/coffret-la-nuit-tresor-love-calendar.jpg\",\"contentUrl\":\"https:\\\/\\\/vitablanca.ma\\\/wp-content\\\/uploads\\\/2025\\\/05\\\/coffret-la-nuit-tresor-love-calendar.jpg\",\"width\":800,\"height\":800},{\"@type\":\"BreadcrumbList\",\"@id\":\"https:\\\/\\\/vitablanca.ma\\\/produit\\\/lancome-tresor-night-eau-de-parfum-50ml-gift-set\\\/#breadcrumb\",\"itemListElement\":[{\"@type\":\"ListItem\",\"position\":1,\"name\":\"Home\",\"item\":\"https:\\\/\\\/vitablanca.ma\\\/\"},{\"@type\":\"ListItem\",\"position\":2,\"name\":\"Tous Les Produits\",\"item\":\"https:\\\/\\\/vitablanca.ma\\\/tous-les-produits\\\/\"},{\"@type\":\"ListItem\",\"position\":3,\"name\":\"Lancome Tr\u00e9sor Night Eau de Parfum 50ml Gift Set\"}]},{\"@type\":\"WebSite\",\"@id\":\"https:\\\/\\\/vitablanca.ma\\\/#website\",\"url\":\"https:\\\/\\\/vitablanca.ma\\\/\",\"name\":\"VitaBlanca.ma | Compl\u00e9ments alimentaires, sant\u00e9 & beaut\u00e9 au Maroc\",\"description\":\"vendre vitamines et compl\u00e9ments premium des USA &amp; Canada, Nouvelle Z\u00e9lande,Maroc (NOW Foods, Solgar, Manuka). Livraison rapide partout au Maroc.\",\"publisher\":{\"@id\":\"https:\\\/\\\/vitablanca.ma\\\/#organization\"},\"alternateName\":\"VitaBlanca.ma\",\"potentialAction\":[{\"@type\":\"SearchAction\",\"target\":{\"@type\":\"EntryPoint\",\"urlTemplate\":\"https:\\\/\\\/vitablanca.ma\\\/?s={search_term_string}\"},\"query-input\":{\"@type\":\"PropertyValueSpecification\",\"valueRequired\":true,\"valueName\":\"search_term_string\"}}],\"inLanguage\":\"ar\"},{\"@type\":\"Organization\",\"@id\":\"https:\\\/\\\/vitablanca.ma\\\/#organization\",\"name\":\"VitaBlanca\",\"url\":\"https:\\\/\\\/vitablanca.ma\\\/\",\"logo\":{\"@type\":\"ImageObject\",\"inLanguage\":\"ar\",\"@id\":\"https:\\\/\\\/vitablanca.ma\\\/#\\\/schema\\\/logo\\\/image\\\/\",\"url\":\"https:\\\/\\\/vitablanca.ma\\\/wp-content\\\/uploads\\\/2025\\\/05\\\/cropped-vitablanca.png\",\"contentUrl\":\"https:\\\/\\\/vitablanca.ma\\\/wp-content\\\/uploads\\\/2025\\\/05\\\/cropped-vitablanca.png\",\"width\":360,\"height\":67,\"caption\":\"VitaBlanca\"},\"image\":{\"@id\":\"https:\\\/\\\/vitablanca.ma\\\/#\\\/schema\\\/logo\\\/image\\\/\"},\"sameAs\":[\"https:\\\/\\\/www.facebook.com\\\/profile.php?id=61576678196717\",\"https:\\\/\\\/www.tiktok.com\\\/@vitablanca.ma\",\"https:\\\/\\\/www.instagram.com\\\/vitablanca.ma\\\/\"]}]}<\/script>\n<!-- \/ Yoast SEO plugin. -->","yoast_head_json":{"title":"\u0645\u062c\u0645\u0648\u0639\u0629 \u0647\u062f\u0627\u064a\u0627 \u0644\u0627\u0646\u0643\u0648\u0645 \u062a\u0631\u064a\u0632\u0648\u0631 \u0646\u0627\u064a\u062a \u0623\u0648 \u062f\u0648 \u0628\u0627\u0631\u0641\u0627\u0646 50 \u0645\u0644 - \u0633\u0639\u0631 \u0627\u0644\u0645\u063a\u0631\u0628","description":"\u0645\u062c\u0645\u0648\u0639\u0629 \u0647\u062f\u0627\u064a\u0627 \u0644\u0627\u0646\u0643\u0648\u0645 \u062a\u0631\u064a\u0632\u0648\u0631 \u0646\u0627\u064a\u062a \u0623\u0648 \u062f\u064a \u0628\u0627\u0631\u0641\u0627\u0646 50 \u0645\u0644","robots":{"index":"index","follow":"follow","max-snippet":"max-snippet:-1","max-image-preview":"max-image-preview:large","max-video-preview":"max-video-preview:-1"},"canonical":"https:\/\/vitablanca.ma\/ar\/product-2\/lancome-tresor-night-eau-de-parfum-50ml-gift-set\/","og_locale":"ar_AR","og_type":"article","og_title":"Lancome Tr\u00e9sor Night Eau de Parfum 50ml Gift Set - Maroc Prix","og_description":"Lancome Tr\u00e9sor Night Eau de Parfum 50ml Gift Set","og_url":"https:\/\/vitablanca.ma\/ar\/product-2\/lancome-tresor-night-eau-de-parfum-50ml-gift-set\/","og_site_name":"Vitablanca.ma &ndash; Sant&eacute;, vitalit&eacute; et bien-&ecirc;tre pour tous les Marocains","article_publisher":"https:\/\/www.facebook.com\/profile.php?id=61576678196717","article_modified_time":"2026-03-15T23:14:39+00:00","og_image":[{"width":800,"height":800,"url":"https:\/\/vitablanca.ma\/wp-content\/uploads\/2025\/05\/coffret-la-nuit-tresor-love-calendar.jpg","type":"image\/jpeg"}],"twitter_card":"summary_large_image","twitter_misc":{"\u0648\u0642\u062a \u0627\u0644\u0642\u0631\u0627\u0621\u0629 \u0627\u0644\u0645\u064f\u0642\u062f\u0651\u0631":"\u062f\u0642\u064a\u0642\u0629 \u0648\u0627\u062d\u062f\u0629"},"schema":{"@context":"https:\/\/schema.org","@graph":[{"@type":["WebPage","ItemPage"],"@id":"https:\/\/vitablanca.ma\/produit\/lancome-tresor-night-eau-de-parfum-50ml-gift-set\/","url":"https:\/\/vitablanca.ma\/produit\/lancome-tresor-night-eau-de-parfum-50ml-gift-set\/","name":"\u0645\u062c\u0645\u0648\u0639\u0629 \u0647\u062f\u0627\u064a\u0627 \u0644\u0627\u0646\u0643\u0648\u0645 \u062a\u0631\u064a\u0632\u0648\u0631 \u0646\u0627\u064a\u062a \u0623\u0648 \u062f\u0648 \u0628\u0627\u0631\u0641\u0627\u0646 50 \u0645\u0644 - \u0633\u0639\u0631 \u0627\u0644\u0645\u063a\u0631\u0628","isPartOf":{"@id":"https:\/\/vitablanca.ma\/#website"},"primaryImageOfPage":{"@id":"https:\/\/vitablanca.ma\/produit\/lancome-tresor-night-eau-de-parfum-50ml-gift-set\/#primaryimage"},"image":{"@id":"https:\/\/vitablanca.ma\/produit\/lancome-tresor-night-eau-de-parfum-50ml-gift-set\/#primaryimage"},"thumbnailUrl":"https:\/\/vitablanca.ma\/wp-content\/uploads\/2025\/05\/coffret-la-nuit-tresor-love-calendar.jpg","datePublished":"2025-05-28T22:52:31+00:00","dateModified":"2026-03-15T23:14:39+00:00","description":"\u0645\u062c\u0645\u0648\u0639\u0629 \u0647\u062f\u0627\u064a\u0627 \u0644\u0627\u0646\u0643\u0648\u0645 \u062a\u0631\u064a\u0632\u0648\u0631 \u0646\u0627\u064a\u062a \u0623\u0648 \u062f\u064a \u0628\u0627\u0631\u0641\u0627\u0646 50 \u0645\u0644","breadcrumb":{"@id":"https:\/\/vitablanca.ma\/produit\/lancome-tresor-night-eau-de-parfum-50ml-gift-set\/#breadcrumb"},"inLanguage":"ar","potentialAction":[{"@type":"ReadAction","target":["https:\/\/vitablanca.ma\/produit\/lancome-tresor-night-eau-de-parfum-50ml-gift-set\/"]}]},{"@type":"ImageObject","inLanguage":"ar","@id":"https:\/\/vitablanca.ma\/produit\/lancome-tresor-night-eau-de-parfum-50ml-gift-set\/#primaryimage","url":"https:\/\/vitablanca.ma\/wp-content\/uploads\/2025\/05\/coffret-la-nuit-tresor-love-calendar.jpg","contentUrl":"https:\/\/vitablanca.ma\/wp-content\/uploads\/2025\/05\/coffret-la-nuit-tresor-love-calendar.jpg","width":800,"height":800},{"@type":"BreadcrumbList","@id":"https:\/\/vitablanca.ma\/produit\/lancome-tresor-night-eau-de-parfum-50ml-gift-set\/#breadcrumb","itemListElement":[{"@type":"ListItem","position":1,"name":"Home","item":"https:\/\/vitablanca.ma\/"},{"@type":"ListItem","position":2,"name":"Tous Les Produits","item":"https:\/\/vitablanca.ma\/tous-les-produits\/"},{"@type":"ListItem","position":3,"name":"Lancome Tr\u00e9sor Night Eau de Parfum 50ml Gift Set"}]},{"@type":"WebSite","@id":"https:\/\/vitablanca.ma\/#website","url":"https:\/\/vitablanca.ma\/","name":"VitaBlanca.ma | \u0627\u0644\u0645\u0643\u0645\u0644\u0627\u062a \u0627\u0644\u063a\u0630\u0627\u0626\u064a\u0629\u060c \u0627\u0644\u0635\u062d\u0629 \u0648\u0627\u0644\u062c\u0645\u0627\u0644 \u0641\u064a \u0627\u0644\u0645\u063a\u0631\u0628","description":"\u0646\u0628\u064a\u0639 \u0641\u064a\u062a\u0627\u0645\u064a\u0646\u0627\u062a \u0648\u0645\u0643\u0645\u0644\u0627\u062a \u063a\u0630\u0627\u0626\u064a\u0629 \u0641\u0627\u062e\u0631\u0629 \u0645\u0646 \u0627\u0644\u0648\u0644\u0627\u064a\u0627\u062a \u0627\u0644\u0645\u062a\u062d\u062f\u0629 \u0627\u0644\u0623\u0645\u0631\u064a\u0643\u064a\u0629 \u0648\u0643\u0646\u062f\u0627 \u0648\u0646\u064a\u0648\u0632\u064a\u0644\u0646\u062f\u0627 \u0648\u0627\u0644\u0645\u063a\u0631\u0628 (\u0646\u0627\u0648 \u0641\u0648\u062f\u0632\u060c \u0633\u0648\u0644\u062c\u0627\u0631\u060c \u0645\u0627\u0646\u0648\u0643\u0627). \u062a\u0648\u0635\u064a\u0644 \u0633\u0631\u064a\u0639 \u0625\u0644\u0649 \u062c\u0645\u064a\u0639 \u0623\u0646\u062d\u0627\u0621 \u0627\u0644\u0645\u063a\u0631\u0628.","publisher":{"@id":"https:\/\/vitablanca.ma\/#organization"},"alternateName":"VitaBlanca.ma","potentialAction":[{"@type":"SearchAction","target":{"@type":"EntryPoint","urlTemplate":"https:\/\/vitablanca.ma\/?s={search_term_string}"},"query-input":{"@type":"PropertyValueSpecification","valueRequired":true,"valueName":"search_term_string"}}],"inLanguage":"ar"},{"@type":"Organization","@id":"https:\/\/vitablanca.ma\/#organization","name":"\u0641\u064a\u062a\u0627\u0628\u0644\u0627\u0646\u0643\u0627","url":"https:\/\/vitablanca.ma\/","logo":{"@type":"ImageObject","inLanguage":"ar","@id":"https:\/\/vitablanca.ma\/#\/schema\/logo\/image\/","url":"https:\/\/vitablanca.ma\/wp-content\/uploads\/2025\/05\/cropped-vitablanca.png","contentUrl":"https:\/\/vitablanca.ma\/wp-content\/uploads\/2025\/05\/cropped-vitablanca.png","width":360,"height":67,"caption":"VitaBlanca"},"image":{"@id":"https:\/\/vitablanca.ma\/#\/schema\/logo\/image\/"},"sameAs":["https:\/\/www.facebook.com\/profile.php?id=61576678196717","https:\/\/www.tiktok.com\/@vitablanca.ma","https:\/\/www.instagram.com\/vitablanca.ma\/"]}]}},"jetpack_sharing_enabled":true,"_links":{"self":[{"href":"https:\/\/vitablanca.ma\/ar\/wp-json\/wp\/v2\/product\/13615","targetHints":{"allow":["GET"]}}],"collection":[{"href":"https:\/\/vitablanca.ma\/ar\/wp-json\/wp\/v2\/product"}],"about":[{"href":"https:\/\/vitablanca.ma\/ar\/wp-json\/wp\/v2\/types\/product"}],"wp:featuredmedia":[{"embeddable":true,"href":"https:\/\/vitablanca.ma\/ar\/wp-json\/wp\/v2\/media\/13612"}],"wp:attachment":[{"href":"https:\/\/vitablanca.ma\/ar\/wp-json\/wp\/v2\/media?parent=13615"}],"wp:term":[{"taxonomy":"product_brand","embeddable":true,"href":"https:\/\/vitablanca.ma\/ar\/wp-json\/wp\/v2\/product_brand?post=13615"},{"taxonomy":"product_cat","embeddable":true,"href":"https:\/\/vitablanca.ma\/ar\/wp-json\/wp\/v2\/product_cat?post=13615"},{"taxonomy":"product_tag","embeddable":true,"href":"https:\/\/vitablanca.ma\/ar\/wp-json\/wp\/v2\/product_tag?post=13615"}],"curies":[{"name":"wp","href":"https:\/\/api.w.org\/{rel}","templated":true}]}}